{"id":33775,"date":"2026-02-19T16:41:25","date_gmt":"2026-02-19T15:41:25","guid":{"rendered":"https:\/\/rad-pal.com.pl\/sklep\/bez-kategorii\/organizer-na-dokumenty-z-4-przegrodami\/"},"modified":"2026-02-19T17:28:41","modified_gmt":"2026-02-19T16:28:41","slug":"organizer-na-dokumenty-z-4-przegrodami","status":"publish","type":"product","link":"https:\/\/rad-pal.com.pl\/en\/sklep\/firma-i-uslugi\/biuro-i-reklama\/organizacja-dokumentow\/kuwety-na-dokumenty\/organizer-na-dokumenty-z-4-przegrodami\/","title":{"rendered":"Organizer na dokumenty z 4 przegrodami"},"content":{"rendered":"<section class=\"section\">\n<div class=\"item item-12\">\n<section class=\"text-item\">\n<h1>\u2733\ufe0fZosta\u0142y ostatnie sztuki, kup, zanim zabraknie!&#8221; \u2733\ufe0f<\/h1>\n<\/section><\/div>\n<\/section>\n<section class=\"section\">\n<div class=\"item item-6\">\n<section class=\"image-item\"><img decoding=\"async\" src=\"https:\/\/upload.cdn.baselinker.com\/products\/6014502\/654b3d9e2b6df8e54f44e96644985a2a.jpg\" \/><\/section>\n<\/p><\/div>\n<div class=\"item item-6\">\n<section class=\"text-item\">\n<h2>\u2733\ufe0f\u015awietny system organizacji na biurko<\/h2>\n<ul>\n<li>\u27a1\ufe0fsegregator list\u00f3w idealny do biura i biura domowego<\/li>\n<li>\u27a1\ufe0fdobra organizacja miejsca na 4 przegrodach<\/li>\n<li>\u27a1\ufe0forganizacja dokument\u00f3w, list\u00f3w, zeszyt\u00f3w itp.<\/li>\n<li>\u27a1\ufe0fwyci\u0119cie na uchwyt u\u0142atwiaj\u0105ce obs\u0142ug\u0119<\/li>\n<li>\u27a1\ufe0fg\u00f3rny poziom jest idealny do przechowywania dekoracji<\/li>\n<\/ul>\n<\/section><\/div>\n<\/section>\n<section class=\"section\">\n<div class=\"item item-12\">\n<section class=\"text-item\">\n<p>\u2733\ufe0fStylowy podajnik papieru do codziennego u\u017cytku<\/p>\n<p>Nasz praktyczny stojak z drewna bambusowego to idealne miejsce na przechowywanie wa\u017cnych dokument\u00f3w, list\u00f3w i rachunk\u00f3w. Dzi\u0119ki tej kolumnie tacek Twoje dokumenty s\u0105 przejrzy\u015bcie zorganizowane, a na biurku zawsze panuje porz\u0105dek. Nowoczesny segregator posiada 4 komory. W przegrodach mo\u017cna umie\u015bci\u0107 wszystko do formatu A4. G\u00f3rna p\u00f3\u0142ka jest r\u00f3wnie\u017c idealna na przedmioty dekoracyjne. Dzi\u0119ki otwartej konstrukcji Twoje rzeczy s\u0105 zawsze pod r\u0119k\u0105.<\/p>\n<\/section><\/div>\n<\/section>\n<section class=\"section\">\n<div class=\"item item-12\">\n<section class=\"text-item\">\n<p>7<\/p>\n<\/section><\/div>\n<\/section>","protected":false},"excerpt":{"rendered":"<p>\u2733\ufe0fZosta\u0142y ostatnie sztuki, kup, zanim zabraknie!&#8221; \u2733\ufe0f \u2733\ufe0f\u015awietny system organizacji na biurko \u27a1\ufe0fsegregator list\u00f3w idealny do biura i biura domowego<\/p>","protected":false},"featured_media":33768,"template":"","meta":[],"product_brand":[],"product_cat":[127,126,472,156],"product_tag":[],"class_list":{"0":"post-33775","1":"product","2":"type-product","3":"status-publish","4":"has-post-thumbnail","6":"product_cat-biuro-i-reklama","7":"product_cat-firma-i-uslugi","8":"product_cat-kuwety-na-dokumenty","9":"product_cat-organizacja-dokumentow","11":"first","12":"instock","13":"taxable","14":"shipping-taxable","15":"purchasable","16":"product-type-simple"},"yoast_head":"<!-- This site is optimized with the Yoast SEO plugin v25.7 - https:\/\/yoast.com\/wordpress\/plugins\/seo\/ -->\n<title>Organizer na dokumenty z 4 przegrodami - Rad-Pal<\/title>\n<meta name=\"robots\" content=\"index, follow, max-snippet:-1, max-image-preview:large, max-video-preview:-1\" \/>\n<link rel=\"canonical\" href=\"https:\/\/rad-pal.com.pl\/en\/sklep\/bez-kategorii\/organizer-na-dokumenty-z-4-przegrodami\/\" \/>\n<meta property=\"og:locale\" content=\"en_GB\" \/>\n<meta property=\"og:type\" content=\"article\" \/>\n<meta property=\"og:title\" content=\"Organizer na dokumenty z 4 przegrodami - Rad-Pal\" \/>\n<meta property=\"og:description\" content=\"\u2733\ufe0fZosta\u0142y ostatnie sztuki, kup, zanim zabraknie!&#8221; \u2733\ufe0f \u2733\ufe0f\u015awietny system organizacji na biurko \u27a1\ufe0fsegregator list\u00f3w idealny do biura i biura domowego\" \/>\n<meta property=\"og:url\" content=\"https:\/\/rad-pal.com.pl\/en\/sklep\/bez-kategorii\/organizer-na-dokumenty-z-4-przegrodami\/\" \/>\n<meta property=\"og:site_name\" content=\"Rad-Pal\" \/>\n<meta property=\"article:modified_time\" content=\"2026-02-19T16:28:41+00:00\" \/>\n<meta property=\"og:image\" content=\"https:\/\/upload.cdn.baselinker.com\/products\/6014502\/654b3d9e2b6df8e54f44e96644985a2a.jpg\" \/>\n<meta name=\"twitter:card\" content=\"summary_large_image\" \/>\n<meta name=\"twitter:label1\" content=\"Estimated reading time\" \/>\n\t<meta name=\"twitter:data1\" content=\"1 minute\" \/>\n<script type=\"application\/ld+json\" class=\"yoast-schema-graph\">{\"@context\":\"https:\/\/schema.org\",\"@graph\":[{\"@type\":\"WebPage\",\"@id\":\"https:\/\/rad-pal.com.pl\/sklep\/bez-kategorii\/organizer-na-dokumenty-z-4-przegrodami\/\",\"url\":\"https:\/\/rad-pal.com.pl\/sklep\/bez-kategorii\/organizer-na-dokumenty-z-4-przegrodami\/\",\"name\":\"Organizer na dokumenty z 4 przegrodami - Rad-Pal\",\"isPartOf\":{\"@id\":\"https:\/\/rad-pal.com.pl\/#website\"},\"primaryImageOfPage\":{\"@id\":\"https:\/\/rad-pal.com.pl\/sklep\/bez-kategorii\/organizer-na-dokumenty-z-4-przegrodami\/#primaryimage\"},\"image\":{\"@id\":\"https:\/\/rad-pal.com.pl\/sklep\/bez-kategorii\/organizer-na-dokumenty-z-4-przegrodami\/#primaryimage\"},\"thumbnailUrl\":\"https:\/\/rad-pal.com.pl\/wp-content\/uploads\/2026\/02\/654b3d9e2b6df8e54f44e96644985a2a.jpg\",\"datePublished\":\"2026-02-19T15:41:25+00:00\",\"dateModified\":\"2026-02-19T16:28:41+00:00\",\"breadcrumb\":{\"@id\":\"https:\/\/rad-pal.com.pl\/sklep\/bez-kategorii\/organizer-na-dokumenty-z-4-przegrodami\/#breadcrumb\"},\"inLanguage\":\"en-GB\",\"potentialAction\":[{\"@type\":\"ReadAction\",\"target\":[\"https:\/\/rad-pal.com.pl\/sklep\/bez-kategorii\/organizer-na-dokumenty-z-4-przegrodami\/\"]}]},{\"@type\":\"ImageObject\",\"inLanguage\":\"en-GB\",\"@id\":\"https:\/\/rad-pal.com.pl\/sklep\/bez-kategorii\/organizer-na-dokumenty-z-4-przegrodami\/#primaryimage\",\"url\":\"https:\/\/rad-pal.com.pl\/wp-content\/uploads\/2026\/02\/654b3d9e2b6df8e54f44e96644985a2a.jpg\",\"contentUrl\":\"https:\/\/rad-pal.com.pl\/wp-content\/uploads\/2026\/02\/654b3d9e2b6df8e54f44e96644985a2a.jpg\",\"width\":681,\"height\":681,\"caption\":\"8cd7b0a18a18e493376b0c29bf3c2184\"},{\"@type\":\"BreadcrumbList\",\"@id\":\"https:\/\/rad-pal.com.pl\/sklep\/bez-kategorii\/organizer-na-dokumenty-z-4-przegrodami\/#breadcrumb\",\"itemListElement\":[{\"@type\":\"ListItem\",\"position\":1,\"name\":\"Strona g\u0142\u00f3wna\",\"item\":\"https:\/\/rad-pal.com.pl\/\"},{\"@type\":\"ListItem\",\"position\":2,\"name\":\"Sklep\",\"item\":\"https:\/\/rad-pal.com.pl\/sklep\/\"},{\"@type\":\"ListItem\",\"position\":3,\"name\":\"Organizer na dokumenty z 4 przegrodami\"}]},{\"@type\":\"WebSite\",\"@id\":\"https:\/\/rad-pal.com.pl\/#website\",\"url\":\"https:\/\/rad-pal.com.pl\/\",\"name\":\"Rad-Pal\",\"description\":\"\",\"publisher\":{\"@id\":\"https:\/\/rad-pal.com.pl\/#organization\"},\"potentialAction\":[{\"@type\":\"SearchAction\",\"target\":{\"@type\":\"EntryPoint\",\"urlTemplate\":\"https:\/\/rad-pal.com.pl\/?s={search_term_string}\"},\"query-input\":{\"@type\":\"PropertyValueSpecification\",\"valueRequired\":true,\"valueName\":\"search_term_string\"}}],\"inLanguage\":\"en-GB\"},{\"@type\":\"Organization\",\"@id\":\"https:\/\/rad-pal.com.pl\/#organization\",\"name\":\"Rad-Pal\",\"url\":\"https:\/\/rad-pal.com.pl\/\",\"logo\":{\"@type\":\"ImageObject\",\"inLanguage\":\"en-GB\",\"@id\":\"https:\/\/rad-pal.com.pl\/#\/schema\/logo\/image\/\",\"url\":\"https:\/\/rad-pal.com.pl\/wp-content\/uploads\/2026\/03\/Projekt-bez-nazwy-30.webp\",\"contentUrl\":\"https:\/\/rad-pal.com.pl\/wp-content\/uploads\/2026\/03\/Projekt-bez-nazwy-30.webp\",\"width\":600,\"height\":210,\"caption\":\"Rad-Pal\"},\"image\":{\"@id\":\"https:\/\/rad-pal.com.pl\/#\/schema\/logo\/image\/\"}}]}<\/script>\n<!-- \/ Yoast SEO plugin. -->","yoast_head_json":{"title":"Organizer na dokumenty z 4 przegrodami - Rad-Pal","robots":{"index":"index","follow":"follow","max-snippet":"max-snippet:-1","max-image-preview":"max-image-preview:large","max-video-preview":"max-video-preview:-1"},"canonical":"https:\/\/rad-pal.com.pl\/en\/sklep\/bez-kategorii\/organizer-na-dokumenty-z-4-przegrodami\/","og_locale":"en_GB","og_type":"article","og_title":"Organizer na dokumenty z 4 przegrodami - Rad-Pal","og_description":"\u2733\ufe0fZosta\u0142y ostatnie sztuki, kup, zanim zabraknie!&#8221; \u2733\ufe0f \u2733\ufe0f\u015awietny system organizacji na biurko \u27a1\ufe0fsegregator list\u00f3w idealny do biura i biura domowego","og_url":"https:\/\/rad-pal.com.pl\/en\/sklep\/bez-kategorii\/organizer-na-dokumenty-z-4-przegrodami\/","og_site_name":"Rad-Pal","article_modified_time":"2026-02-19T16:28:41+00:00","og_image":[{"url":"https:\/\/upload.cdn.baselinker.com\/products\/6014502\/654b3d9e2b6df8e54f44e96644985a2a.jpg","type":"","width":"","height":""}],"twitter_card":"summary_large_image","twitter_misc":{"Estimated reading time":"1 minute"},"schema":{"@context":"https:\/\/schema.org","@graph":[{"@type":"WebPage","@id":"https:\/\/rad-pal.com.pl\/sklep\/bez-kategorii\/organizer-na-dokumenty-z-4-przegrodami\/","url":"https:\/\/rad-pal.com.pl\/sklep\/bez-kategorii\/organizer-na-dokumenty-z-4-przegrodami\/","name":"Organizer na dokumenty z 4 przegrodami - Rad-Pal","isPartOf":{"@id":"https:\/\/rad-pal.com.pl\/#website"},"primaryImageOfPage":{"@id":"https:\/\/rad-pal.com.pl\/sklep\/bez-kategorii\/organizer-na-dokumenty-z-4-przegrodami\/#primaryimage"},"image":{"@id":"https:\/\/rad-pal.com.pl\/sklep\/bez-kategorii\/organizer-na-dokumenty-z-4-przegrodami\/#primaryimage"},"thumbnailUrl":"https:\/\/rad-pal.com.pl\/wp-content\/uploads\/2026\/02\/654b3d9e2b6df8e54f44e96644985a2a.jpg","datePublished":"2026-02-19T15:41:25+00:00","dateModified":"2026-02-19T16:28:41+00:00","breadcrumb":{"@id":"https:\/\/rad-pal.com.pl\/sklep\/bez-kategorii\/organizer-na-dokumenty-z-4-przegrodami\/#breadcrumb"},"inLanguage":"en-GB","potentialAction":[{"@type":"ReadAction","target":["https:\/\/rad-pal.com.pl\/sklep\/bez-kategorii\/organizer-na-dokumenty-z-4-przegrodami\/"]}]},{"@type":"ImageObject","inLanguage":"en-GB","@id":"https:\/\/rad-pal.com.pl\/sklep\/bez-kategorii\/organizer-na-dokumenty-z-4-przegrodami\/#primaryimage","url":"https:\/\/rad-pal.com.pl\/wp-content\/uploads\/2026\/02\/654b3d9e2b6df8e54f44e96644985a2a.jpg","contentUrl":"https:\/\/rad-pal.com.pl\/wp-content\/uploads\/2026\/02\/654b3d9e2b6df8e54f44e96644985a2a.jpg","width":681,"height":681,"caption":"8cd7b0a18a18e493376b0c29bf3c2184"},{"@type":"BreadcrumbList","@id":"https:\/\/rad-pal.com.pl\/sklep\/bez-kategorii\/organizer-na-dokumenty-z-4-przegrodami\/#breadcrumb","itemListElement":[{"@type":"ListItem","position":1,"name":"Strona g\u0142\u00f3wna","item":"https:\/\/rad-pal.com.pl\/"},{"@type":"ListItem","position":2,"name":"Sklep","item":"https:\/\/rad-pal.com.pl\/sklep\/"},{"@type":"ListItem","position":3,"name":"Organizer na dokumenty z 4 przegrodami"}]},{"@type":"WebSite","@id":"https:\/\/rad-pal.com.pl\/#website","url":"https:\/\/rad-pal.com.pl\/","name":"Rad-Pal","description":"","publisher":{"@id":"https:\/\/rad-pal.com.pl\/#organization"},"potentialAction":[{"@type":"SearchAction","target":{"@type":"EntryPoint","urlTemplate":"https:\/\/rad-pal.com.pl\/?s={search_term_string}"},"query-input":{"@type":"PropertyValueSpecification","valueRequired":true,"valueName":"search_term_string"}}],"inLanguage":"en-GB"},{"@type":"Organization","@id":"https:\/\/rad-pal.com.pl\/#organization","name":"Rad-Pal","url":"https:\/\/rad-pal.com.pl\/","logo":{"@type":"ImageObject","inLanguage":"en-GB","@id":"https:\/\/rad-pal.com.pl\/#\/schema\/logo\/image\/","url":"https:\/\/rad-pal.com.pl\/wp-content\/uploads\/2026\/03\/Projekt-bez-nazwy-30.webp","contentUrl":"https:\/\/rad-pal.com.pl\/wp-content\/uploads\/2026\/03\/Projekt-bez-nazwy-30.webp","width":600,"height":210,"caption":"Rad-Pal"},"image":{"@id":"https:\/\/rad-pal.com.pl\/#\/schema\/logo\/image\/"}}]}},"_links":{"self":[{"href":"https:\/\/rad-pal.com.pl\/en\/wp-json\/wp\/v2\/product\/33775","targetHints":{"allow":["GET"]}}],"collection":[{"href":"https:\/\/rad-pal.com.pl\/en\/wp-json\/wp\/v2\/product"}],"about":[{"href":"https:\/\/rad-pal.com.pl\/en\/wp-json\/wp\/v2\/types\/product"}],"version-history":[{"count":0,"href":"https:\/\/rad-pal.com.pl\/en\/wp-json\/wp\/v2\/product\/33775\/revisions"}],"wp:featuredmedia":[{"embeddable":true,"href":"https:\/\/rad-pal.com.pl\/en\/wp-json\/wp\/v2\/media\/33768"}],"wp:attachment":[{"href":"https:\/\/rad-pal.com.pl\/en\/wp-json\/wp\/v2\/media?parent=33775"}],"wp:term":[{"taxonomy":"product_brand","embeddable":true,"href":"https:\/\/rad-pal.com.pl\/en\/wp-json\/wp\/v2\/product_brand?post=33775"},{"taxonomy":"product_cat","embeddable":true,"href":"https:\/\/rad-pal.com.pl\/en\/wp-json\/wp\/v2\/product_cat?post=33775"},{"taxonomy":"product_tag","embeddable":true,"href":"https:\/\/rad-pal.com.pl\/en\/wp-json\/wp\/v2\/product_tag?post=33775"}],"curies":[{"name":"wp","href":"https:\/\/api.w.org\/{rel}","templated":true}]}}