{"id":33855,"date":"2026-02-19T16:45:17","date_gmt":"2026-02-19T15:45:17","guid":{"rendered":"https:\/\/rad-pal.com.pl\/sklep\/bez-kategorii\/pojemjik-organizer-sloiki-na-slodycze-15-l-zestaw-6-sztuk\/"},"modified":"2026-02-19T17:29:25","modified_gmt":"2026-02-19T16:29:25","slug":"pojemjik-organizer-sloiki-na-slodycze-15-l-zestaw-6-sztuk","status":"publish","type":"product","link":"https:\/\/rad-pal.com.pl\/en\/sklep\/dom-i-ogrod\/wyposazenie\/pojemniki-na-zywnosc\/pojemniki\/pojemjik-organizer-sloiki-na-slodycze-15-l-zestaw-6-sztuk\/","title":{"rendered":"Pojemjik organizer s\u0142oiki na s\u0142odycze 1,5 L zestaw 6 sztuk"},"content":{"rendered":"<section class=\"section\">\n<div class=\"item item-12\">\n<section class=\"text-item\">\n<h1>\u2733\ufe0fLICZBA SZTUK OGRANICZONA \u2733\ufe0f<\/h1>\n<\/section><\/div>\n<\/section>\n<section class=\"section\">\n<div class=\"item item-12\">\n<section class=\"text-item\">\n<h2>\u2733\ufe0fOkr\u0105g\u0142e szklane s\u0142oiki na s\u0142odycze<\/h2>\n<p>Dzi\u0119ki tym eleganckim szklanym pojemnikom stworzysz stylowe akcenty na blacie kuchennym lub w kawiarni. Wype\u0142nione cukierkami, konfektami, \u017celkami owocowymi i innymi smako\u0142ykami, s\u0142oiki na s\u0142odycze b\u0119d\u0105 kolorowym elementem dekoracyjnym. Pokrywka ze stali nierdzewnej szczelnie zamyka pojemnik, co pozwala d\u0142u\u017cej zachowa\u0107 \u015bwie\u017co\u015b\u0107 zawarto\u015bci. Oczywi\u015bcie, s\u0142oiki doskonale nadaj\u0105 si\u0119 r\u00f3wnie\u017c do przechowywania innych produkt\u00f3w, takich jak makarony, musli, soczewica i inne.<\/p>\n<h2>\u2733\ufe0fPojemnik na s\u0142odycze z pokrywk\u0105 ze stali nierdzewnej<\/h2>\n<ul>\n<li>\u27a1\ufe0fPraktyczny zestaw 6 sztuk &#8211; przyci\u0105ga wzrok<\/li>\n<li>\u27a1\ufe0fPrzechowywanie r\u00f3\u017cnych s\u0142odyczy<\/li>\n<li>\u27a1\ufe0fR\u00f3wnie\u017c na makaron, soczewic\u0119, musli i inne<\/li>\n<li>\u27a1\ufe0fSzczelne dzi\u0119ki pokrywce z plastikowym gwintem<\/li>\n<li>\u27a1\ufe0fOszcz\u0119dno\u015b\u0107 miejsca i przejrzysta organizacja przechowywania<\/li>\n<li>\u27a1\ufe0fMyj s\u0142oiki w zmywarce, pokrywki czy\u015b\u0107 r\u0119cznie<\/li>\n<\/ul>\n<\/section><\/div>\n<\/section>\n<section class=\"section\">\n<div class=\"item item-12\">\n<section class=\"text-item\">\n<h2>\u2733\ufe0fS\u0142oiki na cukierki w szczeg\u00f3\u0142ach<\/h2>\n<ul>\n<li>\u27a1\ufe0fWymiary pionowe (pokrywa na g\u00f3rze) wys. x szer. x d\u0142.: ok. 16 x 16 x 11 cm<\/li>\n<li>\u27a1\ufe0fWymiary poziome (pokrywa z przodu) wys. x szer. x d\u0142.: ok. 15,5 x 11 x 17 cm<\/li>\n<li>\u27a1\ufe0f\u00d8 otworu: ok. 8 cm<\/li>\n<li>\u27a1\ufe0fPojemno\u015b\u0107: ok. 1,5 l<\/li>\n<li>\u27a1\ufe0fWaga s\u0142oika: ok. 600 g<\/li>\n<li>\u27a1\ufe0fMateria\u0142: szk\u0142o, stal nierdzewna, PP<\/li>\n<li>\u27a1\ufe0fKolor: przezroczysty, srebrny<\/li>\n<\/ul>\n<ul>\n<li>\u27a1\ufe0f6x cukiernica<\/li>\n<li>\u27a1\ufe0fbez dekoracji<\/li>\n<\/ul>\n<h2>\u2733\ufe0fSk\u0142ad Materia\u0142u<\/h2>\n<ul>\n<li>\u27a1\ufe0f80% szk\u0142o<\/li>\n<li>\u27a1\ufe0f10% stal nierdzewna<\/li>\n<li>\u27a1\ufe0f10% tworzywo sztuczne<\/li>\n<\/ul>\n<\/section><\/div>\n<\/section>\n<section class=\"section\">\n<div class=\"item item-12\">\n<section class=\"image-item\"><img decoding=\"async\" src=\"https:\/\/upload.cdn.baselinker.com\/products\/6014502\/38bb406d1f660de24ad9ec68b41ff51d.jpg\" \/><\/section>\n<\/p><\/div>\n<\/section>\n<section class=\"section\">\n<div class=\"item item-12\">\n<section class=\"text-item\">\n<p>11<\/p>\n<\/section><\/div>\n<\/section>","protected":false},"excerpt":{"rendered":"<p>\u2733\ufe0fLICZBA SZTUK OGRANICZONA \u2733\ufe0f \u2733\ufe0fOkr\u0105g\u0142e szklane s\u0142oiki na s\u0142odycze Dzi\u0119ki tym eleganckim szklanym pojemnikom stworzysz stylowe akcenty na blacie kuchennym<\/p>","protected":false},"featured_media":33851,"template":"","meta":[],"product_brand":[],"product_cat":[86,141,140,87],"product_tag":[],"class_list":{"0":"post-33855","1":"product","2":"type-product","3":"status-publish","4":"has-post-thumbnail","6":"product_cat-dom-i-ogrod","7":"product_cat-pojemniki","8":"product_cat-pojemniki-na-zywnosc","9":"product_cat-wyposazenie","11":"first","12":"instock","13":"taxable","14":"shipping-taxable","15":"purchasable","16":"product-type-simple"},"yoast_head":"<!-- This site is optimized with the Yoast SEO plugin v25.7 - https:\/\/yoast.com\/wordpress\/plugins\/seo\/ -->\n<title>Pojemjik organizer s\u0142oiki na s\u0142odycze 1,5 L zestaw 6 sztuk - Rad-Pal<\/title>\n<meta name=\"robots\" content=\"index, follow, max-snippet:-1, max-image-preview:large, max-video-preview:-1\" \/>\n<link rel=\"canonical\" href=\"https:\/\/rad-pal.com.pl\/en\/sklep\/bez-kategorii\/pojemjik-organizer-sloiki-na-slodycze-15-l-zestaw-6-sztuk\/\" \/>\n<meta property=\"og:locale\" content=\"en_GB\" \/>\n<meta property=\"og:type\" content=\"article\" \/>\n<meta property=\"og:title\" content=\"Pojemjik organizer s\u0142oiki na s\u0142odycze 1,5 L zestaw 6 sztuk - Rad-Pal\" \/>\n<meta property=\"og:description\" content=\"\u2733\ufe0fLICZBA SZTUK OGRANICZONA \u2733\ufe0f \u2733\ufe0fOkr\u0105g\u0142e szklane s\u0142oiki na s\u0142odycze Dzi\u0119ki tym eleganckim szklanym pojemnikom stworzysz stylowe akcenty na blacie kuchennym\" \/>\n<meta property=\"og:url\" content=\"https:\/\/rad-pal.com.pl\/en\/sklep\/bez-kategorii\/pojemjik-organizer-sloiki-na-slodycze-15-l-zestaw-6-sztuk\/\" \/>\n<meta property=\"og:site_name\" content=\"Rad-Pal\" \/>\n<meta property=\"article:modified_time\" content=\"2026-02-19T16:29:25+00:00\" \/>\n<meta property=\"og:image\" content=\"https:\/\/upload.cdn.baselinker.com\/products\/6014502\/38bb406d1f660de24ad9ec68b41ff51d.jpg\" \/>\n<meta name=\"twitter:card\" content=\"summary_large_image\" \/>\n<meta name=\"twitter:label1\" content=\"Estimated reading time\" \/>\n\t<meta name=\"twitter:data1\" content=\"1 minute\" \/>\n<script type=\"application\/ld+json\" class=\"yoast-schema-graph\">{\"@context\":\"https:\/\/schema.org\",\"@graph\":[{\"@type\":\"WebPage\",\"@id\":\"https:\/\/rad-pal.com.pl\/sklep\/bez-kategorii\/pojemjik-organizer-sloiki-na-slodycze-15-l-zestaw-6-sztuk\/\",\"url\":\"https:\/\/rad-pal.com.pl\/sklep\/bez-kategorii\/pojemjik-organizer-sloiki-na-slodycze-15-l-zestaw-6-sztuk\/\",\"name\":\"Pojemjik organizer s\u0142oiki na s\u0142odycze 1,5 L zestaw 6 sztuk - Rad-Pal\",\"isPartOf\":{\"@id\":\"https:\/\/rad-pal.com.pl\/#website\"},\"primaryImageOfPage\":{\"@id\":\"https:\/\/rad-pal.com.pl\/sklep\/bez-kategorii\/pojemjik-organizer-sloiki-na-slodycze-15-l-zestaw-6-sztuk\/#primaryimage\"},\"image\":{\"@id\":\"https:\/\/rad-pal.com.pl\/sklep\/bez-kategorii\/pojemjik-organizer-sloiki-na-slodycze-15-l-zestaw-6-sztuk\/#primaryimage\"},\"thumbnailUrl\":\"https:\/\/rad-pal.com.pl\/wp-content\/uploads\/2026\/02\/38bb406d1f660de24ad9ec68b41ff51d.jpg\",\"datePublished\":\"2026-02-19T15:45:17+00:00\",\"dateModified\":\"2026-02-19T16:29:25+00:00\",\"breadcrumb\":{\"@id\":\"https:\/\/rad-pal.com.pl\/sklep\/bez-kategorii\/pojemjik-organizer-sloiki-na-slodycze-15-l-zestaw-6-sztuk\/#breadcrumb\"},\"inLanguage\":\"en-GB\",\"potentialAction\":[{\"@type\":\"ReadAction\",\"target\":[\"https:\/\/rad-pal.com.pl\/sklep\/bez-kategorii\/pojemjik-organizer-sloiki-na-slodycze-15-l-zestaw-6-sztuk\/\"]}]},{\"@type\":\"ImageObject\",\"inLanguage\":\"en-GB\",\"@id\":\"https:\/\/rad-pal.com.pl\/sklep\/bez-kategorii\/pojemjik-organizer-sloiki-na-slodycze-15-l-zestaw-6-sztuk\/#primaryimage\",\"url\":\"https:\/\/rad-pal.com.pl\/wp-content\/uploads\/2026\/02\/38bb406d1f660de24ad9ec68b41ff51d.jpg\",\"contentUrl\":\"https:\/\/rad-pal.com.pl\/wp-content\/uploads\/2026\/02\/38bb406d1f660de24ad9ec68b41ff51d.jpg\",\"width\":681,\"height\":681,\"caption\":\"fa7d40a8973c1e73450b9cf4072898d7\"},{\"@type\":\"BreadcrumbList\",\"@id\":\"https:\/\/rad-pal.com.pl\/sklep\/bez-kategorii\/pojemjik-organizer-sloiki-na-slodycze-15-l-zestaw-6-sztuk\/#breadcrumb\",\"itemListElement\":[{\"@type\":\"ListItem\",\"position\":1,\"name\":\"Strona g\u0142\u00f3wna\",\"item\":\"https:\/\/rad-pal.com.pl\/\"},{\"@type\":\"ListItem\",\"position\":2,\"name\":\"Sklep\",\"item\":\"https:\/\/rad-pal.com.pl\/sklep\/\"},{\"@type\":\"ListItem\",\"position\":3,\"name\":\"Pojemjik organizer s\u0142oiki na s\u0142odycze 1,5 L zestaw 6 sztuk\"}]},{\"@type\":\"WebSite\",\"@id\":\"https:\/\/rad-pal.com.pl\/#website\",\"url\":\"https:\/\/rad-pal.com.pl\/\",\"name\":\"Rad-Pal\",\"description\":\"\",\"publisher\":{\"@id\":\"https:\/\/rad-pal.com.pl\/#organization\"},\"potentialAction\":[{\"@type\":\"SearchAction\",\"target\":{\"@type\":\"EntryPoint\",\"urlTemplate\":\"https:\/\/rad-pal.com.pl\/?s={search_term_string}\"},\"query-input\":{\"@type\":\"PropertyValueSpecification\",\"valueRequired\":true,\"valueName\":\"search_term_string\"}}],\"inLanguage\":\"en-GB\"},{\"@type\":\"Organization\",\"@id\":\"https:\/\/rad-pal.com.pl\/#organization\",\"name\":\"Rad-Pal\",\"url\":\"https:\/\/rad-pal.com.pl\/\",\"logo\":{\"@type\":\"ImageObject\",\"inLanguage\":\"en-GB\",\"@id\":\"https:\/\/rad-pal.com.pl\/#\/schema\/logo\/image\/\",\"url\":\"https:\/\/rad-pal.com.pl\/wp-content\/uploads\/2026\/03\/Projekt-bez-nazwy-30.webp\",\"contentUrl\":\"https:\/\/rad-pal.com.pl\/wp-content\/uploads\/2026\/03\/Projekt-bez-nazwy-30.webp\",\"width\":600,\"height\":210,\"caption\":\"Rad-Pal\"},\"image\":{\"@id\":\"https:\/\/rad-pal.com.pl\/#\/schema\/logo\/image\/\"}}]}<\/script>\n<!-- \/ Yoast SEO plugin. -->","yoast_head_json":{"title":"Pojemjik organizer s\u0142oiki na s\u0142odycze 1,5 L zestaw 6 sztuk - Rad-Pal","robots":{"index":"index","follow":"follow","max-snippet":"max-snippet:-1","max-image-preview":"max-image-preview:large","max-video-preview":"max-video-preview:-1"},"canonical":"https:\/\/rad-pal.com.pl\/en\/sklep\/bez-kategorii\/pojemjik-organizer-sloiki-na-slodycze-15-l-zestaw-6-sztuk\/","og_locale":"en_GB","og_type":"article","og_title":"Pojemjik organizer s\u0142oiki na s\u0142odycze 1,5 L zestaw 6 sztuk - Rad-Pal","og_description":"\u2733\ufe0fLICZBA SZTUK OGRANICZONA \u2733\ufe0f \u2733\ufe0fOkr\u0105g\u0142e szklane s\u0142oiki na s\u0142odycze Dzi\u0119ki tym eleganckim szklanym pojemnikom stworzysz stylowe akcenty na blacie kuchennym","og_url":"https:\/\/rad-pal.com.pl\/en\/sklep\/bez-kategorii\/pojemjik-organizer-sloiki-na-slodycze-15-l-zestaw-6-sztuk\/","og_site_name":"Rad-Pal","article_modified_time":"2026-02-19T16:29:25+00:00","og_image":[{"url":"https:\/\/upload.cdn.baselinker.com\/products\/6014502\/38bb406d1f660de24ad9ec68b41ff51d.jpg","type":"","width":"","height":""}],"twitter_card":"summary_large_image","twitter_misc":{"Estimated reading time":"1 minute"},"schema":{"@context":"https:\/\/schema.org","@graph":[{"@type":"WebPage","@id":"https:\/\/rad-pal.com.pl\/sklep\/bez-kategorii\/pojemjik-organizer-sloiki-na-slodycze-15-l-zestaw-6-sztuk\/","url":"https:\/\/rad-pal.com.pl\/sklep\/bez-kategorii\/pojemjik-organizer-sloiki-na-slodycze-15-l-zestaw-6-sztuk\/","name":"Pojemjik organizer s\u0142oiki na s\u0142odycze 1,5 L zestaw 6 sztuk - Rad-Pal","isPartOf":{"@id":"https:\/\/rad-pal.com.pl\/#website"},"primaryImageOfPage":{"@id":"https:\/\/rad-pal.com.pl\/sklep\/bez-kategorii\/pojemjik-organizer-sloiki-na-slodycze-15-l-zestaw-6-sztuk\/#primaryimage"},"image":{"@id":"https:\/\/rad-pal.com.pl\/sklep\/bez-kategorii\/pojemjik-organizer-sloiki-na-slodycze-15-l-zestaw-6-sztuk\/#primaryimage"},"thumbnailUrl":"https:\/\/rad-pal.com.pl\/wp-content\/uploads\/2026\/02\/38bb406d1f660de24ad9ec68b41ff51d.jpg","datePublished":"2026-02-19T15:45:17+00:00","dateModified":"2026-02-19T16:29:25+00:00","breadcrumb":{"@id":"https:\/\/rad-pal.com.pl\/sklep\/bez-kategorii\/pojemjik-organizer-sloiki-na-slodycze-15-l-zestaw-6-sztuk\/#breadcrumb"},"inLanguage":"en-GB","potentialAction":[{"@type":"ReadAction","target":["https:\/\/rad-pal.com.pl\/sklep\/bez-kategorii\/pojemjik-organizer-sloiki-na-slodycze-15-l-zestaw-6-sztuk\/"]}]},{"@type":"ImageObject","inLanguage":"en-GB","@id":"https:\/\/rad-pal.com.pl\/sklep\/bez-kategorii\/pojemjik-organizer-sloiki-na-slodycze-15-l-zestaw-6-sztuk\/#primaryimage","url":"https:\/\/rad-pal.com.pl\/wp-content\/uploads\/2026\/02\/38bb406d1f660de24ad9ec68b41ff51d.jpg","contentUrl":"https:\/\/rad-pal.com.pl\/wp-content\/uploads\/2026\/02\/38bb406d1f660de24ad9ec68b41ff51d.jpg","width":681,"height":681,"caption":"fa7d40a8973c1e73450b9cf4072898d7"},{"@type":"BreadcrumbList","@id":"https:\/\/rad-pal.com.pl\/sklep\/bez-kategorii\/pojemjik-organizer-sloiki-na-slodycze-15-l-zestaw-6-sztuk\/#breadcrumb","itemListElement":[{"@type":"ListItem","position":1,"name":"Strona g\u0142\u00f3wna","item":"https:\/\/rad-pal.com.pl\/"},{"@type":"ListItem","position":2,"name":"Sklep","item":"https:\/\/rad-pal.com.pl\/sklep\/"},{"@type":"ListItem","position":3,"name":"Pojemjik organizer s\u0142oiki na s\u0142odycze 1,5 L zestaw 6 sztuk"}]},{"@type":"WebSite","@id":"https:\/\/rad-pal.com.pl\/#website","url":"https:\/\/rad-pal.com.pl\/","name":"Rad-Pal","description":"","publisher":{"@id":"https:\/\/rad-pal.com.pl\/#organization"},"potentialAction":[{"@type":"SearchAction","target":{"@type":"EntryPoint","urlTemplate":"https:\/\/rad-pal.com.pl\/?s={search_term_string}"},"query-input":{"@type":"PropertyValueSpecification","valueRequired":true,"valueName":"search_term_string"}}],"inLanguage":"en-GB"},{"@type":"Organization","@id":"https:\/\/rad-pal.com.pl\/#organization","name":"Rad-Pal","url":"https:\/\/rad-pal.com.pl\/","logo":{"@type":"ImageObject","inLanguage":"en-GB","@id":"https:\/\/rad-pal.com.pl\/#\/schema\/logo\/image\/","url":"https:\/\/rad-pal.com.pl\/wp-content\/uploads\/2026\/03\/Projekt-bez-nazwy-30.webp","contentUrl":"https:\/\/rad-pal.com.pl\/wp-content\/uploads\/2026\/03\/Projekt-bez-nazwy-30.webp","width":600,"height":210,"caption":"Rad-Pal"},"image":{"@id":"https:\/\/rad-pal.com.pl\/#\/schema\/logo\/image\/"}}]}},"_links":{"self":[{"href":"https:\/\/rad-pal.com.pl\/en\/wp-json\/wp\/v2\/product\/33855","targetHints":{"allow":["GET"]}}],"collection":[{"href":"https:\/\/rad-pal.com.pl\/en\/wp-json\/wp\/v2\/product"}],"about":[{"href":"https:\/\/rad-pal.com.pl\/en\/wp-json\/wp\/v2\/types\/product"}],"version-history":[{"count":0,"href":"https:\/\/rad-pal.com.pl\/en\/wp-json\/wp\/v2\/product\/33855\/revisions"}],"wp:featuredmedia":[{"embeddable":true,"href":"https:\/\/rad-pal.com.pl\/en\/wp-json\/wp\/v2\/media\/33851"}],"wp:attachment":[{"href":"https:\/\/rad-pal.com.pl\/en\/wp-json\/wp\/v2\/media?parent=33855"}],"wp:term":[{"taxonomy":"product_brand","embeddable":true,"href":"https:\/\/rad-pal.com.pl\/en\/wp-json\/wp\/v2\/product_brand?post=33855"},{"taxonomy":"product_cat","embeddable":true,"href":"https:\/\/rad-pal.com.pl\/en\/wp-json\/wp\/v2\/product_cat?post=33855"},{"taxonomy":"product_tag","embeddable":true,"href":"https:\/\/rad-pal.com.pl\/en\/wp-json\/wp\/v2\/product_tag?post=33855"}],"curies":[{"name":"wp","href":"https:\/\/api.w.org\/{rel}","templated":true}]}}