{"id":33986,"date":"2026-02-19T16:50:44","date_gmt":"2026-02-19T15:50:44","guid":{"rendered":"https:\/\/rad-pal.com.pl\/sklep\/bez-kategorii\/hak-rowerowy-zestaw-12-sztuk\/"},"modified":"2026-02-19T17:30:35","modified_gmt":"2026-02-19T16:30:35","slug":"hak-rowerowy-zestaw-12-sztuk","status":"publish","type":"product","link":"https:\/\/rad-pal.com.pl\/en\/sklep\/sport-i-turystyka\/rowery-i-akcesoria\/akcesoria-rowery-i-akcesoria\/sprzet-postojowy\/wieszaki-uchwyty-na-rower\/hak-rowerowy-zestaw-12-sztuk\/","title":{"rendered":"Hak rowerowy zestaw 12 sztuk"},"content":{"rendered":"<section class=\"section\">\n<div class=\"item item-6\">\n<section class=\"image-item\"><img decoding=\"async\" src=\"https:\/\/upload.cdn.baselinker.com\/products\/6014502\/624a4057f1463e470d79189a767b3ba2.jpg\" \/><\/section>\n<\/p><\/div>\n<div class=\"item item-6\">\n<section class=\"text-item\">\n<p>\ufffdWszechstronne haki \u015brubowe do monta\u017cu na \u015bcianie lub suficie<\/p>\n<p>?Zestaw 12 hak\u00f3w \u015bciennych na rowery pozwala utrzyma\u0107 porz\u0105dek w warsztacie, piwnicy i gara\u017cu. Uchwyt \u015bcienny na rowery umo\u017cliwia zawieszenie ukochanego roweru, a tak\u017ce narz\u0119dzi, sprz\u0119tu ogrodniczego i nie tylko w spos\u00f3b przejrzysty i \u0142atwo dost\u0119pny. Solidne przykr\u0119cane haki mo\u017cna zamontowa\u0107 na \u015bcianie lub suficie w zale\u017cno\u015bci od potrzeb. Czerwona pow\u0142oka PVC zawsze zapewnia bezpieczne mocowanie hak\u00f3w \u015brubowych i zapobiega powstawaniu nieestetycznych zadrapa\u0144.<\/p>\n<p>\u27a1\ufe0fGumowane haki do przykr\u0119cania<\/p>\n<p>\u27a1\ufe0fWytrzyma\u0142e wieszaki rowerowe w du\u017cym zestawie 12 sztuk<\/p>\n<p>\u27a1\ufe0fDla wi\u0119kszego porz\u0105dku w gara\u017cu, piwnicy lub warsztacie<\/p>\n<p>\u27a1\ufe0fHaki mo\u017cna przykr\u0119ci\u0107 do sufitu lub \u015bciany<\/p>\n<p>\u27a1\ufe0fDo zawieszania rower\u00f3w, narz\u0119dzi ogrodowych i narz\u0119dzi<\/p>\n<p>\u27a1\ufe0fAntypo\u015blizgowa pow\u0142oka PVC chroni\u0105ca przed zarysowaniami<\/p>\n<\/section><\/div>\n<\/section>\n<section class=\"section\">\n<div class=\"item item-12\">\n<section class=\"text-item\">\n<p>11<\/p>\n<\/section><\/div>\n<\/section>","protected":false},"excerpt":{"rendered":"<p>\ufffdWszechstronne haki \u015brubowe do monta\u017cu na \u015bcianie lub suficie ?Zestaw 12 hak\u00f3w \u015bciennych na rowery pozwala utrzyma\u0107 porz\u0105dek w warsztacie,<\/p>","protected":false},"featured_media":33980,"template":"","meta":[],"product_brand":[],"product_cat":[453,451,76,454,481],"product_tag":[],"class_list":{"0":"post-33986","1":"product","2":"type-product","3":"status-publish","4":"has-post-thumbnail","6":"product_cat-akcesoria-rowery-i-akcesoria","7":"product_cat-rowery-i-akcesoria","8":"product_cat-sport-i-turystyka","9":"product_cat-sprzet-postojowy","10":"product_cat-wieszaki-uchwyty-na-rower","12":"first","13":"instock","14":"taxable","15":"shipping-taxable","16":"purchasable","17":"product-type-simple"},"yoast_head":"<!-- This site is optimized with the Yoast SEO plugin v25.7 - https:\/\/yoast.com\/wordpress\/plugins\/seo\/ -->\n<title>Hak rowerowy zestaw 12 sztuk - Rad-Pal<\/title>\n<meta name=\"robots\" content=\"index, follow, max-snippet:-1, max-image-preview:large, max-video-preview:-1\" \/>\n<link rel=\"canonical\" href=\"https:\/\/rad-pal.com.pl\/en\/sklep\/bez-kategorii\/hak-rowerowy-zestaw-12-sztuk\/\" \/>\n<meta property=\"og:locale\" content=\"en_GB\" \/>\n<meta property=\"og:type\" content=\"article\" \/>\n<meta property=\"og:title\" content=\"Hak rowerowy zestaw 12 sztuk - Rad-Pal\" \/>\n<meta property=\"og:description\" content=\"\ufffdWszechstronne haki \u015brubowe do monta\u017cu na \u015bcianie lub suficie ?Zestaw 12 hak\u00f3w \u015bciennych na rowery pozwala utrzyma\u0107 porz\u0105dek w warsztacie,\" \/>\n<meta property=\"og:url\" content=\"https:\/\/rad-pal.com.pl\/en\/sklep\/bez-kategorii\/hak-rowerowy-zestaw-12-sztuk\/\" \/>\n<meta property=\"og:site_name\" content=\"Rad-Pal\" \/>\n<meta property=\"article:modified_time\" content=\"2026-02-19T16:30:35+00:00\" \/>\n<meta property=\"og:image\" content=\"https:\/\/upload.cdn.baselinker.com\/products\/6014502\/624a4057f1463e470d79189a767b3ba2.jpg\" \/>\n<meta name=\"twitter:card\" content=\"summary_large_image\" \/>\n<meta name=\"twitter:label1\" content=\"Estimated reading time\" \/>\n\t<meta name=\"twitter:data1\" content=\"1 minute\" \/>\n<script type=\"application\/ld+json\" class=\"yoast-schema-graph\">{\"@context\":\"https:\/\/schema.org\",\"@graph\":[{\"@type\":\"WebPage\",\"@id\":\"https:\/\/rad-pal.com.pl\/sklep\/bez-kategorii\/hak-rowerowy-zestaw-12-sztuk\/\",\"url\":\"https:\/\/rad-pal.com.pl\/sklep\/bez-kategorii\/hak-rowerowy-zestaw-12-sztuk\/\",\"name\":\"Hak rowerowy zestaw 12 sztuk - Rad-Pal\",\"isPartOf\":{\"@id\":\"https:\/\/rad-pal.com.pl\/#website\"},\"primaryImageOfPage\":{\"@id\":\"https:\/\/rad-pal.com.pl\/sklep\/bez-kategorii\/hak-rowerowy-zestaw-12-sztuk\/#primaryimage\"},\"image\":{\"@id\":\"https:\/\/rad-pal.com.pl\/sklep\/bez-kategorii\/hak-rowerowy-zestaw-12-sztuk\/#primaryimage\"},\"thumbnailUrl\":\"https:\/\/rad-pal.com.pl\/wp-content\/uploads\/2026\/02\/b2c0ab951d37354c1a671dd5a55ba682.jpg\",\"datePublished\":\"2026-02-19T15:50:44+00:00\",\"dateModified\":\"2026-02-19T16:30:35+00:00\",\"breadcrumb\":{\"@id\":\"https:\/\/rad-pal.com.pl\/sklep\/bez-kategorii\/hak-rowerowy-zestaw-12-sztuk\/#breadcrumb\"},\"inLanguage\":\"en-GB\",\"potentialAction\":[{\"@type\":\"ReadAction\",\"target\":[\"https:\/\/rad-pal.com.pl\/sklep\/bez-kategorii\/hak-rowerowy-zestaw-12-sztuk\/\"]}]},{\"@type\":\"ImageObject\",\"inLanguage\":\"en-GB\",\"@id\":\"https:\/\/rad-pal.com.pl\/sklep\/bez-kategorii\/hak-rowerowy-zestaw-12-sztuk\/#primaryimage\",\"url\":\"https:\/\/rad-pal.com.pl\/wp-content\/uploads\/2026\/02\/b2c0ab951d37354c1a671dd5a55ba682.jpg\",\"contentUrl\":\"https:\/\/rad-pal.com.pl\/wp-content\/uploads\/2026\/02\/b2c0ab951d37354c1a671dd5a55ba682.jpg\",\"width\":681,\"height\":681,\"caption\":\"7e00f73e629be411e8bf9b6d092b8ad6\"},{\"@type\":\"BreadcrumbList\",\"@id\":\"https:\/\/rad-pal.com.pl\/sklep\/bez-kategorii\/hak-rowerowy-zestaw-12-sztuk\/#breadcrumb\",\"itemListElement\":[{\"@type\":\"ListItem\",\"position\":1,\"name\":\"Strona g\u0142\u00f3wna\",\"item\":\"https:\/\/rad-pal.com.pl\/\"},{\"@type\":\"ListItem\",\"position\":2,\"name\":\"Sklep\",\"item\":\"https:\/\/rad-pal.com.pl\/sklep\/\"},{\"@type\":\"ListItem\",\"position\":3,\"name\":\"Hak rowerowy zestaw 12 sztuk\"}]},{\"@type\":\"WebSite\",\"@id\":\"https:\/\/rad-pal.com.pl\/#website\",\"url\":\"https:\/\/rad-pal.com.pl\/\",\"name\":\"Rad-Pal\",\"description\":\"\",\"publisher\":{\"@id\":\"https:\/\/rad-pal.com.pl\/#organization\"},\"potentialAction\":[{\"@type\":\"SearchAction\",\"target\":{\"@type\":\"EntryPoint\",\"urlTemplate\":\"https:\/\/rad-pal.com.pl\/?s={search_term_string}\"},\"query-input\":{\"@type\":\"PropertyValueSpecification\",\"valueRequired\":true,\"valueName\":\"search_term_string\"}}],\"inLanguage\":\"en-GB\"},{\"@type\":\"Organization\",\"@id\":\"https:\/\/rad-pal.com.pl\/#organization\",\"name\":\"Rad-Pal\",\"url\":\"https:\/\/rad-pal.com.pl\/\",\"logo\":{\"@type\":\"ImageObject\",\"inLanguage\":\"en-GB\",\"@id\":\"https:\/\/rad-pal.com.pl\/#\/schema\/logo\/image\/\",\"url\":\"https:\/\/rad-pal.com.pl\/wp-content\/uploads\/2026\/03\/Projekt-bez-nazwy-30.webp\",\"contentUrl\":\"https:\/\/rad-pal.com.pl\/wp-content\/uploads\/2026\/03\/Projekt-bez-nazwy-30.webp\",\"width\":600,\"height\":210,\"caption\":\"Rad-Pal\"},\"image\":{\"@id\":\"https:\/\/rad-pal.com.pl\/#\/schema\/logo\/image\/\"}}]}<\/script>\n<!-- \/ Yoast SEO plugin. -->","yoast_head_json":{"title":"Hak rowerowy zestaw 12 sztuk - Rad-Pal","robots":{"index":"index","follow":"follow","max-snippet":"max-snippet:-1","max-image-preview":"max-image-preview:large","max-video-preview":"max-video-preview:-1"},"canonical":"https:\/\/rad-pal.com.pl\/en\/sklep\/bez-kategorii\/hak-rowerowy-zestaw-12-sztuk\/","og_locale":"en_GB","og_type":"article","og_title":"Hak rowerowy zestaw 12 sztuk - Rad-Pal","og_description":"\ufffdWszechstronne haki \u015brubowe do monta\u017cu na \u015bcianie lub suficie ?Zestaw 12 hak\u00f3w \u015bciennych na rowery pozwala utrzyma\u0107 porz\u0105dek w warsztacie,","og_url":"https:\/\/rad-pal.com.pl\/en\/sklep\/bez-kategorii\/hak-rowerowy-zestaw-12-sztuk\/","og_site_name":"Rad-Pal","article_modified_time":"2026-02-19T16:30:35+00:00","og_image":[{"url":"https:\/\/upload.cdn.baselinker.com\/products\/6014502\/624a4057f1463e470d79189a767b3ba2.jpg","type":"","width":"","height":""}],"twitter_card":"summary_large_image","twitter_misc":{"Estimated reading time":"1 minute"},"schema":{"@context":"https:\/\/schema.org","@graph":[{"@type":"WebPage","@id":"https:\/\/rad-pal.com.pl\/sklep\/bez-kategorii\/hak-rowerowy-zestaw-12-sztuk\/","url":"https:\/\/rad-pal.com.pl\/sklep\/bez-kategorii\/hak-rowerowy-zestaw-12-sztuk\/","name":"Hak rowerowy zestaw 12 sztuk - Rad-Pal","isPartOf":{"@id":"https:\/\/rad-pal.com.pl\/#website"},"primaryImageOfPage":{"@id":"https:\/\/rad-pal.com.pl\/sklep\/bez-kategorii\/hak-rowerowy-zestaw-12-sztuk\/#primaryimage"},"image":{"@id":"https:\/\/rad-pal.com.pl\/sklep\/bez-kategorii\/hak-rowerowy-zestaw-12-sztuk\/#primaryimage"},"thumbnailUrl":"https:\/\/rad-pal.com.pl\/wp-content\/uploads\/2026\/02\/b2c0ab951d37354c1a671dd5a55ba682.jpg","datePublished":"2026-02-19T15:50:44+00:00","dateModified":"2026-02-19T16:30:35+00:00","breadcrumb":{"@id":"https:\/\/rad-pal.com.pl\/sklep\/bez-kategorii\/hak-rowerowy-zestaw-12-sztuk\/#breadcrumb"},"inLanguage":"en-GB","potentialAction":[{"@type":"ReadAction","target":["https:\/\/rad-pal.com.pl\/sklep\/bez-kategorii\/hak-rowerowy-zestaw-12-sztuk\/"]}]},{"@type":"ImageObject","inLanguage":"en-GB","@id":"https:\/\/rad-pal.com.pl\/sklep\/bez-kategorii\/hak-rowerowy-zestaw-12-sztuk\/#primaryimage","url":"https:\/\/rad-pal.com.pl\/wp-content\/uploads\/2026\/02\/b2c0ab951d37354c1a671dd5a55ba682.jpg","contentUrl":"https:\/\/rad-pal.com.pl\/wp-content\/uploads\/2026\/02\/b2c0ab951d37354c1a671dd5a55ba682.jpg","width":681,"height":681,"caption":"7e00f73e629be411e8bf9b6d092b8ad6"},{"@type":"BreadcrumbList","@id":"https:\/\/rad-pal.com.pl\/sklep\/bez-kategorii\/hak-rowerowy-zestaw-12-sztuk\/#breadcrumb","itemListElement":[{"@type":"ListItem","position":1,"name":"Strona g\u0142\u00f3wna","item":"https:\/\/rad-pal.com.pl\/"},{"@type":"ListItem","position":2,"name":"Sklep","item":"https:\/\/rad-pal.com.pl\/sklep\/"},{"@type":"ListItem","position":3,"name":"Hak rowerowy zestaw 12 sztuk"}]},{"@type":"WebSite","@id":"https:\/\/rad-pal.com.pl\/#website","url":"https:\/\/rad-pal.com.pl\/","name":"Rad-Pal","description":"","publisher":{"@id":"https:\/\/rad-pal.com.pl\/#organization"},"potentialAction":[{"@type":"SearchAction","target":{"@type":"EntryPoint","urlTemplate":"https:\/\/rad-pal.com.pl\/?s={search_term_string}"},"query-input":{"@type":"PropertyValueSpecification","valueRequired":true,"valueName":"search_term_string"}}],"inLanguage":"en-GB"},{"@type":"Organization","@id":"https:\/\/rad-pal.com.pl\/#organization","name":"Rad-Pal","url":"https:\/\/rad-pal.com.pl\/","logo":{"@type":"ImageObject","inLanguage":"en-GB","@id":"https:\/\/rad-pal.com.pl\/#\/schema\/logo\/image\/","url":"https:\/\/rad-pal.com.pl\/wp-content\/uploads\/2026\/03\/Projekt-bez-nazwy-30.webp","contentUrl":"https:\/\/rad-pal.com.pl\/wp-content\/uploads\/2026\/03\/Projekt-bez-nazwy-30.webp","width":600,"height":210,"caption":"Rad-Pal"},"image":{"@id":"https:\/\/rad-pal.com.pl\/#\/schema\/logo\/image\/"}}]}},"_links":{"self":[{"href":"https:\/\/rad-pal.com.pl\/en\/wp-json\/wp\/v2\/product\/33986","targetHints":{"allow":["GET"]}}],"collection":[{"href":"https:\/\/rad-pal.com.pl\/en\/wp-json\/wp\/v2\/product"}],"about":[{"href":"https:\/\/rad-pal.com.pl\/en\/wp-json\/wp\/v2\/types\/product"}],"version-history":[{"count":0,"href":"https:\/\/rad-pal.com.pl\/en\/wp-json\/wp\/v2\/product\/33986\/revisions"}],"wp:featuredmedia":[{"embeddable":true,"href":"https:\/\/rad-pal.com.pl\/en\/wp-json\/wp\/v2\/media\/33980"}],"wp:attachment":[{"href":"https:\/\/rad-pal.com.pl\/en\/wp-json\/wp\/v2\/media?parent=33986"}],"wp:term":[{"taxonomy":"product_brand","embeddable":true,"href":"https:\/\/rad-pal.com.pl\/en\/wp-json\/wp\/v2\/product_brand?post=33986"},{"taxonomy":"product_cat","embeddable":true,"href":"https:\/\/rad-pal.com.pl\/en\/wp-json\/wp\/v2\/product_cat?post=33986"},{"taxonomy":"product_tag","embeddable":true,"href":"https:\/\/rad-pal.com.pl\/en\/wp-json\/wp\/v2\/product_tag?post=33986"}],"curies":[{"name":"wp","href":"https:\/\/api.w.org\/{rel}","templated":true}]}}