{"id":34021,"date":"2026-02-19T16:51:55","date_gmt":"2026-02-19T15:51:55","guid":{"rendered":"https:\/\/rad-pal.com.pl\/sklep\/bez-kategorii\/legowisko-dla-kota-skladana-3-miejsca-relaxdays\/"},"modified":"2026-02-19T17:30:49","modified_gmt":"2026-02-19T16:30:49","slug":"legowisko-dla-kota-skladana-3-miejsca-relaxdays","status":"publish","type":"product","link":"https:\/\/rad-pal.com.pl\/en\/sklep\/supermarket\/artykuly-dla-zwierzat\/dla-kotow\/legowiska-i-budki\/legowisko-dla-kota-skladana-3-miejsca-relaxdays\/","title":{"rendered":"Legowisko dla kota, sk\u0142adana, 3 miejsca relaxdays"},"content":{"rendered":"<section class=\"section\">\n<div class=\"item item-6\">\n<section class=\"image-item\"><img decoding=\"async\" src=\"https:\/\/upload.cdn.baselinker.com\/products\/6014502\/71b4bd928a19f52de486f5bfdd757784.jpg\" \/><\/section>\n<\/p><\/div>\n<div class=\"item item-6\">\n<section class=\"text-item\">\n<h1>\u2764\ufe0fRelaxdays Legowisko dla kota, sk\u0142adana, 3 miejsca do le\u017cenia, domek dla kota z powierzchni\u0105 do drapania, wys. x szer. x g\u0142.: 36,5 x 112 x 41 cm, schowek dla kota, czarna<\/h1>\n<h2>Producent: Relaxdays<\/h2>\n<\/section><\/div>\n<\/section>\n<section class=\"section\">\n<div class=\"item item-6\">\n<section class=\"text-item\">\n<ul>\n<li>\ufffdSchowek: wygodna przytulna jaskinia dla kocio\u0142ka z 3 miejscami do le\u017cenia \u2013 nadaje si\u0119 r\u00f3wnie\u017c dla kilku kot\u00f3w<\/li>\n<li>?Puszysty: domek dla kota z czarnego pluszu &#8211; z mi\u0119kkimi poduszkami &#8211; miejsce odpoczynku i miejsce do spania<\/li>\n<li>?Do drapania: jaskinia dla kota z powierzchni\u0105 do drapania na bocznej rampie \u2013 idealna do \u015bcierania pazur\u00f3w<\/li>\n<li>?Sk\u0142adany: legowisko dla kota mo\u017cna podzieli\u0107 i z\u0142o\u017cy\u0107 \u2013 zajmuje ma\u0142o miejsca podczas przechowywania<\/li>\n<li>?Basics: domek dla kota do u\u017cytku w pomieszczeniach \u2013 wymiary (wys. x szer. x g\u0142.): ok. 36,5 x 112 x 41 cm \u2013 obci\u0105\u017cenie 10-15 kg<\/li>\n<\/ul>\n<\/section><\/div>\n<div class=\"item item-6\">\n<section class=\"image-item\"><img decoding=\"async\" src=\"https:\/\/upload.cdn.baselinker.com\/products\/6014502\/2e1a8766dc5d858fb5e853ff3352cc8b.jpg\" \/><\/section>\n<\/p><\/div>\n<\/section>\n<section class=\"section\">\n<div class=\"item item-12\">\n<section class=\"text-item\">\n<ul>\n<li><b>?zawarte komponenty<\/b>: 1 x jaskinia dla zwierz\u0105t<\/li>\n<li><b>?waga przedmiotu<\/b>: 5.29 kilograms<\/li>\n<li><b>?Nazwa modelu<\/b>: jaskinia dla kota<\/li>\n<li><b>?opis przedzia\u0142u wiekowego<\/b>: wszystkie etapy \u017cycia<\/li>\n<li><b>?punkt znaku wypunktowania<\/b>: Schowek: wygodna przytulna jaskinia dla kocio\u0142ka z 3 miejscami do le\u017cenia \u2013 nadaje si\u0119 r\u00f3wnie\u017c dla kilku kot\u00f3w, Puszysty: domek dla kota z czarnego pluszu &#8211; z mi\u0119kkimi poduszkami &#8211; miejsce odpoczynku i miejsce do spania, Do drapania: jaskinia dla kota z powierzchni\u0105 do drapania na bocznej rampie \u2013 idealna do \u015bcierania pazur\u00f3w, Sk\u0142adany: legowisko dla kota mo\u017cna podzieli\u0107 i z\u0142o\u017cy\u0107 \u2013 zajmuje ma\u0142o miejsca podczas przechowywania, Basics: domek dla kota do u\u017cytku w pomieszczeniach \u2013 wymiary (wys. x szer. x g\u0142.): ok. 36,5 x 112 x 41 cm \u2013 obci\u0105\u017cenie 10-15 kg<\/li>\n<li><b>?ilo\u015b\u0107 sztuk w opakowaniu<\/b>: 1<\/li>\n<li><b>?marka<\/b>: Relaxdays<\/li>\n<li><b>?poziom opakowania<\/b>: unit<\/li>\n<li><b>?Liczba przedmiot\u00f3w<\/b>: 1<\/li>\n<li><b>?rozmiar<\/b>: 36,5 x 112 x 41 cm<\/li>\n<li><b>?numer cz\u0119\u015bci<\/b>: 10045064<\/li>\n<li><b>?styl<\/b>: Kapelusz<\/li>\n<li><b>?okre\u015blone zastosowania produktu<\/b>: Wewn\u0105trz pomieszcze\u0144<\/li>\n<li><b>?kolor<\/b>: czarny<\/li>\n<li><b>?nazwa typu elementu<\/b>: Relaxdays Legowisko dla kota, sk\u0142adana, 3 miejsca do le\u017cenia, domek dla kota z powierzchni\u0105 do drapania, wys. x szer. x g\u0142.: 36,5 x 112 x 41 cm, schowek dla kota, czarna<\/li>\n<li><b>?waga opakowania przedmiotu<\/b>: 5.85 kilograms<\/li>\n<li><b>?producent<\/b>: Relaxdays<\/li>\n<li><b>zewn\u0119trznie przypisany identyfikator produktu<\/b>: 4052025450649<\/li>\n<li><b>?zalecane w\u0119z\u0142y przegl\u0105dania<\/b>: 26474188031<\/li>\n<li><b>?numer modelu<\/b>: 10045064<\/li>\n<li><b>?nazwa przedmiotu<\/b>: Relaxdays Legowisko dla kota, sk\u0142adana, 3 miejsca do le\u017cenia, domek dla kota z powierzchni\u0105 do drapania, wys. x szer. x g\u0142.: 36,5 x 112 x 41 cm, schowek dla kota, czarna<\/li>\n<li><b>?data uruchomienia strony produktu<\/b>: 2023-02-14T12:36:55.275Z<\/li>\n<li><b>?materia\u0142<\/b>: 70% poliester p\u0142yta pil\u015bniowa 20% 10% pianka<\/li>\n<li><b>?przelicznik jednostek<\/b>: 1<\/li>\n<\/ul>\n<\/section><\/div>\n<\/section>\n<section class=\"section\">\n<div class=\"item item-12\">\n<section class=\"image-item\"><img decoding=\"async\" src=\"https:\/\/upload.cdn.baselinker.com\/products\/6014502\/7c2ba63243327d7e523d629df1d0f737.jpg\" \/><\/section>\n<\/p><\/div>\n<\/section>\n<section class=\"section\">\n<div class=\"item item-6\">\n<section class=\"image-item\"><img decoding=\"async\" src=\"https:\/\/upload.cdn.baselinker.com\/products\/6014502\/e977edd23b4b2f3f2fcf342055fb73ee.jpg\" \/><\/section>\n<\/p><\/div>\n<div class=\"item item-6\">\n<section class=\"image-item\"><img decoding=\"async\" src=\"https:\/\/upload.cdn.baselinker.com\/products\/6014502\/3d18ba03cba81d21e4695bf511ae3f1c.jpg\" \/><\/section>\n<\/p><\/div>\n<\/section>\n<section class=\"section\">\n<div class=\"item item-6\">\n<section class=\"image-item\"><img decoding=\"async\" src=\"https:\/\/upload.cdn.baselinker.com\/products\/6014502\/bd6d51bac982032bbdaad7caaa721aed.jpg\" \/><\/section>\n<\/p><\/div>\n<div class=\"item item-6\">\n<section class=\"image-item\"><img decoding=\"async\" src=\"https:\/\/upload.cdn.baselinker.com\/products\/6014502\/8b8ec0bd6b77c50339e09f3cbef20237.jpg\" \/><\/section>\n<\/p><\/div>\n<\/section>\n<section class=\"section\">\n<div class=\"item item-12\">\n<section class=\"text-item\">\n<p>11<\/p>\n<\/section><\/div>\n<\/section>","protected":false},"excerpt":{"rendered":"<p>\u2764\ufe0fRelaxdays Legowisko dla kota, sk\u0142adana, 3 miejsca do le\u017cenia, domek dla kota z powierzchni\u0105 do drapania, wys. x szer. x<\/p>","protected":false},"featured_media":34014,"template":"","meta":[],"product_brand":[],"product_cat":[98,207,208,97],"product_tag":[],"class_list":{"0":"post-34021","1":"product","2":"type-product","3":"status-publish","4":"has-post-thumbnail","6":"product_cat-artykuly-dla-zwierzat","7":"product_cat-dla-kotow","8":"product_cat-legowiska-i-budki","9":"product_cat-supermarket","11":"first","12":"instock","13":"taxable","14":"shipping-taxable","15":"purchasable","16":"product-type-simple"},"yoast_head":"<!-- This site is optimized with the Yoast SEO plugin v25.7 - https:\/\/yoast.com\/wordpress\/plugins\/seo\/ -->\n<title>Legowisko dla kota, sk\u0142adana, 3 miejsca relaxdays - Rad-Pal<\/title>\n<meta name=\"robots\" content=\"index, follow, max-snippet:-1, max-image-preview:large, max-video-preview:-1\" \/>\n<link rel=\"canonical\" href=\"https:\/\/rad-pal.com.pl\/en\/sklep\/bez-kategorii\/legowisko-dla-kota-skladana-3-miejsca-relaxdays\/\" \/>\n<meta property=\"og:locale\" content=\"en_GB\" \/>\n<meta property=\"og:type\" content=\"article\" \/>\n<meta property=\"og:title\" content=\"Legowisko dla kota, sk\u0142adana, 3 miejsca relaxdays - Rad-Pal\" \/>\n<meta property=\"og:description\" content=\"\u2764\ufe0fRelaxdays Legowisko dla kota, sk\u0142adana, 3 miejsca do le\u017cenia, domek dla kota z powierzchni\u0105 do drapania, wys. x szer. x\" \/>\n<meta property=\"og:url\" content=\"https:\/\/rad-pal.com.pl\/en\/sklep\/bez-kategorii\/legowisko-dla-kota-skladana-3-miejsca-relaxdays\/\" \/>\n<meta property=\"og:site_name\" content=\"Rad-Pal\" \/>\n<meta property=\"article:modified_time\" content=\"2026-02-19T16:30:49+00:00\" \/>\n<meta property=\"og:image\" content=\"https:\/\/upload.cdn.baselinker.com\/products\/6014502\/71b4bd928a19f52de486f5bfdd757784.jpg\" \/>\n<meta name=\"twitter:card\" content=\"summary_large_image\" \/>\n<meta name=\"twitter:label1\" content=\"Estimated reading time\" \/>\n\t<meta name=\"twitter:data1\" content=\"2 minutes\" \/>\n<script type=\"application\/ld+json\" class=\"yoast-schema-graph\">{\"@context\":\"https:\/\/schema.org\",\"@graph\":[{\"@type\":\"WebPage\",\"@id\":\"https:\/\/rad-pal.com.pl\/sklep\/bez-kategorii\/legowisko-dla-kota-skladana-3-miejsca-relaxdays\/\",\"url\":\"https:\/\/rad-pal.com.pl\/sklep\/bez-kategorii\/legowisko-dla-kota-skladana-3-miejsca-relaxdays\/\",\"name\":\"Legowisko dla kota, sk\u0142adana, 3 miejsca relaxdays - Rad-Pal\",\"isPartOf\":{\"@id\":\"https:\/\/rad-pal.com.pl\/#website\"},\"primaryImageOfPage\":{\"@id\":\"https:\/\/rad-pal.com.pl\/sklep\/bez-kategorii\/legowisko-dla-kota-skladana-3-miejsca-relaxdays\/#primaryimage\"},\"image\":{\"@id\":\"https:\/\/rad-pal.com.pl\/sklep\/bez-kategorii\/legowisko-dla-kota-skladana-3-miejsca-relaxdays\/#primaryimage\"},\"thumbnailUrl\":\"https:\/\/rad-pal.com.pl\/wp-content\/uploads\/2026\/02\/71b4bd928a19f52de486f5bfdd757784.jpg\",\"datePublished\":\"2026-02-19T15:51:55+00:00\",\"dateModified\":\"2026-02-19T16:30:49+00:00\",\"breadcrumb\":{\"@id\":\"https:\/\/rad-pal.com.pl\/sklep\/bez-kategorii\/legowisko-dla-kota-skladana-3-miejsca-relaxdays\/#breadcrumb\"},\"inLanguage\":\"en-GB\",\"potentialAction\":[{\"@type\":\"ReadAction\",\"target\":[\"https:\/\/rad-pal.com.pl\/sklep\/bez-kategorii\/legowisko-dla-kota-skladana-3-miejsca-relaxdays\/\"]}]},{\"@type\":\"ImageObject\",\"inLanguage\":\"en-GB\",\"@id\":\"https:\/\/rad-pal.com.pl\/sklep\/bez-kategorii\/legowisko-dla-kota-skladana-3-miejsca-relaxdays\/#primaryimage\",\"url\":\"https:\/\/rad-pal.com.pl\/wp-content\/uploads\/2026\/02\/71b4bd928a19f52de486f5bfdd757784.jpg\",\"contentUrl\":\"https:\/\/rad-pal.com.pl\/wp-content\/uploads\/2026\/02\/71b4bd928a19f52de486f5bfdd757784.jpg\",\"width\":2560,\"height\":2560,\"caption\":\"5344d54196701c8c7d0f99b251711017\"},{\"@type\":\"BreadcrumbList\",\"@id\":\"https:\/\/rad-pal.com.pl\/sklep\/bez-kategorii\/legowisko-dla-kota-skladana-3-miejsca-relaxdays\/#breadcrumb\",\"itemListElement\":[{\"@type\":\"ListItem\",\"position\":1,\"name\":\"Strona g\u0142\u00f3wna\",\"item\":\"https:\/\/rad-pal.com.pl\/\"},{\"@type\":\"ListItem\",\"position\":2,\"name\":\"Sklep\",\"item\":\"https:\/\/rad-pal.com.pl\/sklep\/\"},{\"@type\":\"ListItem\",\"position\":3,\"name\":\"Legowisko dla kota, sk\u0142adana, 3 miejsca relaxdays\"}]},{\"@type\":\"WebSite\",\"@id\":\"https:\/\/rad-pal.com.pl\/#website\",\"url\":\"https:\/\/rad-pal.com.pl\/\",\"name\":\"Rad-Pal\",\"description\":\"\",\"publisher\":{\"@id\":\"https:\/\/rad-pal.com.pl\/#organization\"},\"potentialAction\":[{\"@type\":\"SearchAction\",\"target\":{\"@type\":\"EntryPoint\",\"urlTemplate\":\"https:\/\/rad-pal.com.pl\/?s={search_term_string}\"},\"query-input\":{\"@type\":\"PropertyValueSpecification\",\"valueRequired\":true,\"valueName\":\"search_term_string\"}}],\"inLanguage\":\"en-GB\"},{\"@type\":\"Organization\",\"@id\":\"https:\/\/rad-pal.com.pl\/#organization\",\"name\":\"Rad-Pal\",\"url\":\"https:\/\/rad-pal.com.pl\/\",\"logo\":{\"@type\":\"ImageObject\",\"inLanguage\":\"en-GB\",\"@id\":\"https:\/\/rad-pal.com.pl\/#\/schema\/logo\/image\/\",\"url\":\"https:\/\/rad-pal.com.pl\/wp-content\/uploads\/2026\/03\/Projekt-bez-nazwy-30.webp\",\"contentUrl\":\"https:\/\/rad-pal.com.pl\/wp-content\/uploads\/2026\/03\/Projekt-bez-nazwy-30.webp\",\"width\":600,\"height\":210,\"caption\":\"Rad-Pal\"},\"image\":{\"@id\":\"https:\/\/rad-pal.com.pl\/#\/schema\/logo\/image\/\"}}]}<\/script>\n<!-- \/ Yoast SEO plugin. -->","yoast_head_json":{"title":"Legowisko dla kota, sk\u0142adana, 3 miejsca relaxdays - Rad-Pal","robots":{"index":"index","follow":"follow","max-snippet":"max-snippet:-1","max-image-preview":"max-image-preview:large","max-video-preview":"max-video-preview:-1"},"canonical":"https:\/\/rad-pal.com.pl\/en\/sklep\/bez-kategorii\/legowisko-dla-kota-skladana-3-miejsca-relaxdays\/","og_locale":"en_GB","og_type":"article","og_title":"Legowisko dla kota, sk\u0142adana, 3 miejsca relaxdays - Rad-Pal","og_description":"\u2764\ufe0fRelaxdays Legowisko dla kota, sk\u0142adana, 3 miejsca do le\u017cenia, domek dla kota z powierzchni\u0105 do drapania, wys. x szer. x","og_url":"https:\/\/rad-pal.com.pl\/en\/sklep\/bez-kategorii\/legowisko-dla-kota-skladana-3-miejsca-relaxdays\/","og_site_name":"Rad-Pal","article_modified_time":"2026-02-19T16:30:49+00:00","og_image":[{"url":"https:\/\/upload.cdn.baselinker.com\/products\/6014502\/71b4bd928a19f52de486f5bfdd757784.jpg","type":"","width":"","height":""}],"twitter_card":"summary_large_image","twitter_misc":{"Estimated reading time":"2 minutes"},"schema":{"@context":"https:\/\/schema.org","@graph":[{"@type":"WebPage","@id":"https:\/\/rad-pal.com.pl\/sklep\/bez-kategorii\/legowisko-dla-kota-skladana-3-miejsca-relaxdays\/","url":"https:\/\/rad-pal.com.pl\/sklep\/bez-kategorii\/legowisko-dla-kota-skladana-3-miejsca-relaxdays\/","name":"Legowisko dla kota, sk\u0142adana, 3 miejsca relaxdays - Rad-Pal","isPartOf":{"@id":"https:\/\/rad-pal.com.pl\/#website"},"primaryImageOfPage":{"@id":"https:\/\/rad-pal.com.pl\/sklep\/bez-kategorii\/legowisko-dla-kota-skladana-3-miejsca-relaxdays\/#primaryimage"},"image":{"@id":"https:\/\/rad-pal.com.pl\/sklep\/bez-kategorii\/legowisko-dla-kota-skladana-3-miejsca-relaxdays\/#primaryimage"},"thumbnailUrl":"https:\/\/rad-pal.com.pl\/wp-content\/uploads\/2026\/02\/71b4bd928a19f52de486f5bfdd757784.jpg","datePublished":"2026-02-19T15:51:55+00:00","dateModified":"2026-02-19T16:30:49+00:00","breadcrumb":{"@id":"https:\/\/rad-pal.com.pl\/sklep\/bez-kategorii\/legowisko-dla-kota-skladana-3-miejsca-relaxdays\/#breadcrumb"},"inLanguage":"en-GB","potentialAction":[{"@type":"ReadAction","target":["https:\/\/rad-pal.com.pl\/sklep\/bez-kategorii\/legowisko-dla-kota-skladana-3-miejsca-relaxdays\/"]}]},{"@type":"ImageObject","inLanguage":"en-GB","@id":"https:\/\/rad-pal.com.pl\/sklep\/bez-kategorii\/legowisko-dla-kota-skladana-3-miejsca-relaxdays\/#primaryimage","url":"https:\/\/rad-pal.com.pl\/wp-content\/uploads\/2026\/02\/71b4bd928a19f52de486f5bfdd757784.jpg","contentUrl":"https:\/\/rad-pal.com.pl\/wp-content\/uploads\/2026\/02\/71b4bd928a19f52de486f5bfdd757784.jpg","width":2560,"height":2560,"caption":"5344d54196701c8c7d0f99b251711017"},{"@type":"BreadcrumbList","@id":"https:\/\/rad-pal.com.pl\/sklep\/bez-kategorii\/legowisko-dla-kota-skladana-3-miejsca-relaxdays\/#breadcrumb","itemListElement":[{"@type":"ListItem","position":1,"name":"Strona g\u0142\u00f3wna","item":"https:\/\/rad-pal.com.pl\/"},{"@type":"ListItem","position":2,"name":"Sklep","item":"https:\/\/rad-pal.com.pl\/sklep\/"},{"@type":"ListItem","position":3,"name":"Legowisko dla kota, sk\u0142adana, 3 miejsca relaxdays"}]},{"@type":"WebSite","@id":"https:\/\/rad-pal.com.pl\/#website","url":"https:\/\/rad-pal.com.pl\/","name":"Rad-Pal","description":"","publisher":{"@id":"https:\/\/rad-pal.com.pl\/#organization"},"potentialAction":[{"@type":"SearchAction","target":{"@type":"EntryPoint","urlTemplate":"https:\/\/rad-pal.com.pl\/?s={search_term_string}"},"query-input":{"@type":"PropertyValueSpecification","valueRequired":true,"valueName":"search_term_string"}}],"inLanguage":"en-GB"},{"@type":"Organization","@id":"https:\/\/rad-pal.com.pl\/#organization","name":"Rad-Pal","url":"https:\/\/rad-pal.com.pl\/","logo":{"@type":"ImageObject","inLanguage":"en-GB","@id":"https:\/\/rad-pal.com.pl\/#\/schema\/logo\/image\/","url":"https:\/\/rad-pal.com.pl\/wp-content\/uploads\/2026\/03\/Projekt-bez-nazwy-30.webp","contentUrl":"https:\/\/rad-pal.com.pl\/wp-content\/uploads\/2026\/03\/Projekt-bez-nazwy-30.webp","width":600,"height":210,"caption":"Rad-Pal"},"image":{"@id":"https:\/\/rad-pal.com.pl\/#\/schema\/logo\/image\/"}}]}},"_links":{"self":[{"href":"https:\/\/rad-pal.com.pl\/en\/wp-json\/wp\/v2\/product\/34021","targetHints":{"allow":["GET"]}}],"collection":[{"href":"https:\/\/rad-pal.com.pl\/en\/wp-json\/wp\/v2\/product"}],"about":[{"href":"https:\/\/rad-pal.com.pl\/en\/wp-json\/wp\/v2\/types\/product"}],"version-history":[{"count":0,"href":"https:\/\/rad-pal.com.pl\/en\/wp-json\/wp\/v2\/product\/34021\/revisions"}],"wp:featuredmedia":[{"embeddable":true,"href":"https:\/\/rad-pal.com.pl\/en\/wp-json\/wp\/v2\/media\/34014"}],"wp:attachment":[{"href":"https:\/\/rad-pal.com.pl\/en\/wp-json\/wp\/v2\/media?parent=34021"}],"wp:term":[{"taxonomy":"product_brand","embeddable":true,"href":"https:\/\/rad-pal.com.pl\/en\/wp-json\/wp\/v2\/product_brand?post=34021"},{"taxonomy":"product_cat","embeddable":true,"href":"https:\/\/rad-pal.com.pl\/en\/wp-json\/wp\/v2\/product_cat?post=34021"},{"taxonomy":"product_tag","embeddable":true,"href":"https:\/\/rad-pal.com.pl\/en\/wp-json\/wp\/v2\/product_tag?post=34021"}],"curies":[{"name":"wp","href":"https:\/\/api.w.org\/{rel}","templated":true}]}}