{"id":34045,"date":"2026-02-19T16:52:48","date_gmt":"2026-02-19T15:52:48","guid":{"rendered":"https:\/\/rad-pal.com.pl\/sklep\/bez-kategorii\/relaxdays-beben-do-weza-ogrodowego-30-m\/"},"modified":"2026-02-19T17:31:01","modified_gmt":"2026-02-19T16:31:01","slug":"relaxdays-beben-do-weza-ogrodowego-30-m","status":"publish","type":"product","link":"https:\/\/rad-pal.com.pl\/en\/sklep\/dom-i-ogrod\/ogrod\/nawadnianie\/weze\/relaxdays-beben-do-weza-ogrodowego-30-m\/","title":{"rendered":"Relaxdays B\u0119ben do w\u0119\u017ca ogrodowego 30 m"},"content":{"rendered":"<section class=\"section\">\n<div class=\"item item-6\">\n<section class=\"text-item\">\n<p><b>Relaxdays B\u0119ben do w\u0119\u017ca 30 m 1\/2&#8243;, stal, tworzywo sztuczne, uchwyt w\u0119\u017ca, wys. x g\u0142.: 38 x 42 x 31 cm, czarny\/niebieski<\/b><\/p>\n<h1>Informacje o tym produkcie<\/h1>\n<ul>\n<li>R\u0119czny: b\u0119ben na w\u0105\u017c z korb\u0105 r\u0119czn\u0105 do nawijania w\u0119\u017ca wodnego 30 m 1\/2 cala bez zagi\u0119\u0107<\/li>\n<li>Prostota: pod\u0142\u0105czenie za pomoc\u0105 praktycznej wtyczki zatrzaskowej \u2013 szybkie po\u0142\u0105czenie kranu i w\u0119\u017ca<\/li>\n<li>Mobilny: stoj\u0105cy uchwyt w\u0119\u017ca z uchwytem \u2013 w przypadku nieu\u017cywania zajmuje ma\u0142o miejsca w szopie<\/li>\n<li>Stabilny: zwijacz w\u0119\u017ca z korb\u0105 r\u0119czn\u0105 dzi\u0119ki tr\u00f3jk\u0105tnej konstrukcji stoi bezpiecznie r\u00f3wnie\u017c podczas podlewania<\/li>\n<li>Szczeg\u00f3\u0142y: zwijacz w\u0119\u017ca z tworzywa sztucznego i stali \u2013 wys. x szer. x g\u0142.: ok. 38 x 42 x 31 cm \u2013 bez w\u0119\u017ca<\/li>\n<\/ul>\n<\/section><\/div>\n<div class=\"item item-6\">\n<section class=\"image-item\"><img decoding=\"async\" src=\"https:\/\/upload.cdn.baselinker.com\/products\/6014502\/9e6ded316827904de268876f5418dfc6.jpg\" \/><\/section>\n<\/p><\/div>\n<\/section>\n<section class=\"section\">\n<div class=\"item item-6\">\n<section class=\"image-item\"><img decoding=\"async\" src=\"https:\/\/upload.cdn.baselinker.com\/products\/6014502\/008f17662cb870fff4597f007c6a6914.jpg\" \/><\/section>\n<\/p><\/div>\n<div class=\"item item-6\">\n<section class=\"text-item\">\n<p><b>WYMIARY PRODUKTU<\/b><\/p>\n<\/section><\/div>\n<\/section>\n<section class=\"section\">\n<div class=\"item item-6\">\n<section class=\"image-item\"><img decoding=\"async\" src=\"https:\/\/upload.cdn.baselinker.com\/products\/6014502\/7c9ba4e221f281841fa6632330dede76.jpg\" \/><\/section>\n<\/p><\/div>\n<div class=\"item item-6\">\n<section class=\"image-item\"><img decoding=\"async\" src=\"https:\/\/upload.cdn.baselinker.com\/products\/6014502\/85e3bd5ad3a31a7114cb892219a4a6ab.jpg\" \/><\/section>\n<\/p><\/div>\n<\/section>\n<section class=\"section\">\n<div class=\"item item-12\">\n<section class=\"image-item\"><img decoding=\"async\" src=\"https:\/\/upload.cdn.baselinker.com\/products\/6014502\/1692e4babc78825676022452aaecacf1.jpg\" \/><\/section>\n<\/p><\/div>\n<\/section>\n<section class=\"section\">\n<div class=\"item item-12\">\n<section class=\"text-item\">\n<p>10<\/p>\n<\/section><\/div>\n<\/section>","protected":false},"excerpt":{"rendered":"<p>Relaxdays B\u0119ben do w\u0119\u017ca 30 m 1\/2&#8243;, stal, tworzywo sztuczne, uchwyt w\u0119\u017ca, wys. x g\u0142.: 38 x 42 x 31<\/p>","protected":false},"featured_media":34037,"template":"","meta":[],"product_brand":[],"product_cat":[86,145,111,394],"product_tag":[],"class_list":{"0":"post-34045","1":"product","2":"type-product","3":"status-publish","4":"has-post-thumbnail","6":"product_cat-dom-i-ogrod","7":"product_cat-nawadnianie","8":"product_cat-ogrod","9":"product_cat-weze","11":"first","12":"instock","13":"taxable","14":"shipping-taxable","15":"purchasable","16":"product-type-simple"},"yoast_head":"<!-- This site is optimized with the Yoast SEO plugin v25.7 - https:\/\/yoast.com\/wordpress\/plugins\/seo\/ -->\n<title>Relaxdays B\u0119ben do w\u0119\u017ca ogrodowego 30 m - Rad-Pal<\/title>\n<meta name=\"robots\" content=\"index, follow, max-snippet:-1, max-image-preview:large, max-video-preview:-1\" \/>\n<link rel=\"canonical\" href=\"https:\/\/rad-pal.com.pl\/en\/sklep\/bez-kategorii\/relaxdays-beben-do-weza-ogrodowego-30-m\/\" \/>\n<meta property=\"og:locale\" content=\"en_GB\" \/>\n<meta property=\"og:type\" content=\"article\" \/>\n<meta property=\"og:title\" content=\"Relaxdays B\u0119ben do w\u0119\u017ca ogrodowego 30 m - Rad-Pal\" \/>\n<meta property=\"og:description\" content=\"Relaxdays B\u0119ben do w\u0119\u017ca 30 m 1\/2&#8243;, stal, tworzywo sztuczne, uchwyt w\u0119\u017ca, wys. x g\u0142.: 38 x 42 x 31\" \/>\n<meta property=\"og:url\" content=\"https:\/\/rad-pal.com.pl\/en\/sklep\/bez-kategorii\/relaxdays-beben-do-weza-ogrodowego-30-m\/\" \/>\n<meta property=\"og:site_name\" content=\"Rad-Pal\" \/>\n<meta property=\"article:modified_time\" content=\"2026-02-19T16:31:01+00:00\" \/>\n<meta property=\"og:image\" content=\"https:\/\/upload.cdn.baselinker.com\/products\/6014502\/9e6ded316827904de268876f5418dfc6.jpg\" \/>\n<meta name=\"twitter:card\" content=\"summary_large_image\" \/>\n<meta name=\"twitter:label1\" content=\"Estimated reading time\" \/>\n\t<meta name=\"twitter:data1\" content=\"1 minute\" \/>\n<script type=\"application\/ld+json\" class=\"yoast-schema-graph\">{\"@context\":\"https:\/\/schema.org\",\"@graph\":[{\"@type\":\"WebPage\",\"@id\":\"https:\/\/rad-pal.com.pl\/sklep\/bez-kategorii\/relaxdays-beben-do-weza-ogrodowego-30-m\/\",\"url\":\"https:\/\/rad-pal.com.pl\/sklep\/bez-kategorii\/relaxdays-beben-do-weza-ogrodowego-30-m\/\",\"name\":\"Relaxdays B\u0119ben do w\u0119\u017ca ogrodowego 30 m - Rad-Pal\",\"isPartOf\":{\"@id\":\"https:\/\/rad-pal.com.pl\/#website\"},\"primaryImageOfPage\":{\"@id\":\"https:\/\/rad-pal.com.pl\/sklep\/bez-kategorii\/relaxdays-beben-do-weza-ogrodowego-30-m\/#primaryimage\"},\"image\":{\"@id\":\"https:\/\/rad-pal.com.pl\/sklep\/bez-kategorii\/relaxdays-beben-do-weza-ogrodowego-30-m\/#primaryimage\"},\"thumbnailUrl\":\"https:\/\/rad-pal.com.pl\/wp-content\/uploads\/2026\/02\/9e6ded316827904de268876f5418dfc6.jpg\",\"datePublished\":\"2026-02-19T15:52:48+00:00\",\"dateModified\":\"2026-02-19T16:31:01+00:00\",\"breadcrumb\":{\"@id\":\"https:\/\/rad-pal.com.pl\/sklep\/bez-kategorii\/relaxdays-beben-do-weza-ogrodowego-30-m\/#breadcrumb\"},\"inLanguage\":\"en-GB\",\"potentialAction\":[{\"@type\":\"ReadAction\",\"target\":[\"https:\/\/rad-pal.com.pl\/sklep\/bez-kategorii\/relaxdays-beben-do-weza-ogrodowego-30-m\/\"]}]},{\"@type\":\"ImageObject\",\"inLanguage\":\"en-GB\",\"@id\":\"https:\/\/rad-pal.com.pl\/sklep\/bez-kategorii\/relaxdays-beben-do-weza-ogrodowego-30-m\/#primaryimage\",\"url\":\"https:\/\/rad-pal.com.pl\/wp-content\/uploads\/2026\/02\/9e6ded316827904de268876f5418dfc6.jpg\",\"contentUrl\":\"https:\/\/rad-pal.com.pl\/wp-content\/uploads\/2026\/02\/9e6ded316827904de268876f5418dfc6.jpg\",\"width\":1319,\"height\":1500,\"caption\":\"ca5f33b98951d7c83f934b7aacbf92b1\"},{\"@type\":\"BreadcrumbList\",\"@id\":\"https:\/\/rad-pal.com.pl\/sklep\/bez-kategorii\/relaxdays-beben-do-weza-ogrodowego-30-m\/#breadcrumb\",\"itemListElement\":[{\"@type\":\"ListItem\",\"position\":1,\"name\":\"Strona g\u0142\u00f3wna\",\"item\":\"https:\/\/rad-pal.com.pl\/\"},{\"@type\":\"ListItem\",\"position\":2,\"name\":\"Sklep\",\"item\":\"https:\/\/rad-pal.com.pl\/sklep\/\"},{\"@type\":\"ListItem\",\"position\":3,\"name\":\"Relaxdays B\u0119ben do w\u0119\u017ca ogrodowego 30 m\"}]},{\"@type\":\"WebSite\",\"@id\":\"https:\/\/rad-pal.com.pl\/#website\",\"url\":\"https:\/\/rad-pal.com.pl\/\",\"name\":\"Rad-Pal\",\"description\":\"\",\"publisher\":{\"@id\":\"https:\/\/rad-pal.com.pl\/#organization\"},\"potentialAction\":[{\"@type\":\"SearchAction\",\"target\":{\"@type\":\"EntryPoint\",\"urlTemplate\":\"https:\/\/rad-pal.com.pl\/?s={search_term_string}\"},\"query-input\":{\"@type\":\"PropertyValueSpecification\",\"valueRequired\":true,\"valueName\":\"search_term_string\"}}],\"inLanguage\":\"en-GB\"},{\"@type\":\"Organization\",\"@id\":\"https:\/\/rad-pal.com.pl\/#organization\",\"name\":\"Rad-Pal\",\"url\":\"https:\/\/rad-pal.com.pl\/\",\"logo\":{\"@type\":\"ImageObject\",\"inLanguage\":\"en-GB\",\"@id\":\"https:\/\/rad-pal.com.pl\/#\/schema\/logo\/image\/\",\"url\":\"https:\/\/rad-pal.com.pl\/wp-content\/uploads\/2026\/03\/Projekt-bez-nazwy-30.webp\",\"contentUrl\":\"https:\/\/rad-pal.com.pl\/wp-content\/uploads\/2026\/03\/Projekt-bez-nazwy-30.webp\",\"width\":600,\"height\":210,\"caption\":\"Rad-Pal\"},\"image\":{\"@id\":\"https:\/\/rad-pal.com.pl\/#\/schema\/logo\/image\/\"}}]}<\/script>\n<!-- \/ Yoast SEO plugin. -->","yoast_head_json":{"title":"Relaxdays B\u0119ben do w\u0119\u017ca ogrodowego 30 m - Rad-Pal","robots":{"index":"index","follow":"follow","max-snippet":"max-snippet:-1","max-image-preview":"max-image-preview:large","max-video-preview":"max-video-preview:-1"},"canonical":"https:\/\/rad-pal.com.pl\/en\/sklep\/bez-kategorii\/relaxdays-beben-do-weza-ogrodowego-30-m\/","og_locale":"en_GB","og_type":"article","og_title":"Relaxdays B\u0119ben do w\u0119\u017ca ogrodowego 30 m - Rad-Pal","og_description":"Relaxdays B\u0119ben do w\u0119\u017ca 30 m 1\/2&#8243;, stal, tworzywo sztuczne, uchwyt w\u0119\u017ca, wys. x g\u0142.: 38 x 42 x 31","og_url":"https:\/\/rad-pal.com.pl\/en\/sklep\/bez-kategorii\/relaxdays-beben-do-weza-ogrodowego-30-m\/","og_site_name":"Rad-Pal","article_modified_time":"2026-02-19T16:31:01+00:00","og_image":[{"url":"https:\/\/upload.cdn.baselinker.com\/products\/6014502\/9e6ded316827904de268876f5418dfc6.jpg","type":"","width":"","height":""}],"twitter_card":"summary_large_image","twitter_misc":{"Estimated reading time":"1 minute"},"schema":{"@context":"https:\/\/schema.org","@graph":[{"@type":"WebPage","@id":"https:\/\/rad-pal.com.pl\/sklep\/bez-kategorii\/relaxdays-beben-do-weza-ogrodowego-30-m\/","url":"https:\/\/rad-pal.com.pl\/sklep\/bez-kategorii\/relaxdays-beben-do-weza-ogrodowego-30-m\/","name":"Relaxdays B\u0119ben do w\u0119\u017ca ogrodowego 30 m - Rad-Pal","isPartOf":{"@id":"https:\/\/rad-pal.com.pl\/#website"},"primaryImageOfPage":{"@id":"https:\/\/rad-pal.com.pl\/sklep\/bez-kategorii\/relaxdays-beben-do-weza-ogrodowego-30-m\/#primaryimage"},"image":{"@id":"https:\/\/rad-pal.com.pl\/sklep\/bez-kategorii\/relaxdays-beben-do-weza-ogrodowego-30-m\/#primaryimage"},"thumbnailUrl":"https:\/\/rad-pal.com.pl\/wp-content\/uploads\/2026\/02\/9e6ded316827904de268876f5418dfc6.jpg","datePublished":"2026-02-19T15:52:48+00:00","dateModified":"2026-02-19T16:31:01+00:00","breadcrumb":{"@id":"https:\/\/rad-pal.com.pl\/sklep\/bez-kategorii\/relaxdays-beben-do-weza-ogrodowego-30-m\/#breadcrumb"},"inLanguage":"en-GB","potentialAction":[{"@type":"ReadAction","target":["https:\/\/rad-pal.com.pl\/sklep\/bez-kategorii\/relaxdays-beben-do-weza-ogrodowego-30-m\/"]}]},{"@type":"ImageObject","inLanguage":"en-GB","@id":"https:\/\/rad-pal.com.pl\/sklep\/bez-kategorii\/relaxdays-beben-do-weza-ogrodowego-30-m\/#primaryimage","url":"https:\/\/rad-pal.com.pl\/wp-content\/uploads\/2026\/02\/9e6ded316827904de268876f5418dfc6.jpg","contentUrl":"https:\/\/rad-pal.com.pl\/wp-content\/uploads\/2026\/02\/9e6ded316827904de268876f5418dfc6.jpg","width":1319,"height":1500,"caption":"ca5f33b98951d7c83f934b7aacbf92b1"},{"@type":"BreadcrumbList","@id":"https:\/\/rad-pal.com.pl\/sklep\/bez-kategorii\/relaxdays-beben-do-weza-ogrodowego-30-m\/#breadcrumb","itemListElement":[{"@type":"ListItem","position":1,"name":"Strona g\u0142\u00f3wna","item":"https:\/\/rad-pal.com.pl\/"},{"@type":"ListItem","position":2,"name":"Sklep","item":"https:\/\/rad-pal.com.pl\/sklep\/"},{"@type":"ListItem","position":3,"name":"Relaxdays B\u0119ben do w\u0119\u017ca ogrodowego 30 m"}]},{"@type":"WebSite","@id":"https:\/\/rad-pal.com.pl\/#website","url":"https:\/\/rad-pal.com.pl\/","name":"Rad-Pal","description":"","publisher":{"@id":"https:\/\/rad-pal.com.pl\/#organization"},"potentialAction":[{"@type":"SearchAction","target":{"@type":"EntryPoint","urlTemplate":"https:\/\/rad-pal.com.pl\/?s={search_term_string}"},"query-input":{"@type":"PropertyValueSpecification","valueRequired":true,"valueName":"search_term_string"}}],"inLanguage":"en-GB"},{"@type":"Organization","@id":"https:\/\/rad-pal.com.pl\/#organization","name":"Rad-Pal","url":"https:\/\/rad-pal.com.pl\/","logo":{"@type":"ImageObject","inLanguage":"en-GB","@id":"https:\/\/rad-pal.com.pl\/#\/schema\/logo\/image\/","url":"https:\/\/rad-pal.com.pl\/wp-content\/uploads\/2026\/03\/Projekt-bez-nazwy-30.webp","contentUrl":"https:\/\/rad-pal.com.pl\/wp-content\/uploads\/2026\/03\/Projekt-bez-nazwy-30.webp","width":600,"height":210,"caption":"Rad-Pal"},"image":{"@id":"https:\/\/rad-pal.com.pl\/#\/schema\/logo\/image\/"}}]}},"_links":{"self":[{"href":"https:\/\/rad-pal.com.pl\/en\/wp-json\/wp\/v2\/product\/34045","targetHints":{"allow":["GET"]}}],"collection":[{"href":"https:\/\/rad-pal.com.pl\/en\/wp-json\/wp\/v2\/product"}],"about":[{"href":"https:\/\/rad-pal.com.pl\/en\/wp-json\/wp\/v2\/types\/product"}],"version-history":[{"count":0,"href":"https:\/\/rad-pal.com.pl\/en\/wp-json\/wp\/v2\/product\/34045\/revisions"}],"wp:featuredmedia":[{"embeddable":true,"href":"https:\/\/rad-pal.com.pl\/en\/wp-json\/wp\/v2\/media\/34037"}],"wp:attachment":[{"href":"https:\/\/rad-pal.com.pl\/en\/wp-json\/wp\/v2\/media?parent=34045"}],"wp:term":[{"taxonomy":"product_brand","embeddable":true,"href":"https:\/\/rad-pal.com.pl\/en\/wp-json\/wp\/v2\/product_brand?post=34045"},{"taxonomy":"product_cat","embeddable":true,"href":"https:\/\/rad-pal.com.pl\/en\/wp-json\/wp\/v2\/product_cat?post=34045"},{"taxonomy":"product_tag","embeddable":true,"href":"https:\/\/rad-pal.com.pl\/en\/wp-json\/wp\/v2\/product_tag?post=34045"}],"curies":[{"name":"wp","href":"https:\/\/api.w.org\/{rel}","templated":true}]}}