{"id":34146,"date":"2026-02-19T16:57:18","date_gmt":"2026-02-19T15:57:18","guid":{"rendered":"https:\/\/rad-pal.com.pl\/sklep\/bez-kategorii\/bramka-pilkarska-relaxdays-2szt\/"},"modified":"2026-02-19T17:31:48","modified_gmt":"2026-02-19T16:31:48","slug":"bramka-pilkarska-relaxdays-2szt","status":"publish","type":"product","link":"https:\/\/rad-pal.com.pl\/en\/sklep\/dziecko\/zabawki-ogrodowe\/gry-i-zabawy\/pilka-nozna-gry-i-zabawy\/bramka-pilkarska-relaxdays-2szt\/","title":{"rendered":"Bramka Pi\u0142karska Relaxdays 2szt"},"content":{"rendered":"<section class=\"section\">\n<div class=\"item item-12\">\n<section class=\"text-item\">\n<h1>\u2733\ufe0f UWAGA ILO\u015a\u0106 OGRANICZONA \u2733\ufe0f<\/h1>\n<\/section><\/div>\n<\/section>\n<section class=\"section\">\n<div class=\"item item-6\">\n<section class=\"image-item\"><img decoding=\"async\" src=\"https:\/\/upload.cdn.baselinker.com\/products\/6014502\/3ab8b23db7fa0be65995dd1841050764.jpg\" \/><\/section>\n<\/p><\/div>\n<div class=\"item item-6\">\n<section class=\"text-item\">\n<h1>\u2764\ufe0fOferowany przedmiot<\/h1>\n<h1>renomowanej firmy<\/h1>\n<h1>Relaxdays<\/h1>\n<\/section><\/div>\n<\/section>\n<section class=\"section\">\n<div class=\"item item-6\">\n<section class=\"text-item\">\n<h2>\u2764\ufe0fSk\u0142adane bramki pi\u0142karskie dla dzieci i doros\u0142ych<\/h2>\n<p>\ufffdDwie mini bramki pi\u0142karskie s\u0105 w sam raz na spontaniczne kopni\u0119cia rekreacyjne w parku lub trening taktyczny i strzelecki w domowym ogrodzie.<\/p>\n<p>?S\u0105 zatem tak samo odpowiednie dla doros\u0142ych kochaj\u0105cych pi\u0142k\u0119 no\u017cn\u0105, jak i dla ma\u0142ych skrzyd\u0142owych i defensywnych bohater\u00f3w jutra.<\/p>\n<p>?Dzi\u0119ki sprytnemu systemowi pop-up sk\u0142adane bramki s\u0105 ustawiane w ci\u0105gu kilku sekund i sk\u0142adane ponownie r\u00f3wnie szybko po meczu.<\/p>\n<p>?Mo\u017cna je \u0142atwo transportowa\u0107 w torbie lub schowa\u0107 w spos\u00f3b oszcz\u0119dzaj\u0105cy miejsce.<\/p>\n<\/section><\/div>\n<div class=\"item item-6\">\n<section class=\"image-item\"><img decoding=\"async\" src=\"https:\/\/upload.cdn.baselinker.com\/products\/6014502\/ee9c435bbab84a169d5a2ab1275e2b56.jpg\" \/><\/section>\n<\/p><\/div>\n<\/section>\n<section class=\"section\">\n<div class=\"item item-6\">\n<section class=\"image-item\"><img decoding=\"async\" src=\"https:\/\/upload.cdn.baselinker.com\/products\/6014502\/d8a0f9f76e8534e2fde87192a154e8de.jpg\" \/><\/section>\n<\/p><\/div>\n<div class=\"item item-6\">\n<section class=\"text-item\">\n<h2>\u2764\ufe0fMa\u0142e bramki dla pi\u0142ki no\u017cnej<\/h2>\n<ul>\n<li>\ufffdDo domu i w podr\u00f3\u017cy &#8211; do ogrodu, parku, pla\u017cy itp.<\/li>\n<\/ul>\n<ul>\n<li>?Szybka konfiguracja i sk\u0142adanie dzi\u0119ki funkcji pop-up<\/li>\n<\/ul>\n<ul>\n<li>?Idealny do spontanicznych kopni\u0119\u0107 rekreacyjnych, dzieci kochaj\u0105cych pi\u0142k\u0119 no\u017cn\u0105 itp.<\/li>\n<\/ul>\n<ul>\n<li>?\u0141atwy w transporcie dzi\u0119ki torbie i mo\u017ce by\u0107 schowany w spos\u00f3b oszcz\u0119dzaj\u0105cy miejsce<\/li>\n<\/ul>\n<ul>\n<li>?Drzwi o niskiej masie w\u0142asnej &#8211; idealne do zabrania ze sob\u0105<\/li>\n<\/ul>\n<ul>\n<li>?Z ko\u0142kami do mocowania do pod\u0142o\u017ca<\/li>\n<\/ul>\n<\/section><\/div>\n<\/section>\n<section class=\"section\">\n<div class=\"item item-6\">\n<section class=\"text-item\">\n<h2>\u2764\ufe0fSpecyfikacja:<\/h2>\n<ul>\n<li>\ufffdWymiary na drzwi wys. x szer. x g\u0142.: ok. 77 x 122 x 83 cm<\/li>\n<\/ul>\n<ul>\n<li>?Wielko\u015b\u0107 opakowania w worku H x G: ok. 5 x 41 cm<\/li>\n<\/ul>\n<ul>\n<li>?Pojedyncza waga: ok. 760 g<\/li>\n<\/ul>\n<ul>\n<li>?Wykonane z poliestru i w\u0142\u00f3kna szklanego<\/li>\n<\/ul>\n<ul>\n<li>?W kolorze czarnym<\/li>\n<\/ul>\n<\/section><\/div>\n<div class=\"item item-6\">\n<section class=\"image-item\"><img decoding=\"async\" src=\"https:\/\/upload.cdn.baselinker.com\/products\/6014502\/88dec72d8d8fd1886cac234b9171fe5c.jpg\" \/><\/section>\n<\/p><\/div>\n<\/section>\n<section class=\"section\">\n<div class=\"item item-12\">\n<section class=\"image-item\"><img decoding=\"async\" src=\"https:\/\/upload.cdn.baselinker.com\/products\/6014502\/f48d948eefaf9134e2191f70ea21fbad.jpg\" \/><\/section>\n<\/p><\/div>\n<\/section>\n<section class=\"section\">\n<div class=\"item item-12\">\n<section class=\"text-item\">\n<p>9<\/p>\n<\/section><\/div>\n<\/section>","protected":false},"excerpt":{"rendered":"<p>\u2733\ufe0f UWAGA ILO\u015a\u0106 OGRANICZONA \u2733\ufe0f \u2764\ufe0fOferowany przedmiot renomowanej firmy Relaxdays \u2764\ufe0fSk\u0142adane bramki pi\u0142karskie dla dzieci i doros\u0142ych \ufffdDwie mini bramki<\/p>","protected":false},"featured_media":34140,"template":"","meta":[],"product_brand":[],"product_cat":[81,487,488,107],"product_tag":[],"class_list":{"0":"post-34146","1":"product","2":"type-product","3":"status-publish","4":"has-post-thumbnail","6":"product_cat-dziecko","7":"product_cat-gry-i-zabawy","8":"product_cat-pilka-nozna-gry-i-zabawy","9":"product_cat-zabawki-ogrodowe","11":"first","12":"instock","13":"taxable","14":"shipping-taxable","15":"purchasable","16":"product-type-simple"},"yoast_head":"<!-- This site is optimized with the Yoast SEO plugin v25.7 - https:\/\/yoast.com\/wordpress\/plugins\/seo\/ -->\n<title>Bramka Pi\u0142karska Relaxdays 2szt - Rad-Pal<\/title>\n<meta name=\"robots\" content=\"index, follow, max-snippet:-1, max-image-preview:large, max-video-preview:-1\" \/>\n<link rel=\"canonical\" href=\"https:\/\/rad-pal.com.pl\/en\/sklep\/bez-kategorii\/bramka-pilkarska-relaxdays-2szt\/\" \/>\n<meta property=\"og:locale\" content=\"en_GB\" \/>\n<meta property=\"og:type\" content=\"article\" \/>\n<meta property=\"og:title\" content=\"Bramka Pi\u0142karska Relaxdays 2szt - Rad-Pal\" \/>\n<meta property=\"og:description\" content=\"\u2733\ufe0f UWAGA ILO\u015a\u0106 OGRANICZONA \u2733\ufe0f \u2764\ufe0fOferowany przedmiot renomowanej firmy Relaxdays \u2764\ufe0fSk\u0142adane bramki pi\u0142karskie dla dzieci i doros\u0142ych \ufffdDwie mini bramki\" \/>\n<meta property=\"og:url\" content=\"https:\/\/rad-pal.com.pl\/en\/sklep\/bez-kategorii\/bramka-pilkarska-relaxdays-2szt\/\" \/>\n<meta property=\"og:site_name\" content=\"Rad-Pal\" \/>\n<meta property=\"article:modified_time\" content=\"2026-02-19T16:31:48+00:00\" \/>\n<meta property=\"og:image\" content=\"https:\/\/upload.cdn.baselinker.com\/products\/6014502\/3ab8b23db7fa0be65995dd1841050764.jpg\" \/>\n<meta name=\"twitter:card\" content=\"summary_large_image\" \/>\n<meta name=\"twitter:label1\" content=\"Estimated reading time\" \/>\n\t<meta name=\"twitter:data1\" content=\"1 minute\" \/>\n<script type=\"application\/ld+json\" class=\"yoast-schema-graph\">{\"@context\":\"https:\/\/schema.org\",\"@graph\":[{\"@type\":\"WebPage\",\"@id\":\"https:\/\/rad-pal.com.pl\/sklep\/bez-kategorii\/bramka-pilkarska-relaxdays-2szt\/\",\"url\":\"https:\/\/rad-pal.com.pl\/sklep\/bez-kategorii\/bramka-pilkarska-relaxdays-2szt\/\",\"name\":\"Bramka Pi\u0142karska Relaxdays 2szt - Rad-Pal\",\"isPartOf\":{\"@id\":\"https:\/\/rad-pal.com.pl\/#website\"},\"primaryImageOfPage\":{\"@id\":\"https:\/\/rad-pal.com.pl\/sklep\/bez-kategorii\/bramka-pilkarska-relaxdays-2szt\/#primaryimage\"},\"image\":{\"@id\":\"https:\/\/rad-pal.com.pl\/sklep\/bez-kategorii\/bramka-pilkarska-relaxdays-2szt\/#primaryimage\"},\"thumbnailUrl\":\"https:\/\/rad-pal.com.pl\/wp-content\/uploads\/2026\/02\/3ab8b23db7fa0be65995dd1841050764.jpg\",\"datePublished\":\"2026-02-19T15:57:18+00:00\",\"dateModified\":\"2026-02-19T16:31:48+00:00\",\"breadcrumb\":{\"@id\":\"https:\/\/rad-pal.com.pl\/sklep\/bez-kategorii\/bramka-pilkarska-relaxdays-2szt\/#breadcrumb\"},\"inLanguage\":\"en-GB\",\"potentialAction\":[{\"@type\":\"ReadAction\",\"target\":[\"https:\/\/rad-pal.com.pl\/sklep\/bez-kategorii\/bramka-pilkarska-relaxdays-2szt\/\"]}]},{\"@type\":\"ImageObject\",\"inLanguage\":\"en-GB\",\"@id\":\"https:\/\/rad-pal.com.pl\/sklep\/bez-kategorii\/bramka-pilkarska-relaxdays-2szt\/#primaryimage\",\"url\":\"https:\/\/rad-pal.com.pl\/wp-content\/uploads\/2026\/02\/3ab8b23db7fa0be65995dd1841050764.jpg\",\"contentUrl\":\"https:\/\/rad-pal.com.pl\/wp-content\/uploads\/2026\/02\/3ab8b23db7fa0be65995dd1841050764.jpg\",\"width\":2048,\"height\":2048,\"caption\":\"6b23376b8234ca2a79bda10c6adefefc\"},{\"@type\":\"BreadcrumbList\",\"@id\":\"https:\/\/rad-pal.com.pl\/sklep\/bez-kategorii\/bramka-pilkarska-relaxdays-2szt\/#breadcrumb\",\"itemListElement\":[{\"@type\":\"ListItem\",\"position\":1,\"name\":\"Strona g\u0142\u00f3wna\",\"item\":\"https:\/\/rad-pal.com.pl\/\"},{\"@type\":\"ListItem\",\"position\":2,\"name\":\"Sklep\",\"item\":\"https:\/\/rad-pal.com.pl\/sklep\/\"},{\"@type\":\"ListItem\",\"position\":3,\"name\":\"Bramka Pi\u0142karska Relaxdays 2szt\"}]},{\"@type\":\"WebSite\",\"@id\":\"https:\/\/rad-pal.com.pl\/#website\",\"url\":\"https:\/\/rad-pal.com.pl\/\",\"name\":\"Rad-Pal\",\"description\":\"\",\"publisher\":{\"@id\":\"https:\/\/rad-pal.com.pl\/#organization\"},\"potentialAction\":[{\"@type\":\"SearchAction\",\"target\":{\"@type\":\"EntryPoint\",\"urlTemplate\":\"https:\/\/rad-pal.com.pl\/?s={search_term_string}\"},\"query-input\":{\"@type\":\"PropertyValueSpecification\",\"valueRequired\":true,\"valueName\":\"search_term_string\"}}],\"inLanguage\":\"en-GB\"},{\"@type\":\"Organization\",\"@id\":\"https:\/\/rad-pal.com.pl\/#organization\",\"name\":\"Rad-Pal\",\"url\":\"https:\/\/rad-pal.com.pl\/\",\"logo\":{\"@type\":\"ImageObject\",\"inLanguage\":\"en-GB\",\"@id\":\"https:\/\/rad-pal.com.pl\/#\/schema\/logo\/image\/\",\"url\":\"https:\/\/rad-pal.com.pl\/wp-content\/uploads\/2026\/03\/Projekt-bez-nazwy-30.webp\",\"contentUrl\":\"https:\/\/rad-pal.com.pl\/wp-content\/uploads\/2026\/03\/Projekt-bez-nazwy-30.webp\",\"width\":600,\"height\":210,\"caption\":\"Rad-Pal\"},\"image\":{\"@id\":\"https:\/\/rad-pal.com.pl\/#\/schema\/logo\/image\/\"}}]}<\/script>\n<!-- \/ Yoast SEO plugin. -->","yoast_head_json":{"title":"Bramka Pi\u0142karska Relaxdays 2szt - Rad-Pal","robots":{"index":"index","follow":"follow","max-snippet":"max-snippet:-1","max-image-preview":"max-image-preview:large","max-video-preview":"max-video-preview:-1"},"canonical":"https:\/\/rad-pal.com.pl\/en\/sklep\/bez-kategorii\/bramka-pilkarska-relaxdays-2szt\/","og_locale":"en_GB","og_type":"article","og_title":"Bramka Pi\u0142karska Relaxdays 2szt - Rad-Pal","og_description":"\u2733\ufe0f UWAGA ILO\u015a\u0106 OGRANICZONA \u2733\ufe0f \u2764\ufe0fOferowany przedmiot renomowanej firmy Relaxdays \u2764\ufe0fSk\u0142adane bramki pi\u0142karskie dla dzieci i doros\u0142ych \ufffdDwie mini bramki","og_url":"https:\/\/rad-pal.com.pl\/en\/sklep\/bez-kategorii\/bramka-pilkarska-relaxdays-2szt\/","og_site_name":"Rad-Pal","article_modified_time":"2026-02-19T16:31:48+00:00","og_image":[{"url":"https:\/\/upload.cdn.baselinker.com\/products\/6014502\/3ab8b23db7fa0be65995dd1841050764.jpg","type":"","width":"","height":""}],"twitter_card":"summary_large_image","twitter_misc":{"Estimated reading time":"1 minute"},"schema":{"@context":"https:\/\/schema.org","@graph":[{"@type":"WebPage","@id":"https:\/\/rad-pal.com.pl\/sklep\/bez-kategorii\/bramka-pilkarska-relaxdays-2szt\/","url":"https:\/\/rad-pal.com.pl\/sklep\/bez-kategorii\/bramka-pilkarska-relaxdays-2szt\/","name":"Bramka Pi\u0142karska Relaxdays 2szt - Rad-Pal","isPartOf":{"@id":"https:\/\/rad-pal.com.pl\/#website"},"primaryImageOfPage":{"@id":"https:\/\/rad-pal.com.pl\/sklep\/bez-kategorii\/bramka-pilkarska-relaxdays-2szt\/#primaryimage"},"image":{"@id":"https:\/\/rad-pal.com.pl\/sklep\/bez-kategorii\/bramka-pilkarska-relaxdays-2szt\/#primaryimage"},"thumbnailUrl":"https:\/\/rad-pal.com.pl\/wp-content\/uploads\/2026\/02\/3ab8b23db7fa0be65995dd1841050764.jpg","datePublished":"2026-02-19T15:57:18+00:00","dateModified":"2026-02-19T16:31:48+00:00","breadcrumb":{"@id":"https:\/\/rad-pal.com.pl\/sklep\/bez-kategorii\/bramka-pilkarska-relaxdays-2szt\/#breadcrumb"},"inLanguage":"en-GB","potentialAction":[{"@type":"ReadAction","target":["https:\/\/rad-pal.com.pl\/sklep\/bez-kategorii\/bramka-pilkarska-relaxdays-2szt\/"]}]},{"@type":"ImageObject","inLanguage":"en-GB","@id":"https:\/\/rad-pal.com.pl\/sklep\/bez-kategorii\/bramka-pilkarska-relaxdays-2szt\/#primaryimage","url":"https:\/\/rad-pal.com.pl\/wp-content\/uploads\/2026\/02\/3ab8b23db7fa0be65995dd1841050764.jpg","contentUrl":"https:\/\/rad-pal.com.pl\/wp-content\/uploads\/2026\/02\/3ab8b23db7fa0be65995dd1841050764.jpg","width":2048,"height":2048,"caption":"6b23376b8234ca2a79bda10c6adefefc"},{"@type":"BreadcrumbList","@id":"https:\/\/rad-pal.com.pl\/sklep\/bez-kategorii\/bramka-pilkarska-relaxdays-2szt\/#breadcrumb","itemListElement":[{"@type":"ListItem","position":1,"name":"Strona g\u0142\u00f3wna","item":"https:\/\/rad-pal.com.pl\/"},{"@type":"ListItem","position":2,"name":"Sklep","item":"https:\/\/rad-pal.com.pl\/sklep\/"},{"@type":"ListItem","position":3,"name":"Bramka Pi\u0142karska Relaxdays 2szt"}]},{"@type":"WebSite","@id":"https:\/\/rad-pal.com.pl\/#website","url":"https:\/\/rad-pal.com.pl\/","name":"Rad-Pal","description":"","publisher":{"@id":"https:\/\/rad-pal.com.pl\/#organization"},"potentialAction":[{"@type":"SearchAction","target":{"@type":"EntryPoint","urlTemplate":"https:\/\/rad-pal.com.pl\/?s={search_term_string}"},"query-input":{"@type":"PropertyValueSpecification","valueRequired":true,"valueName":"search_term_string"}}],"inLanguage":"en-GB"},{"@type":"Organization","@id":"https:\/\/rad-pal.com.pl\/#organization","name":"Rad-Pal","url":"https:\/\/rad-pal.com.pl\/","logo":{"@type":"ImageObject","inLanguage":"en-GB","@id":"https:\/\/rad-pal.com.pl\/#\/schema\/logo\/image\/","url":"https:\/\/rad-pal.com.pl\/wp-content\/uploads\/2026\/03\/Projekt-bez-nazwy-30.webp","contentUrl":"https:\/\/rad-pal.com.pl\/wp-content\/uploads\/2026\/03\/Projekt-bez-nazwy-30.webp","width":600,"height":210,"caption":"Rad-Pal"},"image":{"@id":"https:\/\/rad-pal.com.pl\/#\/schema\/logo\/image\/"}}]}},"_links":{"self":[{"href":"https:\/\/rad-pal.com.pl\/en\/wp-json\/wp\/v2\/product\/34146","targetHints":{"allow":["GET"]}}],"collection":[{"href":"https:\/\/rad-pal.com.pl\/en\/wp-json\/wp\/v2\/product"}],"about":[{"href":"https:\/\/rad-pal.com.pl\/en\/wp-json\/wp\/v2\/types\/product"}],"version-history":[{"count":0,"href":"https:\/\/rad-pal.com.pl\/en\/wp-json\/wp\/v2\/product\/34146\/revisions"}],"wp:featuredmedia":[{"embeddable":true,"href":"https:\/\/rad-pal.com.pl\/en\/wp-json\/wp\/v2\/media\/34140"}],"wp:attachment":[{"href":"https:\/\/rad-pal.com.pl\/en\/wp-json\/wp\/v2\/media?parent=34146"}],"wp:term":[{"taxonomy":"product_brand","embeddable":true,"href":"https:\/\/rad-pal.com.pl\/en\/wp-json\/wp\/v2\/product_brand?post=34146"},{"taxonomy":"product_cat","embeddable":true,"href":"https:\/\/rad-pal.com.pl\/en\/wp-json\/wp\/v2\/product_cat?post=34146"},{"taxonomy":"product_tag","embeddable":true,"href":"https:\/\/rad-pal.com.pl\/en\/wp-json\/wp\/v2\/product_tag?post=34146"}],"curies":[{"name":"wp","href":"https:\/\/api.w.org\/{rel}","templated":true}]}}