{"id":34356,"date":"2026-02-19T17:06:46","date_gmt":"2026-02-19T16:06:46","guid":{"rendered":"https:\/\/rad-pal.com.pl\/sklep\/bez-kategorii\/podporki-do-roslin-metal-45-cm-4-szt\/"},"modified":"2026-02-19T17:33:19","modified_gmt":"2026-02-19T16:33:19","slug":"podporki-do-roslin-metal-45-cm-4-szt","status":"publish","type":"product","link":"https:\/\/rad-pal.com.pl\/en\/sklep\/dom-i-ogrod\/ogrod\/rosliny\/akcesoria-rosliny\/podporki\/podporki-do-roslin-metal-45-cm-4-szt\/","title":{"rendered":"Podp\u00f3rki do ro\u015blin metal 45 cm 4 szt."},"content":{"rendered":"<section class=\"section\">\n<div class=\"item item-6\">\n<section class=\"image-item\"><img decoding=\"async\" src=\"https:\/\/upload.cdn.baselinker.com\/products\/6014502\/990b16f9cccc0d64bac775bedc84cc90.jpg\" \/><\/section>\n<\/p><\/div>\n<div class=\"item item-6\">\n<section class=\"text-item\">\n<h1>Oferowany przedmiot<\/h1>\n<h1>renomowanej firmy<\/h1>\n<h1>Relaxdays<\/h1>\n<\/section><\/div>\n<\/section>\n<section class=\"section\">\n<div class=\"item item-6\">\n<section class=\"text-item\">\n<h2>Wsparcie winoro\u015bli dla ro\u015blin ozdobnych i ro\u015blin uprawnych<\/h2>\n<p>Daj swoim pn\u0105cym ro\u015blinom doniczkowym wsparcie i kszta\u0142t dzi\u0119ki zestawowi 4 pomocy wspinaczkowych dla ma\u0142ych ro\u015blin ozdobnych i u\u017cytecznych.<\/p>\n<p>Krata wykonana z metalu i tworzywa sztucznego jest wszechstronna, czy to jako kolumna pomidorowa do pomidor\u00f3w koktajlowych na balkonie, czy jako pomoc w winoro\u015bli doniczkowej dla palmy g\u00f3rskiej w salonie.<\/p>\n<p>Po prostu roz\u0142\u00f3\u017c i pod\u0142\u0105cz. Ju\u017c teraz mo\u017cesz zabezpieczy\u0107 zamiatanie krzew\u00f3w lub wspiera\u0107 delikatne ro\u015bliny pieprzu.<\/p>\n<p>Niska klatka pomidorowa nadaje si\u0119 r\u00f3wnie\u017c do stosowania na \u0142\u00f3\u017cku w ogrodzie.<\/p>\n<\/section><\/div>\n<div class=\"item item-6\">\n<section class=\"image-item\"><img decoding=\"async\" src=\"https:\/\/upload.cdn.baselinker.com\/products\/6014502\/404ec8c82773a273ae4d3f98840bcc3d.jpg\" \/><\/section>\n<\/p><\/div>\n<\/section>\n<section class=\"section\">\n<div class=\"item item-6\">\n<section class=\"image-item\"><img decoding=\"async\" src=\"https:\/\/upload.cdn.baselinker.com\/products\/6014502\/f105b4f6efc3f39fb0bbce1d5b6d602d.jpg\" \/><\/section>\n<\/p><\/div>\n<div class=\"item item-6\">\n<section class=\"text-item\">\n<h2>Pomoc wspinaczkowa dla ro\u015blin pn\u0105cych<\/h2>\n<ul>\n<li>Zestaw 4 kolumn do doniczki i sadzarki<\/li>\n<\/ul>\n<ul>\n<li>Idealna pomoc w winoro\u015bli pomidorowej do pomidor\u00f3w koktajlowych i krzewiastych<\/li>\n<\/ul>\n<ul>\n<li>Uniwersalny uchwyt na kwiaty do ro\u015blin balkonowych i domowych<\/li>\n<\/ul>\n<ul>\n<li>Nadaje si\u0119 r\u00f3wnie\u017c w \u0142\u00f3\u017cku na groch, fasol\u0119 lub papryk\u0119<\/li>\n<\/ul>\n<ul>\n<li>3 pier\u015bcienie z regulacj\u0105 wysoko\u015bci dla doskona\u0142ego podparcia ro\u015bliny<\/li>\n<\/ul>\n<ul>\n<li>Idealna obs\u0142uga rangi z niewielk\u0105 ilo\u015bci\u0105 miejsca<\/li>\n<\/ul>\n<\/section><\/div>\n<\/section>\n<section class=\"section\">\n<div class=\"item item-6\">\n<section class=\"text-item\">\n<h2>Specyfikacja:<\/h2>\n<ul>\n<li>Wielko\u015b\u0107 45 x 18 cm<\/li>\n<\/ul>\n<ul>\n<li>Rozmiary pier\u015bcieni D: ok. 14, 16, 18 cm<\/li>\n<\/ul>\n<ul>\n<li>Dopuszczalne obci\u0105\u017cenie: ok. 5 kg<\/li>\n<\/ul>\n<ul>\n<li>Waga: ok. 80 g<\/li>\n<\/ul>\n<ul>\n<li>Materia\u0142: \u017celazo, tworzywo sztuczne<\/li>\n<\/ul>\n<ul>\n<li>Kolor: Zielony<\/li>\n<\/ul>\n<\/section><\/div>\n<div class=\"item item-6\">\n<section class=\"image-item\"><img decoding=\"async\" src=\"https:\/\/upload.cdn.baselinker.com\/products\/6014502\/a1de2ac2a979ad4b817b43fd5cc1823f.jpg\" \/><\/section>\n<\/p><\/div>\n<\/section>\n<section class=\"section\">\n<div class=\"item item-12\">\n<section class=\"image-item\"><img decoding=\"async\" src=\"https:\/\/upload.cdn.baselinker.com\/products\/6014502\/540708e3670506ff32af98a2a018be61.jpg\" \/><\/section>\n<\/p><\/div>\n<\/section>\n<section class=\"section\">\n<div class=\"item item-12\">\n<section class=\"text-item\">\n<p>8<\/p>\n<\/section><\/div>\n<\/section>","protected":false},"excerpt":{"rendered":"<p>Oferowany przedmiot renomowanej firmy Relaxdays Wsparcie winoro\u015bli dla ro\u015blin ozdobnych i ro\u015blin uprawnych Daj swoim pn\u0105cym ro\u015blinom doniczkowym wsparcie i<\/p>","protected":false},"featured_media":34349,"template":"","meta":[],"product_brand":[],"product_cat":[261,86,111,262,260],"product_tag":[],"class_list":{"0":"post-34356","1":"product","2":"type-product","3":"status-publish","4":"has-post-thumbnail","6":"product_cat-akcesoria-rosliny","7":"product_cat-dom-i-ogrod","8":"product_cat-ogrod","9":"product_cat-podporki","10":"product_cat-rosliny","12":"first","13":"instock","14":"taxable","15":"shipping-taxable","16":"purchasable","17":"product-type-simple"},"yoast_head":"<!-- This site is optimized with the Yoast SEO plugin v25.7 - https:\/\/yoast.com\/wordpress\/plugins\/seo\/ -->\n<title>Podp\u00f3rki do ro\u015blin metal 45 cm 4 szt. - Rad-Pal<\/title>\n<meta name=\"robots\" content=\"index, follow, max-snippet:-1, max-image-preview:large, max-video-preview:-1\" \/>\n<link rel=\"canonical\" href=\"https:\/\/rad-pal.com.pl\/en\/sklep\/bez-kategorii\/podporki-do-roslin-metal-45-cm-4-szt\/\" \/>\n<meta property=\"og:locale\" content=\"en_GB\" \/>\n<meta property=\"og:type\" content=\"article\" \/>\n<meta property=\"og:title\" content=\"Podp\u00f3rki do ro\u015blin metal 45 cm 4 szt. - Rad-Pal\" \/>\n<meta property=\"og:description\" content=\"Oferowany przedmiot renomowanej firmy Relaxdays Wsparcie winoro\u015bli dla ro\u015blin ozdobnych i ro\u015blin uprawnych Daj swoim pn\u0105cym ro\u015blinom doniczkowym wsparcie i\" \/>\n<meta property=\"og:url\" content=\"https:\/\/rad-pal.com.pl\/en\/sklep\/bez-kategorii\/podporki-do-roslin-metal-45-cm-4-szt\/\" \/>\n<meta property=\"og:site_name\" content=\"Rad-Pal\" \/>\n<meta property=\"article:modified_time\" content=\"2026-02-19T16:33:19+00:00\" \/>\n<meta property=\"og:image\" content=\"https:\/\/upload.cdn.baselinker.com\/products\/6014502\/990b16f9cccc0d64bac775bedc84cc90.jpg\" \/>\n<meta name=\"twitter:card\" content=\"summary_large_image\" \/>\n<meta name=\"twitter:label1\" content=\"Estimated reading time\" \/>\n\t<meta name=\"twitter:data1\" content=\"1 minute\" \/>\n<script type=\"application\/ld+json\" class=\"yoast-schema-graph\">{\"@context\":\"https:\/\/schema.org\",\"@graph\":[{\"@type\":\"WebPage\",\"@id\":\"https:\/\/rad-pal.com.pl\/sklep\/bez-kategorii\/podporki-do-roslin-metal-45-cm-4-szt\/\",\"url\":\"https:\/\/rad-pal.com.pl\/sklep\/bez-kategorii\/podporki-do-roslin-metal-45-cm-4-szt\/\",\"name\":\"Podp\u00f3rki do ro\u015blin metal 45 cm 4 szt. - Rad-Pal\",\"isPartOf\":{\"@id\":\"https:\/\/rad-pal.com.pl\/#website\"},\"primaryImageOfPage\":{\"@id\":\"https:\/\/rad-pal.com.pl\/sklep\/bez-kategorii\/podporki-do-roslin-metal-45-cm-4-szt\/#primaryimage\"},\"image\":{\"@id\":\"https:\/\/rad-pal.com.pl\/sklep\/bez-kategorii\/podporki-do-roslin-metal-45-cm-4-szt\/#primaryimage\"},\"thumbnailUrl\":\"https:\/\/rad-pal.com.pl\/wp-content\/uploads\/2026\/02\/990b16f9cccc0d64bac775bedc84cc90.jpg\",\"datePublished\":\"2026-02-19T16:06:46+00:00\",\"dateModified\":\"2026-02-19T16:33:19+00:00\",\"breadcrumb\":{\"@id\":\"https:\/\/rad-pal.com.pl\/sklep\/bez-kategorii\/podporki-do-roslin-metal-45-cm-4-szt\/#breadcrumb\"},\"inLanguage\":\"en-GB\",\"potentialAction\":[{\"@type\":\"ReadAction\",\"target\":[\"https:\/\/rad-pal.com.pl\/sklep\/bez-kategorii\/podporki-do-roslin-metal-45-cm-4-szt\/\"]}]},{\"@type\":\"ImageObject\",\"inLanguage\":\"en-GB\",\"@id\":\"https:\/\/rad-pal.com.pl\/sklep\/bez-kategorii\/podporki-do-roslin-metal-45-cm-4-szt\/#primaryimage\",\"url\":\"https:\/\/rad-pal.com.pl\/wp-content\/uploads\/2026\/02\/990b16f9cccc0d64bac775bedc84cc90.jpg\",\"contentUrl\":\"https:\/\/rad-pal.com.pl\/wp-content\/uploads\/2026\/02\/990b16f9cccc0d64bac775bedc84cc90.jpg\",\"width\":2048,\"height\":2048,\"caption\":\"ef10e938a9045162fe2bb9dd93789502\"},{\"@type\":\"BreadcrumbList\",\"@id\":\"https:\/\/rad-pal.com.pl\/sklep\/bez-kategorii\/podporki-do-roslin-metal-45-cm-4-szt\/#breadcrumb\",\"itemListElement\":[{\"@type\":\"ListItem\",\"position\":1,\"name\":\"Strona g\u0142\u00f3wna\",\"item\":\"https:\/\/rad-pal.com.pl\/\"},{\"@type\":\"ListItem\",\"position\":2,\"name\":\"Sklep\",\"item\":\"https:\/\/rad-pal.com.pl\/sklep\/\"},{\"@type\":\"ListItem\",\"position\":3,\"name\":\"Podp\u00f3rki do ro\u015blin metal 45 cm 4 szt.\"}]},{\"@type\":\"WebSite\",\"@id\":\"https:\/\/rad-pal.com.pl\/#website\",\"url\":\"https:\/\/rad-pal.com.pl\/\",\"name\":\"Rad-Pal\",\"description\":\"\",\"publisher\":{\"@id\":\"https:\/\/rad-pal.com.pl\/#organization\"},\"potentialAction\":[{\"@type\":\"SearchAction\",\"target\":{\"@type\":\"EntryPoint\",\"urlTemplate\":\"https:\/\/rad-pal.com.pl\/?s={search_term_string}\"},\"query-input\":{\"@type\":\"PropertyValueSpecification\",\"valueRequired\":true,\"valueName\":\"search_term_string\"}}],\"inLanguage\":\"en-GB\"},{\"@type\":\"Organization\",\"@id\":\"https:\/\/rad-pal.com.pl\/#organization\",\"name\":\"Rad-Pal\",\"url\":\"https:\/\/rad-pal.com.pl\/\",\"logo\":{\"@type\":\"ImageObject\",\"inLanguage\":\"en-GB\",\"@id\":\"https:\/\/rad-pal.com.pl\/#\/schema\/logo\/image\/\",\"url\":\"https:\/\/rad-pal.com.pl\/wp-content\/uploads\/2026\/03\/Projekt-bez-nazwy-30.webp\",\"contentUrl\":\"https:\/\/rad-pal.com.pl\/wp-content\/uploads\/2026\/03\/Projekt-bez-nazwy-30.webp\",\"width\":600,\"height\":210,\"caption\":\"Rad-Pal\"},\"image\":{\"@id\":\"https:\/\/rad-pal.com.pl\/#\/schema\/logo\/image\/\"}}]}<\/script>\n<!-- \/ Yoast SEO plugin. -->","yoast_head_json":{"title":"Podp\u00f3rki do ro\u015blin metal 45 cm 4 szt. - Rad-Pal","robots":{"index":"index","follow":"follow","max-snippet":"max-snippet:-1","max-image-preview":"max-image-preview:large","max-video-preview":"max-video-preview:-1"},"canonical":"https:\/\/rad-pal.com.pl\/en\/sklep\/bez-kategorii\/podporki-do-roslin-metal-45-cm-4-szt\/","og_locale":"en_GB","og_type":"article","og_title":"Podp\u00f3rki do ro\u015blin metal 45 cm 4 szt. - Rad-Pal","og_description":"Oferowany przedmiot renomowanej firmy Relaxdays Wsparcie winoro\u015bli dla ro\u015blin ozdobnych i ro\u015blin uprawnych Daj swoim pn\u0105cym ro\u015blinom doniczkowym wsparcie i","og_url":"https:\/\/rad-pal.com.pl\/en\/sklep\/bez-kategorii\/podporki-do-roslin-metal-45-cm-4-szt\/","og_site_name":"Rad-Pal","article_modified_time":"2026-02-19T16:33:19+00:00","og_image":[{"url":"https:\/\/upload.cdn.baselinker.com\/products\/6014502\/990b16f9cccc0d64bac775bedc84cc90.jpg","type":"","width":"","height":""}],"twitter_card":"summary_large_image","twitter_misc":{"Estimated reading time":"1 minute"},"schema":{"@context":"https:\/\/schema.org","@graph":[{"@type":"WebPage","@id":"https:\/\/rad-pal.com.pl\/sklep\/bez-kategorii\/podporki-do-roslin-metal-45-cm-4-szt\/","url":"https:\/\/rad-pal.com.pl\/sklep\/bez-kategorii\/podporki-do-roslin-metal-45-cm-4-szt\/","name":"Podp\u00f3rki do ro\u015blin metal 45 cm 4 szt. - Rad-Pal","isPartOf":{"@id":"https:\/\/rad-pal.com.pl\/#website"},"primaryImageOfPage":{"@id":"https:\/\/rad-pal.com.pl\/sklep\/bez-kategorii\/podporki-do-roslin-metal-45-cm-4-szt\/#primaryimage"},"image":{"@id":"https:\/\/rad-pal.com.pl\/sklep\/bez-kategorii\/podporki-do-roslin-metal-45-cm-4-szt\/#primaryimage"},"thumbnailUrl":"https:\/\/rad-pal.com.pl\/wp-content\/uploads\/2026\/02\/990b16f9cccc0d64bac775bedc84cc90.jpg","datePublished":"2026-02-19T16:06:46+00:00","dateModified":"2026-02-19T16:33:19+00:00","breadcrumb":{"@id":"https:\/\/rad-pal.com.pl\/sklep\/bez-kategorii\/podporki-do-roslin-metal-45-cm-4-szt\/#breadcrumb"},"inLanguage":"en-GB","potentialAction":[{"@type":"ReadAction","target":["https:\/\/rad-pal.com.pl\/sklep\/bez-kategorii\/podporki-do-roslin-metal-45-cm-4-szt\/"]}]},{"@type":"ImageObject","inLanguage":"en-GB","@id":"https:\/\/rad-pal.com.pl\/sklep\/bez-kategorii\/podporki-do-roslin-metal-45-cm-4-szt\/#primaryimage","url":"https:\/\/rad-pal.com.pl\/wp-content\/uploads\/2026\/02\/990b16f9cccc0d64bac775bedc84cc90.jpg","contentUrl":"https:\/\/rad-pal.com.pl\/wp-content\/uploads\/2026\/02\/990b16f9cccc0d64bac775bedc84cc90.jpg","width":2048,"height":2048,"caption":"ef10e938a9045162fe2bb9dd93789502"},{"@type":"BreadcrumbList","@id":"https:\/\/rad-pal.com.pl\/sklep\/bez-kategorii\/podporki-do-roslin-metal-45-cm-4-szt\/#breadcrumb","itemListElement":[{"@type":"ListItem","position":1,"name":"Strona g\u0142\u00f3wna","item":"https:\/\/rad-pal.com.pl\/"},{"@type":"ListItem","position":2,"name":"Sklep","item":"https:\/\/rad-pal.com.pl\/sklep\/"},{"@type":"ListItem","position":3,"name":"Podp\u00f3rki do ro\u015blin metal 45 cm 4 szt."}]},{"@type":"WebSite","@id":"https:\/\/rad-pal.com.pl\/#website","url":"https:\/\/rad-pal.com.pl\/","name":"Rad-Pal","description":"","publisher":{"@id":"https:\/\/rad-pal.com.pl\/#organization"},"potentialAction":[{"@type":"SearchAction","target":{"@type":"EntryPoint","urlTemplate":"https:\/\/rad-pal.com.pl\/?s={search_term_string}"},"query-input":{"@type":"PropertyValueSpecification","valueRequired":true,"valueName":"search_term_string"}}],"inLanguage":"en-GB"},{"@type":"Organization","@id":"https:\/\/rad-pal.com.pl\/#organization","name":"Rad-Pal","url":"https:\/\/rad-pal.com.pl\/","logo":{"@type":"ImageObject","inLanguage":"en-GB","@id":"https:\/\/rad-pal.com.pl\/#\/schema\/logo\/image\/","url":"https:\/\/rad-pal.com.pl\/wp-content\/uploads\/2026\/03\/Projekt-bez-nazwy-30.webp","contentUrl":"https:\/\/rad-pal.com.pl\/wp-content\/uploads\/2026\/03\/Projekt-bez-nazwy-30.webp","width":600,"height":210,"caption":"Rad-Pal"},"image":{"@id":"https:\/\/rad-pal.com.pl\/#\/schema\/logo\/image\/"}}]}},"_links":{"self":[{"href":"https:\/\/rad-pal.com.pl\/en\/wp-json\/wp\/v2\/product\/34356","targetHints":{"allow":["GET"]}}],"collection":[{"href":"https:\/\/rad-pal.com.pl\/en\/wp-json\/wp\/v2\/product"}],"about":[{"href":"https:\/\/rad-pal.com.pl\/en\/wp-json\/wp\/v2\/types\/product"}],"version-history":[{"count":0,"href":"https:\/\/rad-pal.com.pl\/en\/wp-json\/wp\/v2\/product\/34356\/revisions"}],"wp:featuredmedia":[{"embeddable":true,"href":"https:\/\/rad-pal.com.pl\/en\/wp-json\/wp\/v2\/media\/34349"}],"wp:attachment":[{"href":"https:\/\/rad-pal.com.pl\/en\/wp-json\/wp\/v2\/media?parent=34356"}],"wp:term":[{"taxonomy":"product_brand","embeddable":true,"href":"https:\/\/rad-pal.com.pl\/en\/wp-json\/wp\/v2\/product_brand?post=34356"},{"taxonomy":"product_cat","embeddable":true,"href":"https:\/\/rad-pal.com.pl\/en\/wp-json\/wp\/v2\/product_cat?post=34356"},{"taxonomy":"product_tag","embeddable":true,"href":"https:\/\/rad-pal.com.pl\/en\/wp-json\/wp\/v2\/product_tag?post=34356"}],"curies":[{"name":"wp","href":"https:\/\/api.w.org\/{rel}","templated":true}]}}