{"id":34409,"date":"2026-02-19T17:08:49","date_gmt":"2026-02-19T16:08:49","guid":{"rendered":"https:\/\/rad-pal.com.pl\/sklep\/bez-kategorii\/swieca-tealight-sojowa-bezzapchowe-relaxdays-12-szt\/"},"modified":"2026-04-01T09:27:53","modified_gmt":"2026-04-01T07:27:53","slug":"swieca-tealight-sojowa-bezzapchowe-relaxdays-12-szt","status":"publish","type":"product","link":"https:\/\/rad-pal.com.pl\/en\/sklep\/dom-i-ogrod\/wyposazenie\/swiece-i-zapachy-do-domu\/swiece\/swieca-tealight-sojowa-bezzapchowe-relaxdays-12-szt\/","title":{"rendered":"\u015awieca tealight sojowa bezzapchowe Relaxdays 12 szt."},"content":{"rendered":"<section class=\"section\">\n<div class=\"item item-6\">\n<section class=\"image-item\"><img decoding=\"async\" src=\"https:\/\/upload.cdn.baselinker.com\/products\/6014502\/6bb5de58c9e8655f92c74da385f5a8c7.jpg\" \/><\/section>\n<\/p><\/div>\n<div class=\"item item-6\">\n<section class=\"text-item\">\n<h2>Ponadczasowe s\u0142oiki na \u015bwiece w praktycznym zestawie 12 sztuk<\/h2>\n<p>Nie powiniene\u015b lekcewa\u017cy\u0107 o\u015bwietlenia, je\u015bli chcesz stworzy\u0107 atmosfer\u0119, kt\u00f3ra zapada w pami\u0119\u0107. Dzi\u0119ki s\u0142oikom na \u015bwieczki mo\u017cesz upi\u0119kszy\u0107 swoje wn\u0119trza w wyj\u0105tkowy spos\u00f3b. Rozmie\u015b\u0107 \u015bwieczniki w salonie lub wyczaruj nastrojowe \u015bwiat\u0142o na stole w jadalni. Dekoracyjne kieliszki mo\u017cna r\u00f3wnie\u017c zabra\u0107 na taras lub do ogrodu. Na weselach, urodzinach i przyj\u0119ciach kieliszki wotywne zachwyc\u0105 rodzin\u0119 i go\u015bci jako dekoracja przyci\u0105gaj\u0105ca wzrok.<\/p>\n<h2>Szklane podstawki na podgrzewacze<\/h2>\n<ul>\n<li>Okr\u0105g\u0142e szklanki dekoracyjne na podgrzewacze i \u015bwiece<\/li>\n<li>Dla przytulnej atmosfery w przytulnym \u015bwietle<\/li>\n<li>Do u\u017cytku w pomieszczeniach lub na zewn\u0105trz<\/li>\n<li>Dekoracja sto\u0142u na wesela, urodziny itp.<\/li>\n<li>Prosty, ponadczasowy design w jednolitym zestawie<\/li>\n<\/ul>\n<\/section><\/div>\n<\/section>\n<section class=\"section\">\n<div class=\"item item-6\">\n<section class=\"text-item\">\n<h2>Kieliszki na tealight w zestawie 12 sztuk<\/h2>\n<ul>\n<li>Wysoko\u015b\u0107 ozdobnych kieliszk\u00f3w: ok. 8,5 cm<\/li>\n<li>Dolna \u015brednica: ok. 6,5 cm<\/li>\n<li>G\u00f3rna \u015brednica: ok. 7 cm<\/li>\n<li>Waga: ok. 180 g ka\u017cdy<\/li>\n<li>Materia\u0142: szk\u0142o<\/li>\n<li>Kolor: przezroczysty<\/li>\n<li>12x latarnia (bez podgrzewaczy)<\/li>\n<li>bez dekoracji<\/li>\n<li>Sk\u0142ad Materia\u0142u<\/li>\n<li>100% szk\u0142o<\/li>\n<\/ul>\n<\/section><\/div>\n<div class=\"item item-6\">\n<section class=\"image-item\"><img decoding=\"async\" src=\"https:\/\/upload.cdn.baselinker.com\/products\/6014502\/a86dcb417ecab5703c023daa8e2b99b5.jpg\" \/><\/section>\n<\/p><\/div>\n<\/section>\n<section class=\"section\">\n<div class=\"item item-12\">\n<section class=\"image-item\"><img decoding=\"async\" src=\"https:\/\/upload.cdn.baselinker.com\/products\/6014502\/0a2649a5e9edc94fb97ebffa483e02e7.jpg\" \/><\/section>\n<\/p><\/div>\n<\/section>\n<section class=\"section\">\n<div class=\"item item-12\">\n<section class=\"text-item\">\n<p>8<\/p>\n<\/section><\/div>\n<\/section>","protected":false},"excerpt":{"rendered":"<p>Ponadczasowe s\u0142oiki na \u015bwiece w praktycznym zestawie 12 sztuk Nie powiniene\u015b lekcewa\u017cy\u0107 o\u015bwietlenia, je\u015bli chcesz stworzy\u0107 atmosfer\u0119, kt\u00f3ra zapada w<\/p>","protected":false},"featured_media":34410,"template":"","meta":[],"product_brand":[],"product_cat":[86,497,361,87],"product_tag":[],"class_list":{"0":"post-34409","1":"product","2":"type-product","3":"status-publish","4":"has-post-thumbnail","6":"product_cat-dom-i-ogrod","7":"product_cat-swiece","8":"product_cat-swiece-i-zapachy-do-domu","9":"product_cat-wyposazenie","11":"first","12":"instock","13":"taxable","14":"shipping-taxable","15":"purchasable","16":"product-type-simple"},"yoast_head":"<!-- This site is optimized with the Yoast SEO plugin v25.7 - https:\/\/yoast.com\/wordpress\/plugins\/seo\/ -->\n<title>\u015awieca tealight sojowa bezzapchowe Relaxdays 12 szt. - Rad-Pal<\/title>\n<meta name=\"robots\" content=\"index, follow, max-snippet:-1, max-image-preview:large, max-video-preview:-1\" \/>\n<link rel=\"canonical\" href=\"https:\/\/rad-pal.com.pl\/en\/sklep\/dom-i-ogrod\/wyposazenie\/swiece-i-zapachy-do-domu\/swiece\/swieca-tealight-sojowa-bezzapchowe-relaxdays-12-szt\/\" \/>\n<meta property=\"og:locale\" content=\"en_GB\" \/>\n<meta property=\"og:type\" content=\"article\" \/>\n<meta property=\"og:title\" content=\"\u015awieca tealight sojowa bezzapchowe Relaxdays 12 szt. - Rad-Pal\" \/>\n<meta property=\"og:description\" content=\"Ponadczasowe s\u0142oiki na \u015bwiece w praktycznym zestawie 12 sztuk Nie powiniene\u015b lekcewa\u017cy\u0107 o\u015bwietlenia, je\u015bli chcesz stworzy\u0107 atmosfer\u0119, kt\u00f3ra zapada w\" \/>\n<meta property=\"og:url\" content=\"https:\/\/rad-pal.com.pl\/en\/sklep\/dom-i-ogrod\/wyposazenie\/swiece-i-zapachy-do-domu\/swiece\/swieca-tealight-sojowa-bezzapchowe-relaxdays-12-szt\/\" \/>\n<meta property=\"og:site_name\" content=\"Rad-Pal\" \/>\n<meta property=\"article:modified_time\" content=\"2026-04-01T07:27:53+00:00\" \/>\n<meta property=\"og:image\" content=\"https:\/\/rad-pal.com.pl\/wp-content\/uploads\/2026\/02\/482a6f3353a76c6bf459eebb4a714cf4.jpg\" \/>\n\t<meta property=\"og:image:width\" content=\"1500\" \/>\n\t<meta property=\"og:image:height\" content=\"1497\" \/>\n\t<meta property=\"og:image:type\" content=\"image\/jpeg\" \/>\n<meta name=\"twitter:card\" content=\"summary_large_image\" \/>\n<meta name=\"twitter:label1\" content=\"Estimated reading time\" \/>\n\t<meta name=\"twitter:data1\" content=\"1 minute\" \/>\n<script type=\"application\/ld+json\" class=\"yoast-schema-graph\">{\"@context\":\"https:\/\/schema.org\",\"@graph\":[{\"@type\":\"WebPage\",\"@id\":\"https:\/\/rad-pal.com.pl\/sklep\/dom-i-ogrod\/wyposazenie\/swiece-i-zapachy-do-domu\/swiece\/swieca-tealight-sojowa-bezzapchowe-relaxdays-12-szt\/\",\"url\":\"https:\/\/rad-pal.com.pl\/sklep\/dom-i-ogrod\/wyposazenie\/swiece-i-zapachy-do-domu\/swiece\/swieca-tealight-sojowa-bezzapchowe-relaxdays-12-szt\/\",\"name\":\"\u015awieca tealight sojowa bezzapchowe Relaxdays 12 szt. - Rad-Pal\",\"isPartOf\":{\"@id\":\"https:\/\/rad-pal.com.pl\/#website\"},\"primaryImageOfPage\":{\"@id\":\"https:\/\/rad-pal.com.pl\/sklep\/dom-i-ogrod\/wyposazenie\/swiece-i-zapachy-do-domu\/swiece\/swieca-tealight-sojowa-bezzapchowe-relaxdays-12-szt\/#primaryimage\"},\"image\":{\"@id\":\"https:\/\/rad-pal.com.pl\/sklep\/dom-i-ogrod\/wyposazenie\/swiece-i-zapachy-do-domu\/swiece\/swieca-tealight-sojowa-bezzapchowe-relaxdays-12-szt\/#primaryimage\"},\"thumbnailUrl\":\"https:\/\/rad-pal.com.pl\/wp-content\/uploads\/2026\/02\/482a6f3353a76c6bf459eebb4a714cf4-1.jpg\",\"datePublished\":\"2026-02-19T16:08:49+00:00\",\"dateModified\":\"2026-04-01T07:27:53+00:00\",\"breadcrumb\":{\"@id\":\"https:\/\/rad-pal.com.pl\/sklep\/dom-i-ogrod\/wyposazenie\/swiece-i-zapachy-do-domu\/swiece\/swieca-tealight-sojowa-bezzapchowe-relaxdays-12-szt\/#breadcrumb\"},\"inLanguage\":\"en-GB\",\"potentialAction\":[{\"@type\":\"ReadAction\",\"target\":[\"https:\/\/rad-pal.com.pl\/sklep\/dom-i-ogrod\/wyposazenie\/swiece-i-zapachy-do-domu\/swiece\/swieca-tealight-sojowa-bezzapchowe-relaxdays-12-szt\/\"]}]},{\"@type\":\"ImageObject\",\"inLanguage\":\"en-GB\",\"@id\":\"https:\/\/rad-pal.com.pl\/sklep\/dom-i-ogrod\/wyposazenie\/swiece-i-zapachy-do-domu\/swiece\/swieca-tealight-sojowa-bezzapchowe-relaxdays-12-szt\/#primaryimage\",\"url\":\"https:\/\/rad-pal.com.pl\/wp-content\/uploads\/2026\/02\/482a6f3353a76c6bf459eebb4a714cf4-1.jpg\",\"contentUrl\":\"https:\/\/rad-pal.com.pl\/wp-content\/uploads\/2026\/02\/482a6f3353a76c6bf459eebb4a714cf4-1.jpg\",\"width\":1500,\"height\":1497,\"caption\":\"b776768793cac5db4bd3c44a02183df7\"},{\"@type\":\"BreadcrumbList\",\"@id\":\"https:\/\/rad-pal.com.pl\/sklep\/dom-i-ogrod\/wyposazenie\/swiece-i-zapachy-do-domu\/swiece\/swieca-tealight-sojowa-bezzapchowe-relaxdays-12-szt\/#breadcrumb\",\"itemListElement\":[{\"@type\":\"ListItem\",\"position\":1,\"name\":\"Strona g\u0142\u00f3wna\",\"item\":\"https:\/\/rad-pal.com.pl\/\"},{\"@type\":\"ListItem\",\"position\":2,\"name\":\"Sklep\",\"item\":\"https:\/\/rad-pal.com.pl\/sklep\/\"},{\"@type\":\"ListItem\",\"position\":3,\"name\":\"\u015awieca tealight sojowa bezzapchowe Relaxdays 12 szt.\"}]},{\"@type\":\"WebSite\",\"@id\":\"https:\/\/rad-pal.com.pl\/#website\",\"url\":\"https:\/\/rad-pal.com.pl\/\",\"name\":\"Rad-Pal\",\"description\":\"\",\"publisher\":{\"@id\":\"https:\/\/rad-pal.com.pl\/#organization\"},\"potentialAction\":[{\"@type\":\"SearchAction\",\"target\":{\"@type\":\"EntryPoint\",\"urlTemplate\":\"https:\/\/rad-pal.com.pl\/?s={search_term_string}\"},\"query-input\":{\"@type\":\"PropertyValueSpecification\",\"valueRequired\":true,\"valueName\":\"search_term_string\"}}],\"inLanguage\":\"en-GB\"},{\"@type\":\"Organization\",\"@id\":\"https:\/\/rad-pal.com.pl\/#organization\",\"name\":\"Rad-Pal\",\"url\":\"https:\/\/rad-pal.com.pl\/\",\"logo\":{\"@type\":\"ImageObject\",\"inLanguage\":\"en-GB\",\"@id\":\"https:\/\/rad-pal.com.pl\/#\/schema\/logo\/image\/\",\"url\":\"https:\/\/rad-pal.com.pl\/wp-content\/uploads\/2026\/03\/Projekt-bez-nazwy-30.webp\",\"contentUrl\":\"https:\/\/rad-pal.com.pl\/wp-content\/uploads\/2026\/03\/Projekt-bez-nazwy-30.webp\",\"width\":600,\"height\":210,\"caption\":\"Rad-Pal\"},\"image\":{\"@id\":\"https:\/\/rad-pal.com.pl\/#\/schema\/logo\/image\/\"}}]}<\/script>\n<!-- \/ Yoast SEO plugin. -->","yoast_head_json":{"title":"\u015awieca tealight sojowa bezzapchowe Relaxdays 12 szt. - Rad-Pal","robots":{"index":"index","follow":"follow","max-snippet":"max-snippet:-1","max-image-preview":"max-image-preview:large","max-video-preview":"max-video-preview:-1"},"canonical":"https:\/\/rad-pal.com.pl\/en\/sklep\/dom-i-ogrod\/wyposazenie\/swiece-i-zapachy-do-domu\/swiece\/swieca-tealight-sojowa-bezzapchowe-relaxdays-12-szt\/","og_locale":"en_GB","og_type":"article","og_title":"\u015awieca tealight sojowa bezzapchowe Relaxdays 12 szt. - Rad-Pal","og_description":"Ponadczasowe s\u0142oiki na \u015bwiece w praktycznym zestawie 12 sztuk Nie powiniene\u015b lekcewa\u017cy\u0107 o\u015bwietlenia, je\u015bli chcesz stworzy\u0107 atmosfer\u0119, kt\u00f3ra zapada w","og_url":"https:\/\/rad-pal.com.pl\/en\/sklep\/dom-i-ogrod\/wyposazenie\/swiece-i-zapachy-do-domu\/swiece\/swieca-tealight-sojowa-bezzapchowe-relaxdays-12-szt\/","og_site_name":"Rad-Pal","article_modified_time":"2026-04-01T07:27:53+00:00","og_image":[{"width":1500,"height":1497,"url":"https:\/\/rad-pal.com.pl\/wp-content\/uploads\/2026\/02\/482a6f3353a76c6bf459eebb4a714cf4.jpg","type":"image\/jpeg"}],"twitter_card":"summary_large_image","twitter_misc":{"Estimated reading time":"1 minute"},"schema":{"@context":"https:\/\/schema.org","@graph":[{"@type":"WebPage","@id":"https:\/\/rad-pal.com.pl\/sklep\/dom-i-ogrod\/wyposazenie\/swiece-i-zapachy-do-domu\/swiece\/swieca-tealight-sojowa-bezzapchowe-relaxdays-12-szt\/","url":"https:\/\/rad-pal.com.pl\/sklep\/dom-i-ogrod\/wyposazenie\/swiece-i-zapachy-do-domu\/swiece\/swieca-tealight-sojowa-bezzapchowe-relaxdays-12-szt\/","name":"\u015awieca tealight sojowa bezzapchowe Relaxdays 12 szt. - Rad-Pal","isPartOf":{"@id":"https:\/\/rad-pal.com.pl\/#website"},"primaryImageOfPage":{"@id":"https:\/\/rad-pal.com.pl\/sklep\/dom-i-ogrod\/wyposazenie\/swiece-i-zapachy-do-domu\/swiece\/swieca-tealight-sojowa-bezzapchowe-relaxdays-12-szt\/#primaryimage"},"image":{"@id":"https:\/\/rad-pal.com.pl\/sklep\/dom-i-ogrod\/wyposazenie\/swiece-i-zapachy-do-domu\/swiece\/swieca-tealight-sojowa-bezzapchowe-relaxdays-12-szt\/#primaryimage"},"thumbnailUrl":"https:\/\/rad-pal.com.pl\/wp-content\/uploads\/2026\/02\/482a6f3353a76c6bf459eebb4a714cf4-1.jpg","datePublished":"2026-02-19T16:08:49+00:00","dateModified":"2026-04-01T07:27:53+00:00","breadcrumb":{"@id":"https:\/\/rad-pal.com.pl\/sklep\/dom-i-ogrod\/wyposazenie\/swiece-i-zapachy-do-domu\/swiece\/swieca-tealight-sojowa-bezzapchowe-relaxdays-12-szt\/#breadcrumb"},"inLanguage":"en-GB","potentialAction":[{"@type":"ReadAction","target":["https:\/\/rad-pal.com.pl\/sklep\/dom-i-ogrod\/wyposazenie\/swiece-i-zapachy-do-domu\/swiece\/swieca-tealight-sojowa-bezzapchowe-relaxdays-12-szt\/"]}]},{"@type":"ImageObject","inLanguage":"en-GB","@id":"https:\/\/rad-pal.com.pl\/sklep\/dom-i-ogrod\/wyposazenie\/swiece-i-zapachy-do-domu\/swiece\/swieca-tealight-sojowa-bezzapchowe-relaxdays-12-szt\/#primaryimage","url":"https:\/\/rad-pal.com.pl\/wp-content\/uploads\/2026\/02\/482a6f3353a76c6bf459eebb4a714cf4-1.jpg","contentUrl":"https:\/\/rad-pal.com.pl\/wp-content\/uploads\/2026\/02\/482a6f3353a76c6bf459eebb4a714cf4-1.jpg","width":1500,"height":1497,"caption":"b776768793cac5db4bd3c44a02183df7"},{"@type":"BreadcrumbList","@id":"https:\/\/rad-pal.com.pl\/sklep\/dom-i-ogrod\/wyposazenie\/swiece-i-zapachy-do-domu\/swiece\/swieca-tealight-sojowa-bezzapchowe-relaxdays-12-szt\/#breadcrumb","itemListElement":[{"@type":"ListItem","position":1,"name":"Strona g\u0142\u00f3wna","item":"https:\/\/rad-pal.com.pl\/"},{"@type":"ListItem","position":2,"name":"Sklep","item":"https:\/\/rad-pal.com.pl\/sklep\/"},{"@type":"ListItem","position":3,"name":"\u015awieca tealight sojowa bezzapchowe Relaxdays 12 szt."}]},{"@type":"WebSite","@id":"https:\/\/rad-pal.com.pl\/#website","url":"https:\/\/rad-pal.com.pl\/","name":"Rad-Pal","description":"","publisher":{"@id":"https:\/\/rad-pal.com.pl\/#organization"},"potentialAction":[{"@type":"SearchAction","target":{"@type":"EntryPoint","urlTemplate":"https:\/\/rad-pal.com.pl\/?s={search_term_string}"},"query-input":{"@type":"PropertyValueSpecification","valueRequired":true,"valueName":"search_term_string"}}],"inLanguage":"en-GB"},{"@type":"Organization","@id":"https:\/\/rad-pal.com.pl\/#organization","name":"Rad-Pal","url":"https:\/\/rad-pal.com.pl\/","logo":{"@type":"ImageObject","inLanguage":"en-GB","@id":"https:\/\/rad-pal.com.pl\/#\/schema\/logo\/image\/","url":"https:\/\/rad-pal.com.pl\/wp-content\/uploads\/2026\/03\/Projekt-bez-nazwy-30.webp","contentUrl":"https:\/\/rad-pal.com.pl\/wp-content\/uploads\/2026\/03\/Projekt-bez-nazwy-30.webp","width":600,"height":210,"caption":"Rad-Pal"},"image":{"@id":"https:\/\/rad-pal.com.pl\/#\/schema\/logo\/image\/"}}]}},"_links":{"self":[{"href":"https:\/\/rad-pal.com.pl\/en\/wp-json\/wp\/v2\/product\/34409","targetHints":{"allow":["GET"]}}],"collection":[{"href":"https:\/\/rad-pal.com.pl\/en\/wp-json\/wp\/v2\/product"}],"about":[{"href":"https:\/\/rad-pal.com.pl\/en\/wp-json\/wp\/v2\/types\/product"}],"version-history":[{"count":0,"href":"https:\/\/rad-pal.com.pl\/en\/wp-json\/wp\/v2\/product\/34409\/revisions"}],"wp:featuredmedia":[{"embeddable":true,"href":"https:\/\/rad-pal.com.pl\/en\/wp-json\/wp\/v2\/media\/34410"}],"wp:attachment":[{"href":"https:\/\/rad-pal.com.pl\/en\/wp-json\/wp\/v2\/media?parent=34409"}],"wp:term":[{"taxonomy":"product_brand","embeddable":true,"href":"https:\/\/rad-pal.com.pl\/en\/wp-json\/wp\/v2\/product_brand?post=34409"},{"taxonomy":"product_cat","embeddable":true,"href":"https:\/\/rad-pal.com.pl\/en\/wp-json\/wp\/v2\/product_cat?post=34409"},{"taxonomy":"product_tag","embeddable":true,"href":"https:\/\/rad-pal.com.pl\/en\/wp-json\/wp\/v2\/product_tag?post=34409"}],"curies":[{"name":"wp","href":"https:\/\/api.w.org\/{rel}","templated":true}]}}