{"id":34452,"date":"2026-02-19T17:10:49","date_gmt":"2026-02-19T16:10:49","guid":{"rendered":"https:\/\/rad-pal.com.pl\/sklep\/bez-kategorii\/relaxdays-bialy-niebieski-skrzynia-na-zabawki\/"},"modified":"2026-02-19T17:33:42","modified_gmt":"2026-02-19T16:33:42","slug":"relaxdays-bialy-niebieski-skrzynia-na-zabawki","status":"publish","type":"product","link":"https:\/\/rad-pal.com.pl\/en\/sklep\/dziecko\/pokoj-dzieciecy\/meble-pokoj-dzieciecy\/pojemniki-na-zabawki\/relaxdays-bialy-niebieski-skrzynia-na-zabawki\/","title":{"rendered":"Relaxdays, bia\u0142y\/niebieski skrzynia na zabawki"},"content":{"rendered":"<section class=\"section\">\n<div class=\"item item-6\">\n<section class=\"image-item\"><img decoding=\"async\" src=\"https:\/\/upload.cdn.baselinker.com\/products\/6014502\/8b85307ac23667792a8d8362c0b3b6ae.jpg\" \/><\/section>\n<\/p><\/div>\n<div class=\"item item-6\">\n<section class=\"text-item\">\n<h1>Relaxdays, bia\u0142y\/niebieski skrzynia na zabawki z pokrywk\u0105, przechowywanie dla dzieci, wz\u00f3r gwiazdy, skrzynka na zabawki wys. x szer. x g\u0142.: 40 x 60 x 30 cm, 1 sztuka<\/h1>\n<h2>Producent: Relaxdays<\/h2>\n<\/section><\/div>\n<\/section>\n<section class=\"section\">\n<div class=\"item item-6\">\n<section class=\"text-item\">\n<ul>\n<li>Porz\u0105dek do pokoju dzieci\u0119cego szybko sprz\u0105ta\u0107 zabawki, pluszaki itp. do skrzyni zabaw<\/li>\n<li>Z pokrywk\u0105: Niepozorne przechowywanie &#8211; skrzynka na zabawki zamyka si\u0119 powoli w celu ochrony dzieci\u0119cych d\u0142oni<\/li>\n<li>Do siedzenia: w pokoju dzieci\u0119cym skrzynia na zabawki mo\u017ce by\u0107 r\u00f3wnie\u017c u\u017cywana jako \u0142awka do siedzenia dla Twojego dziecka<\/li>\n<li>Wz\u00f3r: \u0141awka dzieci\u0119ca z niebieskimi gwiazdami na bia\u0142ym tle &#8211; nadaje si\u0119 zar\u00f3wno dla ch\u0142opc\u00f3w, jak i dziewcz\u0105t<\/li>\n<li>Basics: du\u017ca skrzynia dzieci\u0119ca z wys. x szer. x g\u0142.: ok. 40 x 60 x 30 cm \u2013 Wymiary wn\u0119trza wys. x szer. x g\u0142.: ok. 35 x 57 x 27 cm<\/li>\n<\/ul>\n<\/section><\/div>\n<div class=\"item item-6\">\n<section class=\"image-item\"><img decoding=\"async\" src=\"https:\/\/upload.cdn.baselinker.com\/products\/6014502\/bd1b016463b4c13f41b2a00f9de91a0b.jpg\" \/><\/section>\n<\/p><\/div>\n<\/section>\n<section class=\"section\">\n<div class=\"item item-12\">\n<section class=\"text-item\">\n<ul>\n<li><b>waga przedmiotu<\/b>: 7.85 kilograms<\/li>\n<li><b>Nazwa modelu<\/b>: Relaxdays Skrzynia na zabawki z pokrywk\u0105, przechowywanie dla dzieci, wz\u00f3r gwiazdy, skrzynka na zabawki (wys. x szer. x g\u0142.): 40 x 60 x 30 cm, bia\u0142a\/niebieska<\/li>\n<li><b>punkt znaku wypunktowania<\/b>: Porz\u0105dek do pokoju dzieci\u0119cego szybko sprz\u0105ta\u0107 zabawki, pluszaki itp. do skrzyni zabaw, Z pokrywk\u0105: Niepozorne przechowywanie &#8211; skrzynka na zabawki zamyka si\u0119 powoli w celu ochrony dzieci\u0119cych d\u0142oni, Do siedzenia: w pokoju dzieci\u0119cym skrzynia na zabawki mo\u017ce by\u0107 r\u00f3wnie\u017c u\u017cywana jako \u0142awka do siedzenia dla Twojego dziecka, Wz\u00f3r: \u0141awka dzieci\u0119ca z niebieskimi gwiazdami na bia\u0142ym tle &#8211; nadaje si\u0119 zar\u00f3wno dla ch\u0142opc\u00f3w, jak i dziewcz\u0105t, Basics: du\u017ca skrzynia dzieci\u0119ca z wys. x szer. x g\u0142.: ok. 40 x 60 x 30 cm \u2013 Wymiary wn\u0119trza wys. x szer. x g\u0142.: ok. 35 x 57 x 27 cm<\/li>\n<li><b>ilo\u015b\u0107 sztuk w opakowaniu<\/b>: 1<\/li>\n<li><b>marka<\/b>: Relaxdays<\/li>\n<li><b>poziom opakowania<\/b>: unit<\/li>\n<li><b>Liczba przedmiot\u00f3w<\/b>: 1<\/li>\n<li><b>rozmiar<\/b>: 1 sztuka<\/li>\n<li><b>numer cz\u0119\u015bci<\/b>: 10030556<\/li>\n<li><b>kolor<\/b>: bia\u0142y\/niebieski<\/li>\n<li><b>nazwa typu elementu<\/b>: Relaxdays Skrzynia na zabawki z pokrywk\u0105, przechowywanie dla dzieci, wz\u00f3r gwiazdy, skrzynka na zabawki (wys. x szer. x g\u0142.): 40 x 60 x 30 cm, bia\u0142a\/niebieska<\/li>\n<li><b>waga opakowania przedmiotu<\/b>: 8.7 kilograms<\/li>\n<li><b>rodzaj pakietu klienta<\/b>: opakowanie standardowe<\/li>\n<li><b>pojemno\u015b\u0107<\/b>: 40 kilograms<\/li>\n<li><b>producent<\/b>: Relaxdays<\/li>\n<li><b>zewn\u0119trznie przypisany identyfikator produktu<\/b>: 4052025305567<\/li>\n<li><b>kszta\u0142t przedmiotu<\/b>: Prostok\u0105tny<\/li>\n<li><b>zalecane w\u0119z\u0142y przegl\u0105dania<\/b>: 20853276031<\/li>\n<li><b>numer modelu<\/b>: 10030556<\/li>\n<li><b>specjalna funkcja<\/b>: Mo\u017cliwo\u015b\u0107 uk\u0142adania w stosy<\/li>\n<li><b>nazwa przedmiotu<\/b>: Relaxdays, bia\u0142y\/niebieski skrzynia na zabawki z pokrywk\u0105, przechowywanie dla dzieci, wz\u00f3r gwiazdy, skrzynka na zabawki wys. x szer. x g\u0142.: 40 x 60 x 30 cm, 1 sztuka<\/li>\n<li><b>data uruchomienia strony produktu<\/b>: 2020-12-21T11:41:07.312Z<\/li>\n<li><b>materia\u0142<\/b>: 100% p\u0142yta pil\u015bniowa<\/li>\n<\/ul>\n<\/section><\/div>\n<\/section>\n<section class=\"section\">\n<div class=\"item item-6\">\n<section class=\"image-item\"><img decoding=\"async\" src=\"https:\/\/upload.cdn.baselinker.com\/products\/6014502\/2be7a923b4b15879b648ef8cd729d949.jpg\" \/><\/section>\n<\/p><\/div>\n<div class=\"item item-6\">\n<section class=\"image-item\"><img decoding=\"async\" src=\"https:\/\/upload.cdn.baselinker.com\/products\/6014502\/7f4a95b2fc958dbc6627063626f5147a.jpg\" \/><\/section>\n<\/p><\/div>\n<\/section>\n<section class=\"section\">\n<div class=\"item item-6\">\n<section class=\"image-item\"><img decoding=\"async\" src=\"https:\/\/upload.cdn.baselinker.com\/products\/6014502\/c7eacca73ceb02d3bc84d536ae92e5c4.jpg\" \/><\/section>\n<\/p><\/div>\n<div class=\"item item-6\">\n<section class=\"image-item\"><img decoding=\"async\" src=\"https:\/\/upload.cdn.baselinker.com\/products\/6014502\/5a066320b3ded32b6457891dfb7039c3.jpg\" \/><\/section>\n<\/p><\/div>\n<\/section>\n<section class=\"section\">\n<div class=\"item item-6\">\n<section class=\"image-item\"><img decoding=\"async\" src=\"https:\/\/upload.cdn.baselinker.com\/products\/6014502\/db73b1d4f650e8aef896b7eb583ae478.jpg\" \/><\/section>\n<\/p><\/div>\n<div class=\"item item-6\">\n<section class=\"image-item\"><img decoding=\"async\" src=\"https:\/\/upload.cdn.baselinker.com\/products\/6014502\/bb3789e9609ec6dd727ddac82daf93e8.jpg\" \/><\/section>\n<\/p><\/div>\n<\/section>\n<section class=\"section\">\n<div class=\"item item-12\">\n<section class=\"text-item\">\n<p>8<\/p>\n<\/section><\/div>\n<\/section>","protected":false},"excerpt":{"rendered":"<p>Relaxdays, bia\u0142y\/niebieski skrzynia na zabawki z pokrywk\u0105, przechowywanie dla dzieci, wz\u00f3r gwiazdy, skrzynka na zabawki wys. x szer. x g\u0142.:<\/p>","protected":false},"featured_media":34444,"template":"","meta":[],"product_brand":[],"product_cat":[81,160,498,159],"product_tag":[],"class_list":{"0":"post-34452","1":"product","2":"type-product","3":"status-publish","4":"has-post-thumbnail","6":"product_cat-dziecko","7":"product_cat-meble-pokoj-dzieciecy","8":"product_cat-pojemniki-na-zabawki","9":"product_cat-pokoj-dzieciecy","11":"first","12":"instock","13":"taxable","14":"shipping-taxable","15":"purchasable","16":"product-type-simple"},"yoast_head":"<!-- This site is optimized with the Yoast SEO plugin v25.7 - https:\/\/yoast.com\/wordpress\/plugins\/seo\/ -->\n<title>Relaxdays, bia\u0142y\/niebieski skrzynia na zabawki - Rad-Pal<\/title>\n<meta name=\"robots\" content=\"index, follow, max-snippet:-1, max-image-preview:large, max-video-preview:-1\" \/>\n<link rel=\"canonical\" href=\"https:\/\/rad-pal.com.pl\/en\/sklep\/bez-kategorii\/relaxdays-bialy-niebieski-skrzynia-na-zabawki\/\" \/>\n<meta property=\"og:locale\" content=\"en_GB\" \/>\n<meta property=\"og:type\" content=\"article\" \/>\n<meta property=\"og:title\" content=\"Relaxdays, bia\u0142y\/niebieski skrzynia na zabawki - Rad-Pal\" \/>\n<meta property=\"og:description\" content=\"Relaxdays, bia\u0142y\/niebieski skrzynia na zabawki z pokrywk\u0105, przechowywanie dla dzieci, wz\u00f3r gwiazdy, skrzynka na zabawki wys. x szer. x g\u0142.:\" \/>\n<meta property=\"og:url\" content=\"https:\/\/rad-pal.com.pl\/en\/sklep\/bez-kategorii\/relaxdays-bialy-niebieski-skrzynia-na-zabawki\/\" \/>\n<meta property=\"og:site_name\" content=\"Rad-Pal\" \/>\n<meta property=\"article:modified_time\" content=\"2026-02-19T16:33:42+00:00\" \/>\n<meta property=\"og:image\" content=\"https:\/\/upload.cdn.baselinker.com\/products\/6014502\/8b85307ac23667792a8d8362c0b3b6ae.jpg\" \/>\n<meta name=\"twitter:card\" content=\"summary_large_image\" \/>\n<meta name=\"twitter:label1\" content=\"Estimated reading time\" \/>\n\t<meta name=\"twitter:data1\" content=\"2 minutes\" \/>\n<script type=\"application\/ld+json\" class=\"yoast-schema-graph\">{\"@context\":\"https:\/\/schema.org\",\"@graph\":[{\"@type\":\"WebPage\",\"@id\":\"https:\/\/rad-pal.com.pl\/sklep\/bez-kategorii\/relaxdays-bialy-niebieski-skrzynia-na-zabawki\/\",\"url\":\"https:\/\/rad-pal.com.pl\/sklep\/bez-kategorii\/relaxdays-bialy-niebieski-skrzynia-na-zabawki\/\",\"name\":\"Relaxdays, bia\u0142y\/niebieski skrzynia na zabawki - Rad-Pal\",\"isPartOf\":{\"@id\":\"https:\/\/rad-pal.com.pl\/#website\"},\"primaryImageOfPage\":{\"@id\":\"https:\/\/rad-pal.com.pl\/sklep\/bez-kategorii\/relaxdays-bialy-niebieski-skrzynia-na-zabawki\/#primaryimage\"},\"image\":{\"@id\":\"https:\/\/rad-pal.com.pl\/sklep\/bez-kategorii\/relaxdays-bialy-niebieski-skrzynia-na-zabawki\/#primaryimage\"},\"thumbnailUrl\":\"https:\/\/rad-pal.com.pl\/wp-content\/uploads\/2026\/02\/8b85307ac23667792a8d8362c0b3b6ae.jpg\",\"datePublished\":\"2026-02-19T16:10:49+00:00\",\"dateModified\":\"2026-02-19T16:33:42+00:00\",\"breadcrumb\":{\"@id\":\"https:\/\/rad-pal.com.pl\/sklep\/bez-kategorii\/relaxdays-bialy-niebieski-skrzynia-na-zabawki\/#breadcrumb\"},\"inLanguage\":\"en-GB\",\"potentialAction\":[{\"@type\":\"ReadAction\",\"target\":[\"https:\/\/rad-pal.com.pl\/sklep\/bez-kategorii\/relaxdays-bialy-niebieski-skrzynia-na-zabawki\/\"]}]},{\"@type\":\"ImageObject\",\"inLanguage\":\"en-GB\",\"@id\":\"https:\/\/rad-pal.com.pl\/sklep\/bez-kategorii\/relaxdays-bialy-niebieski-skrzynia-na-zabawki\/#primaryimage\",\"url\":\"https:\/\/rad-pal.com.pl\/wp-content\/uploads\/2026\/02\/8b85307ac23667792a8d8362c0b3b6ae.jpg\",\"contentUrl\":\"https:\/\/rad-pal.com.pl\/wp-content\/uploads\/2026\/02\/8b85307ac23667792a8d8362c0b3b6ae.jpg\",\"width\":2560,\"height\":2560,\"caption\":\"ec57402c0048557e83004a0ff2def2a5\"},{\"@type\":\"BreadcrumbList\",\"@id\":\"https:\/\/rad-pal.com.pl\/sklep\/bez-kategorii\/relaxdays-bialy-niebieski-skrzynia-na-zabawki\/#breadcrumb\",\"itemListElement\":[{\"@type\":\"ListItem\",\"position\":1,\"name\":\"Strona g\u0142\u00f3wna\",\"item\":\"https:\/\/rad-pal.com.pl\/\"},{\"@type\":\"ListItem\",\"position\":2,\"name\":\"Sklep\",\"item\":\"https:\/\/rad-pal.com.pl\/sklep\/\"},{\"@type\":\"ListItem\",\"position\":3,\"name\":\"Relaxdays, bia\u0142y\/niebieski skrzynia na zabawki\"}]},{\"@type\":\"WebSite\",\"@id\":\"https:\/\/rad-pal.com.pl\/#website\",\"url\":\"https:\/\/rad-pal.com.pl\/\",\"name\":\"Rad-Pal\",\"description\":\"\",\"publisher\":{\"@id\":\"https:\/\/rad-pal.com.pl\/#organization\"},\"potentialAction\":[{\"@type\":\"SearchAction\",\"target\":{\"@type\":\"EntryPoint\",\"urlTemplate\":\"https:\/\/rad-pal.com.pl\/?s={search_term_string}\"},\"query-input\":{\"@type\":\"PropertyValueSpecification\",\"valueRequired\":true,\"valueName\":\"search_term_string\"}}],\"inLanguage\":\"en-GB\"},{\"@type\":\"Organization\",\"@id\":\"https:\/\/rad-pal.com.pl\/#organization\",\"name\":\"Rad-Pal\",\"url\":\"https:\/\/rad-pal.com.pl\/\",\"logo\":{\"@type\":\"ImageObject\",\"inLanguage\":\"en-GB\",\"@id\":\"https:\/\/rad-pal.com.pl\/#\/schema\/logo\/image\/\",\"url\":\"https:\/\/rad-pal.com.pl\/wp-content\/uploads\/2026\/03\/Projekt-bez-nazwy-30.webp\",\"contentUrl\":\"https:\/\/rad-pal.com.pl\/wp-content\/uploads\/2026\/03\/Projekt-bez-nazwy-30.webp\",\"width\":600,\"height\":210,\"caption\":\"Rad-Pal\"},\"image\":{\"@id\":\"https:\/\/rad-pal.com.pl\/#\/schema\/logo\/image\/\"}}]}<\/script>\n<!-- \/ Yoast SEO plugin. -->","yoast_head_json":{"title":"Relaxdays, bia\u0142y\/niebieski skrzynia na zabawki - Rad-Pal","robots":{"index":"index","follow":"follow","max-snippet":"max-snippet:-1","max-image-preview":"max-image-preview:large","max-video-preview":"max-video-preview:-1"},"canonical":"https:\/\/rad-pal.com.pl\/en\/sklep\/bez-kategorii\/relaxdays-bialy-niebieski-skrzynia-na-zabawki\/","og_locale":"en_GB","og_type":"article","og_title":"Relaxdays, bia\u0142y\/niebieski skrzynia na zabawki - Rad-Pal","og_description":"Relaxdays, bia\u0142y\/niebieski skrzynia na zabawki z pokrywk\u0105, przechowywanie dla dzieci, wz\u00f3r gwiazdy, skrzynka na zabawki wys. x szer. x g\u0142.:","og_url":"https:\/\/rad-pal.com.pl\/en\/sklep\/bez-kategorii\/relaxdays-bialy-niebieski-skrzynia-na-zabawki\/","og_site_name":"Rad-Pal","article_modified_time":"2026-02-19T16:33:42+00:00","og_image":[{"url":"https:\/\/upload.cdn.baselinker.com\/products\/6014502\/8b85307ac23667792a8d8362c0b3b6ae.jpg","type":"","width":"","height":""}],"twitter_card":"summary_large_image","twitter_misc":{"Estimated reading time":"2 minutes"},"schema":{"@context":"https:\/\/schema.org","@graph":[{"@type":"WebPage","@id":"https:\/\/rad-pal.com.pl\/sklep\/bez-kategorii\/relaxdays-bialy-niebieski-skrzynia-na-zabawki\/","url":"https:\/\/rad-pal.com.pl\/sklep\/bez-kategorii\/relaxdays-bialy-niebieski-skrzynia-na-zabawki\/","name":"Relaxdays, bia\u0142y\/niebieski skrzynia na zabawki - Rad-Pal","isPartOf":{"@id":"https:\/\/rad-pal.com.pl\/#website"},"primaryImageOfPage":{"@id":"https:\/\/rad-pal.com.pl\/sklep\/bez-kategorii\/relaxdays-bialy-niebieski-skrzynia-na-zabawki\/#primaryimage"},"image":{"@id":"https:\/\/rad-pal.com.pl\/sklep\/bez-kategorii\/relaxdays-bialy-niebieski-skrzynia-na-zabawki\/#primaryimage"},"thumbnailUrl":"https:\/\/rad-pal.com.pl\/wp-content\/uploads\/2026\/02\/8b85307ac23667792a8d8362c0b3b6ae.jpg","datePublished":"2026-02-19T16:10:49+00:00","dateModified":"2026-02-19T16:33:42+00:00","breadcrumb":{"@id":"https:\/\/rad-pal.com.pl\/sklep\/bez-kategorii\/relaxdays-bialy-niebieski-skrzynia-na-zabawki\/#breadcrumb"},"inLanguage":"en-GB","potentialAction":[{"@type":"ReadAction","target":["https:\/\/rad-pal.com.pl\/sklep\/bez-kategorii\/relaxdays-bialy-niebieski-skrzynia-na-zabawki\/"]}]},{"@type":"ImageObject","inLanguage":"en-GB","@id":"https:\/\/rad-pal.com.pl\/sklep\/bez-kategorii\/relaxdays-bialy-niebieski-skrzynia-na-zabawki\/#primaryimage","url":"https:\/\/rad-pal.com.pl\/wp-content\/uploads\/2026\/02\/8b85307ac23667792a8d8362c0b3b6ae.jpg","contentUrl":"https:\/\/rad-pal.com.pl\/wp-content\/uploads\/2026\/02\/8b85307ac23667792a8d8362c0b3b6ae.jpg","width":2560,"height":2560,"caption":"ec57402c0048557e83004a0ff2def2a5"},{"@type":"BreadcrumbList","@id":"https:\/\/rad-pal.com.pl\/sklep\/bez-kategorii\/relaxdays-bialy-niebieski-skrzynia-na-zabawki\/#breadcrumb","itemListElement":[{"@type":"ListItem","position":1,"name":"Strona g\u0142\u00f3wna","item":"https:\/\/rad-pal.com.pl\/"},{"@type":"ListItem","position":2,"name":"Sklep","item":"https:\/\/rad-pal.com.pl\/sklep\/"},{"@type":"ListItem","position":3,"name":"Relaxdays, bia\u0142y\/niebieski skrzynia na zabawki"}]},{"@type":"WebSite","@id":"https:\/\/rad-pal.com.pl\/#website","url":"https:\/\/rad-pal.com.pl\/","name":"Rad-Pal","description":"","publisher":{"@id":"https:\/\/rad-pal.com.pl\/#organization"},"potentialAction":[{"@type":"SearchAction","target":{"@type":"EntryPoint","urlTemplate":"https:\/\/rad-pal.com.pl\/?s={search_term_string}"},"query-input":{"@type":"PropertyValueSpecification","valueRequired":true,"valueName":"search_term_string"}}],"inLanguage":"en-GB"},{"@type":"Organization","@id":"https:\/\/rad-pal.com.pl\/#organization","name":"Rad-Pal","url":"https:\/\/rad-pal.com.pl\/","logo":{"@type":"ImageObject","inLanguage":"en-GB","@id":"https:\/\/rad-pal.com.pl\/#\/schema\/logo\/image\/","url":"https:\/\/rad-pal.com.pl\/wp-content\/uploads\/2026\/03\/Projekt-bez-nazwy-30.webp","contentUrl":"https:\/\/rad-pal.com.pl\/wp-content\/uploads\/2026\/03\/Projekt-bez-nazwy-30.webp","width":600,"height":210,"caption":"Rad-Pal"},"image":{"@id":"https:\/\/rad-pal.com.pl\/#\/schema\/logo\/image\/"}}]}},"_links":{"self":[{"href":"https:\/\/rad-pal.com.pl\/en\/wp-json\/wp\/v2\/product\/34452","targetHints":{"allow":["GET"]}}],"collection":[{"href":"https:\/\/rad-pal.com.pl\/en\/wp-json\/wp\/v2\/product"}],"about":[{"href":"https:\/\/rad-pal.com.pl\/en\/wp-json\/wp\/v2\/types\/product"}],"version-history":[{"count":0,"href":"https:\/\/rad-pal.com.pl\/en\/wp-json\/wp\/v2\/product\/34452\/revisions"}],"wp:featuredmedia":[{"embeddable":true,"href":"https:\/\/rad-pal.com.pl\/en\/wp-json\/wp\/v2\/media\/34444"}],"wp:attachment":[{"href":"https:\/\/rad-pal.com.pl\/en\/wp-json\/wp\/v2\/media?parent=34452"}],"wp:term":[{"taxonomy":"product_brand","embeddable":true,"href":"https:\/\/rad-pal.com.pl\/en\/wp-json\/wp\/v2\/product_brand?post=34452"},{"taxonomy":"product_cat","embeddable":true,"href":"https:\/\/rad-pal.com.pl\/en\/wp-json\/wp\/v2\/product_cat?post=34452"},{"taxonomy":"product_tag","embeddable":true,"href":"https:\/\/rad-pal.com.pl\/en\/wp-json\/wp\/v2\/product_tag?post=34452"}],"curies":[{"name":"wp","href":"https:\/\/api.w.org\/{rel}","templated":true}]}}