{"id":34482,"date":"2026-02-19T17:11:50","date_gmt":"2026-02-19T16:11:50","guid":{"rendered":"https:\/\/rad-pal.com.pl\/sklep\/bez-kategorii\/namiot-plazowy-muszla-niebieski-relaxdays\/"},"modified":"2026-02-19T17:33:55","modified_gmt":"2026-02-19T16:33:55","slug":"namiot-plazowy-muszla-niebieski-relaxdays","status":"publish","type":"product","link":"https:\/\/rad-pal.com.pl\/en\/sklep\/sport-i-turystyka\/turystyka\/na-plaze\/na-piknik\/namioty-plazowe\/namiot-plazowy-muszla-niebieski-relaxdays\/","title":{"rendered":"Namiot pla\u017cowy Muszla niebieski Relaxdays"},"content":{"rendered":"<section class=\"section\">\n<div class=\"item item-6\">\n<section class=\"image-item\"><img decoding=\"async\" src=\"https:\/\/upload.cdn.baselinker.com\/products\/6014502\/549e41faa983a88db14ef533eda4e4c0.jpg\" \/><\/section>\n<\/p><\/div>\n<div class=\"item item-6\">\n<section class=\"text-item\">\n<h1>Muszla pla\u017cowa namiot pla\u017cowy z funkcj\u0105 pop up lekki \u0142atwy w z\u0142o\u017ceniu<\/h1>\n<p><b>_______________________________________<\/b><\/p>\n<h1>* OPIS PRODUKTU * :<\/h1>\n<h2>Lekka wyskakuj\u0105ca muszla pla\u017cowa do podr\u00f3\u017cy<\/h2>\n<p>Namiot pla\u017cowy jest idealnym towarzyszem na nast\u0119pn\u0105 wycieczk\u0119 na pla\u017c\u0119. P\u0142\u00f3cienny namiot oferuje miejsce dla 2 os\u00f3b, a dzi\u0119ki praktycznej funkcji pop-up mo\u017cna go b\u0142yskawicznie roz\u0142o\u017cy\u0107 i z\u0142o\u017cy\u0107.<\/p>\n<\/section><\/div>\n<\/section>\n<section class=\"section\">\n<div class=\"item item-12\">\n<section class=\"text-item\">\n<p>Srebrna pow\u0142oka wewn\u0105trz namiotu pla\u017cowego zapewnia niezb\u0119dn\u0105 ochron\u0119 przed promieniowaniem UV, a siatkowe okno gwarantuje optymaln\u0105 wentylacj\u0119. Lekki i kompaktowy namiot pla\u017cowy mo\u017cna \u0142atwo transportowa\u0107 w do\u0142\u0105czonej torbie.<\/p>\n<ul>\n<li>1x kuweta<\/li>\n<li>1x torba transportowa<\/li>\n<li>6x \u015bled\u017a<\/li>\n<li>bez dekoracji<\/li>\n<li>instrukcja w j\u0119zyku niemieckim<\/li>\n<li>instrukcja w j\u0119zyku angielskim<\/li>\n<li>instrukcje w j\u0119zyku francuskim<\/li>\n<li>ilustrowana instrukcja<\/li>\n<\/ul>\n<h2>Sk\u0142ad Materia\u0142u<\/h2>\n<ul>\n<li>90% poliester<\/li>\n<li>10% stal<\/li>\n<\/ul>\n<\/section><\/div>\n<\/section>\n<section class=\"section\">\n<div class=\"item item-12\">\n<section class=\"text-item\">\n<p><b>ZDJ\u0118CIA ZE STRONY PRODUCENTA:<\/b><\/p>\n<\/section><\/div>\n<\/section>\n<section class=\"section\">\n<div class=\"item item-6\">\n<section class=\"image-item\"><img decoding=\"async\" src=\"https:\/\/upload.cdn.baselinker.com\/products\/6014502\/28926133aba3ca43399b6e4ec15a11c4.jpg\" \/><\/section>\n<\/p><\/div>\n<div class=\"item item-6\">\n<section class=\"image-item\"><img decoding=\"async\" src=\"https:\/\/upload.cdn.baselinker.com\/products\/6014502\/8bc26b03dadd3aed61f79a18b631185b.jpg\" \/><\/section>\n<\/p><\/div>\n<\/section>\n<section class=\"section\">\n<div class=\"item item-6\">\n<section class=\"image-item\"><img decoding=\"async\" src=\"https:\/\/upload.cdn.baselinker.com\/products\/6014502\/1a24bcf8628316d852e6b49afa8488b1.jpg\" \/><\/section>\n<\/p><\/div>\n<div class=\"item item-6\">\n<section class=\"image-item\"><img decoding=\"async\" src=\"https:\/\/upload.cdn.baselinker.com\/products\/6014502\/afbe712cf308eaa8194c9e7b974606ca.jpg\" \/><\/section>\n<\/p><\/div>\n<\/section>\n<section class=\"section\">\n<div class=\"item item-6\">\n<section class=\"image-item\"><img decoding=\"async\" src=\"https:\/\/upload.cdn.baselinker.com\/products\/6014502\/c4da784286b9ed8e3964e63bb148cb17.jpg\" \/><\/section>\n<\/p><\/div>\n<div class=\"item item-6\">\n<section class=\"image-item\"><img decoding=\"async\" src=\"https:\/\/upload.cdn.baselinker.com\/products\/6014502\/948ea78e3cf25466395a8e2b107c6366.jpg\" \/><\/section>\n<\/p><\/div>\n<\/section>\n<section class=\"section\">\n<div class=\"item item-12\">\n<section class=\"image-item\"><img decoding=\"async\" src=\"https:\/\/upload.cdn.baselinker.com\/products\/6014502\/acd2b766361d411853dc416622ede5a0.jpg\" \/><\/section>\n<\/p><\/div>\n<\/section>\n<section class=\"section\">\n<div class=\"item item-12\">\n<section class=\"text-item\">\n<p><b><\/b> Oferta zawiera to, co jest przedstawione na zdj\u0119ciach oraz w opisie.<\/p>\n<\/section><\/div>\n<\/section>\n<section class=\"section\">\n<div class=\"item item-12\">\n<section class=\"text-item\">\n<p>8<\/p>\n<\/section><\/div>\n<\/section>","protected":false},"excerpt":{"rendered":"<p>Muszla pla\u017cowa namiot pla\u017cowy z funkcj\u0105 pop up lekki \u0142atwy w z\u0142o\u017ceniu _______________________________________ * OPIS PRODUKTU * : Lekka wyskakuj\u0105ca<\/p>","protected":false},"featured_media":34474,"template":"","meta":[],"product_brand":[],"product_cat":[365,364,499,76,77],"product_tag":[],"class_list":{"0":"post-34482","1":"product","2":"type-product","3":"status-publish","4":"has-post-thumbnail","6":"product_cat-na-piknik","7":"product_cat-na-plaze","8":"product_cat-namioty-plazowe","9":"product_cat-sport-i-turystyka","10":"product_cat-turystyka","12":"first","13":"instock","14":"taxable","15":"shipping-taxable","16":"purchasable","17":"product-type-simple"},"yoast_head":"<!-- This site is optimized with the Yoast SEO plugin v25.7 - https:\/\/yoast.com\/wordpress\/plugins\/seo\/ -->\n<title>Namiot pla\u017cowy Muszla niebieski Relaxdays - Rad-Pal<\/title>\n<meta name=\"robots\" content=\"index, follow, max-snippet:-1, max-image-preview:large, max-video-preview:-1\" \/>\n<link rel=\"canonical\" href=\"https:\/\/rad-pal.com.pl\/en\/sklep\/bez-kategorii\/namiot-plazowy-muszla-niebieski-relaxdays\/\" \/>\n<meta property=\"og:locale\" content=\"en_GB\" \/>\n<meta property=\"og:type\" content=\"article\" \/>\n<meta property=\"og:title\" content=\"Namiot pla\u017cowy Muszla niebieski Relaxdays - Rad-Pal\" \/>\n<meta property=\"og:description\" content=\"Muszla pla\u017cowa namiot pla\u017cowy z funkcj\u0105 pop up lekki \u0142atwy w z\u0142o\u017ceniu _______________________________________ * OPIS PRODUKTU * : Lekka wyskakuj\u0105ca\" \/>\n<meta property=\"og:url\" content=\"https:\/\/rad-pal.com.pl\/en\/sklep\/bez-kategorii\/namiot-plazowy-muszla-niebieski-relaxdays\/\" \/>\n<meta property=\"og:site_name\" content=\"Rad-Pal\" \/>\n<meta property=\"article:modified_time\" content=\"2026-02-19T16:33:55+00:00\" \/>\n<meta property=\"og:image\" content=\"https:\/\/upload.cdn.baselinker.com\/products\/6014502\/549e41faa983a88db14ef533eda4e4c0.jpg\" \/>\n<meta name=\"twitter:card\" content=\"summary_large_image\" \/>\n<meta name=\"twitter:label1\" content=\"Estimated reading time\" \/>\n\t<meta name=\"twitter:data1\" content=\"1 minute\" \/>\n<script type=\"application\/ld+json\" class=\"yoast-schema-graph\">{\"@context\":\"https:\/\/schema.org\",\"@graph\":[{\"@type\":\"WebPage\",\"@id\":\"https:\/\/rad-pal.com.pl\/sklep\/bez-kategorii\/namiot-plazowy-muszla-niebieski-relaxdays\/\",\"url\":\"https:\/\/rad-pal.com.pl\/sklep\/bez-kategorii\/namiot-plazowy-muszla-niebieski-relaxdays\/\",\"name\":\"Namiot pla\u017cowy Muszla niebieski Relaxdays - Rad-Pal\",\"isPartOf\":{\"@id\":\"https:\/\/rad-pal.com.pl\/#website\"},\"primaryImageOfPage\":{\"@id\":\"https:\/\/rad-pal.com.pl\/sklep\/bez-kategorii\/namiot-plazowy-muszla-niebieski-relaxdays\/#primaryimage\"},\"image\":{\"@id\":\"https:\/\/rad-pal.com.pl\/sklep\/bez-kategorii\/namiot-plazowy-muszla-niebieski-relaxdays\/#primaryimage\"},\"thumbnailUrl\":\"https:\/\/rad-pal.com.pl\/wp-content\/uploads\/2026\/02\/549e41faa983a88db14ef533eda4e4c0.jpg\",\"datePublished\":\"2026-02-19T16:11:50+00:00\",\"dateModified\":\"2026-02-19T16:33:55+00:00\",\"breadcrumb\":{\"@id\":\"https:\/\/rad-pal.com.pl\/sklep\/bez-kategorii\/namiot-plazowy-muszla-niebieski-relaxdays\/#breadcrumb\"},\"inLanguage\":\"en-GB\",\"potentialAction\":[{\"@type\":\"ReadAction\",\"target\":[\"https:\/\/rad-pal.com.pl\/sklep\/bez-kategorii\/namiot-plazowy-muszla-niebieski-relaxdays\/\"]}]},{\"@type\":\"ImageObject\",\"inLanguage\":\"en-GB\",\"@id\":\"https:\/\/rad-pal.com.pl\/sklep\/bez-kategorii\/namiot-plazowy-muszla-niebieski-relaxdays\/#primaryimage\",\"url\":\"https:\/\/rad-pal.com.pl\/wp-content\/uploads\/2026\/02\/549e41faa983a88db14ef533eda4e4c0.jpg\",\"contentUrl\":\"https:\/\/rad-pal.com.pl\/wp-content\/uploads\/2026\/02\/549e41faa983a88db14ef533eda4e4c0.jpg\",\"width\":2048,\"height\":2048,\"caption\":\"932921010362637628cad4c9e3a7f129\"},{\"@type\":\"BreadcrumbList\",\"@id\":\"https:\/\/rad-pal.com.pl\/sklep\/bez-kategorii\/namiot-plazowy-muszla-niebieski-relaxdays\/#breadcrumb\",\"itemListElement\":[{\"@type\":\"ListItem\",\"position\":1,\"name\":\"Strona g\u0142\u00f3wna\",\"item\":\"https:\/\/rad-pal.com.pl\/\"},{\"@type\":\"ListItem\",\"position\":2,\"name\":\"Sklep\",\"item\":\"https:\/\/rad-pal.com.pl\/sklep\/\"},{\"@type\":\"ListItem\",\"position\":3,\"name\":\"Namiot pla\u017cowy Muszla niebieski Relaxdays\"}]},{\"@type\":\"WebSite\",\"@id\":\"https:\/\/rad-pal.com.pl\/#website\",\"url\":\"https:\/\/rad-pal.com.pl\/\",\"name\":\"Rad-Pal\",\"description\":\"\",\"publisher\":{\"@id\":\"https:\/\/rad-pal.com.pl\/#organization\"},\"potentialAction\":[{\"@type\":\"SearchAction\",\"target\":{\"@type\":\"EntryPoint\",\"urlTemplate\":\"https:\/\/rad-pal.com.pl\/?s={search_term_string}\"},\"query-input\":{\"@type\":\"PropertyValueSpecification\",\"valueRequired\":true,\"valueName\":\"search_term_string\"}}],\"inLanguage\":\"en-GB\"},{\"@type\":\"Organization\",\"@id\":\"https:\/\/rad-pal.com.pl\/#organization\",\"name\":\"Rad-Pal\",\"url\":\"https:\/\/rad-pal.com.pl\/\",\"logo\":{\"@type\":\"ImageObject\",\"inLanguage\":\"en-GB\",\"@id\":\"https:\/\/rad-pal.com.pl\/#\/schema\/logo\/image\/\",\"url\":\"https:\/\/rad-pal.com.pl\/wp-content\/uploads\/2026\/03\/Projekt-bez-nazwy-30.webp\",\"contentUrl\":\"https:\/\/rad-pal.com.pl\/wp-content\/uploads\/2026\/03\/Projekt-bez-nazwy-30.webp\",\"width\":600,\"height\":210,\"caption\":\"Rad-Pal\"},\"image\":{\"@id\":\"https:\/\/rad-pal.com.pl\/#\/schema\/logo\/image\/\"}}]}<\/script>\n<!-- \/ Yoast SEO plugin. -->","yoast_head_json":{"title":"Namiot pla\u017cowy Muszla niebieski Relaxdays - Rad-Pal","robots":{"index":"index","follow":"follow","max-snippet":"max-snippet:-1","max-image-preview":"max-image-preview:large","max-video-preview":"max-video-preview:-1"},"canonical":"https:\/\/rad-pal.com.pl\/en\/sklep\/bez-kategorii\/namiot-plazowy-muszla-niebieski-relaxdays\/","og_locale":"en_GB","og_type":"article","og_title":"Namiot pla\u017cowy Muszla niebieski Relaxdays - Rad-Pal","og_description":"Muszla pla\u017cowa namiot pla\u017cowy z funkcj\u0105 pop up lekki \u0142atwy w z\u0142o\u017ceniu _______________________________________ * OPIS PRODUKTU * : Lekka wyskakuj\u0105ca","og_url":"https:\/\/rad-pal.com.pl\/en\/sklep\/bez-kategorii\/namiot-plazowy-muszla-niebieski-relaxdays\/","og_site_name":"Rad-Pal","article_modified_time":"2026-02-19T16:33:55+00:00","og_image":[{"url":"https:\/\/upload.cdn.baselinker.com\/products\/6014502\/549e41faa983a88db14ef533eda4e4c0.jpg","type":"","width":"","height":""}],"twitter_card":"summary_large_image","twitter_misc":{"Estimated reading time":"1 minute"},"schema":{"@context":"https:\/\/schema.org","@graph":[{"@type":"WebPage","@id":"https:\/\/rad-pal.com.pl\/sklep\/bez-kategorii\/namiot-plazowy-muszla-niebieski-relaxdays\/","url":"https:\/\/rad-pal.com.pl\/sklep\/bez-kategorii\/namiot-plazowy-muszla-niebieski-relaxdays\/","name":"Namiot pla\u017cowy Muszla niebieski Relaxdays - Rad-Pal","isPartOf":{"@id":"https:\/\/rad-pal.com.pl\/#website"},"primaryImageOfPage":{"@id":"https:\/\/rad-pal.com.pl\/sklep\/bez-kategorii\/namiot-plazowy-muszla-niebieski-relaxdays\/#primaryimage"},"image":{"@id":"https:\/\/rad-pal.com.pl\/sklep\/bez-kategorii\/namiot-plazowy-muszla-niebieski-relaxdays\/#primaryimage"},"thumbnailUrl":"https:\/\/rad-pal.com.pl\/wp-content\/uploads\/2026\/02\/549e41faa983a88db14ef533eda4e4c0.jpg","datePublished":"2026-02-19T16:11:50+00:00","dateModified":"2026-02-19T16:33:55+00:00","breadcrumb":{"@id":"https:\/\/rad-pal.com.pl\/sklep\/bez-kategorii\/namiot-plazowy-muszla-niebieski-relaxdays\/#breadcrumb"},"inLanguage":"en-GB","potentialAction":[{"@type":"ReadAction","target":["https:\/\/rad-pal.com.pl\/sklep\/bez-kategorii\/namiot-plazowy-muszla-niebieski-relaxdays\/"]}]},{"@type":"ImageObject","inLanguage":"en-GB","@id":"https:\/\/rad-pal.com.pl\/sklep\/bez-kategorii\/namiot-plazowy-muszla-niebieski-relaxdays\/#primaryimage","url":"https:\/\/rad-pal.com.pl\/wp-content\/uploads\/2026\/02\/549e41faa983a88db14ef533eda4e4c0.jpg","contentUrl":"https:\/\/rad-pal.com.pl\/wp-content\/uploads\/2026\/02\/549e41faa983a88db14ef533eda4e4c0.jpg","width":2048,"height":2048,"caption":"932921010362637628cad4c9e3a7f129"},{"@type":"BreadcrumbList","@id":"https:\/\/rad-pal.com.pl\/sklep\/bez-kategorii\/namiot-plazowy-muszla-niebieski-relaxdays\/#breadcrumb","itemListElement":[{"@type":"ListItem","position":1,"name":"Strona g\u0142\u00f3wna","item":"https:\/\/rad-pal.com.pl\/"},{"@type":"ListItem","position":2,"name":"Sklep","item":"https:\/\/rad-pal.com.pl\/sklep\/"},{"@type":"ListItem","position":3,"name":"Namiot pla\u017cowy Muszla niebieski Relaxdays"}]},{"@type":"WebSite","@id":"https:\/\/rad-pal.com.pl\/#website","url":"https:\/\/rad-pal.com.pl\/","name":"Rad-Pal","description":"","publisher":{"@id":"https:\/\/rad-pal.com.pl\/#organization"},"potentialAction":[{"@type":"SearchAction","target":{"@type":"EntryPoint","urlTemplate":"https:\/\/rad-pal.com.pl\/?s={search_term_string}"},"query-input":{"@type":"PropertyValueSpecification","valueRequired":true,"valueName":"search_term_string"}}],"inLanguage":"en-GB"},{"@type":"Organization","@id":"https:\/\/rad-pal.com.pl\/#organization","name":"Rad-Pal","url":"https:\/\/rad-pal.com.pl\/","logo":{"@type":"ImageObject","inLanguage":"en-GB","@id":"https:\/\/rad-pal.com.pl\/#\/schema\/logo\/image\/","url":"https:\/\/rad-pal.com.pl\/wp-content\/uploads\/2026\/03\/Projekt-bez-nazwy-30.webp","contentUrl":"https:\/\/rad-pal.com.pl\/wp-content\/uploads\/2026\/03\/Projekt-bez-nazwy-30.webp","width":600,"height":210,"caption":"Rad-Pal"},"image":{"@id":"https:\/\/rad-pal.com.pl\/#\/schema\/logo\/image\/"}}]}},"_links":{"self":[{"href":"https:\/\/rad-pal.com.pl\/en\/wp-json\/wp\/v2\/product\/34482","targetHints":{"allow":["GET"]}}],"collection":[{"href":"https:\/\/rad-pal.com.pl\/en\/wp-json\/wp\/v2\/product"}],"about":[{"href":"https:\/\/rad-pal.com.pl\/en\/wp-json\/wp\/v2\/types\/product"}],"version-history":[{"count":0,"href":"https:\/\/rad-pal.com.pl\/en\/wp-json\/wp\/v2\/product\/34482\/revisions"}],"wp:featuredmedia":[{"embeddable":true,"href":"https:\/\/rad-pal.com.pl\/en\/wp-json\/wp\/v2\/media\/34474"}],"wp:attachment":[{"href":"https:\/\/rad-pal.com.pl\/en\/wp-json\/wp\/v2\/media?parent=34482"}],"wp:term":[{"taxonomy":"product_brand","embeddable":true,"href":"https:\/\/rad-pal.com.pl\/en\/wp-json\/wp\/v2\/product_brand?post=34482"},{"taxonomy":"product_cat","embeddable":true,"href":"https:\/\/rad-pal.com.pl\/en\/wp-json\/wp\/v2\/product_cat?post=34482"},{"taxonomy":"product_tag","embeddable":true,"href":"https:\/\/rad-pal.com.pl\/en\/wp-json\/wp\/v2\/product_tag?post=34482"}],"curies":[{"name":"wp","href":"https:\/\/api.w.org\/{rel}","templated":true}]}}