{"id":34519,"date":"2026-02-19T17:13:56","date_gmt":"2026-02-19T16:13:56","guid":{"rendered":"https:\/\/rad-pal.com.pl\/sklep\/bez-kategorii\/organizer-na-biurko-z-5-przegrodkami-a385\/"},"modified":"2026-02-19T17:34:14","modified_gmt":"2026-02-19T16:34:14","slug":"organizer-na-biurko-z-5-przegrodkami-a385","status":"publish","type":"product","link":"https:\/\/rad-pal.com.pl\/en\/sklep\/firma-i-uslugi\/biuro-i-reklama\/organizacja-dokumentow\/organizery-i-szuflady\/organizer-na-biurko-z-5-przegrodkami-a385\/","title":{"rendered":"Organizer na biurko z 5 przegr\u00f3dkami A385"},"content":{"rendered":"<section class=\"section\">\n<div class=\"item item-12\">\n<section class=\"text-item\">\n<h2>Organizer na biurko RD1603, bia\u0142y<\/h2>\n<p>Zrelaksuj si\u0119D<\/p>\n<p>Dzi\u0119ki temu nowoczesnemu organizerowi na biurko chaos zniknie w Twoim miejscu pracy, zapewniaj\u0105c jednocze\u015bnie lepszy przegl\u0105d. Dodatkowo organizer biurowy mo\u017ce by\u0107 u\u017cywany uniwersalny. Rozdzielacze sa mo\u017cna usun\u0105\u0107, a organizer si mo\u017cna dostosowa\u0107 do w\u0142asnych potrzeb.<\/p>\n<p>Ca\u0142kowite wymiary zewn\u0119trzne wys. x szer. x g\u0142.: ok. 9,5 x 18 x 15 cm Ca\u0142kowite wymiary wewn\u0119trzne wys. x szer. x g\u0142.: ok. 9 x 17,5 x 14 cm 1 pod\u0142u\u017cna przegroda wys. x szer. x g\u0142.: ok. 9 x 17,5 x 3 cm 4 prostok\u0105tne przegrody wys. x szer. x g\u0142.: ok. 9 x 8,6 x 5 cm Waga: ok. 310 g Materia\u0142: plast ABS , drewno 10041603<\/p>\n<\/section><\/div>\n<\/section>\n<section class=\"section\">\n<div class=\"item item-12\">\n<section class=\"image-item\"><img decoding=\"async\" src=\"https:\/\/upload.cdn.baselinker.com\/products\/6014502\/580e8c06fbb0d3d1ad387e45f05c9013.jpg\" \/><\/section>\n<\/p><\/div>\n<\/section>\n<section class=\"section\">\n<div class=\"item item-12\">\n<section class=\"image-item\"><img decoding=\"async\" src=\"https:\/\/upload.cdn.baselinker.com\/products\/6014502\/d983ddffb0069b90db242a1da1d2ff7a.jpg\" \/><\/section>\n<\/p><\/div>\n<\/section>\n<section class=\"section\">\n<div class=\"item item-6\">\n<section class=\"image-item\"><img decoding=\"async\" src=\"https:\/\/upload.cdn.baselinker.com\/products\/6014502\/9cb63f4852cb3eb984fa653d2e728299.jpg\" \/><\/section>\n<\/p><\/div>\n<div class=\"item item-6\">\n<section class=\"image-item\"><img decoding=\"async\" src=\"https:\/\/upload.cdn.baselinker.com\/products\/6014502\/24703727d58aff075953e481314ea241.jpg\" \/><\/section>\n<\/p><\/div>\n<\/section>\n<section class=\"section\">\n<div class=\"item item-12\">\n<section class=\"text-item\">\n<p>7<\/p>\n<\/section><\/div>\n<\/section>","protected":false},"excerpt":{"rendered":"<p>Organizer na biurko RD1603, bia\u0142y Zrelaksuj si\u0119D Dzi\u0119ki temu nowoczesnemu organizerowi na biurko chaos zniknie w Twoim miejscu pracy, zapewniaj\u0105c<\/p>","protected":false},"featured_media":34514,"template":"","meta":[],"product_brand":[],"product_cat":[127,126,156,157],"product_tag":[],"class_list":{"0":"post-34519","1":"product","2":"type-product","3":"status-publish","4":"has-post-thumbnail","6":"product_cat-biuro-i-reklama","7":"product_cat-firma-i-uslugi","8":"product_cat-organizacja-dokumentow","9":"product_cat-organizery-i-szuflady","11":"first","12":"instock","13":"taxable","14":"shipping-taxable","15":"purchasable","16":"product-type-simple"},"yoast_head":"<!-- This site is optimized with the Yoast SEO plugin v25.7 - https:\/\/yoast.com\/wordpress\/plugins\/seo\/ -->\n<title>Organizer na biurko z 5 przegr\u00f3dkami A385 - Rad-Pal<\/title>\n<meta name=\"robots\" content=\"index, follow, max-snippet:-1, max-image-preview:large, max-video-preview:-1\" \/>\n<link rel=\"canonical\" href=\"https:\/\/rad-pal.com.pl\/en\/sklep\/bez-kategorii\/organizer-na-biurko-z-5-przegrodkami-a385\/\" \/>\n<meta property=\"og:locale\" content=\"en_GB\" \/>\n<meta property=\"og:type\" content=\"article\" \/>\n<meta property=\"og:title\" content=\"Organizer na biurko z 5 przegr\u00f3dkami A385 - Rad-Pal\" \/>\n<meta property=\"og:description\" content=\"Organizer na biurko RD1603, bia\u0142y Zrelaksuj si\u0119D Dzi\u0119ki temu nowoczesnemu organizerowi na biurko chaos zniknie w Twoim miejscu pracy, zapewniaj\u0105c\" \/>\n<meta property=\"og:url\" content=\"https:\/\/rad-pal.com.pl\/en\/sklep\/bez-kategorii\/organizer-na-biurko-z-5-przegrodkami-a385\/\" \/>\n<meta property=\"og:site_name\" content=\"Rad-Pal\" \/>\n<meta property=\"article:modified_time\" content=\"2026-02-19T16:34:14+00:00\" \/>\n<meta property=\"og:image\" content=\"https:\/\/upload.cdn.baselinker.com\/products\/6014502\/580e8c06fbb0d3d1ad387e45f05c9013.jpg\" \/>\n<meta name=\"twitter:card\" content=\"summary_large_image\" \/>\n<meta name=\"twitter:label1\" content=\"Estimated reading time\" \/>\n\t<meta name=\"twitter:data1\" content=\"1 minute\" \/>\n<script type=\"application\/ld+json\" class=\"yoast-schema-graph\">{\"@context\":\"https:\/\/schema.org\",\"@graph\":[{\"@type\":\"WebPage\",\"@id\":\"https:\/\/rad-pal.com.pl\/sklep\/bez-kategorii\/organizer-na-biurko-z-5-przegrodkami-a385\/\",\"url\":\"https:\/\/rad-pal.com.pl\/sklep\/bez-kategorii\/organizer-na-biurko-z-5-przegrodkami-a385\/\",\"name\":\"Organizer na biurko z 5 przegr\u00f3dkami A385 - Rad-Pal\",\"isPartOf\":{\"@id\":\"https:\/\/rad-pal.com.pl\/#website\"},\"primaryImageOfPage\":{\"@id\":\"https:\/\/rad-pal.com.pl\/sklep\/bez-kategorii\/organizer-na-biurko-z-5-przegrodkami-a385\/#primaryimage\"},\"image\":{\"@id\":\"https:\/\/rad-pal.com.pl\/sklep\/bez-kategorii\/organizer-na-biurko-z-5-przegrodkami-a385\/#primaryimage\"},\"thumbnailUrl\":\"https:\/\/rad-pal.com.pl\/wp-content\/uploads\/2026\/02\/9c94f139b1717ea56afe4add8807e0a5.jpg\",\"datePublished\":\"2026-02-19T16:13:56+00:00\",\"dateModified\":\"2026-02-19T16:34:14+00:00\",\"breadcrumb\":{\"@id\":\"https:\/\/rad-pal.com.pl\/sklep\/bez-kategorii\/organizer-na-biurko-z-5-przegrodkami-a385\/#breadcrumb\"},\"inLanguage\":\"en-GB\",\"potentialAction\":[{\"@type\":\"ReadAction\",\"target\":[\"https:\/\/rad-pal.com.pl\/sklep\/bez-kategorii\/organizer-na-biurko-z-5-przegrodkami-a385\/\"]}]},{\"@type\":\"ImageObject\",\"inLanguage\":\"en-GB\",\"@id\":\"https:\/\/rad-pal.com.pl\/sklep\/bez-kategorii\/organizer-na-biurko-z-5-przegrodkami-a385\/#primaryimage\",\"url\":\"https:\/\/rad-pal.com.pl\/wp-content\/uploads\/2026\/02\/9c94f139b1717ea56afe4add8807e0a5.jpg\",\"contentUrl\":\"https:\/\/rad-pal.com.pl\/wp-content\/uploads\/2026\/02\/9c94f139b1717ea56afe4add8807e0a5.jpg\",\"width\":681,\"height\":681,\"caption\":\"1c44b752616d1c3fd4716aa4bac84959\"},{\"@type\":\"BreadcrumbList\",\"@id\":\"https:\/\/rad-pal.com.pl\/sklep\/bez-kategorii\/organizer-na-biurko-z-5-przegrodkami-a385\/#breadcrumb\",\"itemListElement\":[{\"@type\":\"ListItem\",\"position\":1,\"name\":\"Strona g\u0142\u00f3wna\",\"item\":\"https:\/\/rad-pal.com.pl\/\"},{\"@type\":\"ListItem\",\"position\":2,\"name\":\"Sklep\",\"item\":\"https:\/\/rad-pal.com.pl\/sklep\/\"},{\"@type\":\"ListItem\",\"position\":3,\"name\":\"Organizer na biurko z 5 przegr\u00f3dkami A385\"}]},{\"@type\":\"WebSite\",\"@id\":\"https:\/\/rad-pal.com.pl\/#website\",\"url\":\"https:\/\/rad-pal.com.pl\/\",\"name\":\"Rad-Pal\",\"description\":\"\",\"publisher\":{\"@id\":\"https:\/\/rad-pal.com.pl\/#organization\"},\"potentialAction\":[{\"@type\":\"SearchAction\",\"target\":{\"@type\":\"EntryPoint\",\"urlTemplate\":\"https:\/\/rad-pal.com.pl\/?s={search_term_string}\"},\"query-input\":{\"@type\":\"PropertyValueSpecification\",\"valueRequired\":true,\"valueName\":\"search_term_string\"}}],\"inLanguage\":\"en-GB\"},{\"@type\":\"Organization\",\"@id\":\"https:\/\/rad-pal.com.pl\/#organization\",\"name\":\"Rad-Pal\",\"url\":\"https:\/\/rad-pal.com.pl\/\",\"logo\":{\"@type\":\"ImageObject\",\"inLanguage\":\"en-GB\",\"@id\":\"https:\/\/rad-pal.com.pl\/#\/schema\/logo\/image\/\",\"url\":\"https:\/\/rad-pal.com.pl\/wp-content\/uploads\/2026\/03\/Projekt-bez-nazwy-30.webp\",\"contentUrl\":\"https:\/\/rad-pal.com.pl\/wp-content\/uploads\/2026\/03\/Projekt-bez-nazwy-30.webp\",\"width\":600,\"height\":210,\"caption\":\"Rad-Pal\"},\"image\":{\"@id\":\"https:\/\/rad-pal.com.pl\/#\/schema\/logo\/image\/\"}}]}<\/script>\n<!-- \/ Yoast SEO plugin. -->","yoast_head_json":{"title":"Organizer na biurko z 5 przegr\u00f3dkami A385 - Rad-Pal","robots":{"index":"index","follow":"follow","max-snippet":"max-snippet:-1","max-image-preview":"max-image-preview:large","max-video-preview":"max-video-preview:-1"},"canonical":"https:\/\/rad-pal.com.pl\/en\/sklep\/bez-kategorii\/organizer-na-biurko-z-5-przegrodkami-a385\/","og_locale":"en_GB","og_type":"article","og_title":"Organizer na biurko z 5 przegr\u00f3dkami A385 - Rad-Pal","og_description":"Organizer na biurko RD1603, bia\u0142y Zrelaksuj si\u0119D Dzi\u0119ki temu nowoczesnemu organizerowi na biurko chaos zniknie w Twoim miejscu pracy, zapewniaj\u0105c","og_url":"https:\/\/rad-pal.com.pl\/en\/sklep\/bez-kategorii\/organizer-na-biurko-z-5-przegrodkami-a385\/","og_site_name":"Rad-Pal","article_modified_time":"2026-02-19T16:34:14+00:00","og_image":[{"url":"https:\/\/upload.cdn.baselinker.com\/products\/6014502\/580e8c06fbb0d3d1ad387e45f05c9013.jpg","type":"","width":"","height":""}],"twitter_card":"summary_large_image","twitter_misc":{"Estimated reading time":"1 minute"},"schema":{"@context":"https:\/\/schema.org","@graph":[{"@type":"WebPage","@id":"https:\/\/rad-pal.com.pl\/sklep\/bez-kategorii\/organizer-na-biurko-z-5-przegrodkami-a385\/","url":"https:\/\/rad-pal.com.pl\/sklep\/bez-kategorii\/organizer-na-biurko-z-5-przegrodkami-a385\/","name":"Organizer na biurko z 5 przegr\u00f3dkami A385 - Rad-Pal","isPartOf":{"@id":"https:\/\/rad-pal.com.pl\/#website"},"primaryImageOfPage":{"@id":"https:\/\/rad-pal.com.pl\/sklep\/bez-kategorii\/organizer-na-biurko-z-5-przegrodkami-a385\/#primaryimage"},"image":{"@id":"https:\/\/rad-pal.com.pl\/sklep\/bez-kategorii\/organizer-na-biurko-z-5-przegrodkami-a385\/#primaryimage"},"thumbnailUrl":"https:\/\/rad-pal.com.pl\/wp-content\/uploads\/2026\/02\/9c94f139b1717ea56afe4add8807e0a5.jpg","datePublished":"2026-02-19T16:13:56+00:00","dateModified":"2026-02-19T16:34:14+00:00","breadcrumb":{"@id":"https:\/\/rad-pal.com.pl\/sklep\/bez-kategorii\/organizer-na-biurko-z-5-przegrodkami-a385\/#breadcrumb"},"inLanguage":"en-GB","potentialAction":[{"@type":"ReadAction","target":["https:\/\/rad-pal.com.pl\/sklep\/bez-kategorii\/organizer-na-biurko-z-5-przegrodkami-a385\/"]}]},{"@type":"ImageObject","inLanguage":"en-GB","@id":"https:\/\/rad-pal.com.pl\/sklep\/bez-kategorii\/organizer-na-biurko-z-5-przegrodkami-a385\/#primaryimage","url":"https:\/\/rad-pal.com.pl\/wp-content\/uploads\/2026\/02\/9c94f139b1717ea56afe4add8807e0a5.jpg","contentUrl":"https:\/\/rad-pal.com.pl\/wp-content\/uploads\/2026\/02\/9c94f139b1717ea56afe4add8807e0a5.jpg","width":681,"height":681,"caption":"1c44b752616d1c3fd4716aa4bac84959"},{"@type":"BreadcrumbList","@id":"https:\/\/rad-pal.com.pl\/sklep\/bez-kategorii\/organizer-na-biurko-z-5-przegrodkami-a385\/#breadcrumb","itemListElement":[{"@type":"ListItem","position":1,"name":"Strona g\u0142\u00f3wna","item":"https:\/\/rad-pal.com.pl\/"},{"@type":"ListItem","position":2,"name":"Sklep","item":"https:\/\/rad-pal.com.pl\/sklep\/"},{"@type":"ListItem","position":3,"name":"Organizer na biurko z 5 przegr\u00f3dkami A385"}]},{"@type":"WebSite","@id":"https:\/\/rad-pal.com.pl\/#website","url":"https:\/\/rad-pal.com.pl\/","name":"Rad-Pal","description":"","publisher":{"@id":"https:\/\/rad-pal.com.pl\/#organization"},"potentialAction":[{"@type":"SearchAction","target":{"@type":"EntryPoint","urlTemplate":"https:\/\/rad-pal.com.pl\/?s={search_term_string}"},"query-input":{"@type":"PropertyValueSpecification","valueRequired":true,"valueName":"search_term_string"}}],"inLanguage":"en-GB"},{"@type":"Organization","@id":"https:\/\/rad-pal.com.pl\/#organization","name":"Rad-Pal","url":"https:\/\/rad-pal.com.pl\/","logo":{"@type":"ImageObject","inLanguage":"en-GB","@id":"https:\/\/rad-pal.com.pl\/#\/schema\/logo\/image\/","url":"https:\/\/rad-pal.com.pl\/wp-content\/uploads\/2026\/03\/Projekt-bez-nazwy-30.webp","contentUrl":"https:\/\/rad-pal.com.pl\/wp-content\/uploads\/2026\/03\/Projekt-bez-nazwy-30.webp","width":600,"height":210,"caption":"Rad-Pal"},"image":{"@id":"https:\/\/rad-pal.com.pl\/#\/schema\/logo\/image\/"}}]}},"_links":{"self":[{"href":"https:\/\/rad-pal.com.pl\/en\/wp-json\/wp\/v2\/product\/34519","targetHints":{"allow":["GET"]}}],"collection":[{"href":"https:\/\/rad-pal.com.pl\/en\/wp-json\/wp\/v2\/product"}],"about":[{"href":"https:\/\/rad-pal.com.pl\/en\/wp-json\/wp\/v2\/types\/product"}],"version-history":[{"count":0,"href":"https:\/\/rad-pal.com.pl\/en\/wp-json\/wp\/v2\/product\/34519\/revisions"}],"wp:featuredmedia":[{"embeddable":true,"href":"https:\/\/rad-pal.com.pl\/en\/wp-json\/wp\/v2\/media\/34514"}],"wp:attachment":[{"href":"https:\/\/rad-pal.com.pl\/en\/wp-json\/wp\/v2\/media?parent=34519"}],"wp:term":[{"taxonomy":"product_brand","embeddable":true,"href":"https:\/\/rad-pal.com.pl\/en\/wp-json\/wp\/v2\/product_brand?post=34519"},{"taxonomy":"product_cat","embeddable":true,"href":"https:\/\/rad-pal.com.pl\/en\/wp-json\/wp\/v2\/product_cat?post=34519"},{"taxonomy":"product_tag","embeddable":true,"href":"https:\/\/rad-pal.com.pl\/en\/wp-json\/wp\/v2\/product_tag?post=34519"}],"curies":[{"name":"wp","href":"https:\/\/api.w.org\/{rel}","templated":true}]}}