{"id":34538,"date":"2026-02-19T17:14:35","date_gmt":"2026-02-19T16:14:35","guid":{"rendered":"https:\/\/rad-pal.com.pl\/sklep\/bez-kategorii\/zestaw-20-kolczastych-mat\/"},"modified":"2026-02-19T17:34:23","modified_gmt":"2026-02-19T16:34:23","slug":"zestaw-20-kolczastych-mat","status":"publish","type":"product","link":"https:\/\/rad-pal.com.pl\/en\/sklep\/dom-i-ogrod\/ogrod\/odstraszacze-zwierzat\/zestaw-20-kolczastych-mat\/","title":{"rendered":"Zestaw 20 kolczastych mat"},"content":{"rendered":"<section class=\"section\">\n<div class=\"item item-6\">\n<section class=\"image-item\"><img decoding=\"async\" src=\"https:\/\/upload.cdn.baselinker.com\/products\/6014502\/46234edf4a1770f9eef860712162a2cc.jpg\" \/><\/section>\n<\/p><\/div>\n<div class=\"item item-6\">\n<section class=\"text-item\">\n<p>Maty odstraszaj\u0105ce koty do ogrodu<\/p>\n<p>Dzi\u0119ki matom z kolcami w zestawie 20 sztuk mo\u017cesz trzyma\u0107 niechcianych zwierz\u0119cych go\u015bci z dala od rabat kwiatowych i warzywnych. Kolce s\u0105 nieszkodliwe, ale niewygodne dla wra\u017cliwych \u0142ap kot\u00f3w i kun, co utrudnia im poruszanie si\u0119. Maty z kolcami nadaj\u0105 si\u0119 r\u00f3wnie\u017c do obrony przed kunami pod samochodem, do ochrony karmnik\u00f3w dla ptak\u00f3w oraz do blokowania niekt\u00f3rych obszar\u00f3w w pomieszczeniach, takich jak dost\u0119p do balkonu dla kot\u00f3w.<\/p>\n<p>Siatka kolczasta do ochrony przed kotami i kunami<\/p>\n<p>Kolce zapobiegaj\u0105 przemieszczaniu si\u0119 kot\u00f3w i kun<\/p>\n<p>Do ochrony rabat przed uszkodzeniem i zanieczyszczeniem<\/p>\n<p>R\u00f3wnie\u017c do samochod\u00f3w, karmnik\u00f3w dla ptak\u00f3w, balkon\u00f3w, parapet\u00f3w i nie tylko.<\/p>\n<p>Skuteczna obrona bez pr\u0105du i chemikali\u00f3w &#8211; wystarczy roz\u0142o\u017cy\u0107<\/p>\n<p>Praktyczny system wtykowy &#8211; \u0142\u0105cz poszczeg\u00f3lne elementy wed\u0142ug potrzeb<\/p>\n<\/section><\/div>\n<\/section>\n<section class=\"section\">\n<div class=\"item item-12\">\n<section class=\"text-item\">\n<p>7<\/p>\n<\/section><\/div>\n<\/section>","protected":false},"excerpt":{"rendered":"<p>Maty odstraszaj\u0105ce koty do ogrodu Dzi\u0119ki matom z kolcami w zestawie 20 sztuk mo\u017cesz trzyma\u0107 niechcianych zwierz\u0119cych go\u015bci z dala<\/p>","protected":false},"featured_media":34531,"template":"","meta":[],"product_brand":[],"product_cat":[86,401,111],"product_tag":[],"class_list":{"0":"post-34538","1":"product","2":"type-product","3":"status-publish","4":"has-post-thumbnail","6":"product_cat-dom-i-ogrod","7":"product_cat-odstraszacze-zwierzat","8":"product_cat-ogrod","10":"first","11":"instock","12":"taxable","13":"shipping-taxable","14":"purchasable","15":"product-type-simple"},"yoast_head":"<!-- This site is optimized with the Yoast SEO plugin v25.7 - https:\/\/yoast.com\/wordpress\/plugins\/seo\/ -->\n<title>Zestaw 20 kolczastych mat - Rad-Pal<\/title>\n<meta name=\"robots\" content=\"index, follow, max-snippet:-1, max-image-preview:large, max-video-preview:-1\" \/>\n<link rel=\"canonical\" href=\"https:\/\/rad-pal.com.pl\/en\/sklep\/bez-kategorii\/zestaw-20-kolczastych-mat\/\" \/>\n<meta property=\"og:locale\" content=\"en_GB\" \/>\n<meta property=\"og:type\" content=\"article\" \/>\n<meta property=\"og:title\" content=\"Zestaw 20 kolczastych mat - Rad-Pal\" \/>\n<meta property=\"og:description\" content=\"Maty odstraszaj\u0105ce koty do ogrodu Dzi\u0119ki matom z kolcami w zestawie 20 sztuk mo\u017cesz trzyma\u0107 niechcianych zwierz\u0119cych go\u015bci z dala\" \/>\n<meta property=\"og:url\" content=\"https:\/\/rad-pal.com.pl\/en\/sklep\/bez-kategorii\/zestaw-20-kolczastych-mat\/\" \/>\n<meta property=\"og:site_name\" content=\"Rad-Pal\" \/>\n<meta property=\"article:modified_time\" content=\"2026-02-19T16:34:23+00:00\" \/>\n<meta property=\"og:image\" content=\"https:\/\/upload.cdn.baselinker.com\/products\/6014502\/46234edf4a1770f9eef860712162a2cc.jpg\" \/>\n<meta name=\"twitter:card\" content=\"summary_large_image\" \/>\n<meta name=\"twitter:label1\" content=\"Estimated reading time\" \/>\n\t<meta name=\"twitter:data1\" content=\"1 minute\" \/>\n<script type=\"application\/ld+json\" class=\"yoast-schema-graph\">{\"@context\":\"https:\/\/schema.org\",\"@graph\":[{\"@type\":\"WebPage\",\"@id\":\"https:\/\/rad-pal.com.pl\/sklep\/bez-kategorii\/zestaw-20-kolczastych-mat\/\",\"url\":\"https:\/\/rad-pal.com.pl\/sklep\/bez-kategorii\/zestaw-20-kolczastych-mat\/\",\"name\":\"Zestaw 20 kolczastych mat - Rad-Pal\",\"isPartOf\":{\"@id\":\"https:\/\/rad-pal.com.pl\/#website\"},\"primaryImageOfPage\":{\"@id\":\"https:\/\/rad-pal.com.pl\/sklep\/bez-kategorii\/zestaw-20-kolczastych-mat\/#primaryimage\"},\"image\":{\"@id\":\"https:\/\/rad-pal.com.pl\/sklep\/bez-kategorii\/zestaw-20-kolczastych-mat\/#primaryimage\"},\"thumbnailUrl\":\"https:\/\/rad-pal.com.pl\/wp-content\/uploads\/2026\/02\/46234edf4a1770f9eef860712162a2cc.jpg\",\"datePublished\":\"2026-02-19T16:14:35+00:00\",\"dateModified\":\"2026-02-19T16:34:23+00:00\",\"breadcrumb\":{\"@id\":\"https:\/\/rad-pal.com.pl\/sklep\/bez-kategorii\/zestaw-20-kolczastych-mat\/#breadcrumb\"},\"inLanguage\":\"en-GB\",\"potentialAction\":[{\"@type\":\"ReadAction\",\"target\":[\"https:\/\/rad-pal.com.pl\/sklep\/bez-kategorii\/zestaw-20-kolczastych-mat\/\"]}]},{\"@type\":\"ImageObject\",\"inLanguage\":\"en-GB\",\"@id\":\"https:\/\/rad-pal.com.pl\/sklep\/bez-kategorii\/zestaw-20-kolczastych-mat\/#primaryimage\",\"url\":\"https:\/\/rad-pal.com.pl\/wp-content\/uploads\/2026\/02\/46234edf4a1770f9eef860712162a2cc.jpg\",\"contentUrl\":\"https:\/\/rad-pal.com.pl\/wp-content\/uploads\/2026\/02\/46234edf4a1770f9eef860712162a2cc.jpg\",\"width\":681,\"height\":681,\"caption\":\"67ff07e35850550f4005adac13c4a971\"},{\"@type\":\"BreadcrumbList\",\"@id\":\"https:\/\/rad-pal.com.pl\/sklep\/bez-kategorii\/zestaw-20-kolczastych-mat\/#breadcrumb\",\"itemListElement\":[{\"@type\":\"ListItem\",\"position\":1,\"name\":\"Strona g\u0142\u00f3wna\",\"item\":\"https:\/\/rad-pal.com.pl\/\"},{\"@type\":\"ListItem\",\"position\":2,\"name\":\"Sklep\",\"item\":\"https:\/\/rad-pal.com.pl\/sklep\/\"},{\"@type\":\"ListItem\",\"position\":3,\"name\":\"Zestaw 20 kolczastych mat\"}]},{\"@type\":\"WebSite\",\"@id\":\"https:\/\/rad-pal.com.pl\/#website\",\"url\":\"https:\/\/rad-pal.com.pl\/\",\"name\":\"Rad-Pal\",\"description\":\"\",\"publisher\":{\"@id\":\"https:\/\/rad-pal.com.pl\/#organization\"},\"potentialAction\":[{\"@type\":\"SearchAction\",\"target\":{\"@type\":\"EntryPoint\",\"urlTemplate\":\"https:\/\/rad-pal.com.pl\/?s={search_term_string}\"},\"query-input\":{\"@type\":\"PropertyValueSpecification\",\"valueRequired\":true,\"valueName\":\"search_term_string\"}}],\"inLanguage\":\"en-GB\"},{\"@type\":\"Organization\",\"@id\":\"https:\/\/rad-pal.com.pl\/#organization\",\"name\":\"Rad-Pal\",\"url\":\"https:\/\/rad-pal.com.pl\/\",\"logo\":{\"@type\":\"ImageObject\",\"inLanguage\":\"en-GB\",\"@id\":\"https:\/\/rad-pal.com.pl\/#\/schema\/logo\/image\/\",\"url\":\"https:\/\/rad-pal.com.pl\/wp-content\/uploads\/2026\/03\/Projekt-bez-nazwy-30.webp\",\"contentUrl\":\"https:\/\/rad-pal.com.pl\/wp-content\/uploads\/2026\/03\/Projekt-bez-nazwy-30.webp\",\"width\":600,\"height\":210,\"caption\":\"Rad-Pal\"},\"image\":{\"@id\":\"https:\/\/rad-pal.com.pl\/#\/schema\/logo\/image\/\"}}]}<\/script>\n<!-- \/ Yoast SEO plugin. -->","yoast_head_json":{"title":"Zestaw 20 kolczastych mat - Rad-Pal","robots":{"index":"index","follow":"follow","max-snippet":"max-snippet:-1","max-image-preview":"max-image-preview:large","max-video-preview":"max-video-preview:-1"},"canonical":"https:\/\/rad-pal.com.pl\/en\/sklep\/bez-kategorii\/zestaw-20-kolczastych-mat\/","og_locale":"en_GB","og_type":"article","og_title":"Zestaw 20 kolczastych mat - Rad-Pal","og_description":"Maty odstraszaj\u0105ce koty do ogrodu Dzi\u0119ki matom z kolcami w zestawie 20 sztuk mo\u017cesz trzyma\u0107 niechcianych zwierz\u0119cych go\u015bci z dala","og_url":"https:\/\/rad-pal.com.pl\/en\/sklep\/bez-kategorii\/zestaw-20-kolczastych-mat\/","og_site_name":"Rad-Pal","article_modified_time":"2026-02-19T16:34:23+00:00","og_image":[{"url":"https:\/\/upload.cdn.baselinker.com\/products\/6014502\/46234edf4a1770f9eef860712162a2cc.jpg","type":"","width":"","height":""}],"twitter_card":"summary_large_image","twitter_misc":{"Estimated reading time":"1 minute"},"schema":{"@context":"https:\/\/schema.org","@graph":[{"@type":"WebPage","@id":"https:\/\/rad-pal.com.pl\/sklep\/bez-kategorii\/zestaw-20-kolczastych-mat\/","url":"https:\/\/rad-pal.com.pl\/sklep\/bez-kategorii\/zestaw-20-kolczastych-mat\/","name":"Zestaw 20 kolczastych mat - Rad-Pal","isPartOf":{"@id":"https:\/\/rad-pal.com.pl\/#website"},"primaryImageOfPage":{"@id":"https:\/\/rad-pal.com.pl\/sklep\/bez-kategorii\/zestaw-20-kolczastych-mat\/#primaryimage"},"image":{"@id":"https:\/\/rad-pal.com.pl\/sklep\/bez-kategorii\/zestaw-20-kolczastych-mat\/#primaryimage"},"thumbnailUrl":"https:\/\/rad-pal.com.pl\/wp-content\/uploads\/2026\/02\/46234edf4a1770f9eef860712162a2cc.jpg","datePublished":"2026-02-19T16:14:35+00:00","dateModified":"2026-02-19T16:34:23+00:00","breadcrumb":{"@id":"https:\/\/rad-pal.com.pl\/sklep\/bez-kategorii\/zestaw-20-kolczastych-mat\/#breadcrumb"},"inLanguage":"en-GB","potentialAction":[{"@type":"ReadAction","target":["https:\/\/rad-pal.com.pl\/sklep\/bez-kategorii\/zestaw-20-kolczastych-mat\/"]}]},{"@type":"ImageObject","inLanguage":"en-GB","@id":"https:\/\/rad-pal.com.pl\/sklep\/bez-kategorii\/zestaw-20-kolczastych-mat\/#primaryimage","url":"https:\/\/rad-pal.com.pl\/wp-content\/uploads\/2026\/02\/46234edf4a1770f9eef860712162a2cc.jpg","contentUrl":"https:\/\/rad-pal.com.pl\/wp-content\/uploads\/2026\/02\/46234edf4a1770f9eef860712162a2cc.jpg","width":681,"height":681,"caption":"67ff07e35850550f4005adac13c4a971"},{"@type":"BreadcrumbList","@id":"https:\/\/rad-pal.com.pl\/sklep\/bez-kategorii\/zestaw-20-kolczastych-mat\/#breadcrumb","itemListElement":[{"@type":"ListItem","position":1,"name":"Strona g\u0142\u00f3wna","item":"https:\/\/rad-pal.com.pl\/"},{"@type":"ListItem","position":2,"name":"Sklep","item":"https:\/\/rad-pal.com.pl\/sklep\/"},{"@type":"ListItem","position":3,"name":"Zestaw 20 kolczastych mat"}]},{"@type":"WebSite","@id":"https:\/\/rad-pal.com.pl\/#website","url":"https:\/\/rad-pal.com.pl\/","name":"Rad-Pal","description":"","publisher":{"@id":"https:\/\/rad-pal.com.pl\/#organization"},"potentialAction":[{"@type":"SearchAction","target":{"@type":"EntryPoint","urlTemplate":"https:\/\/rad-pal.com.pl\/?s={search_term_string}"},"query-input":{"@type":"PropertyValueSpecification","valueRequired":true,"valueName":"search_term_string"}}],"inLanguage":"en-GB"},{"@type":"Organization","@id":"https:\/\/rad-pal.com.pl\/#organization","name":"Rad-Pal","url":"https:\/\/rad-pal.com.pl\/","logo":{"@type":"ImageObject","inLanguage":"en-GB","@id":"https:\/\/rad-pal.com.pl\/#\/schema\/logo\/image\/","url":"https:\/\/rad-pal.com.pl\/wp-content\/uploads\/2026\/03\/Projekt-bez-nazwy-30.webp","contentUrl":"https:\/\/rad-pal.com.pl\/wp-content\/uploads\/2026\/03\/Projekt-bez-nazwy-30.webp","width":600,"height":210,"caption":"Rad-Pal"},"image":{"@id":"https:\/\/rad-pal.com.pl\/#\/schema\/logo\/image\/"}}]}},"_links":{"self":[{"href":"https:\/\/rad-pal.com.pl\/en\/wp-json\/wp\/v2\/product\/34538","targetHints":{"allow":["GET"]}}],"collection":[{"href":"https:\/\/rad-pal.com.pl\/en\/wp-json\/wp\/v2\/product"}],"about":[{"href":"https:\/\/rad-pal.com.pl\/en\/wp-json\/wp\/v2\/types\/product"}],"version-history":[{"count":0,"href":"https:\/\/rad-pal.com.pl\/en\/wp-json\/wp\/v2\/product\/34538\/revisions"}],"wp:featuredmedia":[{"embeddable":true,"href":"https:\/\/rad-pal.com.pl\/en\/wp-json\/wp\/v2\/media\/34531"}],"wp:attachment":[{"href":"https:\/\/rad-pal.com.pl\/en\/wp-json\/wp\/v2\/media?parent=34538"}],"wp:term":[{"taxonomy":"product_brand","embeddable":true,"href":"https:\/\/rad-pal.com.pl\/en\/wp-json\/wp\/v2\/product_brand?post=34538"},{"taxonomy":"product_cat","embeddable":true,"href":"https:\/\/rad-pal.com.pl\/en\/wp-json\/wp\/v2\/product_cat?post=34538"},{"taxonomy":"product_tag","embeddable":true,"href":"https:\/\/rad-pal.com.pl\/en\/wp-json\/wp\/v2\/product_tag?post=34538"}],"curies":[{"name":"wp","href":"https:\/\/api.w.org\/{rel}","templated":true}]}}