{"id":34622,"date":"2026-02-19T17:18:02","date_gmt":"2026-02-19T16:18:02","guid":{"rendered":"https:\/\/rad-pal.com.pl\/sklep\/bez-kategorii\/zamek-skrzynkowymi-do-sprzegu-przyczepy-relaxdays\/"},"modified":"2026-02-19T17:35:04","modified_gmt":"2026-02-19T16:35:04","slug":"zamek-skrzynkowymi-do-sprzegu-przyczepy-relaxdays","status":"publish","type":"product","link":"https:\/\/rad-pal.com.pl\/en\/sklep\/motoryzacja\/czesci-do-maszyn-i-innych-pojazdow\/czesci-do-przyczep-i-naczep\/kempingowe\/zamki\/zamek-skrzynkowymi-do-sprzegu-przyczepy-relaxdays\/","title":{"rendered":"Zamek skrzynkowymi do sprz\u0119gu przyczepy relaxdays"},"content":{"rendered":"<section class=\"section\">\n<div class=\"item item-6\">\n<section class=\"text-item\">\n<h1>#845<\/h1>\n<h1>Zamek skrzynkowymi do sprz\u0119gu przyczepy relaxdays<\/h1>\n<\/section><\/div>\n<div class=\"item item-6\">\n<section class=\"image-item\"><img decoding=\"async\" src=\"https:\/\/upload.cdn.baselinker.com\/products\/6014502\/568e344d4699ac734b03d40f3f2234ed.jpg\" \/><\/section>\n<\/p><\/div>\n<\/section>\n<section class=\"section\">\n<div class=\"item item-12\">\n<section class=\"text-item\">\n<h2>Bezpieczny zamek skrzynkowy do sprz\u0119gu przyczepy<\/h2>\n<p>Dzi\u0119ki solidnemu zamkowi skrzynkowemu mo\u017cna w mgnieniu oka zabezpieczy\u0107 przed kradzie\u017c\u0105 przyczepy samochodowe, przyczepy kempingowe, przyczepy lub przyczepy do przewozu koni. Sk\u0142adany zamek przyczepy wystarczy wsun\u0105\u0107 na zaczep przyczepy, a nast\u0119pnie bezpiecznie zablokowa\u0107 za pomoc\u0105 do\u0142\u0105czonej k\u0142\u00f3dki. Nawet gdy przyczepa jest zaczepiona, blokada przyczepy mo\u017ce by\u0107 zablokowana bez \u017cadnych problem\u00f3w. Blokada przyczepy zapobiega nieautoryzowanemu pod\u0142\u0105czeniu lub kradzie\u017cy przyczepy.<\/p>\n<\/section><\/div>\n<\/section>\n<section class=\"section\">\n<div class=\"item item-6\">\n<section class=\"image-item\"><img decoding=\"async\" src=\"https:\/\/upload.cdn.baselinker.com\/products\/6014502\/bb84cef3fdecd4298981398f4354112d.jpg\" \/><\/section>\n<\/p><\/div>\n<div class=\"item item-6\">\n<section class=\"image-item\"><img decoding=\"async\" src=\"https:\/\/upload.cdn.baselinker.com\/products\/6014502\/6ece70e3f5671435f0b6f16cb179d67c.jpg\" \/><\/section>\n<\/p><\/div>\n<\/section>\n<section class=\"section\">\n<div class=\"item item-12\">\n<section class=\"text-item\">\n<h2>Zabezpieczenie skrzyni przed kradzie\u017c\u0105<\/h2>\n<ul>\n<li>Ochrona przyczep kempingowych, przyczep, przyczep do przewozu koni itp. przed kradzie\u017c\u0105<\/li>\n<li>Brak mo\u017cliwo\u015bci nieautoryzowanego podpi\u0119cia lub kradzie\u017cy przyczepy<\/li>\n<li>Przydatne podczas wakacji na kempingu lub podczas postoju na otwartej drodze<\/li>\n<li>Mo\u017cliwo\u015b\u0107 zablokowania nawet, gdy przyczepa jest pod\u0142\u0105czona<\/li>\n<li>Solidna k\u0142\u00f3dka ze stali nierdzewnej z 3 kluczami<\/li>\n<\/ul>\n<\/section><\/div>\n<\/section>\n<section class=\"section\">\n<div class=\"item item-6\">\n<section class=\"image-item\"><img decoding=\"async\" src=\"https:\/\/upload.cdn.baselinker.com\/products\/6014502\/9f64e5fd277d3d2d5d1e1a80d6cc48af.jpg\" \/><\/section>\n<\/p><\/div>\n<div class=\"item item-6\">\n<section class=\"image-item\"><img decoding=\"async\" src=\"https:\/\/upload.cdn.baselinker.com\/products\/6014502\/f03c1b37ac85904b693de4f9b8e272ad.jpg\" \/><\/section>\n<\/p><\/div>\n<\/section>\n<section class=\"section\">\n<div class=\"item item-12\">\n<section class=\"text-item\">\n<h2>Zamek skrzynkowy w skr\u00f3cie<\/h2>\n<ul>\n<li>Wymiary wys. x szer. x g\u0142.: ok. 16 x 17,5 x 11,5 cm<\/li>\n<li>Wymiary wewn\u0119trzne pude\u0142ka wys. x szer.: ok. 11 x 11 cm<\/li>\n<li>Wymiary k\u0142\u00f3dki wys. x g\u0142\u0119b.: ok. 2 x 7 cm<\/li>\n<li>Waga ca\u0142kowita: ok. 2 kg<\/li>\n<li>Wykonane ze stali i stali nierdzewnej<\/li>\n<\/ul>\n<\/section><\/div>\n<\/section>\n<section class=\"section\">\n<div class=\"item item-12\">\n<section class=\"text-item\">\n<p>4<\/p>\n<\/section><\/div>\n<\/section>","protected":false},"excerpt":{"rendered":"<p>#845 Zamek skrzynkowymi do sprz\u0119gu przyczepy relaxdays Bezpieczny zamek skrzynkowy do sprz\u0119gu przyczepy Dzi\u0119ki solidnemu zamkowi skrzynkowemu mo\u017cna w mgnieniu<\/p>","protected":false},"featured_media":34617,"template":"","meta":[],"product_brand":[],"product_cat":[507,508,509,285,510],"product_tag":[],"class_list":{"0":"post-34622","1":"product","2":"type-product","3":"status-publish","4":"has-post-thumbnail","6":"product_cat-czesci-do-maszyn-i-innych-pojazdow","7":"product_cat-czesci-do-przyczep-i-naczep","8":"product_cat-kempingowe","9":"product_cat-motoryzacja","10":"product_cat-zamki","12":"first","13":"instock","14":"taxable","15":"shipping-taxable","16":"purchasable","17":"product-type-simple"},"yoast_head":"<!-- This site is optimized with the Yoast SEO plugin v25.7 - https:\/\/yoast.com\/wordpress\/plugins\/seo\/ -->\n<title>Zamek skrzynkowymi do sprz\u0119gu przyczepy relaxdays - Rad-Pal<\/title>\n<meta name=\"robots\" content=\"index, follow, max-snippet:-1, max-image-preview:large, max-video-preview:-1\" \/>\n<link rel=\"canonical\" href=\"https:\/\/rad-pal.com.pl\/en\/sklep\/bez-kategorii\/zamek-skrzynkowymi-do-sprzegu-przyczepy-relaxdays\/\" \/>\n<meta property=\"og:locale\" content=\"en_GB\" \/>\n<meta property=\"og:type\" content=\"article\" \/>\n<meta property=\"og:title\" content=\"Zamek skrzynkowymi do sprz\u0119gu przyczepy relaxdays - Rad-Pal\" \/>\n<meta property=\"og:description\" content=\"#845 Zamek skrzynkowymi do sprz\u0119gu przyczepy relaxdays Bezpieczny zamek skrzynkowy do sprz\u0119gu przyczepy Dzi\u0119ki solidnemu zamkowi skrzynkowemu mo\u017cna w mgnieniu\" \/>\n<meta property=\"og:url\" content=\"https:\/\/rad-pal.com.pl\/en\/sklep\/bez-kategorii\/zamek-skrzynkowymi-do-sprzegu-przyczepy-relaxdays\/\" \/>\n<meta property=\"og:site_name\" content=\"Rad-Pal\" \/>\n<meta property=\"article:modified_time\" content=\"2026-02-19T16:35:04+00:00\" \/>\n<meta property=\"og:image\" content=\"https:\/\/upload.cdn.baselinker.com\/products\/6014502\/568e344d4699ac734b03d40f3f2234ed.jpg\" \/>\n<meta name=\"twitter:card\" content=\"summary_large_image\" \/>\n<meta name=\"twitter:label1\" content=\"Estimated reading time\" \/>\n\t<meta name=\"twitter:data1\" content=\"1 minute\" \/>\n<script type=\"application\/ld+json\" class=\"yoast-schema-graph\">{\"@context\":\"https:\/\/schema.org\",\"@graph\":[{\"@type\":\"WebPage\",\"@id\":\"https:\/\/rad-pal.com.pl\/sklep\/bez-kategorii\/zamek-skrzynkowymi-do-sprzegu-przyczepy-relaxdays\/\",\"url\":\"https:\/\/rad-pal.com.pl\/sklep\/bez-kategorii\/zamek-skrzynkowymi-do-sprzegu-przyczepy-relaxdays\/\",\"name\":\"Zamek skrzynkowymi do sprz\u0119gu przyczepy relaxdays - Rad-Pal\",\"isPartOf\":{\"@id\":\"https:\/\/rad-pal.com.pl\/#website\"},\"primaryImageOfPage\":{\"@id\":\"https:\/\/rad-pal.com.pl\/sklep\/bez-kategorii\/zamek-skrzynkowymi-do-sprzegu-przyczepy-relaxdays\/#primaryimage\"},\"image\":{\"@id\":\"https:\/\/rad-pal.com.pl\/sklep\/bez-kategorii\/zamek-skrzynkowymi-do-sprzegu-przyczepy-relaxdays\/#primaryimage\"},\"thumbnailUrl\":\"https:\/\/rad-pal.com.pl\/wp-content\/uploads\/2026\/02\/568e344d4699ac734b03d40f3f2234ed.jpg\",\"datePublished\":\"2026-02-19T16:18:02+00:00\",\"dateModified\":\"2026-02-19T16:35:04+00:00\",\"breadcrumb\":{\"@id\":\"https:\/\/rad-pal.com.pl\/sklep\/bez-kategorii\/zamek-skrzynkowymi-do-sprzegu-przyczepy-relaxdays\/#breadcrumb\"},\"inLanguage\":\"en-GB\",\"potentialAction\":[{\"@type\":\"ReadAction\",\"target\":[\"https:\/\/rad-pal.com.pl\/sklep\/bez-kategorii\/zamek-skrzynkowymi-do-sprzegu-przyczepy-relaxdays\/\"]}]},{\"@type\":\"ImageObject\",\"inLanguage\":\"en-GB\",\"@id\":\"https:\/\/rad-pal.com.pl\/sklep\/bez-kategorii\/zamek-skrzynkowymi-do-sprzegu-przyczepy-relaxdays\/#primaryimage\",\"url\":\"https:\/\/rad-pal.com.pl\/wp-content\/uploads\/2026\/02\/568e344d4699ac734b03d40f3f2234ed.jpg\",\"contentUrl\":\"https:\/\/rad-pal.com.pl\/wp-content\/uploads\/2026\/02\/568e344d4699ac734b03d40f3f2234ed.jpg\",\"width\":681,\"height\":681,\"caption\":\"8de402cfa5238714057648211391ab57\"},{\"@type\":\"BreadcrumbList\",\"@id\":\"https:\/\/rad-pal.com.pl\/sklep\/bez-kategorii\/zamek-skrzynkowymi-do-sprzegu-przyczepy-relaxdays\/#breadcrumb\",\"itemListElement\":[{\"@type\":\"ListItem\",\"position\":1,\"name\":\"Strona g\u0142\u00f3wna\",\"item\":\"https:\/\/rad-pal.com.pl\/\"},{\"@type\":\"ListItem\",\"position\":2,\"name\":\"Sklep\",\"item\":\"https:\/\/rad-pal.com.pl\/sklep\/\"},{\"@type\":\"ListItem\",\"position\":3,\"name\":\"Zamek skrzynkowymi do sprz\u0119gu przyczepy relaxdays\"}]},{\"@type\":\"WebSite\",\"@id\":\"https:\/\/rad-pal.com.pl\/#website\",\"url\":\"https:\/\/rad-pal.com.pl\/\",\"name\":\"Rad-Pal\",\"description\":\"\",\"publisher\":{\"@id\":\"https:\/\/rad-pal.com.pl\/#organization\"},\"potentialAction\":[{\"@type\":\"SearchAction\",\"target\":{\"@type\":\"EntryPoint\",\"urlTemplate\":\"https:\/\/rad-pal.com.pl\/?s={search_term_string}\"},\"query-input\":{\"@type\":\"PropertyValueSpecification\",\"valueRequired\":true,\"valueName\":\"search_term_string\"}}],\"inLanguage\":\"en-GB\"},{\"@type\":\"Organization\",\"@id\":\"https:\/\/rad-pal.com.pl\/#organization\",\"name\":\"Rad-Pal\",\"url\":\"https:\/\/rad-pal.com.pl\/\",\"logo\":{\"@type\":\"ImageObject\",\"inLanguage\":\"en-GB\",\"@id\":\"https:\/\/rad-pal.com.pl\/#\/schema\/logo\/image\/\",\"url\":\"https:\/\/rad-pal.com.pl\/wp-content\/uploads\/2026\/03\/Projekt-bez-nazwy-30.webp\",\"contentUrl\":\"https:\/\/rad-pal.com.pl\/wp-content\/uploads\/2026\/03\/Projekt-bez-nazwy-30.webp\",\"width\":600,\"height\":210,\"caption\":\"Rad-Pal\"},\"image\":{\"@id\":\"https:\/\/rad-pal.com.pl\/#\/schema\/logo\/image\/\"}}]}<\/script>\n<!-- \/ Yoast SEO plugin. -->","yoast_head_json":{"title":"Zamek skrzynkowymi do sprz\u0119gu przyczepy relaxdays - Rad-Pal","robots":{"index":"index","follow":"follow","max-snippet":"max-snippet:-1","max-image-preview":"max-image-preview:large","max-video-preview":"max-video-preview:-1"},"canonical":"https:\/\/rad-pal.com.pl\/en\/sklep\/bez-kategorii\/zamek-skrzynkowymi-do-sprzegu-przyczepy-relaxdays\/","og_locale":"en_GB","og_type":"article","og_title":"Zamek skrzynkowymi do sprz\u0119gu przyczepy relaxdays - Rad-Pal","og_description":"#845 Zamek skrzynkowymi do sprz\u0119gu przyczepy relaxdays Bezpieczny zamek skrzynkowy do sprz\u0119gu przyczepy Dzi\u0119ki solidnemu zamkowi skrzynkowemu mo\u017cna w mgnieniu","og_url":"https:\/\/rad-pal.com.pl\/en\/sklep\/bez-kategorii\/zamek-skrzynkowymi-do-sprzegu-przyczepy-relaxdays\/","og_site_name":"Rad-Pal","article_modified_time":"2026-02-19T16:35:04+00:00","og_image":[{"url":"https:\/\/upload.cdn.baselinker.com\/products\/6014502\/568e344d4699ac734b03d40f3f2234ed.jpg","type":"","width":"","height":""}],"twitter_card":"summary_large_image","twitter_misc":{"Estimated reading time":"1 minute"},"schema":{"@context":"https:\/\/schema.org","@graph":[{"@type":"WebPage","@id":"https:\/\/rad-pal.com.pl\/sklep\/bez-kategorii\/zamek-skrzynkowymi-do-sprzegu-przyczepy-relaxdays\/","url":"https:\/\/rad-pal.com.pl\/sklep\/bez-kategorii\/zamek-skrzynkowymi-do-sprzegu-przyczepy-relaxdays\/","name":"Zamek skrzynkowymi do sprz\u0119gu przyczepy relaxdays - Rad-Pal","isPartOf":{"@id":"https:\/\/rad-pal.com.pl\/#website"},"primaryImageOfPage":{"@id":"https:\/\/rad-pal.com.pl\/sklep\/bez-kategorii\/zamek-skrzynkowymi-do-sprzegu-przyczepy-relaxdays\/#primaryimage"},"image":{"@id":"https:\/\/rad-pal.com.pl\/sklep\/bez-kategorii\/zamek-skrzynkowymi-do-sprzegu-przyczepy-relaxdays\/#primaryimage"},"thumbnailUrl":"https:\/\/rad-pal.com.pl\/wp-content\/uploads\/2026\/02\/568e344d4699ac734b03d40f3f2234ed.jpg","datePublished":"2026-02-19T16:18:02+00:00","dateModified":"2026-02-19T16:35:04+00:00","breadcrumb":{"@id":"https:\/\/rad-pal.com.pl\/sklep\/bez-kategorii\/zamek-skrzynkowymi-do-sprzegu-przyczepy-relaxdays\/#breadcrumb"},"inLanguage":"en-GB","potentialAction":[{"@type":"ReadAction","target":["https:\/\/rad-pal.com.pl\/sklep\/bez-kategorii\/zamek-skrzynkowymi-do-sprzegu-przyczepy-relaxdays\/"]}]},{"@type":"ImageObject","inLanguage":"en-GB","@id":"https:\/\/rad-pal.com.pl\/sklep\/bez-kategorii\/zamek-skrzynkowymi-do-sprzegu-przyczepy-relaxdays\/#primaryimage","url":"https:\/\/rad-pal.com.pl\/wp-content\/uploads\/2026\/02\/568e344d4699ac734b03d40f3f2234ed.jpg","contentUrl":"https:\/\/rad-pal.com.pl\/wp-content\/uploads\/2026\/02\/568e344d4699ac734b03d40f3f2234ed.jpg","width":681,"height":681,"caption":"8de402cfa5238714057648211391ab57"},{"@type":"BreadcrumbList","@id":"https:\/\/rad-pal.com.pl\/sklep\/bez-kategorii\/zamek-skrzynkowymi-do-sprzegu-przyczepy-relaxdays\/#breadcrumb","itemListElement":[{"@type":"ListItem","position":1,"name":"Strona g\u0142\u00f3wna","item":"https:\/\/rad-pal.com.pl\/"},{"@type":"ListItem","position":2,"name":"Sklep","item":"https:\/\/rad-pal.com.pl\/sklep\/"},{"@type":"ListItem","position":3,"name":"Zamek skrzynkowymi do sprz\u0119gu przyczepy relaxdays"}]},{"@type":"WebSite","@id":"https:\/\/rad-pal.com.pl\/#website","url":"https:\/\/rad-pal.com.pl\/","name":"Rad-Pal","description":"","publisher":{"@id":"https:\/\/rad-pal.com.pl\/#organization"},"potentialAction":[{"@type":"SearchAction","target":{"@type":"EntryPoint","urlTemplate":"https:\/\/rad-pal.com.pl\/?s={search_term_string}"},"query-input":{"@type":"PropertyValueSpecification","valueRequired":true,"valueName":"search_term_string"}}],"inLanguage":"en-GB"},{"@type":"Organization","@id":"https:\/\/rad-pal.com.pl\/#organization","name":"Rad-Pal","url":"https:\/\/rad-pal.com.pl\/","logo":{"@type":"ImageObject","inLanguage":"en-GB","@id":"https:\/\/rad-pal.com.pl\/#\/schema\/logo\/image\/","url":"https:\/\/rad-pal.com.pl\/wp-content\/uploads\/2026\/03\/Projekt-bez-nazwy-30.webp","contentUrl":"https:\/\/rad-pal.com.pl\/wp-content\/uploads\/2026\/03\/Projekt-bez-nazwy-30.webp","width":600,"height":210,"caption":"Rad-Pal"},"image":{"@id":"https:\/\/rad-pal.com.pl\/#\/schema\/logo\/image\/"}}]}},"_links":{"self":[{"href":"https:\/\/rad-pal.com.pl\/en\/wp-json\/wp\/v2\/product\/34622","targetHints":{"allow":["GET"]}}],"collection":[{"href":"https:\/\/rad-pal.com.pl\/en\/wp-json\/wp\/v2\/product"}],"about":[{"href":"https:\/\/rad-pal.com.pl\/en\/wp-json\/wp\/v2\/types\/product"}],"version-history":[{"count":0,"href":"https:\/\/rad-pal.com.pl\/en\/wp-json\/wp\/v2\/product\/34622\/revisions"}],"wp:featuredmedia":[{"embeddable":true,"href":"https:\/\/rad-pal.com.pl\/en\/wp-json\/wp\/v2\/media\/34617"}],"wp:attachment":[{"href":"https:\/\/rad-pal.com.pl\/en\/wp-json\/wp\/v2\/media?parent=34622"}],"wp:term":[{"taxonomy":"product_brand","embeddable":true,"href":"https:\/\/rad-pal.com.pl\/en\/wp-json\/wp\/v2\/product_brand?post=34622"},{"taxonomy":"product_cat","embeddable":true,"href":"https:\/\/rad-pal.com.pl\/en\/wp-json\/wp\/v2\/product_cat?post=34622"},{"taxonomy":"product_tag","embeddable":true,"href":"https:\/\/rad-pal.com.pl\/en\/wp-json\/wp\/v2\/product_tag?post=34622"}],"curies":[{"name":"wp","href":"https:\/\/api.w.org\/{rel}","templated":true}]}}