{"id":34626,"date":"2026-02-19T17:18:08","date_gmt":"2026-02-19T16:18:08","guid":{"rendered":"https:\/\/rad-pal.com.pl\/sklep\/bez-kategorii\/podporki-do-roslin-tworzywo-sztuczne-25-cm-12-szt\/"},"modified":"2026-02-19T17:35:07","modified_gmt":"2026-02-19T16:35:07","slug":"podporki-do-roslin-tworzywo-sztuczne-25-cm-12-szt","status":"publish","type":"product","link":"https:\/\/rad-pal.com.pl\/en\/sklep\/dom-i-ogrod\/ogrod\/rosliny\/akcesoria-rosliny\/podporki\/podporki-do-roslin-tworzywo-sztuczne-25-cm-12-szt\/","title":{"rendered":"Podp\u00f3rki do ro\u015blin tworzywo sztuczne 25 cm 12 szt."},"content":{"rendered":"<section class=\"section\">\n<div class=\"item item-12\">\n<section class=\"text-item\">\n<h2>Wspornik do ro\u015blin pn\u0105cych dla ro\u015blin doniczkowych i domowych<\/h2>\n<p>Wspornik do pn\u0105czy w praktycznym zestawie 12 sztuk to idealna podpora dla Twoich pn\u0105cych ro\u015blin doniczkowych i domowych. Te proste podp\u00f3rki do kwiat\u00f3w nie tylko zapewniaj\u0105 niezb\u0119dne wsparcie, ale tak\u017ce wspieraj\u0105 wzrost Twoich zielonych skarb\u00f3w. Po prostu w\u0142\u00f3\u017c wytrzyma\u0142e plastikowe kratki do ziemi w doniczkach i skrzynkach za pomoc\u0105 2 szpikulc\u00f3w. W razie potrzeby mo\u017cesz po\u0142\u0105czy\u0107 kilka kratek razem, aby zapewni\u0107 ro\u015blinom wi\u0119cej miejsca.<\/p>\n<h2>Praktyczne plastikowe podpory do ro\u015blin<\/h2>\n<ul>\n<li>Zapewnia niezb\u0119dn\u0105 stabilno\u015b\u0107 i wsparcie podczas uprawy<\/li>\n<li>Idealne do ro\u015blin doniczkowych, takich jak bluszcz, ma\u0142e r\u00f3\u017ce itp.<\/li>\n<li>Wystarczy wbi\u0107 w ziemi\u0119 za pomoc\u0105 kolc\u00f3w<\/li>\n<li>Wykonane z wytrzyma\u0142ego plastiku w jednolitym zielonym kolorze<\/li>\n<li>Kraty mo\u017cna \u0142\u0105czy\u0107 ze sob\u0105 w zale\u017cno\u015bci od potrzeb<\/li>\n<\/ul>\n<\/section><\/div>\n<\/section>\n<section class=\"section\">\n<div class=\"item item-12\">\n<section class=\"image-item\"><img decoding=\"async\" src=\"https:\/\/upload.cdn.baselinker.com\/products\/6014502\/53b274059dc8ecb9895f083abfb40697.jpg\" \/><\/section>\n<\/p><\/div>\n<\/section>\n<section class=\"section\">\n<div class=\"item item-12\">\n<section class=\"text-item\">\n<p>4<\/p>\n<\/section><\/div>\n<\/section>","protected":false},"excerpt":{"rendered":"<p>Wspornik do ro\u015blin pn\u0105cych dla ro\u015blin doniczkowych i domowych Wspornik do pn\u0105czy w praktycznym zestawie 12 sztuk to idealna podpora<\/p>","protected":false},"featured_media":34623,"template":"","meta":[],"product_brand":[],"product_cat":[261,86,111,262,260],"product_tag":[],"class_list":{"0":"post-34626","1":"product","2":"type-product","3":"status-publish","4":"has-post-thumbnail","6":"product_cat-akcesoria-rosliny","7":"product_cat-dom-i-ogrod","8":"product_cat-ogrod","9":"product_cat-podporki","10":"product_cat-rosliny","12":"first","13":"instock","14":"taxable","15":"shipping-taxable","16":"purchasable","17":"product-type-simple"},"yoast_head":"<!-- This site is optimized with the Yoast SEO plugin v25.7 - https:\/\/yoast.com\/wordpress\/plugins\/seo\/ -->\n<title>Podp\u00f3rki do ro\u015blin tworzywo sztuczne 25 cm 12 szt. - Rad-Pal<\/title>\n<meta name=\"robots\" content=\"index, follow, max-snippet:-1, max-image-preview:large, max-video-preview:-1\" \/>\n<link rel=\"canonical\" href=\"https:\/\/rad-pal.com.pl\/en\/sklep\/bez-kategorii\/podporki-do-roslin-tworzywo-sztuczne-25-cm-12-szt\/\" \/>\n<meta property=\"og:locale\" content=\"en_GB\" \/>\n<meta property=\"og:type\" content=\"article\" \/>\n<meta property=\"og:title\" content=\"Podp\u00f3rki do ro\u015blin tworzywo sztuczne 25 cm 12 szt. - Rad-Pal\" \/>\n<meta property=\"og:description\" content=\"Wspornik do ro\u015blin pn\u0105cych dla ro\u015blin doniczkowych i domowych Wspornik do pn\u0105czy w praktycznym zestawie 12 sztuk to idealna podpora\" \/>\n<meta property=\"og:url\" content=\"https:\/\/rad-pal.com.pl\/en\/sklep\/bez-kategorii\/podporki-do-roslin-tworzywo-sztuczne-25-cm-12-szt\/\" \/>\n<meta property=\"og:site_name\" content=\"Rad-Pal\" \/>\n<meta property=\"article:modified_time\" content=\"2026-02-19T16:35:07+00:00\" \/>\n<meta property=\"og:image\" content=\"https:\/\/upload.cdn.baselinker.com\/products\/6014502\/53b274059dc8ecb9895f083abfb40697.jpg\" \/>\n<meta name=\"twitter:card\" content=\"summary_large_image\" \/>\n<meta name=\"twitter:label1\" content=\"Estimated reading time\" \/>\n\t<meta name=\"twitter:data1\" content=\"1 minute\" \/>\n<script type=\"application\/ld+json\" class=\"yoast-schema-graph\">{\"@context\":\"https:\/\/schema.org\",\"@graph\":[{\"@type\":\"WebPage\",\"@id\":\"https:\/\/rad-pal.com.pl\/sklep\/bez-kategorii\/podporki-do-roslin-tworzywo-sztuczne-25-cm-12-szt\/\",\"url\":\"https:\/\/rad-pal.com.pl\/sklep\/bez-kategorii\/podporki-do-roslin-tworzywo-sztuczne-25-cm-12-szt\/\",\"name\":\"Podp\u00f3rki do ro\u015blin tworzywo sztuczne 25 cm 12 szt. - Rad-Pal\",\"isPartOf\":{\"@id\":\"https:\/\/rad-pal.com.pl\/#website\"},\"primaryImageOfPage\":{\"@id\":\"https:\/\/rad-pal.com.pl\/sklep\/bez-kategorii\/podporki-do-roslin-tworzywo-sztuczne-25-cm-12-szt\/#primaryimage\"},\"image\":{\"@id\":\"https:\/\/rad-pal.com.pl\/sklep\/bez-kategorii\/podporki-do-roslin-tworzywo-sztuczne-25-cm-12-szt\/#primaryimage\"},\"thumbnailUrl\":\"https:\/\/rad-pal.com.pl\/wp-content\/uploads\/2026\/02\/53b274059dc8ecb9895f083abfb40697.jpg\",\"datePublished\":\"2026-02-19T16:18:08+00:00\",\"dateModified\":\"2026-02-19T16:35:07+00:00\",\"breadcrumb\":{\"@id\":\"https:\/\/rad-pal.com.pl\/sklep\/bez-kategorii\/podporki-do-roslin-tworzywo-sztuczne-25-cm-12-szt\/#breadcrumb\"},\"inLanguage\":\"en-GB\",\"potentialAction\":[{\"@type\":\"ReadAction\",\"target\":[\"https:\/\/rad-pal.com.pl\/sklep\/bez-kategorii\/podporki-do-roslin-tworzywo-sztuczne-25-cm-12-szt\/\"]}]},{\"@type\":\"ImageObject\",\"inLanguage\":\"en-GB\",\"@id\":\"https:\/\/rad-pal.com.pl\/sklep\/bez-kategorii\/podporki-do-roslin-tworzywo-sztuczne-25-cm-12-szt\/#primaryimage\",\"url\":\"https:\/\/rad-pal.com.pl\/wp-content\/uploads\/2026\/02\/53b274059dc8ecb9895f083abfb40697.jpg\",\"contentUrl\":\"https:\/\/rad-pal.com.pl\/wp-content\/uploads\/2026\/02\/53b274059dc8ecb9895f083abfb40697.jpg\",\"width\":1080,\"height\":1630,\"caption\":\"d5abdf05912388ccfc4390fd69a2137b\"},{\"@type\":\"BreadcrumbList\",\"@id\":\"https:\/\/rad-pal.com.pl\/sklep\/bez-kategorii\/podporki-do-roslin-tworzywo-sztuczne-25-cm-12-szt\/#breadcrumb\",\"itemListElement\":[{\"@type\":\"ListItem\",\"position\":1,\"name\":\"Strona g\u0142\u00f3wna\",\"item\":\"https:\/\/rad-pal.com.pl\/\"},{\"@type\":\"ListItem\",\"position\":2,\"name\":\"Sklep\",\"item\":\"https:\/\/rad-pal.com.pl\/sklep\/\"},{\"@type\":\"ListItem\",\"position\":3,\"name\":\"Podp\u00f3rki do ro\u015blin tworzywo sztuczne 25 cm 12 szt.\"}]},{\"@type\":\"WebSite\",\"@id\":\"https:\/\/rad-pal.com.pl\/#website\",\"url\":\"https:\/\/rad-pal.com.pl\/\",\"name\":\"Rad-Pal\",\"description\":\"\",\"publisher\":{\"@id\":\"https:\/\/rad-pal.com.pl\/#organization\"},\"potentialAction\":[{\"@type\":\"SearchAction\",\"target\":{\"@type\":\"EntryPoint\",\"urlTemplate\":\"https:\/\/rad-pal.com.pl\/?s={search_term_string}\"},\"query-input\":{\"@type\":\"PropertyValueSpecification\",\"valueRequired\":true,\"valueName\":\"search_term_string\"}}],\"inLanguage\":\"en-GB\"},{\"@type\":\"Organization\",\"@id\":\"https:\/\/rad-pal.com.pl\/#organization\",\"name\":\"Rad-Pal\",\"url\":\"https:\/\/rad-pal.com.pl\/\",\"logo\":{\"@type\":\"ImageObject\",\"inLanguage\":\"en-GB\",\"@id\":\"https:\/\/rad-pal.com.pl\/#\/schema\/logo\/image\/\",\"url\":\"https:\/\/rad-pal.com.pl\/wp-content\/uploads\/2026\/03\/Projekt-bez-nazwy-30.webp\",\"contentUrl\":\"https:\/\/rad-pal.com.pl\/wp-content\/uploads\/2026\/03\/Projekt-bez-nazwy-30.webp\",\"width\":600,\"height\":210,\"caption\":\"Rad-Pal\"},\"image\":{\"@id\":\"https:\/\/rad-pal.com.pl\/#\/schema\/logo\/image\/\"}}]}<\/script>\n<!-- \/ Yoast SEO plugin. -->","yoast_head_json":{"title":"Podp\u00f3rki do ro\u015blin tworzywo sztuczne 25 cm 12 szt. - Rad-Pal","robots":{"index":"index","follow":"follow","max-snippet":"max-snippet:-1","max-image-preview":"max-image-preview:large","max-video-preview":"max-video-preview:-1"},"canonical":"https:\/\/rad-pal.com.pl\/en\/sklep\/bez-kategorii\/podporki-do-roslin-tworzywo-sztuczne-25-cm-12-szt\/","og_locale":"en_GB","og_type":"article","og_title":"Podp\u00f3rki do ro\u015blin tworzywo sztuczne 25 cm 12 szt. - Rad-Pal","og_description":"Wspornik do ro\u015blin pn\u0105cych dla ro\u015blin doniczkowych i domowych Wspornik do pn\u0105czy w praktycznym zestawie 12 sztuk to idealna podpora","og_url":"https:\/\/rad-pal.com.pl\/en\/sklep\/bez-kategorii\/podporki-do-roslin-tworzywo-sztuczne-25-cm-12-szt\/","og_site_name":"Rad-Pal","article_modified_time":"2026-02-19T16:35:07+00:00","og_image":[{"url":"https:\/\/upload.cdn.baselinker.com\/products\/6014502\/53b274059dc8ecb9895f083abfb40697.jpg","type":"","width":"","height":""}],"twitter_card":"summary_large_image","twitter_misc":{"Estimated reading time":"1 minute"},"schema":{"@context":"https:\/\/schema.org","@graph":[{"@type":"WebPage","@id":"https:\/\/rad-pal.com.pl\/sklep\/bez-kategorii\/podporki-do-roslin-tworzywo-sztuczne-25-cm-12-szt\/","url":"https:\/\/rad-pal.com.pl\/sklep\/bez-kategorii\/podporki-do-roslin-tworzywo-sztuczne-25-cm-12-szt\/","name":"Podp\u00f3rki do ro\u015blin tworzywo sztuczne 25 cm 12 szt. - Rad-Pal","isPartOf":{"@id":"https:\/\/rad-pal.com.pl\/#website"},"primaryImageOfPage":{"@id":"https:\/\/rad-pal.com.pl\/sklep\/bez-kategorii\/podporki-do-roslin-tworzywo-sztuczne-25-cm-12-szt\/#primaryimage"},"image":{"@id":"https:\/\/rad-pal.com.pl\/sklep\/bez-kategorii\/podporki-do-roslin-tworzywo-sztuczne-25-cm-12-szt\/#primaryimage"},"thumbnailUrl":"https:\/\/rad-pal.com.pl\/wp-content\/uploads\/2026\/02\/53b274059dc8ecb9895f083abfb40697.jpg","datePublished":"2026-02-19T16:18:08+00:00","dateModified":"2026-02-19T16:35:07+00:00","breadcrumb":{"@id":"https:\/\/rad-pal.com.pl\/sklep\/bez-kategorii\/podporki-do-roslin-tworzywo-sztuczne-25-cm-12-szt\/#breadcrumb"},"inLanguage":"en-GB","potentialAction":[{"@type":"ReadAction","target":["https:\/\/rad-pal.com.pl\/sklep\/bez-kategorii\/podporki-do-roslin-tworzywo-sztuczne-25-cm-12-szt\/"]}]},{"@type":"ImageObject","inLanguage":"en-GB","@id":"https:\/\/rad-pal.com.pl\/sklep\/bez-kategorii\/podporki-do-roslin-tworzywo-sztuczne-25-cm-12-szt\/#primaryimage","url":"https:\/\/rad-pal.com.pl\/wp-content\/uploads\/2026\/02\/53b274059dc8ecb9895f083abfb40697.jpg","contentUrl":"https:\/\/rad-pal.com.pl\/wp-content\/uploads\/2026\/02\/53b274059dc8ecb9895f083abfb40697.jpg","width":1080,"height":1630,"caption":"d5abdf05912388ccfc4390fd69a2137b"},{"@type":"BreadcrumbList","@id":"https:\/\/rad-pal.com.pl\/sklep\/bez-kategorii\/podporki-do-roslin-tworzywo-sztuczne-25-cm-12-szt\/#breadcrumb","itemListElement":[{"@type":"ListItem","position":1,"name":"Strona g\u0142\u00f3wna","item":"https:\/\/rad-pal.com.pl\/"},{"@type":"ListItem","position":2,"name":"Sklep","item":"https:\/\/rad-pal.com.pl\/sklep\/"},{"@type":"ListItem","position":3,"name":"Podp\u00f3rki do ro\u015blin tworzywo sztuczne 25 cm 12 szt."}]},{"@type":"WebSite","@id":"https:\/\/rad-pal.com.pl\/#website","url":"https:\/\/rad-pal.com.pl\/","name":"Rad-Pal","description":"","publisher":{"@id":"https:\/\/rad-pal.com.pl\/#organization"},"potentialAction":[{"@type":"SearchAction","target":{"@type":"EntryPoint","urlTemplate":"https:\/\/rad-pal.com.pl\/?s={search_term_string}"},"query-input":{"@type":"PropertyValueSpecification","valueRequired":true,"valueName":"search_term_string"}}],"inLanguage":"en-GB"},{"@type":"Organization","@id":"https:\/\/rad-pal.com.pl\/#organization","name":"Rad-Pal","url":"https:\/\/rad-pal.com.pl\/","logo":{"@type":"ImageObject","inLanguage":"en-GB","@id":"https:\/\/rad-pal.com.pl\/#\/schema\/logo\/image\/","url":"https:\/\/rad-pal.com.pl\/wp-content\/uploads\/2026\/03\/Projekt-bez-nazwy-30.webp","contentUrl":"https:\/\/rad-pal.com.pl\/wp-content\/uploads\/2026\/03\/Projekt-bez-nazwy-30.webp","width":600,"height":210,"caption":"Rad-Pal"},"image":{"@id":"https:\/\/rad-pal.com.pl\/#\/schema\/logo\/image\/"}}]}},"_links":{"self":[{"href":"https:\/\/rad-pal.com.pl\/en\/wp-json\/wp\/v2\/product\/34626","targetHints":{"allow":["GET"]}}],"collection":[{"href":"https:\/\/rad-pal.com.pl\/en\/wp-json\/wp\/v2\/product"}],"about":[{"href":"https:\/\/rad-pal.com.pl\/en\/wp-json\/wp\/v2\/types\/product"}],"version-history":[{"count":0,"href":"https:\/\/rad-pal.com.pl\/en\/wp-json\/wp\/v2\/product\/34626\/revisions"}],"wp:featuredmedia":[{"embeddable":true,"href":"https:\/\/rad-pal.com.pl\/en\/wp-json\/wp\/v2\/media\/34623"}],"wp:attachment":[{"href":"https:\/\/rad-pal.com.pl\/en\/wp-json\/wp\/v2\/media?parent=34626"}],"wp:term":[{"taxonomy":"product_brand","embeddable":true,"href":"https:\/\/rad-pal.com.pl\/en\/wp-json\/wp\/v2\/product_brand?post=34626"},{"taxonomy":"product_cat","embeddable":true,"href":"https:\/\/rad-pal.com.pl\/en\/wp-json\/wp\/v2\/product_cat?post=34626"},{"taxonomy":"product_tag","embeddable":true,"href":"https:\/\/rad-pal.com.pl\/en\/wp-json\/wp\/v2\/product_tag?post=34626"}],"curies":[{"name":"wp","href":"https:\/\/api.w.org\/{rel}","templated":true}]}}