{"id":34660,"date":"2026-02-19T17:19:37","date_gmt":"2026-02-19T16:19:37","guid":{"rendered":"https:\/\/rad-pal.com.pl\/sklep\/bez-kategorii\/pojemnik-do-przechowywania-z-bambusa-organizer\/"},"modified":"2026-02-19T17:19:37","modified_gmt":"2026-02-19T16:19:37","slug":"pojemnik-do-przechowywania-z-bambusa-organizer","status":"publish","type":"product","link":"https:\/\/rad-pal.com.pl\/en\/sklep\/dom-i-ogrod\/wyposazenie\/przechowywanie\/pudelka\/pojemnik-do-przechowywania-z-bambusa-organizer\/","title":{"rendered":"Pojemnik do przechowywania z bambusa, organizer"},"content":{"rendered":"<section class=\"section\">\n<div class=\"item item-6\">\n<section class=\"image-item\"><img decoding=\"async\" src=\"https:\/\/upload.cdn.baselinker.com\/products\/6014502\/e0b8bcca3cf4f1f9b77f1c504c60e0b7.jpg\" \/><\/section>\n<\/p><\/div>\n<div class=\"item item-6\">\n<section class=\"text-item\">\n<h2>Uniwersalne pude\u0142ko z naturalnego bambusa<\/h2>\n<p>Dzi\u0119ki temu uniwersalnemu pude\u0142ku zyskasz du\u017co miejsca do przechowywania i transportu r\u00f3\u017cnych rzeczy w domu. Pojemny pojemnik doskonale nada si\u0119 do przechowywania przybor\u00f3w w \u0142azience, jako organizer na przyprawy w kuchni, jako schowek w salonie i biurze lub do przechowywania zabawek w pokoju dzieci\u0119cym.&nbsp;Organizer na przybory mo\u017cna \u0142atwo przenosi\u0107 dzi\u0119ki praktycznym uchwytom. Dzi\u0119ki naturalnemu us\u0142ojeniu, solidne drewniane pude\u0142ko stanowi dekoracyjny akcent w ka\u017cdym pomieszczeniu.<\/p>\n<h2>Stabilne pude\u0142ko do przechowywania przedmiot\u00f3w do domu<\/h2>\n<ul>\n<li>do przechowywania zabawek, ubra\u0144 i wielu innych<\/li>\n<li>oszcz\u0119dno\u015b\u0107 miejsca dzi\u0119ki mo\u017cliwo\u015bci sztaplowania<\/li>\n<li>szybki przegl\u0105d przechowywanych przybor\u00f3w dzi\u0119ki otwartej konstrukcji<\/li>\n<li>wytrzyma\u0142y bambus z naturalnym i dekoracyjnym us\u0142ojeniem<\/li>\n<li>\u0142atwy transport dzi\u0119ki praktycznym uchwytom po bokach<\/li>\n<\/ul>\n<h2>Pojemnik do przechowywania &#8211; parametry<\/h2>\n<ul>\n<li>wymiary: ok.&nbsp;21 x 50 x 40&nbsp;cm (wys. x szer. x g\u0142.)<\/li>\n<li>wymiary wewn\u0119trzne: ok.&nbsp;19 x 47,5 x 38&nbsp;cm (wys. x szer. x g\u0142.)<\/li>\n<li>wymiary 1 uchwytu: ok.&nbsp;2 x 9 x 1 cm (wys. x szer. x g\u0142.)<\/li>\n<li>obci\u0105\u017cenie maks.: ok. 8 kg<\/li>\n<li>waga: ok. 3,1 kg<\/li>\n<li>materia\u0142: bambus<\/li>\n<li>kolor: br\u0105zowy<\/li>\n<\/ul>\n<h2>Sk\u0142ad Materia\u0142u<\/h2>\n<ul>\n<li>100% bambus<\/li>\n<\/ul>\n<\/section><\/div>\n<\/section>\n<section class=\"section\">\n<div class=\"item item-6\">\n<section class=\"image-item\"><img decoding=\"async\" src=\"https:\/\/upload.cdn.baselinker.com\/products\/6014502\/9957be4539c9b4775dc3be554aea06bd.jpg\" \/><\/section>\n<\/p><\/div>\n<div class=\"item item-6\">\n<section class=\"image-item\"><img decoding=\"async\" src=\"https:\/\/upload.cdn.baselinker.com\/products\/6014502\/4a5648e879c01250f338a3b7d66335b9.jpg\" \/><\/section>\n<\/p><\/div>\n<\/section>\n<section class=\"section\">\n<div class=\"item item-6\">\n<section class=\"image-item\"><img decoding=\"async\" src=\"https:\/\/upload.cdn.baselinker.com\/products\/6014502\/7d7479880bd826df0df47263df93c748.jpg\" \/><\/section>\n<\/p><\/div>\n<div class=\"item item-6\">\n<section class=\"image-item\"><img decoding=\"async\" src=\"https:\/\/upload.cdn.baselinker.com\/products\/6014502\/87af385cac8641e08f130f0378727f18.jpg\" \/><\/section>\n<\/p><\/div>\n<\/section>\n<section class=\"section\">\n<div class=\"item item-12\">\n<section class=\"text-item\">\n<p>4<\/p>\n<\/section><\/div>\n<\/section>","protected":false},"excerpt":{"rendered":"<p>Uniwersalne pude\u0142ko z naturalnego bambusa Dzi\u0119ki temu uniwersalnemu pude\u0142ku zyskasz du\u017co miejsca do przechowywania i transportu r\u00f3\u017cnych rzeczy w domu.<\/p>","protected":false},"featured_media":34635,"template":"","meta":[],"product_brand":[],"product_cat":[86,124,125,87],"product_tag":[],"class_list":{"0":"post-34660","1":"product","2":"type-product","3":"status-publish","4":"has-post-thumbnail","6":"product_cat-dom-i-ogrod","7":"product_cat-przechowywanie","8":"product_cat-pudelka","9":"product_cat-wyposazenie","11":"first","12":"instock","13":"taxable","14":"shipping-taxable","15":"purchasable","16":"product-type-simple"},"yoast_head":"<!-- This site is optimized with the Yoast SEO plugin v25.7 - https:\/\/yoast.com\/wordpress\/plugins\/seo\/ -->\n<title>Pojemnik do przechowywania z bambusa, organizer - Rad-Pal<\/title>\n<meta name=\"robots\" content=\"index, follow, max-snippet:-1, max-image-preview:large, max-video-preview:-1\" \/>\n<link rel=\"canonical\" href=\"https:\/\/rad-pal.com.pl\/en\/sklep\/bez-kategorii\/pojemnik-do-przechowywania-z-bambusa-organizer\/\" \/>\n<meta property=\"og:locale\" content=\"en_GB\" \/>\n<meta property=\"og:type\" content=\"article\" \/>\n<meta property=\"og:title\" content=\"Pojemnik do przechowywania z bambusa, organizer - Rad-Pal\" \/>\n<meta property=\"og:description\" content=\"Uniwersalne pude\u0142ko z naturalnego bambusa Dzi\u0119ki temu uniwersalnemu pude\u0142ku zyskasz du\u017co miejsca do przechowywania i transportu r\u00f3\u017cnych rzeczy w domu.\" \/>\n<meta property=\"og:url\" content=\"https:\/\/rad-pal.com.pl\/en\/sklep\/bez-kategorii\/pojemnik-do-przechowywania-z-bambusa-organizer\/\" \/>\n<meta property=\"og:site_name\" content=\"Rad-Pal\" \/>\n<meta property=\"og:image\" content=\"https:\/\/upload.cdn.baselinker.com\/products\/6014502\/e0b8bcca3cf4f1f9b77f1c504c60e0b7.jpg\" \/>\n<meta name=\"twitter:card\" content=\"summary_large_image\" \/>\n<meta name=\"twitter:label1\" content=\"Estimated reading time\" \/>\n\t<meta name=\"twitter:data1\" content=\"1 minute\" \/>\n<script type=\"application\/ld+json\" class=\"yoast-schema-graph\">{\"@context\":\"https:\/\/schema.org\",\"@graph\":[{\"@type\":\"WebPage\",\"@id\":\"https:\/\/rad-pal.com.pl\/sklep\/bez-kategorii\/pojemnik-do-przechowywania-z-bambusa-organizer\/\",\"url\":\"https:\/\/rad-pal.com.pl\/sklep\/bez-kategorii\/pojemnik-do-przechowywania-z-bambusa-organizer\/\",\"name\":\"Pojemnik do przechowywania z bambusa, organizer - Rad-Pal\",\"isPartOf\":{\"@id\":\"https:\/\/rad-pal.com.pl\/#website\"},\"primaryImageOfPage\":{\"@id\":\"https:\/\/rad-pal.com.pl\/sklep\/bez-kategorii\/pojemnik-do-przechowywania-z-bambusa-organizer\/#primaryimage\"},\"image\":{\"@id\":\"https:\/\/rad-pal.com.pl\/sklep\/bez-kategorii\/pojemnik-do-przechowywania-z-bambusa-organizer\/#primaryimage\"},\"thumbnailUrl\":\"https:\/\/rad-pal.com.pl\/wp-content\/uploads\/2026\/02\/e0b8bcca3cf4f1f9b77f1c504c60e0b7.jpg\",\"datePublished\":\"2026-02-19T16:19:37+00:00\",\"breadcrumb\":{\"@id\":\"https:\/\/rad-pal.com.pl\/sklep\/bez-kategorii\/pojemnik-do-przechowywania-z-bambusa-organizer\/#breadcrumb\"},\"inLanguage\":\"en-GB\",\"potentialAction\":[{\"@type\":\"ReadAction\",\"target\":[\"https:\/\/rad-pal.com.pl\/sklep\/bez-kategorii\/pojemnik-do-przechowywania-z-bambusa-organizer\/\"]}]},{\"@type\":\"ImageObject\",\"inLanguage\":\"en-GB\",\"@id\":\"https:\/\/rad-pal.com.pl\/sklep\/bez-kategorii\/pojemnik-do-przechowywania-z-bambusa-organizer\/#primaryimage\",\"url\":\"https:\/\/rad-pal.com.pl\/wp-content\/uploads\/2026\/02\/e0b8bcca3cf4f1f9b77f1c504c60e0b7.jpg\",\"contentUrl\":\"https:\/\/rad-pal.com.pl\/wp-content\/uploads\/2026\/02\/e0b8bcca3cf4f1f9b77f1c504c60e0b7.jpg\",\"width\":2560,\"height\":2560,\"caption\":\"02a8c962bc1bb14cf72991f73c03149d\"},{\"@type\":\"BreadcrumbList\",\"@id\":\"https:\/\/rad-pal.com.pl\/sklep\/bez-kategorii\/pojemnik-do-przechowywania-z-bambusa-organizer\/#breadcrumb\",\"itemListElement\":[{\"@type\":\"ListItem\",\"position\":1,\"name\":\"Strona g\u0142\u00f3wna\",\"item\":\"https:\/\/rad-pal.com.pl\/\"},{\"@type\":\"ListItem\",\"position\":2,\"name\":\"Sklep\",\"item\":\"https:\/\/rad-pal.com.pl\/sklep\/\"},{\"@type\":\"ListItem\",\"position\":3,\"name\":\"Pojemnik do przechowywania z bambusa, organizer\"}]},{\"@type\":\"WebSite\",\"@id\":\"https:\/\/rad-pal.com.pl\/#website\",\"url\":\"https:\/\/rad-pal.com.pl\/\",\"name\":\"Rad-Pal\",\"description\":\"\",\"publisher\":{\"@id\":\"https:\/\/rad-pal.com.pl\/#organization\"},\"potentialAction\":[{\"@type\":\"SearchAction\",\"target\":{\"@type\":\"EntryPoint\",\"urlTemplate\":\"https:\/\/rad-pal.com.pl\/?s={search_term_string}\"},\"query-input\":{\"@type\":\"PropertyValueSpecification\",\"valueRequired\":true,\"valueName\":\"search_term_string\"}}],\"inLanguage\":\"en-GB\"},{\"@type\":\"Organization\",\"@id\":\"https:\/\/rad-pal.com.pl\/#organization\",\"name\":\"Rad-Pal\",\"url\":\"https:\/\/rad-pal.com.pl\/\",\"logo\":{\"@type\":\"ImageObject\",\"inLanguage\":\"en-GB\",\"@id\":\"https:\/\/rad-pal.com.pl\/#\/schema\/logo\/image\/\",\"url\":\"https:\/\/rad-pal.com.pl\/wp-content\/uploads\/2026\/03\/Projekt-bez-nazwy-30.webp\",\"contentUrl\":\"https:\/\/rad-pal.com.pl\/wp-content\/uploads\/2026\/03\/Projekt-bez-nazwy-30.webp\",\"width\":600,\"height\":210,\"caption\":\"Rad-Pal\"},\"image\":{\"@id\":\"https:\/\/rad-pal.com.pl\/#\/schema\/logo\/image\/\"}}]}<\/script>\n<!-- \/ Yoast SEO plugin. -->","yoast_head_json":{"title":"Pojemnik do przechowywania z bambusa, organizer - Rad-Pal","robots":{"index":"index","follow":"follow","max-snippet":"max-snippet:-1","max-image-preview":"max-image-preview:large","max-video-preview":"max-video-preview:-1"},"canonical":"https:\/\/rad-pal.com.pl\/en\/sklep\/bez-kategorii\/pojemnik-do-przechowywania-z-bambusa-organizer\/","og_locale":"en_GB","og_type":"article","og_title":"Pojemnik do przechowywania z bambusa, organizer - Rad-Pal","og_description":"Uniwersalne pude\u0142ko z naturalnego bambusa Dzi\u0119ki temu uniwersalnemu pude\u0142ku zyskasz du\u017co miejsca do przechowywania i transportu r\u00f3\u017cnych rzeczy w domu.","og_url":"https:\/\/rad-pal.com.pl\/en\/sklep\/bez-kategorii\/pojemnik-do-przechowywania-z-bambusa-organizer\/","og_site_name":"Rad-Pal","og_image":[{"url":"https:\/\/upload.cdn.baselinker.com\/products\/6014502\/e0b8bcca3cf4f1f9b77f1c504c60e0b7.jpg","type":"","width":"","height":""}],"twitter_card":"summary_large_image","twitter_misc":{"Estimated reading time":"1 minute"},"schema":{"@context":"https:\/\/schema.org","@graph":[{"@type":"WebPage","@id":"https:\/\/rad-pal.com.pl\/sklep\/bez-kategorii\/pojemnik-do-przechowywania-z-bambusa-organizer\/","url":"https:\/\/rad-pal.com.pl\/sklep\/bez-kategorii\/pojemnik-do-przechowywania-z-bambusa-organizer\/","name":"Pojemnik do przechowywania z bambusa, organizer - Rad-Pal","isPartOf":{"@id":"https:\/\/rad-pal.com.pl\/#website"},"primaryImageOfPage":{"@id":"https:\/\/rad-pal.com.pl\/sklep\/bez-kategorii\/pojemnik-do-przechowywania-z-bambusa-organizer\/#primaryimage"},"image":{"@id":"https:\/\/rad-pal.com.pl\/sklep\/bez-kategorii\/pojemnik-do-przechowywania-z-bambusa-organizer\/#primaryimage"},"thumbnailUrl":"https:\/\/rad-pal.com.pl\/wp-content\/uploads\/2026\/02\/e0b8bcca3cf4f1f9b77f1c504c60e0b7.jpg","datePublished":"2026-02-19T16:19:37+00:00","breadcrumb":{"@id":"https:\/\/rad-pal.com.pl\/sklep\/bez-kategorii\/pojemnik-do-przechowywania-z-bambusa-organizer\/#breadcrumb"},"inLanguage":"en-GB","potentialAction":[{"@type":"ReadAction","target":["https:\/\/rad-pal.com.pl\/sklep\/bez-kategorii\/pojemnik-do-przechowywania-z-bambusa-organizer\/"]}]},{"@type":"ImageObject","inLanguage":"en-GB","@id":"https:\/\/rad-pal.com.pl\/sklep\/bez-kategorii\/pojemnik-do-przechowywania-z-bambusa-organizer\/#primaryimage","url":"https:\/\/rad-pal.com.pl\/wp-content\/uploads\/2026\/02\/e0b8bcca3cf4f1f9b77f1c504c60e0b7.jpg","contentUrl":"https:\/\/rad-pal.com.pl\/wp-content\/uploads\/2026\/02\/e0b8bcca3cf4f1f9b77f1c504c60e0b7.jpg","width":2560,"height":2560,"caption":"02a8c962bc1bb14cf72991f73c03149d"},{"@type":"BreadcrumbList","@id":"https:\/\/rad-pal.com.pl\/sklep\/bez-kategorii\/pojemnik-do-przechowywania-z-bambusa-organizer\/#breadcrumb","itemListElement":[{"@type":"ListItem","position":1,"name":"Strona g\u0142\u00f3wna","item":"https:\/\/rad-pal.com.pl\/"},{"@type":"ListItem","position":2,"name":"Sklep","item":"https:\/\/rad-pal.com.pl\/sklep\/"},{"@type":"ListItem","position":3,"name":"Pojemnik do przechowywania z bambusa, organizer"}]},{"@type":"WebSite","@id":"https:\/\/rad-pal.com.pl\/#website","url":"https:\/\/rad-pal.com.pl\/","name":"Rad-Pal","description":"","publisher":{"@id":"https:\/\/rad-pal.com.pl\/#organization"},"potentialAction":[{"@type":"SearchAction","target":{"@type":"EntryPoint","urlTemplate":"https:\/\/rad-pal.com.pl\/?s={search_term_string}"},"query-input":{"@type":"PropertyValueSpecification","valueRequired":true,"valueName":"search_term_string"}}],"inLanguage":"en-GB"},{"@type":"Organization","@id":"https:\/\/rad-pal.com.pl\/#organization","name":"Rad-Pal","url":"https:\/\/rad-pal.com.pl\/","logo":{"@type":"ImageObject","inLanguage":"en-GB","@id":"https:\/\/rad-pal.com.pl\/#\/schema\/logo\/image\/","url":"https:\/\/rad-pal.com.pl\/wp-content\/uploads\/2026\/03\/Projekt-bez-nazwy-30.webp","contentUrl":"https:\/\/rad-pal.com.pl\/wp-content\/uploads\/2026\/03\/Projekt-bez-nazwy-30.webp","width":600,"height":210,"caption":"Rad-Pal"},"image":{"@id":"https:\/\/rad-pal.com.pl\/#\/schema\/logo\/image\/"}}]}},"_links":{"self":[{"href":"https:\/\/rad-pal.com.pl\/en\/wp-json\/wp\/v2\/product\/34660","targetHints":{"allow":["GET"]}}],"collection":[{"href":"https:\/\/rad-pal.com.pl\/en\/wp-json\/wp\/v2\/product"}],"about":[{"href":"https:\/\/rad-pal.com.pl\/en\/wp-json\/wp\/v2\/types\/product"}],"version-history":[{"count":0,"href":"https:\/\/rad-pal.com.pl\/en\/wp-json\/wp\/v2\/product\/34660\/revisions"}],"wp:featuredmedia":[{"embeddable":true,"href":"https:\/\/rad-pal.com.pl\/en\/wp-json\/wp\/v2\/media\/34635"}],"wp:attachment":[{"href":"https:\/\/rad-pal.com.pl\/en\/wp-json\/wp\/v2\/media?parent=34660"}],"wp:term":[{"taxonomy":"product_brand","embeddable":true,"href":"https:\/\/rad-pal.com.pl\/en\/wp-json\/wp\/v2\/product_brand?post=34660"},{"taxonomy":"product_cat","embeddable":true,"href":"https:\/\/rad-pal.com.pl\/en\/wp-json\/wp\/v2\/product_cat?post=34660"},{"taxonomy":"product_tag","embeddable":true,"href":"https:\/\/rad-pal.com.pl\/en\/wp-json\/wp\/v2\/product_tag?post=34660"}],"curies":[{"name":"wp","href":"https:\/\/api.w.org\/{rel}","templated":true}]}}