{"id":34793,"date":"2026-02-19T17:24:39","date_gmt":"2026-02-19T16:24:39","guid":{"rendered":"https:\/\/rad-pal.com.pl\/sklep\/bez-kategorii\/magnetyczna-deska-na-klucze-z-polka-bambus\/"},"modified":"2026-02-19T18:24:06","modified_gmt":"2026-02-19T17:24:06","slug":"magnetyczna-deska-na-klucze-z-polka-bambus","status":"publish","type":"product","link":"https:\/\/rad-pal.com.pl\/en\/sklep\/dom-i-ogrod\/meble\/przedpokoj\/szafki-na-klucze\/magnetyczna-deska-na-klucze-z-polka-bambus\/","title":{"rendered":"Magnetyczna deska na klucze z p\u00f3\u0142k\u0105 bambus"},"content":{"rendered":"<section class=\"section\">\n<div class=\"item item-6\">\n<section class=\"image-item\"><img decoding=\"async\" src=\"https:\/\/upload.cdn.baselinker.com\/products\/6014502\/f8b8fade09e7e402e6446dab0054072b.jpg\" \/><\/section>\n<\/p><\/div>\n<div class=\"item item-6\">\n<section class=\"text-item\">\n<h2>Wieszak na klucze z magnesami<\/h2>\n<p>Ten wieszak na klucze wykonany z naturalnego bambusa jest nie tylko praktyczny, ale tak\u017ce wnosi naturalny urok do Twojego przedpokoju. Dzi\u0119ki 4 mocnym magnesom i otworowi, wieszak na klucze oferuje wystarczaj\u0105co du\u017co miejsca na klucze do domu, samochodu, skrzynki na listy i inne. Na powierzchni do przechowywania znajdzie si\u0119 tak\u017ce miejsce na przedmioty dekoracyjne, zdj\u0119cia i wi\u0119cej. Dzi\u0119ki do\u0142\u0105czonemu materia\u0142owi monta\u017cowemu monta\u017c wieszaka jest szybki i prosty.<\/p>\n<\/section><\/div>\n<\/section>\n<section class=\"section\">\n<div class=\"item item-12\">\n<section class=\"image-item\"><img decoding=\"async\" src=\"https:\/\/upload.cdn.baselinker.com\/products\/6014502\/53ac74a20bed052a50ed83c038389334.jpg\" \/><\/section>\n<\/p><\/div>\n<\/section>\n<section class=\"section\">\n<div class=\"item item-6\">\n<section class=\"text-item\">\n<h2>Magnetyczny organizer na klucze z bambusa<\/h2>\n<ul>\n<li>Prosto zawie\u015b klucze dzi\u0119ki 4 mocnym magnesom<\/li>\n<li>W\u0142\u00f3\u017c klucze do drzwi, klucze do skrzynki na listy i inne do otworu<\/li>\n<li>Powierzchnia do przechowywania idealna na dekoracje, korespondencj\u0119, okulary i inne<\/li>\n<li>P\u0142ywaj\u0105cy uchwyt na klucze wykonany z trwa\u0142ego bambusa<\/li>\n<li>Idealny do korytarza i strefy wej\u015bciowej &#8211; W zestawie materia\u0142 monta\u017cowy<\/li>\n<\/ul>\n<\/section><\/div>\n<div class=\"item item-6\">\n<section class=\"image-item\"><img decoding=\"async\" src=\"https:\/\/upload.cdn.baselinker.com\/products\/6014502\/c8bbfb3ea849198d0ce58253d0644f8d.jpg\" \/><\/section>\n<\/p><\/div>\n<\/section>\n<section class=\"section\">\n<div class=\"item item-6\">\n<section class=\"image-item\"><img decoding=\"async\" src=\"https:\/\/upload.cdn.baselinker.com\/products\/6014502\/c4de618961228089ddebf8bd88a04604.jpg\" \/><\/section>\n<\/p><\/div>\n<div class=\"item item-6\">\n<section class=\"text-item\">\n<h2>Szczeg\u00f3\u0142owy opis stojaka na klucze<\/h2>\n<ul>\n<li>Wymiary wys. x szer. x d\u0142.): ok. 4 x 29,5 x 6 cm<\/li>\n<li>Otw\u00f3r (wys. x szer. x d\u0142.): ok. 0,5 x 29,5 x 4 cm<\/li>\n<li>No\u015bno\u015b\u0107: ok. 2 kg<\/li>\n<li>Waga: ok. 460 g<\/li>\n<li>Materia\u0142: bambus<\/li>\n<li>Kolor: naturalny<\/li>\n<\/ul>\n<ul>\n<li>1x magnetyczna deska na klucze<\/li>\n<li>materia\u0142y monta\u017cowe<\/li>\n<li>bez dekoracji<\/li>\n<\/ul>\n<h2>Sk\u0142ad Materia\u0142u<\/h2>\n<ul>\n<li>100% bambus<\/li>\n<\/ul>\n<\/section><\/div>\n<\/section>\n<section class=\"section\">\n<div class=\"item item-6\">\n<section class=\"image-item\"><img decoding=\"async\" src=\"https:\/\/upload.cdn.baselinker.com\/products\/6014502\/6122d1ea490eea7e84bd053d4cdd4a68.jpg\" \/><\/section>\n<\/p><\/div>\n<div class=\"item item-6\">\n<section class=\"image-item\"><img decoding=\"async\" src=\"https:\/\/upload.cdn.baselinker.com\/products\/6014502\/0eb30694ee1855277252d2c2c1331e4a.jpg\" \/><\/section>\n<\/p><\/div>\n<\/section>\n<section class=\"section\">\n<div class=\"item item-12\">\n<section class=\"text-item\">\n<p>4<\/p>\n<\/section><\/div>\n<\/section>","protected":false},"excerpt":{"rendered":"<p>Wieszak na klucze z magnesami Ten wieszak na klucze wykonany z naturalnego bambusa jest nie tylko praktyczny, ale tak\u017ce wnosi<\/p>","protected":false},"featured_media":34785,"template":"","meta":[],"product_brand":[],"product_cat":[86,94,150,511],"product_tag":[],"class_list":{"0":"post-34793","1":"product","2":"type-product","3":"status-publish","4":"has-post-thumbnail","6":"product_cat-dom-i-ogrod","7":"product_cat-meble","8":"product_cat-przedpokoj","9":"product_cat-szafki-na-klucze","11":"first","12":"instock","13":"taxable","14":"shipping-taxable","15":"purchasable","16":"product-type-simple"},"yoast_head":"<!-- This site is optimized with the Yoast SEO plugin v25.7 - https:\/\/yoast.com\/wordpress\/plugins\/seo\/ -->\n<title>Magnetyczna deska na klucze z p\u00f3\u0142k\u0105 bambus - Rad-Pal<\/title>\n<meta name=\"robots\" content=\"index, follow, max-snippet:-1, max-image-preview:large, max-video-preview:-1\" \/>\n<link rel=\"canonical\" href=\"https:\/\/rad-pal.com.pl\/en\/sklep\/bez-kategorii\/magnetyczna-deska-na-klucze-z-polka-bambus\/\" \/>\n<meta property=\"og:locale\" content=\"en_GB\" \/>\n<meta property=\"og:type\" content=\"article\" \/>\n<meta property=\"og:title\" content=\"Magnetyczna deska na klucze z p\u00f3\u0142k\u0105 bambus - Rad-Pal\" \/>\n<meta property=\"og:description\" content=\"Wieszak na klucze z magnesami Ten wieszak na klucze wykonany z naturalnego bambusa jest nie tylko praktyczny, ale tak\u017ce wnosi\" \/>\n<meta property=\"og:url\" content=\"https:\/\/rad-pal.com.pl\/en\/sklep\/bez-kategorii\/magnetyczna-deska-na-klucze-z-polka-bambus\/\" \/>\n<meta property=\"og:site_name\" content=\"Rad-Pal\" \/>\n<meta property=\"article:modified_time\" content=\"2026-02-19T17:24:06+00:00\" \/>\n<meta property=\"og:image\" content=\"https:\/\/upload.cdn.baselinker.com\/products\/6014502\/f8b8fade09e7e402e6446dab0054072b.jpg\" \/>\n<meta name=\"twitter:card\" content=\"summary_large_image\" \/>\n<meta name=\"twitter:label1\" content=\"Estimated reading time\" \/>\n\t<meta name=\"twitter:data1\" content=\"1 minute\" \/>\n<script type=\"application\/ld+json\" class=\"yoast-schema-graph\">{\"@context\":\"https:\/\/schema.org\",\"@graph\":[{\"@type\":\"WebPage\",\"@id\":\"https:\/\/rad-pal.com.pl\/sklep\/bez-kategorii\/magnetyczna-deska-na-klucze-z-polka-bambus\/\",\"url\":\"https:\/\/rad-pal.com.pl\/sklep\/bez-kategorii\/magnetyczna-deska-na-klucze-z-polka-bambus\/\",\"name\":\"Magnetyczna deska na klucze z p\u00f3\u0142k\u0105 bambus - Rad-Pal\",\"isPartOf\":{\"@id\":\"https:\/\/rad-pal.com.pl\/#website\"},\"primaryImageOfPage\":{\"@id\":\"https:\/\/rad-pal.com.pl\/sklep\/bez-kategorii\/magnetyczna-deska-na-klucze-z-polka-bambus\/#primaryimage\"},\"image\":{\"@id\":\"https:\/\/rad-pal.com.pl\/sklep\/bez-kategorii\/magnetyczna-deska-na-klucze-z-polka-bambus\/#primaryimage\"},\"thumbnailUrl\":\"https:\/\/rad-pal.com.pl\/wp-content\/uploads\/2026\/02\/f8b8fade09e7e402e6446dab0054072b.jpg\",\"datePublished\":\"2026-02-19T16:24:39+00:00\",\"dateModified\":\"2026-02-19T17:24:06+00:00\",\"breadcrumb\":{\"@id\":\"https:\/\/rad-pal.com.pl\/sklep\/bez-kategorii\/magnetyczna-deska-na-klucze-z-polka-bambus\/#breadcrumb\"},\"inLanguage\":\"en-GB\",\"potentialAction\":[{\"@type\":\"ReadAction\",\"target\":[\"https:\/\/rad-pal.com.pl\/sklep\/bez-kategorii\/magnetyczna-deska-na-klucze-z-polka-bambus\/\"]}]},{\"@type\":\"ImageObject\",\"inLanguage\":\"en-GB\",\"@id\":\"https:\/\/rad-pal.com.pl\/sklep\/bez-kategorii\/magnetyczna-deska-na-klucze-z-polka-bambus\/#primaryimage\",\"url\":\"https:\/\/rad-pal.com.pl\/wp-content\/uploads\/2026\/02\/f8b8fade09e7e402e6446dab0054072b.jpg\",\"contentUrl\":\"https:\/\/rad-pal.com.pl\/wp-content\/uploads\/2026\/02\/f8b8fade09e7e402e6446dab0054072b.jpg\",\"width\":681,\"height\":681,\"caption\":\"ce7d5e97c45e36a7adbcbe5e0908a2b2\"},{\"@type\":\"BreadcrumbList\",\"@id\":\"https:\/\/rad-pal.com.pl\/sklep\/bez-kategorii\/magnetyczna-deska-na-klucze-z-polka-bambus\/#breadcrumb\",\"itemListElement\":[{\"@type\":\"ListItem\",\"position\":1,\"name\":\"Strona g\u0142\u00f3wna\",\"item\":\"https:\/\/rad-pal.com.pl\/\"},{\"@type\":\"ListItem\",\"position\":2,\"name\":\"Sklep\",\"item\":\"https:\/\/rad-pal.com.pl\/sklep\/\"},{\"@type\":\"ListItem\",\"position\":3,\"name\":\"Magnetyczna deska na klucze z p\u00f3\u0142k\u0105 bambus\"}]},{\"@type\":\"WebSite\",\"@id\":\"https:\/\/rad-pal.com.pl\/#website\",\"url\":\"https:\/\/rad-pal.com.pl\/\",\"name\":\"Rad-Pal\",\"description\":\"\",\"publisher\":{\"@id\":\"https:\/\/rad-pal.com.pl\/#organization\"},\"potentialAction\":[{\"@type\":\"SearchAction\",\"target\":{\"@type\":\"EntryPoint\",\"urlTemplate\":\"https:\/\/rad-pal.com.pl\/?s={search_term_string}\"},\"query-input\":{\"@type\":\"PropertyValueSpecification\",\"valueRequired\":true,\"valueName\":\"search_term_string\"}}],\"inLanguage\":\"en-GB\"},{\"@type\":\"Organization\",\"@id\":\"https:\/\/rad-pal.com.pl\/#organization\",\"name\":\"Rad-Pal\",\"url\":\"https:\/\/rad-pal.com.pl\/\",\"logo\":{\"@type\":\"ImageObject\",\"inLanguage\":\"en-GB\",\"@id\":\"https:\/\/rad-pal.com.pl\/#\/schema\/logo\/image\/\",\"url\":\"https:\/\/rad-pal.com.pl\/wp-content\/uploads\/2026\/03\/Projekt-bez-nazwy-30.webp\",\"contentUrl\":\"https:\/\/rad-pal.com.pl\/wp-content\/uploads\/2026\/03\/Projekt-bez-nazwy-30.webp\",\"width\":600,\"height\":210,\"caption\":\"Rad-Pal\"},\"image\":{\"@id\":\"https:\/\/rad-pal.com.pl\/#\/schema\/logo\/image\/\"}}]}<\/script>\n<!-- \/ Yoast SEO plugin. -->","yoast_head_json":{"title":"Magnetyczna deska na klucze z p\u00f3\u0142k\u0105 bambus - Rad-Pal","robots":{"index":"index","follow":"follow","max-snippet":"max-snippet:-1","max-image-preview":"max-image-preview:large","max-video-preview":"max-video-preview:-1"},"canonical":"https:\/\/rad-pal.com.pl\/en\/sklep\/bez-kategorii\/magnetyczna-deska-na-klucze-z-polka-bambus\/","og_locale":"en_GB","og_type":"article","og_title":"Magnetyczna deska na klucze z p\u00f3\u0142k\u0105 bambus - Rad-Pal","og_description":"Wieszak na klucze z magnesami Ten wieszak na klucze wykonany z naturalnego bambusa jest nie tylko praktyczny, ale tak\u017ce wnosi","og_url":"https:\/\/rad-pal.com.pl\/en\/sklep\/bez-kategorii\/magnetyczna-deska-na-klucze-z-polka-bambus\/","og_site_name":"Rad-Pal","article_modified_time":"2026-02-19T17:24:06+00:00","og_image":[{"url":"https:\/\/upload.cdn.baselinker.com\/products\/6014502\/f8b8fade09e7e402e6446dab0054072b.jpg","type":"","width":"","height":""}],"twitter_card":"summary_large_image","twitter_misc":{"Estimated reading time":"1 minute"},"schema":{"@context":"https:\/\/schema.org","@graph":[{"@type":"WebPage","@id":"https:\/\/rad-pal.com.pl\/sklep\/bez-kategorii\/magnetyczna-deska-na-klucze-z-polka-bambus\/","url":"https:\/\/rad-pal.com.pl\/sklep\/bez-kategorii\/magnetyczna-deska-na-klucze-z-polka-bambus\/","name":"Magnetyczna deska na klucze z p\u00f3\u0142k\u0105 bambus - Rad-Pal","isPartOf":{"@id":"https:\/\/rad-pal.com.pl\/#website"},"primaryImageOfPage":{"@id":"https:\/\/rad-pal.com.pl\/sklep\/bez-kategorii\/magnetyczna-deska-na-klucze-z-polka-bambus\/#primaryimage"},"image":{"@id":"https:\/\/rad-pal.com.pl\/sklep\/bez-kategorii\/magnetyczna-deska-na-klucze-z-polka-bambus\/#primaryimage"},"thumbnailUrl":"https:\/\/rad-pal.com.pl\/wp-content\/uploads\/2026\/02\/f8b8fade09e7e402e6446dab0054072b.jpg","datePublished":"2026-02-19T16:24:39+00:00","dateModified":"2026-02-19T17:24:06+00:00","breadcrumb":{"@id":"https:\/\/rad-pal.com.pl\/sklep\/bez-kategorii\/magnetyczna-deska-na-klucze-z-polka-bambus\/#breadcrumb"},"inLanguage":"en-GB","potentialAction":[{"@type":"ReadAction","target":["https:\/\/rad-pal.com.pl\/sklep\/bez-kategorii\/magnetyczna-deska-na-klucze-z-polka-bambus\/"]}]},{"@type":"ImageObject","inLanguage":"en-GB","@id":"https:\/\/rad-pal.com.pl\/sklep\/bez-kategorii\/magnetyczna-deska-na-klucze-z-polka-bambus\/#primaryimage","url":"https:\/\/rad-pal.com.pl\/wp-content\/uploads\/2026\/02\/f8b8fade09e7e402e6446dab0054072b.jpg","contentUrl":"https:\/\/rad-pal.com.pl\/wp-content\/uploads\/2026\/02\/f8b8fade09e7e402e6446dab0054072b.jpg","width":681,"height":681,"caption":"ce7d5e97c45e36a7adbcbe5e0908a2b2"},{"@type":"BreadcrumbList","@id":"https:\/\/rad-pal.com.pl\/sklep\/bez-kategorii\/magnetyczna-deska-na-klucze-z-polka-bambus\/#breadcrumb","itemListElement":[{"@type":"ListItem","position":1,"name":"Strona g\u0142\u00f3wna","item":"https:\/\/rad-pal.com.pl\/"},{"@type":"ListItem","position":2,"name":"Sklep","item":"https:\/\/rad-pal.com.pl\/sklep\/"},{"@type":"ListItem","position":3,"name":"Magnetyczna deska na klucze z p\u00f3\u0142k\u0105 bambus"}]},{"@type":"WebSite","@id":"https:\/\/rad-pal.com.pl\/#website","url":"https:\/\/rad-pal.com.pl\/","name":"Rad-Pal","description":"","publisher":{"@id":"https:\/\/rad-pal.com.pl\/#organization"},"potentialAction":[{"@type":"SearchAction","target":{"@type":"EntryPoint","urlTemplate":"https:\/\/rad-pal.com.pl\/?s={search_term_string}"},"query-input":{"@type":"PropertyValueSpecification","valueRequired":true,"valueName":"search_term_string"}}],"inLanguage":"en-GB"},{"@type":"Organization","@id":"https:\/\/rad-pal.com.pl\/#organization","name":"Rad-Pal","url":"https:\/\/rad-pal.com.pl\/","logo":{"@type":"ImageObject","inLanguage":"en-GB","@id":"https:\/\/rad-pal.com.pl\/#\/schema\/logo\/image\/","url":"https:\/\/rad-pal.com.pl\/wp-content\/uploads\/2026\/03\/Projekt-bez-nazwy-30.webp","contentUrl":"https:\/\/rad-pal.com.pl\/wp-content\/uploads\/2026\/03\/Projekt-bez-nazwy-30.webp","width":600,"height":210,"caption":"Rad-Pal"},"image":{"@id":"https:\/\/rad-pal.com.pl\/#\/schema\/logo\/image\/"}}]}},"_links":{"self":[{"href":"https:\/\/rad-pal.com.pl\/en\/wp-json\/wp\/v2\/product\/34793","targetHints":{"allow":["GET"]}}],"collection":[{"href":"https:\/\/rad-pal.com.pl\/en\/wp-json\/wp\/v2\/product"}],"about":[{"href":"https:\/\/rad-pal.com.pl\/en\/wp-json\/wp\/v2\/types\/product"}],"version-history":[{"count":0,"href":"https:\/\/rad-pal.com.pl\/en\/wp-json\/wp\/v2\/product\/34793\/revisions"}],"wp:featuredmedia":[{"embeddable":true,"href":"https:\/\/rad-pal.com.pl\/en\/wp-json\/wp\/v2\/media\/34785"}],"wp:attachment":[{"href":"https:\/\/rad-pal.com.pl\/en\/wp-json\/wp\/v2\/media?parent=34793"}],"wp:term":[{"taxonomy":"product_brand","embeddable":true,"href":"https:\/\/rad-pal.com.pl\/en\/wp-json\/wp\/v2\/product_brand?post=34793"},{"taxonomy":"product_cat","embeddable":true,"href":"https:\/\/rad-pal.com.pl\/en\/wp-json\/wp\/v2\/product_cat?post=34793"},{"taxonomy":"product_tag","embeddable":true,"href":"https:\/\/rad-pal.com.pl\/en\/wp-json\/wp\/v2\/product_tag?post=34793"}],"curies":[{"name":"wp","href":"https:\/\/api.w.org\/{rel}","templated":true}]}}