{"id":34817,"date":"2026-02-19T17:25:27","date_gmt":"2026-02-19T16:25:27","guid":{"rendered":"https:\/\/rad-pal.com.pl\/sklep\/bez-kategorii\/kolo-kolko-do-taczki-wozka-3-00-4-2-szt-czarne-2\/"},"modified":"2026-02-19T18:24:15","modified_gmt":"2026-02-19T17:24:15","slug":"kolo-kolko-do-taczki-wozka-3-00-4-2-szt-czarne-2","status":"publish","type":"product","link":"https:\/\/rad-pal.com.pl\/en\/sklep\/dom-i-ogrod\/ogrod\/narzedzia-ogrodnicze\/czesci-i-akcesoria\/kolo-kolko-do-taczki-wozka-3-00-4-2-szt-czarne-2\/","title":{"rendered":"Ko\u0142o k\u00f3\u0142ko do taczki w\u00f3zka 3.00-4 2 szt. CZARNE"},"content":{"rendered":"<section class=\"section\">\n<div class=\"item item-6\">\n<section class=\"image-item\"><img decoding=\"async\" src=\"https:\/\/upload.cdn.baselinker.com\/products\/6014502\/e4c5c942754f0f7546ab4ba7f13d2574.jpg\" \/><\/section>\n<\/p><\/div>\n<div class=\"item item-6\">\n<section class=\"text-item\">\n<h1>Ko\u0142o k\u00f3\u0142ko do taczki w\u00f3zka 3.00-4 2 szt.<\/h1>\n<ul>\n<li>Zestaw 2 szt.<\/li>\n<li>czarne felgi<\/li>\n<li>Na o\u015bk\u0119 o \u015brednicy 25 mm<\/li>\n<li>Wytrzyma\u0142e \u0142o\u017cyska igie\u0142kowe<\/li>\n<li>Wyprofilowany bie\u017cnik<\/li>\n<\/ul>\n<\/section><\/div>\n<\/section>\n<section class=\"section\">\n<div class=\"item item-6\">\n<section class=\"text-item\">\n<h2>Pompowane ko\u0142a do w\u00f3zka lub taczki<\/h2>\n<p>Nasze ko\u0142a to idealne rozwi\u0105zanie je\u017celi chcesz transportowa\u0107 du\u017ce przedmioty bez b\u00f3lu plec\u00f3w! Taczka z odpowiednimi k\u00f3\u0142kami to wspania\u0142y pomocnik podczas prac w ogr\u00f3dku. Zestaw 2 zapasowych k\u00f3\u0142 pozwoli Ci bez problemu przewozi\u0107 ci\u0119\u017ckie rzeczy po wyboistych powierzchniach. Ko\u0142a z oznaczeniem 3.00-4 wyposa\u017cone s\u0105 tak\u017ce w wytrzyma\u0142e \u0142o\u017cyska igie\u0142kowe i kolorowe, plastikowe felgi, a opr\u00f3cz tego znakomicie amortyzuj\u0105 wszelkiego rodzaju uderzenia. Koniec z uci\u0105\u017cliwym ci\u0105gni\u0119ciem w\u00f3zka!<\/p>\n<\/section><\/div>\n<div class=\"item item-6\">\n<section class=\"image-item\"><img decoding=\"async\" src=\"https:\/\/upload.cdn.baselinker.com\/products\/6014502\/3069e1bf52c04b0fb9dbc3512b3e8044.jpg\" \/><\/section>\n<\/p><\/div>\n<\/section>\n<section class=\"section\">\n<div class=\"item item-6\">\n<section class=\"image-item\"><img decoding=\"async\" src=\"https:\/\/upload.cdn.baselinker.com\/products\/6014502\/75a75004066f93822069b8bee32c7e84.jpg\" \/><\/section>\n<\/p><\/div>\n<div class=\"item item-6\">\n<section class=\"text-item\">\n<h2>Zestaw 2 pompowanych k\u00f3\u0142ek<\/h2>\n<ul>\n<li>W sam raz do taczki i w\u00f3zka transportowego<\/li>\n<li>Do przewo\u017cenia ci\u0119\u017ckich przedmiot\u00f3w<\/li>\n<li>Odporna na rdz\u0119 felga z plastiku<\/li>\n<li>Idealne do je\u017cd\u017cenia po wyboistych powierzchniach<\/li>\n<li>Wyprofilowany bie\u017cnik i \u0142o\u017cyska igie\u0142kowe<\/li>\n<\/ul>\n<h2>W zestawie<\/h2>\n<ul>\n<li>2x ko\u0142o do taczki<\/li>\n<\/ul>\n<\/section><\/div>\n<\/section>\n<section class=\"section\">\n<div class=\"item item-6\">\n<section class=\"text-item\">\n<h2>Zapasowe k\u00f3\u0142ka z plastikowymi felgami<\/h2>\n<ul>\n<li>Oznaczenia opon: 3.00-4<\/li>\n<li>\u015arednica opon: ok. 26 cm<\/li>\n<li>Szeroko\u015b\u0107 opon: ok. 8,5 cm<\/li>\n<li>Waga: ok. 1 kg<\/li>\n<li>Maksymalne obci\u0105\u017cenie dynamiczne: ok.&nbsp;80 kg<\/li>\n<li>Maksymalne obci\u0105\u017cenie statyczne: ok. 200 kg<\/li>\n<\/ul>\n<h2>Gumowe ko\u0142o z \u0142o\u017cyskiem igie\u0142kowym<\/h2>\n<ul>\n<li>\u015arednica wewn\u0119trzna piasty: ok. 2,5 cm<\/li>\n<li>D\u0142ugo\u015b\u0107 piasty: ok. 7,5 cm<\/li>\n<li>\u015arednica felgi: ok. 11,5 cm<\/li>\n<li>Materia\u0142y: guma i plastik<\/li>\n<\/ul>\n<\/section><\/div>\n<div class=\"item item-6\">\n<section class=\"image-item\"><img decoding=\"async\" src=\"https:\/\/upload.cdn.baselinker.com\/products\/6014502\/0be2036ad84f8527135ffa86b9e3cec3.jpg\" \/><\/section>\n<\/p><\/div>\n<\/section>\n<section class=\"section\">\n<div class=\"item item-12\">\n<section class=\"text-item\">\n<p>4<\/p>\n<\/section><\/div>\n<\/section>","protected":false},"excerpt":{"rendered":"<p>Ko\u0142o k\u00f3\u0142ko do taczki w\u00f3zka 3.00-4 2 szt. Zestaw 2 szt. czarne felgi Na o\u015bk\u0119 o \u015brednicy 25 mm Wytrzyma\u0142e<\/p>","protected":false},"featured_media":34812,"template":"","meta":[],"product_brand":[],"product_cat":[121,86,112,111],"product_tag":[],"class_list":{"0":"post-34817","1":"product","2":"type-product","3":"status-publish","4":"has-post-thumbnail","6":"product_cat-czesci-i-akcesoria","7":"product_cat-dom-i-ogrod","8":"product_cat-narzedzia-ogrodnicze","9":"product_cat-ogrod","11":"first","12":"instock","13":"taxable","14":"shipping-taxable","15":"purchasable","16":"product-type-simple"},"yoast_head":"<!-- This site is optimized with the Yoast SEO plugin v25.7 - https:\/\/yoast.com\/wordpress\/plugins\/seo\/ -->\n<title>Ko\u0142o k\u00f3\u0142ko do taczki w\u00f3zka 3.00-4 2 szt. CZARNE - Rad-Pal<\/title>\n<meta name=\"robots\" content=\"index, follow, max-snippet:-1, max-image-preview:large, max-video-preview:-1\" \/>\n<link rel=\"canonical\" href=\"https:\/\/rad-pal.com.pl\/en\/sklep\/bez-kategorii\/kolo-kolko-do-taczki-wozka-3-00-4-2-szt-czarne-2\/\" \/>\n<meta property=\"og:locale\" content=\"en_GB\" \/>\n<meta property=\"og:type\" content=\"article\" \/>\n<meta property=\"og:title\" content=\"Ko\u0142o k\u00f3\u0142ko do taczki w\u00f3zka 3.00-4 2 szt. CZARNE - Rad-Pal\" \/>\n<meta property=\"og:description\" content=\"Ko\u0142o k\u00f3\u0142ko do taczki w\u00f3zka 3.00-4 2 szt. Zestaw 2 szt. czarne felgi Na o\u015bk\u0119 o \u015brednicy 25 mm Wytrzyma\u0142e\" \/>\n<meta property=\"og:url\" content=\"https:\/\/rad-pal.com.pl\/en\/sklep\/bez-kategorii\/kolo-kolko-do-taczki-wozka-3-00-4-2-szt-czarne-2\/\" \/>\n<meta property=\"og:site_name\" content=\"Rad-Pal\" \/>\n<meta property=\"article:modified_time\" content=\"2026-02-19T17:24:15+00:00\" \/>\n<meta property=\"og:image\" content=\"https:\/\/upload.cdn.baselinker.com\/products\/6014502\/e4c5c942754f0f7546ab4ba7f13d2574.jpg\" \/>\n<meta name=\"twitter:card\" content=\"summary_large_image\" \/>\n<meta name=\"twitter:label1\" content=\"Estimated reading time\" \/>\n\t<meta name=\"twitter:data1\" content=\"1 minute\" \/>\n<script type=\"application\/ld+json\" class=\"yoast-schema-graph\">{\"@context\":\"https:\/\/schema.org\",\"@graph\":[{\"@type\":\"WebPage\",\"@id\":\"https:\/\/rad-pal.com.pl\/sklep\/bez-kategorii\/kolo-kolko-do-taczki-wozka-3-00-4-2-szt-czarne-2\/\",\"url\":\"https:\/\/rad-pal.com.pl\/sklep\/bez-kategorii\/kolo-kolko-do-taczki-wozka-3-00-4-2-szt-czarne-2\/\",\"name\":\"Ko\u0142o k\u00f3\u0142ko do taczki w\u00f3zka 3.00-4 2 szt. CZARNE - Rad-Pal\",\"isPartOf\":{\"@id\":\"https:\/\/rad-pal.com.pl\/#website\"},\"primaryImageOfPage\":{\"@id\":\"https:\/\/rad-pal.com.pl\/sklep\/bez-kategorii\/kolo-kolko-do-taczki-wozka-3-00-4-2-szt-czarne-2\/#primaryimage\"},\"image\":{\"@id\":\"https:\/\/rad-pal.com.pl\/sklep\/bez-kategorii\/kolo-kolko-do-taczki-wozka-3-00-4-2-szt-czarne-2\/#primaryimage\"},\"thumbnailUrl\":\"https:\/\/rad-pal.com.pl\/wp-content\/uploads\/2026\/02\/e4c5c942754f0f7546ab4ba7f13d2574.jpg\",\"datePublished\":\"2026-02-19T16:25:27+00:00\",\"dateModified\":\"2026-02-19T17:24:15+00:00\",\"breadcrumb\":{\"@id\":\"https:\/\/rad-pal.com.pl\/sklep\/bez-kategorii\/kolo-kolko-do-taczki-wozka-3-00-4-2-szt-czarne-2\/#breadcrumb\"},\"inLanguage\":\"en-GB\",\"potentialAction\":[{\"@type\":\"ReadAction\",\"target\":[\"https:\/\/rad-pal.com.pl\/sklep\/bez-kategorii\/kolo-kolko-do-taczki-wozka-3-00-4-2-szt-czarne-2\/\"]}]},{\"@type\":\"ImageObject\",\"inLanguage\":\"en-GB\",\"@id\":\"https:\/\/rad-pal.com.pl\/sklep\/bez-kategorii\/kolo-kolko-do-taczki-wozka-3-00-4-2-szt-czarne-2\/#primaryimage\",\"url\":\"https:\/\/rad-pal.com.pl\/wp-content\/uploads\/2026\/02\/e4c5c942754f0f7546ab4ba7f13d2574.jpg\",\"contentUrl\":\"https:\/\/rad-pal.com.pl\/wp-content\/uploads\/2026\/02\/e4c5c942754f0f7546ab4ba7f13d2574.jpg\",\"width\":2048,\"height\":2048,\"caption\":\"a3aa35494e5424218c0fb5266b18b3bb\"},{\"@type\":\"BreadcrumbList\",\"@id\":\"https:\/\/rad-pal.com.pl\/sklep\/bez-kategorii\/kolo-kolko-do-taczki-wozka-3-00-4-2-szt-czarne-2\/#breadcrumb\",\"itemListElement\":[{\"@type\":\"ListItem\",\"position\":1,\"name\":\"Strona g\u0142\u00f3wna\",\"item\":\"https:\/\/rad-pal.com.pl\/\"},{\"@type\":\"ListItem\",\"position\":2,\"name\":\"Sklep\",\"item\":\"https:\/\/rad-pal.com.pl\/sklep\/\"},{\"@type\":\"ListItem\",\"position\":3,\"name\":\"Ko\u0142o k\u00f3\u0142ko do taczki w\u00f3zka 3.00-4 2 szt. CZARNE\"}]},{\"@type\":\"WebSite\",\"@id\":\"https:\/\/rad-pal.com.pl\/#website\",\"url\":\"https:\/\/rad-pal.com.pl\/\",\"name\":\"Rad-Pal\",\"description\":\"\",\"publisher\":{\"@id\":\"https:\/\/rad-pal.com.pl\/#organization\"},\"potentialAction\":[{\"@type\":\"SearchAction\",\"target\":{\"@type\":\"EntryPoint\",\"urlTemplate\":\"https:\/\/rad-pal.com.pl\/?s={search_term_string}\"},\"query-input\":{\"@type\":\"PropertyValueSpecification\",\"valueRequired\":true,\"valueName\":\"search_term_string\"}}],\"inLanguage\":\"en-GB\"},{\"@type\":\"Organization\",\"@id\":\"https:\/\/rad-pal.com.pl\/#organization\",\"name\":\"Rad-Pal\",\"url\":\"https:\/\/rad-pal.com.pl\/\",\"logo\":{\"@type\":\"ImageObject\",\"inLanguage\":\"en-GB\",\"@id\":\"https:\/\/rad-pal.com.pl\/#\/schema\/logo\/image\/\",\"url\":\"https:\/\/rad-pal.com.pl\/wp-content\/uploads\/2026\/03\/Projekt-bez-nazwy-30.webp\",\"contentUrl\":\"https:\/\/rad-pal.com.pl\/wp-content\/uploads\/2026\/03\/Projekt-bez-nazwy-30.webp\",\"width\":600,\"height\":210,\"caption\":\"Rad-Pal\"},\"image\":{\"@id\":\"https:\/\/rad-pal.com.pl\/#\/schema\/logo\/image\/\"}}]}<\/script>\n<!-- \/ Yoast SEO plugin. -->","yoast_head_json":{"title":"Ko\u0142o k\u00f3\u0142ko do taczki w\u00f3zka 3.00-4 2 szt. CZARNE - Rad-Pal","robots":{"index":"index","follow":"follow","max-snippet":"max-snippet:-1","max-image-preview":"max-image-preview:large","max-video-preview":"max-video-preview:-1"},"canonical":"https:\/\/rad-pal.com.pl\/en\/sklep\/bez-kategorii\/kolo-kolko-do-taczki-wozka-3-00-4-2-szt-czarne-2\/","og_locale":"en_GB","og_type":"article","og_title":"Ko\u0142o k\u00f3\u0142ko do taczki w\u00f3zka 3.00-4 2 szt. CZARNE - Rad-Pal","og_description":"Ko\u0142o k\u00f3\u0142ko do taczki w\u00f3zka 3.00-4 2 szt. Zestaw 2 szt. czarne felgi Na o\u015bk\u0119 o \u015brednicy 25 mm Wytrzyma\u0142e","og_url":"https:\/\/rad-pal.com.pl\/en\/sklep\/bez-kategorii\/kolo-kolko-do-taczki-wozka-3-00-4-2-szt-czarne-2\/","og_site_name":"Rad-Pal","article_modified_time":"2026-02-19T17:24:15+00:00","og_image":[{"url":"https:\/\/upload.cdn.baselinker.com\/products\/6014502\/e4c5c942754f0f7546ab4ba7f13d2574.jpg","type":"","width":"","height":""}],"twitter_card":"summary_large_image","twitter_misc":{"Estimated reading time":"1 minute"},"schema":{"@context":"https:\/\/schema.org","@graph":[{"@type":"WebPage","@id":"https:\/\/rad-pal.com.pl\/sklep\/bez-kategorii\/kolo-kolko-do-taczki-wozka-3-00-4-2-szt-czarne-2\/","url":"https:\/\/rad-pal.com.pl\/sklep\/bez-kategorii\/kolo-kolko-do-taczki-wozka-3-00-4-2-szt-czarne-2\/","name":"Ko\u0142o k\u00f3\u0142ko do taczki w\u00f3zka 3.00-4 2 szt. CZARNE - Rad-Pal","isPartOf":{"@id":"https:\/\/rad-pal.com.pl\/#website"},"primaryImageOfPage":{"@id":"https:\/\/rad-pal.com.pl\/sklep\/bez-kategorii\/kolo-kolko-do-taczki-wozka-3-00-4-2-szt-czarne-2\/#primaryimage"},"image":{"@id":"https:\/\/rad-pal.com.pl\/sklep\/bez-kategorii\/kolo-kolko-do-taczki-wozka-3-00-4-2-szt-czarne-2\/#primaryimage"},"thumbnailUrl":"https:\/\/rad-pal.com.pl\/wp-content\/uploads\/2026\/02\/e4c5c942754f0f7546ab4ba7f13d2574.jpg","datePublished":"2026-02-19T16:25:27+00:00","dateModified":"2026-02-19T17:24:15+00:00","breadcrumb":{"@id":"https:\/\/rad-pal.com.pl\/sklep\/bez-kategorii\/kolo-kolko-do-taczki-wozka-3-00-4-2-szt-czarne-2\/#breadcrumb"},"inLanguage":"en-GB","potentialAction":[{"@type":"ReadAction","target":["https:\/\/rad-pal.com.pl\/sklep\/bez-kategorii\/kolo-kolko-do-taczki-wozka-3-00-4-2-szt-czarne-2\/"]}]},{"@type":"ImageObject","inLanguage":"en-GB","@id":"https:\/\/rad-pal.com.pl\/sklep\/bez-kategorii\/kolo-kolko-do-taczki-wozka-3-00-4-2-szt-czarne-2\/#primaryimage","url":"https:\/\/rad-pal.com.pl\/wp-content\/uploads\/2026\/02\/e4c5c942754f0f7546ab4ba7f13d2574.jpg","contentUrl":"https:\/\/rad-pal.com.pl\/wp-content\/uploads\/2026\/02\/e4c5c942754f0f7546ab4ba7f13d2574.jpg","width":2048,"height":2048,"caption":"a3aa35494e5424218c0fb5266b18b3bb"},{"@type":"BreadcrumbList","@id":"https:\/\/rad-pal.com.pl\/sklep\/bez-kategorii\/kolo-kolko-do-taczki-wozka-3-00-4-2-szt-czarne-2\/#breadcrumb","itemListElement":[{"@type":"ListItem","position":1,"name":"Strona g\u0142\u00f3wna","item":"https:\/\/rad-pal.com.pl\/"},{"@type":"ListItem","position":2,"name":"Sklep","item":"https:\/\/rad-pal.com.pl\/sklep\/"},{"@type":"ListItem","position":3,"name":"Ko\u0142o k\u00f3\u0142ko do taczki w\u00f3zka 3.00-4 2 szt. CZARNE"}]},{"@type":"WebSite","@id":"https:\/\/rad-pal.com.pl\/#website","url":"https:\/\/rad-pal.com.pl\/","name":"Rad-Pal","description":"","publisher":{"@id":"https:\/\/rad-pal.com.pl\/#organization"},"potentialAction":[{"@type":"SearchAction","target":{"@type":"EntryPoint","urlTemplate":"https:\/\/rad-pal.com.pl\/?s={search_term_string}"},"query-input":{"@type":"PropertyValueSpecification","valueRequired":true,"valueName":"search_term_string"}}],"inLanguage":"en-GB"},{"@type":"Organization","@id":"https:\/\/rad-pal.com.pl\/#organization","name":"Rad-Pal","url":"https:\/\/rad-pal.com.pl\/","logo":{"@type":"ImageObject","inLanguage":"en-GB","@id":"https:\/\/rad-pal.com.pl\/#\/schema\/logo\/image\/","url":"https:\/\/rad-pal.com.pl\/wp-content\/uploads\/2026\/03\/Projekt-bez-nazwy-30.webp","contentUrl":"https:\/\/rad-pal.com.pl\/wp-content\/uploads\/2026\/03\/Projekt-bez-nazwy-30.webp","width":600,"height":210,"caption":"Rad-Pal"},"image":{"@id":"https:\/\/rad-pal.com.pl\/#\/schema\/logo\/image\/"}}]}},"_links":{"self":[{"href":"https:\/\/rad-pal.com.pl\/en\/wp-json\/wp\/v2\/product\/34817","targetHints":{"allow":["GET"]}}],"collection":[{"href":"https:\/\/rad-pal.com.pl\/en\/wp-json\/wp\/v2\/product"}],"about":[{"href":"https:\/\/rad-pal.com.pl\/en\/wp-json\/wp\/v2\/types\/product"}],"version-history":[{"count":0,"href":"https:\/\/rad-pal.com.pl\/en\/wp-json\/wp\/v2\/product\/34817\/revisions"}],"wp:featuredmedia":[{"embeddable":true,"href":"https:\/\/rad-pal.com.pl\/en\/wp-json\/wp\/v2\/media\/34812"}],"wp:attachment":[{"href":"https:\/\/rad-pal.com.pl\/en\/wp-json\/wp\/v2\/media?parent=34817"}],"wp:term":[{"taxonomy":"product_brand","embeddable":true,"href":"https:\/\/rad-pal.com.pl\/en\/wp-json\/wp\/v2\/product_brand?post=34817"},{"taxonomy":"product_cat","embeddable":true,"href":"https:\/\/rad-pal.com.pl\/en\/wp-json\/wp\/v2\/product_cat?post=34817"},{"taxonomy":"product_tag","embeddable":true,"href":"https:\/\/rad-pal.com.pl\/en\/wp-json\/wp\/v2\/product_tag?post=34817"}],"curies":[{"name":"wp","href":"https:\/\/api.w.org\/{rel}","templated":true}]}}