{"id":34851,"date":"2026-02-19T17:27:24","date_gmt":"2026-02-19T16:27:24","guid":{"rendered":"https:\/\/rad-pal.com.pl\/sklep\/bez-kategorii\/gliniane-stozki-do-nawadniania-relaxdays-17cm-4-sztuki\/"},"modified":"2026-02-19T18:26:12","modified_gmt":"2026-02-19T17:26:12","slug":"gliniane-stozki-do-nawadniania-relaxdays-17cm-4-sztuki","status":"publish","type":"product","link":"https:\/\/rad-pal.com.pl\/en\/sklep\/dom-i-ogrod\/ogrod\/nawadnianie\/systemy-nawadniajace\/nawadniacze\/gliniane-stozki-do-nawadniania-relaxdays-17cm-4-sztuki\/","title":{"rendered":"Gliniane sto\u017cki do nawadniania Relaxdays 17cm 4 sztuki"},"content":{"rendered":"<section class=\"section\">\n<div class=\"item item-12\">\n<section class=\"text-item\">\n<h2>\u2b50\ufe0fGliniane kolce do nawadniania 4szt. Relaxdays<\/h2>\n<\/section><\/div>\n<\/section>\n<section class=\"section\">\n<div class=\"item item-6\">\n<section class=\"image-item\"><img decoding=\"async\" src=\"https:\/\/upload.cdn.baselinker.com\/products\/6014502\/e7ec501d1b29d673c9ba516c5e1f287c.jpg\" \/><\/section>\n<\/p><\/div>\n<div class=\"item item-6\">\n<section class=\"text-item\">\n<h2>\u2b50\ufe0fSto\u017cek nawadniaj\u0105cy z dekoracyjnym wzorem<\/h2>\n<p>\u2705Dzi\u0119ki 4 glinianym ko\u0144c\u00f3wkom do nawadniania mo\u017cna automatycznie zaopatrzy\u0107 ro\u015bliny i kwiaty w wod\u0119 podczas upalnego lata lub urlopu.<\/p>\n<p>\u2705Gdy gleba staje si\u0119 zbyt sucha woda przesi\u0105ka przez dozownik wykonany z przepuszczalnego materia\u0142u dzi\u0119ki czemu zapewnione jest r\u00f3wnomierne podlewanie.<\/p>\n<p>\u2705W mgnieniu oka uzyskasz prost\u0105 i skuteczn\u0105 metod\u0119 nawadniania Twoich ro\u015blin.<\/p>\n<p>\u2705Teraz mo\u017cesz bez obaw realizowa\u0107 swoje plany, podczas gdy Twoje kwiaty b\u0119d\u0105 bezpiecznie podlewane.<\/p>\n<\/section><\/div>\n<\/section>\n<section class=\"section\">\n<div class=\"item item-6\">\n<section class=\"image-item\"><img decoding=\"async\" src=\"https:\/\/upload.cdn.baselinker.com\/products\/6014502\/eba38d74f55fd9cb714326d51a8421c0.jpg\" \/><\/section>\n<\/p><\/div>\n<div class=\"item item-6\">\n<section class=\"text-item\">\n<h2>\u2b50\ufe0fNawadniacz &#8211; do podlewania ro\u015blin doniczkowych<\/h2>\n<p><b>\u2705<\/b>odpowiednie dla ro\u015blin doniczkowych, skrzynek balkonowych i grz\u0105dek<\/p>\n<p><b>\u2705<\/b>automatyczne zaopatrzenie w ro\u015bliny na kilka dni<\/p>\n<p><b>\u2705<\/b>z przepuszczaj\u0105cej wod\u0119 gliny do dozowania wody<\/p>\n<p><b>\u2705<\/b>idealny na urlopowe wyjazdy, do biura lub dla leniwych podlewaczy<\/p>\n<p><b>\u2705<\/b>dekoracyjny wz\u00f3r pasuje do ka\u017cdej doniczki<\/p>\n<\/section><\/div>\n<\/section>\n<section class=\"section\">\n<div class=\"item item-6\">\n<section class=\"image-item\"><img decoding=\"async\" src=\"https:\/\/upload.cdn.baselinker.com\/products\/6014502\/358294533975b38b0e7fddfb966e4b6f.jpg\" \/><\/section>\n<\/p><\/div>\n<div class=\"item item-6\">\n<section class=\"text-item\">\n<h2>\u2b50\ufe0fDozownik wody w zestawie 4 szt.<\/h2>\n<p>\u2705wymiary ca\u0142kowite: ok. 17 x 5,5 x 5 cm (wys. x szer. x d\u0142.)<\/p>\n<p>\u2705otw\u00f3r: ok. 4 x 3,6 cm<\/p>\n<p>\u2705waga ka\u017cdego nawadniacza: ok 110 g<\/p>\n<p>\u2705materia\u0142: ceramika<\/p>\n<p>\u2705kolor: terakota<\/p>\n<h2>Sk\u0142ad Materia\u0142u<\/h2>\n<ul>\n<li>100% ceramika<\/li>\n<\/ul>\n<\/section><\/div>\n<\/section>\n<section class=\"section\">\n<div class=\"item item-12\">\n<section class=\"text-item\">\n<p>3<\/p>\n<\/section><\/div>\n<\/section>","protected":false},"excerpt":{"rendered":"<p>\u2b50\ufe0fGliniane kolce do nawadniania 4szt. Relaxdays \u2b50\ufe0fSto\u017cek nawadniaj\u0105cy z dekoracyjnym wzorem \u2705Dzi\u0119ki 4 glinianym ko\u0144c\u00f3wkom do nawadniania mo\u017cna automatycznie zaopatrzy\u0107<\/p>","protected":false},"featured_media":34847,"template":"","meta":[],"product_brand":[],"product_cat":[86,277,145,111,146],"product_tag":[],"class_list":{"0":"post-34851","1":"product","2":"type-product","3":"status-publish","4":"has-post-thumbnail","6":"product_cat-dom-i-ogrod","7":"product_cat-nawadniacze","8":"product_cat-nawadnianie","9":"product_cat-ogrod","10":"product_cat-systemy-nawadniajace","12":"first","13":"instock","14":"taxable","15":"shipping-taxable","16":"purchasable","17":"product-type-simple"},"yoast_head":"<!-- This site is optimized with the Yoast SEO plugin v25.7 - https:\/\/yoast.com\/wordpress\/plugins\/seo\/ -->\n<title>Gliniane sto\u017cki do nawadniania Relaxdays 17cm 4 sztuki - Rad-Pal<\/title>\n<meta name=\"robots\" content=\"index, follow, max-snippet:-1, max-image-preview:large, max-video-preview:-1\" \/>\n<link rel=\"canonical\" href=\"https:\/\/rad-pal.com.pl\/en\/sklep\/bez-kategorii\/gliniane-stozki-do-nawadniania-relaxdays-17cm-4-sztuki\/\" \/>\n<meta property=\"og:locale\" content=\"en_GB\" \/>\n<meta property=\"og:type\" content=\"article\" \/>\n<meta property=\"og:title\" content=\"Gliniane sto\u017cki do nawadniania Relaxdays 17cm 4 sztuki - Rad-Pal\" \/>\n<meta property=\"og:description\" content=\"\u2b50\ufe0fGliniane kolce do nawadniania 4szt. Relaxdays \u2b50\ufe0fSto\u017cek nawadniaj\u0105cy z dekoracyjnym wzorem \u2705Dzi\u0119ki 4 glinianym ko\u0144c\u00f3wkom do nawadniania mo\u017cna automatycznie zaopatrzy\u0107\" \/>\n<meta property=\"og:url\" content=\"https:\/\/rad-pal.com.pl\/en\/sklep\/bez-kategorii\/gliniane-stozki-do-nawadniania-relaxdays-17cm-4-sztuki\/\" \/>\n<meta property=\"og:site_name\" content=\"Rad-Pal\" \/>\n<meta property=\"article:modified_time\" content=\"2026-02-19T17:26:12+00:00\" \/>\n<meta property=\"og:image\" content=\"https:\/\/upload.cdn.baselinker.com\/products\/6014502\/e7ec501d1b29d673c9ba516c5e1f287c.jpg\" \/>\n<meta name=\"twitter:card\" content=\"summary_large_image\" \/>\n<meta name=\"twitter:label1\" content=\"Estimated reading time\" \/>\n\t<meta name=\"twitter:data1\" content=\"1 minute\" \/>\n<script type=\"application\/ld+json\" class=\"yoast-schema-graph\">{\"@context\":\"https:\/\/schema.org\",\"@graph\":[{\"@type\":\"WebPage\",\"@id\":\"https:\/\/rad-pal.com.pl\/sklep\/bez-kategorii\/gliniane-stozki-do-nawadniania-relaxdays-17cm-4-sztuki\/\",\"url\":\"https:\/\/rad-pal.com.pl\/sklep\/bez-kategorii\/gliniane-stozki-do-nawadniania-relaxdays-17cm-4-sztuki\/\",\"name\":\"Gliniane sto\u017cki do nawadniania Relaxdays 17cm 4 sztuki - Rad-Pal\",\"isPartOf\":{\"@id\":\"https:\/\/rad-pal.com.pl\/#website\"},\"primaryImageOfPage\":{\"@id\":\"https:\/\/rad-pal.com.pl\/sklep\/bez-kategorii\/gliniane-stozki-do-nawadniania-relaxdays-17cm-4-sztuki\/#primaryimage\"},\"image\":{\"@id\":\"https:\/\/rad-pal.com.pl\/sklep\/bez-kategorii\/gliniane-stozki-do-nawadniania-relaxdays-17cm-4-sztuki\/#primaryimage\"},\"thumbnailUrl\":\"https:\/\/rad-pal.com.pl\/wp-content\/uploads\/2026\/02\/e7ec501d1b29d673c9ba516c5e1f287c.jpg\",\"datePublished\":\"2026-02-19T16:27:24+00:00\",\"dateModified\":\"2026-02-19T17:26:12+00:00\",\"breadcrumb\":{\"@id\":\"https:\/\/rad-pal.com.pl\/sklep\/bez-kategorii\/gliniane-stozki-do-nawadniania-relaxdays-17cm-4-sztuki\/#breadcrumb\"},\"inLanguage\":\"en-GB\",\"potentialAction\":[{\"@type\":\"ReadAction\",\"target\":[\"https:\/\/rad-pal.com.pl\/sklep\/bez-kategorii\/gliniane-stozki-do-nawadniania-relaxdays-17cm-4-sztuki\/\"]}]},{\"@type\":\"ImageObject\",\"inLanguage\":\"en-GB\",\"@id\":\"https:\/\/rad-pal.com.pl\/sklep\/bez-kategorii\/gliniane-stozki-do-nawadniania-relaxdays-17cm-4-sztuki\/#primaryimage\",\"url\":\"https:\/\/rad-pal.com.pl\/wp-content\/uploads\/2026\/02\/e7ec501d1b29d673c9ba516c5e1f287c.jpg\",\"contentUrl\":\"https:\/\/rad-pal.com.pl\/wp-content\/uploads\/2026\/02\/e7ec501d1b29d673c9ba516c5e1f287c.jpg\",\"width\":988,\"height\":1500,\"caption\":\"a47439b06ec00a30f83fb8410307cc86\"},{\"@type\":\"BreadcrumbList\",\"@id\":\"https:\/\/rad-pal.com.pl\/sklep\/bez-kategorii\/gliniane-stozki-do-nawadniania-relaxdays-17cm-4-sztuki\/#breadcrumb\",\"itemListElement\":[{\"@type\":\"ListItem\",\"position\":1,\"name\":\"Strona g\u0142\u00f3wna\",\"item\":\"https:\/\/rad-pal.com.pl\/\"},{\"@type\":\"ListItem\",\"position\":2,\"name\":\"Sklep\",\"item\":\"https:\/\/rad-pal.com.pl\/sklep\/\"},{\"@type\":\"ListItem\",\"position\":3,\"name\":\"Gliniane sto\u017cki do nawadniania Relaxdays 17cm 4 sztuki\"}]},{\"@type\":\"WebSite\",\"@id\":\"https:\/\/rad-pal.com.pl\/#website\",\"url\":\"https:\/\/rad-pal.com.pl\/\",\"name\":\"Rad-Pal\",\"description\":\"\",\"publisher\":{\"@id\":\"https:\/\/rad-pal.com.pl\/#organization\"},\"potentialAction\":[{\"@type\":\"SearchAction\",\"target\":{\"@type\":\"EntryPoint\",\"urlTemplate\":\"https:\/\/rad-pal.com.pl\/?s={search_term_string}\"},\"query-input\":{\"@type\":\"PropertyValueSpecification\",\"valueRequired\":true,\"valueName\":\"search_term_string\"}}],\"inLanguage\":\"en-GB\"},{\"@type\":\"Organization\",\"@id\":\"https:\/\/rad-pal.com.pl\/#organization\",\"name\":\"Rad-Pal\",\"url\":\"https:\/\/rad-pal.com.pl\/\",\"logo\":{\"@type\":\"ImageObject\",\"inLanguage\":\"en-GB\",\"@id\":\"https:\/\/rad-pal.com.pl\/#\/schema\/logo\/image\/\",\"url\":\"https:\/\/rad-pal.com.pl\/wp-content\/uploads\/2026\/03\/Projekt-bez-nazwy-30.webp\",\"contentUrl\":\"https:\/\/rad-pal.com.pl\/wp-content\/uploads\/2026\/03\/Projekt-bez-nazwy-30.webp\",\"width\":600,\"height\":210,\"caption\":\"Rad-Pal\"},\"image\":{\"@id\":\"https:\/\/rad-pal.com.pl\/#\/schema\/logo\/image\/\"}}]}<\/script>\n<!-- \/ Yoast SEO plugin. -->","yoast_head_json":{"title":"Gliniane sto\u017cki do nawadniania Relaxdays 17cm 4 sztuki - Rad-Pal","robots":{"index":"index","follow":"follow","max-snippet":"max-snippet:-1","max-image-preview":"max-image-preview:large","max-video-preview":"max-video-preview:-1"},"canonical":"https:\/\/rad-pal.com.pl\/en\/sklep\/bez-kategorii\/gliniane-stozki-do-nawadniania-relaxdays-17cm-4-sztuki\/","og_locale":"en_GB","og_type":"article","og_title":"Gliniane sto\u017cki do nawadniania Relaxdays 17cm 4 sztuki - Rad-Pal","og_description":"\u2b50\ufe0fGliniane kolce do nawadniania 4szt. Relaxdays \u2b50\ufe0fSto\u017cek nawadniaj\u0105cy z dekoracyjnym wzorem \u2705Dzi\u0119ki 4 glinianym ko\u0144c\u00f3wkom do nawadniania mo\u017cna automatycznie zaopatrzy\u0107","og_url":"https:\/\/rad-pal.com.pl\/en\/sklep\/bez-kategorii\/gliniane-stozki-do-nawadniania-relaxdays-17cm-4-sztuki\/","og_site_name":"Rad-Pal","article_modified_time":"2026-02-19T17:26:12+00:00","og_image":[{"url":"https:\/\/upload.cdn.baselinker.com\/products\/6014502\/e7ec501d1b29d673c9ba516c5e1f287c.jpg","type":"","width":"","height":""}],"twitter_card":"summary_large_image","twitter_misc":{"Estimated reading time":"1 minute"},"schema":{"@context":"https:\/\/schema.org","@graph":[{"@type":"WebPage","@id":"https:\/\/rad-pal.com.pl\/sklep\/bez-kategorii\/gliniane-stozki-do-nawadniania-relaxdays-17cm-4-sztuki\/","url":"https:\/\/rad-pal.com.pl\/sklep\/bez-kategorii\/gliniane-stozki-do-nawadniania-relaxdays-17cm-4-sztuki\/","name":"Gliniane sto\u017cki do nawadniania Relaxdays 17cm 4 sztuki - Rad-Pal","isPartOf":{"@id":"https:\/\/rad-pal.com.pl\/#website"},"primaryImageOfPage":{"@id":"https:\/\/rad-pal.com.pl\/sklep\/bez-kategorii\/gliniane-stozki-do-nawadniania-relaxdays-17cm-4-sztuki\/#primaryimage"},"image":{"@id":"https:\/\/rad-pal.com.pl\/sklep\/bez-kategorii\/gliniane-stozki-do-nawadniania-relaxdays-17cm-4-sztuki\/#primaryimage"},"thumbnailUrl":"https:\/\/rad-pal.com.pl\/wp-content\/uploads\/2026\/02\/e7ec501d1b29d673c9ba516c5e1f287c.jpg","datePublished":"2026-02-19T16:27:24+00:00","dateModified":"2026-02-19T17:26:12+00:00","breadcrumb":{"@id":"https:\/\/rad-pal.com.pl\/sklep\/bez-kategorii\/gliniane-stozki-do-nawadniania-relaxdays-17cm-4-sztuki\/#breadcrumb"},"inLanguage":"en-GB","potentialAction":[{"@type":"ReadAction","target":["https:\/\/rad-pal.com.pl\/sklep\/bez-kategorii\/gliniane-stozki-do-nawadniania-relaxdays-17cm-4-sztuki\/"]}]},{"@type":"ImageObject","inLanguage":"en-GB","@id":"https:\/\/rad-pal.com.pl\/sklep\/bez-kategorii\/gliniane-stozki-do-nawadniania-relaxdays-17cm-4-sztuki\/#primaryimage","url":"https:\/\/rad-pal.com.pl\/wp-content\/uploads\/2026\/02\/e7ec501d1b29d673c9ba516c5e1f287c.jpg","contentUrl":"https:\/\/rad-pal.com.pl\/wp-content\/uploads\/2026\/02\/e7ec501d1b29d673c9ba516c5e1f287c.jpg","width":988,"height":1500,"caption":"a47439b06ec00a30f83fb8410307cc86"},{"@type":"BreadcrumbList","@id":"https:\/\/rad-pal.com.pl\/sklep\/bez-kategorii\/gliniane-stozki-do-nawadniania-relaxdays-17cm-4-sztuki\/#breadcrumb","itemListElement":[{"@type":"ListItem","position":1,"name":"Strona g\u0142\u00f3wna","item":"https:\/\/rad-pal.com.pl\/"},{"@type":"ListItem","position":2,"name":"Sklep","item":"https:\/\/rad-pal.com.pl\/sklep\/"},{"@type":"ListItem","position":3,"name":"Gliniane sto\u017cki do nawadniania Relaxdays 17cm 4 sztuki"}]},{"@type":"WebSite","@id":"https:\/\/rad-pal.com.pl\/#website","url":"https:\/\/rad-pal.com.pl\/","name":"Rad-Pal","description":"","publisher":{"@id":"https:\/\/rad-pal.com.pl\/#organization"},"potentialAction":[{"@type":"SearchAction","target":{"@type":"EntryPoint","urlTemplate":"https:\/\/rad-pal.com.pl\/?s={search_term_string}"},"query-input":{"@type":"PropertyValueSpecification","valueRequired":true,"valueName":"search_term_string"}}],"inLanguage":"en-GB"},{"@type":"Organization","@id":"https:\/\/rad-pal.com.pl\/#organization","name":"Rad-Pal","url":"https:\/\/rad-pal.com.pl\/","logo":{"@type":"ImageObject","inLanguage":"en-GB","@id":"https:\/\/rad-pal.com.pl\/#\/schema\/logo\/image\/","url":"https:\/\/rad-pal.com.pl\/wp-content\/uploads\/2026\/03\/Projekt-bez-nazwy-30.webp","contentUrl":"https:\/\/rad-pal.com.pl\/wp-content\/uploads\/2026\/03\/Projekt-bez-nazwy-30.webp","width":600,"height":210,"caption":"Rad-Pal"},"image":{"@id":"https:\/\/rad-pal.com.pl\/#\/schema\/logo\/image\/"}}]}},"_links":{"self":[{"href":"https:\/\/rad-pal.com.pl\/en\/wp-json\/wp\/v2\/product\/34851","targetHints":{"allow":["GET"]}}],"collection":[{"href":"https:\/\/rad-pal.com.pl\/en\/wp-json\/wp\/v2\/product"}],"about":[{"href":"https:\/\/rad-pal.com.pl\/en\/wp-json\/wp\/v2\/types\/product"}],"version-history":[{"count":0,"href":"https:\/\/rad-pal.com.pl\/en\/wp-json\/wp\/v2\/product\/34851\/revisions"}],"wp:featuredmedia":[{"embeddable":true,"href":"https:\/\/rad-pal.com.pl\/en\/wp-json\/wp\/v2\/media\/34847"}],"wp:attachment":[{"href":"https:\/\/rad-pal.com.pl\/en\/wp-json\/wp\/v2\/media?parent=34851"}],"wp:term":[{"taxonomy":"product_brand","embeddable":true,"href":"https:\/\/rad-pal.com.pl\/en\/wp-json\/wp\/v2\/product_brand?post=34851"},{"taxonomy":"product_cat","embeddable":true,"href":"https:\/\/rad-pal.com.pl\/en\/wp-json\/wp\/v2\/product_cat?post=34851"},{"taxonomy":"product_tag","embeddable":true,"href":"https:\/\/rad-pal.com.pl\/en\/wp-json\/wp\/v2\/product_tag?post=34851"}],"curies":[{"name":"wp","href":"https:\/\/api.w.org\/{rel}","templated":true}]}}