{"id":35250,"date":"2026-02-19T17:43:30","date_gmt":"2026-02-19T16:43:30","guid":{"rendered":"https:\/\/rad-pal.com.pl\/sklep\/bez-kategorii\/koc-relaxdays-2021-10000149-prostokatny-200-x-200-cm\/"},"modified":"2026-02-19T18:28:32","modified_gmt":"2026-02-19T17:28:32","slug":"koc-relaxdays-2021-10000149-prostokatny-200-x-200-cm","status":"publish","type":"product","link":"https:\/\/rad-pal.com.pl\/en\/sklep\/sport-i-turystyka\/turystyka\/na-plaze\/na-piknik\/koce-piknikowe-maty\/koc-relaxdays-2021-10000149-prostokatny-200-x-200-cm\/","title":{"rendered":"Koc Relaxdays 2021-10000149 prostok\u0105tny 200 x 200 cm"},"content":{"rendered":"<section class=\"section\">\n<div class=\"item item-6\">\n<section class=\"image-item\"><img decoding=\"async\" src=\"https:\/\/upload.cdn.baselinker.com\/products\/6014502\/74d4da429b9b11900216752ff8497f55.jpg\" \/><\/section>\n<\/p><\/div>\n<div class=\"item item-6\">\n<section class=\"text-item\">\n<h1>Relaxdays Koc piknikowy XXL, 200 x 200 cm, izoluj\u0105cy ciep\u0142o, sk\u0142adany koc pla\u017cowy, wodoszczelny, z uchwytem do noszenia, zielono-szary<\/h1>\n<h2>Producent: Relaxdays<\/h2>\n<\/section><\/div>\n<\/section>\n<section class=\"section\">\n<div class=\"item item-12\">\n<section class=\"text-item\">\n<ul>\n<li>XXL: du\u017cy koc pla\u017cowy o powierzchni do le\u017cenia 200 x 200 cm zapewnia miejsce dla maksymalnie 6 os\u00f3b<\/li>\n<li>Izolacja: dzi\u0119ki warstwie aluminiowej naro\u017cnik chroni przed wilgoci\u0105 i zimnem \u2013 magazynuje ciep\u0142o cia\u0142a<\/li>\n<li>Oszcz\u0119dno\u015b\u0107 miejsca: koc k\u0105pielowy mo\u017cna z\u0142o\u017cy\u0107, wys. x szer. x g\u0142.: ok. 15 x 40 x 25 cm \u2013 z uchwytem do noszenia<\/li>\n<li>Polar: powierzchnia koca kempingowego jest przytulnie mi\u0119kka i dekoracyjna z zielono-szarym wzorem<\/li>\n<li>Wszechstronny: jako koc piknikowy w parku, na pla\u017cy, na kempingu, na grillu i wielu innych. &#8211; Do u\u017cytku na zewn\u0105trz<\/li>\n<\/ul>\n<\/section><\/div>\n<\/section>\n<section class=\"section\">\n<div class=\"item item-6\">\n<section class=\"image-item\"><img decoding=\"async\" src=\"https:\/\/upload.cdn.baselinker.com\/products\/6014502\/e431a4e422f7047887b53ba957f24762.jpg\" \/><\/section>\n<\/p><\/div>\n<div class=\"item item-6\">\n<section class=\"text-item\">\n<ul>\n<li><b>waga przedmiotu<\/b>: 1 kilograms<\/li>\n<li><b>Liczba cz\u0119\u015bci<\/b>: 1<\/li>\n<li><b>Nazwa modelu<\/b>: Relaxdays Koc piknikowy XXL, 200 x 200 cm, izoluj\u0105cy ciep\u0142o, sk\u0142adany koc pla\u017cowy, wodoszczelny, z uchwytem do noszenia, zielono-szary<\/li>\n<li><b>punkt znaku wypunktowania<\/b>: XXL: du\u017cy koc pla\u017cowy o powierzchni do le\u017cenia 200 x 200 cm zapewnia miejsce dla maksymalnie 6 os\u00f3b, Izolacja: dzi\u0119ki warstwie aluminiowej naro\u017cnik chroni przed wilgoci\u0105 i zimnem \u2013 magazynuje ciep\u0142o cia\u0142a, Oszcz\u0119dno\u015b\u0107 miejsca: koc k\u0105pielowy mo\u017cna z\u0142o\u017cy\u0107, wys. x szer. x g\u0142.: ok. 15 x 40 x 25 cm \u2013 z uchwytem do noszenia, Polar: powierzchnia koca kempingowego jest przytulnie mi\u0119kka i dekoracyjna z zielono-szarym wzorem, Wszechstronny: jako koc piknikowy w parku, na pla\u017cy, na kempingu, na grillu i wielu innych. &#8211; Do u\u017cytku na zewn\u0105trz<\/li>\n<li><b>ilo\u015b\u0107 sztuk w opakowaniu<\/b>: 1<\/li>\n<li><b>marka<\/b>: Relaxdays<\/li>\n<li><b>poziom opakowania<\/b>: unit<\/li>\n<li><b>Liczba przedmiot\u00f3w<\/b>: 1<\/li>\n<li><b>rozmiar<\/b>: 0.5 x 200 x 200 cm<\/li>\n<li><b>numer cz\u0119\u015bci<\/b>: 10025976<\/li>\n<li><b>styl<\/b>: Pla\u017ca<\/li>\n<li><b>kolor<\/b>: zielono-szary<\/li>\n<li><b>nazwa typu elementu<\/b>: Relaxdays Koc piknikowy XXL, 200 x 200 cm, izoluj\u0105cy ciep\u0142o, sk\u0142adany koc pla\u017cowy, wodoszczelny, z uchwytem do noszenia, zielono-szary<\/li>\n<li><b>wz\u00f3r<\/b>: Jednolity<\/li>\n<li><b>waga opakowania przedmiotu<\/b>: 1.24 kilograms<\/li>\n<li><b>rodzaj pakietu klienta<\/b>: opakowanie standardowe<\/li>\n<li><b>producent<\/b>: Relaxdays<\/li>\n<li><b>zewn\u0119trznie przypisany identyfikator produktu<\/b>: 4052025259761, 04052025259761<\/li>\n<li><b>kszta\u0142t przedmiotu<\/b>: Kwadratowy<\/li>\n<li><b>zalecane w\u0119z\u0142y przegl\u0105dania<\/b>: 20855190031, 26141312031, 20657670031<\/li>\n<li><b>temat<\/b>: Pla\u017ca<\/li>\n<li><b>numer modelu<\/b>: 10025976<\/li>\n<li><b>specjalna funkcja<\/b>: Wodoszczelna, lekka, odporna na zabrudzenia<\/li>\n<li><b>nazwa przedmiotu<\/b>: Relaxdays Koc piknikowy XXL, 200 x 200 cm, izoluj\u0105cy ciep\u0142o, sk\u0142adany koc pla\u017cowy, wodoszczelny, z uchwytem do noszenia, zielono-szary<\/li>\n<li><b>data uruchomienia strony produktu<\/b>: 2020-04-30T19:11:25.038Z<\/li>\n<li><b>materia\u0142<\/b>: 80% poliester 10% pianka 10% aluminium<\/li>\n<li><b>instrukcje opieki<\/b>: Pra\u0107 w pralce<\/li>\n<li><b>rodzaj pokoju<\/b>: Ogr\u00f3d<\/li>\n<\/ul>\n<\/section><\/div>\n<\/section>\n<section class=\"section\">\n<div class=\"item item-6\">\n<section class=\"image-item\"><img decoding=\"async\" src=\"https:\/\/upload.cdn.baselinker.com\/products\/6014502\/f1528a0589a8e8edaf84c27d0a86d054.jpg\" \/><\/section>\n<\/p><\/div>\n<div class=\"item item-6\">\n<section class=\"image-item\"><img decoding=\"async\" src=\"https:\/\/upload.cdn.baselinker.com\/products\/6014502\/869d4906bbecaf4920c60fd92059fd3f.jpg\" \/><\/section>\n<\/p><\/div>\n<\/section>\n<section class=\"section\">\n<div class=\"item item-6\">\n<section class=\"image-item\"><img decoding=\"async\" src=\"https:\/\/upload.cdn.baselinker.com\/products\/6014502\/86c9846d243c889ac6eeb202b414aa02.jpg\" \/><\/section>\n<\/p><\/div>\n<div class=\"item item-6\">\n<section class=\"image-item\"><img decoding=\"async\" src=\"https:\/\/upload.cdn.baselinker.com\/products\/6014502\/e62c325fac04912a07e2107779d497c8.jpg\" \/><\/section>\n<\/p><\/div>\n<\/section>\n<section class=\"section\">\n<div class=\"item item-12\">\n<section class=\"image-item\"><img decoding=\"async\" src=\"https:\/\/upload.cdn.baselinker.com\/products\/6014502\/c818f77c2486b5f23bc33f1e7a4ee790.jpg\" \/><\/section>\n<\/p><\/div>\n<\/section>\n<section class=\"section\">\n<div class=\"item item-12\">\n<section class=\"text-item\">\n<p>5<\/p>\n<\/section><\/div>\n<\/section>","protected":false},"excerpt":{"rendered":"<p>Relaxdays Koc piknikowy XXL, 200 x 200 cm, izoluj\u0105cy ciep\u0142o, sk\u0142adany koc pla\u017cowy, wodoszczelny, z uchwytem do noszenia, zielono-szary Producent:<\/p>","protected":false},"featured_media":35251,"template":"","meta":[],"product_brand":[],"product_cat":[366,365,364,76,77],"product_tag":[],"class_list":{"0":"post-35250","1":"product","2":"type-product","3":"status-publish","4":"has-post-thumbnail","6":"product_cat-koce-piknikowe-maty","7":"product_cat-na-piknik","8":"product_cat-na-plaze","9":"product_cat-sport-i-turystyka","10":"product_cat-turystyka","12":"first","13":"instock","14":"taxable","15":"shipping-taxable","16":"purchasable","17":"product-type-simple"},"yoast_head":"<!-- This site is optimized with the Yoast SEO plugin v25.7 - https:\/\/yoast.com\/wordpress\/plugins\/seo\/ -->\n<title>Koc Relaxdays 2021-10000149 prostok\u0105tny 200 x 200 cm - Rad-Pal<\/title>\n<meta name=\"robots\" content=\"index, follow, max-snippet:-1, max-image-preview:large, max-video-preview:-1\" \/>\n<link rel=\"canonical\" href=\"https:\/\/rad-pal.com.pl\/en\/sklep\/sport-i-turystyka\/turystyka\/na-plaze\/na-piknik\/koce-piknikowe-maty\/koc-relaxdays-2021-10000149-prostokatny-200-x-200-cm\/\" \/>\n<meta property=\"og:locale\" content=\"en_GB\" \/>\n<meta property=\"og:type\" content=\"article\" \/>\n<meta property=\"og:title\" content=\"Koc Relaxdays 2021-10000149 prostok\u0105tny 200 x 200 cm - Rad-Pal\" \/>\n<meta property=\"og:description\" content=\"Relaxdays Koc piknikowy XXL, 200 x 200 cm, izoluj\u0105cy ciep\u0142o, sk\u0142adany koc pla\u017cowy, wodoszczelny, z uchwytem do noszenia, zielono-szary Producent:\" \/>\n<meta property=\"og:url\" content=\"https:\/\/rad-pal.com.pl\/en\/sklep\/sport-i-turystyka\/turystyka\/na-plaze\/na-piknik\/koce-piknikowe-maty\/koc-relaxdays-2021-10000149-prostokatny-200-x-200-cm\/\" \/>\n<meta property=\"og:site_name\" content=\"Rad-Pal\" \/>\n<meta property=\"article:modified_time\" content=\"2026-02-19T17:28:32+00:00\" \/>\n<meta property=\"og:image\" content=\"https:\/\/rad-pal.com.pl\/wp-content\/uploads\/2026\/02\/869d4906bbecaf4920c60fd92059fd3f.jpg\" \/>\n\t<meta property=\"og:image:width\" content=\"755\" \/>\n\t<meta property=\"og:image:height\" content=\"755\" \/>\n\t<meta property=\"og:image:type\" content=\"image\/jpeg\" \/>\n<meta name=\"twitter:card\" content=\"summary_large_image\" \/>\n<meta name=\"twitter:label1\" content=\"Estimated reading time\" \/>\n\t<meta name=\"twitter:data1\" content=\"2 minutes\" \/>\n<script type=\"application\/ld+json\" class=\"yoast-schema-graph\">{\"@context\":\"https:\/\/schema.org\",\"@graph\":[{\"@type\":\"WebPage\",\"@id\":\"https:\/\/rad-pal.com.pl\/sklep\/sport-i-turystyka\/turystyka\/na-plaze\/na-piknik\/koce-piknikowe-maty\/koc-relaxdays-2021-10000149-prostokatny-200-x-200-cm\/\",\"url\":\"https:\/\/rad-pal.com.pl\/sklep\/sport-i-turystyka\/turystyka\/na-plaze\/na-piknik\/koce-piknikowe-maty\/koc-relaxdays-2021-10000149-prostokatny-200-x-200-cm\/\",\"name\":\"Koc Relaxdays 2021-10000149 prostok\u0105tny 200 x 200 cm - Rad-Pal\",\"isPartOf\":{\"@id\":\"https:\/\/rad-pal.com.pl\/#website\"},\"primaryImageOfPage\":{\"@id\":\"https:\/\/rad-pal.com.pl\/sklep\/sport-i-turystyka\/turystyka\/na-plaze\/na-piknik\/koce-piknikowe-maty\/koc-relaxdays-2021-10000149-prostokatny-200-x-200-cm\/#primaryimage\"},\"image\":{\"@id\":\"https:\/\/rad-pal.com.pl\/sklep\/sport-i-turystyka\/turystyka\/na-plaze\/na-piknik\/koce-piknikowe-maty\/koc-relaxdays-2021-10000149-prostokatny-200-x-200-cm\/#primaryimage\"},\"thumbnailUrl\":\"https:\/\/rad-pal.com.pl\/wp-content\/uploads\/2026\/02\/869d4906bbecaf4920c60fd92059fd3f-1.jpg\",\"datePublished\":\"2026-02-19T16:43:30+00:00\",\"dateModified\":\"2026-02-19T17:28:32+00:00\",\"breadcrumb\":{\"@id\":\"https:\/\/rad-pal.com.pl\/sklep\/sport-i-turystyka\/turystyka\/na-plaze\/na-piknik\/koce-piknikowe-maty\/koc-relaxdays-2021-10000149-prostokatny-200-x-200-cm\/#breadcrumb\"},\"inLanguage\":\"en-GB\",\"potentialAction\":[{\"@type\":\"ReadAction\",\"target\":[\"https:\/\/rad-pal.com.pl\/sklep\/sport-i-turystyka\/turystyka\/na-plaze\/na-piknik\/koce-piknikowe-maty\/koc-relaxdays-2021-10000149-prostokatny-200-x-200-cm\/\"]}]},{\"@type\":\"ImageObject\",\"inLanguage\":\"en-GB\",\"@id\":\"https:\/\/rad-pal.com.pl\/sklep\/sport-i-turystyka\/turystyka\/na-plaze\/na-piknik\/koce-piknikowe-maty\/koc-relaxdays-2021-10000149-prostokatny-200-x-200-cm\/#primaryimage\",\"url\":\"https:\/\/rad-pal.com.pl\/wp-content\/uploads\/2026\/02\/869d4906bbecaf4920c60fd92059fd3f-1.jpg\",\"contentUrl\":\"https:\/\/rad-pal.com.pl\/wp-content\/uploads\/2026\/02\/869d4906bbecaf4920c60fd92059fd3f-1.jpg\",\"width\":755,\"height\":755,\"caption\":\"9c3d7f802189387815dd333542de68fa\"},{\"@type\":\"BreadcrumbList\",\"@id\":\"https:\/\/rad-pal.com.pl\/sklep\/sport-i-turystyka\/turystyka\/na-plaze\/na-piknik\/koce-piknikowe-maty\/koc-relaxdays-2021-10000149-prostokatny-200-x-200-cm\/#breadcrumb\",\"itemListElement\":[{\"@type\":\"ListItem\",\"position\":1,\"name\":\"Strona g\u0142\u00f3wna\",\"item\":\"https:\/\/rad-pal.com.pl\/\"},{\"@type\":\"ListItem\",\"position\":2,\"name\":\"Sklep\",\"item\":\"https:\/\/rad-pal.com.pl\/sklep\/\"},{\"@type\":\"ListItem\",\"position\":3,\"name\":\"Koc Relaxdays 2021-10000149 prostok\u0105tny 200 x 200 cm\"}]},{\"@type\":\"WebSite\",\"@id\":\"https:\/\/rad-pal.com.pl\/#website\",\"url\":\"https:\/\/rad-pal.com.pl\/\",\"name\":\"Rad-Pal\",\"description\":\"\",\"publisher\":{\"@id\":\"https:\/\/rad-pal.com.pl\/#organization\"},\"potentialAction\":[{\"@type\":\"SearchAction\",\"target\":{\"@type\":\"EntryPoint\",\"urlTemplate\":\"https:\/\/rad-pal.com.pl\/?s={search_term_string}\"},\"query-input\":{\"@type\":\"PropertyValueSpecification\",\"valueRequired\":true,\"valueName\":\"search_term_string\"}}],\"inLanguage\":\"en-GB\"},{\"@type\":\"Organization\",\"@id\":\"https:\/\/rad-pal.com.pl\/#organization\",\"name\":\"Rad-Pal\",\"url\":\"https:\/\/rad-pal.com.pl\/\",\"logo\":{\"@type\":\"ImageObject\",\"inLanguage\":\"en-GB\",\"@id\":\"https:\/\/rad-pal.com.pl\/#\/schema\/logo\/image\/\",\"url\":\"https:\/\/rad-pal.com.pl\/wp-content\/uploads\/2026\/03\/Projekt-bez-nazwy-30.webp\",\"contentUrl\":\"https:\/\/rad-pal.com.pl\/wp-content\/uploads\/2026\/03\/Projekt-bez-nazwy-30.webp\",\"width\":600,\"height\":210,\"caption\":\"Rad-Pal\"},\"image\":{\"@id\":\"https:\/\/rad-pal.com.pl\/#\/schema\/logo\/image\/\"}}]}<\/script>\n<!-- \/ Yoast SEO plugin. -->","yoast_head_json":{"title":"Koc Relaxdays 2021-10000149 prostok\u0105tny 200 x 200 cm - Rad-Pal","robots":{"index":"index","follow":"follow","max-snippet":"max-snippet:-1","max-image-preview":"max-image-preview:large","max-video-preview":"max-video-preview:-1"},"canonical":"https:\/\/rad-pal.com.pl\/en\/sklep\/sport-i-turystyka\/turystyka\/na-plaze\/na-piknik\/koce-piknikowe-maty\/koc-relaxdays-2021-10000149-prostokatny-200-x-200-cm\/","og_locale":"en_GB","og_type":"article","og_title":"Koc Relaxdays 2021-10000149 prostok\u0105tny 200 x 200 cm - Rad-Pal","og_description":"Relaxdays Koc piknikowy XXL, 200 x 200 cm, izoluj\u0105cy ciep\u0142o, sk\u0142adany koc pla\u017cowy, wodoszczelny, z uchwytem do noszenia, zielono-szary Producent:","og_url":"https:\/\/rad-pal.com.pl\/en\/sklep\/sport-i-turystyka\/turystyka\/na-plaze\/na-piknik\/koce-piknikowe-maty\/koc-relaxdays-2021-10000149-prostokatny-200-x-200-cm\/","og_site_name":"Rad-Pal","article_modified_time":"2026-02-19T17:28:32+00:00","og_image":[{"width":755,"height":755,"url":"https:\/\/rad-pal.com.pl\/wp-content\/uploads\/2026\/02\/869d4906bbecaf4920c60fd92059fd3f.jpg","type":"image\/jpeg"}],"twitter_card":"summary_large_image","twitter_misc":{"Estimated reading time":"2 minutes"},"schema":{"@context":"https:\/\/schema.org","@graph":[{"@type":"WebPage","@id":"https:\/\/rad-pal.com.pl\/sklep\/sport-i-turystyka\/turystyka\/na-plaze\/na-piknik\/koce-piknikowe-maty\/koc-relaxdays-2021-10000149-prostokatny-200-x-200-cm\/","url":"https:\/\/rad-pal.com.pl\/sklep\/sport-i-turystyka\/turystyka\/na-plaze\/na-piknik\/koce-piknikowe-maty\/koc-relaxdays-2021-10000149-prostokatny-200-x-200-cm\/","name":"Koc Relaxdays 2021-10000149 prostok\u0105tny 200 x 200 cm - Rad-Pal","isPartOf":{"@id":"https:\/\/rad-pal.com.pl\/#website"},"primaryImageOfPage":{"@id":"https:\/\/rad-pal.com.pl\/sklep\/sport-i-turystyka\/turystyka\/na-plaze\/na-piknik\/koce-piknikowe-maty\/koc-relaxdays-2021-10000149-prostokatny-200-x-200-cm\/#primaryimage"},"image":{"@id":"https:\/\/rad-pal.com.pl\/sklep\/sport-i-turystyka\/turystyka\/na-plaze\/na-piknik\/koce-piknikowe-maty\/koc-relaxdays-2021-10000149-prostokatny-200-x-200-cm\/#primaryimage"},"thumbnailUrl":"https:\/\/rad-pal.com.pl\/wp-content\/uploads\/2026\/02\/869d4906bbecaf4920c60fd92059fd3f-1.jpg","datePublished":"2026-02-19T16:43:30+00:00","dateModified":"2026-02-19T17:28:32+00:00","breadcrumb":{"@id":"https:\/\/rad-pal.com.pl\/sklep\/sport-i-turystyka\/turystyka\/na-plaze\/na-piknik\/koce-piknikowe-maty\/koc-relaxdays-2021-10000149-prostokatny-200-x-200-cm\/#breadcrumb"},"inLanguage":"en-GB","potentialAction":[{"@type":"ReadAction","target":["https:\/\/rad-pal.com.pl\/sklep\/sport-i-turystyka\/turystyka\/na-plaze\/na-piknik\/koce-piknikowe-maty\/koc-relaxdays-2021-10000149-prostokatny-200-x-200-cm\/"]}]},{"@type":"ImageObject","inLanguage":"en-GB","@id":"https:\/\/rad-pal.com.pl\/sklep\/sport-i-turystyka\/turystyka\/na-plaze\/na-piknik\/koce-piknikowe-maty\/koc-relaxdays-2021-10000149-prostokatny-200-x-200-cm\/#primaryimage","url":"https:\/\/rad-pal.com.pl\/wp-content\/uploads\/2026\/02\/869d4906bbecaf4920c60fd92059fd3f-1.jpg","contentUrl":"https:\/\/rad-pal.com.pl\/wp-content\/uploads\/2026\/02\/869d4906bbecaf4920c60fd92059fd3f-1.jpg","width":755,"height":755,"caption":"9c3d7f802189387815dd333542de68fa"},{"@type":"BreadcrumbList","@id":"https:\/\/rad-pal.com.pl\/sklep\/sport-i-turystyka\/turystyka\/na-plaze\/na-piknik\/koce-piknikowe-maty\/koc-relaxdays-2021-10000149-prostokatny-200-x-200-cm\/#breadcrumb","itemListElement":[{"@type":"ListItem","position":1,"name":"Strona g\u0142\u00f3wna","item":"https:\/\/rad-pal.com.pl\/"},{"@type":"ListItem","position":2,"name":"Sklep","item":"https:\/\/rad-pal.com.pl\/sklep\/"},{"@type":"ListItem","position":3,"name":"Koc Relaxdays 2021-10000149 prostok\u0105tny 200 x 200 cm"}]},{"@type":"WebSite","@id":"https:\/\/rad-pal.com.pl\/#website","url":"https:\/\/rad-pal.com.pl\/","name":"Rad-Pal","description":"","publisher":{"@id":"https:\/\/rad-pal.com.pl\/#organization"},"potentialAction":[{"@type":"SearchAction","target":{"@type":"EntryPoint","urlTemplate":"https:\/\/rad-pal.com.pl\/?s={search_term_string}"},"query-input":{"@type":"PropertyValueSpecification","valueRequired":true,"valueName":"search_term_string"}}],"inLanguage":"en-GB"},{"@type":"Organization","@id":"https:\/\/rad-pal.com.pl\/#organization","name":"Rad-Pal","url":"https:\/\/rad-pal.com.pl\/","logo":{"@type":"ImageObject","inLanguage":"en-GB","@id":"https:\/\/rad-pal.com.pl\/#\/schema\/logo\/image\/","url":"https:\/\/rad-pal.com.pl\/wp-content\/uploads\/2026\/03\/Projekt-bez-nazwy-30.webp","contentUrl":"https:\/\/rad-pal.com.pl\/wp-content\/uploads\/2026\/03\/Projekt-bez-nazwy-30.webp","width":600,"height":210,"caption":"Rad-Pal"},"image":{"@id":"https:\/\/rad-pal.com.pl\/#\/schema\/logo\/image\/"}}]}},"_links":{"self":[{"href":"https:\/\/rad-pal.com.pl\/en\/wp-json\/wp\/v2\/product\/35250","targetHints":{"allow":["GET"]}}],"collection":[{"href":"https:\/\/rad-pal.com.pl\/en\/wp-json\/wp\/v2\/product"}],"about":[{"href":"https:\/\/rad-pal.com.pl\/en\/wp-json\/wp\/v2\/types\/product"}],"version-history":[{"count":0,"href":"https:\/\/rad-pal.com.pl\/en\/wp-json\/wp\/v2\/product\/35250\/revisions"}],"wp:featuredmedia":[{"embeddable":true,"href":"https:\/\/rad-pal.com.pl\/en\/wp-json\/wp\/v2\/media\/35251"}],"wp:attachment":[{"href":"https:\/\/rad-pal.com.pl\/en\/wp-json\/wp\/v2\/media?parent=35250"}],"wp:term":[{"taxonomy":"product_brand","embeddable":true,"href":"https:\/\/rad-pal.com.pl\/en\/wp-json\/wp\/v2\/product_brand?post=35250"},{"taxonomy":"product_cat","embeddable":true,"href":"https:\/\/rad-pal.com.pl\/en\/wp-json\/wp\/v2\/product_cat?post=35250"},{"taxonomy":"product_tag","embeddable":true,"href":"https:\/\/rad-pal.com.pl\/en\/wp-json\/wp\/v2\/product_tag?post=35250"}],"curies":[{"name":"wp","href":"https:\/\/api.w.org\/{rel}","templated":true}]}}