{"id":35332,"date":"2026-02-19T17:46:58","date_gmt":"2026-02-19T16:46:58","guid":{"rendered":"https:\/\/rad-pal.com.pl\/sklep\/bez-kategorii\/relaxdays-hustawka-gniazda-okragla-hustawka\/"},"modified":"2026-02-19T18:29:04","modified_gmt":"2026-02-19T17:29:04","slug":"relaxdays-hustawka-gniazda-okragla-hustawka","status":"publish","type":"product","link":"https:\/\/rad-pal.com.pl\/en\/sklep\/dziecko\/zabawki-ogrodowe\/hustawki\/relaxdays-hustawka-gniazda-okragla-hustawka\/","title":{"rendered":"Relaxdays Hu\u015btawka gniazda, okr\u0105g\u0142a hu\u015btawka"},"content":{"rendered":"<section class=\"section\">\n<div class=\"item item-12\">\n<section class=\"image-item\"><img decoding=\"async\" src=\"https:\/\/upload.cdn.baselinker.com\/products\/6014502\/e7ae5aad0c22ab958f15d864774d7662.jpg\" \/><\/section>\n<\/p><\/div>\n<\/section>\n<section class=\"section\">\n<div class=\"item item-6\">\n<section class=\"image-item\"><img decoding=\"async\" src=\"https:\/\/upload.cdn.baselinker.com\/products\/6014502\/2dfe934f4242fdab800c3afb10198172.jpg\" \/><\/section>\n<\/p><\/div>\n<div class=\"item item-6\">\n<section class=\"text-item\">\n<h1>Oferowany przedmiot<\/h1>\n<h1>renomowanej firmy<\/h1>\n<h1>Relaxdays<\/h1>\n<\/section><\/div>\n<\/section>\n<section class=\"section\">\n<div class=\"item item-6\">\n<section class=\"text-item\">\n<h2>Zabawna wisz\u0105ca hu\u015btawka dla dzieci i doros\u0142ych<\/h2>\n<p>Ciesz si\u0119 zabaw\u0105 i grami w ogrodzie dzi\u0119ki tej wygodnej hu\u015btawce relaksacyjnej.<\/p>\n<p>Twoje maluchy mog\u0105 u\u017cywa\u0107 2-linowej hu\u015btawki drzew do zabawnych hu\u015btawek lub jako przytulne gniazdo na zewn\u0105trz.<\/p>\n<p>Piankowa kraw\u0119d\u017a zapewnia nie tylko komfort, ale tak\u017ce bezpiecze\u0144stwo podczas gry.<\/p>\n<p>Ty te\u017c mo\u017cesz czu\u0107 si\u0119 komfortowo na hu\u015btawce w dowolnym momencie i pozwoli\u0107 swojej duszy zwisa\u0107.<\/p>\n<\/section><\/div>\n<div class=\"item item-6\">\n<section class=\"image-item\"><img decoding=\"async\" src=\"https:\/\/upload.cdn.baselinker.com\/products\/6014502\/aa0bd03e4fa3368eb01f85465a1e693f.jpg\" \/><\/section>\n<\/p><\/div>\n<\/section>\n<section class=\"section\">\n<div class=\"item item-6\">\n<section class=\"image-item\"><img decoding=\"async\" src=\"https:\/\/upload.cdn.baselinker.com\/products\/6014502\/4ec3ff3922e0074ed2838276feebb249.jpg\" \/><\/section>\n<\/p><\/div>\n<div class=\"item item-6\">\n<section class=\"text-item\">\n<h2>Okr\u0105g\u0142a hu\u015btawka dla wielu dzieci do zabawy na \u015bwie\u017cym powietrzu<\/h2>\n<ul>\n<li>Mo\u017ce by\u0107 umieszczony na zewn\u0105trz lub wewn\u0105trz<\/li>\n<\/ul>\n<ul>\n<li>Odpowiedni dla dzieci i doros\u0142ych<\/li>\n<\/ul>\n<ul>\n<li>Z solidnymi linami o regulowanej wysoko\u015bci<\/li>\n<\/ul>\n<ul>\n<li>Wygodne siedzenie lub le\u017cenie z komfortem<\/li>\n<\/ul>\n<ul>\n<li>Szybki i \u0142atwy monta\u017c<\/li>\n<\/ul>\n<\/section><\/div>\n<\/section>\n<section class=\"section\">\n<div class=\"item item-6\">\n<section class=\"text-item\">\n<h2>Specyfikacja:<\/h2>\n<ul>\n<li>Hu\u015btawka bez lin Wys. x G\u0142\u0119b.: ok. 5,5 x 120 cm<\/li>\n<\/ul>\n<ul>\n<li>Regulowany H: ok. 80 &#8211; 150 cm<\/li>\n<\/ul>\n<ul>\n<li>Obszar do siedzenia D: ok. 94 cm<\/li>\n<\/ul>\n<ul>\n<li>\u0141adowno\u015b\u0107 do ok. 100 kg<\/li>\n<\/ul>\n<ul>\n<li>Wa\u017cy ok. 3,6 kg<\/li>\n<\/ul>\n<ul>\n<li>Wykonane ze stali, tkaniny i EVA<\/li>\n<\/ul>\n<\/section><\/div>\n<div class=\"item item-6\">\n<section class=\"image-item\"><img decoding=\"async\" src=\"https:\/\/upload.cdn.baselinker.com\/products\/6014502\/1d8bdf001e5607b8ec9a616ea5251ce7.jpg\" \/><\/section>\n<\/p><\/div>\n<\/section>\n<section class=\"section\">\n<div class=\"item item-12\">\n<section class=\"image-item\"><img decoding=\"async\" src=\"https:\/\/upload.cdn.baselinker.com\/products\/6014502\/83a58ca45c59da50d383bb6a5c702675.jpg\" \/><\/section>\n<\/p><\/div>\n<\/section>\n<section class=\"section\">\n<div class=\"item item-12\">\n<section class=\"text-item\">\n<p>5<\/p>\n<\/section><\/div>\n<\/section>","protected":false},"excerpt":{"rendered":"<p>Oferowany przedmiot renomowanej firmy Relaxdays Zabawna wisz\u0105ca hu\u015btawka dla dzieci i doros\u0142ych Ciesz si\u0119 zabaw\u0105 i grami w ogrodzie dzi\u0119ki<\/p>","protected":false},"featured_media":35325,"template":"","meta":[],"product_brand":[],"product_cat":[81,284,107],"product_tag":[],"class_list":{"0":"post-35332","1":"product","2":"type-product","3":"status-publish","4":"has-post-thumbnail","6":"product_cat-dziecko","7":"product_cat-hustawki","8":"product_cat-zabawki-ogrodowe","10":"first","11":"instock","12":"taxable","13":"shipping-taxable","14":"purchasable","15":"product-type-simple"},"yoast_head":"<!-- This site is optimized with the Yoast SEO plugin v25.7 - https:\/\/yoast.com\/wordpress\/plugins\/seo\/ -->\n<title>Relaxdays Hu\u015btawka gniazda, okr\u0105g\u0142a hu\u015btawka - Rad-Pal<\/title>\n<meta name=\"robots\" content=\"index, follow, max-snippet:-1, max-image-preview:large, max-video-preview:-1\" \/>\n<link rel=\"canonical\" href=\"https:\/\/rad-pal.com.pl\/en\/sklep\/bez-kategorii\/relaxdays-hustawka-gniazda-okragla-hustawka\/\" \/>\n<meta property=\"og:locale\" content=\"en_GB\" \/>\n<meta property=\"og:type\" content=\"article\" \/>\n<meta property=\"og:title\" content=\"Relaxdays Hu\u015btawka gniazda, okr\u0105g\u0142a hu\u015btawka - Rad-Pal\" \/>\n<meta property=\"og:description\" content=\"Oferowany przedmiot renomowanej firmy Relaxdays Zabawna wisz\u0105ca hu\u015btawka dla dzieci i doros\u0142ych Ciesz si\u0119 zabaw\u0105 i grami w ogrodzie dzi\u0119ki\" \/>\n<meta property=\"og:url\" content=\"https:\/\/rad-pal.com.pl\/en\/sklep\/bez-kategorii\/relaxdays-hustawka-gniazda-okragla-hustawka\/\" \/>\n<meta property=\"og:site_name\" content=\"Rad-Pal\" \/>\n<meta property=\"article:modified_time\" content=\"2026-02-19T17:29:04+00:00\" \/>\n<meta property=\"og:image\" content=\"https:\/\/upload.cdn.baselinker.com\/products\/6014502\/e7ae5aad0c22ab958f15d864774d7662.jpg\" \/>\n<meta name=\"twitter:card\" content=\"summary_large_image\" \/>\n<meta name=\"twitter:label1\" content=\"Estimated reading time\" \/>\n\t<meta name=\"twitter:data1\" content=\"1 minute\" \/>\n<script type=\"application\/ld+json\" class=\"yoast-schema-graph\">{\"@context\":\"https:\/\/schema.org\",\"@graph\":[{\"@type\":\"WebPage\",\"@id\":\"https:\/\/rad-pal.com.pl\/sklep\/bez-kategorii\/relaxdays-hustawka-gniazda-okragla-hustawka\/\",\"url\":\"https:\/\/rad-pal.com.pl\/sklep\/bez-kategorii\/relaxdays-hustawka-gniazda-okragla-hustawka\/\",\"name\":\"Relaxdays Hu\u015btawka gniazda, okr\u0105g\u0142a hu\u015btawka - Rad-Pal\",\"isPartOf\":{\"@id\":\"https:\/\/rad-pal.com.pl\/#website\"},\"primaryImageOfPage\":{\"@id\":\"https:\/\/rad-pal.com.pl\/sklep\/bez-kategorii\/relaxdays-hustawka-gniazda-okragla-hustawka\/#primaryimage\"},\"image\":{\"@id\":\"https:\/\/rad-pal.com.pl\/sklep\/bez-kategorii\/relaxdays-hustawka-gniazda-okragla-hustawka\/#primaryimage\"},\"thumbnailUrl\":\"https:\/\/rad-pal.com.pl\/wp-content\/uploads\/2026\/02\/2dfe934f4242fdab800c3afb10198172.jpg\",\"datePublished\":\"2026-02-19T16:46:58+00:00\",\"dateModified\":\"2026-02-19T17:29:04+00:00\",\"breadcrumb\":{\"@id\":\"https:\/\/rad-pal.com.pl\/sklep\/bez-kategorii\/relaxdays-hustawka-gniazda-okragla-hustawka\/#breadcrumb\"},\"inLanguage\":\"en-GB\",\"potentialAction\":[{\"@type\":\"ReadAction\",\"target\":[\"https:\/\/rad-pal.com.pl\/sklep\/bez-kategorii\/relaxdays-hustawka-gniazda-okragla-hustawka\/\"]}]},{\"@type\":\"ImageObject\",\"inLanguage\":\"en-GB\",\"@id\":\"https:\/\/rad-pal.com.pl\/sklep\/bez-kategorii\/relaxdays-hustawka-gniazda-okragla-hustawka\/#primaryimage\",\"url\":\"https:\/\/rad-pal.com.pl\/wp-content\/uploads\/2026\/02\/2dfe934f4242fdab800c3afb10198172.jpg\",\"contentUrl\":\"https:\/\/rad-pal.com.pl\/wp-content\/uploads\/2026\/02\/2dfe934f4242fdab800c3afb10198172.jpg\",\"width\":2560,\"height\":2560,\"caption\":\"1c950e5f78df0d1d1b896e2b11aa6fc8\"},{\"@type\":\"BreadcrumbList\",\"@id\":\"https:\/\/rad-pal.com.pl\/sklep\/bez-kategorii\/relaxdays-hustawka-gniazda-okragla-hustawka\/#breadcrumb\",\"itemListElement\":[{\"@type\":\"ListItem\",\"position\":1,\"name\":\"Strona g\u0142\u00f3wna\",\"item\":\"https:\/\/rad-pal.com.pl\/\"},{\"@type\":\"ListItem\",\"position\":2,\"name\":\"Sklep\",\"item\":\"https:\/\/rad-pal.com.pl\/sklep\/\"},{\"@type\":\"ListItem\",\"position\":3,\"name\":\"Relaxdays Hu\u015btawka gniazda, okr\u0105g\u0142a hu\u015btawka\"}]},{\"@type\":\"WebSite\",\"@id\":\"https:\/\/rad-pal.com.pl\/#website\",\"url\":\"https:\/\/rad-pal.com.pl\/\",\"name\":\"Rad-Pal\",\"description\":\"\",\"publisher\":{\"@id\":\"https:\/\/rad-pal.com.pl\/#organization\"},\"potentialAction\":[{\"@type\":\"SearchAction\",\"target\":{\"@type\":\"EntryPoint\",\"urlTemplate\":\"https:\/\/rad-pal.com.pl\/?s={search_term_string}\"},\"query-input\":{\"@type\":\"PropertyValueSpecification\",\"valueRequired\":true,\"valueName\":\"search_term_string\"}}],\"inLanguage\":\"en-GB\"},{\"@type\":\"Organization\",\"@id\":\"https:\/\/rad-pal.com.pl\/#organization\",\"name\":\"Rad-Pal\",\"url\":\"https:\/\/rad-pal.com.pl\/\",\"logo\":{\"@type\":\"ImageObject\",\"inLanguage\":\"en-GB\",\"@id\":\"https:\/\/rad-pal.com.pl\/#\/schema\/logo\/image\/\",\"url\":\"https:\/\/rad-pal.com.pl\/wp-content\/uploads\/2026\/03\/Projekt-bez-nazwy-30.webp\",\"contentUrl\":\"https:\/\/rad-pal.com.pl\/wp-content\/uploads\/2026\/03\/Projekt-bez-nazwy-30.webp\",\"width\":600,\"height\":210,\"caption\":\"Rad-Pal\"},\"image\":{\"@id\":\"https:\/\/rad-pal.com.pl\/#\/schema\/logo\/image\/\"}}]}<\/script>\n<!-- \/ Yoast SEO plugin. -->","yoast_head_json":{"title":"Relaxdays Hu\u015btawka gniazda, okr\u0105g\u0142a hu\u015btawka - Rad-Pal","robots":{"index":"index","follow":"follow","max-snippet":"max-snippet:-1","max-image-preview":"max-image-preview:large","max-video-preview":"max-video-preview:-1"},"canonical":"https:\/\/rad-pal.com.pl\/en\/sklep\/bez-kategorii\/relaxdays-hustawka-gniazda-okragla-hustawka\/","og_locale":"en_GB","og_type":"article","og_title":"Relaxdays Hu\u015btawka gniazda, okr\u0105g\u0142a hu\u015btawka - Rad-Pal","og_description":"Oferowany przedmiot renomowanej firmy Relaxdays Zabawna wisz\u0105ca hu\u015btawka dla dzieci i doros\u0142ych Ciesz si\u0119 zabaw\u0105 i grami w ogrodzie dzi\u0119ki","og_url":"https:\/\/rad-pal.com.pl\/en\/sklep\/bez-kategorii\/relaxdays-hustawka-gniazda-okragla-hustawka\/","og_site_name":"Rad-Pal","article_modified_time":"2026-02-19T17:29:04+00:00","og_image":[{"url":"https:\/\/upload.cdn.baselinker.com\/products\/6014502\/e7ae5aad0c22ab958f15d864774d7662.jpg","type":"","width":"","height":""}],"twitter_card":"summary_large_image","twitter_misc":{"Estimated reading time":"1 minute"},"schema":{"@context":"https:\/\/schema.org","@graph":[{"@type":"WebPage","@id":"https:\/\/rad-pal.com.pl\/sklep\/bez-kategorii\/relaxdays-hustawka-gniazda-okragla-hustawka\/","url":"https:\/\/rad-pal.com.pl\/sklep\/bez-kategorii\/relaxdays-hustawka-gniazda-okragla-hustawka\/","name":"Relaxdays Hu\u015btawka gniazda, okr\u0105g\u0142a hu\u015btawka - Rad-Pal","isPartOf":{"@id":"https:\/\/rad-pal.com.pl\/#website"},"primaryImageOfPage":{"@id":"https:\/\/rad-pal.com.pl\/sklep\/bez-kategorii\/relaxdays-hustawka-gniazda-okragla-hustawka\/#primaryimage"},"image":{"@id":"https:\/\/rad-pal.com.pl\/sklep\/bez-kategorii\/relaxdays-hustawka-gniazda-okragla-hustawka\/#primaryimage"},"thumbnailUrl":"https:\/\/rad-pal.com.pl\/wp-content\/uploads\/2026\/02\/2dfe934f4242fdab800c3afb10198172.jpg","datePublished":"2026-02-19T16:46:58+00:00","dateModified":"2026-02-19T17:29:04+00:00","breadcrumb":{"@id":"https:\/\/rad-pal.com.pl\/sklep\/bez-kategorii\/relaxdays-hustawka-gniazda-okragla-hustawka\/#breadcrumb"},"inLanguage":"en-GB","potentialAction":[{"@type":"ReadAction","target":["https:\/\/rad-pal.com.pl\/sklep\/bez-kategorii\/relaxdays-hustawka-gniazda-okragla-hustawka\/"]}]},{"@type":"ImageObject","inLanguage":"en-GB","@id":"https:\/\/rad-pal.com.pl\/sklep\/bez-kategorii\/relaxdays-hustawka-gniazda-okragla-hustawka\/#primaryimage","url":"https:\/\/rad-pal.com.pl\/wp-content\/uploads\/2026\/02\/2dfe934f4242fdab800c3afb10198172.jpg","contentUrl":"https:\/\/rad-pal.com.pl\/wp-content\/uploads\/2026\/02\/2dfe934f4242fdab800c3afb10198172.jpg","width":2560,"height":2560,"caption":"1c950e5f78df0d1d1b896e2b11aa6fc8"},{"@type":"BreadcrumbList","@id":"https:\/\/rad-pal.com.pl\/sklep\/bez-kategorii\/relaxdays-hustawka-gniazda-okragla-hustawka\/#breadcrumb","itemListElement":[{"@type":"ListItem","position":1,"name":"Strona g\u0142\u00f3wna","item":"https:\/\/rad-pal.com.pl\/"},{"@type":"ListItem","position":2,"name":"Sklep","item":"https:\/\/rad-pal.com.pl\/sklep\/"},{"@type":"ListItem","position":3,"name":"Relaxdays Hu\u015btawka gniazda, okr\u0105g\u0142a hu\u015btawka"}]},{"@type":"WebSite","@id":"https:\/\/rad-pal.com.pl\/#website","url":"https:\/\/rad-pal.com.pl\/","name":"Rad-Pal","description":"","publisher":{"@id":"https:\/\/rad-pal.com.pl\/#organization"},"potentialAction":[{"@type":"SearchAction","target":{"@type":"EntryPoint","urlTemplate":"https:\/\/rad-pal.com.pl\/?s={search_term_string}"},"query-input":{"@type":"PropertyValueSpecification","valueRequired":true,"valueName":"search_term_string"}}],"inLanguage":"en-GB"},{"@type":"Organization","@id":"https:\/\/rad-pal.com.pl\/#organization","name":"Rad-Pal","url":"https:\/\/rad-pal.com.pl\/","logo":{"@type":"ImageObject","inLanguage":"en-GB","@id":"https:\/\/rad-pal.com.pl\/#\/schema\/logo\/image\/","url":"https:\/\/rad-pal.com.pl\/wp-content\/uploads\/2026\/03\/Projekt-bez-nazwy-30.webp","contentUrl":"https:\/\/rad-pal.com.pl\/wp-content\/uploads\/2026\/03\/Projekt-bez-nazwy-30.webp","width":600,"height":210,"caption":"Rad-Pal"},"image":{"@id":"https:\/\/rad-pal.com.pl\/#\/schema\/logo\/image\/"}}]}},"_links":{"self":[{"href":"https:\/\/rad-pal.com.pl\/en\/wp-json\/wp\/v2\/product\/35332","targetHints":{"allow":["GET"]}}],"collection":[{"href":"https:\/\/rad-pal.com.pl\/en\/wp-json\/wp\/v2\/product"}],"about":[{"href":"https:\/\/rad-pal.com.pl\/en\/wp-json\/wp\/v2\/types\/product"}],"version-history":[{"count":0,"href":"https:\/\/rad-pal.com.pl\/en\/wp-json\/wp\/v2\/product\/35332\/revisions"}],"wp:featuredmedia":[{"embeddable":true,"href":"https:\/\/rad-pal.com.pl\/en\/wp-json\/wp\/v2\/media\/35325"}],"wp:attachment":[{"href":"https:\/\/rad-pal.com.pl\/en\/wp-json\/wp\/v2\/media?parent=35332"}],"wp:term":[{"taxonomy":"product_brand","embeddable":true,"href":"https:\/\/rad-pal.com.pl\/en\/wp-json\/wp\/v2\/product_brand?post=35332"},{"taxonomy":"product_cat","embeddable":true,"href":"https:\/\/rad-pal.com.pl\/en\/wp-json\/wp\/v2\/product_cat?post=35332"},{"taxonomy":"product_tag","embeddable":true,"href":"https:\/\/rad-pal.com.pl\/en\/wp-json\/wp\/v2\/product_tag?post=35332"}],"curies":[{"name":"wp","href":"https:\/\/api.w.org\/{rel}","templated":true}]}}