{"id":35450,"date":"2026-02-19T17:51:04","date_gmt":"2026-02-19T16:51:04","guid":{"rendered":"https:\/\/rad-pal.com.pl\/sklep\/bez-kategorii\/relaxdays-stozek-gliniany-do-nawadniania-zestaw-10szt\/"},"modified":"2026-02-19T18:30:19","modified_gmt":"2026-02-19T17:30:19","slug":"relaxdays-stozek-gliniany-do-nawadniania-zestaw-10szt","status":"publish","type":"product","link":"https:\/\/rad-pal.com.pl\/en\/sklep\/dom-i-ogrod\/ogrod\/nawadnianie\/systemy-nawadniajace\/nawadniacze\/relaxdays-stozek-gliniany-do-nawadniania-zestaw-10szt\/","title":{"rendered":"Relaxdays Sto\u017cek gliniany do nawadniania, zestaw 10szt"},"content":{"rendered":"<section class=\"section\">\n<div class=\"item item-6\">\n<section class=\"image-item\"><img decoding=\"async\" src=\"https:\/\/upload.cdn.baselinker.com\/products\/6014502\/98ce6093425d97acb02d35d4b7b41cb4.jpg\" \/><\/section>\n<\/p><\/div>\n<div class=\"item item-6\">\n<section class=\"text-item\">\n<h2>Producent: Relaxdays<\/h2>\n<\/section><\/div>\n<\/section>\n<section class=\"section\">\n<div class=\"item item-6\">\n<section class=\"text-item\">\n<ul>\n<li>Wygoda: 10 sto\u017ck\u00f3w glinianych do automatycznego nawadniania kwiat\u00f3w i ro\u015blin w pomieszczeniach i na zewn\u0105trz<\/li>\n<li>Praktyczny: sto\u017cek z przepuszczaj\u0105cej wod\u0119 gliny do dozowania wody \u2013 bez nadmiernego podlewania<\/li>\n<li>Bez zmartwie\u0144: ro\u015bliny przetrwaj\u0105 kilka dni bez podlewania \u2013 gliniane ko\u0144c\u00f3wki idealnie nadaj\u0105 si\u0119 na urlop, do biura i wielu innych.<\/li>\n<li>Wszechstronno\u015b\u0107: system nawadniania jako sprytna pomoc do podlewania skrzynek balkonowych, ro\u015blin doniczkowych, podwy\u017cszonych grz\u0105dek i wielu innych.<\/li>\n<\/ul>\n<\/section><\/div>\n<div class=\"item item-6\">\n<section class=\"image-item\"><img decoding=\"async\" src=\"https:\/\/upload.cdn.baselinker.com\/products\/6014502\/d384838e9dc10f856d6893e0011f1297.jpg\" \/><\/section>\n<\/p><\/div>\n<\/section>\n<section class=\"section\">\n<div class=\"item item-12\">\n<section class=\"text-item\">\n<ul>\n<li><b>waga przedmiotu<\/b>: 90 grams<\/li>\n<li><b>Nazwa modelu<\/b>: Sto\u017cek gliniany<\/li>\n<li><b>punkt znaku wypunktowania<\/b>: Wygoda: 10 sto\u017ck\u00f3w glinianych do automatycznego nawadniania kwiat\u00f3w i ro\u015blin w pomieszczeniach i na zewn\u0105trz, , Praktyczny: sto\u017cek z przepuszczaj\u0105cej wod\u0119 gliny do dozowania wody \u2013 bez nadmiernego podlewania, Bez zmartwie\u0144: ro\u015bliny przetrwaj\u0105 kilka dni bez podlewania \u2013 gliniane ko\u0144c\u00f3wki idealnie nadaj\u0105 si\u0119 na urlop, do biura i wielu innych., Wszechstronno\u015b\u0107: system nawadniania jako sprytna pomoc do podlewania skrzynek balkonowych, ro\u015blin doniczkowych, podwy\u017cszonych grz\u0105dek i wielu innych.<\/li>\n<li><b>ilo\u015b\u0107 sztuk w opakowaniu<\/b>: 1<\/li>\n<li><b>marka<\/b>: Relaxdays<\/li>\n<li><b>poziom opakowania<\/b>: unit<\/li>\n<li><b>Liczba przedmiot\u00f3w<\/b>: 1<\/li>\n<li><b>rozmiar<\/b>: Zestaw 10 szt<\/li>\n<li><b>numer cz\u0119\u015bci<\/b>: 10044822<\/li>\n<li><b>kolor<\/b>: Terrakotta<\/li>\n<li><b>nazwa typu elementu<\/b>:<\/li>\n<li><b>waga opakowania przedmiotu<\/b>: 1.08 kilograms<\/li>\n<li><b>pojemno\u015b\u0107<\/b>: 1 liters<\/li>\n<li><b>producent<\/b>: Relaxdays<\/li>\n<li><b>zewn\u0119trznie przypisany identyfikator produktu<\/b>: 4052025448226<\/li>\n<li><b>zalecane w\u0119z\u0142y przegl\u0105dania<\/b>: 26955779031, 20855109031<\/li>\n<li><b>numer modelu<\/b>: 10044822<\/li>\n<li><b>jest kruchy<\/b>: 1<\/li>\n<li><b>nazwa przedmiotu<\/b>:<\/li>\n<li><b>data uruchomienia strony produktu<\/b>: 2023-02-09T21:27:35.974Z<\/li>\n<li><b>materia\u0142<\/b>: Ceramika<\/li>\n<\/ul>\n<\/section><\/div>\n<\/section>\n<section class=\"section\">\n<div class=\"item item-6\">\n<section class=\"image-item\"><img decoding=\"async\" src=\"https:\/\/upload.cdn.baselinker.com\/products\/6014502\/5ed7f84fa1b9c82129b2174a5b0d5a5e.jpg\" \/><\/section>\n<\/p><\/div>\n<div class=\"item item-6\">\n<section class=\"image-item\"><img decoding=\"async\" src=\"https:\/\/upload.cdn.baselinker.com\/products\/6014502\/bffffe756350ce0bcf330b889707fed9.jpg\" \/><\/section>\n<\/p><\/div>\n<\/section>\n<section class=\"section\">\n<div class=\"item item-6\">\n<section class=\"image-item\"><img decoding=\"async\" src=\"https:\/\/upload.cdn.baselinker.com\/products\/6014502\/564167696944db5502970023d3dc2242.jpg\" \/><\/section>\n<\/p><\/div>\n<div class=\"item item-6\">\n<section class=\"image-item\"><img decoding=\"async\" src=\"https:\/\/upload.cdn.baselinker.com\/products\/6014502\/3217a8b190b64d0b6a35f4fa0b615c6d.jpg\" \/><\/section>\n<\/p><\/div>\n<\/section>\n<section class=\"section\">\n<div class=\"item item-12\">\n<section class=\"text-item\">\n<p>4<\/p>\n<\/section><\/div>\n<\/section>","protected":false},"excerpt":{"rendered":"<p>Producent: Relaxdays Wygoda: 10 sto\u017ck\u00f3w glinianych do automatycznego nawadniania kwiat\u00f3w i ro\u015blin w pomieszczeniach i na zewn\u0105trz Praktyczny: sto\u017cek z<\/p>","protected":false},"featured_media":35444,"template":"","meta":[],"product_brand":[],"product_cat":[86,277,145,111,146],"product_tag":[],"class_list":{"0":"post-35450","1":"product","2":"type-product","3":"status-publish","4":"has-post-thumbnail","6":"product_cat-dom-i-ogrod","7":"product_cat-nawadniacze","8":"product_cat-nawadnianie","9":"product_cat-ogrod","10":"product_cat-systemy-nawadniajace","12":"first","13":"instock","14":"taxable","15":"shipping-taxable","16":"purchasable","17":"product-type-simple"},"yoast_head":"<!-- This site is optimized with the Yoast SEO plugin v25.7 - https:\/\/yoast.com\/wordpress\/plugins\/seo\/ -->\n<title>Relaxdays Sto\u017cek gliniany do nawadniania, zestaw 10szt - Rad-Pal<\/title>\n<meta name=\"robots\" content=\"index, follow, max-snippet:-1, max-image-preview:large, max-video-preview:-1\" \/>\n<link rel=\"canonical\" href=\"https:\/\/rad-pal.com.pl\/en\/sklep\/bez-kategorii\/relaxdays-stozek-gliniany-do-nawadniania-zestaw-10szt\/\" \/>\n<meta property=\"og:locale\" content=\"en_GB\" \/>\n<meta property=\"og:type\" content=\"article\" \/>\n<meta property=\"og:title\" content=\"Relaxdays Sto\u017cek gliniany do nawadniania, zestaw 10szt - Rad-Pal\" \/>\n<meta property=\"og:description\" content=\"Producent: Relaxdays Wygoda: 10 sto\u017ck\u00f3w glinianych do automatycznego nawadniania kwiat\u00f3w i ro\u015blin w pomieszczeniach i na zewn\u0105trz Praktyczny: sto\u017cek z\" \/>\n<meta property=\"og:url\" content=\"https:\/\/rad-pal.com.pl\/en\/sklep\/bez-kategorii\/relaxdays-stozek-gliniany-do-nawadniania-zestaw-10szt\/\" \/>\n<meta property=\"og:site_name\" content=\"Rad-Pal\" \/>\n<meta property=\"article:modified_time\" content=\"2026-02-19T17:30:19+00:00\" \/>\n<meta property=\"og:image\" content=\"https:\/\/upload.cdn.baselinker.com\/products\/6014502\/98ce6093425d97acb02d35d4b7b41cb4.jpg\" \/>\n<meta name=\"twitter:card\" content=\"summary_large_image\" \/>\n<meta name=\"twitter:label1\" content=\"Estimated reading time\" \/>\n\t<meta name=\"twitter:data1\" content=\"1 minute\" \/>\n<script type=\"application\/ld+json\" class=\"yoast-schema-graph\">{\"@context\":\"https:\/\/schema.org\",\"@graph\":[{\"@type\":\"WebPage\",\"@id\":\"https:\/\/rad-pal.com.pl\/sklep\/bez-kategorii\/relaxdays-stozek-gliniany-do-nawadniania-zestaw-10szt\/\",\"url\":\"https:\/\/rad-pal.com.pl\/sklep\/bez-kategorii\/relaxdays-stozek-gliniany-do-nawadniania-zestaw-10szt\/\",\"name\":\"Relaxdays Sto\u017cek gliniany do nawadniania, zestaw 10szt - Rad-Pal\",\"isPartOf\":{\"@id\":\"https:\/\/rad-pal.com.pl\/#website\"},\"primaryImageOfPage\":{\"@id\":\"https:\/\/rad-pal.com.pl\/sklep\/bez-kategorii\/relaxdays-stozek-gliniany-do-nawadniania-zestaw-10szt\/#primaryimage\"},\"image\":{\"@id\":\"https:\/\/rad-pal.com.pl\/sklep\/bez-kategorii\/relaxdays-stozek-gliniany-do-nawadniania-zestaw-10szt\/#primaryimage\"},\"thumbnailUrl\":\"https:\/\/rad-pal.com.pl\/wp-content\/uploads\/2026\/02\/98ce6093425d97acb02d35d4b7b41cb4.jpg\",\"datePublished\":\"2026-02-19T16:51:04+00:00\",\"dateModified\":\"2026-02-19T17:30:19+00:00\",\"breadcrumb\":{\"@id\":\"https:\/\/rad-pal.com.pl\/sklep\/bez-kategorii\/relaxdays-stozek-gliniany-do-nawadniania-zestaw-10szt\/#breadcrumb\"},\"inLanguage\":\"en-GB\",\"potentialAction\":[{\"@type\":\"ReadAction\",\"target\":[\"https:\/\/rad-pal.com.pl\/sklep\/bez-kategorii\/relaxdays-stozek-gliniany-do-nawadniania-zestaw-10szt\/\"]}]},{\"@type\":\"ImageObject\",\"inLanguage\":\"en-GB\",\"@id\":\"https:\/\/rad-pal.com.pl\/sklep\/bez-kategorii\/relaxdays-stozek-gliniany-do-nawadniania-zestaw-10szt\/#primaryimage\",\"url\":\"https:\/\/rad-pal.com.pl\/wp-content\/uploads\/2026\/02\/98ce6093425d97acb02d35d4b7b41cb4.jpg\",\"contentUrl\":\"https:\/\/rad-pal.com.pl\/wp-content\/uploads\/2026\/02\/98ce6093425d97acb02d35d4b7b41cb4.jpg\",\"width\":2560,\"height\":2560,\"caption\":\"c64410c5f193bf1d5512ab832bcfc866\"},{\"@type\":\"BreadcrumbList\",\"@id\":\"https:\/\/rad-pal.com.pl\/sklep\/bez-kategorii\/relaxdays-stozek-gliniany-do-nawadniania-zestaw-10szt\/#breadcrumb\",\"itemListElement\":[{\"@type\":\"ListItem\",\"position\":1,\"name\":\"Strona g\u0142\u00f3wna\",\"item\":\"https:\/\/rad-pal.com.pl\/\"},{\"@type\":\"ListItem\",\"position\":2,\"name\":\"Sklep\",\"item\":\"https:\/\/rad-pal.com.pl\/sklep\/\"},{\"@type\":\"ListItem\",\"position\":3,\"name\":\"Relaxdays Sto\u017cek gliniany do nawadniania, zestaw 10szt\"}]},{\"@type\":\"WebSite\",\"@id\":\"https:\/\/rad-pal.com.pl\/#website\",\"url\":\"https:\/\/rad-pal.com.pl\/\",\"name\":\"Rad-Pal\",\"description\":\"\",\"publisher\":{\"@id\":\"https:\/\/rad-pal.com.pl\/#organization\"},\"potentialAction\":[{\"@type\":\"SearchAction\",\"target\":{\"@type\":\"EntryPoint\",\"urlTemplate\":\"https:\/\/rad-pal.com.pl\/?s={search_term_string}\"},\"query-input\":{\"@type\":\"PropertyValueSpecification\",\"valueRequired\":true,\"valueName\":\"search_term_string\"}}],\"inLanguage\":\"en-GB\"},{\"@type\":\"Organization\",\"@id\":\"https:\/\/rad-pal.com.pl\/#organization\",\"name\":\"Rad-Pal\",\"url\":\"https:\/\/rad-pal.com.pl\/\",\"logo\":{\"@type\":\"ImageObject\",\"inLanguage\":\"en-GB\",\"@id\":\"https:\/\/rad-pal.com.pl\/#\/schema\/logo\/image\/\",\"url\":\"https:\/\/rad-pal.com.pl\/wp-content\/uploads\/2026\/03\/Projekt-bez-nazwy-30.webp\",\"contentUrl\":\"https:\/\/rad-pal.com.pl\/wp-content\/uploads\/2026\/03\/Projekt-bez-nazwy-30.webp\",\"width\":600,\"height\":210,\"caption\":\"Rad-Pal\"},\"image\":{\"@id\":\"https:\/\/rad-pal.com.pl\/#\/schema\/logo\/image\/\"}}]}<\/script>\n<!-- \/ Yoast SEO plugin. -->","yoast_head_json":{"title":"Relaxdays Sto\u017cek gliniany do nawadniania, zestaw 10szt - Rad-Pal","robots":{"index":"index","follow":"follow","max-snippet":"max-snippet:-1","max-image-preview":"max-image-preview:large","max-video-preview":"max-video-preview:-1"},"canonical":"https:\/\/rad-pal.com.pl\/en\/sklep\/bez-kategorii\/relaxdays-stozek-gliniany-do-nawadniania-zestaw-10szt\/","og_locale":"en_GB","og_type":"article","og_title":"Relaxdays Sto\u017cek gliniany do nawadniania, zestaw 10szt - Rad-Pal","og_description":"Producent: Relaxdays Wygoda: 10 sto\u017ck\u00f3w glinianych do automatycznego nawadniania kwiat\u00f3w i ro\u015blin w pomieszczeniach i na zewn\u0105trz Praktyczny: sto\u017cek z","og_url":"https:\/\/rad-pal.com.pl\/en\/sklep\/bez-kategorii\/relaxdays-stozek-gliniany-do-nawadniania-zestaw-10szt\/","og_site_name":"Rad-Pal","article_modified_time":"2026-02-19T17:30:19+00:00","og_image":[{"url":"https:\/\/upload.cdn.baselinker.com\/products\/6014502\/98ce6093425d97acb02d35d4b7b41cb4.jpg","type":"","width":"","height":""}],"twitter_card":"summary_large_image","twitter_misc":{"Estimated reading time":"1 minute"},"schema":{"@context":"https:\/\/schema.org","@graph":[{"@type":"WebPage","@id":"https:\/\/rad-pal.com.pl\/sklep\/bez-kategorii\/relaxdays-stozek-gliniany-do-nawadniania-zestaw-10szt\/","url":"https:\/\/rad-pal.com.pl\/sklep\/bez-kategorii\/relaxdays-stozek-gliniany-do-nawadniania-zestaw-10szt\/","name":"Relaxdays Sto\u017cek gliniany do nawadniania, zestaw 10szt - Rad-Pal","isPartOf":{"@id":"https:\/\/rad-pal.com.pl\/#website"},"primaryImageOfPage":{"@id":"https:\/\/rad-pal.com.pl\/sklep\/bez-kategorii\/relaxdays-stozek-gliniany-do-nawadniania-zestaw-10szt\/#primaryimage"},"image":{"@id":"https:\/\/rad-pal.com.pl\/sklep\/bez-kategorii\/relaxdays-stozek-gliniany-do-nawadniania-zestaw-10szt\/#primaryimage"},"thumbnailUrl":"https:\/\/rad-pal.com.pl\/wp-content\/uploads\/2026\/02\/98ce6093425d97acb02d35d4b7b41cb4.jpg","datePublished":"2026-02-19T16:51:04+00:00","dateModified":"2026-02-19T17:30:19+00:00","breadcrumb":{"@id":"https:\/\/rad-pal.com.pl\/sklep\/bez-kategorii\/relaxdays-stozek-gliniany-do-nawadniania-zestaw-10szt\/#breadcrumb"},"inLanguage":"en-GB","potentialAction":[{"@type":"ReadAction","target":["https:\/\/rad-pal.com.pl\/sklep\/bez-kategorii\/relaxdays-stozek-gliniany-do-nawadniania-zestaw-10szt\/"]}]},{"@type":"ImageObject","inLanguage":"en-GB","@id":"https:\/\/rad-pal.com.pl\/sklep\/bez-kategorii\/relaxdays-stozek-gliniany-do-nawadniania-zestaw-10szt\/#primaryimage","url":"https:\/\/rad-pal.com.pl\/wp-content\/uploads\/2026\/02\/98ce6093425d97acb02d35d4b7b41cb4.jpg","contentUrl":"https:\/\/rad-pal.com.pl\/wp-content\/uploads\/2026\/02\/98ce6093425d97acb02d35d4b7b41cb4.jpg","width":2560,"height":2560,"caption":"c64410c5f193bf1d5512ab832bcfc866"},{"@type":"BreadcrumbList","@id":"https:\/\/rad-pal.com.pl\/sklep\/bez-kategorii\/relaxdays-stozek-gliniany-do-nawadniania-zestaw-10szt\/#breadcrumb","itemListElement":[{"@type":"ListItem","position":1,"name":"Strona g\u0142\u00f3wna","item":"https:\/\/rad-pal.com.pl\/"},{"@type":"ListItem","position":2,"name":"Sklep","item":"https:\/\/rad-pal.com.pl\/sklep\/"},{"@type":"ListItem","position":3,"name":"Relaxdays Sto\u017cek gliniany do nawadniania, zestaw 10szt"}]},{"@type":"WebSite","@id":"https:\/\/rad-pal.com.pl\/#website","url":"https:\/\/rad-pal.com.pl\/","name":"Rad-Pal","description":"","publisher":{"@id":"https:\/\/rad-pal.com.pl\/#organization"},"potentialAction":[{"@type":"SearchAction","target":{"@type":"EntryPoint","urlTemplate":"https:\/\/rad-pal.com.pl\/?s={search_term_string}"},"query-input":{"@type":"PropertyValueSpecification","valueRequired":true,"valueName":"search_term_string"}}],"inLanguage":"en-GB"},{"@type":"Organization","@id":"https:\/\/rad-pal.com.pl\/#organization","name":"Rad-Pal","url":"https:\/\/rad-pal.com.pl\/","logo":{"@type":"ImageObject","inLanguage":"en-GB","@id":"https:\/\/rad-pal.com.pl\/#\/schema\/logo\/image\/","url":"https:\/\/rad-pal.com.pl\/wp-content\/uploads\/2026\/03\/Projekt-bez-nazwy-30.webp","contentUrl":"https:\/\/rad-pal.com.pl\/wp-content\/uploads\/2026\/03\/Projekt-bez-nazwy-30.webp","width":600,"height":210,"caption":"Rad-Pal"},"image":{"@id":"https:\/\/rad-pal.com.pl\/#\/schema\/logo\/image\/"}}]}},"_links":{"self":[{"href":"https:\/\/rad-pal.com.pl\/en\/wp-json\/wp\/v2\/product\/35450","targetHints":{"allow":["GET"]}}],"collection":[{"href":"https:\/\/rad-pal.com.pl\/en\/wp-json\/wp\/v2\/product"}],"about":[{"href":"https:\/\/rad-pal.com.pl\/en\/wp-json\/wp\/v2\/types\/product"}],"version-history":[{"count":0,"href":"https:\/\/rad-pal.com.pl\/en\/wp-json\/wp\/v2\/product\/35450\/revisions"}],"wp:featuredmedia":[{"embeddable":true,"href":"https:\/\/rad-pal.com.pl\/en\/wp-json\/wp\/v2\/media\/35444"}],"wp:attachment":[{"href":"https:\/\/rad-pal.com.pl\/en\/wp-json\/wp\/v2\/media?parent=35450"}],"wp:term":[{"taxonomy":"product_brand","embeddable":true,"href":"https:\/\/rad-pal.com.pl\/en\/wp-json\/wp\/v2\/product_brand?post=35450"},{"taxonomy":"product_cat","embeddable":true,"href":"https:\/\/rad-pal.com.pl\/en\/wp-json\/wp\/v2\/product_cat?post=35450"},{"taxonomy":"product_tag","embeddable":true,"href":"https:\/\/rad-pal.com.pl\/en\/wp-json\/wp\/v2\/product_tag?post=35450"}],"curies":[{"name":"wp","href":"https:\/\/api.w.org\/{rel}","templated":true}]}}