{"id":35457,"date":"2026-02-19T17:51:16","date_gmt":"2026-02-19T16:51:16","guid":{"rendered":"https:\/\/rad-pal.com.pl\/sklep\/bez-kategorii\/lusterko-stojace-bialy-relaxdays\/"},"modified":"2026-02-19T18:30:25","modified_gmt":"2026-02-19T17:30:25","slug":"lusterko-stojace-bialy-relaxdays","status":"publish","type":"product","link":"https:\/\/rad-pal.com.pl\/en\/sklep\/uroda\/makijaz\/pedzle-i-akcesoria\/lusterka\/lusterko-stojace-bialy-relaxdays\/","title":{"rendered":"Lusterko stoj\u0105ce bia\u0142y Relaxdays"},"content":{"rendered":"<section class=\"section\">\n<div class=\"item item-12\">\n<section class=\"text-item\">\n<h1>Bambusowa toaletka do makija\u017cu z lustrem<\/h1>\n<ul>\n<li><b>Obrotowe lustro<\/b><\/li>\n<li><b>Po\u0142\u0105czenie naturalnego drewna z biel\u0105<\/b><\/li>\n<li><b>Miejsce na kosmetyki<\/b><\/li>\n<li><b>Nowoczesny design<\/b><\/li>\n<li><b>Wykonane z bambusa i MDF<\/b><\/li>\n<\/ul>\n<h2>Lusterko kosmetyczne z schowkiem<\/h2>\n<p><b>Ten produkt jest lustrem i pojemnikiem na kosmetyki w jednym. Na du\u017cej powierzchni lustra widzisz wszystkie szczeg\u00f3\u0142y podczas stosowania makija\u017cu lub piel\u0119gnacji twarzy.&nbsp;Zawsze masz niezb\u0119dne kosmetyki w schowku na wyci\u0105gni\u0119cie r\u0119ki.&nbsp;Obr\u00f3\u0107 powierzchni\u0119 lustra, aby dostosowa\u0107 k\u0105t widzenia.&nbsp;Prosta konstrukcja uchwytu z naturalnego bambusowego i p\u00f3\u0142ki oraz ramy MDF w kolorze bia\u0142ym sprawiaj\u0105, \u017ce \u200b\u200bjest to bardzo atrakcyjny wizualnie produkt idealny do zastosowania w \u0142azience, sypialni lub garderobie.<\/b><\/p>\n<\/section><\/div>\n<\/section>\n<section class=\"section\">\n<div class=\"item item-6\">\n<section class=\"text-item\">\n<ul>\n<li><b>Wymiary ca\u0142kowite: ok. 57 x 43 x 22 cm<\/b><\/li>\n<li><b>\u00d8 powierzchni lustra: ok. 32,5 cm<\/b><\/li>\n<li><b>Wewn\u0119trzne wymiary p\u00f3\u0142ki: ok. 3 x 37,5 x 19,5 cm<\/b><\/li>\n<li><b>Waga oko\u0142o 2,9 kg<\/b><\/li>\n<li><b>Wykonane z bambusa, szk\u0142a i MDF<\/b><\/li>\n<li><b>W naturalnym kolorze drewna i bieli<\/b><\/li>\n<li><b>Elastycznie obracane lustro dla r\u00f3\u017cnych k\u0105t\u00f3w widzenia<\/b><\/li>\n<li><b>Du\u017ca powierzchnia lustra dla wygody u\u017cytkowania<\/b><\/li>\n<li><b>Szybka konfiguracja &#8211; bez wiercenia lub przyklejania do \u015bciany<\/b><\/li>\n<li><b>Z tac\u0105 na kosmetyki, akcesoria do makija\u017cu, bi\u017cuteri\u0119 itp.<\/b><\/li>\n<li><b>Stabilne dzi\u0119ki du\u017cej podstawie<\/b><\/li>\n<\/ul>\n<p>nr produktu R251<\/p>\n<\/section><\/div>\n<div class=\"item item-6\">\n<section class=\"image-item\"><img decoding=\"async\" src=\"https:\/\/upload.cdn.baselinker.com\/products\/6014502\/fcf257bf4acb582451bf24e2cf1cbe7d.jpg\" \/><\/section>\n<\/p><\/div>\n<\/section>\n<section class=\"section\">\n<div class=\"item item-12\">\n<section class=\"image-item\"><img decoding=\"async\" src=\"https:\/\/upload.cdn.baselinker.com\/products\/6014502\/ca8250b9a63b82afe99aedf99aa689e4.jpg\" \/><\/section>\n<\/p><\/div>\n<\/section>\n<section class=\"section\">\n<div class=\"item item-12\">\n<section class=\"image-item\"><img decoding=\"async\" src=\"https:\/\/upload.cdn.baselinker.com\/products\/6014502\/9be7c4ce6771a7e30d7572316db313f3.jpg\" \/><\/section>\n<\/p><\/div>\n<\/section>\n<section class=\"section\">\n<div class=\"item item-12\">\n<section class=\"text-item\">\n<p>4<\/p>\n<\/section><\/div>\n<\/section>","protected":false},"excerpt":{"rendered":"<p>Bambusowa toaletka do makija\u017cu z lustrem Obrotowe lustro Po\u0142\u0105czenie naturalnego drewna z biel\u0105 Miejsce na kosmetyki Nowoczesny design Wykonane z<\/p>","protected":false},"featured_media":35451,"template":"","meta":[],"product_brand":[],"product_cat":[518,516,517,515],"product_tag":[],"class_list":{"0":"post-35457","1":"product","2":"type-product","3":"status-publish","4":"has-post-thumbnail","6":"product_cat-lusterka","7":"product_cat-makijaz","8":"product_cat-pedzle-i-akcesoria","9":"product_cat-uroda","11":"first","12":"instock","13":"taxable","14":"shipping-taxable","15":"purchasable","16":"product-type-simple"},"yoast_head":"<!-- This site is optimized with the Yoast SEO plugin v25.7 - https:\/\/yoast.com\/wordpress\/plugins\/seo\/ -->\n<title>Lusterko stoj\u0105ce bia\u0142y Relaxdays - Rad-Pal<\/title>\n<meta name=\"robots\" content=\"index, follow, max-snippet:-1, max-image-preview:large, max-video-preview:-1\" \/>\n<link rel=\"canonical\" href=\"https:\/\/rad-pal.com.pl\/en\/sklep\/bez-kategorii\/lusterko-stojace-bialy-relaxdays\/\" \/>\n<meta property=\"og:locale\" content=\"en_GB\" \/>\n<meta property=\"og:type\" content=\"article\" \/>\n<meta property=\"og:title\" content=\"Lusterko stoj\u0105ce bia\u0142y Relaxdays - Rad-Pal\" \/>\n<meta property=\"og:description\" content=\"Bambusowa toaletka do makija\u017cu z lustrem Obrotowe lustro Po\u0142\u0105czenie naturalnego drewna z biel\u0105 Miejsce na kosmetyki Nowoczesny design Wykonane z\" \/>\n<meta property=\"og:url\" content=\"https:\/\/rad-pal.com.pl\/en\/sklep\/bez-kategorii\/lusterko-stojace-bialy-relaxdays\/\" \/>\n<meta property=\"og:site_name\" content=\"Rad-Pal\" \/>\n<meta property=\"article:modified_time\" content=\"2026-02-19T17:30:25+00:00\" \/>\n<meta property=\"og:image\" content=\"https:\/\/upload.cdn.baselinker.com\/products\/6014502\/fcf257bf4acb582451bf24e2cf1cbe7d.jpg\" \/>\n<meta name=\"twitter:card\" content=\"summary_large_image\" \/>\n<meta name=\"twitter:label1\" content=\"Estimated reading time\" \/>\n\t<meta name=\"twitter:data1\" content=\"1 minute\" \/>\n<script type=\"application\/ld+json\" class=\"yoast-schema-graph\">{\"@context\":\"https:\/\/schema.org\",\"@graph\":[{\"@type\":\"WebPage\",\"@id\":\"https:\/\/rad-pal.com.pl\/sklep\/bez-kategorii\/lusterko-stojace-bialy-relaxdays\/\",\"url\":\"https:\/\/rad-pal.com.pl\/sklep\/bez-kategorii\/lusterko-stojace-bialy-relaxdays\/\",\"name\":\"Lusterko stoj\u0105ce bia\u0142y Relaxdays - Rad-Pal\",\"isPartOf\":{\"@id\":\"https:\/\/rad-pal.com.pl\/#website\"},\"primaryImageOfPage\":{\"@id\":\"https:\/\/rad-pal.com.pl\/sklep\/bez-kategorii\/lusterko-stojace-bialy-relaxdays\/#primaryimage\"},\"image\":{\"@id\":\"https:\/\/rad-pal.com.pl\/sklep\/bez-kategorii\/lusterko-stojace-bialy-relaxdays\/#primaryimage\"},\"thumbnailUrl\":\"https:\/\/rad-pal.com.pl\/wp-content\/uploads\/2026\/02\/fcf257bf4acb582451bf24e2cf1cbe7d.jpg\",\"datePublished\":\"2026-02-19T16:51:16+00:00\",\"dateModified\":\"2026-02-19T17:30:25+00:00\",\"breadcrumb\":{\"@id\":\"https:\/\/rad-pal.com.pl\/sklep\/bez-kategorii\/lusterko-stojace-bialy-relaxdays\/#breadcrumb\"},\"inLanguage\":\"en-GB\",\"potentialAction\":[{\"@type\":\"ReadAction\",\"target\":[\"https:\/\/rad-pal.com.pl\/sklep\/bez-kategorii\/lusterko-stojace-bialy-relaxdays\/\"]}]},{\"@type\":\"ImageObject\",\"inLanguage\":\"en-GB\",\"@id\":\"https:\/\/rad-pal.com.pl\/sklep\/bez-kategorii\/lusterko-stojace-bialy-relaxdays\/#primaryimage\",\"url\":\"https:\/\/rad-pal.com.pl\/wp-content\/uploads\/2026\/02\/fcf257bf4acb582451bf24e2cf1cbe7d.jpg\",\"contentUrl\":\"https:\/\/rad-pal.com.pl\/wp-content\/uploads\/2026\/02\/fcf257bf4acb582451bf24e2cf1cbe7d.jpg\",\"width\":2233,\"height\":2151,\"caption\":\"ba8192596a068a4c57f0ea166ff529d2\"},{\"@type\":\"BreadcrumbList\",\"@id\":\"https:\/\/rad-pal.com.pl\/sklep\/bez-kategorii\/lusterko-stojace-bialy-relaxdays\/#breadcrumb\",\"itemListElement\":[{\"@type\":\"ListItem\",\"position\":1,\"name\":\"Strona g\u0142\u00f3wna\",\"item\":\"https:\/\/rad-pal.com.pl\/\"},{\"@type\":\"ListItem\",\"position\":2,\"name\":\"Sklep\",\"item\":\"https:\/\/rad-pal.com.pl\/sklep\/\"},{\"@type\":\"ListItem\",\"position\":3,\"name\":\"Lusterko stoj\u0105ce bia\u0142y Relaxdays\"}]},{\"@type\":\"WebSite\",\"@id\":\"https:\/\/rad-pal.com.pl\/#website\",\"url\":\"https:\/\/rad-pal.com.pl\/\",\"name\":\"Rad-Pal\",\"description\":\"\",\"publisher\":{\"@id\":\"https:\/\/rad-pal.com.pl\/#organization\"},\"potentialAction\":[{\"@type\":\"SearchAction\",\"target\":{\"@type\":\"EntryPoint\",\"urlTemplate\":\"https:\/\/rad-pal.com.pl\/?s={search_term_string}\"},\"query-input\":{\"@type\":\"PropertyValueSpecification\",\"valueRequired\":true,\"valueName\":\"search_term_string\"}}],\"inLanguage\":\"en-GB\"},{\"@type\":\"Organization\",\"@id\":\"https:\/\/rad-pal.com.pl\/#organization\",\"name\":\"Rad-Pal\",\"url\":\"https:\/\/rad-pal.com.pl\/\",\"logo\":{\"@type\":\"ImageObject\",\"inLanguage\":\"en-GB\",\"@id\":\"https:\/\/rad-pal.com.pl\/#\/schema\/logo\/image\/\",\"url\":\"https:\/\/rad-pal.com.pl\/wp-content\/uploads\/2026\/03\/Projekt-bez-nazwy-30.webp\",\"contentUrl\":\"https:\/\/rad-pal.com.pl\/wp-content\/uploads\/2026\/03\/Projekt-bez-nazwy-30.webp\",\"width\":600,\"height\":210,\"caption\":\"Rad-Pal\"},\"image\":{\"@id\":\"https:\/\/rad-pal.com.pl\/#\/schema\/logo\/image\/\"}}]}<\/script>\n<!-- \/ Yoast SEO plugin. -->","yoast_head_json":{"title":"Lusterko stoj\u0105ce bia\u0142y Relaxdays - Rad-Pal","robots":{"index":"index","follow":"follow","max-snippet":"max-snippet:-1","max-image-preview":"max-image-preview:large","max-video-preview":"max-video-preview:-1"},"canonical":"https:\/\/rad-pal.com.pl\/en\/sklep\/bez-kategorii\/lusterko-stojace-bialy-relaxdays\/","og_locale":"en_GB","og_type":"article","og_title":"Lusterko stoj\u0105ce bia\u0142y Relaxdays - Rad-Pal","og_description":"Bambusowa toaletka do makija\u017cu z lustrem Obrotowe lustro Po\u0142\u0105czenie naturalnego drewna z biel\u0105 Miejsce na kosmetyki Nowoczesny design Wykonane z","og_url":"https:\/\/rad-pal.com.pl\/en\/sklep\/bez-kategorii\/lusterko-stojace-bialy-relaxdays\/","og_site_name":"Rad-Pal","article_modified_time":"2026-02-19T17:30:25+00:00","og_image":[{"url":"https:\/\/upload.cdn.baselinker.com\/products\/6014502\/fcf257bf4acb582451bf24e2cf1cbe7d.jpg","type":"","width":"","height":""}],"twitter_card":"summary_large_image","twitter_misc":{"Estimated reading time":"1 minute"},"schema":{"@context":"https:\/\/schema.org","@graph":[{"@type":"WebPage","@id":"https:\/\/rad-pal.com.pl\/sklep\/bez-kategorii\/lusterko-stojace-bialy-relaxdays\/","url":"https:\/\/rad-pal.com.pl\/sklep\/bez-kategorii\/lusterko-stojace-bialy-relaxdays\/","name":"Lusterko stoj\u0105ce bia\u0142y Relaxdays - Rad-Pal","isPartOf":{"@id":"https:\/\/rad-pal.com.pl\/#website"},"primaryImageOfPage":{"@id":"https:\/\/rad-pal.com.pl\/sklep\/bez-kategorii\/lusterko-stojace-bialy-relaxdays\/#primaryimage"},"image":{"@id":"https:\/\/rad-pal.com.pl\/sklep\/bez-kategorii\/lusterko-stojace-bialy-relaxdays\/#primaryimage"},"thumbnailUrl":"https:\/\/rad-pal.com.pl\/wp-content\/uploads\/2026\/02\/fcf257bf4acb582451bf24e2cf1cbe7d.jpg","datePublished":"2026-02-19T16:51:16+00:00","dateModified":"2026-02-19T17:30:25+00:00","breadcrumb":{"@id":"https:\/\/rad-pal.com.pl\/sklep\/bez-kategorii\/lusterko-stojace-bialy-relaxdays\/#breadcrumb"},"inLanguage":"en-GB","potentialAction":[{"@type":"ReadAction","target":["https:\/\/rad-pal.com.pl\/sklep\/bez-kategorii\/lusterko-stojace-bialy-relaxdays\/"]}]},{"@type":"ImageObject","inLanguage":"en-GB","@id":"https:\/\/rad-pal.com.pl\/sklep\/bez-kategorii\/lusterko-stojace-bialy-relaxdays\/#primaryimage","url":"https:\/\/rad-pal.com.pl\/wp-content\/uploads\/2026\/02\/fcf257bf4acb582451bf24e2cf1cbe7d.jpg","contentUrl":"https:\/\/rad-pal.com.pl\/wp-content\/uploads\/2026\/02\/fcf257bf4acb582451bf24e2cf1cbe7d.jpg","width":2233,"height":2151,"caption":"ba8192596a068a4c57f0ea166ff529d2"},{"@type":"BreadcrumbList","@id":"https:\/\/rad-pal.com.pl\/sklep\/bez-kategorii\/lusterko-stojace-bialy-relaxdays\/#breadcrumb","itemListElement":[{"@type":"ListItem","position":1,"name":"Strona g\u0142\u00f3wna","item":"https:\/\/rad-pal.com.pl\/"},{"@type":"ListItem","position":2,"name":"Sklep","item":"https:\/\/rad-pal.com.pl\/sklep\/"},{"@type":"ListItem","position":3,"name":"Lusterko stoj\u0105ce bia\u0142y Relaxdays"}]},{"@type":"WebSite","@id":"https:\/\/rad-pal.com.pl\/#website","url":"https:\/\/rad-pal.com.pl\/","name":"Rad-Pal","description":"","publisher":{"@id":"https:\/\/rad-pal.com.pl\/#organization"},"potentialAction":[{"@type":"SearchAction","target":{"@type":"EntryPoint","urlTemplate":"https:\/\/rad-pal.com.pl\/?s={search_term_string}"},"query-input":{"@type":"PropertyValueSpecification","valueRequired":true,"valueName":"search_term_string"}}],"inLanguage":"en-GB"},{"@type":"Organization","@id":"https:\/\/rad-pal.com.pl\/#organization","name":"Rad-Pal","url":"https:\/\/rad-pal.com.pl\/","logo":{"@type":"ImageObject","inLanguage":"en-GB","@id":"https:\/\/rad-pal.com.pl\/#\/schema\/logo\/image\/","url":"https:\/\/rad-pal.com.pl\/wp-content\/uploads\/2026\/03\/Projekt-bez-nazwy-30.webp","contentUrl":"https:\/\/rad-pal.com.pl\/wp-content\/uploads\/2026\/03\/Projekt-bez-nazwy-30.webp","width":600,"height":210,"caption":"Rad-Pal"},"image":{"@id":"https:\/\/rad-pal.com.pl\/#\/schema\/logo\/image\/"}}]}},"_links":{"self":[{"href":"https:\/\/rad-pal.com.pl\/en\/wp-json\/wp\/v2\/product\/35457","targetHints":{"allow":["GET"]}}],"collection":[{"href":"https:\/\/rad-pal.com.pl\/en\/wp-json\/wp\/v2\/product"}],"about":[{"href":"https:\/\/rad-pal.com.pl\/en\/wp-json\/wp\/v2\/types\/product"}],"version-history":[{"count":0,"href":"https:\/\/rad-pal.com.pl\/en\/wp-json\/wp\/v2\/product\/35457\/revisions"}],"wp:featuredmedia":[{"embeddable":true,"href":"https:\/\/rad-pal.com.pl\/en\/wp-json\/wp\/v2\/media\/35451"}],"wp:attachment":[{"href":"https:\/\/rad-pal.com.pl\/en\/wp-json\/wp\/v2\/media?parent=35457"}],"wp:term":[{"taxonomy":"product_brand","embeddable":true,"href":"https:\/\/rad-pal.com.pl\/en\/wp-json\/wp\/v2\/product_brand?post=35457"},{"taxonomy":"product_cat","embeddable":true,"href":"https:\/\/rad-pal.com.pl\/en\/wp-json\/wp\/v2\/product_cat?post=35457"},{"taxonomy":"product_tag","embeddable":true,"href":"https:\/\/rad-pal.com.pl\/en\/wp-json\/wp\/v2\/product_tag?post=35457"}],"curies":[{"name":"wp","href":"https:\/\/api.w.org\/{rel}","templated":true}]}}