{"id":35743,"date":"2026-02-19T18:03:27","date_gmt":"2026-02-19T17:03:27","guid":{"rendered":"https:\/\/rad-pal.com.pl\/sklep\/bez-kategorii\/zestaw-3-sloikow-na-przyprawy-slodycze\/"},"modified":"2026-02-19T18:32:00","modified_gmt":"2026-02-19T17:32:00","slug":"zestaw-3-sloikow-na-przyprawy-slodycze","status":"publish","type":"product","link":"https:\/\/rad-pal.com.pl\/en\/sklep\/dom-i-ogrod\/wyposazenie\/pojemniki-na-zywnosc\/pojemniki\/zestaw-3-sloikow-na-przyprawy-slodycze\/","title":{"rendered":"ZESTAW 3 S\u0141OIK\u00d3W NA PRZYPRAWY S\u0141ODYCZE"},"content":{"rendered":"<section class=\"section\">\n<div class=\"item item-6\">\n<section class=\"image-item\"><img decoding=\"async\" src=\"https:\/\/upload.cdn.baselinker.com\/products\/6014502\/61fef366bd605e2c5a8ec97afa897fe7.jpg\" \/><\/section>\n<\/p><\/div>\n<div class=\"item item-6\">\n<section class=\"text-item\">\n<h1>ZESTAW 3 S\u0141OIK\u00d3W NA PRZYPRAWY S\u0141ODYCZE<\/h1>\n<h2>Okr\u0105g\u0142e szklane s\u0142oiki na s\u0142odycze<\/h2>\n<p>Dzi\u0119ki eleganckim pojemnikom szklanym mo\u017cesz ustawi\u0107 stylowe akcenty na blacie kuchennym lub blacie w kawiarni. Wype\u0142nione cukierkami, wyrobami cukierniczymi, \u017celami owocowymi i innymi smako\u0142ykami, s\u0142oiki z ciasteczkami przyci\u0105gaj\u0105 wzrok kolorowymi akcentami. Pokrywka ze stali nierdzewnej szczelnie zamyka pojemnik na s\u0142odycze i pozwala d\u0142u\u017cej zachowa\u0107 \u015bwie\u017co\u015b\u0107 zawarto\u015bci. Oczywi\u015bcie s\u0142oiki do przechowywania nadaj\u0105 si\u0119 r\u00f3wnie\u017c do przejrzystego przechowywania innych produkt\u00f3w spo\u017cywczych, takich jak makaron, p\u0142atki zbo\u017cowe, soczewica i inne.<\/p>\n<h2>Pojemnik na cukierki z pokrywk\u0105 ze stali nierdzewnej<\/h2>\n<ul>\n<li>Praktyczny zestaw 3 sztuk &#8211; kolorowy element przyci\u0105gaj\u0105cy wzrok<\/li>\n<li>Przechowywanie r\u00f3\u017cnych s\u0142odyczy<\/li>\n<li>R\u00f3wnie\u017c do makaron\u00f3w, soczewicy, musli i wielu innych.<\/li>\n<li>Szczelne dzi\u0119ki pokrywie z plastikowym gwintem<\/li>\n<li>Oszcz\u0119dno\u015b\u0107 miejsca i przejrzyste przechowywanie<\/li>\n<li>Szklanki w zmywarce, pokrywki czy\u015b\u0107 r\u0119cznie<\/li>\n<\/ul>\n<h2>Zestaw 3 s\u0142oik\u00f3w z cukierkami w skr\u00f3cie<\/h2>\n<ul>\n<li>Wymiary stoj\u0105ce (g\u00f3rna pokrywa) wys. x szer. x g\u0142.: ok. 16 x 16 x 11 cm<\/li>\n<li>Wymiary w pozycji le\u017c\u0105cej (przednia pokrywa) wys. x szer. x g\u0142.: ok. 15,5 x 11 x 17 cm<\/li>\n<li>Otw\u00f3r D: ok. 8 cm<\/li>\n<li>Pojemno\u015b\u0107: ok. 1,5 L<\/li>\n<li>Waga jednej szklanki: ok. 600 g<\/li>\n<li>Materia\u0142: szk\u0142o, stal nierdzewna, tworzywo PP<\/li>\n<li>Kolor: przezroczysty, srebrny<\/li>\n<\/ul>\n<\/section><\/div>\n<\/section>\n<section class=\"section\">\n<div class=\"item item-12\">\n<section class=\"image-item\"><img decoding=\"async\" src=\"https:\/\/upload.cdn.baselinker.com\/products\/6014502\/1d1305871543b1473c3307399ef07923.jpg\" \/><\/section>\n<\/p><\/div>\n<\/section>\n<section class=\"section\">\n<div class=\"item item-12\">\n<section class=\"image-item\"><img decoding=\"async\" src=\"https:\/\/upload.cdn.baselinker.com\/products\/6014502\/15eb6939f29f269f159d270a9346de9a.jpg\" \/><\/section>\n<\/p><\/div>\n<\/section>\n<section class=\"section\">\n<div class=\"item item-12\">\n<section class=\"image-item\"><img decoding=\"async\" src=\"https:\/\/upload.cdn.baselinker.com\/products\/6014502\/5055750c1432fae7b920399a18c6d16f.jpg\" \/><\/section>\n<\/p><\/div>\n<\/section>\n<section class=\"section\">\n<div class=\"item item-12\">\n<section class=\"text-item\">\n<p>2<\/p>\n<\/section><\/div>\n<\/section>","protected":false},"excerpt":{"rendered":"<p>ZESTAW 3 S\u0141OIK\u00d3W NA PRZYPRAWY S\u0141ODYCZE Okr\u0105g\u0142e szklane s\u0142oiki na s\u0142odycze Dzi\u0119ki eleganckim pojemnikom szklanym mo\u017cesz ustawi\u0107 stylowe akcenty na<\/p>","protected":false},"featured_media":35737,"template":"","meta":[],"product_brand":[],"product_cat":[86,141,140,87],"product_tag":[],"class_list":{"0":"post-35743","1":"product","2":"type-product","3":"status-publish","4":"has-post-thumbnail","6":"product_cat-dom-i-ogrod","7":"product_cat-pojemniki","8":"product_cat-pojemniki-na-zywnosc","9":"product_cat-wyposazenie","11":"first","12":"instock","13":"taxable","14":"shipping-taxable","15":"purchasable","16":"product-type-simple"},"yoast_head":"<!-- This site is optimized with the Yoast SEO plugin v25.7 - https:\/\/yoast.com\/wordpress\/plugins\/seo\/ -->\n<title>ZESTAW 3 S\u0141OIK\u00d3W NA PRZYPRAWY S\u0141ODYCZE - Rad-Pal<\/title>\n<meta name=\"robots\" content=\"index, follow, max-snippet:-1, max-image-preview:large, max-video-preview:-1\" \/>\n<link rel=\"canonical\" href=\"https:\/\/rad-pal.com.pl\/en\/sklep\/bez-kategorii\/zestaw-3-sloikow-na-przyprawy-slodycze\/\" \/>\n<meta property=\"og:locale\" content=\"en_GB\" \/>\n<meta property=\"og:type\" content=\"article\" \/>\n<meta property=\"og:title\" content=\"ZESTAW 3 S\u0141OIK\u00d3W NA PRZYPRAWY S\u0141ODYCZE - Rad-Pal\" \/>\n<meta property=\"og:description\" content=\"ZESTAW 3 S\u0141OIK\u00d3W NA PRZYPRAWY S\u0141ODYCZE Okr\u0105g\u0142e szklane s\u0142oiki na s\u0142odycze Dzi\u0119ki eleganckim pojemnikom szklanym mo\u017cesz ustawi\u0107 stylowe akcenty na\" \/>\n<meta property=\"og:url\" content=\"https:\/\/rad-pal.com.pl\/en\/sklep\/bez-kategorii\/zestaw-3-sloikow-na-przyprawy-slodycze\/\" \/>\n<meta property=\"og:site_name\" content=\"Rad-Pal\" \/>\n<meta property=\"article:modified_time\" content=\"2026-02-19T17:32:00+00:00\" \/>\n<meta property=\"og:image\" content=\"https:\/\/upload.cdn.baselinker.com\/products\/6014502\/61fef366bd605e2c5a8ec97afa897fe7.jpg\" \/>\n<meta name=\"twitter:card\" content=\"summary_large_image\" \/>\n<meta name=\"twitter:label1\" content=\"Estimated reading time\" \/>\n\t<meta name=\"twitter:data1\" content=\"1 minute\" \/>\n<script type=\"application\/ld+json\" class=\"yoast-schema-graph\">{\"@context\":\"https:\/\/schema.org\",\"@graph\":[{\"@type\":\"WebPage\",\"@id\":\"https:\/\/rad-pal.com.pl\/sklep\/bez-kategorii\/zestaw-3-sloikow-na-przyprawy-slodycze\/\",\"url\":\"https:\/\/rad-pal.com.pl\/sklep\/bez-kategorii\/zestaw-3-sloikow-na-przyprawy-slodycze\/\",\"name\":\"ZESTAW 3 S\u0141OIK\u00d3W NA PRZYPRAWY S\u0141ODYCZE - Rad-Pal\",\"isPartOf\":{\"@id\":\"https:\/\/rad-pal.com.pl\/#website\"},\"primaryImageOfPage\":{\"@id\":\"https:\/\/rad-pal.com.pl\/sklep\/bez-kategorii\/zestaw-3-sloikow-na-przyprawy-slodycze\/#primaryimage\"},\"image\":{\"@id\":\"https:\/\/rad-pal.com.pl\/sklep\/bez-kategorii\/zestaw-3-sloikow-na-przyprawy-slodycze\/#primaryimage\"},\"thumbnailUrl\":\"https:\/\/rad-pal.com.pl\/wp-content\/uploads\/2026\/02\/61fef366bd605e2c5a8ec97afa897fe7.jpg\",\"datePublished\":\"2026-02-19T17:03:27+00:00\",\"dateModified\":\"2026-02-19T17:32:00+00:00\",\"breadcrumb\":{\"@id\":\"https:\/\/rad-pal.com.pl\/sklep\/bez-kategorii\/zestaw-3-sloikow-na-przyprawy-slodycze\/#breadcrumb\"},\"inLanguage\":\"en-GB\",\"potentialAction\":[{\"@type\":\"ReadAction\",\"target\":[\"https:\/\/rad-pal.com.pl\/sklep\/bez-kategorii\/zestaw-3-sloikow-na-przyprawy-slodycze\/\"]}]},{\"@type\":\"ImageObject\",\"inLanguage\":\"en-GB\",\"@id\":\"https:\/\/rad-pal.com.pl\/sklep\/bez-kategorii\/zestaw-3-sloikow-na-przyprawy-slodycze\/#primaryimage\",\"url\":\"https:\/\/rad-pal.com.pl\/wp-content\/uploads\/2026\/02\/61fef366bd605e2c5a8ec97afa897fe7.jpg\",\"contentUrl\":\"https:\/\/rad-pal.com.pl\/wp-content\/uploads\/2026\/02\/61fef366bd605e2c5a8ec97afa897fe7.jpg\",\"width\":2048,\"height\":2048,\"caption\":\"73ba8faa59f4adf2b7eec6bfc322e8b4\"},{\"@type\":\"BreadcrumbList\",\"@id\":\"https:\/\/rad-pal.com.pl\/sklep\/bez-kategorii\/zestaw-3-sloikow-na-przyprawy-slodycze\/#breadcrumb\",\"itemListElement\":[{\"@type\":\"ListItem\",\"position\":1,\"name\":\"Strona g\u0142\u00f3wna\",\"item\":\"https:\/\/rad-pal.com.pl\/\"},{\"@type\":\"ListItem\",\"position\":2,\"name\":\"Sklep\",\"item\":\"https:\/\/rad-pal.com.pl\/sklep\/\"},{\"@type\":\"ListItem\",\"position\":3,\"name\":\"ZESTAW 3 S\u0141OIK\u00d3W NA PRZYPRAWY S\u0141ODYCZE\"}]},{\"@type\":\"WebSite\",\"@id\":\"https:\/\/rad-pal.com.pl\/#website\",\"url\":\"https:\/\/rad-pal.com.pl\/\",\"name\":\"Rad-Pal\",\"description\":\"\",\"publisher\":{\"@id\":\"https:\/\/rad-pal.com.pl\/#organization\"},\"potentialAction\":[{\"@type\":\"SearchAction\",\"target\":{\"@type\":\"EntryPoint\",\"urlTemplate\":\"https:\/\/rad-pal.com.pl\/?s={search_term_string}\"},\"query-input\":{\"@type\":\"PropertyValueSpecification\",\"valueRequired\":true,\"valueName\":\"search_term_string\"}}],\"inLanguage\":\"en-GB\"},{\"@type\":\"Organization\",\"@id\":\"https:\/\/rad-pal.com.pl\/#organization\",\"name\":\"Rad-Pal\",\"url\":\"https:\/\/rad-pal.com.pl\/\",\"logo\":{\"@type\":\"ImageObject\",\"inLanguage\":\"en-GB\",\"@id\":\"https:\/\/rad-pal.com.pl\/#\/schema\/logo\/image\/\",\"url\":\"https:\/\/rad-pal.com.pl\/wp-content\/uploads\/2026\/03\/Projekt-bez-nazwy-30.webp\",\"contentUrl\":\"https:\/\/rad-pal.com.pl\/wp-content\/uploads\/2026\/03\/Projekt-bez-nazwy-30.webp\",\"width\":600,\"height\":210,\"caption\":\"Rad-Pal\"},\"image\":{\"@id\":\"https:\/\/rad-pal.com.pl\/#\/schema\/logo\/image\/\"}}]}<\/script>\n<!-- \/ Yoast SEO plugin. -->","yoast_head_json":{"title":"ZESTAW 3 S\u0141OIK\u00d3W NA PRZYPRAWY S\u0141ODYCZE - Rad-Pal","robots":{"index":"index","follow":"follow","max-snippet":"max-snippet:-1","max-image-preview":"max-image-preview:large","max-video-preview":"max-video-preview:-1"},"canonical":"https:\/\/rad-pal.com.pl\/en\/sklep\/bez-kategorii\/zestaw-3-sloikow-na-przyprawy-slodycze\/","og_locale":"en_GB","og_type":"article","og_title":"ZESTAW 3 S\u0141OIK\u00d3W NA PRZYPRAWY S\u0141ODYCZE - Rad-Pal","og_description":"ZESTAW 3 S\u0141OIK\u00d3W NA PRZYPRAWY S\u0141ODYCZE Okr\u0105g\u0142e szklane s\u0142oiki na s\u0142odycze Dzi\u0119ki eleganckim pojemnikom szklanym mo\u017cesz ustawi\u0107 stylowe akcenty na","og_url":"https:\/\/rad-pal.com.pl\/en\/sklep\/bez-kategorii\/zestaw-3-sloikow-na-przyprawy-slodycze\/","og_site_name":"Rad-Pal","article_modified_time":"2026-02-19T17:32:00+00:00","og_image":[{"url":"https:\/\/upload.cdn.baselinker.com\/products\/6014502\/61fef366bd605e2c5a8ec97afa897fe7.jpg","type":"","width":"","height":""}],"twitter_card":"summary_large_image","twitter_misc":{"Estimated reading time":"1 minute"},"schema":{"@context":"https:\/\/schema.org","@graph":[{"@type":"WebPage","@id":"https:\/\/rad-pal.com.pl\/sklep\/bez-kategorii\/zestaw-3-sloikow-na-przyprawy-slodycze\/","url":"https:\/\/rad-pal.com.pl\/sklep\/bez-kategorii\/zestaw-3-sloikow-na-przyprawy-slodycze\/","name":"ZESTAW 3 S\u0141OIK\u00d3W NA PRZYPRAWY S\u0141ODYCZE - Rad-Pal","isPartOf":{"@id":"https:\/\/rad-pal.com.pl\/#website"},"primaryImageOfPage":{"@id":"https:\/\/rad-pal.com.pl\/sklep\/bez-kategorii\/zestaw-3-sloikow-na-przyprawy-slodycze\/#primaryimage"},"image":{"@id":"https:\/\/rad-pal.com.pl\/sklep\/bez-kategorii\/zestaw-3-sloikow-na-przyprawy-slodycze\/#primaryimage"},"thumbnailUrl":"https:\/\/rad-pal.com.pl\/wp-content\/uploads\/2026\/02\/61fef366bd605e2c5a8ec97afa897fe7.jpg","datePublished":"2026-02-19T17:03:27+00:00","dateModified":"2026-02-19T17:32:00+00:00","breadcrumb":{"@id":"https:\/\/rad-pal.com.pl\/sklep\/bez-kategorii\/zestaw-3-sloikow-na-przyprawy-slodycze\/#breadcrumb"},"inLanguage":"en-GB","potentialAction":[{"@type":"ReadAction","target":["https:\/\/rad-pal.com.pl\/sklep\/bez-kategorii\/zestaw-3-sloikow-na-przyprawy-slodycze\/"]}]},{"@type":"ImageObject","inLanguage":"en-GB","@id":"https:\/\/rad-pal.com.pl\/sklep\/bez-kategorii\/zestaw-3-sloikow-na-przyprawy-slodycze\/#primaryimage","url":"https:\/\/rad-pal.com.pl\/wp-content\/uploads\/2026\/02\/61fef366bd605e2c5a8ec97afa897fe7.jpg","contentUrl":"https:\/\/rad-pal.com.pl\/wp-content\/uploads\/2026\/02\/61fef366bd605e2c5a8ec97afa897fe7.jpg","width":2048,"height":2048,"caption":"73ba8faa59f4adf2b7eec6bfc322e8b4"},{"@type":"BreadcrumbList","@id":"https:\/\/rad-pal.com.pl\/sklep\/bez-kategorii\/zestaw-3-sloikow-na-przyprawy-slodycze\/#breadcrumb","itemListElement":[{"@type":"ListItem","position":1,"name":"Strona g\u0142\u00f3wna","item":"https:\/\/rad-pal.com.pl\/"},{"@type":"ListItem","position":2,"name":"Sklep","item":"https:\/\/rad-pal.com.pl\/sklep\/"},{"@type":"ListItem","position":3,"name":"ZESTAW 3 S\u0141OIK\u00d3W NA PRZYPRAWY S\u0141ODYCZE"}]},{"@type":"WebSite","@id":"https:\/\/rad-pal.com.pl\/#website","url":"https:\/\/rad-pal.com.pl\/","name":"Rad-Pal","description":"","publisher":{"@id":"https:\/\/rad-pal.com.pl\/#organization"},"potentialAction":[{"@type":"SearchAction","target":{"@type":"EntryPoint","urlTemplate":"https:\/\/rad-pal.com.pl\/?s={search_term_string}"},"query-input":{"@type":"PropertyValueSpecification","valueRequired":true,"valueName":"search_term_string"}}],"inLanguage":"en-GB"},{"@type":"Organization","@id":"https:\/\/rad-pal.com.pl\/#organization","name":"Rad-Pal","url":"https:\/\/rad-pal.com.pl\/","logo":{"@type":"ImageObject","inLanguage":"en-GB","@id":"https:\/\/rad-pal.com.pl\/#\/schema\/logo\/image\/","url":"https:\/\/rad-pal.com.pl\/wp-content\/uploads\/2026\/03\/Projekt-bez-nazwy-30.webp","contentUrl":"https:\/\/rad-pal.com.pl\/wp-content\/uploads\/2026\/03\/Projekt-bez-nazwy-30.webp","width":600,"height":210,"caption":"Rad-Pal"},"image":{"@id":"https:\/\/rad-pal.com.pl\/#\/schema\/logo\/image\/"}}]}},"_links":{"self":[{"href":"https:\/\/rad-pal.com.pl\/en\/wp-json\/wp\/v2\/product\/35743","targetHints":{"allow":["GET"]}}],"collection":[{"href":"https:\/\/rad-pal.com.pl\/en\/wp-json\/wp\/v2\/product"}],"about":[{"href":"https:\/\/rad-pal.com.pl\/en\/wp-json\/wp\/v2\/types\/product"}],"version-history":[{"count":0,"href":"https:\/\/rad-pal.com.pl\/en\/wp-json\/wp\/v2\/product\/35743\/revisions"}],"wp:featuredmedia":[{"embeddable":true,"href":"https:\/\/rad-pal.com.pl\/en\/wp-json\/wp\/v2\/media\/35737"}],"wp:attachment":[{"href":"https:\/\/rad-pal.com.pl\/en\/wp-json\/wp\/v2\/media?parent=35743"}],"wp:term":[{"taxonomy":"product_brand","embeddable":true,"href":"https:\/\/rad-pal.com.pl\/en\/wp-json\/wp\/v2\/product_brand?post=35743"},{"taxonomy":"product_cat","embeddable":true,"href":"https:\/\/rad-pal.com.pl\/en\/wp-json\/wp\/v2\/product_cat?post=35743"},{"taxonomy":"product_tag","embeddable":true,"href":"https:\/\/rad-pal.com.pl\/en\/wp-json\/wp\/v2\/product_tag?post=35743"}],"curies":[{"name":"wp","href":"https:\/\/api.w.org\/{rel}","templated":true}]}}