{"id":35755,"date":"2026-02-19T18:04:02","date_gmt":"2026-02-19T17:04:02","guid":{"rendered":"https:\/\/rad-pal.com.pl\/sklep\/bez-kategorii\/obrus-100-cm-x-250-cm-prostokatny\/"},"modified":"2026-02-19T18:32:10","modified_gmt":"2026-02-19T17:32:10","slug":"obrus-100-cm-x-250-cm-prostokatny","status":"publish","type":"product","link":"https:\/\/rad-pal.com.pl\/en\/sklep\/dom-i-ogrod\/wyposazenie\/tekstylia\/tekstylia-do-kuchni-i-jadalni\/obrus-100-cm-x-250-cm-prostokatny\/","title":{"rendered":"Obrus 100 cm x 250 cm prostok\u0105tny"},"content":{"rendered":"<section class=\"section\">\n<div class=\"item item-6\">\n<section class=\"text-item\">\n<h1>Zestaw namiotu piwnego niebiesko-bia\u0142y<\/h1>\n<ul>\n<li>Styl bawarski<\/li>\n<li>W kolorze bia\u0142ym i niebieskim<\/li>\n<li>Wielokrotnego u\u017cytku<\/li>\n<li>Wodoodporne<\/li>\n<li>Dekoracja imprezy<\/li>\n<\/ul>\n<\/section><\/div>\n<div class=\"item item-6\">\n<section class=\"image-item\"><img decoding=\"async\" src=\"https:\/\/upload.cdn.baselinker.com\/products\/6014502\/aa0397d6aa038d6502fac0b45116c01c.jpg\" \/><\/section>\n<\/p><\/div>\n<\/section>\n<section class=\"section\">\n<div class=\"item item-6\">\n<section class=\"text-item\">\n<h2>Zestaw namiot\u00f3w piwnych w kratk\u0119 do ogr\u00f3dk\u00f3w piwnych<\/h2>\n<p>Chcesz zorganizowa\u0107 imprez\u0119 w domu lub doda\u0107 bawarskiego akcentu do swojego przyj\u0119cia w ogrodzie?&nbsp;W takim razie ten zestaw w kolorze niebiesko-bia\u0142ym i w kratk\u0119 jest dok\u0142adnie tym, czego potrzebujesz!&nbsp;To wytrzyma\u0142e trio obejmuje obrus, 2 pokrowce na \u0142awki i jest idealne na wszystkie imprezy plenerowe.&nbsp;Pe\u0142ni zar\u00f3wno funkcj\u0119 dekoracyjn\u0105, jak i chroni meble przed p\u0142ynami, zadrapaniami i plamami. Wszystkie 3 elementy s\u0105 wykonane z wytrzyma\u0142ej w\u0142\u00f3kniny i s\u0105 wodoodporne.&nbsp;Co wi\u0119cej, mo\u017cna je \u0142atwo wyczy\u015bci\u0107 lub wytrze\u0107 i nadaj\u0105 si\u0119 do wielokrotnego u\u017cytku.<\/p>\n<\/section><\/div>\n<div class=\"item item-6\">\n<section class=\"image-item\"><img decoding=\"async\" src=\"https:\/\/upload.cdn.baselinker.com\/products\/6014502\/58d11f7369ba5b328bd287ccf65a6d18.jpg\" \/><\/section>\n<\/p><\/div>\n<\/section>\n<section class=\"section\">\n<div class=\"item item-12\">\n<section class=\"text-item\">\n<h2>Zestaw sto\u0142owy nadaj\u0105cy si\u0119 do prania i wielokrotnego u\u017cytku w stylu bawarskim<\/h2>\n<ul>\n<li>Stylowy dodatek w bawarskim stylu<\/li>\n<li>Dekoracja ogr\u00f3dk\u00f3w piwnych i przyj\u0119\u0107<\/li>\n<li>Chroni Twoje meble przed zarysowaniami i plamami<\/li>\n<li>\u0141atwe do czyszczenia<\/li>\n<li>W przeciwie\u0144stwie do innych papierowych zamiennik\u00f3w, ten zestaw nadaje si\u0119 do wielokrotnego u\u017cytku<\/li>\n<\/ul>\n<\/section><\/div>\n<\/section>\n<section class=\"section\">\n<div class=\"item item-6\">\n<section class=\"text-item\">\n<h2>Przegl\u0105d akcesori\u00f3w do zestawu namiot\u00f3w piwnych<\/h2>\n<ul>\n<li>Rozmiar obrusu szer. x g\u0142.: ok.&nbsp;100 x 250 cm<\/li>\n<li>Rozmiar pokrywy \u0142awki szer. x g\u0142.: ok.&nbsp;55x250cm<\/li>\n<li>Waga ca\u0142kowita: ok.&nbsp;0,5 kg<\/li>\n<li>W\u0142\u00f3knina<\/li>\n<li>W kolorze bia\u0142ym i niebieskim<\/li>\n<\/ul>\n<h2>Zawarte w dostawie<\/h2>\n<ul>\n<li>1 x obrus<\/li>\n<li>2 x pokrowce na \u0142awki<\/li>\n<li>Bez dekoracji<\/li>\n<\/ul>\n<\/section><\/div>\n<div class=\"item item-6\">\n<section class=\"image-item\"><img decoding=\"async\" src=\"https:\/\/upload.cdn.baselinker.com\/products\/6014502\/ed2eb079e5340c44b7112f5756ad72a9.jpg\" \/><\/section>\n<\/p><\/div>\n<\/section>\n<section class=\"section\">\n<div class=\"item item-6\">\n<section class=\"image-item\"><img decoding=\"async\" src=\"https:\/\/upload.cdn.baselinker.com\/products\/6014502\/9f791310533e43ed04ee832f92cc4b76.jpg\" \/><\/section>\n<\/p><\/div>\n<div class=\"item item-6\">\n<section class=\"image-item\"><img decoding=\"async\" src=\"https:\/\/upload.cdn.baselinker.com\/products\/6014502\/08dc32a5809b0c13024f384d03957ed5.jpg\" \/><\/section>\n<\/p><\/div>\n<\/section>\n<section class=\"section\">\n<div class=\"item item-12\">\n<section class=\"image-item\"><img decoding=\"async\" src=\"https:\/\/upload.cdn.baselinker.com\/products\/6014502\/c1e3ac346a3058fb2517493e3a38e34b.jpg\" \/><\/section>\n<\/p><\/div>\n<\/section>\n<section class=\"section\">\n<div class=\"item item-12\">\n<section class=\"text-item\">\n<p>2<\/p>\n<\/section><\/div>\n<\/section>","protected":false},"excerpt":{"rendered":"<p>Zestaw namiotu piwnego niebiesko-bia\u0142y Styl bawarski W kolorze bia\u0142ym i niebieskim Wielokrotnego u\u017cytku Wodoodporne Dekoracja imprezy Zestaw namiot\u00f3w piwnych w<\/p>","protected":false},"featured_media":35749,"template":"","meta":[],"product_brand":[],"product_cat":[86,417,477,87],"product_tag":[],"class_list":{"0":"post-35755","1":"product","2":"type-product","3":"status-publish","4":"has-post-thumbnail","6":"product_cat-dom-i-ogrod","7":"product_cat-tekstylia","8":"product_cat-tekstylia-do-kuchni-i-jadalni","9":"product_cat-wyposazenie","11":"first","12":"instock","13":"taxable","14":"shipping-taxable","15":"purchasable","16":"product-type-simple"},"yoast_head":"<!-- This site is optimized with the Yoast SEO plugin v25.7 - https:\/\/yoast.com\/wordpress\/plugins\/seo\/ -->\n<title>Obrus 100 cm x 250 cm prostok\u0105tny - Rad-Pal<\/title>\n<meta name=\"robots\" content=\"index, follow, max-snippet:-1, max-image-preview:large, max-video-preview:-1\" \/>\n<link rel=\"canonical\" href=\"https:\/\/rad-pal.com.pl\/en\/sklep\/bez-kategorii\/obrus-100-cm-x-250-cm-prostokatny\/\" \/>\n<meta property=\"og:locale\" content=\"en_GB\" \/>\n<meta property=\"og:type\" content=\"article\" \/>\n<meta property=\"og:title\" content=\"Obrus 100 cm x 250 cm prostok\u0105tny - Rad-Pal\" \/>\n<meta property=\"og:description\" content=\"Zestaw namiotu piwnego niebiesko-bia\u0142y Styl bawarski W kolorze bia\u0142ym i niebieskim Wielokrotnego u\u017cytku Wodoodporne Dekoracja imprezy Zestaw namiot\u00f3w piwnych w\" \/>\n<meta property=\"og:url\" content=\"https:\/\/rad-pal.com.pl\/en\/sklep\/bez-kategorii\/obrus-100-cm-x-250-cm-prostokatny\/\" \/>\n<meta property=\"og:site_name\" content=\"Rad-Pal\" \/>\n<meta property=\"article:modified_time\" content=\"2026-02-19T17:32:10+00:00\" \/>\n<meta property=\"og:image\" content=\"https:\/\/upload.cdn.baselinker.com\/products\/6014502\/aa0397d6aa038d6502fac0b45116c01c.jpg\" \/>\n<meta name=\"twitter:card\" content=\"summary_large_image\" \/>\n<meta name=\"twitter:label1\" content=\"Estimated reading time\" \/>\n\t<meta name=\"twitter:data1\" content=\"1 minute\" \/>\n<script type=\"application\/ld+json\" class=\"yoast-schema-graph\">{\"@context\":\"https:\/\/schema.org\",\"@graph\":[{\"@type\":\"WebPage\",\"@id\":\"https:\/\/rad-pal.com.pl\/sklep\/bez-kategorii\/obrus-100-cm-x-250-cm-prostokatny\/\",\"url\":\"https:\/\/rad-pal.com.pl\/sklep\/bez-kategorii\/obrus-100-cm-x-250-cm-prostokatny\/\",\"name\":\"Obrus 100 cm x 250 cm prostok\u0105tny - Rad-Pal\",\"isPartOf\":{\"@id\":\"https:\/\/rad-pal.com.pl\/#website\"},\"primaryImageOfPage\":{\"@id\":\"https:\/\/rad-pal.com.pl\/sklep\/bez-kategorii\/obrus-100-cm-x-250-cm-prostokatny\/#primaryimage\"},\"image\":{\"@id\":\"https:\/\/rad-pal.com.pl\/sklep\/bez-kategorii\/obrus-100-cm-x-250-cm-prostokatny\/#primaryimage\"},\"thumbnailUrl\":\"https:\/\/rad-pal.com.pl\/wp-content\/uploads\/2026\/02\/aa0397d6aa038d6502fac0b45116c01c.jpg\",\"datePublished\":\"2026-02-19T17:04:02+00:00\",\"dateModified\":\"2026-02-19T17:32:10+00:00\",\"breadcrumb\":{\"@id\":\"https:\/\/rad-pal.com.pl\/sklep\/bez-kategorii\/obrus-100-cm-x-250-cm-prostokatny\/#breadcrumb\"},\"inLanguage\":\"en-GB\",\"potentialAction\":[{\"@type\":\"ReadAction\",\"target\":[\"https:\/\/rad-pal.com.pl\/sklep\/bez-kategorii\/obrus-100-cm-x-250-cm-prostokatny\/\"]}]},{\"@type\":\"ImageObject\",\"inLanguage\":\"en-GB\",\"@id\":\"https:\/\/rad-pal.com.pl\/sklep\/bez-kategorii\/obrus-100-cm-x-250-cm-prostokatny\/#primaryimage\",\"url\":\"https:\/\/rad-pal.com.pl\/wp-content\/uploads\/2026\/02\/aa0397d6aa038d6502fac0b45116c01c.jpg\",\"contentUrl\":\"https:\/\/rad-pal.com.pl\/wp-content\/uploads\/2026\/02\/aa0397d6aa038d6502fac0b45116c01c.jpg\",\"width\":681,\"height\":681,\"caption\":\"6187d0ea7762f3d4c6b1f3bfa6218da8\"},{\"@type\":\"BreadcrumbList\",\"@id\":\"https:\/\/rad-pal.com.pl\/sklep\/bez-kategorii\/obrus-100-cm-x-250-cm-prostokatny\/#breadcrumb\",\"itemListElement\":[{\"@type\":\"ListItem\",\"position\":1,\"name\":\"Strona g\u0142\u00f3wna\",\"item\":\"https:\/\/rad-pal.com.pl\/\"},{\"@type\":\"ListItem\",\"position\":2,\"name\":\"Sklep\",\"item\":\"https:\/\/rad-pal.com.pl\/sklep\/\"},{\"@type\":\"ListItem\",\"position\":3,\"name\":\"Obrus 100 cm x 250 cm prostok\u0105tny\"}]},{\"@type\":\"WebSite\",\"@id\":\"https:\/\/rad-pal.com.pl\/#website\",\"url\":\"https:\/\/rad-pal.com.pl\/\",\"name\":\"Rad-Pal\",\"description\":\"\",\"publisher\":{\"@id\":\"https:\/\/rad-pal.com.pl\/#organization\"},\"potentialAction\":[{\"@type\":\"SearchAction\",\"target\":{\"@type\":\"EntryPoint\",\"urlTemplate\":\"https:\/\/rad-pal.com.pl\/?s={search_term_string}\"},\"query-input\":{\"@type\":\"PropertyValueSpecification\",\"valueRequired\":true,\"valueName\":\"search_term_string\"}}],\"inLanguage\":\"en-GB\"},{\"@type\":\"Organization\",\"@id\":\"https:\/\/rad-pal.com.pl\/#organization\",\"name\":\"Rad-Pal\",\"url\":\"https:\/\/rad-pal.com.pl\/\",\"logo\":{\"@type\":\"ImageObject\",\"inLanguage\":\"en-GB\",\"@id\":\"https:\/\/rad-pal.com.pl\/#\/schema\/logo\/image\/\",\"url\":\"https:\/\/rad-pal.com.pl\/wp-content\/uploads\/2026\/03\/Projekt-bez-nazwy-30.webp\",\"contentUrl\":\"https:\/\/rad-pal.com.pl\/wp-content\/uploads\/2026\/03\/Projekt-bez-nazwy-30.webp\",\"width\":600,\"height\":210,\"caption\":\"Rad-Pal\"},\"image\":{\"@id\":\"https:\/\/rad-pal.com.pl\/#\/schema\/logo\/image\/\"}}]}<\/script>\n<!-- \/ Yoast SEO plugin. -->","yoast_head_json":{"title":"Obrus 100 cm x 250 cm prostok\u0105tny - Rad-Pal","robots":{"index":"index","follow":"follow","max-snippet":"max-snippet:-1","max-image-preview":"max-image-preview:large","max-video-preview":"max-video-preview:-1"},"canonical":"https:\/\/rad-pal.com.pl\/en\/sklep\/bez-kategorii\/obrus-100-cm-x-250-cm-prostokatny\/","og_locale":"en_GB","og_type":"article","og_title":"Obrus 100 cm x 250 cm prostok\u0105tny - Rad-Pal","og_description":"Zestaw namiotu piwnego niebiesko-bia\u0142y Styl bawarski W kolorze bia\u0142ym i niebieskim Wielokrotnego u\u017cytku Wodoodporne Dekoracja imprezy Zestaw namiot\u00f3w piwnych w","og_url":"https:\/\/rad-pal.com.pl\/en\/sklep\/bez-kategorii\/obrus-100-cm-x-250-cm-prostokatny\/","og_site_name":"Rad-Pal","article_modified_time":"2026-02-19T17:32:10+00:00","og_image":[{"url":"https:\/\/upload.cdn.baselinker.com\/products\/6014502\/aa0397d6aa038d6502fac0b45116c01c.jpg","type":"","width":"","height":""}],"twitter_card":"summary_large_image","twitter_misc":{"Estimated reading time":"1 minute"},"schema":{"@context":"https:\/\/schema.org","@graph":[{"@type":"WebPage","@id":"https:\/\/rad-pal.com.pl\/sklep\/bez-kategorii\/obrus-100-cm-x-250-cm-prostokatny\/","url":"https:\/\/rad-pal.com.pl\/sklep\/bez-kategorii\/obrus-100-cm-x-250-cm-prostokatny\/","name":"Obrus 100 cm x 250 cm prostok\u0105tny - Rad-Pal","isPartOf":{"@id":"https:\/\/rad-pal.com.pl\/#website"},"primaryImageOfPage":{"@id":"https:\/\/rad-pal.com.pl\/sklep\/bez-kategorii\/obrus-100-cm-x-250-cm-prostokatny\/#primaryimage"},"image":{"@id":"https:\/\/rad-pal.com.pl\/sklep\/bez-kategorii\/obrus-100-cm-x-250-cm-prostokatny\/#primaryimage"},"thumbnailUrl":"https:\/\/rad-pal.com.pl\/wp-content\/uploads\/2026\/02\/aa0397d6aa038d6502fac0b45116c01c.jpg","datePublished":"2026-02-19T17:04:02+00:00","dateModified":"2026-02-19T17:32:10+00:00","breadcrumb":{"@id":"https:\/\/rad-pal.com.pl\/sklep\/bez-kategorii\/obrus-100-cm-x-250-cm-prostokatny\/#breadcrumb"},"inLanguage":"en-GB","potentialAction":[{"@type":"ReadAction","target":["https:\/\/rad-pal.com.pl\/sklep\/bez-kategorii\/obrus-100-cm-x-250-cm-prostokatny\/"]}]},{"@type":"ImageObject","inLanguage":"en-GB","@id":"https:\/\/rad-pal.com.pl\/sklep\/bez-kategorii\/obrus-100-cm-x-250-cm-prostokatny\/#primaryimage","url":"https:\/\/rad-pal.com.pl\/wp-content\/uploads\/2026\/02\/aa0397d6aa038d6502fac0b45116c01c.jpg","contentUrl":"https:\/\/rad-pal.com.pl\/wp-content\/uploads\/2026\/02\/aa0397d6aa038d6502fac0b45116c01c.jpg","width":681,"height":681,"caption":"6187d0ea7762f3d4c6b1f3bfa6218da8"},{"@type":"BreadcrumbList","@id":"https:\/\/rad-pal.com.pl\/sklep\/bez-kategorii\/obrus-100-cm-x-250-cm-prostokatny\/#breadcrumb","itemListElement":[{"@type":"ListItem","position":1,"name":"Strona g\u0142\u00f3wna","item":"https:\/\/rad-pal.com.pl\/"},{"@type":"ListItem","position":2,"name":"Sklep","item":"https:\/\/rad-pal.com.pl\/sklep\/"},{"@type":"ListItem","position":3,"name":"Obrus 100 cm x 250 cm prostok\u0105tny"}]},{"@type":"WebSite","@id":"https:\/\/rad-pal.com.pl\/#website","url":"https:\/\/rad-pal.com.pl\/","name":"Rad-Pal","description":"","publisher":{"@id":"https:\/\/rad-pal.com.pl\/#organization"},"potentialAction":[{"@type":"SearchAction","target":{"@type":"EntryPoint","urlTemplate":"https:\/\/rad-pal.com.pl\/?s={search_term_string}"},"query-input":{"@type":"PropertyValueSpecification","valueRequired":true,"valueName":"search_term_string"}}],"inLanguage":"en-GB"},{"@type":"Organization","@id":"https:\/\/rad-pal.com.pl\/#organization","name":"Rad-Pal","url":"https:\/\/rad-pal.com.pl\/","logo":{"@type":"ImageObject","inLanguage":"en-GB","@id":"https:\/\/rad-pal.com.pl\/#\/schema\/logo\/image\/","url":"https:\/\/rad-pal.com.pl\/wp-content\/uploads\/2026\/03\/Projekt-bez-nazwy-30.webp","contentUrl":"https:\/\/rad-pal.com.pl\/wp-content\/uploads\/2026\/03\/Projekt-bez-nazwy-30.webp","width":600,"height":210,"caption":"Rad-Pal"},"image":{"@id":"https:\/\/rad-pal.com.pl\/#\/schema\/logo\/image\/"}}]}},"_links":{"self":[{"href":"https:\/\/rad-pal.com.pl\/en\/wp-json\/wp\/v2\/product\/35755","targetHints":{"allow":["GET"]}}],"collection":[{"href":"https:\/\/rad-pal.com.pl\/en\/wp-json\/wp\/v2\/product"}],"about":[{"href":"https:\/\/rad-pal.com.pl\/en\/wp-json\/wp\/v2\/types\/product"}],"version-history":[{"count":0,"href":"https:\/\/rad-pal.com.pl\/en\/wp-json\/wp\/v2\/product\/35755\/revisions"}],"wp:featuredmedia":[{"embeddable":true,"href":"https:\/\/rad-pal.com.pl\/en\/wp-json\/wp\/v2\/media\/35749"}],"wp:attachment":[{"href":"https:\/\/rad-pal.com.pl\/en\/wp-json\/wp\/v2\/media?parent=35755"}],"wp:term":[{"taxonomy":"product_brand","embeddable":true,"href":"https:\/\/rad-pal.com.pl\/en\/wp-json\/wp\/v2\/product_brand?post=35755"},{"taxonomy":"product_cat","embeddable":true,"href":"https:\/\/rad-pal.com.pl\/en\/wp-json\/wp\/v2\/product_cat?post=35755"},{"taxonomy":"product_tag","embeddable":true,"href":"https:\/\/rad-pal.com.pl\/en\/wp-json\/wp\/v2\/product_tag?post=35755"}],"curies":[{"name":"wp","href":"https:\/\/api.w.org\/{rel}","templated":true}]}}