{"id":35768,"date":"2026-02-19T18:04:50","date_gmt":"2026-02-19T17:04:50","guid":{"rendered":"https:\/\/rad-pal.com.pl\/sklep\/bez-kategorii\/sznury-i-kolka-dla-psa-relaxdays\/"},"modified":"2026-02-19T18:32:17","modified_gmt":"2026-02-19T17:32:17","slug":"sznury-i-kolka-dla-psa-relaxdays","status":"publish","type":"product","link":"https:\/\/rad-pal.com.pl\/en\/sklep\/supermarket\/artykuly-dla-zwierzat\/dla-psow\/zabawki-dla-psow\/sznury-i-kolka-dla-psa-relaxdays\/","title":{"rendered":"Sznury i k\u00f3\u0142ka dla psa Relaxdays"},"content":{"rendered":"<section class=\"section\">\n<div class=\"item item-12\">\n<section class=\"text-item\">\n<p>Relaxdays 10044166. Ilo\u015b\u0107 na paczk\u0119: 1 szt.<\/p>\n<\/section><\/div>\n<\/section>\n<section class=\"section\">\n<div class=\"item item-12\">\n<section class=\"image-item\"><img decoding=\"async\" src=\"https:\/\/upload.cdn.baselinker.com\/products\/6014502\/e2928f43043c097199045f34e515c005.jpg\" \/><\/section>\n<\/p><\/div>\n<\/section>\n<section class=\"section\">\n<div class=\"item item-12\">\n<section class=\"text-item\">\n<p>Wytrzyma\u0142e pi\u0142ki dla ps\u00f3w z w\u0119z\u0142ami, sznurkami i p\u0119tlami<\/p>\n<p>Ten 7-cz\u0119\u015bciowy zestaw zabawek dla ps\u00f3w jest idealny do wielogodzinnej zabawy z czworono\u017cnym przyjacielem! W zestawie znajduj\u0105 si\u0119 r\u00f3\u017cne pi\u0142ki z w\u0119z\u0142ami, a tak\u017ce t\u0142ok z podw\u00f3jn\u0105 p\u0119tl\u0105. Dzi\u0119ki solidnej konstrukcji zabawki do gryzienia s\u0105 idealne do pobierania, \u017cucia i ci\u0105gni\u0119cia. W ten spos\u00f3b pies pozostaje sprawny, zmniejsza stres i trenuje z\u0119by podczas gryzienia. Zabawka jest odpowiednia dla szczeni\u0105t, ma\u0142ych i \u015brednich ps\u00f3w i wspiera zar\u00f3wno psa, jak i w\u0142a\u015bciciela w aktywnym stylu \u017cycia.<\/p>\n<\/p>\n<p>7-cz\u0119\u015bciowy zestaw do zabawy dla psa<\/p>\n<p>Du\u017cy zestaw do zr\u00f3\u017cnicowanej zabawy<\/p>\n<p>Idealny dla ma\u0142ych i \u015brednich ps\u00f3w oraz szczeni\u0105t<\/p>\n<p>Zabawki dla ps\u00f3w odpowiednie do pomieszcze\u0144 i na zewn\u0105trz<\/p>\n<p>Solidna i wytrzyma\u0142a zabawka do przeci\u0105gania<\/p>\n<p>Do rzucania i aportowania, ci\u0105gni\u0119cia i \u017cucia<\/p>\n<p>Wykonana w ca\u0142o\u015bci z naturalnych materia\u0142\u00f3w<\/p>\n<p>\u015awietny pomys\u0142 na prezent dla wszystkich w\u0142a\u015bcicieli ps\u00f3w<\/p>\n<\/section><\/div>\n<\/section>\n<section class=\"section\">\n<div class=\"item item-12\">\n<section class=\"text-item\">\n<p>2<\/p>\n<\/section><\/div>\n<\/section>","protected":false},"excerpt":{"rendered":"<p>Relaxdays 10044166. Ilo\u015b\u0107 na paczk\u0119: 1 szt. Wytrzyma\u0142e pi\u0142ki dla ps\u00f3w z w\u0119z\u0142ami, sznurkami i p\u0119tlami Ten 7-cz\u0119\u015bciowy zestaw zabawek<\/p>","protected":false},"featured_media":35763,"template":"","meta":[],"product_brand":[],"product_cat":[98,309,97,534],"product_tag":[],"class_list":{"0":"post-35768","1":"product","2":"type-product","3":"status-publish","4":"has-post-thumbnail","6":"product_cat-artykuly-dla-zwierzat","7":"product_cat-dla-psow","8":"product_cat-supermarket","9":"product_cat-zabawki-dla-psow","11":"first","12":"instock","13":"taxable","14":"shipping-taxable","15":"purchasable","16":"product-type-simple"},"yoast_head":"<!-- This site is optimized with the Yoast SEO plugin v25.7 - https:\/\/yoast.com\/wordpress\/plugins\/seo\/ -->\n<title>Sznury i k\u00f3\u0142ka dla psa Relaxdays - Rad-Pal<\/title>\n<meta name=\"robots\" content=\"index, follow, max-snippet:-1, max-image-preview:large, max-video-preview:-1\" \/>\n<link rel=\"canonical\" href=\"https:\/\/rad-pal.com.pl\/en\/sklep\/bez-kategorii\/sznury-i-kolka-dla-psa-relaxdays\/\" \/>\n<meta property=\"og:locale\" content=\"en_GB\" \/>\n<meta property=\"og:type\" content=\"article\" \/>\n<meta property=\"og:title\" content=\"Sznury i k\u00f3\u0142ka dla psa Relaxdays - Rad-Pal\" \/>\n<meta property=\"og:description\" content=\"Relaxdays 10044166. Ilo\u015b\u0107 na paczk\u0119: 1 szt. Wytrzyma\u0142e pi\u0142ki dla ps\u00f3w z w\u0119z\u0142ami, sznurkami i p\u0119tlami Ten 7-cz\u0119\u015bciowy zestaw zabawek\" \/>\n<meta property=\"og:url\" content=\"https:\/\/rad-pal.com.pl\/en\/sklep\/bez-kategorii\/sznury-i-kolka-dla-psa-relaxdays\/\" \/>\n<meta property=\"og:site_name\" content=\"Rad-Pal\" \/>\n<meta property=\"article:modified_time\" content=\"2026-02-19T17:32:17+00:00\" \/>\n<meta property=\"og:image\" content=\"https:\/\/upload.cdn.baselinker.com\/products\/6014502\/e2928f43043c097199045f34e515c005.jpg\" \/>\n<meta name=\"twitter:card\" content=\"summary_large_image\" \/>\n<meta name=\"twitter:label1\" content=\"Estimated reading time\" \/>\n\t<meta name=\"twitter:data1\" content=\"1 minute\" \/>\n<script type=\"application\/ld+json\" class=\"yoast-schema-graph\">{\"@context\":\"https:\/\/schema.org\",\"@graph\":[{\"@type\":\"WebPage\",\"@id\":\"https:\/\/rad-pal.com.pl\/sklep\/bez-kategorii\/sznury-i-kolka-dla-psa-relaxdays\/\",\"url\":\"https:\/\/rad-pal.com.pl\/sklep\/bez-kategorii\/sznury-i-kolka-dla-psa-relaxdays\/\",\"name\":\"Sznury i k\u00f3\u0142ka dla psa Relaxdays - Rad-Pal\",\"isPartOf\":{\"@id\":\"https:\/\/rad-pal.com.pl\/#website\"},\"primaryImageOfPage\":{\"@id\":\"https:\/\/rad-pal.com.pl\/sklep\/bez-kategorii\/sznury-i-kolka-dla-psa-relaxdays\/#primaryimage\"},\"image\":{\"@id\":\"https:\/\/rad-pal.com.pl\/sklep\/bez-kategorii\/sznury-i-kolka-dla-psa-relaxdays\/#primaryimage\"},\"thumbnailUrl\":\"https:\/\/rad-pal.com.pl\/wp-content\/uploads\/2026\/02\/e2928f43043c097199045f34e515c005.jpg\",\"datePublished\":\"2026-02-19T17:04:50+00:00\",\"dateModified\":\"2026-02-19T17:32:17+00:00\",\"breadcrumb\":{\"@id\":\"https:\/\/rad-pal.com.pl\/sklep\/bez-kategorii\/sznury-i-kolka-dla-psa-relaxdays\/#breadcrumb\"},\"inLanguage\":\"en-GB\",\"potentialAction\":[{\"@type\":\"ReadAction\",\"target\":[\"https:\/\/rad-pal.com.pl\/sklep\/bez-kategorii\/sznury-i-kolka-dla-psa-relaxdays\/\"]}]},{\"@type\":\"ImageObject\",\"inLanguage\":\"en-GB\",\"@id\":\"https:\/\/rad-pal.com.pl\/sklep\/bez-kategorii\/sznury-i-kolka-dla-psa-relaxdays\/#primaryimage\",\"url\":\"https:\/\/rad-pal.com.pl\/wp-content\/uploads\/2026\/02\/e2928f43043c097199045f34e515c005.jpg\",\"contentUrl\":\"https:\/\/rad-pal.com.pl\/wp-content\/uploads\/2026\/02\/e2928f43043c097199045f34e515c005.jpg\",\"width\":681,\"height\":681,\"caption\":\"a9c8f02083a8d561613bbecfe2749f51\"},{\"@type\":\"BreadcrumbList\",\"@id\":\"https:\/\/rad-pal.com.pl\/sklep\/bez-kategorii\/sznury-i-kolka-dla-psa-relaxdays\/#breadcrumb\",\"itemListElement\":[{\"@type\":\"ListItem\",\"position\":1,\"name\":\"Strona g\u0142\u00f3wna\",\"item\":\"https:\/\/rad-pal.com.pl\/\"},{\"@type\":\"ListItem\",\"position\":2,\"name\":\"Sklep\",\"item\":\"https:\/\/rad-pal.com.pl\/sklep\/\"},{\"@type\":\"ListItem\",\"position\":3,\"name\":\"Sznury i k\u00f3\u0142ka dla psa Relaxdays\"}]},{\"@type\":\"WebSite\",\"@id\":\"https:\/\/rad-pal.com.pl\/#website\",\"url\":\"https:\/\/rad-pal.com.pl\/\",\"name\":\"Rad-Pal\",\"description\":\"\",\"publisher\":{\"@id\":\"https:\/\/rad-pal.com.pl\/#organization\"},\"potentialAction\":[{\"@type\":\"SearchAction\",\"target\":{\"@type\":\"EntryPoint\",\"urlTemplate\":\"https:\/\/rad-pal.com.pl\/?s={search_term_string}\"},\"query-input\":{\"@type\":\"PropertyValueSpecification\",\"valueRequired\":true,\"valueName\":\"search_term_string\"}}],\"inLanguage\":\"en-GB\"},{\"@type\":\"Organization\",\"@id\":\"https:\/\/rad-pal.com.pl\/#organization\",\"name\":\"Rad-Pal\",\"url\":\"https:\/\/rad-pal.com.pl\/\",\"logo\":{\"@type\":\"ImageObject\",\"inLanguage\":\"en-GB\",\"@id\":\"https:\/\/rad-pal.com.pl\/#\/schema\/logo\/image\/\",\"url\":\"https:\/\/rad-pal.com.pl\/wp-content\/uploads\/2026\/03\/Projekt-bez-nazwy-30.webp\",\"contentUrl\":\"https:\/\/rad-pal.com.pl\/wp-content\/uploads\/2026\/03\/Projekt-bez-nazwy-30.webp\",\"width\":600,\"height\":210,\"caption\":\"Rad-Pal\"},\"image\":{\"@id\":\"https:\/\/rad-pal.com.pl\/#\/schema\/logo\/image\/\"}}]}<\/script>\n<!-- \/ Yoast SEO plugin. -->","yoast_head_json":{"title":"Sznury i k\u00f3\u0142ka dla psa Relaxdays - Rad-Pal","robots":{"index":"index","follow":"follow","max-snippet":"max-snippet:-1","max-image-preview":"max-image-preview:large","max-video-preview":"max-video-preview:-1"},"canonical":"https:\/\/rad-pal.com.pl\/en\/sklep\/bez-kategorii\/sznury-i-kolka-dla-psa-relaxdays\/","og_locale":"en_GB","og_type":"article","og_title":"Sznury i k\u00f3\u0142ka dla psa Relaxdays - Rad-Pal","og_description":"Relaxdays 10044166. Ilo\u015b\u0107 na paczk\u0119: 1 szt. Wytrzyma\u0142e pi\u0142ki dla ps\u00f3w z w\u0119z\u0142ami, sznurkami i p\u0119tlami Ten 7-cz\u0119\u015bciowy zestaw zabawek","og_url":"https:\/\/rad-pal.com.pl\/en\/sklep\/bez-kategorii\/sznury-i-kolka-dla-psa-relaxdays\/","og_site_name":"Rad-Pal","article_modified_time":"2026-02-19T17:32:17+00:00","og_image":[{"url":"https:\/\/upload.cdn.baselinker.com\/products\/6014502\/e2928f43043c097199045f34e515c005.jpg","type":"","width":"","height":""}],"twitter_card":"summary_large_image","twitter_misc":{"Estimated reading time":"1 minute"},"schema":{"@context":"https:\/\/schema.org","@graph":[{"@type":"WebPage","@id":"https:\/\/rad-pal.com.pl\/sklep\/bez-kategorii\/sznury-i-kolka-dla-psa-relaxdays\/","url":"https:\/\/rad-pal.com.pl\/sklep\/bez-kategorii\/sznury-i-kolka-dla-psa-relaxdays\/","name":"Sznury i k\u00f3\u0142ka dla psa Relaxdays - Rad-Pal","isPartOf":{"@id":"https:\/\/rad-pal.com.pl\/#website"},"primaryImageOfPage":{"@id":"https:\/\/rad-pal.com.pl\/sklep\/bez-kategorii\/sznury-i-kolka-dla-psa-relaxdays\/#primaryimage"},"image":{"@id":"https:\/\/rad-pal.com.pl\/sklep\/bez-kategorii\/sznury-i-kolka-dla-psa-relaxdays\/#primaryimage"},"thumbnailUrl":"https:\/\/rad-pal.com.pl\/wp-content\/uploads\/2026\/02\/e2928f43043c097199045f34e515c005.jpg","datePublished":"2026-02-19T17:04:50+00:00","dateModified":"2026-02-19T17:32:17+00:00","breadcrumb":{"@id":"https:\/\/rad-pal.com.pl\/sklep\/bez-kategorii\/sznury-i-kolka-dla-psa-relaxdays\/#breadcrumb"},"inLanguage":"en-GB","potentialAction":[{"@type":"ReadAction","target":["https:\/\/rad-pal.com.pl\/sklep\/bez-kategorii\/sznury-i-kolka-dla-psa-relaxdays\/"]}]},{"@type":"ImageObject","inLanguage":"en-GB","@id":"https:\/\/rad-pal.com.pl\/sklep\/bez-kategorii\/sznury-i-kolka-dla-psa-relaxdays\/#primaryimage","url":"https:\/\/rad-pal.com.pl\/wp-content\/uploads\/2026\/02\/e2928f43043c097199045f34e515c005.jpg","contentUrl":"https:\/\/rad-pal.com.pl\/wp-content\/uploads\/2026\/02\/e2928f43043c097199045f34e515c005.jpg","width":681,"height":681,"caption":"a9c8f02083a8d561613bbecfe2749f51"},{"@type":"BreadcrumbList","@id":"https:\/\/rad-pal.com.pl\/sklep\/bez-kategorii\/sznury-i-kolka-dla-psa-relaxdays\/#breadcrumb","itemListElement":[{"@type":"ListItem","position":1,"name":"Strona g\u0142\u00f3wna","item":"https:\/\/rad-pal.com.pl\/"},{"@type":"ListItem","position":2,"name":"Sklep","item":"https:\/\/rad-pal.com.pl\/sklep\/"},{"@type":"ListItem","position":3,"name":"Sznury i k\u00f3\u0142ka dla psa Relaxdays"}]},{"@type":"WebSite","@id":"https:\/\/rad-pal.com.pl\/#website","url":"https:\/\/rad-pal.com.pl\/","name":"Rad-Pal","description":"","publisher":{"@id":"https:\/\/rad-pal.com.pl\/#organization"},"potentialAction":[{"@type":"SearchAction","target":{"@type":"EntryPoint","urlTemplate":"https:\/\/rad-pal.com.pl\/?s={search_term_string}"},"query-input":{"@type":"PropertyValueSpecification","valueRequired":true,"valueName":"search_term_string"}}],"inLanguage":"en-GB"},{"@type":"Organization","@id":"https:\/\/rad-pal.com.pl\/#organization","name":"Rad-Pal","url":"https:\/\/rad-pal.com.pl\/","logo":{"@type":"ImageObject","inLanguage":"en-GB","@id":"https:\/\/rad-pal.com.pl\/#\/schema\/logo\/image\/","url":"https:\/\/rad-pal.com.pl\/wp-content\/uploads\/2026\/03\/Projekt-bez-nazwy-30.webp","contentUrl":"https:\/\/rad-pal.com.pl\/wp-content\/uploads\/2026\/03\/Projekt-bez-nazwy-30.webp","width":600,"height":210,"caption":"Rad-Pal"},"image":{"@id":"https:\/\/rad-pal.com.pl\/#\/schema\/logo\/image\/"}}]}},"_links":{"self":[{"href":"https:\/\/rad-pal.com.pl\/en\/wp-json\/wp\/v2\/product\/35768","targetHints":{"allow":["GET"]}}],"collection":[{"href":"https:\/\/rad-pal.com.pl\/en\/wp-json\/wp\/v2\/product"}],"about":[{"href":"https:\/\/rad-pal.com.pl\/en\/wp-json\/wp\/v2\/types\/product"}],"version-history":[{"count":0,"href":"https:\/\/rad-pal.com.pl\/en\/wp-json\/wp\/v2\/product\/35768\/revisions"}],"wp:featuredmedia":[{"embeddable":true,"href":"https:\/\/rad-pal.com.pl\/en\/wp-json\/wp\/v2\/media\/35763"}],"wp:attachment":[{"href":"https:\/\/rad-pal.com.pl\/en\/wp-json\/wp\/v2\/media?parent=35768"}],"wp:term":[{"taxonomy":"product_brand","embeddable":true,"href":"https:\/\/rad-pal.com.pl\/en\/wp-json\/wp\/v2\/product_brand?post=35768"},{"taxonomy":"product_cat","embeddable":true,"href":"https:\/\/rad-pal.com.pl\/en\/wp-json\/wp\/v2\/product_cat?post=35768"},{"taxonomy":"product_tag","embeddable":true,"href":"https:\/\/rad-pal.com.pl\/en\/wp-json\/wp\/v2\/product_tag?post=35768"}],"curies":[{"name":"wp","href":"https:\/\/api.w.org\/{rel}","templated":true}]}}