{"id":35965,"date":"2026-02-19T18:12:54","date_gmt":"2026-02-19T17:12:54","guid":{"rendered":"https:\/\/rad-pal.com.pl\/sklep\/bez-kategorii\/lampka-nocna-relaxdays-bialy\/"},"modified":"2026-02-19T18:33:50","modified_gmt":"2026-02-19T17:33:50","slug":"lampka-nocna-relaxdays-bialy","status":"publish","type":"product","link":"https:\/\/rad-pal.com.pl\/en\/sklep\/dziecko\/pokoj-dzieciecy\/lampy-pokoj-dzieciecy\/lampki-nocne\/lampka-nocna-relaxdays-bialy\/","title":{"rendered":"Lampka nocna Relaxdays bia\u0142y"},"content":{"rendered":"<section class=\"section\">\n<div class=\"item item-6\">\n<section class=\"image-item\"><img decoding=\"async\" src=\"https:\/\/upload.cdn.baselinker.com\/products\/6014502\/a2b3af4eb34cbb0aba294b70e90564cc.jpg\" \/><\/section>\n<\/p><\/div>\n<div class=\"item item-6\">\n<section class=\"text-item\">\n<h1>Lampka nocna ksi\u0119\u017cyc 3D zapalana dotyk realistyczna 2 barwy \u015bwiat\u0142a stojak<\/h1>\n<p><b>_______________________________________<\/b><\/p>\n<h1>* OPIS PRODUKTU *:<\/h1>\n<p>Nasza ozdobna lampka nocna o\u015bwietli Tw\u00f3j pok\u00f3j wyj\u0105tkowo przyjemnym \u015bwiat\u0142em! Ta niezwyk\u0142a lampa sto\u0142owa produkowana jest przy pomocy drukarki 3D, dzi\u0119ki czemu do z\u0142udzenia przypomina prawdziwy Ksi\u0119\u017cyc (r\u00f3\u017cni si\u0119 oczywi\u015bcie wielko\u015bci\u0105). T\u0119 lampk\u0119 do sypialni mo\u017cesz stopniowo \u015bciemnia\u0107, dotykaj\u0105c czujnik przy wej\u015bciu na kabel USB. Za pomoc\u0105 dotyku mo\u017cesz r\u00f3wnie\u017c wybra\u0107 barw\u0119 \u015bwiat\u0142a. Nasza lampka ksi\u0119\u017cyc mo\u017ce emitowa\u0107 zar\u00f3wno ciep\u0142e, jak i zimne \u015bwiat\u0142o.<\/p>\n<\/section><\/div>\n<\/section>\n<section class=\"section\">\n<div class=\"item item-6\">\n<section class=\"text-item\">\n<h2>Lampka do sypialni i pokoju dzieci\u0119cego<\/h2>\n<ul>\n<li>Produkowana z zastosowaniem technologii druku 3D<\/li>\n<li>Wygl\u0105daj\u0105ca niczym prawdziwy Ksi\u0119\u017cyc<\/li>\n<li>Obs\u0142ugiwana za pomoc\u0105 czujnika dotyku<\/li>\n<li>Stopniowe \u015bciemnianie<\/li>\n<li>2 barwy \u015bwiat\u0142a &#8211; ciep\u0142a i ch\u0142odna biel<\/li>\n<li>Do u\u017cytku jako lampka nocna<\/li>\n<\/ul>\n<h2>Lampka nocna ksi\u0119\u017cyc w szczeg\u00f3\u0142ach<\/h2>\n<ul>\n<li>\u015arednica kuli: ok. 15 cm<\/li>\n<li>Wysoko\u015b\u0107 z podstaw\u0105: ok. 18,5 cm<\/li>\n<li>D\u0142ugo\u015b\u0107 kabla USB: ok. 1 m<\/li>\n<li>Waga: ok. 270 g<\/li>\n<li>Materia\u0142y: ABS i PVC<\/li>\n<li>Kolor: bia\u0142y (kula) i br\u0105zowy (podstawa)<\/li>\n<\/ul>\n<h2>Dane techniczne<\/h2>\n<ul>\n<li>Czas \u0142adowania: 2-3 godz.<\/li>\n<li>Czas \u015bwiecenia: 8-15 godz.<\/li>\n<li>Pojemno\u015b\u0107 akumulatora: 400 mAh<\/li>\n<li>Moc: 0,5 W<\/li>\n<li>Kabel: USB DC 5 V<\/li>\n<li>Zintegrowany akumulator litowo-polimerowy<\/li>\n<\/ul>\n<ul>\n<li>1 x lampka nocna ksi\u0119\u017cyc<\/li>\n<li>1 x podstawa w cz\u0119\u015bciach<\/li>\n<li>1 x kabel USB<\/li>\n<li>instrukcja w j\u0119zyku angielskim<\/li>\n<li>bez dekoracji<\/li>\n<\/ul>\n<\/section><\/div>\n<div class=\"item item-6\">\n<section class=\"image-item\"><img decoding=\"async\" src=\"https:\/\/upload.cdn.baselinker.com\/products\/6014502\/56d945f3c536870c02228efffa0a89d6.jpg\" \/><\/section>\n<\/p><\/div>\n<\/section>\n<section class=\"section\">\n<div class=\"item item-12\">\n<section class=\"text-item\">\n<p><b>ZDJ\u0118CIA ZE STRONY PRODUCENTA:<\/b><\/p>\n<\/section><\/div>\n<\/section>\n<section class=\"section\">\n<div class=\"item item-6\">\n<section class=\"image-item\"><img decoding=\"async\" src=\"https:\/\/upload.cdn.baselinker.com\/products\/6014502\/ace89f6ba72dcef0f6675248ee830d9b.jpg\" \/><\/section>\n<\/p><\/div>\n<div class=\"item item-6\">\n<section class=\"image-item\"><img decoding=\"async\" src=\"https:\/\/upload.cdn.baselinker.com\/products\/6014502\/dda71f6f80f94e97b31f65568361352b.jpg\" \/><\/section>\n<\/p><\/div>\n<\/section>\n<section class=\"section\">\n<div class=\"item item-6\">\n<section class=\"image-item\"><img decoding=\"async\" src=\"https:\/\/upload.cdn.baselinker.com\/products\/6014502\/e4e4118acd31e0d34e0691175d463903.jpg\" \/><\/section>\n<\/p><\/div>\n<div class=\"item item-6\">\n<section class=\"image-item\"><img decoding=\"async\" src=\"https:\/\/upload.cdn.baselinker.com\/products\/6014502\/a2b3af4eb34cbb0aba294b70e90564cc.jpg\" \/><\/section>\n<\/p><\/div>\n<\/section>\n<section class=\"section\">\n<div class=\"item item-12\">\n<section class=\"image-item\"><img decoding=\"async\" src=\"https:\/\/upload.cdn.baselinker.com\/products\/6014502\/619dfc1a283e80691172df7b0bcdd415.jpg\" \/><\/section>\n<\/p><\/div>\n<\/section>\n<section class=\"section\">\n<div class=\"item item-12\">\n<section class=\"text-item\">\n<p>2<\/p>\n<\/section><\/div>\n<\/section>","protected":false},"excerpt":{"rendered":"<p>Lampka nocna ksi\u0119\u017cyc 3D zapalana dotyk realistyczna 2 barwy \u015bwiat\u0142a stojak _______________________________________ * OPIS PRODUKTU *: Nasza ozdobna lampka nocna<\/p>","protected":false},"featured_media":35958,"template":"","meta":[],"product_brand":[],"product_cat":[81,545,513,159],"product_tag":[],"class_list":{"0":"post-35965","1":"product","2":"type-product","3":"status-publish","4":"has-post-thumbnail","6":"product_cat-dziecko","7":"product_cat-lampki-nocne","8":"product_cat-lampy-pokoj-dzieciecy","9":"product_cat-pokoj-dzieciecy","11":"first","12":"instock","13":"taxable","14":"shipping-taxable","15":"purchasable","16":"product-type-simple"},"yoast_head":"<!-- This site is optimized with the Yoast SEO plugin v25.7 - https:\/\/yoast.com\/wordpress\/plugins\/seo\/ -->\n<title>Lampka nocna Relaxdays bia\u0142y - Rad-Pal<\/title>\n<meta name=\"robots\" content=\"index, follow, max-snippet:-1, max-image-preview:large, max-video-preview:-1\" \/>\n<link rel=\"canonical\" href=\"https:\/\/rad-pal.com.pl\/en\/sklep\/bez-kategorii\/lampka-nocna-relaxdays-bialy\/\" \/>\n<meta property=\"og:locale\" content=\"en_GB\" \/>\n<meta property=\"og:type\" content=\"article\" \/>\n<meta property=\"og:title\" content=\"Lampka nocna Relaxdays bia\u0142y - Rad-Pal\" \/>\n<meta property=\"og:description\" content=\"Lampka nocna ksi\u0119\u017cyc 3D zapalana dotyk realistyczna 2 barwy \u015bwiat\u0142a stojak _______________________________________ * OPIS PRODUKTU *: Nasza ozdobna lampka nocna\" \/>\n<meta property=\"og:url\" content=\"https:\/\/rad-pal.com.pl\/en\/sklep\/bez-kategorii\/lampka-nocna-relaxdays-bialy\/\" \/>\n<meta property=\"og:site_name\" content=\"Rad-Pal\" \/>\n<meta property=\"article:modified_time\" content=\"2026-02-19T17:33:50+00:00\" \/>\n<meta property=\"og:image\" content=\"https:\/\/upload.cdn.baselinker.com\/products\/6014502\/a2b3af4eb34cbb0aba294b70e90564cc.jpg\" \/>\n<meta name=\"twitter:card\" content=\"summary_large_image\" \/>\n<meta name=\"twitter:label1\" content=\"Estimated reading time\" \/>\n\t<meta name=\"twitter:data1\" content=\"1 minute\" \/>\n<script type=\"application\/ld+json\" class=\"yoast-schema-graph\">{\"@context\":\"https:\/\/schema.org\",\"@graph\":[{\"@type\":\"WebPage\",\"@id\":\"https:\/\/rad-pal.com.pl\/sklep\/bez-kategorii\/lampka-nocna-relaxdays-bialy\/\",\"url\":\"https:\/\/rad-pal.com.pl\/sklep\/bez-kategorii\/lampka-nocna-relaxdays-bialy\/\",\"name\":\"Lampka nocna Relaxdays bia\u0142y - Rad-Pal\",\"isPartOf\":{\"@id\":\"https:\/\/rad-pal.com.pl\/#website\"},\"primaryImageOfPage\":{\"@id\":\"https:\/\/rad-pal.com.pl\/sklep\/bez-kategorii\/lampka-nocna-relaxdays-bialy\/#primaryimage\"},\"image\":{\"@id\":\"https:\/\/rad-pal.com.pl\/sklep\/bez-kategorii\/lampka-nocna-relaxdays-bialy\/#primaryimage\"},\"thumbnailUrl\":\"https:\/\/rad-pal.com.pl\/wp-content\/uploads\/2026\/02\/a2b3af4eb34cbb0aba294b70e90564cc.jpg\",\"datePublished\":\"2026-02-19T17:12:54+00:00\",\"dateModified\":\"2026-02-19T17:33:50+00:00\",\"breadcrumb\":{\"@id\":\"https:\/\/rad-pal.com.pl\/sklep\/bez-kategorii\/lampka-nocna-relaxdays-bialy\/#breadcrumb\"},\"inLanguage\":\"en-GB\",\"potentialAction\":[{\"@type\":\"ReadAction\",\"target\":[\"https:\/\/rad-pal.com.pl\/sklep\/bez-kategorii\/lampka-nocna-relaxdays-bialy\/\"]}]},{\"@type\":\"ImageObject\",\"inLanguage\":\"en-GB\",\"@id\":\"https:\/\/rad-pal.com.pl\/sklep\/bez-kategorii\/lampka-nocna-relaxdays-bialy\/#primaryimage\",\"url\":\"https:\/\/rad-pal.com.pl\/wp-content\/uploads\/2026\/02\/a2b3af4eb34cbb0aba294b70e90564cc.jpg\",\"contentUrl\":\"https:\/\/rad-pal.com.pl\/wp-content\/uploads\/2026\/02\/a2b3af4eb34cbb0aba294b70e90564cc.jpg\",\"width\":803,\"height\":781,\"caption\":\"39f117369d52f476789847d16c4886ba\"},{\"@type\":\"BreadcrumbList\",\"@id\":\"https:\/\/rad-pal.com.pl\/sklep\/bez-kategorii\/lampka-nocna-relaxdays-bialy\/#breadcrumb\",\"itemListElement\":[{\"@type\":\"ListItem\",\"position\":1,\"name\":\"Strona g\u0142\u00f3wna\",\"item\":\"https:\/\/rad-pal.com.pl\/\"},{\"@type\":\"ListItem\",\"position\":2,\"name\":\"Sklep\",\"item\":\"https:\/\/rad-pal.com.pl\/sklep\/\"},{\"@type\":\"ListItem\",\"position\":3,\"name\":\"Lampka nocna Relaxdays bia\u0142y\"}]},{\"@type\":\"WebSite\",\"@id\":\"https:\/\/rad-pal.com.pl\/#website\",\"url\":\"https:\/\/rad-pal.com.pl\/\",\"name\":\"Rad-Pal\",\"description\":\"\",\"publisher\":{\"@id\":\"https:\/\/rad-pal.com.pl\/#organization\"},\"potentialAction\":[{\"@type\":\"SearchAction\",\"target\":{\"@type\":\"EntryPoint\",\"urlTemplate\":\"https:\/\/rad-pal.com.pl\/?s={search_term_string}\"},\"query-input\":{\"@type\":\"PropertyValueSpecification\",\"valueRequired\":true,\"valueName\":\"search_term_string\"}}],\"inLanguage\":\"en-GB\"},{\"@type\":\"Organization\",\"@id\":\"https:\/\/rad-pal.com.pl\/#organization\",\"name\":\"Rad-Pal\",\"url\":\"https:\/\/rad-pal.com.pl\/\",\"logo\":{\"@type\":\"ImageObject\",\"inLanguage\":\"en-GB\",\"@id\":\"https:\/\/rad-pal.com.pl\/#\/schema\/logo\/image\/\",\"url\":\"https:\/\/rad-pal.com.pl\/wp-content\/uploads\/2026\/03\/Projekt-bez-nazwy-30.webp\",\"contentUrl\":\"https:\/\/rad-pal.com.pl\/wp-content\/uploads\/2026\/03\/Projekt-bez-nazwy-30.webp\",\"width\":600,\"height\":210,\"caption\":\"Rad-Pal\"},\"image\":{\"@id\":\"https:\/\/rad-pal.com.pl\/#\/schema\/logo\/image\/\"}}]}<\/script>\n<!-- \/ Yoast SEO plugin. -->","yoast_head_json":{"title":"Lampka nocna Relaxdays bia\u0142y - Rad-Pal","robots":{"index":"index","follow":"follow","max-snippet":"max-snippet:-1","max-image-preview":"max-image-preview:large","max-video-preview":"max-video-preview:-1"},"canonical":"https:\/\/rad-pal.com.pl\/en\/sklep\/bez-kategorii\/lampka-nocna-relaxdays-bialy\/","og_locale":"en_GB","og_type":"article","og_title":"Lampka nocna Relaxdays bia\u0142y - Rad-Pal","og_description":"Lampka nocna ksi\u0119\u017cyc 3D zapalana dotyk realistyczna 2 barwy \u015bwiat\u0142a stojak _______________________________________ * OPIS PRODUKTU *: Nasza ozdobna lampka nocna","og_url":"https:\/\/rad-pal.com.pl\/en\/sklep\/bez-kategorii\/lampka-nocna-relaxdays-bialy\/","og_site_name":"Rad-Pal","article_modified_time":"2026-02-19T17:33:50+00:00","og_image":[{"url":"https:\/\/upload.cdn.baselinker.com\/products\/6014502\/a2b3af4eb34cbb0aba294b70e90564cc.jpg","type":"","width":"","height":""}],"twitter_card":"summary_large_image","twitter_misc":{"Estimated reading time":"1 minute"},"schema":{"@context":"https:\/\/schema.org","@graph":[{"@type":"WebPage","@id":"https:\/\/rad-pal.com.pl\/sklep\/bez-kategorii\/lampka-nocna-relaxdays-bialy\/","url":"https:\/\/rad-pal.com.pl\/sklep\/bez-kategorii\/lampka-nocna-relaxdays-bialy\/","name":"Lampka nocna Relaxdays bia\u0142y - Rad-Pal","isPartOf":{"@id":"https:\/\/rad-pal.com.pl\/#website"},"primaryImageOfPage":{"@id":"https:\/\/rad-pal.com.pl\/sklep\/bez-kategorii\/lampka-nocna-relaxdays-bialy\/#primaryimage"},"image":{"@id":"https:\/\/rad-pal.com.pl\/sklep\/bez-kategorii\/lampka-nocna-relaxdays-bialy\/#primaryimage"},"thumbnailUrl":"https:\/\/rad-pal.com.pl\/wp-content\/uploads\/2026\/02\/a2b3af4eb34cbb0aba294b70e90564cc.jpg","datePublished":"2026-02-19T17:12:54+00:00","dateModified":"2026-02-19T17:33:50+00:00","breadcrumb":{"@id":"https:\/\/rad-pal.com.pl\/sklep\/bez-kategorii\/lampka-nocna-relaxdays-bialy\/#breadcrumb"},"inLanguage":"en-GB","potentialAction":[{"@type":"ReadAction","target":["https:\/\/rad-pal.com.pl\/sklep\/bez-kategorii\/lampka-nocna-relaxdays-bialy\/"]}]},{"@type":"ImageObject","inLanguage":"en-GB","@id":"https:\/\/rad-pal.com.pl\/sklep\/bez-kategorii\/lampka-nocna-relaxdays-bialy\/#primaryimage","url":"https:\/\/rad-pal.com.pl\/wp-content\/uploads\/2026\/02\/a2b3af4eb34cbb0aba294b70e90564cc.jpg","contentUrl":"https:\/\/rad-pal.com.pl\/wp-content\/uploads\/2026\/02\/a2b3af4eb34cbb0aba294b70e90564cc.jpg","width":803,"height":781,"caption":"39f117369d52f476789847d16c4886ba"},{"@type":"BreadcrumbList","@id":"https:\/\/rad-pal.com.pl\/sklep\/bez-kategorii\/lampka-nocna-relaxdays-bialy\/#breadcrumb","itemListElement":[{"@type":"ListItem","position":1,"name":"Strona g\u0142\u00f3wna","item":"https:\/\/rad-pal.com.pl\/"},{"@type":"ListItem","position":2,"name":"Sklep","item":"https:\/\/rad-pal.com.pl\/sklep\/"},{"@type":"ListItem","position":3,"name":"Lampka nocna Relaxdays bia\u0142y"}]},{"@type":"WebSite","@id":"https:\/\/rad-pal.com.pl\/#website","url":"https:\/\/rad-pal.com.pl\/","name":"Rad-Pal","description":"","publisher":{"@id":"https:\/\/rad-pal.com.pl\/#organization"},"potentialAction":[{"@type":"SearchAction","target":{"@type":"EntryPoint","urlTemplate":"https:\/\/rad-pal.com.pl\/?s={search_term_string}"},"query-input":{"@type":"PropertyValueSpecification","valueRequired":true,"valueName":"search_term_string"}}],"inLanguage":"en-GB"},{"@type":"Organization","@id":"https:\/\/rad-pal.com.pl\/#organization","name":"Rad-Pal","url":"https:\/\/rad-pal.com.pl\/","logo":{"@type":"ImageObject","inLanguage":"en-GB","@id":"https:\/\/rad-pal.com.pl\/#\/schema\/logo\/image\/","url":"https:\/\/rad-pal.com.pl\/wp-content\/uploads\/2026\/03\/Projekt-bez-nazwy-30.webp","contentUrl":"https:\/\/rad-pal.com.pl\/wp-content\/uploads\/2026\/03\/Projekt-bez-nazwy-30.webp","width":600,"height":210,"caption":"Rad-Pal"},"image":{"@id":"https:\/\/rad-pal.com.pl\/#\/schema\/logo\/image\/"}}]}},"_links":{"self":[{"href":"https:\/\/rad-pal.com.pl\/en\/wp-json\/wp\/v2\/product\/35965","targetHints":{"allow":["GET"]}}],"collection":[{"href":"https:\/\/rad-pal.com.pl\/en\/wp-json\/wp\/v2\/product"}],"about":[{"href":"https:\/\/rad-pal.com.pl\/en\/wp-json\/wp\/v2\/types\/product"}],"version-history":[{"count":0,"href":"https:\/\/rad-pal.com.pl\/en\/wp-json\/wp\/v2\/product\/35965\/revisions"}],"wp:featuredmedia":[{"embeddable":true,"href":"https:\/\/rad-pal.com.pl\/en\/wp-json\/wp\/v2\/media\/35958"}],"wp:attachment":[{"href":"https:\/\/rad-pal.com.pl\/en\/wp-json\/wp\/v2\/media?parent=35965"}],"wp:term":[{"taxonomy":"product_brand","embeddable":true,"href":"https:\/\/rad-pal.com.pl\/en\/wp-json\/wp\/v2\/product_brand?post=35965"},{"taxonomy":"product_cat","embeddable":true,"href":"https:\/\/rad-pal.com.pl\/en\/wp-json\/wp\/v2\/product_cat?post=35965"},{"taxonomy":"product_tag","embeddable":true,"href":"https:\/\/rad-pal.com.pl\/en\/wp-json\/wp\/v2\/product_tag?post=35965"}],"curies":[{"name":"wp","href":"https:\/\/api.w.org\/{rel}","templated":true}]}}