{"id":36188,"date":"2026-02-19T18:20:25","date_gmt":"2026-02-19T17:20:25","guid":{"rendered":"https:\/\/rad-pal.com.pl\/sklep\/bez-kategorii\/roleta-zaciemniajace-relaxdays-60-cm-x-160-cm\/"},"modified":"2026-02-19T18:34:36","modified_gmt":"2026-02-19T17:34:36","slug":"roleta-zaciemniajace-relaxdays-60-cm-x-160-cm","status":"publish","type":"product","link":"https:\/\/rad-pal.com.pl\/en\/sklep\/dom-i-ogrod\/wyposazenie\/wystroj-okien\/rolety\/rolety-proste\/roleta-zaciemniajace-relaxdays-60-cm-x-160-cm\/","title":{"rendered":"Roleta zaciemniaj\u0105ce Relaxdays 60 cm x 160 cm"},"content":{"rendered":"<section class=\"section\">\n<div class=\"item item-6\">\n<section class=\"image-item\"><img decoding=\"async\" src=\"https:\/\/upload.cdn.baselinker.com\/products\/6014502\/ff74bed1b86d70a2160180683c1b63d3.jpg\" \/><\/section>\n<\/p><\/div>\n<div class=\"item item-6\">\n<section class=\"text-item\">\n<p><b>ROLETA TERMICZNA ZACIEMNIAJ\u0104CA 160X60CM BIA\u0141A<\/b><\/p>\n<ul>\n<li><b>Ochrona przed wysok\u0105 temperatur\u0105:<\/b> Wysokiej jako\u015bci pow\u0142oka z ty\u0142u rolety termicznej chroni przed wysokimi temperaturami.<\/li>\n<\/ul>\n<ul>\n<li><b>Nieprzezroczysty:<\/b> Roleta okienna doskonale zaciemnia pomieszczenie, zapewniaj\u0105c prywatno\u015b\u0107 i bezpiecze\u0144stwo.<\/li>\n<\/ul>\n<ul>\n<li><b>Elastyczno\u015b\u0107:<\/b> System mocowania umo\u017cliwia mocowanie rolety bez wiercenia do ramy okiennej; Mo\u017cliwy jest r\u00f3wnie\u017c monta\u017c sufitowy lub \u015bcienny.<\/li>\n<\/ul>\n<ul>\n<li><b>Naci\u0105g \u0142a\u0144cuszkowy:<\/b> Po prostu przymocuj \u0142a\u0144cuszek rolety bocznej do \u015bciany, aby szybko zwija\u0107 i opuszcza\u0107.<\/li>\n<\/ul>\n<ul>\n<li><b>Kompatybilno\u015b\u0107:&nbsp;<\/b>\u015awietnie sprawdzi si\u0119 jako zas\u0142ona okna, drzwi balkonowych, drzwi szklanych itp.<\/li>\n<\/ul>\n<\/section><\/div>\n<\/section>\n<section class=\"section\">\n<div class=\"item item-6\">\n<section class=\"image-item\"><img decoding=\"async\" src=\"https:\/\/upload.cdn.baselinker.com\/products\/6014502\/2d8f15149853dbc5b466b8ca05c9603a.jpg\" \/><\/section>\n<\/p><\/div>\n<div class=\"item item-6\">\n<section class=\"image-item\"><img decoding=\"async\" src=\"https:\/\/upload.cdn.baselinker.com\/products\/6014502\/98a86b274e2ab89f1c59f9766a3bb199.jpg\" \/><\/section>\n<\/p><\/div>\n<\/section>\n<section class=\"section\">\n<div class=\"item item-6\">\n<section class=\"image-item\"><img decoding=\"async\" src=\"https:\/\/upload.cdn.baselinker.com\/products\/6014502\/94826d377eb2c5c655ee02cfc5bdcf32.jpg\" \/><\/section>\n<\/p><\/div>\n<div class=\"item item-6\">\n<section class=\"image-item\"><img decoding=\"async\" src=\"https:\/\/upload.cdn.baselinker.com\/products\/6014502\/bc9ac971179b78d128329f587a000588.jpg\" \/><\/section>\n<\/p><\/div>\n<\/section>\n<section class=\"section\">\n<div class=\"item item-6\">\n<section class=\"image-item\"><img decoding=\"async\" src=\"https:\/\/upload.cdn.baselinker.com\/products\/6014502\/0f318d1fd64892d78e305a5de3e058ed.jpg\" \/><\/section>\n<\/p><\/div>\n<div class=\"item item-6\">\n<section class=\"image-item\"><img decoding=\"async\" src=\"https:\/\/upload.cdn.baselinker.com\/products\/6014502\/f033310c5405171aa7a3f1f67422958b.jpg\" \/><\/section>\n<\/p><\/div>\n<\/section>\n<section class=\"section\">\n<div class=\"item item-6\">\n<section class=\"image-item\"><img decoding=\"async\" src=\"https:\/\/upload.cdn.baselinker.com\/products\/6014502\/2619a522ae1933811e37aebd1ce2358b.jpg\" \/><\/section>\n<\/p><\/div>\n<div class=\"item item-6\">\n<section class=\"image-item\"><img decoding=\"async\" src=\"https:\/\/upload.cdn.baselinker.com\/products\/6014502\/d15c1c86a4b49bbe715ada5b7c38c060.jpg\" \/><\/section>\n<\/p><\/div>\n<\/section>\n<section class=\"section\">\n<div class=\"item item-12\">\n<section class=\"text-item\">\n<p>1<\/p>\n<\/section><\/div>\n<\/section>","protected":false},"excerpt":{"rendered":"<p>ROLETA TERMICZNA ZACIEMNIAJ\u0104CA 160X60CM BIA\u0141A Ochrona przed wysok\u0105 temperatur\u0105: Wysokiej jako\u015bci pow\u0142oka z ty\u0142u rolety termicznej chroni przed wysokimi temperaturami.<\/p>","protected":false},"featured_media":36178,"template":"","meta":[],"product_brand":[],"product_cat":[86,552,553,87,440],"product_tag":[],"class_list":{"0":"post-36188","1":"product","2":"type-product","3":"status-publish","4":"has-post-thumbnail","6":"product_cat-dom-i-ogrod","7":"product_cat-rolety","8":"product_cat-rolety-proste","9":"product_cat-wyposazenie","10":"product_cat-wystroj-okien","12":"first","13":"instock","14":"taxable","15":"shipping-taxable","16":"purchasable","17":"product-type-simple"},"yoast_head":"<!-- This site is optimized with the Yoast SEO plugin v25.7 - https:\/\/yoast.com\/wordpress\/plugins\/seo\/ -->\n<title>Roleta zaciemniaj\u0105ce Relaxdays 60 cm x 160 cm - Rad-Pal<\/title>\n<meta name=\"robots\" content=\"index, follow, max-snippet:-1, max-image-preview:large, max-video-preview:-1\" \/>\n<link rel=\"canonical\" href=\"https:\/\/rad-pal.com.pl\/en\/sklep\/bez-kategorii\/roleta-zaciemniajace-relaxdays-60-cm-x-160-cm\/\" \/>\n<meta property=\"og:locale\" content=\"en_GB\" \/>\n<meta property=\"og:type\" content=\"article\" \/>\n<meta property=\"og:title\" content=\"Roleta zaciemniaj\u0105ce Relaxdays 60 cm x 160 cm - Rad-Pal\" \/>\n<meta property=\"og:description\" content=\"ROLETA TERMICZNA ZACIEMNIAJ\u0104CA 160X60CM BIA\u0141A Ochrona przed wysok\u0105 temperatur\u0105: Wysokiej jako\u015bci pow\u0142oka z ty\u0142u rolety termicznej chroni przed wysokimi temperaturami.\" \/>\n<meta property=\"og:url\" content=\"https:\/\/rad-pal.com.pl\/en\/sklep\/bez-kategorii\/roleta-zaciemniajace-relaxdays-60-cm-x-160-cm\/\" \/>\n<meta property=\"og:site_name\" content=\"Rad-Pal\" \/>\n<meta property=\"article:modified_time\" content=\"2026-02-19T17:34:36+00:00\" \/>\n<meta property=\"og:image\" content=\"https:\/\/upload.cdn.baselinker.com\/products\/6014502\/ff74bed1b86d70a2160180683c1b63d3.jpg\" \/>\n<meta name=\"twitter:card\" content=\"summary_large_image\" \/>\n<script type=\"application\/ld+json\" class=\"yoast-schema-graph\">{\"@context\":\"https:\/\/schema.org\",\"@graph\":[{\"@type\":\"WebPage\",\"@id\":\"https:\/\/rad-pal.com.pl\/sklep\/bez-kategorii\/roleta-zaciemniajace-relaxdays-60-cm-x-160-cm\/\",\"url\":\"https:\/\/rad-pal.com.pl\/sklep\/bez-kategorii\/roleta-zaciemniajace-relaxdays-60-cm-x-160-cm\/\",\"name\":\"Roleta zaciemniaj\u0105ce Relaxdays 60 cm x 160 cm - Rad-Pal\",\"isPartOf\":{\"@id\":\"https:\/\/rad-pal.com.pl\/#website\"},\"primaryImageOfPage\":{\"@id\":\"https:\/\/rad-pal.com.pl\/sklep\/bez-kategorii\/roleta-zaciemniajace-relaxdays-60-cm-x-160-cm\/#primaryimage\"},\"image\":{\"@id\":\"https:\/\/rad-pal.com.pl\/sklep\/bez-kategorii\/roleta-zaciemniajace-relaxdays-60-cm-x-160-cm\/#primaryimage\"},\"thumbnailUrl\":\"https:\/\/rad-pal.com.pl\/wp-content\/uploads\/2026\/02\/ff74bed1b86d70a2160180683c1b63d3.jpg\",\"datePublished\":\"2026-02-19T17:20:25+00:00\",\"dateModified\":\"2026-02-19T17:34:36+00:00\",\"breadcrumb\":{\"@id\":\"https:\/\/rad-pal.com.pl\/sklep\/bez-kategorii\/roleta-zaciemniajace-relaxdays-60-cm-x-160-cm\/#breadcrumb\"},\"inLanguage\":\"en-GB\",\"potentialAction\":[{\"@type\":\"ReadAction\",\"target\":[\"https:\/\/rad-pal.com.pl\/sklep\/bez-kategorii\/roleta-zaciemniajace-relaxdays-60-cm-x-160-cm\/\"]}]},{\"@type\":\"ImageObject\",\"inLanguage\":\"en-GB\",\"@id\":\"https:\/\/rad-pal.com.pl\/sklep\/bez-kategorii\/roleta-zaciemniajace-relaxdays-60-cm-x-160-cm\/#primaryimage\",\"url\":\"https:\/\/rad-pal.com.pl\/wp-content\/uploads\/2026\/02\/ff74bed1b86d70a2160180683c1b63d3.jpg\",\"contentUrl\":\"https:\/\/rad-pal.com.pl\/wp-content\/uploads\/2026\/02\/ff74bed1b86d70a2160180683c1b63d3.jpg\",\"width\":543,\"height\":1500,\"caption\":\"48db3b2dfd72dd020c2495953525e1b0\"},{\"@type\":\"BreadcrumbList\",\"@id\":\"https:\/\/rad-pal.com.pl\/sklep\/bez-kategorii\/roleta-zaciemniajace-relaxdays-60-cm-x-160-cm\/#breadcrumb\",\"itemListElement\":[{\"@type\":\"ListItem\",\"position\":1,\"name\":\"Strona g\u0142\u00f3wna\",\"item\":\"https:\/\/rad-pal.com.pl\/\"},{\"@type\":\"ListItem\",\"position\":2,\"name\":\"Sklep\",\"item\":\"https:\/\/rad-pal.com.pl\/sklep\/\"},{\"@type\":\"ListItem\",\"position\":3,\"name\":\"Roleta zaciemniaj\u0105ce Relaxdays 60 cm x 160 cm\"}]},{\"@type\":\"WebSite\",\"@id\":\"https:\/\/rad-pal.com.pl\/#website\",\"url\":\"https:\/\/rad-pal.com.pl\/\",\"name\":\"Rad-Pal\",\"description\":\"\",\"publisher\":{\"@id\":\"https:\/\/rad-pal.com.pl\/#organization\"},\"potentialAction\":[{\"@type\":\"SearchAction\",\"target\":{\"@type\":\"EntryPoint\",\"urlTemplate\":\"https:\/\/rad-pal.com.pl\/?s={search_term_string}\"},\"query-input\":{\"@type\":\"PropertyValueSpecification\",\"valueRequired\":true,\"valueName\":\"search_term_string\"}}],\"inLanguage\":\"en-GB\"},{\"@type\":\"Organization\",\"@id\":\"https:\/\/rad-pal.com.pl\/#organization\",\"name\":\"Rad-Pal\",\"url\":\"https:\/\/rad-pal.com.pl\/\",\"logo\":{\"@type\":\"ImageObject\",\"inLanguage\":\"en-GB\",\"@id\":\"https:\/\/rad-pal.com.pl\/#\/schema\/logo\/image\/\",\"url\":\"https:\/\/rad-pal.com.pl\/wp-content\/uploads\/2026\/03\/Projekt-bez-nazwy-30.webp\",\"contentUrl\":\"https:\/\/rad-pal.com.pl\/wp-content\/uploads\/2026\/03\/Projekt-bez-nazwy-30.webp\",\"width\":600,\"height\":210,\"caption\":\"Rad-Pal\"},\"image\":{\"@id\":\"https:\/\/rad-pal.com.pl\/#\/schema\/logo\/image\/\"}}]}<\/script>\n<!-- \/ Yoast SEO plugin. -->","yoast_head_json":{"title":"Roleta zaciemniaj\u0105ce Relaxdays 60 cm x 160 cm - Rad-Pal","robots":{"index":"index","follow":"follow","max-snippet":"max-snippet:-1","max-image-preview":"max-image-preview:large","max-video-preview":"max-video-preview:-1"},"canonical":"https:\/\/rad-pal.com.pl\/en\/sklep\/bez-kategorii\/roleta-zaciemniajace-relaxdays-60-cm-x-160-cm\/","og_locale":"en_GB","og_type":"article","og_title":"Roleta zaciemniaj\u0105ce Relaxdays 60 cm x 160 cm - Rad-Pal","og_description":"ROLETA TERMICZNA ZACIEMNIAJ\u0104CA 160X60CM BIA\u0141A Ochrona przed wysok\u0105 temperatur\u0105: Wysokiej jako\u015bci pow\u0142oka z ty\u0142u rolety termicznej chroni przed wysokimi temperaturami.","og_url":"https:\/\/rad-pal.com.pl\/en\/sklep\/bez-kategorii\/roleta-zaciemniajace-relaxdays-60-cm-x-160-cm\/","og_site_name":"Rad-Pal","article_modified_time":"2026-02-19T17:34:36+00:00","og_image":[{"url":"https:\/\/upload.cdn.baselinker.com\/products\/6014502\/ff74bed1b86d70a2160180683c1b63d3.jpg","type":"","width":"","height":""}],"twitter_card":"summary_large_image","schema":{"@context":"https:\/\/schema.org","@graph":[{"@type":"WebPage","@id":"https:\/\/rad-pal.com.pl\/sklep\/bez-kategorii\/roleta-zaciemniajace-relaxdays-60-cm-x-160-cm\/","url":"https:\/\/rad-pal.com.pl\/sklep\/bez-kategorii\/roleta-zaciemniajace-relaxdays-60-cm-x-160-cm\/","name":"Roleta zaciemniaj\u0105ce Relaxdays 60 cm x 160 cm - Rad-Pal","isPartOf":{"@id":"https:\/\/rad-pal.com.pl\/#website"},"primaryImageOfPage":{"@id":"https:\/\/rad-pal.com.pl\/sklep\/bez-kategorii\/roleta-zaciemniajace-relaxdays-60-cm-x-160-cm\/#primaryimage"},"image":{"@id":"https:\/\/rad-pal.com.pl\/sklep\/bez-kategorii\/roleta-zaciemniajace-relaxdays-60-cm-x-160-cm\/#primaryimage"},"thumbnailUrl":"https:\/\/rad-pal.com.pl\/wp-content\/uploads\/2026\/02\/ff74bed1b86d70a2160180683c1b63d3.jpg","datePublished":"2026-02-19T17:20:25+00:00","dateModified":"2026-02-19T17:34:36+00:00","breadcrumb":{"@id":"https:\/\/rad-pal.com.pl\/sklep\/bez-kategorii\/roleta-zaciemniajace-relaxdays-60-cm-x-160-cm\/#breadcrumb"},"inLanguage":"en-GB","potentialAction":[{"@type":"ReadAction","target":["https:\/\/rad-pal.com.pl\/sklep\/bez-kategorii\/roleta-zaciemniajace-relaxdays-60-cm-x-160-cm\/"]}]},{"@type":"ImageObject","inLanguage":"en-GB","@id":"https:\/\/rad-pal.com.pl\/sklep\/bez-kategorii\/roleta-zaciemniajace-relaxdays-60-cm-x-160-cm\/#primaryimage","url":"https:\/\/rad-pal.com.pl\/wp-content\/uploads\/2026\/02\/ff74bed1b86d70a2160180683c1b63d3.jpg","contentUrl":"https:\/\/rad-pal.com.pl\/wp-content\/uploads\/2026\/02\/ff74bed1b86d70a2160180683c1b63d3.jpg","width":543,"height":1500,"caption":"48db3b2dfd72dd020c2495953525e1b0"},{"@type":"BreadcrumbList","@id":"https:\/\/rad-pal.com.pl\/sklep\/bez-kategorii\/roleta-zaciemniajace-relaxdays-60-cm-x-160-cm\/#breadcrumb","itemListElement":[{"@type":"ListItem","position":1,"name":"Strona g\u0142\u00f3wna","item":"https:\/\/rad-pal.com.pl\/"},{"@type":"ListItem","position":2,"name":"Sklep","item":"https:\/\/rad-pal.com.pl\/sklep\/"},{"@type":"ListItem","position":3,"name":"Roleta zaciemniaj\u0105ce Relaxdays 60 cm x 160 cm"}]},{"@type":"WebSite","@id":"https:\/\/rad-pal.com.pl\/#website","url":"https:\/\/rad-pal.com.pl\/","name":"Rad-Pal","description":"","publisher":{"@id":"https:\/\/rad-pal.com.pl\/#organization"},"potentialAction":[{"@type":"SearchAction","target":{"@type":"EntryPoint","urlTemplate":"https:\/\/rad-pal.com.pl\/?s={search_term_string}"},"query-input":{"@type":"PropertyValueSpecification","valueRequired":true,"valueName":"search_term_string"}}],"inLanguage":"en-GB"},{"@type":"Organization","@id":"https:\/\/rad-pal.com.pl\/#organization","name":"Rad-Pal","url":"https:\/\/rad-pal.com.pl\/","logo":{"@type":"ImageObject","inLanguage":"en-GB","@id":"https:\/\/rad-pal.com.pl\/#\/schema\/logo\/image\/","url":"https:\/\/rad-pal.com.pl\/wp-content\/uploads\/2026\/03\/Projekt-bez-nazwy-30.webp","contentUrl":"https:\/\/rad-pal.com.pl\/wp-content\/uploads\/2026\/03\/Projekt-bez-nazwy-30.webp","width":600,"height":210,"caption":"Rad-Pal"},"image":{"@id":"https:\/\/rad-pal.com.pl\/#\/schema\/logo\/image\/"}}]}},"_links":{"self":[{"href":"https:\/\/rad-pal.com.pl\/en\/wp-json\/wp\/v2\/product\/36188","targetHints":{"allow":["GET"]}}],"collection":[{"href":"https:\/\/rad-pal.com.pl\/en\/wp-json\/wp\/v2\/product"}],"about":[{"href":"https:\/\/rad-pal.com.pl\/en\/wp-json\/wp\/v2\/types\/product"}],"version-history":[{"count":0,"href":"https:\/\/rad-pal.com.pl\/en\/wp-json\/wp\/v2\/product\/36188\/revisions"}],"wp:featuredmedia":[{"embeddable":true,"href":"https:\/\/rad-pal.com.pl\/en\/wp-json\/wp\/v2\/media\/36178"}],"wp:attachment":[{"href":"https:\/\/rad-pal.com.pl\/en\/wp-json\/wp\/v2\/media?parent=36188"}],"wp:term":[{"taxonomy":"product_brand","embeddable":true,"href":"https:\/\/rad-pal.com.pl\/en\/wp-json\/wp\/v2\/product_brand?post=36188"},{"taxonomy":"product_cat","embeddable":true,"href":"https:\/\/rad-pal.com.pl\/en\/wp-json\/wp\/v2\/product_cat?post=36188"},{"taxonomy":"product_tag","embeddable":true,"href":"https:\/\/rad-pal.com.pl\/en\/wp-json\/wp\/v2\/product_tag?post=36188"}],"curies":[{"name":"wp","href":"https:\/\/api.w.org\/{rel}","templated":true}]}}