{"id":36198,"date":"2026-02-19T18:21:01","date_gmt":"2026-02-19T17:21:01","guid":{"rendered":"https:\/\/rad-pal.com.pl\/sklep\/bez-kategorii\/relaxdays-polki-na-buty-zestaw-2-czesciowy-tacka-ociekowa-z-podwyzszona-k\/"},"modified":"2026-02-19T18:34:43","modified_gmt":"2026-02-19T17:34:43","slug":"relaxdays-polki-na-buty-zestaw-2-czesciowy-tacka-ociekowa-z-podwyzszona-k","status":"publish","type":"product","link":"https:\/\/rad-pal.com.pl\/en\/sklep\/dom-i-ogrod\/meble\/przedpokoj\/polki-przedpokoj\/relaxdays-polki-na-buty-zestaw-2-czesciowy-tacka-ociekowa-z-podwyzszona-k\/","title":{"rendered":"Relaxdays P\u00f3\u0142ki na buty, zestaw 2-cz\u0119\u015bciowy, tacka ociekowa z podwy\u017cszon\u0105 k"},"content":{"rendered":"<section class=\"section\">\n<div class=\"item item-12\">\n<section class=\"text-item\">\n<h2>Relaxdays P\u00f3\u0142ki na buty, zestaw 2-cz\u0119\u015bciowy, tacka ociekowa z podwy\u017cszon\u0105 k<\/h2>\n<\/section><\/div>\n<\/section>\n<section class=\"section\">\n<div class=\"item item-6\">\n<section class=\"image-item\"><img decoding=\"async\" src=\"https:\/\/upload.cdn.baselinker.com\/products\/6014502\/e8c111193b49b34dc75baff73d378408.jpg\" \/><\/section>\n<\/p><\/div>\n<div class=\"item item-6\">\n<section class=\"text-item\">\n<h1>Informacje o tym produkcie<\/h1>\n<ul>\n<li>Zestaw 2-cz\u0119\u015bciowy: 2 du\u017ce p\u00f3\u0142ki na buty do zbierania wody deszczowej i brudu \u2013 ka\u017cda na 3 do 4 par but\u00f3w<\/li>\n<li>Wy\u0142apuje brud: tacka ociekowa chroni pod\u0142og\u0119 przed zabrudzeniem \u2013 wysoka kraw\u0119d\u017a wy\u0142apuje wilgo\u0107<\/li>\n<li>Tworzywo sztuczne: czarne pojemniki na buty z polipropylenu \u2013 stabilne tworzywo sztuczne mo\u017cna \u0142atwo czy\u015bci\u0107<\/li>\n<li>Praktyczny: uchwyty u\u0142atwiaj\u0105 transport p\u00f3\u0142ki \u2013 profil do szybkiego suszenia but\u00f3w<\/li>\n<li>Wymiary (wys. x szer. x g\u0142.): ok. 3,2 x 75 x 36,5 cm \u2013 p\u00f3\u0142ka mo\u017ce by\u0107 stosowana w korytarzu lub w baga\u017cniku<\/li>\n<\/ul>\n<p>MarkaRelaxdaysKolorczarnyMateria\u0142Tworzywo sztuczneZalecane zastosowania dla produktuRegenschirm, SchuheWymiary produktu36,5D x 75W x 3,2H cmTyp instalacjiWolnostoj\u0105cyStylNowoczesnyTyp wyko\u0144czeniaStalMateria\u0142 ramkiTworzywo sztuczne<\/p>\n<\/section><\/div>\n<\/section>\n<section class=\"section\">\n<div class=\"item item-12\">\n<section class=\"image-item\"><img decoding=\"async\" src=\"https:\/\/upload.cdn.baselinker.com\/products\/6014502\/1cbd7a5c5a9893b43ba040ac418262b3.jpg\" \/><\/section>\n<\/p><\/div>\n<\/section>\n<section class=\"section\">\n<div class=\"item item-6\">\n<section class=\"image-item\"><img decoding=\"async\" src=\"https:\/\/upload.cdn.baselinker.com\/products\/6014502\/3abbd859520cf6c16fd3166a845c452e.jpg\" \/><\/section>\n<\/p><\/div>\n<div class=\"item item-6\">\n<section class=\"image-item\"><img decoding=\"async\" src=\"https:\/\/upload.cdn.baselinker.com\/products\/6014502\/e8c111193b49b34dc75baff73d378408.jpg\" \/><\/section>\n<\/p><\/div>\n<\/section>\n<section class=\"section\">\n<div class=\"item item-12\">\n<section class=\"text-item\">\n<p>1<\/p>\n<\/section><\/div>\n<\/section>","protected":false},"excerpt":{"rendered":"<p>Relaxdays P\u00f3\u0142ki na buty, zestaw 2-cz\u0119\u015bciowy, tacka ociekowa z podwy\u017cszon\u0105 k Informacje o tym produkcie Zestaw 2-cz\u0119\u015bciowy: 2 du\u017ce p\u00f3\u0142ki<\/p>","protected":false},"featured_media":36194,"template":"","meta":[],"product_brand":[],"product_cat":[86,94,303,150],"product_tag":[],"class_list":{"0":"post-36198","1":"product","2":"type-product","3":"status-publish","4":"has-post-thumbnail","6":"product_cat-dom-i-ogrod","7":"product_cat-meble","8":"product_cat-polki-przedpokoj","9":"product_cat-przedpokoj","11":"first","12":"instock","13":"taxable","14":"shipping-taxable","15":"purchasable","16":"product-type-simple"},"yoast_head":"<!-- This site is optimized with the Yoast SEO plugin v25.7 - https:\/\/yoast.com\/wordpress\/plugins\/seo\/ -->\n<title>Relaxdays P\u00f3\u0142ki na buty, zestaw 2-cz\u0119\u015bciowy, tacka ociekowa z podwy\u017cszon\u0105 k - Rad-Pal<\/title>\n<meta name=\"robots\" content=\"index, follow, max-snippet:-1, max-image-preview:large, max-video-preview:-1\" \/>\n<link rel=\"canonical\" href=\"https:\/\/rad-pal.com.pl\/en\/sklep\/bez-kategorii\/relaxdays-polki-na-buty-zestaw-2-czesciowy-tacka-ociekowa-z-podwyzszona-k\/\" \/>\n<meta property=\"og:locale\" content=\"en_GB\" \/>\n<meta property=\"og:type\" content=\"article\" \/>\n<meta property=\"og:title\" content=\"Relaxdays P\u00f3\u0142ki na buty, zestaw 2-cz\u0119\u015bciowy, tacka ociekowa z podwy\u017cszon\u0105 k - Rad-Pal\" \/>\n<meta property=\"og:description\" content=\"Relaxdays P\u00f3\u0142ki na buty, zestaw 2-cz\u0119\u015bciowy, tacka ociekowa z podwy\u017cszon\u0105 k Informacje o tym produkcie Zestaw 2-cz\u0119\u015bciowy: 2 du\u017ce p\u00f3\u0142ki\" \/>\n<meta property=\"og:url\" content=\"https:\/\/rad-pal.com.pl\/en\/sklep\/bez-kategorii\/relaxdays-polki-na-buty-zestaw-2-czesciowy-tacka-ociekowa-z-podwyzszona-k\/\" \/>\n<meta property=\"og:site_name\" content=\"Rad-Pal\" \/>\n<meta property=\"article:modified_time\" content=\"2026-02-19T17:34:43+00:00\" \/>\n<meta property=\"og:image\" content=\"https:\/\/upload.cdn.baselinker.com\/products\/6014502\/e8c111193b49b34dc75baff73d378408.jpg\" \/>\n<meta name=\"twitter:card\" content=\"summary_large_image\" \/>\n<meta name=\"twitter:label1\" content=\"Estimated reading time\" \/>\n\t<meta name=\"twitter:data1\" content=\"1 minute\" \/>\n<script type=\"application\/ld+json\" class=\"yoast-schema-graph\">{\"@context\":\"https:\/\/schema.org\",\"@graph\":[{\"@type\":\"WebPage\",\"@id\":\"https:\/\/rad-pal.com.pl\/sklep\/bez-kategorii\/relaxdays-polki-na-buty-zestaw-2-czesciowy-tacka-ociekowa-z-podwyzszona-k\/\",\"url\":\"https:\/\/rad-pal.com.pl\/sklep\/bez-kategorii\/relaxdays-polki-na-buty-zestaw-2-czesciowy-tacka-ociekowa-z-podwyzszona-k\/\",\"name\":\"Relaxdays P\u00f3\u0142ki na buty, zestaw 2-cz\u0119\u015bciowy, tacka ociekowa z podwy\u017cszon\u0105 k - Rad-Pal\",\"isPartOf\":{\"@id\":\"https:\/\/rad-pal.com.pl\/#website\"},\"primaryImageOfPage\":{\"@id\":\"https:\/\/rad-pal.com.pl\/sklep\/bez-kategorii\/relaxdays-polki-na-buty-zestaw-2-czesciowy-tacka-ociekowa-z-podwyzszona-k\/#primaryimage\"},\"image\":{\"@id\":\"https:\/\/rad-pal.com.pl\/sklep\/bez-kategorii\/relaxdays-polki-na-buty-zestaw-2-czesciowy-tacka-ociekowa-z-podwyzszona-k\/#primaryimage\"},\"thumbnailUrl\":\"https:\/\/rad-pal.com.pl\/wp-content\/uploads\/2026\/02\/1cbd7a5c5a9893b43ba040ac418262b3.jpg\",\"datePublished\":\"2026-02-19T17:21:01+00:00\",\"dateModified\":\"2026-02-19T17:34:43+00:00\",\"breadcrumb\":{\"@id\":\"https:\/\/rad-pal.com.pl\/sklep\/bez-kategorii\/relaxdays-polki-na-buty-zestaw-2-czesciowy-tacka-ociekowa-z-podwyzszona-k\/#breadcrumb\"},\"inLanguage\":\"en-GB\",\"potentialAction\":[{\"@type\":\"ReadAction\",\"target\":[\"https:\/\/rad-pal.com.pl\/sklep\/bez-kategorii\/relaxdays-polki-na-buty-zestaw-2-czesciowy-tacka-ociekowa-z-podwyzszona-k\/\"]}]},{\"@type\":\"ImageObject\",\"inLanguage\":\"en-GB\",\"@id\":\"https:\/\/rad-pal.com.pl\/sklep\/bez-kategorii\/relaxdays-polki-na-buty-zestaw-2-czesciowy-tacka-ociekowa-z-podwyzszona-k\/#primaryimage\",\"url\":\"https:\/\/rad-pal.com.pl\/wp-content\/uploads\/2026\/02\/1cbd7a5c5a9893b43ba040ac418262b3.jpg\",\"contentUrl\":\"https:\/\/rad-pal.com.pl\/wp-content\/uploads\/2026\/02\/1cbd7a5c5a9893b43ba040ac418262b3.jpg\",\"width\":679,\"height\":625,\"caption\":\"de3d1d68cbadbc6464e4cafc9039884a\"},{\"@type\":\"BreadcrumbList\",\"@id\":\"https:\/\/rad-pal.com.pl\/sklep\/bez-kategorii\/relaxdays-polki-na-buty-zestaw-2-czesciowy-tacka-ociekowa-z-podwyzszona-k\/#breadcrumb\",\"itemListElement\":[{\"@type\":\"ListItem\",\"position\":1,\"name\":\"Strona g\u0142\u00f3wna\",\"item\":\"https:\/\/rad-pal.com.pl\/\"},{\"@type\":\"ListItem\",\"position\":2,\"name\":\"Sklep\",\"item\":\"https:\/\/rad-pal.com.pl\/sklep\/\"},{\"@type\":\"ListItem\",\"position\":3,\"name\":\"Relaxdays P\u00f3\u0142ki na buty, zestaw 2-cz\u0119\u015bciowy, tacka ociekowa z podwy\u017cszon\u0105 k\"}]},{\"@type\":\"WebSite\",\"@id\":\"https:\/\/rad-pal.com.pl\/#website\",\"url\":\"https:\/\/rad-pal.com.pl\/\",\"name\":\"Rad-Pal\",\"description\":\"\",\"publisher\":{\"@id\":\"https:\/\/rad-pal.com.pl\/#organization\"},\"potentialAction\":[{\"@type\":\"SearchAction\",\"target\":{\"@type\":\"EntryPoint\",\"urlTemplate\":\"https:\/\/rad-pal.com.pl\/?s={search_term_string}\"},\"query-input\":{\"@type\":\"PropertyValueSpecification\",\"valueRequired\":true,\"valueName\":\"search_term_string\"}}],\"inLanguage\":\"en-GB\"},{\"@type\":\"Organization\",\"@id\":\"https:\/\/rad-pal.com.pl\/#organization\",\"name\":\"Rad-Pal\",\"url\":\"https:\/\/rad-pal.com.pl\/\",\"logo\":{\"@type\":\"ImageObject\",\"inLanguage\":\"en-GB\",\"@id\":\"https:\/\/rad-pal.com.pl\/#\/schema\/logo\/image\/\",\"url\":\"https:\/\/rad-pal.com.pl\/wp-content\/uploads\/2026\/03\/Projekt-bez-nazwy-30.webp\",\"contentUrl\":\"https:\/\/rad-pal.com.pl\/wp-content\/uploads\/2026\/03\/Projekt-bez-nazwy-30.webp\",\"width\":600,\"height\":210,\"caption\":\"Rad-Pal\"},\"image\":{\"@id\":\"https:\/\/rad-pal.com.pl\/#\/schema\/logo\/image\/\"}}]}<\/script>\n<!-- \/ Yoast SEO plugin. -->","yoast_head_json":{"title":"Relaxdays P\u00f3\u0142ki na buty, zestaw 2-cz\u0119\u015bciowy, tacka ociekowa z podwy\u017cszon\u0105 k - Rad-Pal","robots":{"index":"index","follow":"follow","max-snippet":"max-snippet:-1","max-image-preview":"max-image-preview:large","max-video-preview":"max-video-preview:-1"},"canonical":"https:\/\/rad-pal.com.pl\/en\/sklep\/bez-kategorii\/relaxdays-polki-na-buty-zestaw-2-czesciowy-tacka-ociekowa-z-podwyzszona-k\/","og_locale":"en_GB","og_type":"article","og_title":"Relaxdays P\u00f3\u0142ki na buty, zestaw 2-cz\u0119\u015bciowy, tacka ociekowa z podwy\u017cszon\u0105 k - Rad-Pal","og_description":"Relaxdays P\u00f3\u0142ki na buty, zestaw 2-cz\u0119\u015bciowy, tacka ociekowa z podwy\u017cszon\u0105 k Informacje o tym produkcie Zestaw 2-cz\u0119\u015bciowy: 2 du\u017ce p\u00f3\u0142ki","og_url":"https:\/\/rad-pal.com.pl\/en\/sklep\/bez-kategorii\/relaxdays-polki-na-buty-zestaw-2-czesciowy-tacka-ociekowa-z-podwyzszona-k\/","og_site_name":"Rad-Pal","article_modified_time":"2026-02-19T17:34:43+00:00","og_image":[{"url":"https:\/\/upload.cdn.baselinker.com\/products\/6014502\/e8c111193b49b34dc75baff73d378408.jpg","type":"","width":"","height":""}],"twitter_card":"summary_large_image","twitter_misc":{"Estimated reading time":"1 minute"},"schema":{"@context":"https:\/\/schema.org","@graph":[{"@type":"WebPage","@id":"https:\/\/rad-pal.com.pl\/sklep\/bez-kategorii\/relaxdays-polki-na-buty-zestaw-2-czesciowy-tacka-ociekowa-z-podwyzszona-k\/","url":"https:\/\/rad-pal.com.pl\/sklep\/bez-kategorii\/relaxdays-polki-na-buty-zestaw-2-czesciowy-tacka-ociekowa-z-podwyzszona-k\/","name":"Relaxdays P\u00f3\u0142ki na buty, zestaw 2-cz\u0119\u015bciowy, tacka ociekowa z podwy\u017cszon\u0105 k - Rad-Pal","isPartOf":{"@id":"https:\/\/rad-pal.com.pl\/#website"},"primaryImageOfPage":{"@id":"https:\/\/rad-pal.com.pl\/sklep\/bez-kategorii\/relaxdays-polki-na-buty-zestaw-2-czesciowy-tacka-ociekowa-z-podwyzszona-k\/#primaryimage"},"image":{"@id":"https:\/\/rad-pal.com.pl\/sklep\/bez-kategorii\/relaxdays-polki-na-buty-zestaw-2-czesciowy-tacka-ociekowa-z-podwyzszona-k\/#primaryimage"},"thumbnailUrl":"https:\/\/rad-pal.com.pl\/wp-content\/uploads\/2026\/02\/1cbd7a5c5a9893b43ba040ac418262b3.jpg","datePublished":"2026-02-19T17:21:01+00:00","dateModified":"2026-02-19T17:34:43+00:00","breadcrumb":{"@id":"https:\/\/rad-pal.com.pl\/sklep\/bez-kategorii\/relaxdays-polki-na-buty-zestaw-2-czesciowy-tacka-ociekowa-z-podwyzszona-k\/#breadcrumb"},"inLanguage":"en-GB","potentialAction":[{"@type":"ReadAction","target":["https:\/\/rad-pal.com.pl\/sklep\/bez-kategorii\/relaxdays-polki-na-buty-zestaw-2-czesciowy-tacka-ociekowa-z-podwyzszona-k\/"]}]},{"@type":"ImageObject","inLanguage":"en-GB","@id":"https:\/\/rad-pal.com.pl\/sklep\/bez-kategorii\/relaxdays-polki-na-buty-zestaw-2-czesciowy-tacka-ociekowa-z-podwyzszona-k\/#primaryimage","url":"https:\/\/rad-pal.com.pl\/wp-content\/uploads\/2026\/02\/1cbd7a5c5a9893b43ba040ac418262b3.jpg","contentUrl":"https:\/\/rad-pal.com.pl\/wp-content\/uploads\/2026\/02\/1cbd7a5c5a9893b43ba040ac418262b3.jpg","width":679,"height":625,"caption":"de3d1d68cbadbc6464e4cafc9039884a"},{"@type":"BreadcrumbList","@id":"https:\/\/rad-pal.com.pl\/sklep\/bez-kategorii\/relaxdays-polki-na-buty-zestaw-2-czesciowy-tacka-ociekowa-z-podwyzszona-k\/#breadcrumb","itemListElement":[{"@type":"ListItem","position":1,"name":"Strona g\u0142\u00f3wna","item":"https:\/\/rad-pal.com.pl\/"},{"@type":"ListItem","position":2,"name":"Sklep","item":"https:\/\/rad-pal.com.pl\/sklep\/"},{"@type":"ListItem","position":3,"name":"Relaxdays P\u00f3\u0142ki na buty, zestaw 2-cz\u0119\u015bciowy, tacka ociekowa z podwy\u017cszon\u0105 k"}]},{"@type":"WebSite","@id":"https:\/\/rad-pal.com.pl\/#website","url":"https:\/\/rad-pal.com.pl\/","name":"Rad-Pal","description":"","publisher":{"@id":"https:\/\/rad-pal.com.pl\/#organization"},"potentialAction":[{"@type":"SearchAction","target":{"@type":"EntryPoint","urlTemplate":"https:\/\/rad-pal.com.pl\/?s={search_term_string}"},"query-input":{"@type":"PropertyValueSpecification","valueRequired":true,"valueName":"search_term_string"}}],"inLanguage":"en-GB"},{"@type":"Organization","@id":"https:\/\/rad-pal.com.pl\/#organization","name":"Rad-Pal","url":"https:\/\/rad-pal.com.pl\/","logo":{"@type":"ImageObject","inLanguage":"en-GB","@id":"https:\/\/rad-pal.com.pl\/#\/schema\/logo\/image\/","url":"https:\/\/rad-pal.com.pl\/wp-content\/uploads\/2026\/03\/Projekt-bez-nazwy-30.webp","contentUrl":"https:\/\/rad-pal.com.pl\/wp-content\/uploads\/2026\/03\/Projekt-bez-nazwy-30.webp","width":600,"height":210,"caption":"Rad-Pal"},"image":{"@id":"https:\/\/rad-pal.com.pl\/#\/schema\/logo\/image\/"}}]}},"_links":{"self":[{"href":"https:\/\/rad-pal.com.pl\/en\/wp-json\/wp\/v2\/product\/36198","targetHints":{"allow":["GET"]}}],"collection":[{"href":"https:\/\/rad-pal.com.pl\/en\/wp-json\/wp\/v2\/product"}],"about":[{"href":"https:\/\/rad-pal.com.pl\/en\/wp-json\/wp\/v2\/types\/product"}],"version-history":[{"count":0,"href":"https:\/\/rad-pal.com.pl\/en\/wp-json\/wp\/v2\/product\/36198\/revisions"}],"wp:featuredmedia":[{"embeddable":true,"href":"https:\/\/rad-pal.com.pl\/en\/wp-json\/wp\/v2\/media\/36194"}],"wp:attachment":[{"href":"https:\/\/rad-pal.com.pl\/en\/wp-json\/wp\/v2\/media?parent=36198"}],"wp:term":[{"taxonomy":"product_brand","embeddable":true,"href":"https:\/\/rad-pal.com.pl\/en\/wp-json\/wp\/v2\/product_brand?post=36198"},{"taxonomy":"product_cat","embeddable":true,"href":"https:\/\/rad-pal.com.pl\/en\/wp-json\/wp\/v2\/product_cat?post=36198"},{"taxonomy":"product_tag","embeddable":true,"href":"https:\/\/rad-pal.com.pl\/en\/wp-json\/wp\/v2\/product_tag?post=36198"}],"curies":[{"name":"wp","href":"https:\/\/api.w.org\/{rel}","templated":true}]}}