{"id":36287,"date":"2026-02-19T18:25:50","date_gmt":"2026-02-19T17:25:50","guid":{"rendered":"https:\/\/rad-pal.com.pl\/sklep\/bez-kategorii\/makrama-wiszaca-zygzak\/"},"modified":"2026-02-19T19:23:52","modified_gmt":"2026-02-19T18:23:52","slug":"makrama-wiszaca-zygzak","status":"publish","type":"product","link":"https:\/\/rad-pal.com.pl\/en\/sklep\/kolekcje-i-sztuka\/rekodzielo\/przedmioty-recznie-wykonane\/wyposazenie-domu\/makramy\/makrama-wiszaca-zygzak\/","title":{"rendered":"Makrama wisz\u0105ca Zygzak"},"content":{"rendered":"<section class=\"section\">\n<div class=\"item item-6\">\n<section class=\"image-item\"><img decoding=\"async\" src=\"https:\/\/upload.cdn.baselinker.com\/products\/6014502\/ac09fd57f79700df1d1fee063e16f524.jpg\" \/><\/section>\n<\/p><\/div>\n<div class=\"item item-6\">\n<section class=\"text-item\">\n<p>Makrama \u015bcienna dla wi\u0119kszej przytulno\u015bci<\/p>\n<p>Udekoruj swoje \u015bciany bawe\u0142nian\u0105 makram\u0105 w kolorze kremowym. Tradycyjna technika wi\u0105zania w\u0119z\u0142\u00f3w z Orientu oraz przyjemny materia\u0142 nadaj\u0105 ka\u017cdemu pomieszczeniu ciep\u0142y charakter. Symetryczny wz\u00f3r wykonany r\u0119cznie z w\u0119z\u0142\u00f3w krzy\u017cowych i p\u0119telkowych. Ta modna dekoracja \u015bcienna doskonale komponuje si\u0119 w stylu boho, ale sprawdzi si\u0119 r\u00f3wnie\u017c jako dekoracja do jogi w stylu indie lub wprowadzi wakacyjn\u0105 atmosfer\u0119 w stylu Ibiza. Szczeg\u00f3lnie efektowne s\u0105 dekoracje boho na tle jednolitych \u015bcian.<\/p>\n<p>Orientalna dekoracja do domu<\/p>\n<p>Wieszak \u015bcienny z bawe\u0142ny w stylu makramy<\/p>\n<p>Dekoracyjna ozdoba \u015bcienna do salonu, sypialni i nie tylko<\/p>\n<p>R\u0119cznie wi\u0105zane w\u0119z\u0142y tworz\u0105 wspania\u0142y design<\/p>\n<p>Makrama pasuje mi\u0119dzy innymi do styl\u00f3w boho, indie i Ibiza<\/p>\n<p>Zawieszenie na naturalnym dr\u0105\u017cku z drewna sosnowego<\/p>\n<p>Wszechstronna dekoracja boho, idealna tak\u017ce jako dekoracja okna<\/p>\n<\/section><\/div>\n<\/section>\n<section class=\"section\">\n<div class=\"item item-12\">\n<section class=\"text-item\">\n<p>1<\/p>\n<\/section><\/div>\n<\/section>","protected":false},"excerpt":{"rendered":"<p>Makrama \u015bcienna dla wi\u0119kszej przytulno\u015bci Udekoruj swoje \u015bciany bawe\u0142nian\u0105 makram\u0105 w kolorze kremowym. Tradycyjna technika wi\u0105zania w\u0119z\u0142\u00f3w z Orientu oraz<\/p>","protected":false},"featured_media":36280,"template":"","meta":[],"product_brand":[],"product_cat":[219,565,563,220,564],"product_tag":[],"class_list":{"0":"post-36287","1":"product","2":"type-product","3":"status-publish","4":"has-post-thumbnail","6":"product_cat-kolekcje-i-sztuka","7":"product_cat-makramy","8":"product_cat-przedmioty-recznie-wykonane","9":"product_cat-rekodzielo","10":"product_cat-wyposazenie-domu","12":"first","13":"instock","14":"taxable","15":"shipping-taxable","16":"purchasable","17":"product-type-simple"},"yoast_head":"<!-- This site is optimized with the Yoast SEO plugin v25.7 - https:\/\/yoast.com\/wordpress\/plugins\/seo\/ -->\n<title>Makrama wisz\u0105ca Zygzak - Rad-Pal<\/title>\n<meta name=\"robots\" content=\"index, follow, max-snippet:-1, max-image-preview:large, max-video-preview:-1\" \/>\n<link rel=\"canonical\" href=\"https:\/\/rad-pal.com.pl\/en\/sklep\/bez-kategorii\/makrama-wiszaca-zygzak\/\" \/>\n<meta property=\"og:locale\" content=\"en_GB\" \/>\n<meta property=\"og:type\" content=\"article\" \/>\n<meta property=\"og:title\" content=\"Makrama wisz\u0105ca Zygzak - Rad-Pal\" \/>\n<meta property=\"og:description\" content=\"Makrama \u015bcienna dla wi\u0119kszej przytulno\u015bci Udekoruj swoje \u015bciany bawe\u0142nian\u0105 makram\u0105 w kolorze kremowym. Tradycyjna technika wi\u0105zania w\u0119z\u0142\u00f3w z Orientu oraz\" \/>\n<meta property=\"og:url\" content=\"https:\/\/rad-pal.com.pl\/en\/sklep\/bez-kategorii\/makrama-wiszaca-zygzak\/\" \/>\n<meta property=\"og:site_name\" content=\"Rad-Pal\" \/>\n<meta property=\"article:modified_time\" content=\"2026-02-19T18:23:52+00:00\" \/>\n<meta property=\"og:image\" content=\"https:\/\/upload.cdn.baselinker.com\/products\/6014502\/ac09fd57f79700df1d1fee063e16f524.jpg\" \/>\n<meta name=\"twitter:card\" content=\"summary_large_image\" \/>\n<meta name=\"twitter:label1\" content=\"Estimated reading time\" \/>\n\t<meta name=\"twitter:data1\" content=\"1 minute\" \/>\n<script type=\"application\/ld+json\" class=\"yoast-schema-graph\">{\"@context\":\"https:\/\/schema.org\",\"@graph\":[{\"@type\":\"WebPage\",\"@id\":\"https:\/\/rad-pal.com.pl\/sklep\/bez-kategorii\/makrama-wiszaca-zygzak\/\",\"url\":\"https:\/\/rad-pal.com.pl\/sklep\/bez-kategorii\/makrama-wiszaca-zygzak\/\",\"name\":\"Makrama wisz\u0105ca Zygzak - Rad-Pal\",\"isPartOf\":{\"@id\":\"https:\/\/rad-pal.com.pl\/#website\"},\"primaryImageOfPage\":{\"@id\":\"https:\/\/rad-pal.com.pl\/sklep\/bez-kategorii\/makrama-wiszaca-zygzak\/#primaryimage\"},\"image\":{\"@id\":\"https:\/\/rad-pal.com.pl\/sklep\/bez-kategorii\/makrama-wiszaca-zygzak\/#primaryimage\"},\"thumbnailUrl\":\"https:\/\/rad-pal.com.pl\/wp-content\/uploads\/2026\/02\/ac09fd57f79700df1d1fee063e16f524.jpg\",\"datePublished\":\"2026-02-19T17:25:50+00:00\",\"dateModified\":\"2026-02-19T18:23:52+00:00\",\"breadcrumb\":{\"@id\":\"https:\/\/rad-pal.com.pl\/sklep\/bez-kategorii\/makrama-wiszaca-zygzak\/#breadcrumb\"},\"inLanguage\":\"en-GB\",\"potentialAction\":[{\"@type\":\"ReadAction\",\"target\":[\"https:\/\/rad-pal.com.pl\/sklep\/bez-kategorii\/makrama-wiszaca-zygzak\/\"]}]},{\"@type\":\"ImageObject\",\"inLanguage\":\"en-GB\",\"@id\":\"https:\/\/rad-pal.com.pl\/sklep\/bez-kategorii\/makrama-wiszaca-zygzak\/#primaryimage\",\"url\":\"https:\/\/rad-pal.com.pl\/wp-content\/uploads\/2026\/02\/ac09fd57f79700df1d1fee063e16f524.jpg\",\"contentUrl\":\"https:\/\/rad-pal.com.pl\/wp-content\/uploads\/2026\/02\/ac09fd57f79700df1d1fee063e16f524.jpg\",\"width\":681,\"height\":681,\"caption\":\"38cf2a5053b6b9fa834ab0106f9d93d9\"},{\"@type\":\"BreadcrumbList\",\"@id\":\"https:\/\/rad-pal.com.pl\/sklep\/bez-kategorii\/makrama-wiszaca-zygzak\/#breadcrumb\",\"itemListElement\":[{\"@type\":\"ListItem\",\"position\":1,\"name\":\"Strona g\u0142\u00f3wna\",\"item\":\"https:\/\/rad-pal.com.pl\/\"},{\"@type\":\"ListItem\",\"position\":2,\"name\":\"Sklep\",\"item\":\"https:\/\/rad-pal.com.pl\/sklep\/\"},{\"@type\":\"ListItem\",\"position\":3,\"name\":\"Makrama wisz\u0105ca Zygzak\"}]},{\"@type\":\"WebSite\",\"@id\":\"https:\/\/rad-pal.com.pl\/#website\",\"url\":\"https:\/\/rad-pal.com.pl\/\",\"name\":\"Rad-Pal\",\"description\":\"\",\"publisher\":{\"@id\":\"https:\/\/rad-pal.com.pl\/#organization\"},\"potentialAction\":[{\"@type\":\"SearchAction\",\"target\":{\"@type\":\"EntryPoint\",\"urlTemplate\":\"https:\/\/rad-pal.com.pl\/?s={search_term_string}\"},\"query-input\":{\"@type\":\"PropertyValueSpecification\",\"valueRequired\":true,\"valueName\":\"search_term_string\"}}],\"inLanguage\":\"en-GB\"},{\"@type\":\"Organization\",\"@id\":\"https:\/\/rad-pal.com.pl\/#organization\",\"name\":\"Rad-Pal\",\"url\":\"https:\/\/rad-pal.com.pl\/\",\"logo\":{\"@type\":\"ImageObject\",\"inLanguage\":\"en-GB\",\"@id\":\"https:\/\/rad-pal.com.pl\/#\/schema\/logo\/image\/\",\"url\":\"https:\/\/rad-pal.com.pl\/wp-content\/uploads\/2026\/03\/Projekt-bez-nazwy-30.webp\",\"contentUrl\":\"https:\/\/rad-pal.com.pl\/wp-content\/uploads\/2026\/03\/Projekt-bez-nazwy-30.webp\",\"width\":600,\"height\":210,\"caption\":\"Rad-Pal\"},\"image\":{\"@id\":\"https:\/\/rad-pal.com.pl\/#\/schema\/logo\/image\/\"}}]}<\/script>\n<!-- \/ Yoast SEO plugin. -->","yoast_head_json":{"title":"Makrama wisz\u0105ca Zygzak - Rad-Pal","robots":{"index":"index","follow":"follow","max-snippet":"max-snippet:-1","max-image-preview":"max-image-preview:large","max-video-preview":"max-video-preview:-1"},"canonical":"https:\/\/rad-pal.com.pl\/en\/sklep\/bez-kategorii\/makrama-wiszaca-zygzak\/","og_locale":"en_GB","og_type":"article","og_title":"Makrama wisz\u0105ca Zygzak - Rad-Pal","og_description":"Makrama \u015bcienna dla wi\u0119kszej przytulno\u015bci Udekoruj swoje \u015bciany bawe\u0142nian\u0105 makram\u0105 w kolorze kremowym. Tradycyjna technika wi\u0105zania w\u0119z\u0142\u00f3w z Orientu oraz","og_url":"https:\/\/rad-pal.com.pl\/en\/sklep\/bez-kategorii\/makrama-wiszaca-zygzak\/","og_site_name":"Rad-Pal","article_modified_time":"2026-02-19T18:23:52+00:00","og_image":[{"url":"https:\/\/upload.cdn.baselinker.com\/products\/6014502\/ac09fd57f79700df1d1fee063e16f524.jpg","type":"","width":"","height":""}],"twitter_card":"summary_large_image","twitter_misc":{"Estimated reading time":"1 minute"},"schema":{"@context":"https:\/\/schema.org","@graph":[{"@type":"WebPage","@id":"https:\/\/rad-pal.com.pl\/sklep\/bez-kategorii\/makrama-wiszaca-zygzak\/","url":"https:\/\/rad-pal.com.pl\/sklep\/bez-kategorii\/makrama-wiszaca-zygzak\/","name":"Makrama wisz\u0105ca Zygzak - Rad-Pal","isPartOf":{"@id":"https:\/\/rad-pal.com.pl\/#website"},"primaryImageOfPage":{"@id":"https:\/\/rad-pal.com.pl\/sklep\/bez-kategorii\/makrama-wiszaca-zygzak\/#primaryimage"},"image":{"@id":"https:\/\/rad-pal.com.pl\/sklep\/bez-kategorii\/makrama-wiszaca-zygzak\/#primaryimage"},"thumbnailUrl":"https:\/\/rad-pal.com.pl\/wp-content\/uploads\/2026\/02\/ac09fd57f79700df1d1fee063e16f524.jpg","datePublished":"2026-02-19T17:25:50+00:00","dateModified":"2026-02-19T18:23:52+00:00","breadcrumb":{"@id":"https:\/\/rad-pal.com.pl\/sklep\/bez-kategorii\/makrama-wiszaca-zygzak\/#breadcrumb"},"inLanguage":"en-GB","potentialAction":[{"@type":"ReadAction","target":["https:\/\/rad-pal.com.pl\/sklep\/bez-kategorii\/makrama-wiszaca-zygzak\/"]}]},{"@type":"ImageObject","inLanguage":"en-GB","@id":"https:\/\/rad-pal.com.pl\/sklep\/bez-kategorii\/makrama-wiszaca-zygzak\/#primaryimage","url":"https:\/\/rad-pal.com.pl\/wp-content\/uploads\/2026\/02\/ac09fd57f79700df1d1fee063e16f524.jpg","contentUrl":"https:\/\/rad-pal.com.pl\/wp-content\/uploads\/2026\/02\/ac09fd57f79700df1d1fee063e16f524.jpg","width":681,"height":681,"caption":"38cf2a5053b6b9fa834ab0106f9d93d9"},{"@type":"BreadcrumbList","@id":"https:\/\/rad-pal.com.pl\/sklep\/bez-kategorii\/makrama-wiszaca-zygzak\/#breadcrumb","itemListElement":[{"@type":"ListItem","position":1,"name":"Strona g\u0142\u00f3wna","item":"https:\/\/rad-pal.com.pl\/"},{"@type":"ListItem","position":2,"name":"Sklep","item":"https:\/\/rad-pal.com.pl\/sklep\/"},{"@type":"ListItem","position":3,"name":"Makrama wisz\u0105ca Zygzak"}]},{"@type":"WebSite","@id":"https:\/\/rad-pal.com.pl\/#website","url":"https:\/\/rad-pal.com.pl\/","name":"Rad-Pal","description":"","publisher":{"@id":"https:\/\/rad-pal.com.pl\/#organization"},"potentialAction":[{"@type":"SearchAction","target":{"@type":"EntryPoint","urlTemplate":"https:\/\/rad-pal.com.pl\/?s={search_term_string}"},"query-input":{"@type":"PropertyValueSpecification","valueRequired":true,"valueName":"search_term_string"}}],"inLanguage":"en-GB"},{"@type":"Organization","@id":"https:\/\/rad-pal.com.pl\/#organization","name":"Rad-Pal","url":"https:\/\/rad-pal.com.pl\/","logo":{"@type":"ImageObject","inLanguage":"en-GB","@id":"https:\/\/rad-pal.com.pl\/#\/schema\/logo\/image\/","url":"https:\/\/rad-pal.com.pl\/wp-content\/uploads\/2026\/03\/Projekt-bez-nazwy-30.webp","contentUrl":"https:\/\/rad-pal.com.pl\/wp-content\/uploads\/2026\/03\/Projekt-bez-nazwy-30.webp","width":600,"height":210,"caption":"Rad-Pal"},"image":{"@id":"https:\/\/rad-pal.com.pl\/#\/schema\/logo\/image\/"}}]}},"_links":{"self":[{"href":"https:\/\/rad-pal.com.pl\/en\/wp-json\/wp\/v2\/product\/36287","targetHints":{"allow":["GET"]}}],"collection":[{"href":"https:\/\/rad-pal.com.pl\/en\/wp-json\/wp\/v2\/product"}],"about":[{"href":"https:\/\/rad-pal.com.pl\/en\/wp-json\/wp\/v2\/types\/product"}],"version-history":[{"count":0,"href":"https:\/\/rad-pal.com.pl\/en\/wp-json\/wp\/v2\/product\/36287\/revisions"}],"wp:featuredmedia":[{"embeddable":true,"href":"https:\/\/rad-pal.com.pl\/en\/wp-json\/wp\/v2\/media\/36280"}],"wp:attachment":[{"href":"https:\/\/rad-pal.com.pl\/en\/wp-json\/wp\/v2\/media?parent=36287"}],"wp:term":[{"taxonomy":"product_brand","embeddable":true,"href":"https:\/\/rad-pal.com.pl\/en\/wp-json\/wp\/v2\/product_brand?post=36287"},{"taxonomy":"product_cat","embeddable":true,"href":"https:\/\/rad-pal.com.pl\/en\/wp-json\/wp\/v2\/product_cat?post=36287"},{"taxonomy":"product_tag","embeddable":true,"href":"https:\/\/rad-pal.com.pl\/en\/wp-json\/wp\/v2\/product_tag?post=36287"}],"curies":[{"name":"wp","href":"https:\/\/api.w.org\/{rel}","templated":true}]}}