{"id":36457,"date":"2026-02-19T18:34:20","date_gmt":"2026-02-19T17:34:20","guid":{"rendered":"https:\/\/rad-pal.com.pl\/sklep\/bez-kategorii\/zestaw-dwoch-misek-ceramiczna-relaxdays-bialy-brazowy\/"},"modified":"2026-02-19T19:28:01","modified_gmt":"2026-02-19T18:28:01","slug":"zestaw-dwoch-misek-ceramiczna-relaxdays-bialy-brazowy","status":"publish","type":"product","link":"https:\/\/rad-pal.com.pl\/en\/sklep\/supermarket\/artykuly-dla-zwierzat\/dla-psow\/miski\/zestaw-dwoch-misek-ceramiczna-relaxdays-bialy-brazowy\/","title":{"rendered":"Zestaw dw\u00f3ch misek ceramiczna Relaxdays bia\u0142y, br\u0105zowy"},"content":{"rendered":"<section class=\"section\">\n<div class=\"item item-12\">\n<section class=\"text-item\">\n<h1>2 miski dla psa z bambusowym stojakiem<\/h1>\n<p>Nowe Nadwy\u017cka magazynowa. Opakowanie przyniszczone<\/p>\n<\/section><\/div>\n<\/section>\n<section class=\"section\">\n<div class=\"item item-6\">\n<section class=\"text-item\">\n<h2>Wysoki bufet dla czworonog\u00f3w<\/h2>\n<p>Dzi\u0119ki temu wytrzyma\u0142emu stojakowi na miski nie b\u0119dziesz ju\u017c mie\u0107 problem\u00f3w z przewr\u00f3conymi miskami i rozsypanym jedzeniem. Ceramiczne miski wisz\u0105 bezpiecznie w stacji karmienia, gdzie Tw\u00f3j czworono\u017cny przyjaciel mo\u017ce je chwyci\u0107. Dzi\u0119ki podwy\u017cszonej pozycji, szyja zwierz\u0119cia jest chroniona. Nape\u0142nij dwie miski such\u0105 lub mokr\u0105 karm\u0105 i wod\u0105 w zale\u017cno\u015bci od potrzeb, a po u\u017cyciu po prostu umyj je w zmywarce.<\/p>\n<p>Ilo\u015b\u0107 karmy nale\u017cy zawsze opiera\u0107 na informacjach podanych na opakowaniu karmy, a nie na rozmiarze miski.<\/p>\n<h2>Stojak na miski dla kot\u00f3w i ma\u0142ych ps\u00f3w<\/h2>\n<ul>\n<li>nadaje si\u0119 zar\u00f3wno do wody, jak i suchej lub mokrej karmy<\/li>\n<li>z 2 ceramicznymi miskami do karmienia, kt\u00f3re mo\u017cna my\u0107 w zmywarce<\/li>\n<li>z antypo\u015blizgowymi stoperami zapewniaj\u0105cymi stabilno\u015b\u0107<\/li>\n<li>bezpieczna wysoko\u015b\u0107 dla czworonog\u00f3w<\/li>\n<\/ul>\n<\/section><\/div>\n<div class=\"item item-6\">\n<section class=\"image-item\"><img decoding=\"async\" src=\"https:\/\/upload.cdn.baselinker.com\/products\/6014502\/79635fb0d694fcbb14225e1058f30156.jpg\" \/><\/section>\n<\/p><\/div>\n<\/section>\n<section class=\"section\">\n<div class=\"item item-6\">\n<section class=\"image-item\"><img decoding=\"async\" src=\"https:\/\/upload.cdn.baselinker.com\/products\/6014502\/6df930324a1d3b35df7500709f4e5bd5.jpg\" \/><\/section>\n<\/p><\/div>\n<div class=\"item item-6\">\n<section class=\"text-item\">\n<h2>Parametry stojaka z miskami dla psa<\/h2>\n<ul>\n<li>wymiary: ok.&nbsp;6 x 29 x 13,5 cm&nbsp;(wys. x szer. x g\u0142\u0119b.)<\/li>\n<li>wymiary zewn\u0119trzne misek: ok.&nbsp;4,5 x 12 cm (wys. x \u015br.)<\/li>\n<li>pojemno\u015b\u0107 ka\u017cdej z misek: po ok. 270 ml<\/li>\n<li>waga: ok. 0,6 kg<\/li>\n<li>materia\u0142: bambus, ceramika<\/li>\n<li>kolor: jasnobr\u0105zowy, bia\u0142y<\/li>\n<\/ul>\n<ul>\n<li>1x stojak<\/li>\n<li>2x miska dla psa<\/li>\n<li>bez dekoracji<\/li>\n<\/ul>\n<h2>Sk\u0142ad Materia\u0142u<\/h2>\n<ul>\n<li>70% bambus<\/li>\n<li>30% ceramika<\/li>\n<\/ul>\n<\/section><\/div>\n<\/section>\n<section class=\"section\">\n<div class=\"item item-6\">\n<section class=\"image-item\"><img decoding=\"async\" src=\"https:\/\/upload.cdn.baselinker.com\/products\/6014502\/b81a32253700fe5f22d6f6bf078f3b1a.jpg\" \/><\/section>\n<\/p><\/div>\n<div class=\"item item-6\">\n<section class=\"image-item\"><img decoding=\"async\" src=\"https:\/\/upload.cdn.baselinker.com\/products\/6014502\/ca69d7be1672437d85dcec1d841c0c8d.jpg\" \/><\/section>\n<\/p><\/div>\n<\/section>","protected":false},"excerpt":{"rendered":"<p>2 miski dla psa z bambusowym stojakiem Nowe Nadwy\u017cka magazynowa. Opakowanie przyniszczone Wysoki bufet dla czworonog\u00f3w Dzi\u0119ki temu wytrzyma\u0142emu stojakowi<\/p>","protected":false},"featured_media":36451,"template":"","meta":[],"product_brand":[],"product_cat":[98,309,423,97],"product_tag":[],"class_list":{"0":"post-36457","1":"product","2":"type-product","3":"status-publish","4":"has-post-thumbnail","6":"product_cat-artykuly-dla-zwierzat","7":"product_cat-dla-psow","8":"product_cat-miski","9":"product_cat-supermarket","11":"first","12":"instock","13":"taxable","14":"shipping-taxable","15":"purchasable","16":"product-type-simple"},"yoast_head":"<!-- This site is optimized with the Yoast SEO plugin v25.7 - https:\/\/yoast.com\/wordpress\/plugins\/seo\/ -->\n<title>Zestaw dw\u00f3ch misek ceramiczna Relaxdays bia\u0142y, br\u0105zowy - Rad-Pal<\/title>\n<meta name=\"robots\" content=\"index, follow, max-snippet:-1, max-image-preview:large, max-video-preview:-1\" \/>\n<link rel=\"canonical\" href=\"https:\/\/rad-pal.com.pl\/en\/sklep\/bez-kategorii\/zestaw-dwoch-misek-ceramiczna-relaxdays-bialy-brazowy\/\" \/>\n<meta property=\"og:locale\" content=\"en_GB\" \/>\n<meta property=\"og:type\" content=\"article\" \/>\n<meta property=\"og:title\" content=\"Zestaw dw\u00f3ch misek ceramiczna Relaxdays bia\u0142y, br\u0105zowy - Rad-Pal\" \/>\n<meta property=\"og:description\" content=\"2 miski dla psa z bambusowym stojakiem Nowe Nadwy\u017cka magazynowa. Opakowanie przyniszczone Wysoki bufet dla czworonog\u00f3w Dzi\u0119ki temu wytrzyma\u0142emu stojakowi\" \/>\n<meta property=\"og:url\" content=\"https:\/\/rad-pal.com.pl\/en\/sklep\/bez-kategorii\/zestaw-dwoch-misek-ceramiczna-relaxdays-bialy-brazowy\/\" \/>\n<meta property=\"og:site_name\" content=\"Rad-Pal\" \/>\n<meta property=\"article:modified_time\" content=\"2026-02-19T18:28:01+00:00\" \/>\n<meta property=\"og:image\" content=\"https:\/\/upload.cdn.baselinker.com\/products\/6014502\/79635fb0d694fcbb14225e1058f30156.jpg\" \/>\n<meta name=\"twitter:card\" content=\"summary_large_image\" \/>\n<meta name=\"twitter:label1\" content=\"Estimated reading time\" \/>\n\t<meta name=\"twitter:data1\" content=\"1 minute\" \/>\n<script type=\"application\/ld+json\" class=\"yoast-schema-graph\">{\"@context\":\"https:\/\/schema.org\",\"@graph\":[{\"@type\":\"WebPage\",\"@id\":\"https:\/\/rad-pal.com.pl\/sklep\/bez-kategorii\/zestaw-dwoch-misek-ceramiczna-relaxdays-bialy-brazowy\/\",\"url\":\"https:\/\/rad-pal.com.pl\/sklep\/bez-kategorii\/zestaw-dwoch-misek-ceramiczna-relaxdays-bialy-brazowy\/\",\"name\":\"Zestaw dw\u00f3ch misek ceramiczna Relaxdays bia\u0142y, br\u0105zowy - Rad-Pal\",\"isPartOf\":{\"@id\":\"https:\/\/rad-pal.com.pl\/#website\"},\"primaryImageOfPage\":{\"@id\":\"https:\/\/rad-pal.com.pl\/sklep\/bez-kategorii\/zestaw-dwoch-misek-ceramiczna-relaxdays-bialy-brazowy\/#primaryimage\"},\"image\":{\"@id\":\"https:\/\/rad-pal.com.pl\/sklep\/bez-kategorii\/zestaw-dwoch-misek-ceramiczna-relaxdays-bialy-brazowy\/#primaryimage\"},\"thumbnailUrl\":\"https:\/\/rad-pal.com.pl\/wp-content\/uploads\/2026\/02\/1da1ae4aad4eb147b7c67490c90d1485.jpg\",\"datePublished\":\"2026-02-19T17:34:20+00:00\",\"dateModified\":\"2026-02-19T18:28:01+00:00\",\"breadcrumb\":{\"@id\":\"https:\/\/rad-pal.com.pl\/sklep\/bez-kategorii\/zestaw-dwoch-misek-ceramiczna-relaxdays-bialy-brazowy\/#breadcrumb\"},\"inLanguage\":\"en-GB\",\"potentialAction\":[{\"@type\":\"ReadAction\",\"target\":[\"https:\/\/rad-pal.com.pl\/sklep\/bez-kategorii\/zestaw-dwoch-misek-ceramiczna-relaxdays-bialy-brazowy\/\"]}]},{\"@type\":\"ImageObject\",\"inLanguage\":\"en-GB\",\"@id\":\"https:\/\/rad-pal.com.pl\/sklep\/bez-kategorii\/zestaw-dwoch-misek-ceramiczna-relaxdays-bialy-brazowy\/#primaryimage\",\"url\":\"https:\/\/rad-pal.com.pl\/wp-content\/uploads\/2026\/02\/1da1ae4aad4eb147b7c67490c90d1485.jpg\",\"contentUrl\":\"https:\/\/rad-pal.com.pl\/wp-content\/uploads\/2026\/02\/1da1ae4aad4eb147b7c67490c90d1485.jpg\",\"width\":2048,\"height\":2048,\"caption\":\"5591bd7353115addd003b3fb4249fe78\"},{\"@type\":\"BreadcrumbList\",\"@id\":\"https:\/\/rad-pal.com.pl\/sklep\/bez-kategorii\/zestaw-dwoch-misek-ceramiczna-relaxdays-bialy-brazowy\/#breadcrumb\",\"itemListElement\":[{\"@type\":\"ListItem\",\"position\":1,\"name\":\"Strona g\u0142\u00f3wna\",\"item\":\"https:\/\/rad-pal.com.pl\/\"},{\"@type\":\"ListItem\",\"position\":2,\"name\":\"Sklep\",\"item\":\"https:\/\/rad-pal.com.pl\/sklep\/\"},{\"@type\":\"ListItem\",\"position\":3,\"name\":\"Zestaw dw\u00f3ch misek ceramiczna Relaxdays bia\u0142y, br\u0105zowy\"}]},{\"@type\":\"WebSite\",\"@id\":\"https:\/\/rad-pal.com.pl\/#website\",\"url\":\"https:\/\/rad-pal.com.pl\/\",\"name\":\"Rad-Pal\",\"description\":\"\",\"publisher\":{\"@id\":\"https:\/\/rad-pal.com.pl\/#organization\"},\"potentialAction\":[{\"@type\":\"SearchAction\",\"target\":{\"@type\":\"EntryPoint\",\"urlTemplate\":\"https:\/\/rad-pal.com.pl\/?s={search_term_string}\"},\"query-input\":{\"@type\":\"PropertyValueSpecification\",\"valueRequired\":true,\"valueName\":\"search_term_string\"}}],\"inLanguage\":\"en-GB\"},{\"@type\":\"Organization\",\"@id\":\"https:\/\/rad-pal.com.pl\/#organization\",\"name\":\"Rad-Pal\",\"url\":\"https:\/\/rad-pal.com.pl\/\",\"logo\":{\"@type\":\"ImageObject\",\"inLanguage\":\"en-GB\",\"@id\":\"https:\/\/rad-pal.com.pl\/#\/schema\/logo\/image\/\",\"url\":\"https:\/\/rad-pal.com.pl\/wp-content\/uploads\/2026\/03\/Projekt-bez-nazwy-30.webp\",\"contentUrl\":\"https:\/\/rad-pal.com.pl\/wp-content\/uploads\/2026\/03\/Projekt-bez-nazwy-30.webp\",\"width\":600,\"height\":210,\"caption\":\"Rad-Pal\"},\"image\":{\"@id\":\"https:\/\/rad-pal.com.pl\/#\/schema\/logo\/image\/\"}}]}<\/script>\n<!-- \/ Yoast SEO plugin. -->","yoast_head_json":{"title":"Zestaw dw\u00f3ch misek ceramiczna Relaxdays bia\u0142y, br\u0105zowy - Rad-Pal","robots":{"index":"index","follow":"follow","max-snippet":"max-snippet:-1","max-image-preview":"max-image-preview:large","max-video-preview":"max-video-preview:-1"},"canonical":"https:\/\/rad-pal.com.pl\/en\/sklep\/bez-kategorii\/zestaw-dwoch-misek-ceramiczna-relaxdays-bialy-brazowy\/","og_locale":"en_GB","og_type":"article","og_title":"Zestaw dw\u00f3ch misek ceramiczna Relaxdays bia\u0142y, br\u0105zowy - Rad-Pal","og_description":"2 miski dla psa z bambusowym stojakiem Nowe Nadwy\u017cka magazynowa. Opakowanie przyniszczone Wysoki bufet dla czworonog\u00f3w Dzi\u0119ki temu wytrzyma\u0142emu stojakowi","og_url":"https:\/\/rad-pal.com.pl\/en\/sklep\/bez-kategorii\/zestaw-dwoch-misek-ceramiczna-relaxdays-bialy-brazowy\/","og_site_name":"Rad-Pal","article_modified_time":"2026-02-19T18:28:01+00:00","og_image":[{"url":"https:\/\/upload.cdn.baselinker.com\/products\/6014502\/79635fb0d694fcbb14225e1058f30156.jpg","type":"","width":"","height":""}],"twitter_card":"summary_large_image","twitter_misc":{"Estimated reading time":"1 minute"},"schema":{"@context":"https:\/\/schema.org","@graph":[{"@type":"WebPage","@id":"https:\/\/rad-pal.com.pl\/sklep\/bez-kategorii\/zestaw-dwoch-misek-ceramiczna-relaxdays-bialy-brazowy\/","url":"https:\/\/rad-pal.com.pl\/sklep\/bez-kategorii\/zestaw-dwoch-misek-ceramiczna-relaxdays-bialy-brazowy\/","name":"Zestaw dw\u00f3ch misek ceramiczna Relaxdays bia\u0142y, br\u0105zowy - Rad-Pal","isPartOf":{"@id":"https:\/\/rad-pal.com.pl\/#website"},"primaryImageOfPage":{"@id":"https:\/\/rad-pal.com.pl\/sklep\/bez-kategorii\/zestaw-dwoch-misek-ceramiczna-relaxdays-bialy-brazowy\/#primaryimage"},"image":{"@id":"https:\/\/rad-pal.com.pl\/sklep\/bez-kategorii\/zestaw-dwoch-misek-ceramiczna-relaxdays-bialy-brazowy\/#primaryimage"},"thumbnailUrl":"https:\/\/rad-pal.com.pl\/wp-content\/uploads\/2026\/02\/1da1ae4aad4eb147b7c67490c90d1485.jpg","datePublished":"2026-02-19T17:34:20+00:00","dateModified":"2026-02-19T18:28:01+00:00","breadcrumb":{"@id":"https:\/\/rad-pal.com.pl\/sklep\/bez-kategorii\/zestaw-dwoch-misek-ceramiczna-relaxdays-bialy-brazowy\/#breadcrumb"},"inLanguage":"en-GB","potentialAction":[{"@type":"ReadAction","target":["https:\/\/rad-pal.com.pl\/sklep\/bez-kategorii\/zestaw-dwoch-misek-ceramiczna-relaxdays-bialy-brazowy\/"]}]},{"@type":"ImageObject","inLanguage":"en-GB","@id":"https:\/\/rad-pal.com.pl\/sklep\/bez-kategorii\/zestaw-dwoch-misek-ceramiczna-relaxdays-bialy-brazowy\/#primaryimage","url":"https:\/\/rad-pal.com.pl\/wp-content\/uploads\/2026\/02\/1da1ae4aad4eb147b7c67490c90d1485.jpg","contentUrl":"https:\/\/rad-pal.com.pl\/wp-content\/uploads\/2026\/02\/1da1ae4aad4eb147b7c67490c90d1485.jpg","width":2048,"height":2048,"caption":"5591bd7353115addd003b3fb4249fe78"},{"@type":"BreadcrumbList","@id":"https:\/\/rad-pal.com.pl\/sklep\/bez-kategorii\/zestaw-dwoch-misek-ceramiczna-relaxdays-bialy-brazowy\/#breadcrumb","itemListElement":[{"@type":"ListItem","position":1,"name":"Strona g\u0142\u00f3wna","item":"https:\/\/rad-pal.com.pl\/"},{"@type":"ListItem","position":2,"name":"Sklep","item":"https:\/\/rad-pal.com.pl\/sklep\/"},{"@type":"ListItem","position":3,"name":"Zestaw dw\u00f3ch misek ceramiczna Relaxdays bia\u0142y, br\u0105zowy"}]},{"@type":"WebSite","@id":"https:\/\/rad-pal.com.pl\/#website","url":"https:\/\/rad-pal.com.pl\/","name":"Rad-Pal","description":"","publisher":{"@id":"https:\/\/rad-pal.com.pl\/#organization"},"potentialAction":[{"@type":"SearchAction","target":{"@type":"EntryPoint","urlTemplate":"https:\/\/rad-pal.com.pl\/?s={search_term_string}"},"query-input":{"@type":"PropertyValueSpecification","valueRequired":true,"valueName":"search_term_string"}}],"inLanguage":"en-GB"},{"@type":"Organization","@id":"https:\/\/rad-pal.com.pl\/#organization","name":"Rad-Pal","url":"https:\/\/rad-pal.com.pl\/","logo":{"@type":"ImageObject","inLanguage":"en-GB","@id":"https:\/\/rad-pal.com.pl\/#\/schema\/logo\/image\/","url":"https:\/\/rad-pal.com.pl\/wp-content\/uploads\/2026\/03\/Projekt-bez-nazwy-30.webp","contentUrl":"https:\/\/rad-pal.com.pl\/wp-content\/uploads\/2026\/03\/Projekt-bez-nazwy-30.webp","width":600,"height":210,"caption":"Rad-Pal"},"image":{"@id":"https:\/\/rad-pal.com.pl\/#\/schema\/logo\/image\/"}}]}},"_links":{"self":[{"href":"https:\/\/rad-pal.com.pl\/en\/wp-json\/wp\/v2\/product\/36457","targetHints":{"allow":["GET"]}}],"collection":[{"href":"https:\/\/rad-pal.com.pl\/en\/wp-json\/wp\/v2\/product"}],"about":[{"href":"https:\/\/rad-pal.com.pl\/en\/wp-json\/wp\/v2\/types\/product"}],"version-history":[{"count":0,"href":"https:\/\/rad-pal.com.pl\/en\/wp-json\/wp\/v2\/product\/36457\/revisions"}],"wp:featuredmedia":[{"embeddable":true,"href":"https:\/\/rad-pal.com.pl\/en\/wp-json\/wp\/v2\/media\/36451"}],"wp:attachment":[{"href":"https:\/\/rad-pal.com.pl\/en\/wp-json\/wp\/v2\/media?parent=36457"}],"wp:term":[{"taxonomy":"product_brand","embeddable":true,"href":"https:\/\/rad-pal.com.pl\/en\/wp-json\/wp\/v2\/product_brand?post=36457"},{"taxonomy":"product_cat","embeddable":true,"href":"https:\/\/rad-pal.com.pl\/en\/wp-json\/wp\/v2\/product_cat?post=36457"},{"taxonomy":"product_tag","embeddable":true,"href":"https:\/\/rad-pal.com.pl\/en\/wp-json\/wp\/v2\/product_tag?post=36457"}],"curies":[{"name":"wp","href":"https:\/\/api.w.org\/{rel}","templated":true}]}}