{"id":36622,"date":"2026-02-19T18:42:01","date_gmt":"2026-02-19T17:42:01","guid":{"rendered":"https:\/\/rad-pal.com.pl\/sklep\/bez-kategorii\/pompka-podlogowa-relaxdays-profi-czarny\/"},"modified":"2026-02-19T19:29:21","modified_gmt":"2026-02-19T18:29:21","slug":"pompka-podlogowa-relaxdays-profi-czarny","status":"publish","type":"product","link":"https:\/\/rad-pal.com.pl\/en\/sklep\/sport-i-turystyka\/rowery-i-akcesoria\/akcesoria-rowery-i-akcesoria\/pompki-rowerowe\/pompka-podlogowa-relaxdays-profi-czarny\/","title":{"rendered":"Pompka pod\u0142ogowa Relaxdays profi czarny"},"content":{"rendered":"<section class=\"section\">\n<div class=\"item item-6\">\n<section class=\"image-item\"><img decoding=\"async\" src=\"https:\/\/upload.cdn.baselinker.com\/products\/6014502\/b378990c6d82ac0fe9d0180c0e257405.jpg\" \/><\/section>\n<\/p><\/div>\n<div class=\"item item-6\">\n<section class=\"text-item\">\n<h1>Relaxdays Pompka pod\u0142ogowa profi czarny<\/h1>\n<ul>\n<li>Po prostu szybko<\/li>\n<li>Z manometrem<\/li>\n<li>podw\u00f3jna g\u0142owica pompy<\/li>\n<li>uchwyt na w\u0105\u017c<\/li>\n<li>adapter na 3 zawory<\/li>\n<\/ul>\n<\/section><\/div>\n<\/section>\n<section class=\"section\">\n<div class=\"item item-6\">\n<section class=\"text-item\">\n<h2>Stoj\u0105ca pompa powietrza PROFI<\/h2>\n<p>Pompka pod\u0142ogowa jest idealna, je\u015bli chcesz szybko i \u0142atwo napompowa\u0107 opony rowerowe lub samochodowe, pontony, pi\u0142ki lub zabawki pla\u017cowe.&nbsp;Podw\u00f3jna g\u0142owica pompy w po\u0142\u0105czeniu z 3 adapterami zawor\u00f3w otwiera drog\u0119 do szerokiego zakresu zastosowa\u0144.&nbsp;Dzi\u0119ki wy\u015bwietlaczowi mo\u017cesz \u015bledzi\u0107 ci\u015bnienie bez konieczno\u015bci polegania na niejasnych szacunkach.&nbsp;Je\u015bli nie potrzebujesz ju\u017c pompy powietrza, po prostu umie\u015b\u0107 w\u0105\u017c z powrotem w uchwytach.<\/p>\n<\/section><\/div>\n<div class=\"item item-6\">\n<section class=\"image-item\"><img decoding=\"async\" src=\"https:\/\/upload.cdn.baselinker.com\/products\/6014502\/2ea6acda097baa23248816ffc3c36c4c.jpg\" \/><\/section>\n<\/p><\/div>\n<\/section>\n<section class=\"section\">\n<div class=\"item item-6\">\n<section class=\"image-item\"><img decoding=\"async\" src=\"https:\/\/upload.cdn.baselinker.com\/products\/6014502\/a308bbff9238b3c72b70e3bd5587a779.jpg\" \/><\/section>\n<\/p><\/div>\n<div class=\"item item-6\">\n<section class=\"text-item\">\n<h2>Wysokoci\u015bnieniowa pompa pod\u0142ogowa<\/h2>\n<ul>\n<li>Do opon, ponton\u00f3w, pi\u0142ek i wielu innych.<\/li>\n<li>Okr\u0105g\u0142y manometr (do 11 bar\u00f3w \/ 160 psi)<\/li>\n<li>Podw\u00f3jna g\u0142owica pompy dla wszystkich zawor\u00f3w<\/li>\n<li>Zdejmowana komora z 3 adapterami zawor\u00f3w<\/li>\n<li>Zawie\u015b w\u0105\u017c w uchwytach, aby zaoszcz\u0119dzi\u0107 miejsce<\/li>\n<li>Szeroka podstawa do swobodnego pompowania<\/li>\n<\/ul>\n<ul>\n<li>1x pompa pod\u0142ogowa<\/li>\n<li>3x adapter zaworu<\/li>\n<li>bez dekoracji<\/li>\n<li>zmontowane<\/li>\n<\/ul>\n<h2>Pompka pod\u0142ogowa z manometrem w skr\u00f3cie<\/h2>\n<ul>\n<li>Wymiary ca\u0142kowite wys. x szer. x g\u0142.: ok. 60 x 22,5 x 9 cm<\/li>\n<li>W\u0105\u017c o d\u0142ugo\u015bci ok. 70 cm<\/li>\n<li>Wykonane z ABS, PP i metalu<\/li>\n<li>Wa\u017cy ok. 900g<\/li>\n<li>W czerni<\/li>\n<\/ul>\n<\/section><\/div>\n<\/section>","protected":false},"excerpt":{"rendered":"<p>Relaxdays Pompka pod\u0142ogowa profi czarny Po prostu szybko Z manometrem podw\u00f3jna g\u0142owica pompy uchwyt na w\u0105\u017c adapter na 3 zawory<\/p>","protected":false},"featured_media":36616,"template":"","meta":[],"product_brand":[],"product_cat":[453,588,451,76],"product_tag":[],"class_list":{"0":"post-36622","1":"product","2":"type-product","3":"status-publish","4":"has-post-thumbnail","6":"product_cat-akcesoria-rowery-i-akcesoria","7":"product_cat-pompki-rowerowe","8":"product_cat-rowery-i-akcesoria","9":"product_cat-sport-i-turystyka","11":"first","12":"instock","13":"taxable","14":"shipping-taxable","15":"purchasable","16":"product-type-simple"},"yoast_head":"<!-- This site is optimized with the Yoast SEO plugin v25.7 - https:\/\/yoast.com\/wordpress\/plugins\/seo\/ -->\n<title>Pompka pod\u0142ogowa Relaxdays profi czarny - Rad-Pal<\/title>\n<meta name=\"robots\" content=\"index, follow, max-snippet:-1, max-image-preview:large, max-video-preview:-1\" \/>\n<link rel=\"canonical\" href=\"https:\/\/rad-pal.com.pl\/en\/sklep\/bez-kategorii\/pompka-podlogowa-relaxdays-profi-czarny\/\" \/>\n<meta property=\"og:locale\" content=\"en_GB\" \/>\n<meta property=\"og:type\" content=\"article\" \/>\n<meta property=\"og:title\" content=\"Pompka pod\u0142ogowa Relaxdays profi czarny - Rad-Pal\" \/>\n<meta property=\"og:description\" content=\"Relaxdays Pompka pod\u0142ogowa profi czarny Po prostu szybko Z manometrem podw\u00f3jna g\u0142owica pompy uchwyt na w\u0105\u017c adapter na 3 zawory\" \/>\n<meta property=\"og:url\" content=\"https:\/\/rad-pal.com.pl\/en\/sklep\/bez-kategorii\/pompka-podlogowa-relaxdays-profi-czarny\/\" \/>\n<meta property=\"og:site_name\" content=\"Rad-Pal\" \/>\n<meta property=\"article:modified_time\" content=\"2026-02-19T18:29:21+00:00\" \/>\n<meta property=\"og:image\" content=\"https:\/\/upload.cdn.baselinker.com\/products\/6014502\/b378990c6d82ac0fe9d0180c0e257405.jpg\" \/>\n<meta name=\"twitter:card\" content=\"summary_large_image\" \/>\n<meta name=\"twitter:label1\" content=\"Estimated reading time\" \/>\n\t<meta name=\"twitter:data1\" content=\"1 minute\" \/>\n<script type=\"application\/ld+json\" class=\"yoast-schema-graph\">{\"@context\":\"https:\/\/schema.org\",\"@graph\":[{\"@type\":\"WebPage\",\"@id\":\"https:\/\/rad-pal.com.pl\/sklep\/bez-kategorii\/pompka-podlogowa-relaxdays-profi-czarny\/\",\"url\":\"https:\/\/rad-pal.com.pl\/sklep\/bez-kategorii\/pompka-podlogowa-relaxdays-profi-czarny\/\",\"name\":\"Pompka pod\u0142ogowa Relaxdays profi czarny - Rad-Pal\",\"isPartOf\":{\"@id\":\"https:\/\/rad-pal.com.pl\/#website\"},\"primaryImageOfPage\":{\"@id\":\"https:\/\/rad-pal.com.pl\/sklep\/bez-kategorii\/pompka-podlogowa-relaxdays-profi-czarny\/#primaryimage\"},\"image\":{\"@id\":\"https:\/\/rad-pal.com.pl\/sklep\/bez-kategorii\/pompka-podlogowa-relaxdays-profi-czarny\/#primaryimage\"},\"thumbnailUrl\":\"https:\/\/rad-pal.com.pl\/wp-content\/uploads\/2026\/02\/acfe58273e87be49a2cf483001d6d81b.jpg\",\"datePublished\":\"2026-02-19T17:42:01+00:00\",\"dateModified\":\"2026-02-19T18:29:21+00:00\",\"breadcrumb\":{\"@id\":\"https:\/\/rad-pal.com.pl\/sklep\/bez-kategorii\/pompka-podlogowa-relaxdays-profi-czarny\/#breadcrumb\"},\"inLanguage\":\"en-GB\",\"potentialAction\":[{\"@type\":\"ReadAction\",\"target\":[\"https:\/\/rad-pal.com.pl\/sklep\/bez-kategorii\/pompka-podlogowa-relaxdays-profi-czarny\/\"]}]},{\"@type\":\"ImageObject\",\"inLanguage\":\"en-GB\",\"@id\":\"https:\/\/rad-pal.com.pl\/sklep\/bez-kategorii\/pompka-podlogowa-relaxdays-profi-czarny\/#primaryimage\",\"url\":\"https:\/\/rad-pal.com.pl\/wp-content\/uploads\/2026\/02\/acfe58273e87be49a2cf483001d6d81b.jpg\",\"contentUrl\":\"https:\/\/rad-pal.com.pl\/wp-content\/uploads\/2026\/02\/acfe58273e87be49a2cf483001d6d81b.jpg\",\"width\":2560,\"height\":2560,\"caption\":\"7ddbdbb59ca5ff8b3a07eac444438476\"},{\"@type\":\"BreadcrumbList\",\"@id\":\"https:\/\/rad-pal.com.pl\/sklep\/bez-kategorii\/pompka-podlogowa-relaxdays-profi-czarny\/#breadcrumb\",\"itemListElement\":[{\"@type\":\"ListItem\",\"position\":1,\"name\":\"Strona g\u0142\u00f3wna\",\"item\":\"https:\/\/rad-pal.com.pl\/\"},{\"@type\":\"ListItem\",\"position\":2,\"name\":\"Sklep\",\"item\":\"https:\/\/rad-pal.com.pl\/sklep\/\"},{\"@type\":\"ListItem\",\"position\":3,\"name\":\"Pompka pod\u0142ogowa Relaxdays profi czarny\"}]},{\"@type\":\"WebSite\",\"@id\":\"https:\/\/rad-pal.com.pl\/#website\",\"url\":\"https:\/\/rad-pal.com.pl\/\",\"name\":\"Rad-Pal\",\"description\":\"\",\"publisher\":{\"@id\":\"https:\/\/rad-pal.com.pl\/#organization\"},\"potentialAction\":[{\"@type\":\"SearchAction\",\"target\":{\"@type\":\"EntryPoint\",\"urlTemplate\":\"https:\/\/rad-pal.com.pl\/?s={search_term_string}\"},\"query-input\":{\"@type\":\"PropertyValueSpecification\",\"valueRequired\":true,\"valueName\":\"search_term_string\"}}],\"inLanguage\":\"en-GB\"},{\"@type\":\"Organization\",\"@id\":\"https:\/\/rad-pal.com.pl\/#organization\",\"name\":\"Rad-Pal\",\"url\":\"https:\/\/rad-pal.com.pl\/\",\"logo\":{\"@type\":\"ImageObject\",\"inLanguage\":\"en-GB\",\"@id\":\"https:\/\/rad-pal.com.pl\/#\/schema\/logo\/image\/\",\"url\":\"https:\/\/rad-pal.com.pl\/wp-content\/uploads\/2026\/03\/Projekt-bez-nazwy-30.webp\",\"contentUrl\":\"https:\/\/rad-pal.com.pl\/wp-content\/uploads\/2026\/03\/Projekt-bez-nazwy-30.webp\",\"width\":600,\"height\":210,\"caption\":\"Rad-Pal\"},\"image\":{\"@id\":\"https:\/\/rad-pal.com.pl\/#\/schema\/logo\/image\/\"}}]}<\/script>\n<!-- \/ Yoast SEO plugin. -->","yoast_head_json":{"title":"Pompka pod\u0142ogowa Relaxdays profi czarny - Rad-Pal","robots":{"index":"index","follow":"follow","max-snippet":"max-snippet:-1","max-image-preview":"max-image-preview:large","max-video-preview":"max-video-preview:-1"},"canonical":"https:\/\/rad-pal.com.pl\/en\/sklep\/bez-kategorii\/pompka-podlogowa-relaxdays-profi-czarny\/","og_locale":"en_GB","og_type":"article","og_title":"Pompka pod\u0142ogowa Relaxdays profi czarny - Rad-Pal","og_description":"Relaxdays Pompka pod\u0142ogowa profi czarny Po prostu szybko Z manometrem podw\u00f3jna g\u0142owica pompy uchwyt na w\u0105\u017c adapter na 3 zawory","og_url":"https:\/\/rad-pal.com.pl\/en\/sklep\/bez-kategorii\/pompka-podlogowa-relaxdays-profi-czarny\/","og_site_name":"Rad-Pal","article_modified_time":"2026-02-19T18:29:21+00:00","og_image":[{"url":"https:\/\/upload.cdn.baselinker.com\/products\/6014502\/b378990c6d82ac0fe9d0180c0e257405.jpg","type":"","width":"","height":""}],"twitter_card":"summary_large_image","twitter_misc":{"Estimated reading time":"1 minute"},"schema":{"@context":"https:\/\/schema.org","@graph":[{"@type":"WebPage","@id":"https:\/\/rad-pal.com.pl\/sklep\/bez-kategorii\/pompka-podlogowa-relaxdays-profi-czarny\/","url":"https:\/\/rad-pal.com.pl\/sklep\/bez-kategorii\/pompka-podlogowa-relaxdays-profi-czarny\/","name":"Pompka pod\u0142ogowa Relaxdays profi czarny - Rad-Pal","isPartOf":{"@id":"https:\/\/rad-pal.com.pl\/#website"},"primaryImageOfPage":{"@id":"https:\/\/rad-pal.com.pl\/sklep\/bez-kategorii\/pompka-podlogowa-relaxdays-profi-czarny\/#primaryimage"},"image":{"@id":"https:\/\/rad-pal.com.pl\/sklep\/bez-kategorii\/pompka-podlogowa-relaxdays-profi-czarny\/#primaryimage"},"thumbnailUrl":"https:\/\/rad-pal.com.pl\/wp-content\/uploads\/2026\/02\/acfe58273e87be49a2cf483001d6d81b.jpg","datePublished":"2026-02-19T17:42:01+00:00","dateModified":"2026-02-19T18:29:21+00:00","breadcrumb":{"@id":"https:\/\/rad-pal.com.pl\/sklep\/bez-kategorii\/pompka-podlogowa-relaxdays-profi-czarny\/#breadcrumb"},"inLanguage":"en-GB","potentialAction":[{"@type":"ReadAction","target":["https:\/\/rad-pal.com.pl\/sklep\/bez-kategorii\/pompka-podlogowa-relaxdays-profi-czarny\/"]}]},{"@type":"ImageObject","inLanguage":"en-GB","@id":"https:\/\/rad-pal.com.pl\/sklep\/bez-kategorii\/pompka-podlogowa-relaxdays-profi-czarny\/#primaryimage","url":"https:\/\/rad-pal.com.pl\/wp-content\/uploads\/2026\/02\/acfe58273e87be49a2cf483001d6d81b.jpg","contentUrl":"https:\/\/rad-pal.com.pl\/wp-content\/uploads\/2026\/02\/acfe58273e87be49a2cf483001d6d81b.jpg","width":2560,"height":2560,"caption":"7ddbdbb59ca5ff8b3a07eac444438476"},{"@type":"BreadcrumbList","@id":"https:\/\/rad-pal.com.pl\/sklep\/bez-kategorii\/pompka-podlogowa-relaxdays-profi-czarny\/#breadcrumb","itemListElement":[{"@type":"ListItem","position":1,"name":"Strona g\u0142\u00f3wna","item":"https:\/\/rad-pal.com.pl\/"},{"@type":"ListItem","position":2,"name":"Sklep","item":"https:\/\/rad-pal.com.pl\/sklep\/"},{"@type":"ListItem","position":3,"name":"Pompka pod\u0142ogowa Relaxdays profi czarny"}]},{"@type":"WebSite","@id":"https:\/\/rad-pal.com.pl\/#website","url":"https:\/\/rad-pal.com.pl\/","name":"Rad-Pal","description":"","publisher":{"@id":"https:\/\/rad-pal.com.pl\/#organization"},"potentialAction":[{"@type":"SearchAction","target":{"@type":"EntryPoint","urlTemplate":"https:\/\/rad-pal.com.pl\/?s={search_term_string}"},"query-input":{"@type":"PropertyValueSpecification","valueRequired":true,"valueName":"search_term_string"}}],"inLanguage":"en-GB"},{"@type":"Organization","@id":"https:\/\/rad-pal.com.pl\/#organization","name":"Rad-Pal","url":"https:\/\/rad-pal.com.pl\/","logo":{"@type":"ImageObject","inLanguage":"en-GB","@id":"https:\/\/rad-pal.com.pl\/#\/schema\/logo\/image\/","url":"https:\/\/rad-pal.com.pl\/wp-content\/uploads\/2026\/03\/Projekt-bez-nazwy-30.webp","contentUrl":"https:\/\/rad-pal.com.pl\/wp-content\/uploads\/2026\/03\/Projekt-bez-nazwy-30.webp","width":600,"height":210,"caption":"Rad-Pal"},"image":{"@id":"https:\/\/rad-pal.com.pl\/#\/schema\/logo\/image\/"}}]}},"_links":{"self":[{"href":"https:\/\/rad-pal.com.pl\/en\/wp-json\/wp\/v2\/product\/36622","targetHints":{"allow":["GET"]}}],"collection":[{"href":"https:\/\/rad-pal.com.pl\/en\/wp-json\/wp\/v2\/product"}],"about":[{"href":"https:\/\/rad-pal.com.pl\/en\/wp-json\/wp\/v2\/types\/product"}],"version-history":[{"count":0,"href":"https:\/\/rad-pal.com.pl\/en\/wp-json\/wp\/v2\/product\/36622\/revisions"}],"wp:featuredmedia":[{"embeddable":true,"href":"https:\/\/rad-pal.com.pl\/en\/wp-json\/wp\/v2\/media\/36616"}],"wp:attachment":[{"href":"https:\/\/rad-pal.com.pl\/en\/wp-json\/wp\/v2\/media?parent=36622"}],"wp:term":[{"taxonomy":"product_brand","embeddable":true,"href":"https:\/\/rad-pal.com.pl\/en\/wp-json\/wp\/v2\/product_brand?post=36622"},{"taxonomy":"product_cat","embeddable":true,"href":"https:\/\/rad-pal.com.pl\/en\/wp-json\/wp\/v2\/product_cat?post=36622"},{"taxonomy":"product_tag","embeddable":true,"href":"https:\/\/rad-pal.com.pl\/en\/wp-json\/wp\/v2\/product_tag?post=36622"}],"curies":[{"name":"wp","href":"https:\/\/api.w.org\/{rel}","templated":true}]}}