{"id":36742,"date":"2026-02-19T18:46:34","date_gmt":"2026-02-19T17:46:34","guid":{"rendered":"https:\/\/rad-pal.com.pl\/sklep\/bez-kategorii\/poduszka-do-balansowania-relaxdays-10022526-fioletowa-33-cm\/"},"modified":"2026-02-19T19:30:09","modified_gmt":"2026-02-19T18:30:09","slug":"poduszka-do-balansowania-relaxdays-10022526-fioletowa-33-cm","status":"publish","type":"product","link":"https:\/\/rad-pal.com.pl\/en\/sklep\/zdrowie\/sprzet-i-wyposazenie-medyczne\/sprzet-rehabilitacyjny-i-ortopedyczny\/rehabilitacja-i-cwiczenia\/poduszki-sensomotoryczne\/poduszka-do-balansowania-relaxdays-10022526-fioletowa-33-cm\/","title":{"rendered":"Poduszka do balansowania Relaxdays 10022526 fioletowa 33 cm"},"content":{"rendered":"<section class=\"section\">\n<div class=\"item item-6\">\n<section class=\"image-item\"><img decoding=\"async\" src=\"https:\/\/upload.cdn.baselinker.com\/products\/6014502\/70d01b852dbed873b91cff341d451e07.jpg\" \/><\/section>\n<\/p><\/div>\n<div class=\"item item-6\">\n<section class=\"text-item\">\n<h1>PODUSZKA SENSORYCZNA DO BALANSOWANIA Z POMPK\u0104 33CM<\/h1>\n<p>Nasza poduszka fitness pozwoli Ci poprawi\u0107 r\u00f3wnowag\u0119, koordynacj\u0119 ruch\u00f3w i og\u00f3ln\u0105 kondycj\u0119 fizyczn\u0105. Siedz\u0105c na tym dysku sensorycznym, odci\u0105\u017casz i stabilizujesz kr\u0119gos\u0142up, wzmacniaj\u0105c tym samym mi\u0119\u015bnie plec\u00f3w i brzucha. Stoj\u0105c na tej poduszce do balansowania, wzmacniasz stawy i trenujesz r\u00f3wnowag\u0119. Dzi\u0119ki tej poduszce sensomotorycznej \u0107wiczenia wykonywane w pozycji le\u017c\u0105cej staj\u0105 si\u0119 bardziej intensywne.<\/p>\n<p>Bez wzgl\u0119du na uk\u0142ad cia\u0142a ta wype\u0142niona powietrzem poduszka do \u0107wicze\u0144 zmusza mi\u0119\u015bnie g\u0142\u0119bokie do ci\u0105g\u0142ej aktywno\u015bci w trakcie balansowania. W ten spos\u00f3b s\u0105 one trenowane i wzmacniane. Do\u0142\u0105czona do zestawu pompka r\u0119czna pozwala na indywidualne dostosowywanie ci\u015bnienia powietrza w poduszce. Wypustki o r\u00f3\u017cnej d\u0142ugo\u015bci po obu stronach tego gumowego \u201eje\u017cyka\u201d przyjemnie masuj\u0105, jednocze\u015bnie poprawiaj\u0105c kr\u0105\u017cenie.<\/p>\n<\/section><\/div>\n<\/section>\n<section class=\"section\">\n<div class=\"item item-12\">\n<section class=\"text-item\">\n<h2>Poduszka do \u0107wicze\u0144 r\u00f3wnowa\u017cnych<\/h2>\n<ul>\n<li>do fitnessu oraz trenowania koordynacji ruchowej i r\u00f3wnowagi<\/li>\n<li>efekt: lepsza r\u00f3wnowaga, zdrowy kr\u0119gos\u0142up, wzmocnione mi\u0119\u015bnie tu\u0142owia<\/li>\n<li>do trenowania prawid\u0142owej postawy cia\u0142a<\/li>\n<li>do jogi, pilatesu, treningu si\u0142owego i nie tylko<\/li>\n<li>z masuj\u0105cymi wypustkami<\/li>\n<\/ul>\n<h2>Poduszka do balansowania i masa\u017cu<\/h2>\n<ul>\n<li>odpowiednia dla zaawansowanych i pocz\u0105tkuj\u0105cych, doros\u0142ych i dzieci<\/li>\n<li>antypo\u015blizgowa, odporny na \u015bcieranie<\/li>\n<li>trening n\u00f3g, brzucha, plec\u00f3w, ramion, po\u015bladk\u00f3w, staw\u00f3w, bark\u00f3w itp.<\/li>\n<li>do treningu w domu, w biurze i w podr\u00f3\u017cy<\/li>\n<li>do u\u017cytku w pozycji stoj\u0105cej, siedz\u0105cej i le\u017c\u0105cej<\/li>\n<li>oszcz\u0119dzaj\u0105ca miejsce alternatywa dla pi\u0142ki do \u0107wicze\u0144<\/li>\n<li>antypo\u015blizgowa i odporna na \u015bcieranie poduszka siedziska nie zawiera ftalan\u00f3w<\/li>\n<\/ul>\n<\/section><\/div>\n<\/section>\n<section class=\"section\">\n<div class=\"item item-6\">\n<section class=\"image-item\"><img decoding=\"async\" src=\"https:\/\/upload.cdn.baselinker.com\/products\/6014502\/ec0b06ed651ba8de21fb3b2120aea87a.jpg\" \/><\/section>\n<\/p><\/div>\n<div class=\"item item-6\">\n<section class=\"text-item\">\n<p>Bez wzgl\u0119du na uk\u0142ad cia\u0142a ta wype\u0142niona powietrzem poduszka do \u0107wicze\u0144 zmusza mi\u0119\u015bnie g\u0142\u0119bokie do ci\u0105g\u0142ej aktywno\u015bci w trakcie balansowania. W ten spos\u00f3b s\u0105 one trenowane i wzmacniane. Do\u0142\u0105czona do zestawu pompka r\u0119czna pozwala na indywidualne dostosowywanie ci\u015bnienia powietrza w poduszce. Wypustki o r\u00f3\u017cnej d\u0142ugo\u015bci po obu stronach tego gumowego \u201eje\u017cyka\u201d przyjemnie masuj\u0105, jednocze\u015bnie poprawiaj\u0105c kr\u0105\u017cenie.<\/p>\n<h2>Poduszka sensomotoryczna &#8211; parametry<\/h2>\n<ul>\n<li>wymiary: ok. 7 x 33 cm (wys. x \u015br.)<\/li>\n<li>waga: ok. 1 kg<\/li>\n<li>materia\u0142: PVC<\/li>\n<li>wypustki o r\u00f3\u017cnej d\u0142ugo\u015bci po obu stronach<\/li>\n<li>obci\u0105\u017cenie maksymalne: ok. 140 kg<\/li>\n<li>wysokiej jako\u015bci zaw\u00f3r zwrotny<\/li>\n<li>kolor: niebieski<\/li>\n<\/ul>\n<ul>\n<li>1x poduszka sensomotoryczna<\/li>\n<li>1x pompka r\u0119czna<\/li>\n<li>bez dekoracji<\/li>\n<\/ul>\n<\/section><\/div>\n<\/section>\n<section class=\"section\">\n<div class=\"item item-6\">\n<section class=\"image-item\"><img decoding=\"async\" src=\"https:\/\/upload.cdn.baselinker.com\/products\/6014502\/0a9b4de827c0c75e99bd64121fb48fca.jpg\" \/><\/section>\n<\/p><\/div>\n<div class=\"item item-6\">\n<section class=\"image-item\"><img decoding=\"async\" src=\"https:\/\/upload.cdn.baselinker.com\/products\/6014502\/02f6afe4aacb5740e2e58f1ca9566543.jpg\" \/><\/section>\n<\/p><\/div>\n<\/section>","protected":false},"excerpt":{"rendered":"<p>PODUSZKA SENSORYCZNA DO BALANSOWANIA Z POMPK\u0104 33CM Nasza poduszka fitness pozwoli Ci poprawi\u0107 r\u00f3wnowag\u0119, koordynacj\u0119 ruch\u00f3w i og\u00f3ln\u0105 kondycj\u0119 fizyczn\u0105.<\/p>","protected":false},"featured_media":36738,"template":"","meta":[],"product_brand":[],"product_cat":[325,324,199,323,198],"product_tag":[],"class_list":{"0":"post-36742","1":"product","2":"type-product","3":"status-publish","4":"has-post-thumbnail","6":"product_cat-poduszki-sensomotoryczne","7":"product_cat-rehabilitacja-i-cwiczenia","8":"product_cat-sprzet-i-wyposazenie-medyczne","9":"product_cat-sprzet-rehabilitacyjny-i-ortopedyczny","10":"product_cat-zdrowie","12":"first","13":"instock","14":"taxable","15":"shipping-taxable","16":"purchasable","17":"product-type-simple"},"yoast_head":"<!-- This site is optimized with the Yoast SEO plugin v25.7 - https:\/\/yoast.com\/wordpress\/plugins\/seo\/ -->\n<title>Poduszka do balansowania Relaxdays 10022526 fioletowa 33 cm - Rad-Pal<\/title>\n<meta name=\"robots\" content=\"index, follow, max-snippet:-1, max-image-preview:large, max-video-preview:-1\" \/>\n<link rel=\"canonical\" href=\"https:\/\/rad-pal.com.pl\/en\/sklep\/bez-kategorii\/poduszka-do-balansowania-relaxdays-10022526-fioletowa-33-cm\/\" \/>\n<meta property=\"og:locale\" content=\"en_GB\" \/>\n<meta property=\"og:type\" content=\"article\" \/>\n<meta property=\"og:title\" content=\"Poduszka do balansowania Relaxdays 10022526 fioletowa 33 cm - Rad-Pal\" \/>\n<meta property=\"og:description\" content=\"PODUSZKA SENSORYCZNA DO BALANSOWANIA Z POMPK\u0104 33CM Nasza poduszka fitness pozwoli Ci poprawi\u0107 r\u00f3wnowag\u0119, koordynacj\u0119 ruch\u00f3w i og\u00f3ln\u0105 kondycj\u0119 fizyczn\u0105.\" \/>\n<meta property=\"og:url\" content=\"https:\/\/rad-pal.com.pl\/en\/sklep\/bez-kategorii\/poduszka-do-balansowania-relaxdays-10022526-fioletowa-33-cm\/\" \/>\n<meta property=\"og:site_name\" content=\"Rad-Pal\" \/>\n<meta property=\"article:modified_time\" content=\"2026-02-19T18:30:09+00:00\" \/>\n<meta property=\"og:image\" content=\"https:\/\/upload.cdn.baselinker.com\/products\/6014502\/70d01b852dbed873b91cff341d451e07.jpg\" \/>\n<meta name=\"twitter:card\" content=\"summary_large_image\" \/>\n<meta name=\"twitter:label1\" content=\"Estimated reading time\" \/>\n\t<meta name=\"twitter:data1\" content=\"2 minutes\" \/>\n<script type=\"application\/ld+json\" class=\"yoast-schema-graph\">{\"@context\":\"https:\/\/schema.org\",\"@graph\":[{\"@type\":\"WebPage\",\"@id\":\"https:\/\/rad-pal.com.pl\/sklep\/bez-kategorii\/poduszka-do-balansowania-relaxdays-10022526-fioletowa-33-cm\/\",\"url\":\"https:\/\/rad-pal.com.pl\/sklep\/bez-kategorii\/poduszka-do-balansowania-relaxdays-10022526-fioletowa-33-cm\/\",\"name\":\"Poduszka do balansowania Relaxdays 10022526 fioletowa 33 cm - Rad-Pal\",\"isPartOf\":{\"@id\":\"https:\/\/rad-pal.com.pl\/#website\"},\"primaryImageOfPage\":{\"@id\":\"https:\/\/rad-pal.com.pl\/sklep\/bez-kategorii\/poduszka-do-balansowania-relaxdays-10022526-fioletowa-33-cm\/#primaryimage\"},\"image\":{\"@id\":\"https:\/\/rad-pal.com.pl\/sklep\/bez-kategorii\/poduszka-do-balansowania-relaxdays-10022526-fioletowa-33-cm\/#primaryimage\"},\"thumbnailUrl\":\"https:\/\/rad-pal.com.pl\/wp-content\/uploads\/2026\/02\/70d01b852dbed873b91cff341d451e07.jpg\",\"datePublished\":\"2026-02-19T17:46:34+00:00\",\"dateModified\":\"2026-02-19T18:30:09+00:00\",\"breadcrumb\":{\"@id\":\"https:\/\/rad-pal.com.pl\/sklep\/bez-kategorii\/poduszka-do-balansowania-relaxdays-10022526-fioletowa-33-cm\/#breadcrumb\"},\"inLanguage\":\"en-GB\",\"potentialAction\":[{\"@type\":\"ReadAction\",\"target\":[\"https:\/\/rad-pal.com.pl\/sklep\/bez-kategorii\/poduszka-do-balansowania-relaxdays-10022526-fioletowa-33-cm\/\"]}]},{\"@type\":\"ImageObject\",\"inLanguage\":\"en-GB\",\"@id\":\"https:\/\/rad-pal.com.pl\/sklep\/bez-kategorii\/poduszka-do-balansowania-relaxdays-10022526-fioletowa-33-cm\/#primaryimage\",\"url\":\"https:\/\/rad-pal.com.pl\/wp-content\/uploads\/2026\/02\/70d01b852dbed873b91cff341d451e07.jpg\",\"contentUrl\":\"https:\/\/rad-pal.com.pl\/wp-content\/uploads\/2026\/02\/70d01b852dbed873b91cff341d451e07.jpg\",\"width\":2048,\"height\":2048,\"caption\":\"7cadef668026216161cc56b30512ea16\"},{\"@type\":\"BreadcrumbList\",\"@id\":\"https:\/\/rad-pal.com.pl\/sklep\/bez-kategorii\/poduszka-do-balansowania-relaxdays-10022526-fioletowa-33-cm\/#breadcrumb\",\"itemListElement\":[{\"@type\":\"ListItem\",\"position\":1,\"name\":\"Strona g\u0142\u00f3wna\",\"item\":\"https:\/\/rad-pal.com.pl\/\"},{\"@type\":\"ListItem\",\"position\":2,\"name\":\"Sklep\",\"item\":\"https:\/\/rad-pal.com.pl\/sklep\/\"},{\"@type\":\"ListItem\",\"position\":3,\"name\":\"Poduszka do balansowania Relaxdays 10022526 fioletowa 33 cm\"}]},{\"@type\":\"WebSite\",\"@id\":\"https:\/\/rad-pal.com.pl\/#website\",\"url\":\"https:\/\/rad-pal.com.pl\/\",\"name\":\"Rad-Pal\",\"description\":\"\",\"publisher\":{\"@id\":\"https:\/\/rad-pal.com.pl\/#organization\"},\"potentialAction\":[{\"@type\":\"SearchAction\",\"target\":{\"@type\":\"EntryPoint\",\"urlTemplate\":\"https:\/\/rad-pal.com.pl\/?s={search_term_string}\"},\"query-input\":{\"@type\":\"PropertyValueSpecification\",\"valueRequired\":true,\"valueName\":\"search_term_string\"}}],\"inLanguage\":\"en-GB\"},{\"@type\":\"Organization\",\"@id\":\"https:\/\/rad-pal.com.pl\/#organization\",\"name\":\"Rad-Pal\",\"url\":\"https:\/\/rad-pal.com.pl\/\",\"logo\":{\"@type\":\"ImageObject\",\"inLanguage\":\"en-GB\",\"@id\":\"https:\/\/rad-pal.com.pl\/#\/schema\/logo\/image\/\",\"url\":\"https:\/\/rad-pal.com.pl\/wp-content\/uploads\/2026\/03\/Projekt-bez-nazwy-30.webp\",\"contentUrl\":\"https:\/\/rad-pal.com.pl\/wp-content\/uploads\/2026\/03\/Projekt-bez-nazwy-30.webp\",\"width\":600,\"height\":210,\"caption\":\"Rad-Pal\"},\"image\":{\"@id\":\"https:\/\/rad-pal.com.pl\/#\/schema\/logo\/image\/\"}}]}<\/script>\n<!-- \/ Yoast SEO plugin. -->","yoast_head_json":{"title":"Poduszka do balansowania Relaxdays 10022526 fioletowa 33 cm - Rad-Pal","robots":{"index":"index","follow":"follow","max-snippet":"max-snippet:-1","max-image-preview":"max-image-preview:large","max-video-preview":"max-video-preview:-1"},"canonical":"https:\/\/rad-pal.com.pl\/en\/sklep\/bez-kategorii\/poduszka-do-balansowania-relaxdays-10022526-fioletowa-33-cm\/","og_locale":"en_GB","og_type":"article","og_title":"Poduszka do balansowania Relaxdays 10022526 fioletowa 33 cm - Rad-Pal","og_description":"PODUSZKA SENSORYCZNA DO BALANSOWANIA Z POMPK\u0104 33CM Nasza poduszka fitness pozwoli Ci poprawi\u0107 r\u00f3wnowag\u0119, koordynacj\u0119 ruch\u00f3w i og\u00f3ln\u0105 kondycj\u0119 fizyczn\u0105.","og_url":"https:\/\/rad-pal.com.pl\/en\/sklep\/bez-kategorii\/poduszka-do-balansowania-relaxdays-10022526-fioletowa-33-cm\/","og_site_name":"Rad-Pal","article_modified_time":"2026-02-19T18:30:09+00:00","og_image":[{"url":"https:\/\/upload.cdn.baselinker.com\/products\/6014502\/70d01b852dbed873b91cff341d451e07.jpg","type":"","width":"","height":""}],"twitter_card":"summary_large_image","twitter_misc":{"Estimated reading time":"2 minutes"},"schema":{"@context":"https:\/\/schema.org","@graph":[{"@type":"WebPage","@id":"https:\/\/rad-pal.com.pl\/sklep\/bez-kategorii\/poduszka-do-balansowania-relaxdays-10022526-fioletowa-33-cm\/","url":"https:\/\/rad-pal.com.pl\/sklep\/bez-kategorii\/poduszka-do-balansowania-relaxdays-10022526-fioletowa-33-cm\/","name":"Poduszka do balansowania Relaxdays 10022526 fioletowa 33 cm - Rad-Pal","isPartOf":{"@id":"https:\/\/rad-pal.com.pl\/#website"},"primaryImageOfPage":{"@id":"https:\/\/rad-pal.com.pl\/sklep\/bez-kategorii\/poduszka-do-balansowania-relaxdays-10022526-fioletowa-33-cm\/#primaryimage"},"image":{"@id":"https:\/\/rad-pal.com.pl\/sklep\/bez-kategorii\/poduszka-do-balansowania-relaxdays-10022526-fioletowa-33-cm\/#primaryimage"},"thumbnailUrl":"https:\/\/rad-pal.com.pl\/wp-content\/uploads\/2026\/02\/70d01b852dbed873b91cff341d451e07.jpg","datePublished":"2026-02-19T17:46:34+00:00","dateModified":"2026-02-19T18:30:09+00:00","breadcrumb":{"@id":"https:\/\/rad-pal.com.pl\/sklep\/bez-kategorii\/poduszka-do-balansowania-relaxdays-10022526-fioletowa-33-cm\/#breadcrumb"},"inLanguage":"en-GB","potentialAction":[{"@type":"ReadAction","target":["https:\/\/rad-pal.com.pl\/sklep\/bez-kategorii\/poduszka-do-balansowania-relaxdays-10022526-fioletowa-33-cm\/"]}]},{"@type":"ImageObject","inLanguage":"en-GB","@id":"https:\/\/rad-pal.com.pl\/sklep\/bez-kategorii\/poduszka-do-balansowania-relaxdays-10022526-fioletowa-33-cm\/#primaryimage","url":"https:\/\/rad-pal.com.pl\/wp-content\/uploads\/2026\/02\/70d01b852dbed873b91cff341d451e07.jpg","contentUrl":"https:\/\/rad-pal.com.pl\/wp-content\/uploads\/2026\/02\/70d01b852dbed873b91cff341d451e07.jpg","width":2048,"height":2048,"caption":"7cadef668026216161cc56b30512ea16"},{"@type":"BreadcrumbList","@id":"https:\/\/rad-pal.com.pl\/sklep\/bez-kategorii\/poduszka-do-balansowania-relaxdays-10022526-fioletowa-33-cm\/#breadcrumb","itemListElement":[{"@type":"ListItem","position":1,"name":"Strona g\u0142\u00f3wna","item":"https:\/\/rad-pal.com.pl\/"},{"@type":"ListItem","position":2,"name":"Sklep","item":"https:\/\/rad-pal.com.pl\/sklep\/"},{"@type":"ListItem","position":3,"name":"Poduszka do balansowania Relaxdays 10022526 fioletowa 33 cm"}]},{"@type":"WebSite","@id":"https:\/\/rad-pal.com.pl\/#website","url":"https:\/\/rad-pal.com.pl\/","name":"Rad-Pal","description":"","publisher":{"@id":"https:\/\/rad-pal.com.pl\/#organization"},"potentialAction":[{"@type":"SearchAction","target":{"@type":"EntryPoint","urlTemplate":"https:\/\/rad-pal.com.pl\/?s={search_term_string}"},"query-input":{"@type":"PropertyValueSpecification","valueRequired":true,"valueName":"search_term_string"}}],"inLanguage":"en-GB"},{"@type":"Organization","@id":"https:\/\/rad-pal.com.pl\/#organization","name":"Rad-Pal","url":"https:\/\/rad-pal.com.pl\/","logo":{"@type":"ImageObject","inLanguage":"en-GB","@id":"https:\/\/rad-pal.com.pl\/#\/schema\/logo\/image\/","url":"https:\/\/rad-pal.com.pl\/wp-content\/uploads\/2026\/03\/Projekt-bez-nazwy-30.webp","contentUrl":"https:\/\/rad-pal.com.pl\/wp-content\/uploads\/2026\/03\/Projekt-bez-nazwy-30.webp","width":600,"height":210,"caption":"Rad-Pal"},"image":{"@id":"https:\/\/rad-pal.com.pl\/#\/schema\/logo\/image\/"}}]}},"_links":{"self":[{"href":"https:\/\/rad-pal.com.pl\/en\/wp-json\/wp\/v2\/product\/36742","targetHints":{"allow":["GET"]}}],"collection":[{"href":"https:\/\/rad-pal.com.pl\/en\/wp-json\/wp\/v2\/product"}],"about":[{"href":"https:\/\/rad-pal.com.pl\/en\/wp-json\/wp\/v2\/types\/product"}],"version-history":[{"count":0,"href":"https:\/\/rad-pal.com.pl\/en\/wp-json\/wp\/v2\/product\/36742\/revisions"}],"wp:featuredmedia":[{"embeddable":true,"href":"https:\/\/rad-pal.com.pl\/en\/wp-json\/wp\/v2\/media\/36738"}],"wp:attachment":[{"href":"https:\/\/rad-pal.com.pl\/en\/wp-json\/wp\/v2\/media?parent=36742"}],"wp:term":[{"taxonomy":"product_brand","embeddable":true,"href":"https:\/\/rad-pal.com.pl\/en\/wp-json\/wp\/v2\/product_brand?post=36742"},{"taxonomy":"product_cat","embeddable":true,"href":"https:\/\/rad-pal.com.pl\/en\/wp-json\/wp\/v2\/product_cat?post=36742"},{"taxonomy":"product_tag","embeddable":true,"href":"https:\/\/rad-pal.com.pl\/en\/wp-json\/wp\/v2\/product_tag?post=36742"}],"curies":[{"name":"wp","href":"https:\/\/api.w.org\/{rel}","templated":true}]}}