{"id":36778,"date":"2026-02-19T18:47:58","date_gmt":"2026-02-19T17:47:58","guid":{"rendered":"https:\/\/rad-pal.com.pl\/sklep\/bez-kategorii\/bambusowy-organizer-na-biurko-rd3270\/"},"modified":"2026-02-19T19:30:32","modified_gmt":"2026-02-19T18:30:32","slug":"bambusowy-organizer-na-biurko-rd3270","status":"publish","type":"product","link":"https:\/\/rad-pal.com.pl\/en\/sklep\/firma-i-uslugi\/biuro-i-reklama\/organizacja-dokumentow\/organizery-i-szuflady\/bambusowy-organizer-na-biurko-rd3270\/","title":{"rendered":"Bambusowy organizer na biurko RD3270"},"content":{"rendered":"<section class=\"section\">\n<div class=\"item item-12\">\n<section class=\"image-item\"><img decoding=\"async\" src=\"https:\/\/upload.cdn.baselinker.com\/products\/6014502\/e95e209bacfcf3e8b91867a0a298825e.jpg\" \/><\/section>\n<\/p><\/div>\n<\/section>\n<section class=\"section\">\n<div class=\"item item-12\">\n<section class=\"text-item\">\n<p>Koniec z chaosem panuj\u0105cym na biurku! Nasz <b>organizer na biurko<\/b> to idealny schowek na d\u0142ugopisy, no\u017cyczki i linijki.<b> 4 przegr\u00f3dki<\/b> to mn\u00f3stwo miejsca na wszystkie niezb\u0119dne przybory. Opr\u00f3cz tego <b>bambusowy przybornik <\/b>wyposa\u017cony jest w ca\u0142kowicie wysuwan\u0105 szufladk\u0119. Ponadczasowy design i elegancki kolor pojemnika na d\u0142ugopisy sprawia, \u017ce bez problemu wpasuje si\u0119 on do wszystkich pomieszcze\u0144 w Twoim mieszkaniu. Wykorzystaj organizer jako stojak na przybory kosmetyczne w \u0142azience pojemnik na karteczki i listy w gabinecie. Od teraz wszystkie przybory b\u0119d\u0105 na swoim miejscu!<\/p>\n<\/section><\/div>\n<\/section>\n<section class=\"section\">\n<div class=\"item item-6\">\n<section class=\"text-item\">\n<p><b>Organizer na biurko w szczeg\u00f3\u0142ach<\/b><\/p>\n<ul>\n<li><b>\u2705 <\/b>wymiary ca\u0142kowite: ok. 11 x 27,5 x 15 cm (wys. x szer. x d\u0142.)<\/li>\n<li><b>\u2705 <\/b>p\u0142ytkie przegr\u00f3dki: ok. 4,5 x 26 x 4 cm (wys. x szer. x d\u0142.)<\/li>\n<li><b>\u2705 <\/b>g\u0142\u0119bokie przegr\u00f3dki: ok. 9 x 12,5 x 3,7 cm (wys. x szer. x d\u0142.)<\/li>\n<li><b>\u2705 <\/b>wymiary wewn\u0119trzne szuflady: ok. 3,5 x 24,3 x 8 cm (wys. x szer. x d\u0142.)<\/li>\n<li><b>\u2705 <\/b>waga: ok. 860 g<\/li>\n<li><b>\u2705 <\/b>materia\u0142: bambus, p\u0142yta MDF<\/li>\n<li><b>\u2705 <\/b>kolor: ciemnobr\u0105zowy<\/li>\n<\/ul>\n<\/section><\/div>\n<div class=\"item item-6\">\n<section class=\"image-item\"><img decoding=\"async\" src=\"https:\/\/upload.cdn.baselinker.com\/products\/6014502\/f1beb2b4c95f85360ace1d1530d4c4f8.jpg\" \/><\/section>\n<\/p><\/div>\n<\/section>\n<section class=\"section\">\n<div class=\"item item-12\">\n<section class=\"image-item\"><img decoding=\"async\" src=\"https:\/\/upload.cdn.baselinker.com\/products\/6014502\/cdd500a382a89a5a180733da70307c88.jpg\" \/><\/section>\n<\/p><\/div>\n<\/section>\n<section class=\"section\">\n<div class=\"item item-6\">\n<section class=\"image-item\"><img decoding=\"async\" src=\"https:\/\/upload.cdn.baselinker.com\/products\/6014502\/cdd500a382a89a5a180733da70307c88.jpg\" \/><\/section>\n<\/p><\/div>\n<div class=\"item item-6\">\n<section class=\"text-item\">\n<p><b>\u2714\ufe0f Praktyczny przybornik z bambusa<\/b><\/p>\n<ul>\n<li>porz\u0105dek w miejscu pracy<\/li>\n<li>4 przegr\u00f3dki na d\u0142ugopisy i no\u017cyczki<\/li>\n<li>ca\u0142kowicie wysuwana szuflada<\/li>\n<li>do przechowywania list\u00f3w i notatek<\/li>\n<li>na d\u0142ugopisy, przybory \u0142azienkowe i bi\u017cuteri\u0119<\/li>\n<\/ul>\n<\/section><\/div>\n<\/section>\n<section class=\"section\">\n<div class=\"item item-12\">\n<section class=\"text-item\">\n<p><b>W zestawie<\/b><\/p>\n<ul>\n<li>1x bambusowy organizer na biurko<\/li>\n<li>brak artyku\u0142\u00f3w dekoracyjnych widocznych na zdj\u0119ciach<\/li>\n<\/ul>\n<\/section><\/div>\n<\/section>","protected":false},"excerpt":{"rendered":"<p>Koniec z chaosem panuj\u0105cym na biurku! Nasz organizer na biurko to idealny schowek na d\u0142ugopisy, no\u017cyczki i linijki. 4 przegr\u00f3dki<\/p>","protected":false},"featured_media":36774,"template":"","meta":[],"product_brand":[],"product_cat":[127,126,156,157],"product_tag":[],"class_list":{"0":"post-36778","1":"product","2":"type-product","3":"status-publish","4":"has-post-thumbnail","6":"product_cat-biuro-i-reklama","7":"product_cat-firma-i-uslugi","8":"product_cat-organizacja-dokumentow","9":"product_cat-organizery-i-szuflady","11":"first","12":"instock","13":"taxable","14":"shipping-taxable","15":"purchasable","16":"product-type-simple"},"yoast_head":"<!-- This site is optimized with the Yoast SEO plugin v25.7 - https:\/\/yoast.com\/wordpress\/plugins\/seo\/ -->\n<title>Bambusowy organizer na biurko RD3270 - Rad-Pal<\/title>\n<meta name=\"robots\" content=\"index, follow, max-snippet:-1, max-image-preview:large, max-video-preview:-1\" \/>\n<link rel=\"canonical\" href=\"https:\/\/rad-pal.com.pl\/en\/sklep\/bez-kategorii\/bambusowy-organizer-na-biurko-rd3270\/\" \/>\n<meta property=\"og:locale\" content=\"en_GB\" \/>\n<meta property=\"og:type\" content=\"article\" \/>\n<meta property=\"og:title\" content=\"Bambusowy organizer na biurko RD3270 - Rad-Pal\" \/>\n<meta property=\"og:description\" content=\"Koniec z chaosem panuj\u0105cym na biurku! Nasz organizer na biurko to idealny schowek na d\u0142ugopisy, no\u017cyczki i linijki. 4 przegr\u00f3dki\" \/>\n<meta property=\"og:url\" content=\"https:\/\/rad-pal.com.pl\/en\/sklep\/bez-kategorii\/bambusowy-organizer-na-biurko-rd3270\/\" \/>\n<meta property=\"og:site_name\" content=\"Rad-Pal\" \/>\n<meta property=\"article:modified_time\" content=\"2026-02-19T18:30:32+00:00\" \/>\n<meta property=\"og:image\" content=\"https:\/\/upload.cdn.baselinker.com\/products\/6014502\/e95e209bacfcf3e8b91867a0a298825e.jpg\" \/>\n<meta name=\"twitter:card\" content=\"summary_large_image\" \/>\n<meta name=\"twitter:label1\" content=\"Estimated reading time\" \/>\n\t<meta name=\"twitter:data1\" content=\"1 minute\" \/>\n<script type=\"application\/ld+json\" class=\"yoast-schema-graph\">{\"@context\":\"https:\/\/schema.org\",\"@graph\":[{\"@type\":\"WebPage\",\"@id\":\"https:\/\/rad-pal.com.pl\/sklep\/bez-kategorii\/bambusowy-organizer-na-biurko-rd3270\/\",\"url\":\"https:\/\/rad-pal.com.pl\/sklep\/bez-kategorii\/bambusowy-organizer-na-biurko-rd3270\/\",\"name\":\"Bambusowy organizer na biurko RD3270 - Rad-Pal\",\"isPartOf\":{\"@id\":\"https:\/\/rad-pal.com.pl\/#website\"},\"primaryImageOfPage\":{\"@id\":\"https:\/\/rad-pal.com.pl\/sklep\/bez-kategorii\/bambusowy-organizer-na-biurko-rd3270\/#primaryimage\"},\"image\":{\"@id\":\"https:\/\/rad-pal.com.pl\/sklep\/bez-kategorii\/bambusowy-organizer-na-biurko-rd3270\/#primaryimage\"},\"thumbnailUrl\":\"https:\/\/rad-pal.com.pl\/wp-content\/uploads\/2026\/02\/f1beb2b4c95f85360ace1d1530d4c4f8.jpg\",\"datePublished\":\"2026-02-19T17:47:58+00:00\",\"dateModified\":\"2026-02-19T18:30:32+00:00\",\"breadcrumb\":{\"@id\":\"https:\/\/rad-pal.com.pl\/sklep\/bez-kategorii\/bambusowy-organizer-na-biurko-rd3270\/#breadcrumb\"},\"inLanguage\":\"en-GB\",\"potentialAction\":[{\"@type\":\"ReadAction\",\"target\":[\"https:\/\/rad-pal.com.pl\/sklep\/bez-kategorii\/bambusowy-organizer-na-biurko-rd3270\/\"]}]},{\"@type\":\"ImageObject\",\"inLanguage\":\"en-GB\",\"@id\":\"https:\/\/rad-pal.com.pl\/sklep\/bez-kategorii\/bambusowy-organizer-na-biurko-rd3270\/#primaryimage\",\"url\":\"https:\/\/rad-pal.com.pl\/wp-content\/uploads\/2026\/02\/f1beb2b4c95f85360ace1d1530d4c4f8.jpg\",\"contentUrl\":\"https:\/\/rad-pal.com.pl\/wp-content\/uploads\/2026\/02\/f1beb2b4c95f85360ace1d1530d4c4f8.jpg\",\"width\":2048,\"height\":2048,\"caption\":\"46ddcf2ab0dfe690d776dd9509fbaab5\"},{\"@type\":\"BreadcrumbList\",\"@id\":\"https:\/\/rad-pal.com.pl\/sklep\/bez-kategorii\/bambusowy-organizer-na-biurko-rd3270\/#breadcrumb\",\"itemListElement\":[{\"@type\":\"ListItem\",\"position\":1,\"name\":\"Strona g\u0142\u00f3wna\",\"item\":\"https:\/\/rad-pal.com.pl\/\"},{\"@type\":\"ListItem\",\"position\":2,\"name\":\"Sklep\",\"item\":\"https:\/\/rad-pal.com.pl\/sklep\/\"},{\"@type\":\"ListItem\",\"position\":3,\"name\":\"Bambusowy organizer na biurko RD3270\"}]},{\"@type\":\"WebSite\",\"@id\":\"https:\/\/rad-pal.com.pl\/#website\",\"url\":\"https:\/\/rad-pal.com.pl\/\",\"name\":\"Rad-Pal\",\"description\":\"\",\"publisher\":{\"@id\":\"https:\/\/rad-pal.com.pl\/#organization\"},\"potentialAction\":[{\"@type\":\"SearchAction\",\"target\":{\"@type\":\"EntryPoint\",\"urlTemplate\":\"https:\/\/rad-pal.com.pl\/?s={search_term_string}\"},\"query-input\":{\"@type\":\"PropertyValueSpecification\",\"valueRequired\":true,\"valueName\":\"search_term_string\"}}],\"inLanguage\":\"en-GB\"},{\"@type\":\"Organization\",\"@id\":\"https:\/\/rad-pal.com.pl\/#organization\",\"name\":\"Rad-Pal\",\"url\":\"https:\/\/rad-pal.com.pl\/\",\"logo\":{\"@type\":\"ImageObject\",\"inLanguage\":\"en-GB\",\"@id\":\"https:\/\/rad-pal.com.pl\/#\/schema\/logo\/image\/\",\"url\":\"https:\/\/rad-pal.com.pl\/wp-content\/uploads\/2026\/03\/Projekt-bez-nazwy-30.webp\",\"contentUrl\":\"https:\/\/rad-pal.com.pl\/wp-content\/uploads\/2026\/03\/Projekt-bez-nazwy-30.webp\",\"width\":600,\"height\":210,\"caption\":\"Rad-Pal\"},\"image\":{\"@id\":\"https:\/\/rad-pal.com.pl\/#\/schema\/logo\/image\/\"}}]}<\/script>\n<!-- \/ Yoast SEO plugin. -->","yoast_head_json":{"title":"Bambusowy organizer na biurko RD3270 - Rad-Pal","robots":{"index":"index","follow":"follow","max-snippet":"max-snippet:-1","max-image-preview":"max-image-preview:large","max-video-preview":"max-video-preview:-1"},"canonical":"https:\/\/rad-pal.com.pl\/en\/sklep\/bez-kategorii\/bambusowy-organizer-na-biurko-rd3270\/","og_locale":"en_GB","og_type":"article","og_title":"Bambusowy organizer na biurko RD3270 - Rad-Pal","og_description":"Koniec z chaosem panuj\u0105cym na biurku! Nasz organizer na biurko to idealny schowek na d\u0142ugopisy, no\u017cyczki i linijki. 4 przegr\u00f3dki","og_url":"https:\/\/rad-pal.com.pl\/en\/sklep\/bez-kategorii\/bambusowy-organizer-na-biurko-rd3270\/","og_site_name":"Rad-Pal","article_modified_time":"2026-02-19T18:30:32+00:00","og_image":[{"url":"https:\/\/upload.cdn.baselinker.com\/products\/6014502\/e95e209bacfcf3e8b91867a0a298825e.jpg","type":"","width":"","height":""}],"twitter_card":"summary_large_image","twitter_misc":{"Estimated reading time":"1 minute"},"schema":{"@context":"https:\/\/schema.org","@graph":[{"@type":"WebPage","@id":"https:\/\/rad-pal.com.pl\/sklep\/bez-kategorii\/bambusowy-organizer-na-biurko-rd3270\/","url":"https:\/\/rad-pal.com.pl\/sklep\/bez-kategorii\/bambusowy-organizer-na-biurko-rd3270\/","name":"Bambusowy organizer na biurko RD3270 - Rad-Pal","isPartOf":{"@id":"https:\/\/rad-pal.com.pl\/#website"},"primaryImageOfPage":{"@id":"https:\/\/rad-pal.com.pl\/sklep\/bez-kategorii\/bambusowy-organizer-na-biurko-rd3270\/#primaryimage"},"image":{"@id":"https:\/\/rad-pal.com.pl\/sklep\/bez-kategorii\/bambusowy-organizer-na-biurko-rd3270\/#primaryimage"},"thumbnailUrl":"https:\/\/rad-pal.com.pl\/wp-content\/uploads\/2026\/02\/f1beb2b4c95f85360ace1d1530d4c4f8.jpg","datePublished":"2026-02-19T17:47:58+00:00","dateModified":"2026-02-19T18:30:32+00:00","breadcrumb":{"@id":"https:\/\/rad-pal.com.pl\/sklep\/bez-kategorii\/bambusowy-organizer-na-biurko-rd3270\/#breadcrumb"},"inLanguage":"en-GB","potentialAction":[{"@type":"ReadAction","target":["https:\/\/rad-pal.com.pl\/sklep\/bez-kategorii\/bambusowy-organizer-na-biurko-rd3270\/"]}]},{"@type":"ImageObject","inLanguage":"en-GB","@id":"https:\/\/rad-pal.com.pl\/sklep\/bez-kategorii\/bambusowy-organizer-na-biurko-rd3270\/#primaryimage","url":"https:\/\/rad-pal.com.pl\/wp-content\/uploads\/2026\/02\/f1beb2b4c95f85360ace1d1530d4c4f8.jpg","contentUrl":"https:\/\/rad-pal.com.pl\/wp-content\/uploads\/2026\/02\/f1beb2b4c95f85360ace1d1530d4c4f8.jpg","width":2048,"height":2048,"caption":"46ddcf2ab0dfe690d776dd9509fbaab5"},{"@type":"BreadcrumbList","@id":"https:\/\/rad-pal.com.pl\/sklep\/bez-kategorii\/bambusowy-organizer-na-biurko-rd3270\/#breadcrumb","itemListElement":[{"@type":"ListItem","position":1,"name":"Strona g\u0142\u00f3wna","item":"https:\/\/rad-pal.com.pl\/"},{"@type":"ListItem","position":2,"name":"Sklep","item":"https:\/\/rad-pal.com.pl\/sklep\/"},{"@type":"ListItem","position":3,"name":"Bambusowy organizer na biurko RD3270"}]},{"@type":"WebSite","@id":"https:\/\/rad-pal.com.pl\/#website","url":"https:\/\/rad-pal.com.pl\/","name":"Rad-Pal","description":"","publisher":{"@id":"https:\/\/rad-pal.com.pl\/#organization"},"potentialAction":[{"@type":"SearchAction","target":{"@type":"EntryPoint","urlTemplate":"https:\/\/rad-pal.com.pl\/?s={search_term_string}"},"query-input":{"@type":"PropertyValueSpecification","valueRequired":true,"valueName":"search_term_string"}}],"inLanguage":"en-GB"},{"@type":"Organization","@id":"https:\/\/rad-pal.com.pl\/#organization","name":"Rad-Pal","url":"https:\/\/rad-pal.com.pl\/","logo":{"@type":"ImageObject","inLanguage":"en-GB","@id":"https:\/\/rad-pal.com.pl\/#\/schema\/logo\/image\/","url":"https:\/\/rad-pal.com.pl\/wp-content\/uploads\/2026\/03\/Projekt-bez-nazwy-30.webp","contentUrl":"https:\/\/rad-pal.com.pl\/wp-content\/uploads\/2026\/03\/Projekt-bez-nazwy-30.webp","width":600,"height":210,"caption":"Rad-Pal"},"image":{"@id":"https:\/\/rad-pal.com.pl\/#\/schema\/logo\/image\/"}}]}},"_links":{"self":[{"href":"https:\/\/rad-pal.com.pl\/en\/wp-json\/wp\/v2\/product\/36778","targetHints":{"allow":["GET"]}}],"collection":[{"href":"https:\/\/rad-pal.com.pl\/en\/wp-json\/wp\/v2\/product"}],"about":[{"href":"https:\/\/rad-pal.com.pl\/en\/wp-json\/wp\/v2\/types\/product"}],"version-history":[{"count":0,"href":"https:\/\/rad-pal.com.pl\/en\/wp-json\/wp\/v2\/product\/36778\/revisions"}],"wp:featuredmedia":[{"embeddable":true,"href":"https:\/\/rad-pal.com.pl\/en\/wp-json\/wp\/v2\/media\/36774"}],"wp:attachment":[{"href":"https:\/\/rad-pal.com.pl\/en\/wp-json\/wp\/v2\/media?parent=36778"}],"wp:term":[{"taxonomy":"product_brand","embeddable":true,"href":"https:\/\/rad-pal.com.pl\/en\/wp-json\/wp\/v2\/product_brand?post=36778"},{"taxonomy":"product_cat","embeddable":true,"href":"https:\/\/rad-pal.com.pl\/en\/wp-json\/wp\/v2\/product_cat?post=36778"},{"taxonomy":"product_tag","embeddable":true,"href":"https:\/\/rad-pal.com.pl\/en\/wp-json\/wp\/v2\/product_tag?post=36778"}],"curies":[{"name":"wp","href":"https:\/\/api.w.org\/{rel}","templated":true}]}}