{"id":36961,"date":"2026-02-19T18:55:58","date_gmt":"2026-02-19T17:55:58","guid":{"rendered":"https:\/\/rad-pal.com.pl\/sklep\/bez-kategorii\/stojak-ociekacz-na-naczynia-bambus-zestaw-2-sztuk\/"},"modified":"2026-02-19T19:31:36","modified_gmt":"2026-02-19T18:31:36","slug":"stojak-ociekacz-na-naczynia-bambus-zestaw-2-sztuk","status":"publish","type":"product","link":"https:\/\/rad-pal.com.pl\/en\/sklep\/dom-i-ogrod\/wyposazenie\/przybory-kuchenne\/ociekacze-i-suszarki-do-naczyn\/stojak-ociekacz-na-naczynia-bambus-zestaw-2-sztuk\/","title":{"rendered":"STOJAK OCIEKACZ NA NACZYNIA BAMBUS ZESTAW 2 SZTUK"},"content":{"rendered":"<section class=\"section\">\n<div class=\"item item-6\">\n<section class=\"image-item\"><img decoding=\"async\" src=\"https:\/\/upload.cdn.baselinker.com\/products\/6014502\/d75809db565a3684307c14752186a5c9.jpg\" \/><\/section>\n<\/p><\/div>\n<div class=\"item item-6\">\n<section class=\"text-item\">\n<h2>Uchwyt na desk\u0119 do krojenia do szuflady i szafki<\/h2>\n<p>Zestaw 2 uchwyt\u00f3w na talerze zapewnia wi\u0119ksz\u0105 przejrzysto\u015b\u0107 w szafkach kuchennych i szufladach. Ka\u017cdy ze stojak\u00f3w na talerze oferuje miejsce na 4 talerze, deski do krojenia lub pokrywki pojemnik\u00f3w do przechowywania \u017cywno\u015bci, dzi\u0119ki czemu s\u0105 one szybko pod r\u0119k\u0105, gdy s\u0105 potrzebne. Stojaki na talerze s\u0105 r\u00f3wnie\u017c idealne jako stojaki na naczynia, kt\u00f3re s\u0105 idealne dla pojedynczych gospodarstw domowych dzi\u0119ki swoim kompaktowym rozmiarom. Dzi\u0119ki bambusowemu wyko\u0144czeniu, stojaki na talerze wprowadz\u0105 odrobin\u0119 naturalno\u015bci do Twojej kuchni.<\/p>\n<h2>Uchwyt na desk\u0119 wykonany z bambusa<\/h2>\n<ul>\n<li>Do przechowywania talerzy, pokrywek i desek<\/li>\n<li>Wi\u0119kszy porz\u0105dek i przejrzysto\u015b\u0107 w szafkach i szufladach<\/li>\n<li>Mo\u017ce by\u0107 r\u00f3wnie\u017c u\u017cywany jako stojak na talerze i szklanki<\/li>\n<li>Wykonane z dekoracyjnego bambusa dla naturalnego uroku<\/li>\n<li>Kompaktowe stojaki na deski do krojenia pasuj\u0105 do ka\u017cdej kuchni<\/li>\n<\/ul>\n<\/section><\/div>\n<\/section>\n<section class=\"section\">\n<div class=\"item item-6\">\n<section class=\"image-item\"><img decoding=\"async\" src=\"https:\/\/upload.cdn.baselinker.com\/products\/6014502\/6e83357f1fc7028fd40d1547d0904e1f.jpg\" \/><\/section>\n<\/p><\/div>\n<div class=\"item item-6\">\n<section class=\"text-item\">\n<h2>Szczeg\u00f3\u0142owy zestaw 2 stojak\u00f3w na talerze<\/h2>\n<ul>\n<li>Wymiary wys. x szer. x g\u0142.: ok. 10 x 12 x 22 cm<\/li>\n<li>Odleg\u0142o\u015b\u0107 mi\u0119dzy pr\u0119tami: ok. 3,5 cm<\/li>\n<li>Waga: ok. 180 g ka\u017cdy<\/li>\n<li>Materia\u0142: bambus<\/li>\n<li>Kolor: naturalny<\/li>\n<\/ul>\n<h2>Sk\u0142ad Materia\u0142u<\/h2>\n<ul>\n<li>100% bambus<\/li>\n<\/ul>\n<\/section><\/div>\n<\/section>\n<section class=\"section\">\n<div class=\"item item-6\">\n<section class=\"image-item\"><img decoding=\"async\" src=\"https:\/\/upload.cdn.baselinker.com\/products\/6014502\/4cf3637b811949ac7b9bf833176e8582.jpg\" \/><\/section>\n<\/p><\/div>\n<div class=\"item item-6\">\n<section class=\"image-item\"><img decoding=\"async\" src=\"https:\/\/upload.cdn.baselinker.com\/products\/6014502\/5bba4b4be311f71b0f93e1943e7ddc7f.jpg\" \/><\/section>\n<\/p><\/div>\n<\/section>","protected":false},"excerpt":{"rendered":"<p>Uchwyt na desk\u0119 do krojenia do szuflady i szafki Zestaw 2 uchwyt\u00f3w na talerze zapewnia wi\u0119ksz\u0105 przejrzysto\u015b\u0107 w szafkach kuchennych<\/p>","protected":false},"featured_media":36955,"template":"","meta":[],"product_brand":[],"product_cat":[86,234,88,87],"product_tag":[],"class_list":{"0":"post-36961","1":"product","2":"type-product","3":"status-publish","4":"has-post-thumbnail","6":"product_cat-dom-i-ogrod","7":"product_cat-ociekacze-i-suszarki-do-naczyn","8":"product_cat-przybory-kuchenne","9":"product_cat-wyposazenie","11":"first","12":"instock","13":"taxable","14":"shipping-taxable","15":"purchasable","16":"product-type-simple"},"yoast_head":"<!-- This site is optimized with the Yoast SEO plugin v25.7 - https:\/\/yoast.com\/wordpress\/plugins\/seo\/ -->\n<title>STOJAK OCIEKACZ NA NACZYNIA BAMBUS ZESTAW 2 SZTUK - Rad-Pal<\/title>\n<meta name=\"robots\" content=\"index, follow, max-snippet:-1, max-image-preview:large, max-video-preview:-1\" \/>\n<link rel=\"canonical\" href=\"https:\/\/rad-pal.com.pl\/en\/sklep\/bez-kategorii\/stojak-ociekacz-na-naczynia-bambus-zestaw-2-sztuk\/\" \/>\n<meta property=\"og:locale\" content=\"en_GB\" \/>\n<meta property=\"og:type\" content=\"article\" \/>\n<meta property=\"og:title\" content=\"STOJAK OCIEKACZ NA NACZYNIA BAMBUS ZESTAW 2 SZTUK - Rad-Pal\" \/>\n<meta property=\"og:description\" content=\"Uchwyt na desk\u0119 do krojenia do szuflady i szafki Zestaw 2 uchwyt\u00f3w na talerze zapewnia wi\u0119ksz\u0105 przejrzysto\u015b\u0107 w szafkach kuchennych\" \/>\n<meta property=\"og:url\" content=\"https:\/\/rad-pal.com.pl\/en\/sklep\/bez-kategorii\/stojak-ociekacz-na-naczynia-bambus-zestaw-2-sztuk\/\" \/>\n<meta property=\"og:site_name\" content=\"Rad-Pal\" \/>\n<meta property=\"article:modified_time\" content=\"2026-02-19T18:31:36+00:00\" \/>\n<meta property=\"og:image\" content=\"https:\/\/upload.cdn.baselinker.com\/products\/6014502\/d75809db565a3684307c14752186a5c9.jpg\" \/>\n<meta name=\"twitter:card\" content=\"summary_large_image\" \/>\n<meta name=\"twitter:label1\" content=\"Estimated reading time\" \/>\n\t<meta name=\"twitter:data1\" content=\"1 minute\" \/>\n<script type=\"application\/ld+json\" class=\"yoast-schema-graph\">{\"@context\":\"https:\/\/schema.org\",\"@graph\":[{\"@type\":\"WebPage\",\"@id\":\"https:\/\/rad-pal.com.pl\/sklep\/bez-kategorii\/stojak-ociekacz-na-naczynia-bambus-zestaw-2-sztuk\/\",\"url\":\"https:\/\/rad-pal.com.pl\/sklep\/bez-kategorii\/stojak-ociekacz-na-naczynia-bambus-zestaw-2-sztuk\/\",\"name\":\"STOJAK OCIEKACZ NA NACZYNIA BAMBUS ZESTAW 2 SZTUK - Rad-Pal\",\"isPartOf\":{\"@id\":\"https:\/\/rad-pal.com.pl\/#website\"},\"primaryImageOfPage\":{\"@id\":\"https:\/\/rad-pal.com.pl\/sklep\/bez-kategorii\/stojak-ociekacz-na-naczynia-bambus-zestaw-2-sztuk\/#primaryimage\"},\"image\":{\"@id\":\"https:\/\/rad-pal.com.pl\/sklep\/bez-kategorii\/stojak-ociekacz-na-naczynia-bambus-zestaw-2-sztuk\/#primaryimage\"},\"thumbnailUrl\":\"https:\/\/rad-pal.com.pl\/wp-content\/uploads\/2026\/02\/d75809db565a3684307c14752186a5c9.jpg\",\"datePublished\":\"2026-02-19T17:55:58+00:00\",\"dateModified\":\"2026-02-19T18:31:36+00:00\",\"breadcrumb\":{\"@id\":\"https:\/\/rad-pal.com.pl\/sklep\/bez-kategorii\/stojak-ociekacz-na-naczynia-bambus-zestaw-2-sztuk\/#breadcrumb\"},\"inLanguage\":\"en-GB\",\"potentialAction\":[{\"@type\":\"ReadAction\",\"target\":[\"https:\/\/rad-pal.com.pl\/sklep\/bez-kategorii\/stojak-ociekacz-na-naczynia-bambus-zestaw-2-sztuk\/\"]}]},{\"@type\":\"ImageObject\",\"inLanguage\":\"en-GB\",\"@id\":\"https:\/\/rad-pal.com.pl\/sklep\/bez-kategorii\/stojak-ociekacz-na-naczynia-bambus-zestaw-2-sztuk\/#primaryimage\",\"url\":\"https:\/\/rad-pal.com.pl\/wp-content\/uploads\/2026\/02\/d75809db565a3684307c14752186a5c9.jpg\",\"contentUrl\":\"https:\/\/rad-pal.com.pl\/wp-content\/uploads\/2026\/02\/d75809db565a3684307c14752186a5c9.jpg\",\"width\":681,\"height\":681,\"caption\":\"5af8d7bd0e523974791974374774aa3c\"},{\"@type\":\"BreadcrumbList\",\"@id\":\"https:\/\/rad-pal.com.pl\/sklep\/bez-kategorii\/stojak-ociekacz-na-naczynia-bambus-zestaw-2-sztuk\/#breadcrumb\",\"itemListElement\":[{\"@type\":\"ListItem\",\"position\":1,\"name\":\"Strona g\u0142\u00f3wna\",\"item\":\"https:\/\/rad-pal.com.pl\/\"},{\"@type\":\"ListItem\",\"position\":2,\"name\":\"Sklep\",\"item\":\"https:\/\/rad-pal.com.pl\/sklep\/\"},{\"@type\":\"ListItem\",\"position\":3,\"name\":\"STOJAK OCIEKACZ NA NACZYNIA BAMBUS ZESTAW 2 SZTUK\"}]},{\"@type\":\"WebSite\",\"@id\":\"https:\/\/rad-pal.com.pl\/#website\",\"url\":\"https:\/\/rad-pal.com.pl\/\",\"name\":\"Rad-Pal\",\"description\":\"\",\"publisher\":{\"@id\":\"https:\/\/rad-pal.com.pl\/#organization\"},\"potentialAction\":[{\"@type\":\"SearchAction\",\"target\":{\"@type\":\"EntryPoint\",\"urlTemplate\":\"https:\/\/rad-pal.com.pl\/?s={search_term_string}\"},\"query-input\":{\"@type\":\"PropertyValueSpecification\",\"valueRequired\":true,\"valueName\":\"search_term_string\"}}],\"inLanguage\":\"en-GB\"},{\"@type\":\"Organization\",\"@id\":\"https:\/\/rad-pal.com.pl\/#organization\",\"name\":\"Rad-Pal\",\"url\":\"https:\/\/rad-pal.com.pl\/\",\"logo\":{\"@type\":\"ImageObject\",\"inLanguage\":\"en-GB\",\"@id\":\"https:\/\/rad-pal.com.pl\/#\/schema\/logo\/image\/\",\"url\":\"https:\/\/rad-pal.com.pl\/wp-content\/uploads\/2026\/03\/Projekt-bez-nazwy-30.webp\",\"contentUrl\":\"https:\/\/rad-pal.com.pl\/wp-content\/uploads\/2026\/03\/Projekt-bez-nazwy-30.webp\",\"width\":600,\"height\":210,\"caption\":\"Rad-Pal\"},\"image\":{\"@id\":\"https:\/\/rad-pal.com.pl\/#\/schema\/logo\/image\/\"}}]}<\/script>\n<!-- \/ Yoast SEO plugin. -->","yoast_head_json":{"title":"STOJAK OCIEKACZ NA NACZYNIA BAMBUS ZESTAW 2 SZTUK - Rad-Pal","robots":{"index":"index","follow":"follow","max-snippet":"max-snippet:-1","max-image-preview":"max-image-preview:large","max-video-preview":"max-video-preview:-1"},"canonical":"https:\/\/rad-pal.com.pl\/en\/sklep\/bez-kategorii\/stojak-ociekacz-na-naczynia-bambus-zestaw-2-sztuk\/","og_locale":"en_GB","og_type":"article","og_title":"STOJAK OCIEKACZ NA NACZYNIA BAMBUS ZESTAW 2 SZTUK - Rad-Pal","og_description":"Uchwyt na desk\u0119 do krojenia do szuflady i szafki Zestaw 2 uchwyt\u00f3w na talerze zapewnia wi\u0119ksz\u0105 przejrzysto\u015b\u0107 w szafkach kuchennych","og_url":"https:\/\/rad-pal.com.pl\/en\/sklep\/bez-kategorii\/stojak-ociekacz-na-naczynia-bambus-zestaw-2-sztuk\/","og_site_name":"Rad-Pal","article_modified_time":"2026-02-19T18:31:36+00:00","og_image":[{"url":"https:\/\/upload.cdn.baselinker.com\/products\/6014502\/d75809db565a3684307c14752186a5c9.jpg","type":"","width":"","height":""}],"twitter_card":"summary_large_image","twitter_misc":{"Estimated reading time":"1 minute"},"schema":{"@context":"https:\/\/schema.org","@graph":[{"@type":"WebPage","@id":"https:\/\/rad-pal.com.pl\/sklep\/bez-kategorii\/stojak-ociekacz-na-naczynia-bambus-zestaw-2-sztuk\/","url":"https:\/\/rad-pal.com.pl\/sklep\/bez-kategorii\/stojak-ociekacz-na-naczynia-bambus-zestaw-2-sztuk\/","name":"STOJAK OCIEKACZ NA NACZYNIA BAMBUS ZESTAW 2 SZTUK - Rad-Pal","isPartOf":{"@id":"https:\/\/rad-pal.com.pl\/#website"},"primaryImageOfPage":{"@id":"https:\/\/rad-pal.com.pl\/sklep\/bez-kategorii\/stojak-ociekacz-na-naczynia-bambus-zestaw-2-sztuk\/#primaryimage"},"image":{"@id":"https:\/\/rad-pal.com.pl\/sklep\/bez-kategorii\/stojak-ociekacz-na-naczynia-bambus-zestaw-2-sztuk\/#primaryimage"},"thumbnailUrl":"https:\/\/rad-pal.com.pl\/wp-content\/uploads\/2026\/02\/d75809db565a3684307c14752186a5c9.jpg","datePublished":"2026-02-19T17:55:58+00:00","dateModified":"2026-02-19T18:31:36+00:00","breadcrumb":{"@id":"https:\/\/rad-pal.com.pl\/sklep\/bez-kategorii\/stojak-ociekacz-na-naczynia-bambus-zestaw-2-sztuk\/#breadcrumb"},"inLanguage":"en-GB","potentialAction":[{"@type":"ReadAction","target":["https:\/\/rad-pal.com.pl\/sklep\/bez-kategorii\/stojak-ociekacz-na-naczynia-bambus-zestaw-2-sztuk\/"]}]},{"@type":"ImageObject","inLanguage":"en-GB","@id":"https:\/\/rad-pal.com.pl\/sklep\/bez-kategorii\/stojak-ociekacz-na-naczynia-bambus-zestaw-2-sztuk\/#primaryimage","url":"https:\/\/rad-pal.com.pl\/wp-content\/uploads\/2026\/02\/d75809db565a3684307c14752186a5c9.jpg","contentUrl":"https:\/\/rad-pal.com.pl\/wp-content\/uploads\/2026\/02\/d75809db565a3684307c14752186a5c9.jpg","width":681,"height":681,"caption":"5af8d7bd0e523974791974374774aa3c"},{"@type":"BreadcrumbList","@id":"https:\/\/rad-pal.com.pl\/sklep\/bez-kategorii\/stojak-ociekacz-na-naczynia-bambus-zestaw-2-sztuk\/#breadcrumb","itemListElement":[{"@type":"ListItem","position":1,"name":"Strona g\u0142\u00f3wna","item":"https:\/\/rad-pal.com.pl\/"},{"@type":"ListItem","position":2,"name":"Sklep","item":"https:\/\/rad-pal.com.pl\/sklep\/"},{"@type":"ListItem","position":3,"name":"STOJAK OCIEKACZ NA NACZYNIA BAMBUS ZESTAW 2 SZTUK"}]},{"@type":"WebSite","@id":"https:\/\/rad-pal.com.pl\/#website","url":"https:\/\/rad-pal.com.pl\/","name":"Rad-Pal","description":"","publisher":{"@id":"https:\/\/rad-pal.com.pl\/#organization"},"potentialAction":[{"@type":"SearchAction","target":{"@type":"EntryPoint","urlTemplate":"https:\/\/rad-pal.com.pl\/?s={search_term_string}"},"query-input":{"@type":"PropertyValueSpecification","valueRequired":true,"valueName":"search_term_string"}}],"inLanguage":"en-GB"},{"@type":"Organization","@id":"https:\/\/rad-pal.com.pl\/#organization","name":"Rad-Pal","url":"https:\/\/rad-pal.com.pl\/","logo":{"@type":"ImageObject","inLanguage":"en-GB","@id":"https:\/\/rad-pal.com.pl\/#\/schema\/logo\/image\/","url":"https:\/\/rad-pal.com.pl\/wp-content\/uploads\/2026\/03\/Projekt-bez-nazwy-30.webp","contentUrl":"https:\/\/rad-pal.com.pl\/wp-content\/uploads\/2026\/03\/Projekt-bez-nazwy-30.webp","width":600,"height":210,"caption":"Rad-Pal"},"image":{"@id":"https:\/\/rad-pal.com.pl\/#\/schema\/logo\/image\/"}}]}},"_links":{"self":[{"href":"https:\/\/rad-pal.com.pl\/en\/wp-json\/wp\/v2\/product\/36961","targetHints":{"allow":["GET"]}}],"collection":[{"href":"https:\/\/rad-pal.com.pl\/en\/wp-json\/wp\/v2\/product"}],"about":[{"href":"https:\/\/rad-pal.com.pl\/en\/wp-json\/wp\/v2\/types\/product"}],"version-history":[{"count":0,"href":"https:\/\/rad-pal.com.pl\/en\/wp-json\/wp\/v2\/product\/36961\/revisions"}],"wp:featuredmedia":[{"embeddable":true,"href":"https:\/\/rad-pal.com.pl\/en\/wp-json\/wp\/v2\/media\/36955"}],"wp:attachment":[{"href":"https:\/\/rad-pal.com.pl\/en\/wp-json\/wp\/v2\/media?parent=36961"}],"wp:term":[{"taxonomy":"product_brand","embeddable":true,"href":"https:\/\/rad-pal.com.pl\/en\/wp-json\/wp\/v2\/product_brand?post=36961"},{"taxonomy":"product_cat","embeddable":true,"href":"https:\/\/rad-pal.com.pl\/en\/wp-json\/wp\/v2\/product_cat?post=36961"},{"taxonomy":"product_tag","embeddable":true,"href":"https:\/\/rad-pal.com.pl\/en\/wp-json\/wp\/v2\/product_tag?post=36961"}],"curies":[{"name":"wp","href":"https:\/\/api.w.org\/{rel}","templated":true}]}}