{"id":37299,"date":"2026-02-19T19:10:14","date_gmt":"2026-02-19T18:10:14","guid":{"rendered":"https:\/\/rad-pal.com.pl\/sklep\/bez-kategorii\/pojemnik-do-przechowywania-z-bambusa-organizer-2\/"},"modified":"2026-02-19T19:32:54","modified_gmt":"2026-02-19T18:32:54","slug":"pojemnik-do-przechowywania-z-bambusa-organizer-2","status":"publish","type":"product","link":"https:\/\/rad-pal.com.pl\/en\/sklep\/dom-i-ogrod\/wyposazenie\/przechowywanie\/pudelka\/pojemnik-do-przechowywania-z-bambusa-organizer-2\/","title":{"rendered":"Pojemnik do przechowywania z bambusa, organizer"},"content":{"rendered":"<section class=\"section\">\n<div class=\"item item-6\">\n<section class=\"image-item\"><img decoding=\"async\" src=\"https:\/\/upload.cdn.baselinker.com\/products\/6014502\/3dc2e91f7107f5462aa6b9f42f6aed54.jpg\" \/><\/section>\n<\/p><\/div>\n<div class=\"item item-6\">\n<section class=\"text-item\">\n<p><b>Bambusowy pojemnik do przechowywania<\/b><\/p>\n<p>Dzi\u0119ki temu uniwersalnemu pude\u0142ku zyskasz du\u017co miejsca do przechowywania i transportu r\u00f3\u017cnych rzeczy w domu. W zale\u017cno\u015bci od wybranego rozmiaru, bambusowy pojemnik doskonale nada si\u0119 do przechowywania przybor\u00f3w w \u0142azience, jako organizer na przyprawy w kuchni, jako schowek w salonie i biurze lub do przechowywania zabawek w pokoju dzieci\u0119cym. Dzi\u0119ki naturalnemu us\u0142ojeniu, solidne drewniane pude\u0142ko stanowi dekoracyjny akcent w ka\u017cdym pomieszczeniu.<\/p>\n<p>Bambusowy pojemnik do przechowywania &#8211; parametry<\/p>\n<p>pude\u0142ko (wys. x szer. x g\u0142.): ok. 14 x 30 x 20 cm<\/p>\n<ul>\n<li>maks. obci\u0105\u017cenie: ok. 5 kg<\/li>\n<li>materia\u0142: bambus, MDF- kolor: br\u0105zowy<\/li>\n<li>Stabilne pude\u0142ko do przechowywania z bambusa- do przechowywania szerokiej gamy przedmiot\u00f3w codziennego u\u017cytku- do kuchni, \u0142azienki, salonu, pokoju dzieci\u0119cego, biura itp.<\/li>\n<\/ul>\n<\/section><\/div>\n<\/section>\n<section class=\"section\">\n<div class=\"item item-12\">\n<section class=\"image-item\"><img decoding=\"async\" src=\"https:\/\/upload.cdn.baselinker.com\/products\/6014502\/ff3ff85d32c32706fd9efdb6f98bf9ea.jpg\" \/><\/section>\n<\/p><\/div>\n<\/section>\n<section class=\"section\">\n<div class=\"item item-12\">\n<section class=\"image-item\"><img decoding=\"async\" src=\"https:\/\/upload.cdn.baselinker.com\/products\/6014502\/1731bc647b7469490ddef23158f12b5c.jpg\" \/><\/section>\n<\/p><\/div>\n<\/section>","protected":false},"excerpt":{"rendered":"<p>Bambusowy pojemnik do przechowywania Dzi\u0119ki temu uniwersalnemu pude\u0142ku zyskasz du\u017co miejsca do przechowywania i transportu r\u00f3\u017cnych rzeczy w domu. W<\/p>","protected":false},"featured_media":37293,"template":"","meta":[],"product_brand":[],"product_cat":[86,124,125,87],"product_tag":[],"class_list":{"0":"post-37299","1":"product","2":"type-product","3":"status-publish","4":"has-post-thumbnail","6":"product_cat-dom-i-ogrod","7":"product_cat-przechowywanie","8":"product_cat-pudelka","9":"product_cat-wyposazenie","11":"first","12":"instock","13":"taxable","14":"shipping-taxable","15":"purchasable","16":"product-type-simple"},"yoast_head":"<!-- This site is optimized with the Yoast SEO plugin v25.7 - https:\/\/yoast.com\/wordpress\/plugins\/seo\/ -->\n<title>Pojemnik do przechowywania z bambusa, organizer - Rad-Pal<\/title>\n<meta name=\"robots\" content=\"index, follow, max-snippet:-1, max-image-preview:large, max-video-preview:-1\" \/>\n<link rel=\"canonical\" href=\"https:\/\/rad-pal.com.pl\/en\/sklep\/bez-kategorii\/pojemnik-do-przechowywania-z-bambusa-organizer-2\/\" \/>\n<meta property=\"og:locale\" content=\"en_GB\" \/>\n<meta property=\"og:type\" content=\"article\" \/>\n<meta property=\"og:title\" content=\"Pojemnik do przechowywania z bambusa, organizer - Rad-Pal\" \/>\n<meta property=\"og:description\" content=\"Bambusowy pojemnik do przechowywania Dzi\u0119ki temu uniwersalnemu pude\u0142ku zyskasz du\u017co miejsca do przechowywania i transportu r\u00f3\u017cnych rzeczy w domu. W\" \/>\n<meta property=\"og:url\" content=\"https:\/\/rad-pal.com.pl\/en\/sklep\/bez-kategorii\/pojemnik-do-przechowywania-z-bambusa-organizer-2\/\" \/>\n<meta property=\"og:site_name\" content=\"Rad-Pal\" \/>\n<meta property=\"article:modified_time\" content=\"2026-02-19T18:32:54+00:00\" \/>\n<meta property=\"og:image\" content=\"https:\/\/upload.cdn.baselinker.com\/products\/6014502\/3dc2e91f7107f5462aa6b9f42f6aed54.jpg\" \/>\n<meta name=\"twitter:card\" content=\"summary_large_image\" \/>\n<meta name=\"twitter:label1\" content=\"Estimated reading time\" \/>\n\t<meta name=\"twitter:data1\" content=\"1 minute\" \/>\n<script type=\"application\/ld+json\" class=\"yoast-schema-graph\">{\"@context\":\"https:\/\/schema.org\",\"@graph\":[{\"@type\":\"WebPage\",\"@id\":\"https:\/\/rad-pal.com.pl\/sklep\/bez-kategorii\/pojemnik-do-przechowywania-z-bambusa-organizer-2\/\",\"url\":\"https:\/\/rad-pal.com.pl\/sklep\/bez-kategorii\/pojemnik-do-przechowywania-z-bambusa-organizer-2\/\",\"name\":\"Pojemnik do przechowywania z bambusa, organizer - Rad-Pal\",\"isPartOf\":{\"@id\":\"https:\/\/rad-pal.com.pl\/#website\"},\"primaryImageOfPage\":{\"@id\":\"https:\/\/rad-pal.com.pl\/sklep\/bez-kategorii\/pojemnik-do-przechowywania-z-bambusa-organizer-2\/#primaryimage\"},\"image\":{\"@id\":\"https:\/\/rad-pal.com.pl\/sklep\/bez-kategorii\/pojemnik-do-przechowywania-z-bambusa-organizer-2\/#primaryimage\"},\"thumbnailUrl\":\"https:\/\/rad-pal.com.pl\/wp-content\/uploads\/2026\/02\/ff3ff85d32c32706fd9efdb6f98bf9ea.jpg\",\"datePublished\":\"2026-02-19T18:10:14+00:00\",\"dateModified\":\"2026-02-19T18:32:54+00:00\",\"breadcrumb\":{\"@id\":\"https:\/\/rad-pal.com.pl\/sklep\/bez-kategorii\/pojemnik-do-przechowywania-z-bambusa-organizer-2\/#breadcrumb\"},\"inLanguage\":\"en-GB\",\"potentialAction\":[{\"@type\":\"ReadAction\",\"target\":[\"https:\/\/rad-pal.com.pl\/sklep\/bez-kategorii\/pojemnik-do-przechowywania-z-bambusa-organizer-2\/\"]}]},{\"@type\":\"ImageObject\",\"inLanguage\":\"en-GB\",\"@id\":\"https:\/\/rad-pal.com.pl\/sklep\/bez-kategorii\/pojemnik-do-przechowywania-z-bambusa-organizer-2\/#primaryimage\",\"url\":\"https:\/\/rad-pal.com.pl\/wp-content\/uploads\/2026\/02\/ff3ff85d32c32706fd9efdb6f98bf9ea.jpg\",\"contentUrl\":\"https:\/\/rad-pal.com.pl\/wp-content\/uploads\/2026\/02\/ff3ff85d32c32706fd9efdb6f98bf9ea.jpg\",\"width\":2560,\"height\":2560,\"caption\":\"eb7f686d7dff3a02ae9101e1caa91b13\"},{\"@type\":\"BreadcrumbList\",\"@id\":\"https:\/\/rad-pal.com.pl\/sklep\/bez-kategorii\/pojemnik-do-przechowywania-z-bambusa-organizer-2\/#breadcrumb\",\"itemListElement\":[{\"@type\":\"ListItem\",\"position\":1,\"name\":\"Strona g\u0142\u00f3wna\",\"item\":\"https:\/\/rad-pal.com.pl\/\"},{\"@type\":\"ListItem\",\"position\":2,\"name\":\"Sklep\",\"item\":\"https:\/\/rad-pal.com.pl\/sklep\/\"},{\"@type\":\"ListItem\",\"position\":3,\"name\":\"Pojemnik do przechowywania z bambusa, organizer\"}]},{\"@type\":\"WebSite\",\"@id\":\"https:\/\/rad-pal.com.pl\/#website\",\"url\":\"https:\/\/rad-pal.com.pl\/\",\"name\":\"Rad-Pal\",\"description\":\"\",\"publisher\":{\"@id\":\"https:\/\/rad-pal.com.pl\/#organization\"},\"potentialAction\":[{\"@type\":\"SearchAction\",\"target\":{\"@type\":\"EntryPoint\",\"urlTemplate\":\"https:\/\/rad-pal.com.pl\/?s={search_term_string}\"},\"query-input\":{\"@type\":\"PropertyValueSpecification\",\"valueRequired\":true,\"valueName\":\"search_term_string\"}}],\"inLanguage\":\"en-GB\"},{\"@type\":\"Organization\",\"@id\":\"https:\/\/rad-pal.com.pl\/#organization\",\"name\":\"Rad-Pal\",\"url\":\"https:\/\/rad-pal.com.pl\/\",\"logo\":{\"@type\":\"ImageObject\",\"inLanguage\":\"en-GB\",\"@id\":\"https:\/\/rad-pal.com.pl\/#\/schema\/logo\/image\/\",\"url\":\"https:\/\/rad-pal.com.pl\/wp-content\/uploads\/2026\/03\/Projekt-bez-nazwy-30.webp\",\"contentUrl\":\"https:\/\/rad-pal.com.pl\/wp-content\/uploads\/2026\/03\/Projekt-bez-nazwy-30.webp\",\"width\":600,\"height\":210,\"caption\":\"Rad-Pal\"},\"image\":{\"@id\":\"https:\/\/rad-pal.com.pl\/#\/schema\/logo\/image\/\"}}]}<\/script>\n<!-- \/ Yoast SEO plugin. -->","yoast_head_json":{"title":"Pojemnik do przechowywania z bambusa, organizer - Rad-Pal","robots":{"index":"index","follow":"follow","max-snippet":"max-snippet:-1","max-image-preview":"max-image-preview:large","max-video-preview":"max-video-preview:-1"},"canonical":"https:\/\/rad-pal.com.pl\/en\/sklep\/bez-kategorii\/pojemnik-do-przechowywania-z-bambusa-organizer-2\/","og_locale":"en_GB","og_type":"article","og_title":"Pojemnik do przechowywania z bambusa, organizer - Rad-Pal","og_description":"Bambusowy pojemnik do przechowywania Dzi\u0119ki temu uniwersalnemu pude\u0142ku zyskasz du\u017co miejsca do przechowywania i transportu r\u00f3\u017cnych rzeczy w domu. W","og_url":"https:\/\/rad-pal.com.pl\/en\/sklep\/bez-kategorii\/pojemnik-do-przechowywania-z-bambusa-organizer-2\/","og_site_name":"Rad-Pal","article_modified_time":"2026-02-19T18:32:54+00:00","og_image":[{"url":"https:\/\/upload.cdn.baselinker.com\/products\/6014502\/3dc2e91f7107f5462aa6b9f42f6aed54.jpg","type":"","width":"","height":""}],"twitter_card":"summary_large_image","twitter_misc":{"Estimated reading time":"1 minute"},"schema":{"@context":"https:\/\/schema.org","@graph":[{"@type":"WebPage","@id":"https:\/\/rad-pal.com.pl\/sklep\/bez-kategorii\/pojemnik-do-przechowywania-z-bambusa-organizer-2\/","url":"https:\/\/rad-pal.com.pl\/sklep\/bez-kategorii\/pojemnik-do-przechowywania-z-bambusa-organizer-2\/","name":"Pojemnik do przechowywania z bambusa, organizer - Rad-Pal","isPartOf":{"@id":"https:\/\/rad-pal.com.pl\/#website"},"primaryImageOfPage":{"@id":"https:\/\/rad-pal.com.pl\/sklep\/bez-kategorii\/pojemnik-do-przechowywania-z-bambusa-organizer-2\/#primaryimage"},"image":{"@id":"https:\/\/rad-pal.com.pl\/sklep\/bez-kategorii\/pojemnik-do-przechowywania-z-bambusa-organizer-2\/#primaryimage"},"thumbnailUrl":"https:\/\/rad-pal.com.pl\/wp-content\/uploads\/2026\/02\/ff3ff85d32c32706fd9efdb6f98bf9ea.jpg","datePublished":"2026-02-19T18:10:14+00:00","dateModified":"2026-02-19T18:32:54+00:00","breadcrumb":{"@id":"https:\/\/rad-pal.com.pl\/sklep\/bez-kategorii\/pojemnik-do-przechowywania-z-bambusa-organizer-2\/#breadcrumb"},"inLanguage":"en-GB","potentialAction":[{"@type":"ReadAction","target":["https:\/\/rad-pal.com.pl\/sklep\/bez-kategorii\/pojemnik-do-przechowywania-z-bambusa-organizer-2\/"]}]},{"@type":"ImageObject","inLanguage":"en-GB","@id":"https:\/\/rad-pal.com.pl\/sklep\/bez-kategorii\/pojemnik-do-przechowywania-z-bambusa-organizer-2\/#primaryimage","url":"https:\/\/rad-pal.com.pl\/wp-content\/uploads\/2026\/02\/ff3ff85d32c32706fd9efdb6f98bf9ea.jpg","contentUrl":"https:\/\/rad-pal.com.pl\/wp-content\/uploads\/2026\/02\/ff3ff85d32c32706fd9efdb6f98bf9ea.jpg","width":2560,"height":2560,"caption":"eb7f686d7dff3a02ae9101e1caa91b13"},{"@type":"BreadcrumbList","@id":"https:\/\/rad-pal.com.pl\/sklep\/bez-kategorii\/pojemnik-do-przechowywania-z-bambusa-organizer-2\/#breadcrumb","itemListElement":[{"@type":"ListItem","position":1,"name":"Strona g\u0142\u00f3wna","item":"https:\/\/rad-pal.com.pl\/"},{"@type":"ListItem","position":2,"name":"Sklep","item":"https:\/\/rad-pal.com.pl\/sklep\/"},{"@type":"ListItem","position":3,"name":"Pojemnik do przechowywania z bambusa, organizer"}]},{"@type":"WebSite","@id":"https:\/\/rad-pal.com.pl\/#website","url":"https:\/\/rad-pal.com.pl\/","name":"Rad-Pal","description":"","publisher":{"@id":"https:\/\/rad-pal.com.pl\/#organization"},"potentialAction":[{"@type":"SearchAction","target":{"@type":"EntryPoint","urlTemplate":"https:\/\/rad-pal.com.pl\/?s={search_term_string}"},"query-input":{"@type":"PropertyValueSpecification","valueRequired":true,"valueName":"search_term_string"}}],"inLanguage":"en-GB"},{"@type":"Organization","@id":"https:\/\/rad-pal.com.pl\/#organization","name":"Rad-Pal","url":"https:\/\/rad-pal.com.pl\/","logo":{"@type":"ImageObject","inLanguage":"en-GB","@id":"https:\/\/rad-pal.com.pl\/#\/schema\/logo\/image\/","url":"https:\/\/rad-pal.com.pl\/wp-content\/uploads\/2026\/03\/Projekt-bez-nazwy-30.webp","contentUrl":"https:\/\/rad-pal.com.pl\/wp-content\/uploads\/2026\/03\/Projekt-bez-nazwy-30.webp","width":600,"height":210,"caption":"Rad-Pal"},"image":{"@id":"https:\/\/rad-pal.com.pl\/#\/schema\/logo\/image\/"}}]}},"_links":{"self":[{"href":"https:\/\/rad-pal.com.pl\/en\/wp-json\/wp\/v2\/product\/37299","targetHints":{"allow":["GET"]}}],"collection":[{"href":"https:\/\/rad-pal.com.pl\/en\/wp-json\/wp\/v2\/product"}],"about":[{"href":"https:\/\/rad-pal.com.pl\/en\/wp-json\/wp\/v2\/types\/product"}],"version-history":[{"count":0,"href":"https:\/\/rad-pal.com.pl\/en\/wp-json\/wp\/v2\/product\/37299\/revisions"}],"wp:featuredmedia":[{"embeddable":true,"href":"https:\/\/rad-pal.com.pl\/en\/wp-json\/wp\/v2\/media\/37293"}],"wp:attachment":[{"href":"https:\/\/rad-pal.com.pl\/en\/wp-json\/wp\/v2\/media?parent=37299"}],"wp:term":[{"taxonomy":"product_brand","embeddable":true,"href":"https:\/\/rad-pal.com.pl\/en\/wp-json\/wp\/v2\/product_brand?post=37299"},{"taxonomy":"product_cat","embeddable":true,"href":"https:\/\/rad-pal.com.pl\/en\/wp-json\/wp\/v2\/product_cat?post=37299"},{"taxonomy":"product_tag","embeddable":true,"href":"https:\/\/rad-pal.com.pl\/en\/wp-json\/wp\/v2\/product_tag?post=37299"}],"curies":[{"name":"wp","href":"https:\/\/api.w.org\/{rel}","templated":true}]}}