{"id":37386,"date":"2026-02-19T19:14:40","date_gmt":"2026-02-19T18:14:40","guid":{"rendered":"https:\/\/rad-pal.com.pl\/sklep\/bez-kategorii\/butelki-na-nalewki-6-szt-500-ml\/"},"modified":"2026-02-19T19:33:35","modified_gmt":"2026-02-19T18:33:35","slug":"butelki-na-nalewki-6-szt-500-ml","status":"publish","type":"product","link":"https:\/\/rad-pal.com.pl\/en\/sklep\/kolekcje-i-sztuka\/kolekcje\/akcesoria-alkoholowe\/winiarstwo\/przechowywanie-winiarstwo\/butelki\/butelki-na-nalewki-6-szt-500-ml\/","title":{"rendered":"Butelki na nalewki 6 szt. 500 ml"},"content":{"rendered":"<section class=\"section\">\n<div class=\"item item-6\">\n<section class=\"image-item\"><img decoding=\"async\" src=\"https:\/\/upload.cdn.baselinker.com\/products\/6014502\/b757c857123d18c8281004718fc265ce.jpg\" \/><\/section>\n<\/p><\/div>\n<div class=\"item item-6\">\n<section class=\"text-item\">\n<p>Okr\u0105g\u0142e butelki na likiery, oliwy i alkohole<\/p>\n<p>Lubisz wr\u0119cza\u0107 likiery, sznapsy, olejki przyprawowe lub zio\u0142owe na specjalne okazje? Te butelki w zestawie 6 sztuk s\u0105 doskona\u0142e do butelkowania i prezentowania Twoich domowych skarb\u00f3w. Korek w drewnianym wygl\u0105dzie nie tylko szczelnie zamyka butelki, ale r\u00f3wnie\u017c dodaje wizualnego akcentu. U\u017cyj dekoracyjnych butelek jako wazon\u00f3w lub w innych pomys\u0142ach dekoracyjnych podczas uroczysto\u015bci.<\/p>\n<p>Puste szklane butelki<\/p>\n<p>idealne do domowych likier\u00f3w, sznaps\u00f3w, olej\u00f3w i oct\u00f3w<\/p>\n<p>pomys\u0142 na prezent na Bo\u017ce Narodzenie, urodziny, \u015blub i wiele innych<\/p>\n<p>okr\u0105g\u0142e butelki z hermetycznym korkiem o wygl\u0105dzie drewna<\/p>\n<p>butelki na olej mo\u017cna my\u0107 w zmywarce<\/p>\n<p>dekoracyjne butelki tak\u017ce jako wazony lub na prezenty DIY<\/p>\n<\/section><\/div>\n<\/section>","protected":false},"excerpt":{"rendered":"<p>Okr\u0105g\u0142e butelki na likiery, oliwy i alkohole Lubisz wr\u0119cza\u0107 likiery, sznapsy, olejki przyprawowe lub zio\u0142owe na specjalne okazje? Te butelki<\/p>","protected":false},"featured_media":37382,"template":"","meta":[],"product_brand":[],"product_cat":[586,620,379,219,619,618],"product_tag":[],"class_list":{"0":"post-37386","1":"product","2":"type-product","3":"status-publish","4":"has-post-thumbnail","6":"product_cat-akcesoria-alkoholowe","7":"product_cat-butelki","8":"product_cat-kolekcje","9":"product_cat-kolekcje-i-sztuka","10":"product_cat-przechowywanie-winiarstwo","11":"product_cat-winiarstwo","13":"first","14":"instock","15":"taxable","16":"shipping-taxable","17":"purchasable","18":"product-type-simple"},"yoast_head":"<!-- This site is optimized with the Yoast SEO plugin v25.7 - https:\/\/yoast.com\/wordpress\/plugins\/seo\/ -->\n<title>Butelki na nalewki 6 szt. 500 ml - Rad-Pal<\/title>\n<meta name=\"robots\" content=\"index, follow, max-snippet:-1, max-image-preview:large, max-video-preview:-1\" \/>\n<link rel=\"canonical\" href=\"https:\/\/rad-pal.com.pl\/en\/sklep\/bez-kategorii\/butelki-na-nalewki-6-szt-500-ml\/\" \/>\n<meta property=\"og:locale\" content=\"en_GB\" \/>\n<meta property=\"og:type\" content=\"article\" \/>\n<meta property=\"og:title\" content=\"Butelki na nalewki 6 szt. 500 ml - Rad-Pal\" \/>\n<meta property=\"og:description\" content=\"Okr\u0105g\u0142e butelki na likiery, oliwy i alkohole Lubisz wr\u0119cza\u0107 likiery, sznapsy, olejki przyprawowe lub zio\u0142owe na specjalne okazje? Te butelki\" \/>\n<meta property=\"og:url\" content=\"https:\/\/rad-pal.com.pl\/en\/sklep\/bez-kategorii\/butelki-na-nalewki-6-szt-500-ml\/\" \/>\n<meta property=\"og:site_name\" content=\"Rad-Pal\" \/>\n<meta property=\"article:modified_time\" content=\"2026-02-19T18:33:35+00:00\" \/>\n<meta property=\"og:image\" content=\"https:\/\/upload.cdn.baselinker.com\/products\/6014502\/b757c857123d18c8281004718fc265ce.jpg\" \/>\n<meta name=\"twitter:card\" content=\"summary_large_image\" \/>\n<meta name=\"twitter:label1\" content=\"Estimated reading time\" \/>\n\t<meta name=\"twitter:data1\" content=\"1 minute\" \/>\n<script type=\"application\/ld+json\" class=\"yoast-schema-graph\">{\"@context\":\"https:\/\/schema.org\",\"@graph\":[{\"@type\":\"WebPage\",\"@id\":\"https:\/\/rad-pal.com.pl\/sklep\/bez-kategorii\/butelki-na-nalewki-6-szt-500-ml\/\",\"url\":\"https:\/\/rad-pal.com.pl\/sklep\/bez-kategorii\/butelki-na-nalewki-6-szt-500-ml\/\",\"name\":\"Butelki na nalewki 6 szt. 500 ml - Rad-Pal\",\"isPartOf\":{\"@id\":\"https:\/\/rad-pal.com.pl\/#website\"},\"primaryImageOfPage\":{\"@id\":\"https:\/\/rad-pal.com.pl\/sklep\/bez-kategorii\/butelki-na-nalewki-6-szt-500-ml\/#primaryimage\"},\"image\":{\"@id\":\"https:\/\/rad-pal.com.pl\/sklep\/bez-kategorii\/butelki-na-nalewki-6-szt-500-ml\/#primaryimage\"},\"thumbnailUrl\":\"https:\/\/rad-pal.com.pl\/wp-content\/uploads\/2026\/02\/b757c857123d18c8281004718fc265ce.jpg\",\"datePublished\":\"2026-02-19T18:14:40+00:00\",\"dateModified\":\"2026-02-19T18:33:35+00:00\",\"breadcrumb\":{\"@id\":\"https:\/\/rad-pal.com.pl\/sklep\/bez-kategorii\/butelki-na-nalewki-6-szt-500-ml\/#breadcrumb\"},\"inLanguage\":\"en-GB\",\"potentialAction\":[{\"@type\":\"ReadAction\",\"target\":[\"https:\/\/rad-pal.com.pl\/sklep\/bez-kategorii\/butelki-na-nalewki-6-szt-500-ml\/\"]}]},{\"@type\":\"ImageObject\",\"inLanguage\":\"en-GB\",\"@id\":\"https:\/\/rad-pal.com.pl\/sklep\/bez-kategorii\/butelki-na-nalewki-6-szt-500-ml\/#primaryimage\",\"url\":\"https:\/\/rad-pal.com.pl\/wp-content\/uploads\/2026\/02\/b757c857123d18c8281004718fc265ce.jpg\",\"contentUrl\":\"https:\/\/rad-pal.com.pl\/wp-content\/uploads\/2026\/02\/b757c857123d18c8281004718fc265ce.jpg\",\"width\":681,\"height\":681,\"caption\":\"fd9b23aaa5cfa42d71e39a0f3b46f37e\"},{\"@type\":\"BreadcrumbList\",\"@id\":\"https:\/\/rad-pal.com.pl\/sklep\/bez-kategorii\/butelki-na-nalewki-6-szt-500-ml\/#breadcrumb\",\"itemListElement\":[{\"@type\":\"ListItem\",\"position\":1,\"name\":\"Strona g\u0142\u00f3wna\",\"item\":\"https:\/\/rad-pal.com.pl\/\"},{\"@type\":\"ListItem\",\"position\":2,\"name\":\"Sklep\",\"item\":\"https:\/\/rad-pal.com.pl\/sklep\/\"},{\"@type\":\"ListItem\",\"position\":3,\"name\":\"Butelki na nalewki 6 szt. 500 ml\"}]},{\"@type\":\"WebSite\",\"@id\":\"https:\/\/rad-pal.com.pl\/#website\",\"url\":\"https:\/\/rad-pal.com.pl\/\",\"name\":\"Rad-Pal\",\"description\":\"\",\"publisher\":{\"@id\":\"https:\/\/rad-pal.com.pl\/#organization\"},\"potentialAction\":[{\"@type\":\"SearchAction\",\"target\":{\"@type\":\"EntryPoint\",\"urlTemplate\":\"https:\/\/rad-pal.com.pl\/?s={search_term_string}\"},\"query-input\":{\"@type\":\"PropertyValueSpecification\",\"valueRequired\":true,\"valueName\":\"search_term_string\"}}],\"inLanguage\":\"en-GB\"},{\"@type\":\"Organization\",\"@id\":\"https:\/\/rad-pal.com.pl\/#organization\",\"name\":\"Rad-Pal\",\"url\":\"https:\/\/rad-pal.com.pl\/\",\"logo\":{\"@type\":\"ImageObject\",\"inLanguage\":\"en-GB\",\"@id\":\"https:\/\/rad-pal.com.pl\/#\/schema\/logo\/image\/\",\"url\":\"https:\/\/rad-pal.com.pl\/wp-content\/uploads\/2026\/03\/Projekt-bez-nazwy-30.webp\",\"contentUrl\":\"https:\/\/rad-pal.com.pl\/wp-content\/uploads\/2026\/03\/Projekt-bez-nazwy-30.webp\",\"width\":600,\"height\":210,\"caption\":\"Rad-Pal\"},\"image\":{\"@id\":\"https:\/\/rad-pal.com.pl\/#\/schema\/logo\/image\/\"}}]}<\/script>\n<!-- \/ Yoast SEO plugin. -->","yoast_head_json":{"title":"Butelki na nalewki 6 szt. 500 ml - Rad-Pal","robots":{"index":"index","follow":"follow","max-snippet":"max-snippet:-1","max-image-preview":"max-image-preview:large","max-video-preview":"max-video-preview:-1"},"canonical":"https:\/\/rad-pal.com.pl\/en\/sklep\/bez-kategorii\/butelki-na-nalewki-6-szt-500-ml\/","og_locale":"en_GB","og_type":"article","og_title":"Butelki na nalewki 6 szt. 500 ml - Rad-Pal","og_description":"Okr\u0105g\u0142e butelki na likiery, oliwy i alkohole Lubisz wr\u0119cza\u0107 likiery, sznapsy, olejki przyprawowe lub zio\u0142owe na specjalne okazje? Te butelki","og_url":"https:\/\/rad-pal.com.pl\/en\/sklep\/bez-kategorii\/butelki-na-nalewki-6-szt-500-ml\/","og_site_name":"Rad-Pal","article_modified_time":"2026-02-19T18:33:35+00:00","og_image":[{"url":"https:\/\/upload.cdn.baselinker.com\/products\/6014502\/b757c857123d18c8281004718fc265ce.jpg","type":"","width":"","height":""}],"twitter_card":"summary_large_image","twitter_misc":{"Estimated reading time":"1 minute"},"schema":{"@context":"https:\/\/schema.org","@graph":[{"@type":"WebPage","@id":"https:\/\/rad-pal.com.pl\/sklep\/bez-kategorii\/butelki-na-nalewki-6-szt-500-ml\/","url":"https:\/\/rad-pal.com.pl\/sklep\/bez-kategorii\/butelki-na-nalewki-6-szt-500-ml\/","name":"Butelki na nalewki 6 szt. 500 ml - Rad-Pal","isPartOf":{"@id":"https:\/\/rad-pal.com.pl\/#website"},"primaryImageOfPage":{"@id":"https:\/\/rad-pal.com.pl\/sklep\/bez-kategorii\/butelki-na-nalewki-6-szt-500-ml\/#primaryimage"},"image":{"@id":"https:\/\/rad-pal.com.pl\/sklep\/bez-kategorii\/butelki-na-nalewki-6-szt-500-ml\/#primaryimage"},"thumbnailUrl":"https:\/\/rad-pal.com.pl\/wp-content\/uploads\/2026\/02\/b757c857123d18c8281004718fc265ce.jpg","datePublished":"2026-02-19T18:14:40+00:00","dateModified":"2026-02-19T18:33:35+00:00","breadcrumb":{"@id":"https:\/\/rad-pal.com.pl\/sklep\/bez-kategorii\/butelki-na-nalewki-6-szt-500-ml\/#breadcrumb"},"inLanguage":"en-GB","potentialAction":[{"@type":"ReadAction","target":["https:\/\/rad-pal.com.pl\/sklep\/bez-kategorii\/butelki-na-nalewki-6-szt-500-ml\/"]}]},{"@type":"ImageObject","inLanguage":"en-GB","@id":"https:\/\/rad-pal.com.pl\/sklep\/bez-kategorii\/butelki-na-nalewki-6-szt-500-ml\/#primaryimage","url":"https:\/\/rad-pal.com.pl\/wp-content\/uploads\/2026\/02\/b757c857123d18c8281004718fc265ce.jpg","contentUrl":"https:\/\/rad-pal.com.pl\/wp-content\/uploads\/2026\/02\/b757c857123d18c8281004718fc265ce.jpg","width":681,"height":681,"caption":"fd9b23aaa5cfa42d71e39a0f3b46f37e"},{"@type":"BreadcrumbList","@id":"https:\/\/rad-pal.com.pl\/sklep\/bez-kategorii\/butelki-na-nalewki-6-szt-500-ml\/#breadcrumb","itemListElement":[{"@type":"ListItem","position":1,"name":"Strona g\u0142\u00f3wna","item":"https:\/\/rad-pal.com.pl\/"},{"@type":"ListItem","position":2,"name":"Sklep","item":"https:\/\/rad-pal.com.pl\/sklep\/"},{"@type":"ListItem","position":3,"name":"Butelki na nalewki 6 szt. 500 ml"}]},{"@type":"WebSite","@id":"https:\/\/rad-pal.com.pl\/#website","url":"https:\/\/rad-pal.com.pl\/","name":"Rad-Pal","description":"","publisher":{"@id":"https:\/\/rad-pal.com.pl\/#organization"},"potentialAction":[{"@type":"SearchAction","target":{"@type":"EntryPoint","urlTemplate":"https:\/\/rad-pal.com.pl\/?s={search_term_string}"},"query-input":{"@type":"PropertyValueSpecification","valueRequired":true,"valueName":"search_term_string"}}],"inLanguage":"en-GB"},{"@type":"Organization","@id":"https:\/\/rad-pal.com.pl\/#organization","name":"Rad-Pal","url":"https:\/\/rad-pal.com.pl\/","logo":{"@type":"ImageObject","inLanguage":"en-GB","@id":"https:\/\/rad-pal.com.pl\/#\/schema\/logo\/image\/","url":"https:\/\/rad-pal.com.pl\/wp-content\/uploads\/2026\/03\/Projekt-bez-nazwy-30.webp","contentUrl":"https:\/\/rad-pal.com.pl\/wp-content\/uploads\/2026\/03\/Projekt-bez-nazwy-30.webp","width":600,"height":210,"caption":"Rad-Pal"},"image":{"@id":"https:\/\/rad-pal.com.pl\/#\/schema\/logo\/image\/"}}]}},"_links":{"self":[{"href":"https:\/\/rad-pal.com.pl\/en\/wp-json\/wp\/v2\/product\/37386","targetHints":{"allow":["GET"]}}],"collection":[{"href":"https:\/\/rad-pal.com.pl\/en\/wp-json\/wp\/v2\/product"}],"about":[{"href":"https:\/\/rad-pal.com.pl\/en\/wp-json\/wp\/v2\/types\/product"}],"version-history":[{"count":0,"href":"https:\/\/rad-pal.com.pl\/en\/wp-json\/wp\/v2\/product\/37386\/revisions"}],"wp:featuredmedia":[{"embeddable":true,"href":"https:\/\/rad-pal.com.pl\/en\/wp-json\/wp\/v2\/media\/37382"}],"wp:attachment":[{"href":"https:\/\/rad-pal.com.pl\/en\/wp-json\/wp\/v2\/media?parent=37386"}],"wp:term":[{"taxonomy":"product_brand","embeddable":true,"href":"https:\/\/rad-pal.com.pl\/en\/wp-json\/wp\/v2\/product_brand?post=37386"},{"taxonomy":"product_cat","embeddable":true,"href":"https:\/\/rad-pal.com.pl\/en\/wp-json\/wp\/v2\/product_cat?post=37386"},{"taxonomy":"product_tag","embeddable":true,"href":"https:\/\/rad-pal.com.pl\/en\/wp-json\/wp\/v2\/product_tag?post=37386"}],"curies":[{"name":"wp","href":"https:\/\/api.w.org\/{rel}","templated":true}]}}