{"id":37429,"date":"2026-02-19T19:16:05","date_gmt":"2026-02-19T18:16:05","guid":{"rendered":"https:\/\/rad-pal.com.pl\/sklep\/bez-kategorii\/relaxdays-palenisko-z-ochrona-przed-iskrami\/"},"modified":"2026-02-19T19:33:44","modified_gmt":"2026-02-19T18:33:44","slug":"relaxdays-palenisko-z-ochrona-przed-iskrami","status":"publish","type":"product","link":"https:\/\/rad-pal.com.pl\/en\/sklep\/dom-i-ogrod\/ogrod\/grillowanie\/paleniska-ogrodowe\/relaxdays-palenisko-z-ochrona-przed-iskrami\/","title":{"rendered":"Relaxdays Palenisko z ochron\u0105 przed iskrami,"},"content":{"rendered":"<section class=\"section\">\n<div class=\"item item-6\">\n<section class=\"image-item\"><img decoding=\"async\" src=\"https:\/\/upload.cdn.baselinker.com\/products\/6014502\/8ffb46a4941ffeebac41b4f9fb9d7ad7.jpg\" \/><\/section>\n<\/p><\/div>\n<div class=\"item item-6\">\n<section class=\"text-item\">\n<h2>Misa paleniskowa wykonana ze stali<\/h2>\n<p>Ognisko w ogrodzie, pieczenie pianek i patyk\u00f3w oraz cieszenie si\u0119 trzaskaj\u0105cymi p\u0142omieniami &#8211; dzi\u0119ki tej misie paleniskowej mo\u017cesz przenie\u015b\u0107 marzenie o w\u0142asnym ognisku do domu. Palenisko XXL nadaje si\u0119 na taras i do ogrodu, a wysokie n\u00f3\u017cki chroni\u0105 trawnik przed nadmiernym nagrzaniem. Os\u0142ona iskrowa ogranicza wysoko\u015b\u0107 p\u0142omieni i lec\u0105cych iskier, chroni\u0105c w ten spos\u00f3b otoczenie. Aby rozpali\u0107 ogie\u0144, w zestawie znajduj\u0105 si\u0119 pogrzebacze i ruszt zapewniaj\u0105cy cyrkulacj\u0119 powietrza.<\/p>\n<h2>Kominek do Twojego ogrodu<\/h2>\n<ul>\n<li>Zastosowanie w ogrodzie i na tarasie<\/li>\n<li>Chro\u0144 otoczenie za pomoc\u0105 os\u0142ony przeciwiskrowej<\/li>\n<li>Upiecz chleb i pianki w domu<\/li>\n<li>Ruszt paleniskowy zapewniaj\u0105cy ci\u0105g\u0142\u0105 cyrkulacj\u0119 powietrza<\/li>\n<li>Idealny na rodzinne wieczory latem i zim\u0105<\/li>\n<\/ul>\n<h2>Instrukcje bezpiecze\u0144stwa<\/h2>\n<ul>\n<li>Stosowa\u0107 wy\u0142\u0105cznie na zewn\u0105trz, nie na drewnianych pod\u0142ogach<\/li>\n<li>Trzymaj dzieci i zwierz\u0119ta domowe z daleka i nigdy nie zostawiaj ognia bez nadzoru<\/li>\n<li>Misa i ekran iskrowy nagrzewaj\u0105 si\u0119, nie dotykaj go\u0142ymi r\u0119kami<\/li>\n<li>Nie u\u017cywa\u0107 w pobli\u017cu \u0142atwopalnych przedmiot\u00f3w lub materia\u0142\u00f3w<\/li>\n<li>Sprawd\u017a wcze\u015bniej lokalne przepisy przeciwpo\u017carowe<\/li>\n<\/ul>\n<\/section><\/div>\n<\/section>\n<section class=\"section\">\n<div class=\"item item-6\">\n<section class=\"text-item\">\n<h2>Palenisko w szczeg\u00f3\u0142ach<\/h2>\n<ul>\n<li>Wymiary ca\u0142kowite wys. x szer. x g\u0142.: ok. 55x88x88cm<\/li>\n<li>Wymiary miski bez pokrywki wys. x g\u0142.: ok. 33 x 73,5 cm<\/li>\n<li>Odleg\u0142o\u015b\u0107 miski od podstawy: ok. 24cm<\/li>\n<li>\u015arednica rusztu paleniskowego: ok. 32,5cm<\/li>\n<li>Wymiary os\u0142ony przeciwiskrowej wys. x g\u0142.: 21,5 x 59 cm<\/li>\n<li>D\u0142ugo\u015b\u0107 pokera: ok. 34cm<\/li>\n<li>Waga: ok. 6,7 kg<\/li>\n<li>Materia\u0142: stal<\/li>\n<li>Kolor: czarny<\/li>\n<\/ul>\n<h2>Zawarte w dostawie<\/h2>\n<ul>\n<li>1x miska paleniskowa w poszczeg\u00f3lnych cz\u0119\u015bciach<\/li>\n<li>Z materia\u0142em monta\u017cowym<\/li>\n<li>Bez dekoracji<\/li>\n<li>Instrukcje (mo\u017cliwy brak j. polskiego)<\/li>\n<li>Bez narz\u0119dzi<\/li>\n<\/ul>\n<\/section><\/div>\n<div class=\"item item-6\">\n<section class=\"image-item\"><img decoding=\"async\" src=\"https:\/\/upload.cdn.baselinker.com\/products\/6014502\/626506ad035392f5b0f5956632c98941.jpg\" \/><\/section>\n<\/p><\/div>\n<\/section>\n<section class=\"section\">\n<div class=\"item item-6\">\n<section class=\"image-item\"><img decoding=\"async\" src=\"https:\/\/upload.cdn.baselinker.com\/products\/6014502\/c01642d53f4bc3a9fc4ce7acc88ba2f4.jpg\" \/><\/section>\n<\/p><\/div>\n<div class=\"item item-6\">\n<section class=\"text-item\">\n<p>TOWAR CERTYFIKOWANY I PRZYGOTOWANY NA RYNEK NIEMIECKI &#8211; NAJWY\u017bSZA GWARANTOWANA JAKO\u015a\u0106 WYKONANIA<\/p>\n<p>Posiada oryginalne uszkodzone otworzone do sprawdzenia opakowanie i wszystkie zabezpieczenia. Towar bardzo dok\u0142adnie sprawdzony ze strony wizualnej i technicznej . <b> Brak \u015blad\u00f3w monta\u017cu u\u017cytkowania czy zniszcze\u0144. <\/b><\/p>\n<p><b>Serdecznie polecam .<\/b><\/p>\n<p>Je\u015bli masz jakie\u015b w\u0105tpliwo\u015bci czy napotkasz problem postaram si\u0119 rozwi\u0105za\u0107 sytuacj\u0119<\/p>\n<\/section><\/div>\n<\/section>\n<section class=\"section\">\n<div class=\"item item-12\">\n<section class=\"image-item\"><img decoding=\"async\" src=\"https:\/\/upload.cdn.baselinker.com\/products\/6014502\/0a7ed32325b4196b4d28571f09a1c40d.jpg\" \/><\/section>\n<\/p><\/div>\n<\/section>","protected":false},"excerpt":{"rendered":"<p>Misa paleniskowa wykonana ze stali Ognisko w ogrodzie, pieczenie pianek i patyk\u00f3w oraz cieszenie si\u0119 trzaskaj\u0105cymi p\u0142omieniami &#8211; dzi\u0119ki tej<\/p>","protected":false},"featured_media":37424,"template":"","meta":[],"product_brand":[],"product_cat":[86,193,111,197],"product_tag":[],"class_list":{"0":"post-37429","1":"product","2":"type-product","3":"status-publish","4":"has-post-thumbnail","6":"product_cat-dom-i-ogrod","7":"product_cat-grillowanie","8":"product_cat-ogrod","9":"product_cat-paleniska-ogrodowe","11":"first","12":"instock","13":"taxable","14":"shipping-taxable","15":"purchasable","16":"product-type-simple"},"yoast_head":"<!-- This site is optimized with the Yoast SEO plugin v25.7 - https:\/\/yoast.com\/wordpress\/plugins\/seo\/ -->\n<title>Relaxdays Palenisko z ochron\u0105 przed iskrami, - Rad-Pal<\/title>\n<meta name=\"robots\" content=\"index, follow, max-snippet:-1, max-image-preview:large, max-video-preview:-1\" \/>\n<link rel=\"canonical\" href=\"https:\/\/rad-pal.com.pl\/en\/sklep\/bez-kategorii\/relaxdays-palenisko-z-ochrona-przed-iskrami\/\" \/>\n<meta property=\"og:locale\" content=\"en_GB\" \/>\n<meta property=\"og:type\" content=\"article\" \/>\n<meta property=\"og:title\" content=\"Relaxdays Palenisko z ochron\u0105 przed iskrami, - Rad-Pal\" \/>\n<meta property=\"og:description\" content=\"Misa paleniskowa wykonana ze stali Ognisko w ogrodzie, pieczenie pianek i patyk\u00f3w oraz cieszenie si\u0119 trzaskaj\u0105cymi p\u0142omieniami &#8211; dzi\u0119ki tej\" \/>\n<meta property=\"og:url\" content=\"https:\/\/rad-pal.com.pl\/en\/sklep\/bez-kategorii\/relaxdays-palenisko-z-ochrona-przed-iskrami\/\" \/>\n<meta property=\"og:site_name\" content=\"Rad-Pal\" \/>\n<meta property=\"article:modified_time\" content=\"2026-02-19T18:33:44+00:00\" \/>\n<meta property=\"og:image\" content=\"https:\/\/upload.cdn.baselinker.com\/products\/6014502\/8ffb46a4941ffeebac41b4f9fb9d7ad7.jpg\" \/>\n<meta name=\"twitter:card\" content=\"summary_large_image\" \/>\n<meta name=\"twitter:label1\" content=\"Estimated reading time\" \/>\n\t<meta name=\"twitter:data1\" content=\"2 minutes\" \/>\n<script type=\"application\/ld+json\" class=\"yoast-schema-graph\">{\"@context\":\"https:\/\/schema.org\",\"@graph\":[{\"@type\":\"WebPage\",\"@id\":\"https:\/\/rad-pal.com.pl\/sklep\/bez-kategorii\/relaxdays-palenisko-z-ochrona-przed-iskrami\/\",\"url\":\"https:\/\/rad-pal.com.pl\/sklep\/bez-kategorii\/relaxdays-palenisko-z-ochrona-przed-iskrami\/\",\"name\":\"Relaxdays Palenisko z ochron\u0105 przed iskrami, - Rad-Pal\",\"isPartOf\":{\"@id\":\"https:\/\/rad-pal.com.pl\/#website\"},\"primaryImageOfPage\":{\"@id\":\"https:\/\/rad-pal.com.pl\/sklep\/bez-kategorii\/relaxdays-palenisko-z-ochrona-przed-iskrami\/#primaryimage\"},\"image\":{\"@id\":\"https:\/\/rad-pal.com.pl\/sklep\/bez-kategorii\/relaxdays-palenisko-z-ochrona-przed-iskrami\/#primaryimage\"},\"thumbnailUrl\":\"https:\/\/rad-pal.com.pl\/wp-content\/uploads\/2026\/02\/8ffb46a4941ffeebac41b4f9fb9d7ad7.jpg\",\"datePublished\":\"2026-02-19T18:16:05+00:00\",\"dateModified\":\"2026-02-19T18:33:44+00:00\",\"breadcrumb\":{\"@id\":\"https:\/\/rad-pal.com.pl\/sklep\/bez-kategorii\/relaxdays-palenisko-z-ochrona-przed-iskrami\/#breadcrumb\"},\"inLanguage\":\"en-GB\",\"potentialAction\":[{\"@type\":\"ReadAction\",\"target\":[\"https:\/\/rad-pal.com.pl\/sklep\/bez-kategorii\/relaxdays-palenisko-z-ochrona-przed-iskrami\/\"]}]},{\"@type\":\"ImageObject\",\"inLanguage\":\"en-GB\",\"@id\":\"https:\/\/rad-pal.com.pl\/sklep\/bez-kategorii\/relaxdays-palenisko-z-ochrona-przed-iskrami\/#primaryimage\",\"url\":\"https:\/\/rad-pal.com.pl\/wp-content\/uploads\/2026\/02\/8ffb46a4941ffeebac41b4f9fb9d7ad7.jpg\",\"contentUrl\":\"https:\/\/rad-pal.com.pl\/wp-content\/uploads\/2026\/02\/8ffb46a4941ffeebac41b4f9fb9d7ad7.jpg\",\"width\":2560,\"height\":2560,\"caption\":\"37a0c2e42d12ffe2c0876733976dc71e\"},{\"@type\":\"BreadcrumbList\",\"@id\":\"https:\/\/rad-pal.com.pl\/sklep\/bez-kategorii\/relaxdays-palenisko-z-ochrona-przed-iskrami\/#breadcrumb\",\"itemListElement\":[{\"@type\":\"ListItem\",\"position\":1,\"name\":\"Strona g\u0142\u00f3wna\",\"item\":\"https:\/\/rad-pal.com.pl\/\"},{\"@type\":\"ListItem\",\"position\":2,\"name\":\"Sklep\",\"item\":\"https:\/\/rad-pal.com.pl\/sklep\/\"},{\"@type\":\"ListItem\",\"position\":3,\"name\":\"Relaxdays Palenisko z ochron\u0105 przed iskrami,\"}]},{\"@type\":\"WebSite\",\"@id\":\"https:\/\/rad-pal.com.pl\/#website\",\"url\":\"https:\/\/rad-pal.com.pl\/\",\"name\":\"Rad-Pal\",\"description\":\"\",\"publisher\":{\"@id\":\"https:\/\/rad-pal.com.pl\/#organization\"},\"potentialAction\":[{\"@type\":\"SearchAction\",\"target\":{\"@type\":\"EntryPoint\",\"urlTemplate\":\"https:\/\/rad-pal.com.pl\/?s={search_term_string}\"},\"query-input\":{\"@type\":\"PropertyValueSpecification\",\"valueRequired\":true,\"valueName\":\"search_term_string\"}}],\"inLanguage\":\"en-GB\"},{\"@type\":\"Organization\",\"@id\":\"https:\/\/rad-pal.com.pl\/#organization\",\"name\":\"Rad-Pal\",\"url\":\"https:\/\/rad-pal.com.pl\/\",\"logo\":{\"@type\":\"ImageObject\",\"inLanguage\":\"en-GB\",\"@id\":\"https:\/\/rad-pal.com.pl\/#\/schema\/logo\/image\/\",\"url\":\"https:\/\/rad-pal.com.pl\/wp-content\/uploads\/2026\/03\/Projekt-bez-nazwy-30.webp\",\"contentUrl\":\"https:\/\/rad-pal.com.pl\/wp-content\/uploads\/2026\/03\/Projekt-bez-nazwy-30.webp\",\"width\":600,\"height\":210,\"caption\":\"Rad-Pal\"},\"image\":{\"@id\":\"https:\/\/rad-pal.com.pl\/#\/schema\/logo\/image\/\"}}]}<\/script>\n<!-- \/ Yoast SEO plugin. -->","yoast_head_json":{"title":"Relaxdays Palenisko z ochron\u0105 przed iskrami, - Rad-Pal","robots":{"index":"index","follow":"follow","max-snippet":"max-snippet:-1","max-image-preview":"max-image-preview:large","max-video-preview":"max-video-preview:-1"},"canonical":"https:\/\/rad-pal.com.pl\/en\/sklep\/bez-kategorii\/relaxdays-palenisko-z-ochrona-przed-iskrami\/","og_locale":"en_GB","og_type":"article","og_title":"Relaxdays Palenisko z ochron\u0105 przed iskrami, - Rad-Pal","og_description":"Misa paleniskowa wykonana ze stali Ognisko w ogrodzie, pieczenie pianek i patyk\u00f3w oraz cieszenie si\u0119 trzaskaj\u0105cymi p\u0142omieniami &#8211; dzi\u0119ki tej","og_url":"https:\/\/rad-pal.com.pl\/en\/sklep\/bez-kategorii\/relaxdays-palenisko-z-ochrona-przed-iskrami\/","og_site_name":"Rad-Pal","article_modified_time":"2026-02-19T18:33:44+00:00","og_image":[{"url":"https:\/\/upload.cdn.baselinker.com\/products\/6014502\/8ffb46a4941ffeebac41b4f9fb9d7ad7.jpg","type":"","width":"","height":""}],"twitter_card":"summary_large_image","twitter_misc":{"Estimated reading time":"2 minutes"},"schema":{"@context":"https:\/\/schema.org","@graph":[{"@type":"WebPage","@id":"https:\/\/rad-pal.com.pl\/sklep\/bez-kategorii\/relaxdays-palenisko-z-ochrona-przed-iskrami\/","url":"https:\/\/rad-pal.com.pl\/sklep\/bez-kategorii\/relaxdays-palenisko-z-ochrona-przed-iskrami\/","name":"Relaxdays Palenisko z ochron\u0105 przed iskrami, - Rad-Pal","isPartOf":{"@id":"https:\/\/rad-pal.com.pl\/#website"},"primaryImageOfPage":{"@id":"https:\/\/rad-pal.com.pl\/sklep\/bez-kategorii\/relaxdays-palenisko-z-ochrona-przed-iskrami\/#primaryimage"},"image":{"@id":"https:\/\/rad-pal.com.pl\/sklep\/bez-kategorii\/relaxdays-palenisko-z-ochrona-przed-iskrami\/#primaryimage"},"thumbnailUrl":"https:\/\/rad-pal.com.pl\/wp-content\/uploads\/2026\/02\/8ffb46a4941ffeebac41b4f9fb9d7ad7.jpg","datePublished":"2026-02-19T18:16:05+00:00","dateModified":"2026-02-19T18:33:44+00:00","breadcrumb":{"@id":"https:\/\/rad-pal.com.pl\/sklep\/bez-kategorii\/relaxdays-palenisko-z-ochrona-przed-iskrami\/#breadcrumb"},"inLanguage":"en-GB","potentialAction":[{"@type":"ReadAction","target":["https:\/\/rad-pal.com.pl\/sklep\/bez-kategorii\/relaxdays-palenisko-z-ochrona-przed-iskrami\/"]}]},{"@type":"ImageObject","inLanguage":"en-GB","@id":"https:\/\/rad-pal.com.pl\/sklep\/bez-kategorii\/relaxdays-palenisko-z-ochrona-przed-iskrami\/#primaryimage","url":"https:\/\/rad-pal.com.pl\/wp-content\/uploads\/2026\/02\/8ffb46a4941ffeebac41b4f9fb9d7ad7.jpg","contentUrl":"https:\/\/rad-pal.com.pl\/wp-content\/uploads\/2026\/02\/8ffb46a4941ffeebac41b4f9fb9d7ad7.jpg","width":2560,"height":2560,"caption":"37a0c2e42d12ffe2c0876733976dc71e"},{"@type":"BreadcrumbList","@id":"https:\/\/rad-pal.com.pl\/sklep\/bez-kategorii\/relaxdays-palenisko-z-ochrona-przed-iskrami\/#breadcrumb","itemListElement":[{"@type":"ListItem","position":1,"name":"Strona g\u0142\u00f3wna","item":"https:\/\/rad-pal.com.pl\/"},{"@type":"ListItem","position":2,"name":"Sklep","item":"https:\/\/rad-pal.com.pl\/sklep\/"},{"@type":"ListItem","position":3,"name":"Relaxdays Palenisko z ochron\u0105 przed iskrami,"}]},{"@type":"WebSite","@id":"https:\/\/rad-pal.com.pl\/#website","url":"https:\/\/rad-pal.com.pl\/","name":"Rad-Pal","description":"","publisher":{"@id":"https:\/\/rad-pal.com.pl\/#organization"},"potentialAction":[{"@type":"SearchAction","target":{"@type":"EntryPoint","urlTemplate":"https:\/\/rad-pal.com.pl\/?s={search_term_string}"},"query-input":{"@type":"PropertyValueSpecification","valueRequired":true,"valueName":"search_term_string"}}],"inLanguage":"en-GB"},{"@type":"Organization","@id":"https:\/\/rad-pal.com.pl\/#organization","name":"Rad-Pal","url":"https:\/\/rad-pal.com.pl\/","logo":{"@type":"ImageObject","inLanguage":"en-GB","@id":"https:\/\/rad-pal.com.pl\/#\/schema\/logo\/image\/","url":"https:\/\/rad-pal.com.pl\/wp-content\/uploads\/2026\/03\/Projekt-bez-nazwy-30.webp","contentUrl":"https:\/\/rad-pal.com.pl\/wp-content\/uploads\/2026\/03\/Projekt-bez-nazwy-30.webp","width":600,"height":210,"caption":"Rad-Pal"},"image":{"@id":"https:\/\/rad-pal.com.pl\/#\/schema\/logo\/image\/"}}]}},"_links":{"self":[{"href":"https:\/\/rad-pal.com.pl\/en\/wp-json\/wp\/v2\/product\/37429","targetHints":{"allow":["GET"]}}],"collection":[{"href":"https:\/\/rad-pal.com.pl\/en\/wp-json\/wp\/v2\/product"}],"about":[{"href":"https:\/\/rad-pal.com.pl\/en\/wp-json\/wp\/v2\/types\/product"}],"version-history":[{"count":0,"href":"https:\/\/rad-pal.com.pl\/en\/wp-json\/wp\/v2\/product\/37429\/revisions"}],"wp:featuredmedia":[{"embeddable":true,"href":"https:\/\/rad-pal.com.pl\/en\/wp-json\/wp\/v2\/media\/37424"}],"wp:attachment":[{"href":"https:\/\/rad-pal.com.pl\/en\/wp-json\/wp\/v2\/media?parent=37429"}],"wp:term":[{"taxonomy":"product_brand","embeddable":true,"href":"https:\/\/rad-pal.com.pl\/en\/wp-json\/wp\/v2\/product_brand?post=37429"},{"taxonomy":"product_cat","embeddable":true,"href":"https:\/\/rad-pal.com.pl\/en\/wp-json\/wp\/v2\/product_cat?post=37429"},{"taxonomy":"product_tag","embeddable":true,"href":"https:\/\/rad-pal.com.pl\/en\/wp-json\/wp\/v2\/product_tag?post=37429"}],"curies":[{"name":"wp","href":"https:\/\/api.w.org\/{rel}","templated":true}]}}