{"id":37535,"date":"2026-02-19T19:20:28","date_gmt":"2026-02-19T18:20:28","guid":{"rendered":"https:\/\/rad-pal.com.pl\/sklep\/bez-kategorii\/automatyczna-tasowarka-na-karty-tasowacz-do-kart-zestaw-do-pokera-uno\/"},"modified":"2026-03-26T22:25:52","modified_gmt":"2026-03-26T21:25:52","slug":"automatyczna-tasowarka-na-karty-tasowacz-do-kart-zestaw-do-pokera-uno","status":"publish","type":"product","link":"https:\/\/rad-pal.com.pl\/en\/sklep\/kultura-i-rozrywka\/gry\/karciane\/akcesoria-karciane\/automatyczna-tasowarka-na-karty-tasowacz-do-kart-zestaw-do-pokera-uno\/","title":{"rendered":"AUTOMATYCZNA TASOWARKA NA KARTY TASOWACZ DO KART ZESTAW DO POKERA UNO"},"content":{"rendered":"<section class=\"section\">\n<div class=\"item item-12\">\n<section class=\"text-item\">\n<h1>\u2733\ufe0fAutomatyczna tasowarka do kart Poker Makao Remik Rumminkub Wojna Krupier<\/h1>\n<\/section><\/div>\n<\/section>\n<section class=\"section\">\n<div class=\"item item-6\">\n<section class=\"image-item\"><img decoding=\"async\" src=\"https:\/\/upload.cdn.baselinker.com\/products\/6014502\/7f742d134347be8eb3b0edb54319656f.jpg\" \/><\/section>\n<\/p><\/div>\n<div class=\"item item-6\">\n<section class=\"text-item\">\n<h1>\u2733\ufe0fTasowarka do kart na 4 talie<\/h1>\n<p>Jeste\u015b ju\u017c zm\u0119czony dyskusjami podczas gry w karty, czy talia zosta\u0142a odpowiednio potasowana? Ten <b>praktyczny elektroniczny tasowacz kart<\/b> pomaga automatycznie i prawid\u0142owo tasowa\u0107 karty podczas gry w pokera, bryd\u017ca lub remika. Tasowarka&nbsp;&nbsp;jest zasilana przez <b>4 baterie AA<\/b> i dzia\u0142a po naci\u015bni\u0119ciu przycisku! Kup ten automatyczny tasowacz kart do domu i ju\u017c <b>nigdy wi\u0119cej nie k\u0142\u00f3\u0107 si\u0119 o to, czy jeden z Twoich towarzyszy nie oszukuje.<\/b><\/p>\n<p>Urz\u0105dzenie mie\u015bci do <b>4 talii (208 kart<\/b>) i jest przystosowane do typowych rozmiar\u00f3w kart o wymiarach <b>ok. 9 x 6,5 cm<\/b>. Wykonana z trwa\u0142ego tworzywa sztucznego, tasowarka zapewnia szybkie, wygodne i r\u00f3wne tasowanie kart w domowych rozgrywkach i podczas spotka\u0144 towarzyskich.<\/p>\n<\/section><\/div>\n<\/section>\n<section class=\"section\">\n<div class=\"item item-6\">\n<section class=\"image-item\"><img decoding=\"async\" src=\"https:\/\/upload.cdn.baselinker.com\/products\/6014502\/d1e4082410bac43707505f9235a1b521.jpg\" \/><\/section>\n<\/p><\/div>\n<div class=\"item item-6\">\n<section class=\"text-item\">\n<h1>\u2733\ufe0fPraktyczny tasowacz kart do gry<\/h1>\n<p>\u27a1\ufe0fszybkie i praktyczne tasowanie kart<\/p>\n<p>\u27a1\ufe0fautomatyczne tasowanie dzi\u0119ki bateriom<\/p>\n<p>\u27a1\ufe0fprawid\u0142owe tasowanie do 4 talii<\/p>\n<p>\u27a1\ufe0fodpowiedni do gry w pokera, bryd\u017ca czy remika itp.<\/p>\n<p>\u27a1\ufe0fdo typowych rozmiar\u00f3w kart do: ok. 9 x 6,5 cm (wys. x szer.)<\/p>\n<p>\u27a1\ufe0fmiejsce na 208 karty &#8211; 4 talie<\/p>\n<\/section><\/div>\n<\/section>\n<section class=\"section\">\n<div class=\"item item-6\">\n<section class=\"image-item\"><img decoding=\"async\" src=\"https:\/\/upload.cdn.baselinker.com\/products\/6014502\/7e5de0f9a90868d83020d2b0ef8b56e2.jpg\" \/><\/section>\n<\/p><\/div>\n<div class=\"item item-6\">\n<section class=\"text-item\">\n<h1>\u2733\ufe0fParametry automatycznej tasowarki do kart<\/h1>\n<p>\u27a1\ufe0fwymiary tasowarki: ok. 10 x 20 x 11,5 cm (wys. x szer. x d\u0142.)<\/p>\n<p>\u27a1\ufe0f2 przegr\u00f3dki na karty<\/p>\n<p>\u27a1\ufe0fprzegr\u00f3dka wyj\u015bciowa<\/p>\n<p>\u27a1\ufe0fmateria\u0142: tworzywo sztuczne<\/p>\n<p>\u27a1\ufe0fzasilanie bateryjne (4 baterie AA &#8211; baterie nie s\u0105 do\u0142\u0105czone do zestawu)<\/p>\n<p>\u27a1\ufe0f1x tasowarka do kart<\/p>\n<p>\u27a1\ufe0fbez narz\u0119dzia<\/p>\n<p>\u27a1\ufe0fbez dekoracji<\/p>\n<\/section><\/div>\n<\/section>\n<section class=\"section\">\n<div class=\"item item-6\">\n<section class=\"image-item\"><img decoding=\"async\" src=\"https:\/\/upload.cdn.baselinker.com\/products\/6014502\/634bbc2109baa38ecdb4bb0913825160.jpg\" \/><\/section>\n<\/p><\/div>\n<div class=\"item item-6\">\n<section class=\"text-item\">\n<h1>\u2733\ufe0f Zastosowanie<\/h1>\n<p>\u2705 Automatyczne tasowanie kart w domu i podczas spotka\u0144 towarzyskich<\/p>\n<p>\u2705 Doskona\u0142a do gier: poker, bryd\u017c, remik, wojna, makao, rummikub<\/p>\n<p>\u2705 Eliminacja spor\u00f3w o prawid\u0142owe tasowanie talii<\/p>\n<p>\u2705 U\u0142atwia przygotowanie do rozgrywki i przyspiesza gr\u0119<\/p>\n<p>\u2705 Pomocna podczas turniej\u00f3w rodzinnych i imprez z przyjaci\u00f3\u0142mi<\/p>\n<\/section><\/div>\n<\/section>\n<section class=\"section\">\n<div class=\"item item-6\">\n<section class=\"image-item\"><img decoding=\"async\" src=\"https:\/\/upload.cdn.baselinker.com\/products\/6014502\/05667636878ac3476246d2880d513d39.jpg\" \/><\/section>\n<\/p><\/div>\n<div class=\"item item-6\">\n<section class=\"image-item\"><img decoding=\"async\" src=\"https:\/\/upload.cdn.baselinker.com\/products\/6014502\/30a9e1e5b5f6971e9a7ad662b34f74bc.jpg\" \/><\/section>\n<\/p><\/div>\n<\/section>","protected":false},"excerpt":{"rendered":"<p>\u2733\ufe0fAutomatyczna tasowarka do kart Poker Makao Remik Rumminkub Wojna Krupier \u2733\ufe0fTasowarka do kart na 4 talie Jeste\u015b ju\u017c zm\u0119czony dyskusjami<\/p>","protected":false},"featured_media":37524,"template":"","meta":[],"product_brand":[],"product_cat":[368,180,183,179],"product_tag":[],"class_list":{"0":"post-37535","1":"product","2":"type-product","3":"status-publish","4":"has-post-thumbnail","6":"product_cat-akcesoria-karciane","7":"product_cat-gry","8":"product_cat-karciane","9":"product_cat-kultura-i-rozrywka","11":"first","12":"instock","13":"taxable","14":"shipping-taxable","15":"purchasable","16":"product-type-simple"},"yoast_head":"<!-- This site is optimized with the Yoast SEO plugin v25.7 - https:\/\/yoast.com\/wordpress\/plugins\/seo\/ -->\n<title>AUTOMATYCZNA TASOWARKA NA KARTY TASOWACZ DO KART ZESTAW DO POKERA UNO - Rad-Pal<\/title>\n<meta name=\"robots\" content=\"index, follow, max-snippet:-1, max-image-preview:large, max-video-preview:-1\" \/>\n<link rel=\"canonical\" href=\"https:\/\/rad-pal.com.pl\/en\/sklep\/bez-kategorii\/automatyczna-tasowarka-na-karty-tasowacz-do-kart-zestaw-do-pokera-uno\/\" \/>\n<meta property=\"og:locale\" content=\"en_GB\" \/>\n<meta property=\"og:type\" content=\"article\" \/>\n<meta property=\"og:title\" content=\"AUTOMATYCZNA TASOWARKA NA KARTY TASOWACZ DO KART ZESTAW DO POKERA UNO - Rad-Pal\" \/>\n<meta property=\"og:description\" content=\"\u2733\ufe0fAutomatyczna tasowarka do kart Poker Makao Remik Rumminkub Wojna Krupier \u2733\ufe0fTasowarka do kart na 4 talie Jeste\u015b ju\u017c zm\u0119czony dyskusjami\" \/>\n<meta property=\"og:url\" content=\"https:\/\/rad-pal.com.pl\/en\/sklep\/bez-kategorii\/automatyczna-tasowarka-na-karty-tasowacz-do-kart-zestaw-do-pokera-uno\/\" \/>\n<meta property=\"og:site_name\" content=\"Rad-Pal\" \/>\n<meta property=\"article:modified_time\" content=\"2026-03-26T21:25:52+00:00\" \/>\n<meta property=\"og:image\" content=\"https:\/\/upload.cdn.baselinker.com\/products\/6014502\/7f742d134347be8eb3b0edb54319656f.jpg\" \/>\n<meta name=\"twitter:card\" content=\"summary_large_image\" \/>\n<meta name=\"twitter:label1\" content=\"Estimated reading time\" \/>\n\t<meta name=\"twitter:data1\" content=\"1 minute\" \/>\n<script type=\"application\/ld+json\" class=\"yoast-schema-graph\">{\"@context\":\"https:\/\/schema.org\",\"@graph\":[{\"@type\":\"WebPage\",\"@id\":\"https:\/\/rad-pal.com.pl\/sklep\/bez-kategorii\/automatyczna-tasowarka-na-karty-tasowacz-do-kart-zestaw-do-pokera-uno\/\",\"url\":\"https:\/\/rad-pal.com.pl\/sklep\/bez-kategorii\/automatyczna-tasowarka-na-karty-tasowacz-do-kart-zestaw-do-pokera-uno\/\",\"name\":\"AUTOMATYCZNA TASOWARKA NA KARTY TASOWACZ DO KART ZESTAW DO POKERA UNO - Rad-Pal\",\"isPartOf\":{\"@id\":\"https:\/\/rad-pal.com.pl\/#website\"},\"primaryImageOfPage\":{\"@id\":\"https:\/\/rad-pal.com.pl\/sklep\/bez-kategorii\/automatyczna-tasowarka-na-karty-tasowacz-do-kart-zestaw-do-pokera-uno\/#primaryimage\"},\"image\":{\"@id\":\"https:\/\/rad-pal.com.pl\/sklep\/bez-kategorii\/automatyczna-tasowarka-na-karty-tasowacz-do-kart-zestaw-do-pokera-uno\/#primaryimage\"},\"thumbnailUrl\":\"https:\/\/rad-pal.com.pl\/wp-content\/uploads\/2026\/02\/7f742d134347be8eb3b0edb54319656f.jpg\",\"datePublished\":\"2026-02-19T18:20:28+00:00\",\"dateModified\":\"2026-03-26T21:25:52+00:00\",\"breadcrumb\":{\"@id\":\"https:\/\/rad-pal.com.pl\/sklep\/bez-kategorii\/automatyczna-tasowarka-na-karty-tasowacz-do-kart-zestaw-do-pokera-uno\/#breadcrumb\"},\"inLanguage\":\"en-GB\",\"potentialAction\":[{\"@type\":\"ReadAction\",\"target\":[\"https:\/\/rad-pal.com.pl\/sklep\/bez-kategorii\/automatyczna-tasowarka-na-karty-tasowacz-do-kart-zestaw-do-pokera-uno\/\"]}]},{\"@type\":\"ImageObject\",\"inLanguage\":\"en-GB\",\"@id\":\"https:\/\/rad-pal.com.pl\/sklep\/bez-kategorii\/automatyczna-tasowarka-na-karty-tasowacz-do-kart-zestaw-do-pokera-uno\/#primaryimage\",\"url\":\"https:\/\/rad-pal.com.pl\/wp-content\/uploads\/2026\/02\/7f742d134347be8eb3b0edb54319656f.jpg\",\"contentUrl\":\"https:\/\/rad-pal.com.pl\/wp-content\/uploads\/2026\/02\/7f742d134347be8eb3b0edb54319656f.jpg\",\"width\":2048,\"height\":2048,\"caption\":\"b0a8d7f5c53ef7b1fee6c1571561898b\"},{\"@type\":\"BreadcrumbList\",\"@id\":\"https:\/\/rad-pal.com.pl\/sklep\/bez-kategorii\/automatyczna-tasowarka-na-karty-tasowacz-do-kart-zestaw-do-pokera-uno\/#breadcrumb\",\"itemListElement\":[{\"@type\":\"ListItem\",\"position\":1,\"name\":\"Strona g\u0142\u00f3wna\",\"item\":\"https:\/\/rad-pal.com.pl\/\"},{\"@type\":\"ListItem\",\"position\":2,\"name\":\"Sklep\",\"item\":\"https:\/\/rad-pal.com.pl\/sklep\/\"},{\"@type\":\"ListItem\",\"position\":3,\"name\":\"AUTOMATYCZNA TASOWARKA NA KARTY TASOWACZ DO KART ZESTAW DO POKERA UNO\"}]},{\"@type\":\"WebSite\",\"@id\":\"https:\/\/rad-pal.com.pl\/#website\",\"url\":\"https:\/\/rad-pal.com.pl\/\",\"name\":\"Rad-Pal\",\"description\":\"\",\"publisher\":{\"@id\":\"https:\/\/rad-pal.com.pl\/#organization\"},\"potentialAction\":[{\"@type\":\"SearchAction\",\"target\":{\"@type\":\"EntryPoint\",\"urlTemplate\":\"https:\/\/rad-pal.com.pl\/?s={search_term_string}\"},\"query-input\":{\"@type\":\"PropertyValueSpecification\",\"valueRequired\":true,\"valueName\":\"search_term_string\"}}],\"inLanguage\":\"en-GB\"},{\"@type\":\"Organization\",\"@id\":\"https:\/\/rad-pal.com.pl\/#organization\",\"name\":\"Rad-Pal\",\"url\":\"https:\/\/rad-pal.com.pl\/\",\"logo\":{\"@type\":\"ImageObject\",\"inLanguage\":\"en-GB\",\"@id\":\"https:\/\/rad-pal.com.pl\/#\/schema\/logo\/image\/\",\"url\":\"https:\/\/rad-pal.com.pl\/wp-content\/uploads\/2026\/03\/Projekt-bez-nazwy-30.webp\",\"contentUrl\":\"https:\/\/rad-pal.com.pl\/wp-content\/uploads\/2026\/03\/Projekt-bez-nazwy-30.webp\",\"width\":600,\"height\":210,\"caption\":\"Rad-Pal\"},\"image\":{\"@id\":\"https:\/\/rad-pal.com.pl\/#\/schema\/logo\/image\/\"}}]}<\/script>\n<!-- \/ Yoast SEO plugin. -->","yoast_head_json":{"title":"AUTOMATYCZNA TASOWARKA NA KARTY TASOWACZ DO KART ZESTAW DO POKERA UNO - Rad-Pal","robots":{"index":"index","follow":"follow","max-snippet":"max-snippet:-1","max-image-preview":"max-image-preview:large","max-video-preview":"max-video-preview:-1"},"canonical":"https:\/\/rad-pal.com.pl\/en\/sklep\/bez-kategorii\/automatyczna-tasowarka-na-karty-tasowacz-do-kart-zestaw-do-pokera-uno\/","og_locale":"en_GB","og_type":"article","og_title":"AUTOMATYCZNA TASOWARKA NA KARTY TASOWACZ DO KART ZESTAW DO POKERA UNO - Rad-Pal","og_description":"\u2733\ufe0fAutomatyczna tasowarka do kart Poker Makao Remik Rumminkub Wojna Krupier \u2733\ufe0fTasowarka do kart na 4 talie Jeste\u015b ju\u017c zm\u0119czony dyskusjami","og_url":"https:\/\/rad-pal.com.pl\/en\/sklep\/bez-kategorii\/automatyczna-tasowarka-na-karty-tasowacz-do-kart-zestaw-do-pokera-uno\/","og_site_name":"Rad-Pal","article_modified_time":"2026-03-26T21:25:52+00:00","og_image":[{"url":"https:\/\/upload.cdn.baselinker.com\/products\/6014502\/7f742d134347be8eb3b0edb54319656f.jpg","type":"","width":"","height":""}],"twitter_card":"summary_large_image","twitter_misc":{"Estimated reading time":"1 minute"},"schema":{"@context":"https:\/\/schema.org","@graph":[{"@type":"WebPage","@id":"https:\/\/rad-pal.com.pl\/sklep\/bez-kategorii\/automatyczna-tasowarka-na-karty-tasowacz-do-kart-zestaw-do-pokera-uno\/","url":"https:\/\/rad-pal.com.pl\/sklep\/bez-kategorii\/automatyczna-tasowarka-na-karty-tasowacz-do-kart-zestaw-do-pokera-uno\/","name":"AUTOMATYCZNA TASOWARKA NA KARTY TASOWACZ DO KART ZESTAW DO POKERA UNO - Rad-Pal","isPartOf":{"@id":"https:\/\/rad-pal.com.pl\/#website"},"primaryImageOfPage":{"@id":"https:\/\/rad-pal.com.pl\/sklep\/bez-kategorii\/automatyczna-tasowarka-na-karty-tasowacz-do-kart-zestaw-do-pokera-uno\/#primaryimage"},"image":{"@id":"https:\/\/rad-pal.com.pl\/sklep\/bez-kategorii\/automatyczna-tasowarka-na-karty-tasowacz-do-kart-zestaw-do-pokera-uno\/#primaryimage"},"thumbnailUrl":"https:\/\/rad-pal.com.pl\/wp-content\/uploads\/2026\/02\/7f742d134347be8eb3b0edb54319656f.jpg","datePublished":"2026-02-19T18:20:28+00:00","dateModified":"2026-03-26T21:25:52+00:00","breadcrumb":{"@id":"https:\/\/rad-pal.com.pl\/sklep\/bez-kategorii\/automatyczna-tasowarka-na-karty-tasowacz-do-kart-zestaw-do-pokera-uno\/#breadcrumb"},"inLanguage":"en-GB","potentialAction":[{"@type":"ReadAction","target":["https:\/\/rad-pal.com.pl\/sklep\/bez-kategorii\/automatyczna-tasowarka-na-karty-tasowacz-do-kart-zestaw-do-pokera-uno\/"]}]},{"@type":"ImageObject","inLanguage":"en-GB","@id":"https:\/\/rad-pal.com.pl\/sklep\/bez-kategorii\/automatyczna-tasowarka-na-karty-tasowacz-do-kart-zestaw-do-pokera-uno\/#primaryimage","url":"https:\/\/rad-pal.com.pl\/wp-content\/uploads\/2026\/02\/7f742d134347be8eb3b0edb54319656f.jpg","contentUrl":"https:\/\/rad-pal.com.pl\/wp-content\/uploads\/2026\/02\/7f742d134347be8eb3b0edb54319656f.jpg","width":2048,"height":2048,"caption":"b0a8d7f5c53ef7b1fee6c1571561898b"},{"@type":"BreadcrumbList","@id":"https:\/\/rad-pal.com.pl\/sklep\/bez-kategorii\/automatyczna-tasowarka-na-karty-tasowacz-do-kart-zestaw-do-pokera-uno\/#breadcrumb","itemListElement":[{"@type":"ListItem","position":1,"name":"Strona g\u0142\u00f3wna","item":"https:\/\/rad-pal.com.pl\/"},{"@type":"ListItem","position":2,"name":"Sklep","item":"https:\/\/rad-pal.com.pl\/sklep\/"},{"@type":"ListItem","position":3,"name":"AUTOMATYCZNA TASOWARKA NA KARTY TASOWACZ DO KART ZESTAW DO POKERA UNO"}]},{"@type":"WebSite","@id":"https:\/\/rad-pal.com.pl\/#website","url":"https:\/\/rad-pal.com.pl\/","name":"Rad-Pal","description":"","publisher":{"@id":"https:\/\/rad-pal.com.pl\/#organization"},"potentialAction":[{"@type":"SearchAction","target":{"@type":"EntryPoint","urlTemplate":"https:\/\/rad-pal.com.pl\/?s={search_term_string}"},"query-input":{"@type":"PropertyValueSpecification","valueRequired":true,"valueName":"search_term_string"}}],"inLanguage":"en-GB"},{"@type":"Organization","@id":"https:\/\/rad-pal.com.pl\/#organization","name":"Rad-Pal","url":"https:\/\/rad-pal.com.pl\/","logo":{"@type":"ImageObject","inLanguage":"en-GB","@id":"https:\/\/rad-pal.com.pl\/#\/schema\/logo\/image\/","url":"https:\/\/rad-pal.com.pl\/wp-content\/uploads\/2026\/03\/Projekt-bez-nazwy-30.webp","contentUrl":"https:\/\/rad-pal.com.pl\/wp-content\/uploads\/2026\/03\/Projekt-bez-nazwy-30.webp","width":600,"height":210,"caption":"Rad-Pal"},"image":{"@id":"https:\/\/rad-pal.com.pl\/#\/schema\/logo\/image\/"}}]}},"_links":{"self":[{"href":"https:\/\/rad-pal.com.pl\/en\/wp-json\/wp\/v2\/product\/37535","targetHints":{"allow":["GET"]}}],"collection":[{"href":"https:\/\/rad-pal.com.pl\/en\/wp-json\/wp\/v2\/product"}],"about":[{"href":"https:\/\/rad-pal.com.pl\/en\/wp-json\/wp\/v2\/types\/product"}],"version-history":[{"count":0,"href":"https:\/\/rad-pal.com.pl\/en\/wp-json\/wp\/v2\/product\/37535\/revisions"}],"wp:featuredmedia":[{"embeddable":true,"href":"https:\/\/rad-pal.com.pl\/en\/wp-json\/wp\/v2\/media\/37524"}],"wp:attachment":[{"href":"https:\/\/rad-pal.com.pl\/en\/wp-json\/wp\/v2\/media?parent=37535"}],"wp:term":[{"taxonomy":"product_brand","embeddable":true,"href":"https:\/\/rad-pal.com.pl\/en\/wp-json\/wp\/v2\/product_brand?post=37535"},{"taxonomy":"product_cat","embeddable":true,"href":"https:\/\/rad-pal.com.pl\/en\/wp-json\/wp\/v2\/product_cat?post=37535"},{"taxonomy":"product_tag","embeddable":true,"href":"https:\/\/rad-pal.com.pl\/en\/wp-json\/wp\/v2\/product_tag?post=37535"}],"curies":[{"name":"wp","href":"https:\/\/api.w.org\/{rel}","templated":true}]}}