{"id":37560,"date":"2026-02-19T19:21:44","date_gmt":"2026-02-19T18:21:44","guid":{"rendered":"https:\/\/rad-pal.com.pl\/sklep\/bez-kategorii\/zestaw-dwoch-misek-z-tworzywa-sztucznego-relaxdays-odcienie-zoltego\/"},"modified":"2026-02-19T19:23:16","modified_gmt":"2026-02-19T18:23:16","slug":"zestaw-dwoch-misek-z-tworzywa-sztucznego-relaxdays-odcienie-zoltego","status":"publish","type":"product","link":"https:\/\/rad-pal.com.pl\/en\/sklep\/supermarket\/artykuly-dla-zwierzat\/dla-psow\/miski\/zestaw-dwoch-misek-z-tworzywa-sztucznego-relaxdays-odcienie-zoltego\/","title":{"rendered":"Zestaw dw\u00f3ch misek z tworzywa sztucznego Relaxdays odcienie \u017c\u00f3\u0142tegO"},"content":{"rendered":"<section class=\"section\">\n<div class=\"item item-6\">\n<section class=\"text-item\">\n<p>#137<\/p>\n<p>Podw\u00f3jna miska z dozownikiem wody Relaxdays<\/p>\n<\/section><\/div>\n<div class=\"item item-6\">\n<section class=\"image-item\"><img decoding=\"async\" src=\"https:\/\/upload.cdn.baselinker.com\/products\/6014502\/6e75cbdb740474e1864c75f644650869.jpg\" \/><\/section>\n<\/p><\/div>\n<\/section>\n<section class=\"section\">\n<div class=\"item item-12\">\n<section class=\"text-item\">\n<h2>Praktyczny zestaw misek z automatycznym dozownikiem wody<\/h2>\n<p>Podw\u00f3jna miska z dozownikiem wody niezawodnie zaopatrzy Twojego zwierzaka w karm\u0119 i wod\u0119, nawet gdy jeste\u015b daleko. Wystarczy nape\u0142ni\u0107 butelk\u0119 wod\u0105 i obr\u00f3ci\u0107 j\u0105 do g\u00f3ry dnem do stacji karmienia. Woda jest automatycznie dozowana w r\u00f3wnych ilo\u015bciach do miski. \u017b\u00f3\u0142ta wk\u0142adka w misce chroni zwierz\u0119 i pod\u0142og\u0119 przed wylaniem wody. Wyjmowane miski ze stali nierdzewnej mo\u017cna nape\u0142ni\u0107 mokr\u0105 lub such\u0105 karm\u0105.<\/p>\n<\/section><\/div>\n<\/section>\n<section class=\"section\">\n<div class=\"item item-6\">\n<section class=\"image-item\"><img decoding=\"async\" src=\"https:\/\/upload.cdn.baselinker.com\/products\/6014502\/485d6b781d6c294588904d331d2eef8c.jpg\" \/><\/section>\n<\/p><\/div>\n<div class=\"item item-6\">\n<section class=\"image-item\"><img decoding=\"async\" src=\"https:\/\/upload.cdn.baselinker.com\/products\/6014502\/2caebf6f5a2fbad83d9497e881fc5fdf.jpg\" \/><\/section>\n<\/p><\/div>\n<\/section>\n<section class=\"section\">\n<div class=\"item item-12\">\n<section class=\"text-item\">\n<h2>Stacja karmienia dla kot\u00f3w i ps\u00f3w<\/h2>\n<ul>\n<li>praktyczne rozwi\u0105zanie 2 w 1 &#8211; karma i woda w jednym<\/li>\n<li>automatyczny dozownik zapewniaj\u0105cy sta\u0142y dost\u0119p do wody<\/li>\n<li>niezawodna miska na wod\u0119 z plastikowym pier\u015bcieniem zapobiegaj\u0105cym chlupotaniu<\/li>\n<li>1 wyjmowana butelka na wod\u0119 z zakr\u0119tk\u0105 do nape\u0142niania<\/li>\n<li>2 wyjmowane miski ze stali nierdzewnej dla \u0142atwego czyszczenia<\/li>\n<li>prosta konstrukcja z \u0142atwego w piel\u0119gnacji tworzywa sztucznego<\/li>\n<\/ul>\n<\/section><\/div>\n<\/section>\n<section class=\"section\">\n<div class=\"item item-6\">\n<section class=\"image-item\"><img decoding=\"async\" src=\"https:\/\/upload.cdn.baselinker.com\/products\/6014502\/ac91f19d7aae791dc074ab0c7f63367b.jpg\" \/><\/section>\n<\/p><\/div>\n<div class=\"item item-6\">\n<section class=\"image-item\"><img decoding=\"async\" src=\"https:\/\/upload.cdn.baselinker.com\/products\/6014502\/d8f6507ff04dab4a1f29c1c15819f7e7.jpg\" \/><\/section>\n<\/p><\/div>\n<\/section>\n<section class=\"section\">\n<div class=\"item item-12\">\n<section class=\"text-item\">\n<h2>Podw\u00f3jna miska z dozownikiem wody &#8211; parametry<\/h2>\n<ul>\n<li>wymiary ca\u0142kowite (wys. x szer. x d\u0142.): ok. 25 x 28,5 x 20 cm<\/li>\n<li>pojemno\u015b\u0107 butelki na wod\u0119: ok. 500 ml<\/li>\n<li>pojemno\u015b\u0107 miski na karm\u0119: ok. 120 ml<\/li>\n<li>waga: ok. 280 g<\/li>\n<li>materia\u0142: tworzywo sztuczne, stal nierdzewna<\/li>\n<li>kolor: niebieski, srebrny, \u017c\u00f3\u0142ty<\/li>\n<\/ul>\n<\/section><\/div>\n<\/section>\n<section class=\"section\">\n<div class=\"item item-12\">\n<section class=\"image-item\"><img decoding=\"async\" src=\"https:\/\/upload.cdn.baselinker.com\/products\/6014502\/c99473963c284ac5373e013092d4c922.jpg\" \/><\/section>\n<\/p><\/div>\n<\/section>","protected":false},"excerpt":{"rendered":"<p>#137 Podw\u00f3jna miska z dozownikiem wody Relaxdays Praktyczny zestaw misek z automatycznym dozownikiem wody Podw\u00f3jna miska z dozownikiem wody niezawodnie<\/p>","protected":false},"featured_media":37576,"template":"","meta":[],"product_brand":[],"product_cat":[98,309,423,97],"product_tag":[],"class_list":{"0":"post-37560","1":"product","2":"type-product","3":"status-publish","4":"has-post-thumbnail","6":"product_cat-artykuly-dla-zwierzat","7":"product_cat-dla-psow","8":"product_cat-miski","9":"product_cat-supermarket","11":"first","12":"instock","13":"taxable","14":"shipping-taxable","15":"purchasable","16":"product-type-simple"},"yoast_head":"<!-- This site is optimized with the Yoast SEO plugin v25.7 - https:\/\/yoast.com\/wordpress\/plugins\/seo\/ -->\n<title>Zestaw dw\u00f3ch misek z tworzywa sztucznego Relaxdays odcienie \u017c\u00f3\u0142tegO - Rad-Pal<\/title>\n<meta name=\"robots\" content=\"index, follow, max-snippet:-1, max-image-preview:large, max-video-preview:-1\" \/>\n<link rel=\"canonical\" href=\"https:\/\/rad-pal.com.pl\/en\/sklep\/supermarket\/artykuly-dla-zwierzat\/dla-psow\/miski\/zestaw-dwoch-misek-z-tworzywa-sztucznego-relaxdays-odcienie-zoltego\/\" \/>\n<meta property=\"og:locale\" content=\"en_GB\" \/>\n<meta property=\"og:type\" content=\"article\" \/>\n<meta property=\"og:title\" content=\"Zestaw dw\u00f3ch misek z tworzywa sztucznego Relaxdays odcienie \u017c\u00f3\u0142tegO - Rad-Pal\" \/>\n<meta property=\"og:description\" content=\"#137 Podw\u00f3jna miska z dozownikiem wody Relaxdays Praktyczny zestaw misek z automatycznym dozownikiem wody Podw\u00f3jna miska z dozownikiem wody niezawodnie\" \/>\n<meta property=\"og:url\" content=\"https:\/\/rad-pal.com.pl\/en\/sklep\/supermarket\/artykuly-dla-zwierzat\/dla-psow\/miski\/zestaw-dwoch-misek-z-tworzywa-sztucznego-relaxdays-odcienie-zoltego\/\" \/>\n<meta property=\"og:site_name\" content=\"Rad-Pal\" \/>\n<meta property=\"article:modified_time\" content=\"2026-02-19T18:23:16+00:00\" \/>\n<meta property=\"og:image\" content=\"https:\/\/rad-pal.com.pl\/wp-content\/uploads\/2026\/02\/6e75cbdb740474e1864c75f644650869-2.jpg\" \/>\n\t<meta property=\"og:image:width\" content=\"2560\" \/>\n\t<meta property=\"og:image:height\" content=\"2560\" \/>\n\t<meta property=\"og:image:type\" content=\"image\/jpeg\" \/>\n<meta name=\"twitter:card\" content=\"summary_large_image\" \/>\n<meta name=\"twitter:label1\" content=\"Estimated reading time\" \/>\n\t<meta name=\"twitter:data1\" content=\"1 minute\" \/>\n<script type=\"application\/ld+json\" class=\"yoast-schema-graph\">{\"@context\":\"https:\/\/schema.org\",\"@graph\":[{\"@type\":\"WebPage\",\"@id\":\"https:\/\/rad-pal.com.pl\/sklep\/supermarket\/artykuly-dla-zwierzat\/dla-psow\/miski\/zestaw-dwoch-misek-z-tworzywa-sztucznego-relaxdays-odcienie-zoltego\/\",\"url\":\"https:\/\/rad-pal.com.pl\/sklep\/supermarket\/artykuly-dla-zwierzat\/dla-psow\/miski\/zestaw-dwoch-misek-z-tworzywa-sztucznego-relaxdays-odcienie-zoltego\/\",\"name\":\"Zestaw dw\u00f3ch misek z tworzywa sztucznego Relaxdays odcienie \u017c\u00f3\u0142tegO - Rad-Pal\",\"isPartOf\":{\"@id\":\"https:\/\/rad-pal.com.pl\/#website\"},\"primaryImageOfPage\":{\"@id\":\"https:\/\/rad-pal.com.pl\/sklep\/supermarket\/artykuly-dla-zwierzat\/dla-psow\/miski\/zestaw-dwoch-misek-z-tworzywa-sztucznego-relaxdays-odcienie-zoltego\/#primaryimage\"},\"image\":{\"@id\":\"https:\/\/rad-pal.com.pl\/sklep\/supermarket\/artykuly-dla-zwierzat\/dla-psow\/miski\/zestaw-dwoch-misek-z-tworzywa-sztucznego-relaxdays-odcienie-zoltego\/#primaryimage\"},\"thumbnailUrl\":\"https:\/\/rad-pal.com.pl\/wp-content\/uploads\/2026\/02\/6e75cbdb740474e1864c75f644650869-3.jpg\",\"datePublished\":\"2026-02-19T18:21:44+00:00\",\"dateModified\":\"2026-02-19T18:23:16+00:00\",\"breadcrumb\":{\"@id\":\"https:\/\/rad-pal.com.pl\/sklep\/supermarket\/artykuly-dla-zwierzat\/dla-psow\/miski\/zestaw-dwoch-misek-z-tworzywa-sztucznego-relaxdays-odcienie-zoltego\/#breadcrumb\"},\"inLanguage\":\"en-GB\",\"potentialAction\":[{\"@type\":\"ReadAction\",\"target\":[\"https:\/\/rad-pal.com.pl\/sklep\/supermarket\/artykuly-dla-zwierzat\/dla-psow\/miski\/zestaw-dwoch-misek-z-tworzywa-sztucznego-relaxdays-odcienie-zoltego\/\"]}]},{\"@type\":\"ImageObject\",\"inLanguage\":\"en-GB\",\"@id\":\"https:\/\/rad-pal.com.pl\/sklep\/supermarket\/artykuly-dla-zwierzat\/dla-psow\/miski\/zestaw-dwoch-misek-z-tworzywa-sztucznego-relaxdays-odcienie-zoltego\/#primaryimage\",\"url\":\"https:\/\/rad-pal.com.pl\/wp-content\/uploads\/2026\/02\/6e75cbdb740474e1864c75f644650869-3.jpg\",\"contentUrl\":\"https:\/\/rad-pal.com.pl\/wp-content\/uploads\/2026\/02\/6e75cbdb740474e1864c75f644650869-3.jpg\",\"width\":2560,\"height\":2560,\"caption\":\"56bebc411684e9f2dc08365e62101a86\"},{\"@type\":\"BreadcrumbList\",\"@id\":\"https:\/\/rad-pal.com.pl\/sklep\/supermarket\/artykuly-dla-zwierzat\/dla-psow\/miski\/zestaw-dwoch-misek-z-tworzywa-sztucznego-relaxdays-odcienie-zoltego\/#breadcrumb\",\"itemListElement\":[{\"@type\":\"ListItem\",\"position\":1,\"name\":\"Strona g\u0142\u00f3wna\",\"item\":\"https:\/\/rad-pal.com.pl\/\"},{\"@type\":\"ListItem\",\"position\":2,\"name\":\"Sklep\",\"item\":\"https:\/\/rad-pal.com.pl\/sklep\/\"},{\"@type\":\"ListItem\",\"position\":3,\"name\":\"Zestaw dw\u00f3ch misek z tworzywa sztucznego Relaxdays odcienie \u017c\u00f3\u0142tegO\"}]},{\"@type\":\"WebSite\",\"@id\":\"https:\/\/rad-pal.com.pl\/#website\",\"url\":\"https:\/\/rad-pal.com.pl\/\",\"name\":\"Rad-Pal\",\"description\":\"\",\"publisher\":{\"@id\":\"https:\/\/rad-pal.com.pl\/#organization\"},\"potentialAction\":[{\"@type\":\"SearchAction\",\"target\":{\"@type\":\"EntryPoint\",\"urlTemplate\":\"https:\/\/rad-pal.com.pl\/?s={search_term_string}\"},\"query-input\":{\"@type\":\"PropertyValueSpecification\",\"valueRequired\":true,\"valueName\":\"search_term_string\"}}],\"inLanguage\":\"en-GB\"},{\"@type\":\"Organization\",\"@id\":\"https:\/\/rad-pal.com.pl\/#organization\",\"name\":\"Rad-Pal\",\"url\":\"https:\/\/rad-pal.com.pl\/\",\"logo\":{\"@type\":\"ImageObject\",\"inLanguage\":\"en-GB\",\"@id\":\"https:\/\/rad-pal.com.pl\/#\/schema\/logo\/image\/\",\"url\":\"https:\/\/rad-pal.com.pl\/wp-content\/uploads\/2026\/03\/Projekt-bez-nazwy-30.webp\",\"contentUrl\":\"https:\/\/rad-pal.com.pl\/wp-content\/uploads\/2026\/03\/Projekt-bez-nazwy-30.webp\",\"width\":600,\"height\":210,\"caption\":\"Rad-Pal\"},\"image\":{\"@id\":\"https:\/\/rad-pal.com.pl\/#\/schema\/logo\/image\/\"}}]}<\/script>\n<!-- \/ Yoast SEO plugin. -->","yoast_head_json":{"title":"Zestaw dw\u00f3ch misek z tworzywa sztucznego Relaxdays odcienie \u017c\u00f3\u0142tegO - Rad-Pal","robots":{"index":"index","follow":"follow","max-snippet":"max-snippet:-1","max-image-preview":"max-image-preview:large","max-video-preview":"max-video-preview:-1"},"canonical":"https:\/\/rad-pal.com.pl\/en\/sklep\/supermarket\/artykuly-dla-zwierzat\/dla-psow\/miski\/zestaw-dwoch-misek-z-tworzywa-sztucznego-relaxdays-odcienie-zoltego\/","og_locale":"en_GB","og_type":"article","og_title":"Zestaw dw\u00f3ch misek z tworzywa sztucznego Relaxdays odcienie \u017c\u00f3\u0142tegO - Rad-Pal","og_description":"#137 Podw\u00f3jna miska z dozownikiem wody Relaxdays Praktyczny zestaw misek z automatycznym dozownikiem wody Podw\u00f3jna miska z dozownikiem wody niezawodnie","og_url":"https:\/\/rad-pal.com.pl\/en\/sklep\/supermarket\/artykuly-dla-zwierzat\/dla-psow\/miski\/zestaw-dwoch-misek-z-tworzywa-sztucznego-relaxdays-odcienie-zoltego\/","og_site_name":"Rad-Pal","article_modified_time":"2026-02-19T18:23:16+00:00","og_image":[{"width":2560,"height":2560,"url":"https:\/\/rad-pal.com.pl\/wp-content\/uploads\/2026\/02\/6e75cbdb740474e1864c75f644650869-2.jpg","type":"image\/jpeg"}],"twitter_card":"summary_large_image","twitter_misc":{"Estimated reading time":"1 minute"},"schema":{"@context":"https:\/\/schema.org","@graph":[{"@type":"WebPage","@id":"https:\/\/rad-pal.com.pl\/sklep\/supermarket\/artykuly-dla-zwierzat\/dla-psow\/miski\/zestaw-dwoch-misek-z-tworzywa-sztucznego-relaxdays-odcienie-zoltego\/","url":"https:\/\/rad-pal.com.pl\/sklep\/supermarket\/artykuly-dla-zwierzat\/dla-psow\/miski\/zestaw-dwoch-misek-z-tworzywa-sztucznego-relaxdays-odcienie-zoltego\/","name":"Zestaw dw\u00f3ch misek z tworzywa sztucznego Relaxdays odcienie \u017c\u00f3\u0142tegO - Rad-Pal","isPartOf":{"@id":"https:\/\/rad-pal.com.pl\/#website"},"primaryImageOfPage":{"@id":"https:\/\/rad-pal.com.pl\/sklep\/supermarket\/artykuly-dla-zwierzat\/dla-psow\/miski\/zestaw-dwoch-misek-z-tworzywa-sztucznego-relaxdays-odcienie-zoltego\/#primaryimage"},"image":{"@id":"https:\/\/rad-pal.com.pl\/sklep\/supermarket\/artykuly-dla-zwierzat\/dla-psow\/miski\/zestaw-dwoch-misek-z-tworzywa-sztucznego-relaxdays-odcienie-zoltego\/#primaryimage"},"thumbnailUrl":"https:\/\/rad-pal.com.pl\/wp-content\/uploads\/2026\/02\/6e75cbdb740474e1864c75f644650869-3.jpg","datePublished":"2026-02-19T18:21:44+00:00","dateModified":"2026-02-19T18:23:16+00:00","breadcrumb":{"@id":"https:\/\/rad-pal.com.pl\/sklep\/supermarket\/artykuly-dla-zwierzat\/dla-psow\/miski\/zestaw-dwoch-misek-z-tworzywa-sztucznego-relaxdays-odcienie-zoltego\/#breadcrumb"},"inLanguage":"en-GB","potentialAction":[{"@type":"ReadAction","target":["https:\/\/rad-pal.com.pl\/sklep\/supermarket\/artykuly-dla-zwierzat\/dla-psow\/miski\/zestaw-dwoch-misek-z-tworzywa-sztucznego-relaxdays-odcienie-zoltego\/"]}]},{"@type":"ImageObject","inLanguage":"en-GB","@id":"https:\/\/rad-pal.com.pl\/sklep\/supermarket\/artykuly-dla-zwierzat\/dla-psow\/miski\/zestaw-dwoch-misek-z-tworzywa-sztucznego-relaxdays-odcienie-zoltego\/#primaryimage","url":"https:\/\/rad-pal.com.pl\/wp-content\/uploads\/2026\/02\/6e75cbdb740474e1864c75f644650869-3.jpg","contentUrl":"https:\/\/rad-pal.com.pl\/wp-content\/uploads\/2026\/02\/6e75cbdb740474e1864c75f644650869-3.jpg","width":2560,"height":2560,"caption":"56bebc411684e9f2dc08365e62101a86"},{"@type":"BreadcrumbList","@id":"https:\/\/rad-pal.com.pl\/sklep\/supermarket\/artykuly-dla-zwierzat\/dla-psow\/miski\/zestaw-dwoch-misek-z-tworzywa-sztucznego-relaxdays-odcienie-zoltego\/#breadcrumb","itemListElement":[{"@type":"ListItem","position":1,"name":"Strona g\u0142\u00f3wna","item":"https:\/\/rad-pal.com.pl\/"},{"@type":"ListItem","position":2,"name":"Sklep","item":"https:\/\/rad-pal.com.pl\/sklep\/"},{"@type":"ListItem","position":3,"name":"Zestaw dw\u00f3ch misek z tworzywa sztucznego Relaxdays odcienie \u017c\u00f3\u0142tegO"}]},{"@type":"WebSite","@id":"https:\/\/rad-pal.com.pl\/#website","url":"https:\/\/rad-pal.com.pl\/","name":"Rad-Pal","description":"","publisher":{"@id":"https:\/\/rad-pal.com.pl\/#organization"},"potentialAction":[{"@type":"SearchAction","target":{"@type":"EntryPoint","urlTemplate":"https:\/\/rad-pal.com.pl\/?s={search_term_string}"},"query-input":{"@type":"PropertyValueSpecification","valueRequired":true,"valueName":"search_term_string"}}],"inLanguage":"en-GB"},{"@type":"Organization","@id":"https:\/\/rad-pal.com.pl\/#organization","name":"Rad-Pal","url":"https:\/\/rad-pal.com.pl\/","logo":{"@type":"ImageObject","inLanguage":"en-GB","@id":"https:\/\/rad-pal.com.pl\/#\/schema\/logo\/image\/","url":"https:\/\/rad-pal.com.pl\/wp-content\/uploads\/2026\/03\/Projekt-bez-nazwy-30.webp","contentUrl":"https:\/\/rad-pal.com.pl\/wp-content\/uploads\/2026\/03\/Projekt-bez-nazwy-30.webp","width":600,"height":210,"caption":"Rad-Pal"},"image":{"@id":"https:\/\/rad-pal.com.pl\/#\/schema\/logo\/image\/"}}]}},"_links":{"self":[{"href":"https:\/\/rad-pal.com.pl\/en\/wp-json\/wp\/v2\/product\/37560","targetHints":{"allow":["GET"]}}],"collection":[{"href":"https:\/\/rad-pal.com.pl\/en\/wp-json\/wp\/v2\/product"}],"about":[{"href":"https:\/\/rad-pal.com.pl\/en\/wp-json\/wp\/v2\/types\/product"}],"version-history":[{"count":0,"href":"https:\/\/rad-pal.com.pl\/en\/wp-json\/wp\/v2\/product\/37560\/revisions"}],"wp:featuredmedia":[{"embeddable":true,"href":"https:\/\/rad-pal.com.pl\/en\/wp-json\/wp\/v2\/media\/37576"}],"wp:attachment":[{"href":"https:\/\/rad-pal.com.pl\/en\/wp-json\/wp\/v2\/media?parent=37560"}],"wp:term":[{"taxonomy":"product_brand","embeddable":true,"href":"https:\/\/rad-pal.com.pl\/en\/wp-json\/wp\/v2\/product_brand?post=37560"},{"taxonomy":"product_cat","embeddable":true,"href":"https:\/\/rad-pal.com.pl\/en\/wp-json\/wp\/v2\/product_cat?post=37560"},{"taxonomy":"product_tag","embeddable":true,"href":"https:\/\/rad-pal.com.pl\/en\/wp-json\/wp\/v2\/product_tag?post=37560"}],"curies":[{"name":"wp","href":"https:\/\/api.w.org\/{rel}","templated":true}]}}