{"id":37588,"date":"2026-02-19T19:23:30","date_gmt":"2026-02-19T18:23:30","guid":{"rendered":"https:\/\/rad-pal.com.pl\/sklep\/bez-kategorii\/wazon-relaxdays-szklo-10-x-215cm\/"},"modified":"2026-02-19T19:34:33","modified_gmt":"2026-02-19T18:34:33","slug":"wazon-relaxdays-szklo-10-x-215cm","status":"publish","type":"product","link":"https:\/\/rad-pal.com.pl\/en\/sklep\/dom-i-ogrod\/wyposazenie\/dekoracje-domu\/wazony\/wazon-relaxdays-szklo-10-x-215cm\/","title":{"rendered":"Wazon Relaxdays szk\u0142o 10 x 21,5cm"},"content":{"rendered":"<section class=\"section\">\n<div class=\"item item-6\">\n<section class=\"text-item\">\n<h2>Wszechstronny szklany wazon na kwiaty<\/h2>\n<p>Chcesz stylowo wyeksponowa\u0107 sw\u00f3j bukiet? W takim razie ten prosty wazon jest idealny dla Ciebie. Wazon na kwiaty wykonany jest z wysokiej jako\u015bci szk\u0142a i dzi\u0119ki ponadczasowemu wzornictwu doskonale wpasowuje si\u0119 w salon, kuchni\u0119 lub ka\u017cde inne pomieszczenie. Niezale\u017cnie od tego, czy u\u017cywasz dyskretnego wazonu do pojedynczych kwiat\u00f3w, czy tworzysz kolorowe kompozycje, szklany wazon zawsze dobrze si\u0119 prezentuje.<\/p>\n<h2>Dekoracyjny wazon o prostym designie<\/h2>\n<ul>\n<li>Nowoczesny design pasuje do r\u00f3\u017cnych wn\u0119trz<\/li>\n<li>\u015awietna dekoracja sto\u0142u w salonie, sypialni i kuchni<\/li>\n<li>Bukiety kwiat\u00f3w s\u0105 doskonale eksponowane<\/li>\n<li>Odpowiedni do ma\u0142ych i du\u017cych kompozycji kwiatowych<\/li>\n<li>Wazon jest wykonany z wysokiej jako\u015bci szk\u0142a<\/li>\n<\/ul>\n<\/section><\/div>\n<div class=\"item item-6\">\n<section class=\"image-item\"><img decoding=\"async\" src=\"https:\/\/upload.cdn.baselinker.com\/products\/6014502\/316a941e3f5488a3d46cc66190f3df1a.jpg\" \/><\/section>\n<\/p><\/div>\n<\/section>\n<section class=\"section\">\n<div class=\"item item-6\">\n<section class=\"image-item\"><img decoding=\"async\" src=\"https:\/\/upload.cdn.baselinker.com\/products\/6014502\/281169d3971b3750dcaf7fc2acacb1f5.jpg\" \/><\/section>\n<\/p><\/div>\n<div class=\"item item-6\">\n<section class=\"text-item\">\n<h2>Wazon sto\u0142owy w szczeg\u00f3\u0142ach<\/h2>\n<ul>\n<li>Wymiary H x D: ok. 21,5 x 10 cm<\/li>\n<li>\u015arednica otworu: ok. 6 cm<\/li>\n<li>Waga: ok. 0,6 kg<\/li>\n<li>Materia\u0142: szk\u0142o<\/li>\n<\/ul>\n<ul>\n<li>1x szklana waza<\/li>\n<li>bez dekoracji<\/li>\n<\/ul>\n<h2>Sk\u0142ad Materia\u0142u<\/h2>\n<ul>\n<li>100% szk\u0142o<\/li>\n<\/ul>\n<\/section><\/div>\n<\/section>","protected":false},"excerpt":{"rendered":"<p>Wszechstronny szklany wazon na kwiaty Chcesz stylowo wyeksponowa\u0107 sw\u00f3j bukiet? W takim razie ten prosty wazon jest idealny dla Ciebie.<\/p>","protected":false},"featured_media":37583,"template":"","meta":[],"product_brand":[],"product_cat":[266,86,322,87],"product_tag":[],"class_list":{"0":"post-37588","1":"product","2":"type-product","3":"status-publish","4":"has-post-thumbnail","6":"product_cat-dekoracje-domu","7":"product_cat-dom-i-ogrod","8":"product_cat-wazony","9":"product_cat-wyposazenie","11":"first","12":"instock","13":"taxable","14":"shipping-taxable","15":"purchasable","16":"product-type-simple"},"yoast_head":"<!-- This site is optimized with the Yoast SEO plugin v25.7 - https:\/\/yoast.com\/wordpress\/plugins\/seo\/ -->\n<title>Wazon Relaxdays szk\u0142o 10 x 21,5cm - Rad-Pal<\/title>\n<meta name=\"robots\" content=\"index, follow, max-snippet:-1, max-image-preview:large, max-video-preview:-1\" \/>\n<link rel=\"canonical\" href=\"https:\/\/rad-pal.com.pl\/en\/sklep\/bez-kategorii\/wazon-relaxdays-szklo-10-x-215cm\/\" \/>\n<meta property=\"og:locale\" content=\"en_GB\" \/>\n<meta property=\"og:type\" content=\"article\" \/>\n<meta property=\"og:title\" content=\"Wazon Relaxdays szk\u0142o 10 x 21,5cm - Rad-Pal\" \/>\n<meta property=\"og:description\" content=\"Wszechstronny szklany wazon na kwiaty Chcesz stylowo wyeksponowa\u0107 sw\u00f3j bukiet? W takim razie ten prosty wazon jest idealny dla Ciebie.\" \/>\n<meta property=\"og:url\" content=\"https:\/\/rad-pal.com.pl\/en\/sklep\/bez-kategorii\/wazon-relaxdays-szklo-10-x-215cm\/\" \/>\n<meta property=\"og:site_name\" content=\"Rad-Pal\" \/>\n<meta property=\"article:modified_time\" content=\"2026-02-19T18:34:33+00:00\" \/>\n<meta property=\"og:image\" content=\"https:\/\/upload.cdn.baselinker.com\/products\/6014502\/316a941e3f5488a3d46cc66190f3df1a.jpg\" \/>\n<meta name=\"twitter:card\" content=\"summary_large_image\" \/>\n<meta name=\"twitter:label1\" content=\"Estimated reading time\" \/>\n\t<meta name=\"twitter:data1\" content=\"1 minute\" \/>\n<script type=\"application\/ld+json\" class=\"yoast-schema-graph\">{\"@context\":\"https:\/\/schema.org\",\"@graph\":[{\"@type\":\"WebPage\",\"@id\":\"https:\/\/rad-pal.com.pl\/sklep\/bez-kategorii\/wazon-relaxdays-szklo-10-x-215cm\/\",\"url\":\"https:\/\/rad-pal.com.pl\/sklep\/bez-kategorii\/wazon-relaxdays-szklo-10-x-215cm\/\",\"name\":\"Wazon Relaxdays szk\u0142o 10 x 21,5cm - Rad-Pal\",\"isPartOf\":{\"@id\":\"https:\/\/rad-pal.com.pl\/#website\"},\"primaryImageOfPage\":{\"@id\":\"https:\/\/rad-pal.com.pl\/sklep\/bez-kategorii\/wazon-relaxdays-szklo-10-x-215cm\/#primaryimage\"},\"image\":{\"@id\":\"https:\/\/rad-pal.com.pl\/sklep\/bez-kategorii\/wazon-relaxdays-szklo-10-x-215cm\/#primaryimage\"},\"thumbnailUrl\":\"https:\/\/rad-pal.com.pl\/wp-content\/uploads\/2026\/02\/7abb26528166e37a3d3666f0713401a0.jpg\",\"datePublished\":\"2026-02-19T18:23:30+00:00\",\"dateModified\":\"2026-02-19T18:34:33+00:00\",\"breadcrumb\":{\"@id\":\"https:\/\/rad-pal.com.pl\/sklep\/bez-kategorii\/wazon-relaxdays-szklo-10-x-215cm\/#breadcrumb\"},\"inLanguage\":\"en-GB\",\"potentialAction\":[{\"@type\":\"ReadAction\",\"target\":[\"https:\/\/rad-pal.com.pl\/sklep\/bez-kategorii\/wazon-relaxdays-szklo-10-x-215cm\/\"]}]},{\"@type\":\"ImageObject\",\"inLanguage\":\"en-GB\",\"@id\":\"https:\/\/rad-pal.com.pl\/sklep\/bez-kategorii\/wazon-relaxdays-szklo-10-x-215cm\/#primaryimage\",\"url\":\"https:\/\/rad-pal.com.pl\/wp-content\/uploads\/2026\/02\/7abb26528166e37a3d3666f0713401a0.jpg\",\"contentUrl\":\"https:\/\/rad-pal.com.pl\/wp-content\/uploads\/2026\/02\/7abb26528166e37a3d3666f0713401a0.jpg\",\"width\":2048,\"height\":2048,\"caption\":\"7dedd3d5cc6c804cb09f14132a47fcf4\"},{\"@type\":\"BreadcrumbList\",\"@id\":\"https:\/\/rad-pal.com.pl\/sklep\/bez-kategorii\/wazon-relaxdays-szklo-10-x-215cm\/#breadcrumb\",\"itemListElement\":[{\"@type\":\"ListItem\",\"position\":1,\"name\":\"Strona g\u0142\u00f3wna\",\"item\":\"https:\/\/rad-pal.com.pl\/\"},{\"@type\":\"ListItem\",\"position\":2,\"name\":\"Sklep\",\"item\":\"https:\/\/rad-pal.com.pl\/sklep\/\"},{\"@type\":\"ListItem\",\"position\":3,\"name\":\"Wazon Relaxdays szk\u0142o 10 x 21,5cm\"}]},{\"@type\":\"WebSite\",\"@id\":\"https:\/\/rad-pal.com.pl\/#website\",\"url\":\"https:\/\/rad-pal.com.pl\/\",\"name\":\"Rad-Pal\",\"description\":\"\",\"publisher\":{\"@id\":\"https:\/\/rad-pal.com.pl\/#organization\"},\"potentialAction\":[{\"@type\":\"SearchAction\",\"target\":{\"@type\":\"EntryPoint\",\"urlTemplate\":\"https:\/\/rad-pal.com.pl\/?s={search_term_string}\"},\"query-input\":{\"@type\":\"PropertyValueSpecification\",\"valueRequired\":true,\"valueName\":\"search_term_string\"}}],\"inLanguage\":\"en-GB\"},{\"@type\":\"Organization\",\"@id\":\"https:\/\/rad-pal.com.pl\/#organization\",\"name\":\"Rad-Pal\",\"url\":\"https:\/\/rad-pal.com.pl\/\",\"logo\":{\"@type\":\"ImageObject\",\"inLanguage\":\"en-GB\",\"@id\":\"https:\/\/rad-pal.com.pl\/#\/schema\/logo\/image\/\",\"url\":\"https:\/\/rad-pal.com.pl\/wp-content\/uploads\/2026\/03\/Projekt-bez-nazwy-30.webp\",\"contentUrl\":\"https:\/\/rad-pal.com.pl\/wp-content\/uploads\/2026\/03\/Projekt-bez-nazwy-30.webp\",\"width\":600,\"height\":210,\"caption\":\"Rad-Pal\"},\"image\":{\"@id\":\"https:\/\/rad-pal.com.pl\/#\/schema\/logo\/image\/\"}}]}<\/script>\n<!-- \/ Yoast SEO plugin. -->","yoast_head_json":{"title":"Wazon Relaxdays szk\u0142o 10 x 21,5cm - Rad-Pal","robots":{"index":"index","follow":"follow","max-snippet":"max-snippet:-1","max-image-preview":"max-image-preview:large","max-video-preview":"max-video-preview:-1"},"canonical":"https:\/\/rad-pal.com.pl\/en\/sklep\/bez-kategorii\/wazon-relaxdays-szklo-10-x-215cm\/","og_locale":"en_GB","og_type":"article","og_title":"Wazon Relaxdays szk\u0142o 10 x 21,5cm - Rad-Pal","og_description":"Wszechstronny szklany wazon na kwiaty Chcesz stylowo wyeksponowa\u0107 sw\u00f3j bukiet? W takim razie ten prosty wazon jest idealny dla Ciebie.","og_url":"https:\/\/rad-pal.com.pl\/en\/sklep\/bez-kategorii\/wazon-relaxdays-szklo-10-x-215cm\/","og_site_name":"Rad-Pal","article_modified_time":"2026-02-19T18:34:33+00:00","og_image":[{"url":"https:\/\/upload.cdn.baselinker.com\/products\/6014502\/316a941e3f5488a3d46cc66190f3df1a.jpg","type":"","width":"","height":""}],"twitter_card":"summary_large_image","twitter_misc":{"Estimated reading time":"1 minute"},"schema":{"@context":"https:\/\/schema.org","@graph":[{"@type":"WebPage","@id":"https:\/\/rad-pal.com.pl\/sklep\/bez-kategorii\/wazon-relaxdays-szklo-10-x-215cm\/","url":"https:\/\/rad-pal.com.pl\/sklep\/bez-kategorii\/wazon-relaxdays-szklo-10-x-215cm\/","name":"Wazon Relaxdays szk\u0142o 10 x 21,5cm - Rad-Pal","isPartOf":{"@id":"https:\/\/rad-pal.com.pl\/#website"},"primaryImageOfPage":{"@id":"https:\/\/rad-pal.com.pl\/sklep\/bez-kategorii\/wazon-relaxdays-szklo-10-x-215cm\/#primaryimage"},"image":{"@id":"https:\/\/rad-pal.com.pl\/sklep\/bez-kategorii\/wazon-relaxdays-szklo-10-x-215cm\/#primaryimage"},"thumbnailUrl":"https:\/\/rad-pal.com.pl\/wp-content\/uploads\/2026\/02\/7abb26528166e37a3d3666f0713401a0.jpg","datePublished":"2026-02-19T18:23:30+00:00","dateModified":"2026-02-19T18:34:33+00:00","breadcrumb":{"@id":"https:\/\/rad-pal.com.pl\/sklep\/bez-kategorii\/wazon-relaxdays-szklo-10-x-215cm\/#breadcrumb"},"inLanguage":"en-GB","potentialAction":[{"@type":"ReadAction","target":["https:\/\/rad-pal.com.pl\/sklep\/bez-kategorii\/wazon-relaxdays-szklo-10-x-215cm\/"]}]},{"@type":"ImageObject","inLanguage":"en-GB","@id":"https:\/\/rad-pal.com.pl\/sklep\/bez-kategorii\/wazon-relaxdays-szklo-10-x-215cm\/#primaryimage","url":"https:\/\/rad-pal.com.pl\/wp-content\/uploads\/2026\/02\/7abb26528166e37a3d3666f0713401a0.jpg","contentUrl":"https:\/\/rad-pal.com.pl\/wp-content\/uploads\/2026\/02\/7abb26528166e37a3d3666f0713401a0.jpg","width":2048,"height":2048,"caption":"7dedd3d5cc6c804cb09f14132a47fcf4"},{"@type":"BreadcrumbList","@id":"https:\/\/rad-pal.com.pl\/sklep\/bez-kategorii\/wazon-relaxdays-szklo-10-x-215cm\/#breadcrumb","itemListElement":[{"@type":"ListItem","position":1,"name":"Strona g\u0142\u00f3wna","item":"https:\/\/rad-pal.com.pl\/"},{"@type":"ListItem","position":2,"name":"Sklep","item":"https:\/\/rad-pal.com.pl\/sklep\/"},{"@type":"ListItem","position":3,"name":"Wazon Relaxdays szk\u0142o 10 x 21,5cm"}]},{"@type":"WebSite","@id":"https:\/\/rad-pal.com.pl\/#website","url":"https:\/\/rad-pal.com.pl\/","name":"Rad-Pal","description":"","publisher":{"@id":"https:\/\/rad-pal.com.pl\/#organization"},"potentialAction":[{"@type":"SearchAction","target":{"@type":"EntryPoint","urlTemplate":"https:\/\/rad-pal.com.pl\/?s={search_term_string}"},"query-input":{"@type":"PropertyValueSpecification","valueRequired":true,"valueName":"search_term_string"}}],"inLanguage":"en-GB"},{"@type":"Organization","@id":"https:\/\/rad-pal.com.pl\/#organization","name":"Rad-Pal","url":"https:\/\/rad-pal.com.pl\/","logo":{"@type":"ImageObject","inLanguage":"en-GB","@id":"https:\/\/rad-pal.com.pl\/#\/schema\/logo\/image\/","url":"https:\/\/rad-pal.com.pl\/wp-content\/uploads\/2026\/03\/Projekt-bez-nazwy-30.webp","contentUrl":"https:\/\/rad-pal.com.pl\/wp-content\/uploads\/2026\/03\/Projekt-bez-nazwy-30.webp","width":600,"height":210,"caption":"Rad-Pal"},"image":{"@id":"https:\/\/rad-pal.com.pl\/#\/schema\/logo\/image\/"}}]}},"_links":{"self":[{"href":"https:\/\/rad-pal.com.pl\/en\/wp-json\/wp\/v2\/product\/37588","targetHints":{"allow":["GET"]}}],"collection":[{"href":"https:\/\/rad-pal.com.pl\/en\/wp-json\/wp\/v2\/product"}],"about":[{"href":"https:\/\/rad-pal.com.pl\/en\/wp-json\/wp\/v2\/types\/product"}],"version-history":[{"count":0,"href":"https:\/\/rad-pal.com.pl\/en\/wp-json\/wp\/v2\/product\/37588\/revisions"}],"wp:featuredmedia":[{"embeddable":true,"href":"https:\/\/rad-pal.com.pl\/en\/wp-json\/wp\/v2\/media\/37583"}],"wp:attachment":[{"href":"https:\/\/rad-pal.com.pl\/en\/wp-json\/wp\/v2\/media?parent=37588"}],"wp:term":[{"taxonomy":"product_brand","embeddable":true,"href":"https:\/\/rad-pal.com.pl\/en\/wp-json\/wp\/v2\/product_brand?post=37588"},{"taxonomy":"product_cat","embeddable":true,"href":"https:\/\/rad-pal.com.pl\/en\/wp-json\/wp\/v2\/product_cat?post=37588"},{"taxonomy":"product_tag","embeddable":true,"href":"https:\/\/rad-pal.com.pl\/en\/wp-json\/wp\/v2\/product_tag?post=37588"}],"curies":[{"name":"wp","href":"https:\/\/api.w.org\/{rel}","templated":true}]}}